{"id":11619,"date":"2024-09-18T13:45:34","date_gmt":"2024-09-18T13:45:34","guid":{"rendered":"https:\/\/preprod.cosmetics-ebene.com?p=11619"},"modified":"2024-09-18T13:45:35","modified_gmt":"2024-09-18T13:45:35","slug":"our-brands-en","status":"publish","type":"page","link":"https:\/\/www.cosmetics-ebene.com\/en\/our-brands-en\/","title":{"rendered":"our brands"},"content":{"rendered":"<ul class=\"row list\">\n<li class=\"ajax_block_product col-xs-12\">\n<div class=\"product-container\">\n<div class=\"left-block col-sm-12 col-md-6\">\n<div class=\"product-image-container\"><a target=\"_blank\" href=\"http:\/\/www.cosmetics-ebene.com\/index.php?id_category=5&amp;controller=category&amp;id_lang=2\"><img fetchpriority=\"high\" decoding=\"async\" src=\"https:\/\/www.cosmetics-ebene.com\/wp-content\/uploads\/content\/logo_DH7.png\" alt=\"DH7\" height=\"330\" width=\"491\" \/><\/a><\/div>\n<\/div>\n<div class=\"right-block col-sm-12 col-md-6\">\n<div class=\"right-block-content\">\n<h5>DH7<\/h5>\n<p class=\"product-desc\">The DH7 brand was born more than ten years ago to respond to the lack of quality products dedicated to black, matte and mixed skin. The goal of this brand is to offer high quality products at affordable prices so that anyone who wants to take care of their skin can do so. Babies are not left out since a complete range is dedicated to them. By taking care of the baby&#8217;s skin now you are doing him a great service for the future.<\/p>\n<p><a href=\"http:\/\/www.cosmetics-ebene.com\/index.php?id_category=5&amp;controller=category&amp;id_lang=2\">See Product Catalog of the Cosmetic Line &#8220;DH7&#8221;<\/a><\/div>\n<\/div>\n<\/div>\n<\/li>\n<p><!--\n--><\/p>\n<li class=\"ajax_block_product col-xs-12\">\n<div class=\"product-container\">\n<div class=\"left-block col-sm-12 col-md-6\">\n<div class=\"product-image-container\"><a target=\"_blank\" href=\"https:\/\/www.cosmetics-ebene.com\/index.php?id_category=68&amp;controller=category&amp;id_lang=1\"><img decoding=\"async\" src=\"https:\/\/www.cosmetics-ebene.com\/wp-content\/uploads\/content\/Capture_d%E2%80%99%C3%A9cran_2020-09-14_%C3%A0_17-21-45.png\" width=\"498\" height=\"230\" alt=\"Capture d\u2019\u00e9cran 2020-09-14 \u00e0 17-17-4\" \/><\/a><\/div>\n<\/div>\n<div class=\"right-block col-sm-12 col-md-6\">\n<div class=\"right-block-content\">\n<h5>Eva Grace<\/h5>\n<p class=\"product-desc\">The Eva Grace range offers you a wide range of hair products for curly, frizzy and frizzy hair. Eva Grace products respond to the various problems of damaged and brittle hair.<\/p>\n<p><a href=\"https:\/\/www.cosmetics-ebene.com\/index.php?id_category=68&amp;controller=category&amp;id_lang=2\">See Product Catalog of the Cosmetic Line &#8220;Eva Grace&#8221;<\/a><\/div>\n<\/div>\n<\/div>\n<\/li>\n<p><!--\n--><\/p>\n<li class=\"ajax_block_product col-xs-12\">\n<div class=\"product-container\">\n<div class=\"left-block col-sm-12 col-md-6\">\n<div class=\"product-image-container\"><a target=\"_blank\" href=\"http:\/\/www.cosmetics-ebene.com\/index.php?id_category=67&amp;controller=category&amp;id_lang=1\"><img decoding=\"async\" src=\"https:\/\/www.cosmetics-ebene.com\/wp-content\/uploads\/content\/logo_CBL.png\" alt=\"CBL\" height=\"330\" width=\"491\" \/><\/a><\/div>\n<\/div>\n<div class=\"right-block col-sm-12 col-md-6\">\n<div class=\"right-block-content\">\n<h5>CBL<\/h5>\n<p class=\"product-desc\">CBL products have been known to highlight black and mixed skin for over 40 years. The research and the quality of the products make CBL a must in the hearths as well for the hydration as for the lightening of the ethnic skins. CBL is a brand of beauty product for the whole family, young and old. The quality of CBL products has been passed down from mother to daughter for generations because the CBL range meets the different needs of family members.<\/p>\n<p><a href=\"http:\/\/www.cosmetics-ebene.com\/index.php?id_category=67&amp;controller=category&amp;id_lang=2\">See Product Catalog of the Cosmetic Line &#8220;CBL&#8221;<\/a><\/div>\n<\/div>\n<\/div>\n<\/li>\n<p><!--\n\n--><\/p>\n<li class=\"ajax_block_product col-xs-12\">\n<div class=\"product-container\">\n<div class=\"left-block col-sm-12 col-md-6\">\n<div class=\"product-image-container\"><a target=\"_blank\" href=\"http:\/\/www.cosmetics-ebene.com\/index.php?id_category=13&amp;controller=category&amp;id_lang=2\"><img decoding=\"async\" src=\"https:\/\/www.cosmetics-ebene.com\/wp-content\/uploads\/content\/logo_Beldam.png\" alt=\"BelDam\" \/><\/a><\/div>\n<\/div>\n<div class=\"right-block col-sm-12 col-md-6\">\n<div class=\"right-block-content\">\n<h5>BelDam<\/h5>\n<p class=\"product-desc\">BelDam products, known to all, have been showcasing black and mixed skin for more than 35 years. The quality of Made in Switzerland and what has made BelDam a must in the homes for both hydration and lightening. Although years separate a young child from a grandmother, the constant home remains and will remain the impeccable quality of BelDam products that generations have been able to transmit to meet the different needs of family members.<\/p>\n<p><a href=\"http:\/\/www.cosmetics-ebene.com\/index.php?id_category=13&amp;controller=category&amp;id_lang=2\">See Product Catalog of the Cosmetic Line &#8220;BelDam&#8221;<\/a><\/div>\n<\/div>\n<\/div>\n<\/li>\n<p><!--\n\n--><\/p>\n<li class=\"ajax_block_product col-xs-12\">\n<div class=\"product-container\">\n<div class=\"left-block col-sm-12 col-md-6\">\n<div class=\"product-image-container\"><a target=\"_blank\" href=\"http:\/\/www.cosmetics-ebene.com\/index.php?id_category=10&amp;controller=category&amp;id_lang=2\"><img loading=\"lazy\" decoding=\"async\" src=\"https:\/\/www.cosmetics-ebene.com\/wp-content\/uploads\/content\/logo_DermoEvolution.png\" alt=\"DermoEvolution\" height=\"330\" width=\"491\" \/><\/a><\/div>\n<\/div>\n<div class=\"right-block col-sm-12 col-md-6\">\n<div class=\"right-block-content\">\n<h5>Dermo Evolution<\/h5>\n<p class=\"product-desc\">DermoEvolution offers a wide range of cosmetics dedicated to Afro-Caribbean women but also to the whole family. DermoEvolution is a complete range offering hygiene products, moisturizing milks, but also targeted facial treatments for all skin tones. In order to be a complete brand DermoEvolution also offers hair products to remedy the difficulties that can meet our hair over the years.<\/p>\n<p><a href=\"http:\/\/www.cosmetics-ebene.com\/index.php?id_category=10&amp;controller=category&amp;id_lang=2\">See Product Catalog of the Cosmetic Line &#8220;DermoEvolution&#8221;<\/a><\/div>\n<\/div>\n<\/div>\n<\/li>\n<p><!--\n\n--><\/p>\n<li class=\"ajax_block_product col-xs-12\">\n<div class=\"product-container\">\n<div class=\"left-block col-sm-12 col-md-6\">\n<div class=\"product-image-container\"><a target=\"_blank\" href=\"http:\/\/www.cosmetics-ebene.com\/index.php?id_category=11&amp;controller=category&amp;id_lang=2\"><img loading=\"lazy\" decoding=\"async\" src=\"https:\/\/www.cosmetics-ebene.com\/wp-content\/uploads\/content\/logo_Audran.png\" alt=\"Audran\" height=\"330\" width=\"491\" \/><\/a><\/div>\n<\/div>\n<div class=\"right-block col-sm-12 col-md-6\">\n<div class=\"right-block-content\">\n<h5>Audran<\/h5>\n<p class=\"product-desc\">The brand Audran offers moisturizing and clarifying beauty products for each type of ethnic complexion. The Audran brand offers a range of products of great wealth suitable for a multi-ethnic clientele (Asian, Caucasian, black, mixed race). Audran has managed over the years to use its knowledge to provide all types of skin with the right products.<\/p>\n<p><a href=\"http:\/\/www.cosmetics-ebene.com\/index.php?id_category=11&amp;controller=category&amp;id_lang=2\">See Product Catalog of the Cosmetic Line &#8220;Audran&#8221;<\/a><\/div>\n<\/div>\n<\/div>\n<\/li>\n<p><!--\n\n--><\/p>\n<li class=\"ajax_block_product col-xs-12\">\n<div class=\"product-container\">\n<div class=\"left-block col-sm-12 col-md-6\">\n<div class=\"product-image-container\"><a target=\"_blank\" href=\"http:\/\/www.cosmetics-ebene.com\/index.php?id_category=8&amp;controller=category&amp;id_lang=2\"><img loading=\"lazy\" decoding=\"async\" src=\"https:\/\/www.cosmetics-ebene.com\/wp-content\/uploads\/content\/logo_EnviA2.png\" alt=\"EnviA2\" height=\"330\" width=\"491\" \/><\/a><\/div>\n<\/div>\n<div class=\"right-block col-sm-12 col-md-6\">\n<div class=\"right-block-content\">\n<h5>EnviA2<\/h5>\n<p class=\"product-desc\">EnviA2 is for M\u00e9tis and Black women and men looking for quality products at an affordable price. The EnviA2 brand distinguishes itself by offering specific treatments studied for dry, fragile and problematic skin (spots, pimples, ect). EnviA2 products manufactured in France are the daily best weapon to give your skin what it needs.<\/p>\n<p><a href=\"http:\/\/www.cosmetics-ebene.com\/index.php?id_category=8&amp;controller=category&amp;id_lang=2\">See Product Catalog of the Cosmetic Line &#8220;EnviA2&#8221;<\/a><\/div>\n<\/div>\n<\/div>\n<\/li>\n<p><!--\n\n--><\/p>\n<li class=\"ajax_block_product col-xs-12\">\n<div class=\"product-container\">\n<div class=\"left-block col-sm-12 col-md-6\">\n<div class=\"product-image-container\"><a target=\"_blank\" href=\"http:\/\/www.cosmetics-ebene.com\/index.php?id_category=9&amp;controller=category&amp;id_lang=2\"><img loading=\"lazy\" decoding=\"async\" src=\"https:\/\/www.cosmetics-ebene.com\/wp-content\/uploads\/content\/logo_Ornika_1.png\" alt=\"Ornika\" height=\"330\" width=\"491\" \/><\/a><\/div>\n<\/div>\n<div class=\"right-block col-sm-12 col-md-6\">\n<div class=\"right-block-content\">\n<h5>Ornika<\/h5>\n<p class=\"product-desc\">The Ornika product line meets the needs for hydration, lightening and repair of matte, black and black skin types. With quality ingredients and a 100% French production Ornika offers a full range of facial and body treatments.<\/p>\n<p><a href=\"http:\/\/www.cosmetics-ebene.com\/index.php?id_category=9&amp;controller=category&amp;id_lang=2\">See Product Catalog of the Cosmetic Line &#8220;Ornika&#8221;<\/a><\/div>\n<\/div>\n<\/div>\n<\/li>\n<p><!--\n\n--><\/p>\n<li class=\"ajax_block_product col-xs-12\">\n<div class=\"product-container\">\n<div class=\"left-block col-sm-12 col-md-6\">\n<div class=\"product-image-container\"><a target=\"_blank\" href=\"http:\/\/www.cosmetics-ebene.com\/index.php?id_category=26&amp;controller=category&amp;id_lang=2\"><img loading=\"lazy\" decoding=\"async\" src=\"https:\/\/www.cosmetics-ebene.com\/wp-content\/uploads\/content\/logo_Provate.png\" alt=\"Provate\" height=\"330\" width=\"491\" \/><\/a><\/div>\n<\/div>\n<div class=\"right-block col-sm-12 col-md-6\">\n<div class=\"right-block-content\">\n<h5>Provate<\/h5>\n<p class=\"product-desc\">The Provate range of products is one of the few brands to provide an answer to the problems of stains and impections of ethnic skin. Provate products are specially developed to provide a simple and effective answer to the problems faced by ethnic skins.<\/p>\n<p><a href=\"http:\/\/www.cosmetics-ebene.com\/index.php?id_category=26&amp;controller=category&amp;id_lang=2\">See Product Catalog of the Cosmetic Line &#8220;Provate&#8221;<\/a><\/div>\n<\/div>\n<\/div>\n<\/li>\n<p><!--\n\n--><\/p>\n<li class=\"ajax_block_product col-xs-12\">\n<div class=\"product-container\">\n<div class=\"left-block col-sm-12 col-md-6\">\n<div class=\"product-image-container\"><a target=\"_blank\" href=\"http:\/\/www.cosmetics-ebene.com\/index.php?id_category=12&amp;controller=category&amp;id_lang=2\"><img loading=\"lazy\" decoding=\"async\" src=\"https:\/\/www.cosmetics-ebene.com\/wp-content\/uploads\/content\/logo_Uniclair.png\" alt=\"UniClair\" height=\"330\" width=\"491\" \/><\/a><\/div>\n<\/div>\n<div class=\"right-block col-sm-12 col-md-6\">\n<div class=\"right-block-content\">\n<h5>UniClair<\/h5>\n<p class=\"product-desc\">After years on the market UniClair has a new look and comes back with products more adapted to black and mixed skin, which face very specific problems. Dry skin and hyperpigmentation should no longer be the everyday of these skins as UniClair has managed to develop products to address these problems.<\/p>\n<p><a href=\"http:\/\/www.cosmetics-ebene.com\/index.php?id_category=12&amp;controller=category&amp;id_lang=2\">See Product Catalog of the Cosmetic Line &#8220;UniClair&#8221;<\/a><\/div>\n<\/div>\n<\/div>\n<\/li>\n<p><!--\n\n--><\/p>\n<li class=\"ajax_block_product col-xs-12\">\n<div class=\"product-container\">\n<div class=\"left-block col-sm-12 col-md-6\">\n<div class=\"product-image-container\"><a target=\"_blank\" href=\"http:\/\/www.cosmetics-ebene.com\/index.php?id_category=25&amp;controller=category&amp;id_lang=2\"><img loading=\"lazy\" decoding=\"async\" src=\"https:\/\/www.cosmetics-ebene.com\/wp-content\/uploads\/content\/logo_Iris.png\" alt=\"BelDam\" height=\"330\" width=\"491\" \/><\/a><\/div>\n<\/div>\n<div class=\"right-block col-sm-12 col-md-6\">\n<div class=\"right-block-content\">\n<h5>Iris<\/h5>\n<p class=\"product-desc\">A Swiss brand that has developed high quality products for all skin types and needs. So a person looking for hydrating care will find happiness thanks to Iris as well as a person looking for a lightening or anti-aging care. Iris has managed to focus the development of products that can make everyone happy.<\/p>\n<p><a href=\"http:\/\/www.cosmetics-ebene.com\/index.php?id_category=25&amp;controller=category&amp;id_lang=2\">See Product Catalog of the Cosmetic Line &#8220;Iris&#8221;<\/a><\/div>\n<\/div>\n<\/div>\n<\/li>\n<p><!--\n\n\n\n\n<li class=\"ajax_block_product col-xs-12\">\n\n\n<div class=\"product-container\">\n\n\n<div class=\"left-block col-sm-12 col-md-6\">\n\n\n<div class=\"product-image-container\"><img loading=\"lazy\" decoding=\"async\" src=\"https:\/\/www.cosmetics-ebene.com\/wp-content\/uploads\/content\/logo_FirstLady.png\" alt=\"FirstLady\" height=\"330\" width=\"491\" \/><\/div>\n\n\n<\/div>\n\n\n\n\n<div class=\"right-block col-sm-12 col-md-6\">\n\n\n<div class=\"right-block-content\">\n\n\n<h5>FirstLady<\/h5>\n\n\n\n\n<p class=\"product-desc\">The FirstLady product line is one of the rare brands to provide answers to the problems of stains and impections of ethnic skin. FirtsLady products are specially developed for the regulation of pigmentation and the uniformity of your complexion.<\/p>\n\n\n<a href=\"http:\/\/www.cosmetics-ebene.com\/index.php?id_category=31&controller=category&id_lang=2\">See Product Catalog of the Cosmetic Line \"FirstLady\"<\/a><\/div>\n\n\n<\/div>\n\n\n<\/div>\n\n\n<\/li>\n\n--> <!--\n\n\n\n\n<li class=\"ajax_block_product col-xs-12\">\n\n\n<div class=\"product-container\">\n\n\n<div class=\"left-block col-sm-12 col-md-6\">\n\n\n<div class=\"product-image-container\"><img loading=\"lazy\" decoding=\"async\" src=\"https:\/\/www.cosmetics-ebene.com\/wp-content\/uploads\/content\/logo_Roxanna.png\" alt=\"Roxanna\" height=\"330\" width=\"491\" \/><\/div>\n\n\n<\/div>\n\n\n\n\n<div class=\"right-block col-sm-12 col-md-6\">\n\n\n<div class=\"right-block-content\">\n\n\n<h5>Roxanna<\/h5>\n\n\n\n\n<p class=\"product-desc\">Donec venenatis interdum mi ac facilisis. Mauris a diam non mauris convallis tincidunt convallis et erat. Nunc purus libero, rhoncus et velit at, vehicula scelerisque neque. Nulla tristique cursus aliquam. Quisque quis lorem mi. Sed purus erat, malesuada eu nunc eu, semper viverra turpis. Phasellus ac rhoncus leo. Sed vel risus et nunc varius ultricies quis et odio. Fusce interdum justo et mauris consequat rutrum.<\/p>\n\n\n<a href=\"http:\/\/www.cosmetics-ebene.com\/index.php?id_category=32&controller=category&id_lang=2\">See Product Catalog of the Cosmetic Line \"Roxanna\"<\/a><\/div>\n\n\n<\/div>\n\n\n<\/div>\n\n\n<\/li>\n\n--><\/ul>\n","protected":false},"excerpt":{"rendered":"<p>DH7 The DH7 brand was born more than ten years ago to respond to the lack of quality products dedicated to black, matte and mixed skin. The goal of this brand is to offer high quality products at affordable prices so that anyone who wants to take care of their skin can do so. Babies &hellip; <a href=\"https:\/\/www.cosmetics-ebene.com\/en\/our-brands-en\/\" class=\"more-link\">Continue reading <span class=\"screen-reader-text\">our brands<\/span><\/a><\/p>\n","protected":false},"author":1,"featured_media":0,"parent":0,"menu_order":0,"comment_status":"open","ping_status":"closed","template":"","meta":{"footnotes":""},"class_list":["post-11619","page","type-page","status-publish","hentry"],"yoast_head":"<!-- This site is optimized with the Yoast SEO plugin v27.3 - https:\/\/yoast.com\/product\/yoast-seo-wordpress\/ -->\n<title>our brands - Sessi<\/title>\n<meta name=\"robots\" content=\"index, follow, max-snippet:-1, max-image-preview:large, max-video-preview:-1\" \/>\n<link rel=\"canonical\" href=\"https:\/\/www.cosmetics-ebene.com\/en\/our-brands-en\/\" \/>\n<meta property=\"og:locale\" content=\"en_US\" \/>\n<meta property=\"og:type\" content=\"article\" \/>\n<meta property=\"og:title\" content=\"our brands - Sessi\" \/>\n<meta property=\"og:description\" content=\"DH7 The DH7 brand was born more than ten years ago to respond to the lack of quality products dedicated to black, matte and mixed skin. The goal of this brand is to offer high quality products at affordable prices so that anyone who wants to take care of their skin can do so. Babies &hellip; Continue reading our brands\" \/>\n<meta property=\"og:url\" content=\"https:\/\/www.cosmetics-ebene.com\/en\/our-brands-en\/\" \/>\n<meta property=\"og:site_name\" content=\"Sessi\" \/>\n<meta property=\"article:modified_time\" content=\"2024-09-18T13:45:35+00:00\" \/>\n<meta property=\"og:image\" content=\"https:\/\/www.cosmetics-ebene.com\/wp-content\/uploads\/content\/logo_DH7.png\" \/>\n<meta name=\"twitter:card\" content=\"summary_large_image\" \/>\n<meta name=\"twitter:label1\" content=\"Est. reading time\" \/>\n\t<meta name=\"twitter:data1\" content=\"4 minutes\" \/>\n<script type=\"application\/ld+json\" class=\"yoast-schema-graph\">{\"@context\":\"https:\\\/\\\/schema.org\",\"@graph\":[{\"@type\":\"WebPage\",\"@id\":\"https:\\\/\\\/www.cosmetics-ebene.com\\\/en\\\/our-brands-en\\\/\",\"url\":\"https:\\\/\\\/www.cosmetics-ebene.com\\\/en\\\/our-brands-en\\\/\",\"name\":\"our brands - Sessi\",\"isPartOf\":{\"@id\":\"https:\\\/\\\/www.cosmetics-ebene.com\\\/en\\\/#website\"},\"primaryImageOfPage\":{\"@id\":\"https:\\\/\\\/www.cosmetics-ebene.com\\\/en\\\/our-brands-en\\\/#primaryimage\"},\"image\":{\"@id\":\"https:\\\/\\\/www.cosmetics-ebene.com\\\/en\\\/our-brands-en\\\/#primaryimage\"},\"thumbnailUrl\":\"https:\\\/\\\/www.cosmetics-ebene.com\\\/wp-content\\\/uploads\\\/content\\\/logo_DH7.png\",\"datePublished\":\"2024-09-18T13:45:34+00:00\",\"dateModified\":\"2024-09-18T13:45:35+00:00\",\"breadcrumb\":{\"@id\":\"https:\\\/\\\/www.cosmetics-ebene.com\\\/en\\\/our-brands-en\\\/#breadcrumb\"},\"inLanguage\":\"en-US\",\"potentialAction\":[{\"@type\":\"ReadAction\",\"target\":[\"https:\\\/\\\/www.cosmetics-ebene.com\\\/en\\\/our-brands-en\\\/\"]}]},{\"@type\":\"ImageObject\",\"inLanguage\":\"en-US\",\"@id\":\"https:\\\/\\\/www.cosmetics-ebene.com\\\/en\\\/our-brands-en\\\/#primaryimage\",\"url\":\"https:\\\/\\\/www.cosmetics-ebene.com\\\/wp-content\\\/uploads\\\/content\\\/logo_DH7.png\",\"contentUrl\":\"https:\\\/\\\/www.cosmetics-ebene.com\\\/wp-content\\\/uploads\\\/content\\\/logo_DH7.png\"},{\"@type\":\"BreadcrumbList\",\"@id\":\"https:\\\/\\\/www.cosmetics-ebene.com\\\/en\\\/our-brands-en\\\/#breadcrumb\",\"itemListElement\":[{\"@type\":\"ListItem\",\"position\":1,\"name\":\"Home\",\"item\":\"https:\\\/\\\/www.cosmetics-ebene.com\\\/en\\\/\"},{\"@type\":\"ListItem\",\"position\":2,\"name\":\"our brands\"}]},{\"@type\":\"WebSite\",\"@id\":\"https:\\\/\\\/www.cosmetics-ebene.com\\\/en\\\/#website\",\"url\":\"https:\\\/\\\/www.cosmetics-ebene.com\\\/en\\\/\",\"name\":\"Sessi\",\"description\":\"Produits de beaut\u00e9 pour peau noires et m\u00e9tiss\u00e9\",\"publisher\":{\"@id\":\"https:\\\/\\\/www.cosmetics-ebene.com\\\/en\\\/#organization\"},\"potentialAction\":[{\"@type\":\"SearchAction\",\"target\":{\"@type\":\"EntryPoint\",\"urlTemplate\":\"https:\\\/\\\/www.cosmetics-ebene.com\\\/en\\\/?s={search_term_string}\"},\"query-input\":{\"@type\":\"PropertyValueSpecification\",\"valueRequired\":true,\"valueName\":\"search_term_string\"}}],\"inLanguage\":\"en-US\"},{\"@type\":\"Organization\",\"@id\":\"https:\\\/\\\/www.cosmetics-ebene.com\\\/en\\\/#organization\",\"name\":\"Sessi\",\"url\":\"https:\\\/\\\/www.cosmetics-ebene.com\\\/en\\\/\",\"logo\":{\"@type\":\"ImageObject\",\"inLanguage\":\"en-US\",\"@id\":\"https:\\\/\\\/www.cosmetics-ebene.com\\\/en\\\/#\\\/schema\\\/logo\\\/image\\\/\",\"url\":\"https:\\\/\\\/www.cosmetics-ebene.com\\\/wp-content\\\/uploads\\\/2024\\\/09\\\/cosmetics-ebene-logo-1-e1727351533275.png\",\"contentUrl\":\"https:\\\/\\\/www.cosmetics-ebene.com\\\/wp-content\\\/uploads\\\/2024\\\/09\\\/cosmetics-ebene-logo-1-e1727351533275.png\",\"width\":350,\"height\":69,\"caption\":\"Sessi\"},\"image\":{\"@id\":\"https:\\\/\\\/www.cosmetics-ebene.com\\\/en\\\/#\\\/schema\\\/logo\\\/image\\\/\"}}]}<\/script>\n<!-- \/ Yoast SEO plugin. -->","yoast_head_json":{"title":"our brands - Sessi","robots":{"index":"index","follow":"follow","max-snippet":"max-snippet:-1","max-image-preview":"max-image-preview:large","max-video-preview":"max-video-preview:-1"},"canonical":"https:\/\/www.cosmetics-ebene.com\/en\/our-brands-en\/","og_locale":"en_US","og_type":"article","og_title":"our brands - Sessi","og_description":"DH7 The DH7 brand was born more than ten years ago to respond to the lack of quality products dedicated to black, matte and mixed skin. The goal of this brand is to offer high quality products at affordable prices so that anyone who wants to take care of their skin can do so. Babies &hellip; Continue reading our brands","og_url":"https:\/\/www.cosmetics-ebene.com\/en\/our-brands-en\/","og_site_name":"Sessi","article_modified_time":"2024-09-18T13:45:35+00:00","og_image":[{"url":"https:\/\/www.cosmetics-ebene.com\/wp-content\/uploads\/content\/logo_DH7.png","type":"","width":"","height":""}],"twitter_card":"summary_large_image","twitter_misc":{"Est. reading time":"4 minutes"},"schema":{"@context":"https:\/\/schema.org","@graph":[{"@type":"WebPage","@id":"https:\/\/www.cosmetics-ebene.com\/en\/our-brands-en\/","url":"https:\/\/www.cosmetics-ebene.com\/en\/our-brands-en\/","name":"our brands - Sessi","isPartOf":{"@id":"https:\/\/www.cosmetics-ebene.com\/en\/#website"},"primaryImageOfPage":{"@id":"https:\/\/www.cosmetics-ebene.com\/en\/our-brands-en\/#primaryimage"},"image":{"@id":"https:\/\/www.cosmetics-ebene.com\/en\/our-brands-en\/#primaryimage"},"thumbnailUrl":"https:\/\/www.cosmetics-ebene.com\/wp-content\/uploads\/content\/logo_DH7.png","datePublished":"2024-09-18T13:45:34+00:00","dateModified":"2024-09-18T13:45:35+00:00","breadcrumb":{"@id":"https:\/\/www.cosmetics-ebene.com\/en\/our-brands-en\/#breadcrumb"},"inLanguage":"en-US","potentialAction":[{"@type":"ReadAction","target":["https:\/\/www.cosmetics-ebene.com\/en\/our-brands-en\/"]}]},{"@type":"ImageObject","inLanguage":"en-US","@id":"https:\/\/www.cosmetics-ebene.com\/en\/our-brands-en\/#primaryimage","url":"https:\/\/www.cosmetics-ebene.com\/wp-content\/uploads\/content\/logo_DH7.png","contentUrl":"https:\/\/www.cosmetics-ebene.com\/wp-content\/uploads\/content\/logo_DH7.png"},{"@type":"BreadcrumbList","@id":"https:\/\/www.cosmetics-ebene.com\/en\/our-brands-en\/#breadcrumb","itemListElement":[{"@type":"ListItem","position":1,"name":"Home","item":"https:\/\/www.cosmetics-ebene.com\/en\/"},{"@type":"ListItem","position":2,"name":"our brands"}]},{"@type":"WebSite","@id":"https:\/\/www.cosmetics-ebene.com\/en\/#website","url":"https:\/\/www.cosmetics-ebene.com\/en\/","name":"Sessi","description":"Produits de beaut\u00e9 pour peau noires et m\u00e9tiss\u00e9","publisher":{"@id":"https:\/\/www.cosmetics-ebene.com\/en\/#organization"},"potentialAction":[{"@type":"SearchAction","target":{"@type":"EntryPoint","urlTemplate":"https:\/\/www.cosmetics-ebene.com\/en\/?s={search_term_string}"},"query-input":{"@type":"PropertyValueSpecification","valueRequired":true,"valueName":"search_term_string"}}],"inLanguage":"en-US"},{"@type":"Organization","@id":"https:\/\/www.cosmetics-ebene.com\/en\/#organization","name":"Sessi","url":"https:\/\/www.cosmetics-ebene.com\/en\/","logo":{"@type":"ImageObject","inLanguage":"en-US","@id":"https:\/\/www.cosmetics-ebene.com\/en\/#\/schema\/logo\/image\/","url":"https:\/\/www.cosmetics-ebene.com\/wp-content\/uploads\/2024\/09\/cosmetics-ebene-logo-1-e1727351533275.png","contentUrl":"https:\/\/www.cosmetics-ebene.com\/wp-content\/uploads\/2024\/09\/cosmetics-ebene-logo-1-e1727351533275.png","width":350,"height":69,"caption":"Sessi"},"image":{"@id":"https:\/\/www.cosmetics-ebene.com\/en\/#\/schema\/logo\/image\/"}}]}},"_links":{"self":[{"href":"https:\/\/www.cosmetics-ebene.com\/en\/wp-json\/wp\/v2\/pages\/11619","targetHints":{"allow":["GET"]}}],"collection":[{"href":"https:\/\/www.cosmetics-ebene.com\/en\/wp-json\/wp\/v2\/pages"}],"about":[{"href":"https:\/\/www.cosmetics-ebene.com\/en\/wp-json\/wp\/v2\/types\/page"}],"author":[{"embeddable":true,"href":"https:\/\/www.cosmetics-ebene.com\/en\/wp-json\/wp\/v2\/users\/1"}],"replies":[{"embeddable":true,"href":"https:\/\/www.cosmetics-ebene.com\/en\/wp-json\/wp\/v2\/comments?post=11619"}],"version-history":[{"count":1,"href":"https:\/\/www.cosmetics-ebene.com\/en\/wp-json\/wp\/v2\/pages\/11619\/revisions"}],"predecessor-version":[{"id":11620,"href":"https:\/\/www.cosmetics-ebene.com\/en\/wp-json\/wp\/v2\/pages\/11619\/revisions\/11620"}],"wp:attachment":[{"href":"https:\/\/www.cosmetics-ebene.com\/en\/wp-json\/wp\/v2\/media?parent=11619"}],"curies":[{"name":"wp","href":"https:\/\/api.w.org\/{rel}","templated":true}]}}