{"id":10004,"date":"2018-02-27T14:37:04","date_gmt":"2018-02-27T14:37:04","guid":{"rendered":"https:\/\/preprod.cosmetics-ebene.com\/?product=dermoevolution-lait-eclaircissant-a-l-huile-de-carotte"},"modified":"2020-08-10T16:11:25","modified_gmt":"2020-08-10T16:11:25","slug":"dermoevolution-lait-eclaircissant-a-l-huile-de-carotte","status":"publish","type":"product","link":"https:\/\/www.cosmetics-ebene.com\/en\/product\/dermoevolution-lait-eclaircissant-a-l-huile-de-carotte\/","title":{"rendered":"DermoEvolution Lightening Body Lotion with Carrot Oil 500ml"},"content":{"rendered":"<h2><img decoding=\"async\" src=\"https:\/\/www.cosmetics-ebene.com\/wp-content\/uploads\/content\/icon1.jpg\" alt=\"\" height=\"73\" width=\"69\" \/><span style=\"color:#f5a623;\">\u00c9labor\u00e9 et mis au point par des sp\u00e9cialistes en cosm\u00e9tologie.<\/span><\/h2>\n<p>Ce lait unique aura pour action d\u2019\u00e9claircir harmonieusement votre teint tout en hydratant* votre peau. Sa formule enrichie, d\u2019un complexe actif \u00e9claircissant et \u00e0 l\u2019huile de Carotte, est la solution parfaite pour rendre votre peau lumineuse et douce gr\u00e2ce \u00e0 sa formule l\u00e9g\u00e8re<\/p>\n<p>\u00a0<\/p>\n<h2><img decoding=\"async\" src=\"https:\/\/www.cosmetics-ebene.com\/wp-content\/uploads\/content\/icon2.jpg\" alt=\"\" height=\"73\" width=\"69\" \/><span style=\"color:#f5a623;\">Conseils d\u2019utilisations :<\/span><\/h2>\n<p>A appliquer une \u00e0 deux fois par jour sur le corps apr\u00e8s l&#8217;avoir pr\u00e9alablement lav\u00e9.\u00a0\u00c9viter le contact avec les yeux. En cas d\u2019irritation cessez l\u2019usage. Ne pas utiliser chez les enfants de moins de 12 ans. Usage externe uniquement<\/p>\n<h2><img decoding=\"async\" src=\"https:\/\/www.cosmetics-ebene.com\/wp-content\/uploads\/content\/icon3.jpg\" alt=\"\" height=\"73\" width=\"69\" \/><span style=\"color:#f5a623;\">Composition :<\/span><\/h2>\n<p><span>Aqua, Paraffinum Liquidum, Glycerine, Cetearyl Alcohol, Cetearyl Alcohol (and) Ceteh-20 Phosphate (and) Dicetyl Phosphate, Ceteareth-22 Phosphate, Lactic Acid, Simmondsia Chinensis oil, Imidazolidinyl Urea, Parfum, Methylparaben, Ethylparaben, Citronelol, Linalol, Lyral, Cinnamal<\/span><\/p>\n","protected":false},"excerpt":{"rendered":"<p>Cette \u00e9mulsion unique aura pour action d\u2019\u00e9claircir harmonieusement votre teint tout en hydratant* votre peau. Sa formule enrichie, d\u2019un complexe actif \u00e9claircissant et \u00e0 l\u2019huile de Carotte, est la solution parfaite pour rendre votre peau lumineuse et douce gr\u00e2ce \u00e0 sa formule l\u00e9g\u00e8re<\/p>\n","protected":false},"featured_media":19701,"comment_status":"open","ping_status":"closed","template":"","meta":[],"product_brand":[269],"product_cat":[346,302],"product_tag":[],"class_list":{"0":"post-10004","1":"product","2":"type-product","3":"status-publish","4":"has-post-thumbnail","6":"product_brand-dermoevolution","7":"product_cat-body-care-and-face-care","8":"product_cat-dermoevolution-en","9":"pa_une-marque-dermoevolution-en","12":"instock","13":"taxable","14":"shipping-taxable","15":"purchasable","16":"product-type-simple"},"yoast_head":"<!-- This site is optimized with the Yoast SEO plugin v27.3 - https:\/\/yoast.com\/product\/yoast-seo-wordpress\/ -->\n<title>DermoEvolution Lightening Body Lotion with Carrot Oil 500ml - Sessi<\/title>\n<meta name=\"robots\" content=\"index, follow, max-snippet:-1, max-image-preview:large, max-video-preview:-1\" \/>\n<link rel=\"canonical\" href=\"https:\/\/www.cosmetics-ebene.com\/en\/product\/dermoevolution-lait-eclaircissant-a-l-huile-de-carotte\/\" \/>\n<meta property=\"og:locale\" content=\"en_US\" \/>\n<meta property=\"og:type\" content=\"article\" \/>\n<meta property=\"og:title\" content=\"DermoEvolution Lightening Body Lotion with Carrot Oil 500ml - Sessi\" \/>\n<meta property=\"og:description\" content=\"Cette \u00e9mulsion unique aura pour action d\u2019\u00e9claircir harmonieusement votre teint tout en hydratant* votre peau. Sa formule enrichie, d\u2019un complexe actif \u00e9claircissant et \u00e0 l\u2019huile de Carotte, est la solution parfaite pour rendre votre peau lumineuse et douce gr\u00e2ce \u00e0 sa formule l\u00e9g\u00e8re\" \/>\n<meta property=\"og:url\" content=\"https:\/\/www.cosmetics-ebene.com\/en\/product\/dermoevolution-lait-eclaircissant-a-l-huile-de-carotte\/\" \/>\n<meta property=\"og:site_name\" content=\"Sessi\" \/>\n<meta property=\"article:modified_time\" content=\"2020-08-10T16:11:25+00:00\" \/>\n<meta property=\"og:image\" content=\"https:\/\/www.cosmetics-ebene.com\/wp-content\/uploads\/2018\/02\/Dermo-Lait-Carotte-Site.jpg\" \/>\n\t<meta property=\"og:image:width\" content=\"1080\" \/>\n\t<meta property=\"og:image:height\" content=\"1500\" \/>\n\t<meta property=\"og:image:type\" content=\"image\/jpeg\" \/>\n<meta name=\"twitter:card\" content=\"summary_large_image\" \/>\n<meta name=\"twitter:label1\" content=\"Est. reading time\" \/>\n\t<meta name=\"twitter:data1\" content=\"1 minute\" \/>\n<script type=\"application\/ld+json\" class=\"yoast-schema-graph\">{\"@context\":\"https:\\\/\\\/schema.org\",\"@graph\":[{\"@type\":\"WebPage\",\"@id\":\"https:\\\/\\\/www.cosmetics-ebene.com\\\/en\\\/product\\\/dermoevolution-lait-eclaircissant-a-l-huile-de-carotte\\\/\",\"url\":\"https:\\\/\\\/www.cosmetics-ebene.com\\\/en\\\/product\\\/dermoevolution-lait-eclaircissant-a-l-huile-de-carotte\\\/\",\"name\":\"DermoEvolution Lightening Body Lotion with Carrot Oil 500ml - Sessi\",\"isPartOf\":{\"@id\":\"https:\\\/\\\/www.cosmetics-ebene.com\\\/en\\\/#website\"},\"primaryImageOfPage\":{\"@id\":\"https:\\\/\\\/www.cosmetics-ebene.com\\\/en\\\/product\\\/dermoevolution-lait-eclaircissant-a-l-huile-de-carotte\\\/#primaryimage\"},\"image\":{\"@id\":\"https:\\\/\\\/www.cosmetics-ebene.com\\\/en\\\/product\\\/dermoevolution-lait-eclaircissant-a-l-huile-de-carotte\\\/#primaryimage\"},\"thumbnailUrl\":\"https:\\\/\\\/www.cosmetics-ebene.com\\\/wp-content\\\/uploads\\\/2018\\\/02\\\/Dermo-Lait-Carotte-Site.jpg\",\"datePublished\":\"2018-02-27T14:37:04+00:00\",\"dateModified\":\"2020-08-10T16:11:25+00:00\",\"breadcrumb\":{\"@id\":\"https:\\\/\\\/www.cosmetics-ebene.com\\\/en\\\/product\\\/dermoevolution-lait-eclaircissant-a-l-huile-de-carotte\\\/#breadcrumb\"},\"inLanguage\":\"en-US\",\"potentialAction\":[{\"@type\":\"ReadAction\",\"target\":[\"https:\\\/\\\/www.cosmetics-ebene.com\\\/en\\\/product\\\/dermoevolution-lait-eclaircissant-a-l-huile-de-carotte\\\/\"]}]},{\"@type\":\"ImageObject\",\"inLanguage\":\"en-US\",\"@id\":\"https:\\\/\\\/www.cosmetics-ebene.com\\\/en\\\/product\\\/dermoevolution-lait-eclaircissant-a-l-huile-de-carotte\\\/#primaryimage\",\"url\":\"https:\\\/\\\/www.cosmetics-ebene.com\\\/wp-content\\\/uploads\\\/2018\\\/02\\\/Dermo-Lait-Carotte-Site.jpg\",\"contentUrl\":\"https:\\\/\\\/www.cosmetics-ebene.com\\\/wp-content\\\/uploads\\\/2018\\\/02\\\/Dermo-Lait-Carotte-Site.jpg\",\"width\":1080,\"height\":1500},{\"@type\":\"BreadcrumbList\",\"@id\":\"https:\\\/\\\/www.cosmetics-ebene.com\\\/en\\\/product\\\/dermoevolution-lait-eclaircissant-a-l-huile-de-carotte\\\/#breadcrumb\",\"itemListElement\":[{\"@type\":\"ListItem\",\"position\":1,\"name\":\"Home\",\"item\":\"https:\\\/\\\/www.cosmetics-ebene.com\\\/en\\\/\"},{\"@type\":\"ListItem\",\"position\":2,\"name\":\"Shop\",\"item\":\"https:\\\/\\\/www.cosmetics-ebene.com\\\/shop\\\/\"},{\"@type\":\"ListItem\",\"position\":3,\"name\":\"DermoEvolution Lightening Body Lotion with Carrot Oil 500ml\"}]},{\"@type\":\"WebSite\",\"@id\":\"https:\\\/\\\/www.cosmetics-ebene.com\\\/en\\\/#website\",\"url\":\"https:\\\/\\\/www.cosmetics-ebene.com\\\/en\\\/\",\"name\":\"Sessi\",\"description\":\"Produits de beaut\u00e9 pour peau noires et m\u00e9tiss\u00e9\",\"publisher\":{\"@id\":\"https:\\\/\\\/www.cosmetics-ebene.com\\\/en\\\/#organization\"},\"potentialAction\":[{\"@type\":\"SearchAction\",\"target\":{\"@type\":\"EntryPoint\",\"urlTemplate\":\"https:\\\/\\\/www.cosmetics-ebene.com\\\/en\\\/?s={search_term_string}\"},\"query-input\":{\"@type\":\"PropertyValueSpecification\",\"valueRequired\":true,\"valueName\":\"search_term_string\"}}],\"inLanguage\":\"en-US\"},{\"@type\":\"Organization\",\"@id\":\"https:\\\/\\\/www.cosmetics-ebene.com\\\/en\\\/#organization\",\"name\":\"Sessi\",\"url\":\"https:\\\/\\\/www.cosmetics-ebene.com\\\/en\\\/\",\"logo\":{\"@type\":\"ImageObject\",\"inLanguage\":\"en-US\",\"@id\":\"https:\\\/\\\/www.cosmetics-ebene.com\\\/en\\\/#\\\/schema\\\/logo\\\/image\\\/\",\"url\":\"https:\\\/\\\/www.cosmetics-ebene.com\\\/wp-content\\\/uploads\\\/2024\\\/09\\\/cosmetics-ebene-logo-1-e1727351533275.png\",\"contentUrl\":\"https:\\\/\\\/www.cosmetics-ebene.com\\\/wp-content\\\/uploads\\\/2024\\\/09\\\/cosmetics-ebene-logo-1-e1727351533275.png\",\"width\":350,\"height\":69,\"caption\":\"Sessi\"},\"image\":{\"@id\":\"https:\\\/\\\/www.cosmetics-ebene.com\\\/en\\\/#\\\/schema\\\/logo\\\/image\\\/\"}}]}<\/script>\n<!-- \/ Yoast SEO plugin. -->","yoast_head_json":{"title":"DermoEvolution Lightening Body Lotion with Carrot Oil 500ml - Sessi","robots":{"index":"index","follow":"follow","max-snippet":"max-snippet:-1","max-image-preview":"max-image-preview:large","max-video-preview":"max-video-preview:-1"},"canonical":"https:\/\/www.cosmetics-ebene.com\/en\/product\/dermoevolution-lait-eclaircissant-a-l-huile-de-carotte\/","og_locale":"en_US","og_type":"article","og_title":"DermoEvolution Lightening Body Lotion with Carrot Oil 500ml - Sessi","og_description":"Cette \u00e9mulsion unique aura pour action d\u2019\u00e9claircir harmonieusement votre teint tout en hydratant* votre peau. Sa formule enrichie, d\u2019un complexe actif \u00e9claircissant et \u00e0 l\u2019huile de Carotte, est la solution parfaite pour rendre votre peau lumineuse et douce gr\u00e2ce \u00e0 sa formule l\u00e9g\u00e8re","og_url":"https:\/\/www.cosmetics-ebene.com\/en\/product\/dermoevolution-lait-eclaircissant-a-l-huile-de-carotte\/","og_site_name":"Sessi","article_modified_time":"2020-08-10T16:11:25+00:00","og_image":[{"width":1080,"height":1500,"url":"https:\/\/www.cosmetics-ebene.com\/wp-content\/uploads\/2018\/02\/Dermo-Lait-Carotte-Site.jpg","type":"image\/jpeg"}],"twitter_card":"summary_large_image","twitter_misc":{"Est. reading time":"1 minute"},"schema":{"@context":"https:\/\/schema.org","@graph":[{"@type":"WebPage","@id":"https:\/\/www.cosmetics-ebene.com\/en\/product\/dermoevolution-lait-eclaircissant-a-l-huile-de-carotte\/","url":"https:\/\/www.cosmetics-ebene.com\/en\/product\/dermoevolution-lait-eclaircissant-a-l-huile-de-carotte\/","name":"DermoEvolution Lightening Body Lotion with Carrot Oil 500ml - Sessi","isPartOf":{"@id":"https:\/\/www.cosmetics-ebene.com\/en\/#website"},"primaryImageOfPage":{"@id":"https:\/\/www.cosmetics-ebene.com\/en\/product\/dermoevolution-lait-eclaircissant-a-l-huile-de-carotte\/#primaryimage"},"image":{"@id":"https:\/\/www.cosmetics-ebene.com\/en\/product\/dermoevolution-lait-eclaircissant-a-l-huile-de-carotte\/#primaryimage"},"thumbnailUrl":"https:\/\/www.cosmetics-ebene.com\/wp-content\/uploads\/2018\/02\/Dermo-Lait-Carotte-Site.jpg","datePublished":"2018-02-27T14:37:04+00:00","dateModified":"2020-08-10T16:11:25+00:00","breadcrumb":{"@id":"https:\/\/www.cosmetics-ebene.com\/en\/product\/dermoevolution-lait-eclaircissant-a-l-huile-de-carotte\/#breadcrumb"},"inLanguage":"en-US","potentialAction":[{"@type":"ReadAction","target":["https:\/\/www.cosmetics-ebene.com\/en\/product\/dermoevolution-lait-eclaircissant-a-l-huile-de-carotte\/"]}]},{"@type":"ImageObject","inLanguage":"en-US","@id":"https:\/\/www.cosmetics-ebene.com\/en\/product\/dermoevolution-lait-eclaircissant-a-l-huile-de-carotte\/#primaryimage","url":"https:\/\/www.cosmetics-ebene.com\/wp-content\/uploads\/2018\/02\/Dermo-Lait-Carotte-Site.jpg","contentUrl":"https:\/\/www.cosmetics-ebene.com\/wp-content\/uploads\/2018\/02\/Dermo-Lait-Carotte-Site.jpg","width":1080,"height":1500},{"@type":"BreadcrumbList","@id":"https:\/\/www.cosmetics-ebene.com\/en\/product\/dermoevolution-lait-eclaircissant-a-l-huile-de-carotte\/#breadcrumb","itemListElement":[{"@type":"ListItem","position":1,"name":"Home","item":"https:\/\/www.cosmetics-ebene.com\/en\/"},{"@type":"ListItem","position":2,"name":"Shop","item":"https:\/\/www.cosmetics-ebene.com\/shop\/"},{"@type":"ListItem","position":3,"name":"DermoEvolution Lightening Body Lotion with Carrot Oil 500ml"}]},{"@type":"WebSite","@id":"https:\/\/www.cosmetics-ebene.com\/en\/#website","url":"https:\/\/www.cosmetics-ebene.com\/en\/","name":"Sessi","description":"Produits de beaut\u00e9 pour peau noires et m\u00e9tiss\u00e9","publisher":{"@id":"https:\/\/www.cosmetics-ebene.com\/en\/#organization"},"potentialAction":[{"@type":"SearchAction","target":{"@type":"EntryPoint","urlTemplate":"https:\/\/www.cosmetics-ebene.com\/en\/?s={search_term_string}"},"query-input":{"@type":"PropertyValueSpecification","valueRequired":true,"valueName":"search_term_string"}}],"inLanguage":"en-US"},{"@type":"Organization","@id":"https:\/\/www.cosmetics-ebene.com\/en\/#organization","name":"Sessi","url":"https:\/\/www.cosmetics-ebene.com\/en\/","logo":{"@type":"ImageObject","inLanguage":"en-US","@id":"https:\/\/www.cosmetics-ebene.com\/en\/#\/schema\/logo\/image\/","url":"https:\/\/www.cosmetics-ebene.com\/wp-content\/uploads\/2024\/09\/cosmetics-ebene-logo-1-e1727351533275.png","contentUrl":"https:\/\/www.cosmetics-ebene.com\/wp-content\/uploads\/2024\/09\/cosmetics-ebene-logo-1-e1727351533275.png","width":350,"height":69,"caption":"Sessi"},"image":{"@id":"https:\/\/www.cosmetics-ebene.com\/en\/#\/schema\/logo\/image\/"}}]}},"_links":{"self":[{"href":"https:\/\/www.cosmetics-ebene.com\/en\/wp-json\/wp\/v2\/product\/10004","targetHints":{"allow":["GET"]}}],"collection":[{"href":"https:\/\/www.cosmetics-ebene.com\/en\/wp-json\/wp\/v2\/product"}],"about":[{"href":"https:\/\/www.cosmetics-ebene.com\/en\/wp-json\/wp\/v2\/types\/product"}],"replies":[{"embeddable":true,"href":"https:\/\/www.cosmetics-ebene.com\/en\/wp-json\/wp\/v2\/comments?post=10004"}],"version-history":[{"count":0,"href":"https:\/\/www.cosmetics-ebene.com\/en\/wp-json\/wp\/v2\/product\/10004\/revisions"}],"wp:featuredmedia":[{"embeddable":true,"href":"https:\/\/www.cosmetics-ebene.com\/en\/wp-json\/wp\/v2\/media\/19701"}],"wp:attachment":[{"href":"https:\/\/www.cosmetics-ebene.com\/en\/wp-json\/wp\/v2\/media?parent=10004"}],"wp:term":[{"taxonomy":"product_brand","embeddable":true,"href":"https:\/\/www.cosmetics-ebene.com\/en\/wp-json\/wp\/v2\/product_brand?post=10004"},{"taxonomy":"product_cat","embeddable":true,"href":"https:\/\/www.cosmetics-ebene.com\/en\/wp-json\/wp\/v2\/product_cat?post=10004"},{"taxonomy":"product_tag","embeddable":true,"href":"https:\/\/www.cosmetics-ebene.com\/en\/wp-json\/wp\/v2\/product_tag?post=10004"}],"curies":[{"name":"wp","href":"https:\/\/api.w.org\/{rel}","templated":true}]}}