{"id":10106,"date":"2019-01-07T11:59:34","date_gmt":"2019-01-07T11:59:34","guid":{"rendered":"https:\/\/preprod.cosmetics-ebene.com\/?product=envi-a2-huile-pour-le-teint-clarifiante-carotte-125-ml"},"modified":"2025-05-25T02:46:44","modified_gmt":"2025-05-25T02:46:44","slug":"envi-a2-huile-pour-le-teint-clarifiante-carotte-125-ml","status":"publish","type":"product","link":"https:\/\/www.cosmetics-ebene.com\/en\/product\/envi-a2-huile-pour-le-teint-clarifiante-carotte-125-ml\/","title":{"rendered":"Envi A2 Clarifying Carrot Oil 125 ml"},"content":{"rendered":"<h2><img decoding=\"async\" src=\"https:\/\/www.cosmetics-ebene.com\/wp-content\/uploads\/content\/icon1.jpg\" alt=\"\" height=\"73\" width=\"69\" \/><span style=\"color:#f0af43;\"><strong>\u00c9labor\u00e9 et mis au point par des sp\u00e9cialistes en cosm\u00e9tologie.<\/strong><\/span><\/h2>\n<p>L\u2019action clarifiante vous garantit d\u2019avoir\u00a0\u00a0un teint lumineux et radieux. De plus cette huile est anti-t\u00e2che tout en le pr\u00e9servant des agressions ext\u00e9rieures.<\/p>\n<p>Cette huile ENVI-A2 vous offre un teint parfait gr\u00e2ce \u00e0 la pr\u00e9sence de l\u2019huile de carotte (DAUCUS CAROTAL) qui fixe votre teint.<\/p>\n<h2><img decoding=\"async\" src=\"https:\/\/www.cosmetics-ebene.com\/wp-content\/uploads\/content\/icon2.jpg\" alt=\"\" height=\"73\" width=\"69\" \/><strong><span style=\"color:#ebae49;\">Conseils d\u2019utilisations :<\/span><\/strong><\/h2>\n<p><span>A appliquer une ou deux fois par jour sur de petites surfaces ou m\u00e9langer directement dans votre lait. \u00c9viter le contact avec les yeux. En cas d\u2019irritation cessez l\u2019usage. Ne pas utiliser chez les enfants de moins de 12 ans. Usage externe uniquement<\/span><\/p>\n<h2><img decoding=\"async\" src=\"https:\/\/www.cosmetics-ebene.com\/wp-content\/uploads\/content\/icon3.jpg\" alt=\"\" height=\"73\" width=\"69\" \/><span style=\"color:#ebad45;\"><strong>Composition :<\/strong><\/span><\/h2>\n<p>HELIANTHUS ANNUUS (SUNFLOWER) SEED OIL, DAUCUS CAROTA SATIVA (CARROT) ROOT EXTRACT, CAPRYLICCAPRIC TRIGLYCERIDE, DIACETYL BOLDINE, PARFUM ( FRAGRANCE), TOCOPHERYL ACETATE, CI 47000, CI 26100<\/p>\n","protected":false},"excerpt":{"rendered":"<p>L\u2019action clarifiante vous garantit d\u2019avoir \u00a0un teint lumineux et radieux. De plus cette huile est anti-t\u00e2che tout en le pr\u00e9servant des agressions ext\u00e9rieures.<br \/>\nCette huile ENVI-A2 vous offre un teint parfait gr\u00e2ce \u00e0 la pr\u00e9sence de l\u2019huile de carotte (DAUCUS CAROTAL) qui fixe votre teint.<\/p>\n","protected":false},"featured_media":19953,"comment_status":"open","ping_status":"closed","template":"","meta":[],"product_brand":[275],"product_cat":[360,298,358,392,398],"product_tag":[],"class_list":{"0":"post-10106","1":"product","2":"type-product","3":"status-publish","4":"has-post-thumbnail","6":"product_brand-envia2","7":"product_cat-body-care","8":"product_cat-envia2-en","9":"product_cat-face-care","10":"product_cat-lait-eclaircissant-clarifiant","11":"product_cat-soins-du-visage-pour-homme","12":"pa_une-marque-envia2-en","13":"pa_une-solution-pour-visage-jai-la-peau-seche-en","16":"instock","17":"taxable","18":"shipping-taxable","19":"purchasable","20":"product-type-simple"},"yoast_head":"<!-- This site is optimized with the Yoast SEO plugin v27.3 - https:\/\/yoast.com\/product\/yoast-seo-wordpress\/ -->\n<title>Envi A2 Clarifying Carrot Oil 125 ml - Sessi<\/title>\n<meta name=\"robots\" content=\"index, follow, max-snippet:-1, max-image-preview:large, max-video-preview:-1\" \/>\n<link rel=\"canonical\" href=\"https:\/\/www.cosmetics-ebene.com\/en\/product\/envi-a2-huile-pour-le-teint-clarifiante-carotte-125-ml\/\" \/>\n<meta property=\"og:locale\" content=\"en_US\" \/>\n<meta property=\"og:type\" content=\"article\" \/>\n<meta property=\"og:title\" content=\"Envi A2 Clarifying Carrot Oil 125 ml - Sessi\" \/>\n<meta property=\"og:description\" content=\"L\u2019action clarifiante vous garantit d\u2019avoir \u00a0un teint lumineux et radieux. De plus cette huile est anti-t\u00e2che tout en le pr\u00e9servant des agressions ext\u00e9rieures. Cette huile ENVI-A2 vous offre un teint parfait gr\u00e2ce \u00e0 la pr\u00e9sence de l\u2019huile de carotte (DAUCUS CAROTAL) qui fixe votre teint.\" \/>\n<meta property=\"og:url\" content=\"https:\/\/www.cosmetics-ebene.com\/en\/product\/envi-a2-huile-pour-le-teint-clarifiante-carotte-125-ml\/\" \/>\n<meta property=\"og:site_name\" content=\"Sessi\" \/>\n<meta property=\"article:modified_time\" content=\"2025-05-25T02:46:44+00:00\" \/>\n<meta property=\"og:image\" content=\"https:\/\/www.cosmetics-ebene.com\/wp-content\/uploads\/2019\/01\/Design-sans-titre-41.png\" \/>\n\t<meta property=\"og:image:width\" content=\"1080\" \/>\n\t<meta property=\"og:image:height\" content=\"1500\" \/>\n\t<meta property=\"og:image:type\" content=\"image\/png\" \/>\n<meta name=\"twitter:card\" content=\"summary_large_image\" \/>\n<meta name=\"twitter:label1\" content=\"Est. reading time\" \/>\n\t<meta name=\"twitter:data1\" content=\"1 minute\" \/>\n<script type=\"application\/ld+json\" class=\"yoast-schema-graph\">{\"@context\":\"https:\\\/\\\/schema.org\",\"@graph\":[{\"@type\":\"WebPage\",\"@id\":\"https:\\\/\\\/www.cosmetics-ebene.com\\\/en\\\/product\\\/envi-a2-huile-pour-le-teint-clarifiante-carotte-125-ml\\\/\",\"url\":\"https:\\\/\\\/www.cosmetics-ebene.com\\\/en\\\/product\\\/envi-a2-huile-pour-le-teint-clarifiante-carotte-125-ml\\\/\",\"name\":\"Envi A2 Clarifying Carrot Oil 125 ml - Sessi\",\"isPartOf\":{\"@id\":\"https:\\\/\\\/www.cosmetics-ebene.com\\\/en\\\/#website\"},\"primaryImageOfPage\":{\"@id\":\"https:\\\/\\\/www.cosmetics-ebene.com\\\/en\\\/product\\\/envi-a2-huile-pour-le-teint-clarifiante-carotte-125-ml\\\/#primaryimage\"},\"image\":{\"@id\":\"https:\\\/\\\/www.cosmetics-ebene.com\\\/en\\\/product\\\/envi-a2-huile-pour-le-teint-clarifiante-carotte-125-ml\\\/#primaryimage\"},\"thumbnailUrl\":\"https:\\\/\\\/www.cosmetics-ebene.com\\\/wp-content\\\/uploads\\\/2019\\\/01\\\/Design-sans-titre-41.png\",\"datePublished\":\"2019-01-07T11:59:34+00:00\",\"dateModified\":\"2025-05-25T02:46:44+00:00\",\"breadcrumb\":{\"@id\":\"https:\\\/\\\/www.cosmetics-ebene.com\\\/en\\\/product\\\/envi-a2-huile-pour-le-teint-clarifiante-carotte-125-ml\\\/#breadcrumb\"},\"inLanguage\":\"en-US\",\"potentialAction\":[{\"@type\":\"ReadAction\",\"target\":[\"https:\\\/\\\/www.cosmetics-ebene.com\\\/en\\\/product\\\/envi-a2-huile-pour-le-teint-clarifiante-carotte-125-ml\\\/\"]}]},{\"@type\":\"ImageObject\",\"inLanguage\":\"en-US\",\"@id\":\"https:\\\/\\\/www.cosmetics-ebene.com\\\/en\\\/product\\\/envi-a2-huile-pour-le-teint-clarifiante-carotte-125-ml\\\/#primaryimage\",\"url\":\"https:\\\/\\\/www.cosmetics-ebene.com\\\/wp-content\\\/uploads\\\/2019\\\/01\\\/Design-sans-titre-41.png\",\"contentUrl\":\"https:\\\/\\\/www.cosmetics-ebene.com\\\/wp-content\\\/uploads\\\/2019\\\/01\\\/Design-sans-titre-41.png\",\"width\":1080,\"height\":1500},{\"@type\":\"BreadcrumbList\",\"@id\":\"https:\\\/\\\/www.cosmetics-ebene.com\\\/en\\\/product\\\/envi-a2-huile-pour-le-teint-clarifiante-carotte-125-ml\\\/#breadcrumb\",\"itemListElement\":[{\"@type\":\"ListItem\",\"position\":1,\"name\":\"Home\",\"item\":\"https:\\\/\\\/www.cosmetics-ebene.com\\\/en\\\/\"},{\"@type\":\"ListItem\",\"position\":2,\"name\":\"Shop\",\"item\":\"https:\\\/\\\/www.cosmetics-ebene.com\\\/shop\\\/\"},{\"@type\":\"ListItem\",\"position\":3,\"name\":\"Envi A2 Clarifying Carrot Oil 125 ml\"}]},{\"@type\":\"WebSite\",\"@id\":\"https:\\\/\\\/www.cosmetics-ebene.com\\\/en\\\/#website\",\"url\":\"https:\\\/\\\/www.cosmetics-ebene.com\\\/en\\\/\",\"name\":\"Sessi\",\"description\":\"Produits de beaut\u00e9 pour peau noires et m\u00e9tiss\u00e9\",\"publisher\":{\"@id\":\"https:\\\/\\\/www.cosmetics-ebene.com\\\/en\\\/#organization\"},\"potentialAction\":[{\"@type\":\"SearchAction\",\"target\":{\"@type\":\"EntryPoint\",\"urlTemplate\":\"https:\\\/\\\/www.cosmetics-ebene.com\\\/en\\\/?s={search_term_string}\"},\"query-input\":{\"@type\":\"PropertyValueSpecification\",\"valueRequired\":true,\"valueName\":\"search_term_string\"}}],\"inLanguage\":\"en-US\"},{\"@type\":\"Organization\",\"@id\":\"https:\\\/\\\/www.cosmetics-ebene.com\\\/en\\\/#organization\",\"name\":\"Sessi\",\"url\":\"https:\\\/\\\/www.cosmetics-ebene.com\\\/en\\\/\",\"logo\":{\"@type\":\"ImageObject\",\"inLanguage\":\"en-US\",\"@id\":\"https:\\\/\\\/www.cosmetics-ebene.com\\\/en\\\/#\\\/schema\\\/logo\\\/image\\\/\",\"url\":\"https:\\\/\\\/www.cosmetics-ebene.com\\\/wp-content\\\/uploads\\\/2024\\\/09\\\/cosmetics-ebene-logo-1-e1727351533275.png\",\"contentUrl\":\"https:\\\/\\\/www.cosmetics-ebene.com\\\/wp-content\\\/uploads\\\/2024\\\/09\\\/cosmetics-ebene-logo-1-e1727351533275.png\",\"width\":350,\"height\":69,\"caption\":\"Sessi\"},\"image\":{\"@id\":\"https:\\\/\\\/www.cosmetics-ebene.com\\\/en\\\/#\\\/schema\\\/logo\\\/image\\\/\"}}]}<\/script>\n<!-- \/ Yoast SEO plugin. -->","yoast_head_json":{"title":"Envi A2 Clarifying Carrot Oil 125 ml - Sessi","robots":{"index":"index","follow":"follow","max-snippet":"max-snippet:-1","max-image-preview":"max-image-preview:large","max-video-preview":"max-video-preview:-1"},"canonical":"https:\/\/www.cosmetics-ebene.com\/en\/product\/envi-a2-huile-pour-le-teint-clarifiante-carotte-125-ml\/","og_locale":"en_US","og_type":"article","og_title":"Envi A2 Clarifying Carrot Oil 125 ml - Sessi","og_description":"L\u2019action clarifiante vous garantit d\u2019avoir \u00a0un teint lumineux et radieux. De plus cette huile est anti-t\u00e2che tout en le pr\u00e9servant des agressions ext\u00e9rieures. Cette huile ENVI-A2 vous offre un teint parfait gr\u00e2ce \u00e0 la pr\u00e9sence de l\u2019huile de carotte (DAUCUS CAROTAL) qui fixe votre teint.","og_url":"https:\/\/www.cosmetics-ebene.com\/en\/product\/envi-a2-huile-pour-le-teint-clarifiante-carotte-125-ml\/","og_site_name":"Sessi","article_modified_time":"2025-05-25T02:46:44+00:00","og_image":[{"width":1080,"height":1500,"url":"https:\/\/www.cosmetics-ebene.com\/wp-content\/uploads\/2019\/01\/Design-sans-titre-41.png","type":"image\/png"}],"twitter_card":"summary_large_image","twitter_misc":{"Est. reading time":"1 minute"},"schema":{"@context":"https:\/\/schema.org","@graph":[{"@type":"WebPage","@id":"https:\/\/www.cosmetics-ebene.com\/en\/product\/envi-a2-huile-pour-le-teint-clarifiante-carotte-125-ml\/","url":"https:\/\/www.cosmetics-ebene.com\/en\/product\/envi-a2-huile-pour-le-teint-clarifiante-carotte-125-ml\/","name":"Envi A2 Clarifying Carrot Oil 125 ml - Sessi","isPartOf":{"@id":"https:\/\/www.cosmetics-ebene.com\/en\/#website"},"primaryImageOfPage":{"@id":"https:\/\/www.cosmetics-ebene.com\/en\/product\/envi-a2-huile-pour-le-teint-clarifiante-carotte-125-ml\/#primaryimage"},"image":{"@id":"https:\/\/www.cosmetics-ebene.com\/en\/product\/envi-a2-huile-pour-le-teint-clarifiante-carotte-125-ml\/#primaryimage"},"thumbnailUrl":"https:\/\/www.cosmetics-ebene.com\/wp-content\/uploads\/2019\/01\/Design-sans-titre-41.png","datePublished":"2019-01-07T11:59:34+00:00","dateModified":"2025-05-25T02:46:44+00:00","breadcrumb":{"@id":"https:\/\/www.cosmetics-ebene.com\/en\/product\/envi-a2-huile-pour-le-teint-clarifiante-carotte-125-ml\/#breadcrumb"},"inLanguage":"en-US","potentialAction":[{"@type":"ReadAction","target":["https:\/\/www.cosmetics-ebene.com\/en\/product\/envi-a2-huile-pour-le-teint-clarifiante-carotte-125-ml\/"]}]},{"@type":"ImageObject","inLanguage":"en-US","@id":"https:\/\/www.cosmetics-ebene.com\/en\/product\/envi-a2-huile-pour-le-teint-clarifiante-carotte-125-ml\/#primaryimage","url":"https:\/\/www.cosmetics-ebene.com\/wp-content\/uploads\/2019\/01\/Design-sans-titre-41.png","contentUrl":"https:\/\/www.cosmetics-ebene.com\/wp-content\/uploads\/2019\/01\/Design-sans-titre-41.png","width":1080,"height":1500},{"@type":"BreadcrumbList","@id":"https:\/\/www.cosmetics-ebene.com\/en\/product\/envi-a2-huile-pour-le-teint-clarifiante-carotte-125-ml\/#breadcrumb","itemListElement":[{"@type":"ListItem","position":1,"name":"Home","item":"https:\/\/www.cosmetics-ebene.com\/en\/"},{"@type":"ListItem","position":2,"name":"Shop","item":"https:\/\/www.cosmetics-ebene.com\/shop\/"},{"@type":"ListItem","position":3,"name":"Envi A2 Clarifying Carrot Oil 125 ml"}]},{"@type":"WebSite","@id":"https:\/\/www.cosmetics-ebene.com\/en\/#website","url":"https:\/\/www.cosmetics-ebene.com\/en\/","name":"Sessi","description":"Produits de beaut\u00e9 pour peau noires et m\u00e9tiss\u00e9","publisher":{"@id":"https:\/\/www.cosmetics-ebene.com\/en\/#organization"},"potentialAction":[{"@type":"SearchAction","target":{"@type":"EntryPoint","urlTemplate":"https:\/\/www.cosmetics-ebene.com\/en\/?s={search_term_string}"},"query-input":{"@type":"PropertyValueSpecification","valueRequired":true,"valueName":"search_term_string"}}],"inLanguage":"en-US"},{"@type":"Organization","@id":"https:\/\/www.cosmetics-ebene.com\/en\/#organization","name":"Sessi","url":"https:\/\/www.cosmetics-ebene.com\/en\/","logo":{"@type":"ImageObject","inLanguage":"en-US","@id":"https:\/\/www.cosmetics-ebene.com\/en\/#\/schema\/logo\/image\/","url":"https:\/\/www.cosmetics-ebene.com\/wp-content\/uploads\/2024\/09\/cosmetics-ebene-logo-1-e1727351533275.png","contentUrl":"https:\/\/www.cosmetics-ebene.com\/wp-content\/uploads\/2024\/09\/cosmetics-ebene-logo-1-e1727351533275.png","width":350,"height":69,"caption":"Sessi"},"image":{"@id":"https:\/\/www.cosmetics-ebene.com\/en\/#\/schema\/logo\/image\/"}}]}},"_links":{"self":[{"href":"https:\/\/www.cosmetics-ebene.com\/en\/wp-json\/wp\/v2\/product\/10106","targetHints":{"allow":["GET"]}}],"collection":[{"href":"https:\/\/www.cosmetics-ebene.com\/en\/wp-json\/wp\/v2\/product"}],"about":[{"href":"https:\/\/www.cosmetics-ebene.com\/en\/wp-json\/wp\/v2\/types\/product"}],"replies":[{"embeddable":true,"href":"https:\/\/www.cosmetics-ebene.com\/en\/wp-json\/wp\/v2\/comments?post=10106"}],"version-history":[{"count":0,"href":"https:\/\/www.cosmetics-ebene.com\/en\/wp-json\/wp\/v2\/product\/10106\/revisions"}],"wp:featuredmedia":[{"embeddable":true,"href":"https:\/\/www.cosmetics-ebene.com\/en\/wp-json\/wp\/v2\/media\/19953"}],"wp:attachment":[{"href":"https:\/\/www.cosmetics-ebene.com\/en\/wp-json\/wp\/v2\/media?parent=10106"}],"wp:term":[{"taxonomy":"product_brand","embeddable":true,"href":"https:\/\/www.cosmetics-ebene.com\/en\/wp-json\/wp\/v2\/product_brand?post=10106"},{"taxonomy":"product_cat","embeddable":true,"href":"https:\/\/www.cosmetics-ebene.com\/en\/wp-json\/wp\/v2\/product_cat?post=10106"},{"taxonomy":"product_tag","embeddable":true,"href":"https:\/\/www.cosmetics-ebene.com\/en\/wp-json\/wp\/v2\/product_tag?post=10106"}],"curies":[{"name":"wp","href":"https:\/\/api.w.org\/{rel}","templated":true}]}}