{"id":10118,"date":"2019-01-07T12:12:54","date_gmt":"2019-01-07T12:12:54","guid":{"rendered":"https:\/\/preprod.cosmetics-ebene.com\/?product=audran-huile-de-ricin-100-naturelle-200-ml"},"modified":"2025-04-13T18:38:54","modified_gmt":"2025-04-13T18:38:54","slug":"audran-huile-de-ricin-100-naturelle-200-ml","status":"publish","type":"product","link":"https:\/\/www.cosmetics-ebene.com\/en\/product\/audran-huile-de-ricin-100-naturelle-200-ml\/","title":{"rendered":"Audran  Castor Oil 100% Natural  200 ml"},"content":{"rendered":"<p>The castor oil plant from Tropical Africa that is used for AUDRAN castor oil is the source of many benefits for your skin, your hair, your eyelashes and your nails. AUDRAN castor oil is a cold-pressed oil in order to preserve its therapeutic value which moisturizes and nourishes deeply your skin plumping your dermis for all skin types. Moreover it makes your hair, eyelashes and eyebrows shiny and dense by accelerating their growth. Utilisation\u00a0: Apply on your skin AUDRAN castor oil after your shower or your bath in combination with other Audran products. Use it as a hair mask before shampooing.<\/p>\n","protected":false},"excerpt":{"rendered":"<p>AUDRAN castor oil is a cold-pressed oil in order to preserve its therapeutic value which moisturizes and nourishes deeply your skin plumping your dermis for all skin types. Moreover it makes your hair, eyelashes and eyebrows shiny and dense by accelerating their growth.<\/p>\n","protected":false},"featured_media":10116,"comment_status":"open","ping_status":"closed","template":"","meta":[],"product_brand":[263],"product_cat":[304,368,394,398,370,378,386],"product_tag":[],"class_list":{"0":"post-10118","1":"product","2":"type-product","3":"status-publish","4":"has-post-thumbnail","6":"product_brand-audran","7":"product_cat-audran-en","8":"product_cat-cream-serum-glycerin-and-moisturizing-lotion","9":"product_cat-lait-hydratant-pour-homme","10":"product_cat-soins-du-visage-pour-homme","11":"product_cat-targeted-care","12":"product_cat-targeted-care-en","13":"product_cat-traitement-soins-capillaire-en","14":"pa_je-suis-toutes-categories-confondues-en","15":"pa_un-produit-pour-les-cheveux-en","16":"pa_une-marque-audran-en","17":"pa_une-solution-pour-cheveux-jai-les-cheveux-abimes-et-cassants-en","20":"instock","21":"taxable","22":"shipping-taxable","23":"purchasable","24":"product-type-simple"},"yoast_head":"<!-- This site is optimized with the Yoast SEO plugin v27.3 - https:\/\/yoast.com\/product\/yoast-seo-wordpress\/ -->\n<title>Audran Castor Oil 100% Natural 200 ml - Sessi<\/title>\n<meta name=\"robots\" content=\"index, follow, max-snippet:-1, max-image-preview:large, max-video-preview:-1\" \/>\n<link rel=\"canonical\" href=\"https:\/\/www.cosmetics-ebene.com\/en\/product\/audran-huile-de-ricin-100-naturelle-200-ml\/\" \/>\n<meta property=\"og:locale\" content=\"en_US\" \/>\n<meta property=\"og:type\" content=\"article\" \/>\n<meta property=\"og:title\" content=\"Audran Castor Oil 100% Natural 200 ml - Sessi\" \/>\n<meta property=\"og:description\" content=\"AUDRAN castor oil is a cold-pressed oil in order to preserve its therapeutic value which moisturizes and nourishes deeply your skin plumping your dermis for all skin types. Moreover it makes your hair, eyelashes and eyebrows shiny and dense by accelerating their growth.\" \/>\n<meta property=\"og:url\" content=\"https:\/\/www.cosmetics-ebene.com\/en\/product\/audran-huile-de-ricin-100-naturelle-200-ml\/\" \/>\n<meta property=\"og:site_name\" content=\"Sessi\" \/>\n<meta property=\"article:modified_time\" content=\"2025-04-13T18:38:54+00:00\" \/>\n<meta property=\"og:image\" content=\"https:\/\/www.cosmetics-ebene.com\/wp-content\/uploads\/2024\/09\/637.jpg\" \/>\n\t<meta property=\"og:image:width\" content=\"1200\" \/>\n\t<meta property=\"og:image:height\" content=\"1800\" \/>\n\t<meta property=\"og:image:type\" content=\"image\/jpeg\" \/>\n<meta name=\"twitter:card\" content=\"summary_large_image\" \/>\n<meta name=\"twitter:label1\" content=\"Est. reading time\" \/>\n\t<meta name=\"twitter:data1\" content=\"1 minute\" \/>\n<script type=\"application\/ld+json\" class=\"yoast-schema-graph\">{\"@context\":\"https:\\\/\\\/schema.org\",\"@graph\":[{\"@type\":\"WebPage\",\"@id\":\"https:\\\/\\\/www.cosmetics-ebene.com\\\/en\\\/product\\\/audran-huile-de-ricin-100-naturelle-200-ml\\\/\",\"url\":\"https:\\\/\\\/www.cosmetics-ebene.com\\\/en\\\/product\\\/audran-huile-de-ricin-100-naturelle-200-ml\\\/\",\"name\":\"Audran Castor Oil 100% Natural 200 ml - Sessi\",\"isPartOf\":{\"@id\":\"https:\\\/\\\/www.cosmetics-ebene.com\\\/en\\\/#website\"},\"primaryImageOfPage\":{\"@id\":\"https:\\\/\\\/www.cosmetics-ebene.com\\\/en\\\/product\\\/audran-huile-de-ricin-100-naturelle-200-ml\\\/#primaryimage\"},\"image\":{\"@id\":\"https:\\\/\\\/www.cosmetics-ebene.com\\\/en\\\/product\\\/audran-huile-de-ricin-100-naturelle-200-ml\\\/#primaryimage\"},\"thumbnailUrl\":\"https:\\\/\\\/www.cosmetics-ebene.com\\\/wp-content\\\/uploads\\\/2024\\\/09\\\/637.jpg\",\"datePublished\":\"2019-01-07T12:12:54+00:00\",\"dateModified\":\"2025-04-13T18:38:54+00:00\",\"breadcrumb\":{\"@id\":\"https:\\\/\\\/www.cosmetics-ebene.com\\\/en\\\/product\\\/audran-huile-de-ricin-100-naturelle-200-ml\\\/#breadcrumb\"},\"inLanguage\":\"en-US\",\"potentialAction\":[{\"@type\":\"ReadAction\",\"target\":[\"https:\\\/\\\/www.cosmetics-ebene.com\\\/en\\\/product\\\/audran-huile-de-ricin-100-naturelle-200-ml\\\/\"]}]},{\"@type\":\"ImageObject\",\"inLanguage\":\"en-US\",\"@id\":\"https:\\\/\\\/www.cosmetics-ebene.com\\\/en\\\/product\\\/audran-huile-de-ricin-100-naturelle-200-ml\\\/#primaryimage\",\"url\":\"https:\\\/\\\/www.cosmetics-ebene.com\\\/wp-content\\\/uploads\\\/2024\\\/09\\\/637.jpg\",\"contentUrl\":\"https:\\\/\\\/www.cosmetics-ebene.com\\\/wp-content\\\/uploads\\\/2024\\\/09\\\/637.jpg\",\"width\":1200,\"height\":1800,\"caption\":\"Audran Huile de Ricin 100% Naturelle 200 ml\"},{\"@type\":\"BreadcrumbList\",\"@id\":\"https:\\\/\\\/www.cosmetics-ebene.com\\\/en\\\/product\\\/audran-huile-de-ricin-100-naturelle-200-ml\\\/#breadcrumb\",\"itemListElement\":[{\"@type\":\"ListItem\",\"position\":1,\"name\":\"Home\",\"item\":\"https:\\\/\\\/www.cosmetics-ebene.com\\\/en\\\/\"},{\"@type\":\"ListItem\",\"position\":2,\"name\":\"Shop\",\"item\":\"https:\\\/\\\/www.cosmetics-ebene.com\\\/shop\\\/\"},{\"@type\":\"ListItem\",\"position\":3,\"name\":\"Audran Castor Oil 100% Natural 200 ml\"}]},{\"@type\":\"WebSite\",\"@id\":\"https:\\\/\\\/www.cosmetics-ebene.com\\\/en\\\/#website\",\"url\":\"https:\\\/\\\/www.cosmetics-ebene.com\\\/en\\\/\",\"name\":\"Sessi\",\"description\":\"Produits de beaut\u00e9 pour peau noires et m\u00e9tiss\u00e9\",\"publisher\":{\"@id\":\"https:\\\/\\\/www.cosmetics-ebene.com\\\/en\\\/#organization\"},\"potentialAction\":[{\"@type\":\"SearchAction\",\"target\":{\"@type\":\"EntryPoint\",\"urlTemplate\":\"https:\\\/\\\/www.cosmetics-ebene.com\\\/en\\\/?s={search_term_string}\"},\"query-input\":{\"@type\":\"PropertyValueSpecification\",\"valueRequired\":true,\"valueName\":\"search_term_string\"}}],\"inLanguage\":\"en-US\"},{\"@type\":\"Organization\",\"@id\":\"https:\\\/\\\/www.cosmetics-ebene.com\\\/en\\\/#organization\",\"name\":\"Sessi\",\"url\":\"https:\\\/\\\/www.cosmetics-ebene.com\\\/en\\\/\",\"logo\":{\"@type\":\"ImageObject\",\"inLanguage\":\"en-US\",\"@id\":\"https:\\\/\\\/www.cosmetics-ebene.com\\\/en\\\/#\\\/schema\\\/logo\\\/image\\\/\",\"url\":\"https:\\\/\\\/www.cosmetics-ebene.com\\\/wp-content\\\/uploads\\\/2024\\\/09\\\/cosmetics-ebene-logo-1-e1727351533275.png\",\"contentUrl\":\"https:\\\/\\\/www.cosmetics-ebene.com\\\/wp-content\\\/uploads\\\/2024\\\/09\\\/cosmetics-ebene-logo-1-e1727351533275.png\",\"width\":350,\"height\":69,\"caption\":\"Sessi\"},\"image\":{\"@id\":\"https:\\\/\\\/www.cosmetics-ebene.com\\\/en\\\/#\\\/schema\\\/logo\\\/image\\\/\"}}]}<\/script>\n<!-- \/ Yoast SEO plugin. -->","yoast_head_json":{"title":"Audran Castor Oil 100% Natural 200 ml - Sessi","robots":{"index":"index","follow":"follow","max-snippet":"max-snippet:-1","max-image-preview":"max-image-preview:large","max-video-preview":"max-video-preview:-1"},"canonical":"https:\/\/www.cosmetics-ebene.com\/en\/product\/audran-huile-de-ricin-100-naturelle-200-ml\/","og_locale":"en_US","og_type":"article","og_title":"Audran Castor Oil 100% Natural 200 ml - Sessi","og_description":"AUDRAN castor oil is a cold-pressed oil in order to preserve its therapeutic value which moisturizes and nourishes deeply your skin plumping your dermis for all skin types. Moreover it makes your hair, eyelashes and eyebrows shiny and dense by accelerating their growth.","og_url":"https:\/\/www.cosmetics-ebene.com\/en\/product\/audran-huile-de-ricin-100-naturelle-200-ml\/","og_site_name":"Sessi","article_modified_time":"2025-04-13T18:38:54+00:00","og_image":[{"width":1200,"height":1800,"url":"https:\/\/www.cosmetics-ebene.com\/wp-content\/uploads\/2024\/09\/637.jpg","type":"image\/jpeg"}],"twitter_card":"summary_large_image","twitter_misc":{"Est. reading time":"1 minute"},"schema":{"@context":"https:\/\/schema.org","@graph":[{"@type":"WebPage","@id":"https:\/\/www.cosmetics-ebene.com\/en\/product\/audran-huile-de-ricin-100-naturelle-200-ml\/","url":"https:\/\/www.cosmetics-ebene.com\/en\/product\/audran-huile-de-ricin-100-naturelle-200-ml\/","name":"Audran Castor Oil 100% Natural 200 ml - Sessi","isPartOf":{"@id":"https:\/\/www.cosmetics-ebene.com\/en\/#website"},"primaryImageOfPage":{"@id":"https:\/\/www.cosmetics-ebene.com\/en\/product\/audran-huile-de-ricin-100-naturelle-200-ml\/#primaryimage"},"image":{"@id":"https:\/\/www.cosmetics-ebene.com\/en\/product\/audran-huile-de-ricin-100-naturelle-200-ml\/#primaryimage"},"thumbnailUrl":"https:\/\/www.cosmetics-ebene.com\/wp-content\/uploads\/2024\/09\/637.jpg","datePublished":"2019-01-07T12:12:54+00:00","dateModified":"2025-04-13T18:38:54+00:00","breadcrumb":{"@id":"https:\/\/www.cosmetics-ebene.com\/en\/product\/audran-huile-de-ricin-100-naturelle-200-ml\/#breadcrumb"},"inLanguage":"en-US","potentialAction":[{"@type":"ReadAction","target":["https:\/\/www.cosmetics-ebene.com\/en\/product\/audran-huile-de-ricin-100-naturelle-200-ml\/"]}]},{"@type":"ImageObject","inLanguage":"en-US","@id":"https:\/\/www.cosmetics-ebene.com\/en\/product\/audran-huile-de-ricin-100-naturelle-200-ml\/#primaryimage","url":"https:\/\/www.cosmetics-ebene.com\/wp-content\/uploads\/2024\/09\/637.jpg","contentUrl":"https:\/\/www.cosmetics-ebene.com\/wp-content\/uploads\/2024\/09\/637.jpg","width":1200,"height":1800,"caption":"Audran Huile de Ricin 100% Naturelle 200 ml"},{"@type":"BreadcrumbList","@id":"https:\/\/www.cosmetics-ebene.com\/en\/product\/audran-huile-de-ricin-100-naturelle-200-ml\/#breadcrumb","itemListElement":[{"@type":"ListItem","position":1,"name":"Home","item":"https:\/\/www.cosmetics-ebene.com\/en\/"},{"@type":"ListItem","position":2,"name":"Shop","item":"https:\/\/www.cosmetics-ebene.com\/shop\/"},{"@type":"ListItem","position":3,"name":"Audran Castor Oil 100% Natural 200 ml"}]},{"@type":"WebSite","@id":"https:\/\/www.cosmetics-ebene.com\/en\/#website","url":"https:\/\/www.cosmetics-ebene.com\/en\/","name":"Sessi","description":"Produits de beaut\u00e9 pour peau noires et m\u00e9tiss\u00e9","publisher":{"@id":"https:\/\/www.cosmetics-ebene.com\/en\/#organization"},"potentialAction":[{"@type":"SearchAction","target":{"@type":"EntryPoint","urlTemplate":"https:\/\/www.cosmetics-ebene.com\/en\/?s={search_term_string}"},"query-input":{"@type":"PropertyValueSpecification","valueRequired":true,"valueName":"search_term_string"}}],"inLanguage":"en-US"},{"@type":"Organization","@id":"https:\/\/www.cosmetics-ebene.com\/en\/#organization","name":"Sessi","url":"https:\/\/www.cosmetics-ebene.com\/en\/","logo":{"@type":"ImageObject","inLanguage":"en-US","@id":"https:\/\/www.cosmetics-ebene.com\/en\/#\/schema\/logo\/image\/","url":"https:\/\/www.cosmetics-ebene.com\/wp-content\/uploads\/2024\/09\/cosmetics-ebene-logo-1-e1727351533275.png","contentUrl":"https:\/\/www.cosmetics-ebene.com\/wp-content\/uploads\/2024\/09\/cosmetics-ebene-logo-1-e1727351533275.png","width":350,"height":69,"caption":"Sessi"},"image":{"@id":"https:\/\/www.cosmetics-ebene.com\/en\/#\/schema\/logo\/image\/"}}]}},"_links":{"self":[{"href":"https:\/\/www.cosmetics-ebene.com\/en\/wp-json\/wp\/v2\/product\/10118","targetHints":{"allow":["GET"]}}],"collection":[{"href":"https:\/\/www.cosmetics-ebene.com\/en\/wp-json\/wp\/v2\/product"}],"about":[{"href":"https:\/\/www.cosmetics-ebene.com\/en\/wp-json\/wp\/v2\/types\/product"}],"replies":[{"embeddable":true,"href":"https:\/\/www.cosmetics-ebene.com\/en\/wp-json\/wp\/v2\/comments?post=10118"}],"version-history":[{"count":0,"href":"https:\/\/www.cosmetics-ebene.com\/en\/wp-json\/wp\/v2\/product\/10118\/revisions"}],"wp:featuredmedia":[{"embeddable":true,"href":"https:\/\/www.cosmetics-ebene.com\/en\/wp-json\/wp\/v2\/media\/10116"}],"wp:attachment":[{"href":"https:\/\/www.cosmetics-ebene.com\/en\/wp-json\/wp\/v2\/media?parent=10118"}],"wp:term":[{"taxonomy":"product_brand","embeddable":true,"href":"https:\/\/www.cosmetics-ebene.com\/en\/wp-json\/wp\/v2\/product_brand?post=10118"},{"taxonomy":"product_cat","embeddable":true,"href":"https:\/\/www.cosmetics-ebene.com\/en\/wp-json\/wp\/v2\/product_cat?post=10118"},{"taxonomy":"product_tag","embeddable":true,"href":"https:\/\/www.cosmetics-ebene.com\/en\/wp-json\/wp\/v2\/product_tag?post=10118"}],"curies":[{"name":"wp","href":"https:\/\/api.w.org\/{rel}","templated":true}]}}