{"id":10146,"date":"2019-05-06T15:04:30","date_gmt":"2019-05-06T15:04:30","guid":{"rendered":"https:\/\/preprod.cosmetics-ebene.com\/?product=cbl-lait-corporel-hydratant-500-ml"},"modified":"2022-01-04T18:10:08","modified_gmt":"2022-01-04T18:10:08","slug":"cbl-lait-corporel-hydratant-500-ml","status":"publish","type":"product","link":"https:\/\/www.cosmetics-ebene.com\/en\/product\/cbl-lait-corporel-hydratant-500-ml\/","title":{"rendered":"CBL Moisturizing Body Lotion 500 ml"},"content":{"rendered":"<h2><img decoding=\"async\" src=\"https:\/\/www.cosmetics-ebene.com\/wp-content\/uploads\/content\/icon1.jpg\" alt=\"\" height=\"73\" width=\"69\" \/><span style=\"color:#d0121a;\">\u00c9labor\u00e9 et mis au point par des\u00a0pharmaciens<\/span><\/h2>\n<h2><\/h2>\n<p>\u00c9labor\u00e9 par des pharmaciens le lait corporel hydratant CBL,\u00a0sans hydroquinone, sans parabens et non test\u00e9 sur les animaux, convient parfaitement aux peaux s\u00e8ches, sensibles et d\u00e9licates.<\/p>\n<p>Gr\u00e2ce \u00e0 la pr\u00e9sence d\u2019actifs hydratants fortement concentr\u00e9s, le lait corporel hydratant CBL favorise la r\u00e9tention d\u2019eau dans les couches sup\u00e9rieures de l\u2019\u00e9piderme et apporte \u00e0 la peau les constituants du film lipidique naturel.<br \/>Destin\u00e9 \u00e0 l\u2019ensemble du corps, le lait corporel hydratant CBL est une \u00e9mulsion tr\u00e8s riche, de p\u00e9n\u00e9tration rapide. L\u2019\u00e9piderme retrouve l\u2019\u00e9clat et la brillance, l\u2019\u00e9lasticit\u00e9 et le tonus d\u2019une peau jeune<\/p>\n<h2><img decoding=\"async\" src=\"https:\/\/www.cosmetics-ebene.com\/wp-content\/uploads\/content\/icon2.jpg\" alt=\"\" height=\"73\" width=\"69\" \/><span style=\"color:#d0121a;\">Conseils d\u2019utilisations :<\/span><\/h2>\n<p>A appliquer une ou deux fois par jour sur de l&#8217;ensemble du corps. \u00c9viter le contact avec les yeux. En cas d\u2019irritation cessez l\u2019usage. Ne pas utiliser chez les enfants de moins de 12 ans. Usage externe uniquement<\/p>\n<h2><img decoding=\"async\" src=\"https:\/\/www.cosmetics-ebene.com\/wp-content\/uploads\/content\/icon3.jpg\" alt=\"\" height=\"73\" width=\"69\" \/><span style=\"color:#d0121a;\">Composition :<\/span><\/h2>\n<div class=\"clearfix product-information\">\n<div class=\"tab-content\">\n<div id=\"product-description-tab-content\" class=\"product-description-tab-content tab-pane active\">\n<div class=\"rte\">Aqua, Glycine Soja oil, Paraffinum Liquidum, Glycerin, Petrolatum, Cetearyl Alcohol, Lanolin, Tocopheryl Acetate, Steareth-7, Stearyl Alcohol, PEG-30 Glyceryl Stearate, Carbomer, Xanthan Gum, Triethanolamine, Lactic Acid, Parfum, Hydroxycitronellal, Hexyl Cinnamal, Limonene, Linalool, Coumarin<\/p>\n<\/div>\n<\/div>\n<\/div>\n<\/div>\n","protected":false},"excerpt":{"rendered":"<p>\u00c9labor\u00e9 par des pharmaciens le lait hydratant CBL,\u00a0sans hydroquinone, sans parabens et non test\u00e9 sur les animaux, convient parfaitement aux peaux s\u00e8ches et sensibles .Gr\u00e2ce \u00e0 la pr\u00e9sence d\u2019actifs hydratants fortement concentr\u00e9s, ce lait hydratant CBL favorise la r\u00e9tention d\u2019eau dans les couches sup\u00e9rieures de l\u2019\u00e9piderme et apporte \u00e0 la peau les constituants du film lipidique naturel.<\/p>\n","protected":false},"featured_media":19666,"comment_status":"open","ping_status":"closed","template":"","meta":[],"product_brand":[271],"product_cat":[400,402,404,376],"product_tag":[],"class_list":{"0":"post-10146","1":"product","2":"type-product","3":"status-publish","4":"has-post-thumbnail","6":"product_brand-cbl","7":"product_cat-cbl-en","8":"product_cat-cbl-en1726628130","9":"product_cat-cbl-en1726628133","10":"product_cat-moisturizing-lotion-and-scrub","11":"pa_je-suis-toutes-categories-confondues-en","12":"pa_une-marque-cbl-en","15":"instock","16":"taxable","17":"shipping-taxable","18":"purchasable","19":"product-type-simple"},"yoast_head":"<!-- This site is optimized with the Yoast SEO plugin v27.3 - https:\/\/yoast.com\/product\/yoast-seo-wordpress\/ -->\n<title>CBL Moisturizing Body Lotion 500 ml - Sessi<\/title>\n<meta name=\"robots\" content=\"index, follow, max-snippet:-1, max-image-preview:large, max-video-preview:-1\" \/>\n<link rel=\"canonical\" href=\"https:\/\/www.cosmetics-ebene.com\/en\/product\/cbl-lait-corporel-hydratant-500-ml\/\" \/>\n<meta property=\"og:locale\" content=\"en_US\" \/>\n<meta property=\"og:type\" content=\"article\" \/>\n<meta property=\"og:title\" content=\"CBL Moisturizing Body Lotion 500 ml - Sessi\" \/>\n<meta property=\"og:description\" content=\"\u00c9labor\u00e9 par des pharmaciens le lait hydratant CBL,\u00a0sans hydroquinone, sans parabens et non test\u00e9 sur les animaux, convient parfaitement aux peaux s\u00e8ches et sensibles .Gr\u00e2ce \u00e0 la pr\u00e9sence d\u2019actifs hydratants fortement concentr\u00e9s, ce lait hydratant CBL favorise la r\u00e9tention d\u2019eau dans les couches sup\u00e9rieures de l\u2019\u00e9piderme et apporte \u00e0 la peau les constituants du film lipidique naturel.\" \/>\n<meta property=\"og:url\" content=\"https:\/\/www.cosmetics-ebene.com\/en\/product\/cbl-lait-corporel-hydratant-500-ml\/\" \/>\n<meta property=\"og:site_name\" content=\"Sessi\" \/>\n<meta property=\"article:modified_time\" content=\"2022-01-04T18:10:08+00:00\" \/>\n<meta property=\"og:image\" content=\"https:\/\/www.cosmetics-ebene.com\/wp-content\/uploads\/2019\/05\/CBL-Lait-Blanc.jpg\" \/>\n\t<meta property=\"og:image:width\" content=\"1080\" \/>\n\t<meta property=\"og:image:height\" content=\"1500\" \/>\n\t<meta property=\"og:image:type\" content=\"image\/jpeg\" \/>\n<meta name=\"twitter:card\" content=\"summary_large_image\" \/>\n<meta name=\"twitter:label1\" content=\"Est. reading time\" \/>\n\t<meta name=\"twitter:data1\" content=\"1 minute\" \/>\n<script type=\"application\/ld+json\" class=\"yoast-schema-graph\">{\"@context\":\"https:\\\/\\\/schema.org\",\"@graph\":[{\"@type\":\"WebPage\",\"@id\":\"https:\\\/\\\/www.cosmetics-ebene.com\\\/en\\\/product\\\/cbl-lait-corporel-hydratant-500-ml\\\/\",\"url\":\"https:\\\/\\\/www.cosmetics-ebene.com\\\/en\\\/product\\\/cbl-lait-corporel-hydratant-500-ml\\\/\",\"name\":\"CBL Moisturizing Body Lotion 500 ml - Sessi\",\"isPartOf\":{\"@id\":\"https:\\\/\\\/www.cosmetics-ebene.com\\\/en\\\/#website\"},\"primaryImageOfPage\":{\"@id\":\"https:\\\/\\\/www.cosmetics-ebene.com\\\/en\\\/product\\\/cbl-lait-corporel-hydratant-500-ml\\\/#primaryimage\"},\"image\":{\"@id\":\"https:\\\/\\\/www.cosmetics-ebene.com\\\/en\\\/product\\\/cbl-lait-corporel-hydratant-500-ml\\\/#primaryimage\"},\"thumbnailUrl\":\"https:\\\/\\\/www.cosmetics-ebene.com\\\/wp-content\\\/uploads\\\/2019\\\/05\\\/CBL-Lait-Blanc.jpg\",\"datePublished\":\"2019-05-06T15:04:30+00:00\",\"dateModified\":\"2022-01-04T18:10:08+00:00\",\"breadcrumb\":{\"@id\":\"https:\\\/\\\/www.cosmetics-ebene.com\\\/en\\\/product\\\/cbl-lait-corporel-hydratant-500-ml\\\/#breadcrumb\"},\"inLanguage\":\"en-US\",\"potentialAction\":[{\"@type\":\"ReadAction\",\"target\":[\"https:\\\/\\\/www.cosmetics-ebene.com\\\/en\\\/product\\\/cbl-lait-corporel-hydratant-500-ml\\\/\"]}]},{\"@type\":\"ImageObject\",\"inLanguage\":\"en-US\",\"@id\":\"https:\\\/\\\/www.cosmetics-ebene.com\\\/en\\\/product\\\/cbl-lait-corporel-hydratant-500-ml\\\/#primaryimage\",\"url\":\"https:\\\/\\\/www.cosmetics-ebene.com\\\/wp-content\\\/uploads\\\/2019\\\/05\\\/CBL-Lait-Blanc.jpg\",\"contentUrl\":\"https:\\\/\\\/www.cosmetics-ebene.com\\\/wp-content\\\/uploads\\\/2019\\\/05\\\/CBL-Lait-Blanc.jpg\",\"width\":1080,\"height\":1500},{\"@type\":\"BreadcrumbList\",\"@id\":\"https:\\\/\\\/www.cosmetics-ebene.com\\\/en\\\/product\\\/cbl-lait-corporel-hydratant-500-ml\\\/#breadcrumb\",\"itemListElement\":[{\"@type\":\"ListItem\",\"position\":1,\"name\":\"Home\",\"item\":\"https:\\\/\\\/www.cosmetics-ebene.com\\\/en\\\/\"},{\"@type\":\"ListItem\",\"position\":2,\"name\":\"Shop\",\"item\":\"https:\\\/\\\/www.cosmetics-ebene.com\\\/shop\\\/\"},{\"@type\":\"ListItem\",\"position\":3,\"name\":\"CBL Moisturizing Body Lotion 500 ml\"}]},{\"@type\":\"WebSite\",\"@id\":\"https:\\\/\\\/www.cosmetics-ebene.com\\\/en\\\/#website\",\"url\":\"https:\\\/\\\/www.cosmetics-ebene.com\\\/en\\\/\",\"name\":\"Sessi\",\"description\":\"Produits de beaut\u00e9 pour peau noires et m\u00e9tiss\u00e9\",\"publisher\":{\"@id\":\"https:\\\/\\\/www.cosmetics-ebene.com\\\/en\\\/#organization\"},\"potentialAction\":[{\"@type\":\"SearchAction\",\"target\":{\"@type\":\"EntryPoint\",\"urlTemplate\":\"https:\\\/\\\/www.cosmetics-ebene.com\\\/en\\\/?s={search_term_string}\"},\"query-input\":{\"@type\":\"PropertyValueSpecification\",\"valueRequired\":true,\"valueName\":\"search_term_string\"}}],\"inLanguage\":\"en-US\"},{\"@type\":\"Organization\",\"@id\":\"https:\\\/\\\/www.cosmetics-ebene.com\\\/en\\\/#organization\",\"name\":\"Sessi\",\"url\":\"https:\\\/\\\/www.cosmetics-ebene.com\\\/en\\\/\",\"logo\":{\"@type\":\"ImageObject\",\"inLanguage\":\"en-US\",\"@id\":\"https:\\\/\\\/www.cosmetics-ebene.com\\\/en\\\/#\\\/schema\\\/logo\\\/image\\\/\",\"url\":\"https:\\\/\\\/www.cosmetics-ebene.com\\\/wp-content\\\/uploads\\\/2024\\\/09\\\/cosmetics-ebene-logo-1-e1727351533275.png\",\"contentUrl\":\"https:\\\/\\\/www.cosmetics-ebene.com\\\/wp-content\\\/uploads\\\/2024\\\/09\\\/cosmetics-ebene-logo-1-e1727351533275.png\",\"width\":350,\"height\":69,\"caption\":\"Sessi\"},\"image\":{\"@id\":\"https:\\\/\\\/www.cosmetics-ebene.com\\\/en\\\/#\\\/schema\\\/logo\\\/image\\\/\"}}]}<\/script>\n<!-- \/ Yoast SEO plugin. -->","yoast_head_json":{"title":"CBL Moisturizing Body Lotion 500 ml - Sessi","robots":{"index":"index","follow":"follow","max-snippet":"max-snippet:-1","max-image-preview":"max-image-preview:large","max-video-preview":"max-video-preview:-1"},"canonical":"https:\/\/www.cosmetics-ebene.com\/en\/product\/cbl-lait-corporel-hydratant-500-ml\/","og_locale":"en_US","og_type":"article","og_title":"CBL Moisturizing Body Lotion 500 ml - Sessi","og_description":"\u00c9labor\u00e9 par des pharmaciens le lait hydratant CBL,\u00a0sans hydroquinone, sans parabens et non test\u00e9 sur les animaux, convient parfaitement aux peaux s\u00e8ches et sensibles .Gr\u00e2ce \u00e0 la pr\u00e9sence d\u2019actifs hydratants fortement concentr\u00e9s, ce lait hydratant CBL favorise la r\u00e9tention d\u2019eau dans les couches sup\u00e9rieures de l\u2019\u00e9piderme et apporte \u00e0 la peau les constituants du film lipidique naturel.","og_url":"https:\/\/www.cosmetics-ebene.com\/en\/product\/cbl-lait-corporel-hydratant-500-ml\/","og_site_name":"Sessi","article_modified_time":"2022-01-04T18:10:08+00:00","og_image":[{"width":1080,"height":1500,"url":"https:\/\/www.cosmetics-ebene.com\/wp-content\/uploads\/2019\/05\/CBL-Lait-Blanc.jpg","type":"image\/jpeg"}],"twitter_card":"summary_large_image","twitter_misc":{"Est. reading time":"1 minute"},"schema":{"@context":"https:\/\/schema.org","@graph":[{"@type":"WebPage","@id":"https:\/\/www.cosmetics-ebene.com\/en\/product\/cbl-lait-corporel-hydratant-500-ml\/","url":"https:\/\/www.cosmetics-ebene.com\/en\/product\/cbl-lait-corporel-hydratant-500-ml\/","name":"CBL Moisturizing Body Lotion 500 ml - Sessi","isPartOf":{"@id":"https:\/\/www.cosmetics-ebene.com\/en\/#website"},"primaryImageOfPage":{"@id":"https:\/\/www.cosmetics-ebene.com\/en\/product\/cbl-lait-corporel-hydratant-500-ml\/#primaryimage"},"image":{"@id":"https:\/\/www.cosmetics-ebene.com\/en\/product\/cbl-lait-corporel-hydratant-500-ml\/#primaryimage"},"thumbnailUrl":"https:\/\/www.cosmetics-ebene.com\/wp-content\/uploads\/2019\/05\/CBL-Lait-Blanc.jpg","datePublished":"2019-05-06T15:04:30+00:00","dateModified":"2022-01-04T18:10:08+00:00","breadcrumb":{"@id":"https:\/\/www.cosmetics-ebene.com\/en\/product\/cbl-lait-corporel-hydratant-500-ml\/#breadcrumb"},"inLanguage":"en-US","potentialAction":[{"@type":"ReadAction","target":["https:\/\/www.cosmetics-ebene.com\/en\/product\/cbl-lait-corporel-hydratant-500-ml\/"]}]},{"@type":"ImageObject","inLanguage":"en-US","@id":"https:\/\/www.cosmetics-ebene.com\/en\/product\/cbl-lait-corporel-hydratant-500-ml\/#primaryimage","url":"https:\/\/www.cosmetics-ebene.com\/wp-content\/uploads\/2019\/05\/CBL-Lait-Blanc.jpg","contentUrl":"https:\/\/www.cosmetics-ebene.com\/wp-content\/uploads\/2019\/05\/CBL-Lait-Blanc.jpg","width":1080,"height":1500},{"@type":"BreadcrumbList","@id":"https:\/\/www.cosmetics-ebene.com\/en\/product\/cbl-lait-corporel-hydratant-500-ml\/#breadcrumb","itemListElement":[{"@type":"ListItem","position":1,"name":"Home","item":"https:\/\/www.cosmetics-ebene.com\/en\/"},{"@type":"ListItem","position":2,"name":"Shop","item":"https:\/\/www.cosmetics-ebene.com\/shop\/"},{"@type":"ListItem","position":3,"name":"CBL Moisturizing Body Lotion 500 ml"}]},{"@type":"WebSite","@id":"https:\/\/www.cosmetics-ebene.com\/en\/#website","url":"https:\/\/www.cosmetics-ebene.com\/en\/","name":"Sessi","description":"Produits de beaut\u00e9 pour peau noires et m\u00e9tiss\u00e9","publisher":{"@id":"https:\/\/www.cosmetics-ebene.com\/en\/#organization"},"potentialAction":[{"@type":"SearchAction","target":{"@type":"EntryPoint","urlTemplate":"https:\/\/www.cosmetics-ebene.com\/en\/?s={search_term_string}"},"query-input":{"@type":"PropertyValueSpecification","valueRequired":true,"valueName":"search_term_string"}}],"inLanguage":"en-US"},{"@type":"Organization","@id":"https:\/\/www.cosmetics-ebene.com\/en\/#organization","name":"Sessi","url":"https:\/\/www.cosmetics-ebene.com\/en\/","logo":{"@type":"ImageObject","inLanguage":"en-US","@id":"https:\/\/www.cosmetics-ebene.com\/en\/#\/schema\/logo\/image\/","url":"https:\/\/www.cosmetics-ebene.com\/wp-content\/uploads\/2024\/09\/cosmetics-ebene-logo-1-e1727351533275.png","contentUrl":"https:\/\/www.cosmetics-ebene.com\/wp-content\/uploads\/2024\/09\/cosmetics-ebene-logo-1-e1727351533275.png","width":350,"height":69,"caption":"Sessi"},"image":{"@id":"https:\/\/www.cosmetics-ebene.com\/en\/#\/schema\/logo\/image\/"}}]}},"_links":{"self":[{"href":"https:\/\/www.cosmetics-ebene.com\/en\/wp-json\/wp\/v2\/product\/10146","targetHints":{"allow":["GET"]}}],"collection":[{"href":"https:\/\/www.cosmetics-ebene.com\/en\/wp-json\/wp\/v2\/product"}],"about":[{"href":"https:\/\/www.cosmetics-ebene.com\/en\/wp-json\/wp\/v2\/types\/product"}],"replies":[{"embeddable":true,"href":"https:\/\/www.cosmetics-ebene.com\/en\/wp-json\/wp\/v2\/comments?post=10146"}],"version-history":[{"count":0,"href":"https:\/\/www.cosmetics-ebene.com\/en\/wp-json\/wp\/v2\/product\/10146\/revisions"}],"wp:featuredmedia":[{"embeddable":true,"href":"https:\/\/www.cosmetics-ebene.com\/en\/wp-json\/wp\/v2\/media\/19666"}],"wp:attachment":[{"href":"https:\/\/www.cosmetics-ebene.com\/en\/wp-json\/wp\/v2\/media?parent=10146"}],"wp:term":[{"taxonomy":"product_brand","embeddable":true,"href":"https:\/\/www.cosmetics-ebene.com\/en\/wp-json\/wp\/v2\/product_brand?post=10146"},{"taxonomy":"product_cat","embeddable":true,"href":"https:\/\/www.cosmetics-ebene.com\/en\/wp-json\/wp\/v2\/product_cat?post=10146"},{"taxonomy":"product_tag","embeddable":true,"href":"https:\/\/www.cosmetics-ebene.com\/en\/wp-json\/wp\/v2\/product_tag?post=10146"}],"curies":[{"name":"wp","href":"https:\/\/api.w.org\/{rel}","templated":true}]}}