{"id":10152,"date":"2019-05-06T15:09:31","date_gmt":"2019-05-06T15:09:31","guid":{"rendered":"https:\/\/preprod.cosmetics-ebene.com\/?product=cbl-lait-eclaircissant-vert-500-ml"},"modified":"2020-08-10T16:43:19","modified_gmt":"2020-08-10T16:43:19","slug":"cbl-lait-eclaircissant-vert-500-ml","status":"publish","type":"product","link":"https:\/\/www.cosmetics-ebene.com\/en\/product\/cbl-lait-eclaircissant-vert-500-ml\/","title":{"rendered":"CBL Lait Eclaircissant Vert 500 ml"},"content":{"rendered":"<h2><span><img decoding=\"async\" src=\"https:\/\/www.cosmetics-ebene.com\/wp-content\/uploads\/content\/icon1.jpg\" alt=\"\" height=\"73\" width=\"69\" \/><span style=\"color:#218e53;\">\u00c9labor\u00e9 et mis au point par des pharmaciens.<\/span><\/span><\/h2>\n<h4>La peau noire ou m\u00e9tiss\u00e9e est sujette plus que toute autre aux t\u00e2ches de pigmentation.<br \/>Le lait CBL plus,\u00a0sans hydroquinone, sans parabens et non test\u00e9 sur les animaux, est particuli\u00e8rement concentr\u00e9 en extraits de plantes \u00e9claircissantes (6%) et convient parfaitement aux peaux sensibles.<br \/>\u00c9labor\u00e9 et mis au point par des pharmaciens, ce lait r\u00e9pond aux exigences sp\u00e9cifiques de la Beaut\u00e9 Africaine.<\/h4>\n<h4>Sa formule originale enrichie en extraits de plantes \u00e9claircissantes (6%) favorise l\u2019\u00e9claircissement de la peau particuli\u00e8rement sensible \u00a0<a href=\"http:\/\/cbl-cosmetique.com\/soin-eclaircissant\/gommage-cbl-130ml\/\">apr\u00e8s l\u2019avoir pr\u00e9alablement gomm\u00e9e.<\/a><\/h4>\n<h4>De plus, l\u2019adjonction de glyc\u00e9rine, huile d\u2019amande douce et vitamine E fait de ce lait un produit performant qui hydrate la couche corn\u00e9e de la peau tout en la nourrissant et en l\u2019adoucissant. La vitamine E quant \u00e0 elle, prot\u00e8ge des effets nocifs, des rayons solaires responsables de l\u2019apparition d\u2019une pigmentation excessive.<\/h4>\n<h2><span><img decoding=\"async\" src=\"https:\/\/www.cosmetics-ebene.com\/wp-content\/uploads\/content\/icon2.jpg\" alt=\"\" height=\"73\" width=\"69\" \/><span style=\"color:#218e53;\"><strong>Conseils d\u2019utilisations :<\/strong><\/span><\/span><\/h2>\n<p>A appliquer une ou deux fois par jour sur de petites surfaces. \u00c9viter le contact avec les yeux. En cas d\u2019irritation cessez l\u2019usage. Ne pas utiliser chez les enfants de moins de 12 ans. Usage externe uniquement<\/p>\n<h2><span><img decoding=\"async\" src=\"https:\/\/www.cosmetics-ebene.com\/wp-content\/uploads\/content\/icon3.jpg\" alt=\"\" height=\"73\" width=\"69\" \/><span style=\"color:#218e53;\"><strong>Composition :<\/strong><\/span><\/span><\/h2>\n<p>Extraits de plantes \u00e9claircissantes (complexe d\u2019extraits de busserole, achil\u00e9\u00e9 millefeuille, pamplemousse) (6%), glyc\u00e9rine, huile d\u2019amande douce, vitamine E.<\/p>\n","protected":false},"excerpt":{"rendered":"<p>La peau noire ou m\u00e9tiss\u00e9e est sujette plus que toute autre aux t\u00e2ches de pigmentation.Le lait CBL plus,\u00a0sans hydroquinone, sans parabens et non test\u00e9 sur les animaux, est particuli\u00e8rement concentr\u00e9 en extraits de plantes \u00e9claircissantes (6%) et convient parfaitement aux peaux sensibles.\u00c9labor\u00e9 et mis au point par des pharmaciens, ce lait r\u00e9pond aux exigences sp\u00e9cifiques de la Beaut\u00e9 Africaine.<\/p>\n","protected":false},"featured_media":19671,"comment_status":"open","ping_status":"closed","template":"","meta":[],"product_brand":[271],"product_cat":[400,402,404],"product_tag":[],"class_list":{"0":"post-10152","1":"product","2":"type-product","3":"status-publish","4":"has-post-thumbnail","6":"product_brand-cbl","7":"product_cat-cbl-en","8":"product_cat-cbl-en1726628130","9":"product_cat-cbl-en1726628133","10":"pa_une-marque-cbl-en","13":"instock","14":"taxable","15":"shipping-taxable","16":"purchasable","17":"product-type-simple"},"yoast_head":"<!-- This site is optimized with the Yoast SEO plugin v27.3 - https:\/\/yoast.com\/product\/yoast-seo-wordpress\/ -->\n<title>CBL Lait Eclaircissant Vert 500 ml - Sessi<\/title>\n<meta name=\"robots\" content=\"index, follow, max-snippet:-1, max-image-preview:large, max-video-preview:-1\" \/>\n<link rel=\"canonical\" href=\"https:\/\/www.cosmetics-ebene.com\/en\/product\/cbl-lait-eclaircissant-vert-500-ml\/\" \/>\n<meta property=\"og:locale\" content=\"en_US\" \/>\n<meta property=\"og:type\" content=\"article\" \/>\n<meta property=\"og:title\" content=\"CBL Lait Eclaircissant Vert 500 ml - Sessi\" \/>\n<meta property=\"og:description\" content=\"La peau noire ou m\u00e9tiss\u00e9e est sujette plus que toute autre aux t\u00e2ches de pigmentation.Le lait CBL plus,\u00a0sans hydroquinone, sans parabens et non test\u00e9 sur les animaux, est particuli\u00e8rement concentr\u00e9 en extraits de plantes \u00e9claircissantes (6%) et convient parfaitement aux peaux sensibles.\u00c9labor\u00e9 et mis au point par des pharmaciens, ce lait r\u00e9pond aux exigences sp\u00e9cifiques de la Beaut\u00e9 Africaine.\" \/>\n<meta property=\"og:url\" content=\"https:\/\/www.cosmetics-ebene.com\/en\/product\/cbl-lait-eclaircissant-vert-500-ml\/\" \/>\n<meta property=\"og:site_name\" content=\"Sessi\" \/>\n<meta property=\"article:modified_time\" content=\"2020-08-10T16:43:19+00:00\" \/>\n<meta property=\"og:image\" content=\"https:\/\/www.cosmetics-ebene.com\/wp-content\/uploads\/2019\/05\/CBL-Lait-Vert.jpg\" \/>\n\t<meta property=\"og:image:width\" content=\"1080\" \/>\n\t<meta property=\"og:image:height\" content=\"1500\" \/>\n\t<meta property=\"og:image:type\" content=\"image\/jpeg\" \/>\n<meta name=\"twitter:card\" content=\"summary_large_image\" \/>\n<meta name=\"twitter:label1\" content=\"Est. reading time\" \/>\n\t<meta name=\"twitter:data1\" content=\"1 minute\" \/>\n<script type=\"application\/ld+json\" class=\"yoast-schema-graph\">{\"@context\":\"https:\\\/\\\/schema.org\",\"@graph\":[{\"@type\":\"WebPage\",\"@id\":\"https:\\\/\\\/www.cosmetics-ebene.com\\\/en\\\/product\\\/cbl-lait-eclaircissant-vert-500-ml\\\/\",\"url\":\"https:\\\/\\\/www.cosmetics-ebene.com\\\/en\\\/product\\\/cbl-lait-eclaircissant-vert-500-ml\\\/\",\"name\":\"CBL Lait Eclaircissant Vert 500 ml - Sessi\",\"isPartOf\":{\"@id\":\"https:\\\/\\\/www.cosmetics-ebene.com\\\/en\\\/#website\"},\"primaryImageOfPage\":{\"@id\":\"https:\\\/\\\/www.cosmetics-ebene.com\\\/en\\\/product\\\/cbl-lait-eclaircissant-vert-500-ml\\\/#primaryimage\"},\"image\":{\"@id\":\"https:\\\/\\\/www.cosmetics-ebene.com\\\/en\\\/product\\\/cbl-lait-eclaircissant-vert-500-ml\\\/#primaryimage\"},\"thumbnailUrl\":\"https:\\\/\\\/www.cosmetics-ebene.com\\\/wp-content\\\/uploads\\\/2019\\\/05\\\/CBL-Lait-Vert.jpg\",\"datePublished\":\"2019-05-06T15:09:31+00:00\",\"dateModified\":\"2020-08-10T16:43:19+00:00\",\"breadcrumb\":{\"@id\":\"https:\\\/\\\/www.cosmetics-ebene.com\\\/en\\\/product\\\/cbl-lait-eclaircissant-vert-500-ml\\\/#breadcrumb\"},\"inLanguage\":\"en-US\",\"potentialAction\":[{\"@type\":\"ReadAction\",\"target\":[\"https:\\\/\\\/www.cosmetics-ebene.com\\\/en\\\/product\\\/cbl-lait-eclaircissant-vert-500-ml\\\/\"]}]},{\"@type\":\"ImageObject\",\"inLanguage\":\"en-US\",\"@id\":\"https:\\\/\\\/www.cosmetics-ebene.com\\\/en\\\/product\\\/cbl-lait-eclaircissant-vert-500-ml\\\/#primaryimage\",\"url\":\"https:\\\/\\\/www.cosmetics-ebene.com\\\/wp-content\\\/uploads\\\/2019\\\/05\\\/CBL-Lait-Vert.jpg\",\"contentUrl\":\"https:\\\/\\\/www.cosmetics-ebene.com\\\/wp-content\\\/uploads\\\/2019\\\/05\\\/CBL-Lait-Vert.jpg\",\"width\":1080,\"height\":1500},{\"@type\":\"BreadcrumbList\",\"@id\":\"https:\\\/\\\/www.cosmetics-ebene.com\\\/en\\\/product\\\/cbl-lait-eclaircissant-vert-500-ml\\\/#breadcrumb\",\"itemListElement\":[{\"@type\":\"ListItem\",\"position\":1,\"name\":\"Home\",\"item\":\"https:\\\/\\\/www.cosmetics-ebene.com\\\/en\\\/\"},{\"@type\":\"ListItem\",\"position\":2,\"name\":\"Shop\",\"item\":\"https:\\\/\\\/www.cosmetics-ebene.com\\\/shop\\\/\"},{\"@type\":\"ListItem\",\"position\":3,\"name\":\"CBL Lait Eclaircissant Vert 500 ml\"}]},{\"@type\":\"WebSite\",\"@id\":\"https:\\\/\\\/www.cosmetics-ebene.com\\\/en\\\/#website\",\"url\":\"https:\\\/\\\/www.cosmetics-ebene.com\\\/en\\\/\",\"name\":\"Sessi\",\"description\":\"Produits de beaut\u00e9 pour peau noires et m\u00e9tiss\u00e9\",\"publisher\":{\"@id\":\"https:\\\/\\\/www.cosmetics-ebene.com\\\/en\\\/#organization\"},\"potentialAction\":[{\"@type\":\"SearchAction\",\"target\":{\"@type\":\"EntryPoint\",\"urlTemplate\":\"https:\\\/\\\/www.cosmetics-ebene.com\\\/en\\\/?s={search_term_string}\"},\"query-input\":{\"@type\":\"PropertyValueSpecification\",\"valueRequired\":true,\"valueName\":\"search_term_string\"}}],\"inLanguage\":\"en-US\"},{\"@type\":\"Organization\",\"@id\":\"https:\\\/\\\/www.cosmetics-ebene.com\\\/en\\\/#organization\",\"name\":\"Sessi\",\"url\":\"https:\\\/\\\/www.cosmetics-ebene.com\\\/en\\\/\",\"logo\":{\"@type\":\"ImageObject\",\"inLanguage\":\"en-US\",\"@id\":\"https:\\\/\\\/www.cosmetics-ebene.com\\\/en\\\/#\\\/schema\\\/logo\\\/image\\\/\",\"url\":\"https:\\\/\\\/www.cosmetics-ebene.com\\\/wp-content\\\/uploads\\\/2024\\\/09\\\/cosmetics-ebene-logo-1-e1727351533275.png\",\"contentUrl\":\"https:\\\/\\\/www.cosmetics-ebene.com\\\/wp-content\\\/uploads\\\/2024\\\/09\\\/cosmetics-ebene-logo-1-e1727351533275.png\",\"width\":350,\"height\":69,\"caption\":\"Sessi\"},\"image\":{\"@id\":\"https:\\\/\\\/www.cosmetics-ebene.com\\\/en\\\/#\\\/schema\\\/logo\\\/image\\\/\"}}]}<\/script>\n<!-- \/ Yoast SEO plugin. -->","yoast_head_json":{"title":"CBL Lait Eclaircissant Vert 500 ml - Sessi","robots":{"index":"index","follow":"follow","max-snippet":"max-snippet:-1","max-image-preview":"max-image-preview:large","max-video-preview":"max-video-preview:-1"},"canonical":"https:\/\/www.cosmetics-ebene.com\/en\/product\/cbl-lait-eclaircissant-vert-500-ml\/","og_locale":"en_US","og_type":"article","og_title":"CBL Lait Eclaircissant Vert 500 ml - Sessi","og_description":"La peau noire ou m\u00e9tiss\u00e9e est sujette plus que toute autre aux t\u00e2ches de pigmentation.Le lait CBL plus,\u00a0sans hydroquinone, sans parabens et non test\u00e9 sur les animaux, est particuli\u00e8rement concentr\u00e9 en extraits de plantes \u00e9claircissantes (6%) et convient parfaitement aux peaux sensibles.\u00c9labor\u00e9 et mis au point par des pharmaciens, ce lait r\u00e9pond aux exigences sp\u00e9cifiques de la Beaut\u00e9 Africaine.","og_url":"https:\/\/www.cosmetics-ebene.com\/en\/product\/cbl-lait-eclaircissant-vert-500-ml\/","og_site_name":"Sessi","article_modified_time":"2020-08-10T16:43:19+00:00","og_image":[{"width":1080,"height":1500,"url":"https:\/\/www.cosmetics-ebene.com\/wp-content\/uploads\/2019\/05\/CBL-Lait-Vert.jpg","type":"image\/jpeg"}],"twitter_card":"summary_large_image","twitter_misc":{"Est. reading time":"1 minute"},"schema":{"@context":"https:\/\/schema.org","@graph":[{"@type":"WebPage","@id":"https:\/\/www.cosmetics-ebene.com\/en\/product\/cbl-lait-eclaircissant-vert-500-ml\/","url":"https:\/\/www.cosmetics-ebene.com\/en\/product\/cbl-lait-eclaircissant-vert-500-ml\/","name":"CBL Lait Eclaircissant Vert 500 ml - Sessi","isPartOf":{"@id":"https:\/\/www.cosmetics-ebene.com\/en\/#website"},"primaryImageOfPage":{"@id":"https:\/\/www.cosmetics-ebene.com\/en\/product\/cbl-lait-eclaircissant-vert-500-ml\/#primaryimage"},"image":{"@id":"https:\/\/www.cosmetics-ebene.com\/en\/product\/cbl-lait-eclaircissant-vert-500-ml\/#primaryimage"},"thumbnailUrl":"https:\/\/www.cosmetics-ebene.com\/wp-content\/uploads\/2019\/05\/CBL-Lait-Vert.jpg","datePublished":"2019-05-06T15:09:31+00:00","dateModified":"2020-08-10T16:43:19+00:00","breadcrumb":{"@id":"https:\/\/www.cosmetics-ebene.com\/en\/product\/cbl-lait-eclaircissant-vert-500-ml\/#breadcrumb"},"inLanguage":"en-US","potentialAction":[{"@type":"ReadAction","target":["https:\/\/www.cosmetics-ebene.com\/en\/product\/cbl-lait-eclaircissant-vert-500-ml\/"]}]},{"@type":"ImageObject","inLanguage":"en-US","@id":"https:\/\/www.cosmetics-ebene.com\/en\/product\/cbl-lait-eclaircissant-vert-500-ml\/#primaryimage","url":"https:\/\/www.cosmetics-ebene.com\/wp-content\/uploads\/2019\/05\/CBL-Lait-Vert.jpg","contentUrl":"https:\/\/www.cosmetics-ebene.com\/wp-content\/uploads\/2019\/05\/CBL-Lait-Vert.jpg","width":1080,"height":1500},{"@type":"BreadcrumbList","@id":"https:\/\/www.cosmetics-ebene.com\/en\/product\/cbl-lait-eclaircissant-vert-500-ml\/#breadcrumb","itemListElement":[{"@type":"ListItem","position":1,"name":"Home","item":"https:\/\/www.cosmetics-ebene.com\/en\/"},{"@type":"ListItem","position":2,"name":"Shop","item":"https:\/\/www.cosmetics-ebene.com\/shop\/"},{"@type":"ListItem","position":3,"name":"CBL Lait Eclaircissant Vert 500 ml"}]},{"@type":"WebSite","@id":"https:\/\/www.cosmetics-ebene.com\/en\/#website","url":"https:\/\/www.cosmetics-ebene.com\/en\/","name":"Sessi","description":"Produits de beaut\u00e9 pour peau noires et m\u00e9tiss\u00e9","publisher":{"@id":"https:\/\/www.cosmetics-ebene.com\/en\/#organization"},"potentialAction":[{"@type":"SearchAction","target":{"@type":"EntryPoint","urlTemplate":"https:\/\/www.cosmetics-ebene.com\/en\/?s={search_term_string}"},"query-input":{"@type":"PropertyValueSpecification","valueRequired":true,"valueName":"search_term_string"}}],"inLanguage":"en-US"},{"@type":"Organization","@id":"https:\/\/www.cosmetics-ebene.com\/en\/#organization","name":"Sessi","url":"https:\/\/www.cosmetics-ebene.com\/en\/","logo":{"@type":"ImageObject","inLanguage":"en-US","@id":"https:\/\/www.cosmetics-ebene.com\/en\/#\/schema\/logo\/image\/","url":"https:\/\/www.cosmetics-ebene.com\/wp-content\/uploads\/2024\/09\/cosmetics-ebene-logo-1-e1727351533275.png","contentUrl":"https:\/\/www.cosmetics-ebene.com\/wp-content\/uploads\/2024\/09\/cosmetics-ebene-logo-1-e1727351533275.png","width":350,"height":69,"caption":"Sessi"},"image":{"@id":"https:\/\/www.cosmetics-ebene.com\/en\/#\/schema\/logo\/image\/"}}]}},"_links":{"self":[{"href":"https:\/\/www.cosmetics-ebene.com\/en\/wp-json\/wp\/v2\/product\/10152","targetHints":{"allow":["GET"]}}],"collection":[{"href":"https:\/\/www.cosmetics-ebene.com\/en\/wp-json\/wp\/v2\/product"}],"about":[{"href":"https:\/\/www.cosmetics-ebene.com\/en\/wp-json\/wp\/v2\/types\/product"}],"replies":[{"embeddable":true,"href":"https:\/\/www.cosmetics-ebene.com\/en\/wp-json\/wp\/v2\/comments?post=10152"}],"version-history":[{"count":0,"href":"https:\/\/www.cosmetics-ebene.com\/en\/wp-json\/wp\/v2\/product\/10152\/revisions"}],"wp:featuredmedia":[{"embeddable":true,"href":"https:\/\/www.cosmetics-ebene.com\/en\/wp-json\/wp\/v2\/media\/19671"}],"wp:attachment":[{"href":"https:\/\/www.cosmetics-ebene.com\/en\/wp-json\/wp\/v2\/media?parent=10152"}],"wp:term":[{"taxonomy":"product_brand","embeddable":true,"href":"https:\/\/www.cosmetics-ebene.com\/en\/wp-json\/wp\/v2\/product_brand?post=10152"},{"taxonomy":"product_cat","embeddable":true,"href":"https:\/\/www.cosmetics-ebene.com\/en\/wp-json\/wp\/v2\/product_cat?post=10152"},{"taxonomy":"product_tag","embeddable":true,"href":"https:\/\/www.cosmetics-ebene.com\/en\/wp-json\/wp\/v2\/product_tag?post=10152"}],"curies":[{"name":"wp","href":"https:\/\/api.w.org\/{rel}","templated":true}]}}