{"id":10164,"date":"2019-05-06T15:20:42","date_gmt":"2019-05-06T15:20:42","guid":{"rendered":"https:\/\/preprod.cosmetics-ebene.com\/?product=cbl-lait-eclaircissant-rouge-500-ml"},"modified":"2026-03-27T15:34:30","modified_gmt":"2026-03-27T15:34:30","slug":"cbl-lait-eclaircissant-rouge-500-ml","status":"publish","type":"product","link":"https:\/\/www.cosmetics-ebene.com\/en\/product\/cbl-lait-eclaircissant-rouge-500-ml\/","title":{"rendered":"CBL Lait Eclaircissant Rouge 500 ml"},"content":{"rendered":"<h2><span style=\"color:#b70f0f;\"><strong><img decoding=\"async\" src=\"https:\/\/www.cosmetics-ebene.com\/wp-content\/uploads\/content\/icon1.jpg\" alt=\"\" height=\"73\" width=\"69\" \/>\u00c9labor\u00e9 et mis au point par des pharmaciens.<\/strong><\/span><\/h2>\n<p>Le lait corporel \u00e9claircissant CBL a \u00e9t\u00e9 con\u00e7u pour r\u00e9pondre aux exigences particuli\u00e8res de la Beaut\u00e9 Africaine.<br \/>Sa formule originale,\u00a0<span>sans hydroquinone, sans parab\u00e8ne et non test\u00e9e sur les animaux<\/span>, \u00a0favorise l\u2019\u00e9claircissement de la peau;<br \/>La concentration importante de produits \u00e0 effet \u00e9claircissant (complexe d\u2019extraits de busserole, achil\u00e9\u00e9 millefeuille, pamplemousse) garantit un r\u00e9sultat performant, un teint clair et lumineux.<br \/>V\u00e9ritable soin actif, le lait corporel \u00e9claircissant CBL hydrate la peau tout en la nourrissant et en l\u2019adoucissant.<\/p>\n<h2><span style=\"color:#b70f0f;\"><img decoding=\"async\" src=\"https:\/\/www.cosmetics-ebene.com\/wp-content\/uploads\/content\/icon2.jpg\" alt=\"\" height=\"73\" width=\"69\" \/><strong>Conseils d\u2019utilisations :<\/strong><\/span><\/h2>\n<p>A appliquer une ou deux fois par jour sur de petites surfaces. \u00c9viter le contact avec les yeux. En cas d\u2019irritation cessez l\u2019usage. Ne pas utiliser chez les enfants de moins de 12 ans. Usage externe uniquement<\/p>\n<h2><span style=\"color:#b70f0f;\"><img decoding=\"async\" src=\"https:\/\/www.cosmetics-ebene.com\/wp-content\/uploads\/content\/icon3.jpg\" alt=\"\" height=\"73\" width=\"69\" \/><strong>Composition :<\/strong><\/span><\/h2>\n<p>Extrait de plantes \u00e9claircissantes (2%), lactate de sodium, vitamine E, huile d\u2019amande douce.<\/p>\n<\/p>\n<h2><span style=\"color:#b70f0f;\"><img loading=\"lazy\" decoding=\"async\" src=\"https:\/\/www.cosmetics-ebene.com\/wp-content\/uploads\/content\/icon4b.jpg\" alt=\"\" height=\"73\" width=\"69\" \/><strong>Vid\u00e9o de pr\u00e9sentation CBL<\/strong><\/span><\/h2>\n<\/p>\n<\/p>\n<\/p>\n<\/p>\n<p><video width=\"300\" height=\"150\" controls=\"\"><source src=\"\/img\/cms\/CBL%20HDF%20.mp4\" type=\"video\/mp4\"><\/source><\/video><\/p>\n","protected":false},"excerpt":{"rendered":"<p>\u00c9labor\u00e9 par des pharmaciens, le lait \u00e9claircissant CBL a \u00e9t\u00e9 con\u00e7u pour r\u00e9pondre aux exigences particuli\u00e8res de la Beaut\u00e9 Africaine.Sa formule originale,\u00a0sans hydroquinone, sans parabens et non test\u00e9e sur les animaux, \u00a0favorise l\u2019\u00e9claircissement de la peau.La concentration importante de produits \u00e0 effet \u00e9claircissant garantit un r\u00e9sultat performant, un teint clair et lumineux.<\/p>\n","protected":false},"featured_media":10162,"comment_status":"open","ping_status":"closed","template":"","meta":[],"product_brand":[271,272],"product_cat":[400,402,404,392,374,342],"product_tag":[],"class_list":{"0":"post-10164","1":"product","2":"type-product","3":"status-publish","4":"has-post-thumbnail","6":"product_brand-cbl","8":"product_cat-cbl-en","9":"product_cat-cbl-en1726628130","10":"product_cat-cbl-en1726628133","11":"product_cat-lait-eclaircissant-clarifiant","12":"product_cat-lightening-and-clarifying","13":"product_cat-our-brands","14":"pa_une-marque-cbl-en","17":"instock","18":"taxable","19":"shipping-taxable","20":"purchasable","21":"product-type-simple"},"yoast_head":"<!-- This site is optimized with the Yoast SEO plugin v27.3 - https:\/\/yoast.com\/product\/yoast-seo-wordpress\/ -->\n<title>CBL Lait Eclaircissant Rouge 500 ml - Sessi<\/title>\n<meta name=\"robots\" content=\"index, follow, max-snippet:-1, max-image-preview:large, max-video-preview:-1\" \/>\n<link rel=\"canonical\" href=\"https:\/\/www.cosmetics-ebene.com\/en\/product\/cbl-lait-eclaircissant-rouge-500-ml\/\" \/>\n<meta property=\"og:locale\" content=\"en_US\" \/>\n<meta property=\"og:type\" content=\"article\" \/>\n<meta property=\"og:title\" content=\"CBL Lait Eclaircissant Rouge 500 ml - Sessi\" \/>\n<meta property=\"og:description\" content=\"\u00c9labor\u00e9 par des pharmaciens, le lait \u00e9claircissant CBL a \u00e9t\u00e9 con\u00e7u pour r\u00e9pondre aux exigences particuli\u00e8res de la Beaut\u00e9 Africaine.Sa formule originale,\u00a0sans hydroquinone, sans parabens et non test\u00e9e sur les animaux, \u00a0favorise l\u2019\u00e9claircissement de la peau.La concentration importante de produits \u00e0 effet \u00e9claircissant garantit un r\u00e9sultat performant, un teint clair et lumineux.\" \/>\n<meta property=\"og:url\" content=\"https:\/\/www.cosmetics-ebene.com\/en\/product\/cbl-lait-eclaircissant-rouge-500-ml\/\" \/>\n<meta property=\"og:site_name\" content=\"Sessi\" \/>\n<meta property=\"article:modified_time\" content=\"2026-03-27T15:34:30+00:00\" \/>\n<meta property=\"og:image\" content=\"https:\/\/www.cosmetics-ebene.com\/wp-content\/uploads\/2024\/09\/653.jpg\" \/>\n\t<meta property=\"og:image:width\" content=\"1200\" \/>\n\t<meta property=\"og:image:height\" content=\"1800\" \/>\n\t<meta property=\"og:image:type\" content=\"image\/jpeg\" \/>\n<meta name=\"twitter:card\" content=\"summary_large_image\" \/>\n<meta name=\"twitter:label1\" content=\"Est. reading time\" \/>\n\t<meta name=\"twitter:data1\" content=\"1 minute\" \/>\n<script type=\"application\/ld+json\" class=\"yoast-schema-graph\">{\"@context\":\"https:\\\/\\\/schema.org\",\"@graph\":[{\"@type\":\"WebPage\",\"@id\":\"https:\\\/\\\/www.cosmetics-ebene.com\\\/en\\\/product\\\/cbl-lait-eclaircissant-rouge-500-ml\\\/\",\"url\":\"https:\\\/\\\/www.cosmetics-ebene.com\\\/en\\\/product\\\/cbl-lait-eclaircissant-rouge-500-ml\\\/\",\"name\":\"CBL Lait Eclaircissant Rouge 500 ml - Sessi\",\"isPartOf\":{\"@id\":\"https:\\\/\\\/www.cosmetics-ebene.com\\\/en\\\/#website\"},\"primaryImageOfPage\":{\"@id\":\"https:\\\/\\\/www.cosmetics-ebene.com\\\/en\\\/product\\\/cbl-lait-eclaircissant-rouge-500-ml\\\/#primaryimage\"},\"image\":{\"@id\":\"https:\\\/\\\/www.cosmetics-ebene.com\\\/en\\\/product\\\/cbl-lait-eclaircissant-rouge-500-ml\\\/#primaryimage\"},\"thumbnailUrl\":\"https:\\\/\\\/www.cosmetics-ebene.com\\\/wp-content\\\/uploads\\\/2024\\\/09\\\/653.jpg\",\"datePublished\":\"2019-05-06T15:20:42+00:00\",\"dateModified\":\"2026-03-27T15:34:30+00:00\",\"breadcrumb\":{\"@id\":\"https:\\\/\\\/www.cosmetics-ebene.com\\\/en\\\/product\\\/cbl-lait-eclaircissant-rouge-500-ml\\\/#breadcrumb\"},\"inLanguage\":\"en-US\",\"potentialAction\":[{\"@type\":\"ReadAction\",\"target\":[\"https:\\\/\\\/www.cosmetics-ebene.com\\\/en\\\/product\\\/cbl-lait-eclaircissant-rouge-500-ml\\\/\"]}]},{\"@type\":\"ImageObject\",\"inLanguage\":\"en-US\",\"@id\":\"https:\\\/\\\/www.cosmetics-ebene.com\\\/en\\\/product\\\/cbl-lait-eclaircissant-rouge-500-ml\\\/#primaryimage\",\"url\":\"https:\\\/\\\/www.cosmetics-ebene.com\\\/wp-content\\\/uploads\\\/2024\\\/09\\\/653.jpg\",\"contentUrl\":\"https:\\\/\\\/www.cosmetics-ebene.com\\\/wp-content\\\/uploads\\\/2024\\\/09\\\/653.jpg\",\"width\":1200,\"height\":1800,\"caption\":\"CBL Lait Eclaircissant Rouge 500 ml\"},{\"@type\":\"BreadcrumbList\",\"@id\":\"https:\\\/\\\/www.cosmetics-ebene.com\\\/en\\\/product\\\/cbl-lait-eclaircissant-rouge-500-ml\\\/#breadcrumb\",\"itemListElement\":[{\"@type\":\"ListItem\",\"position\":1,\"name\":\"Home\",\"item\":\"https:\\\/\\\/www.cosmetics-ebene.com\\\/en\\\/\"},{\"@type\":\"ListItem\",\"position\":2,\"name\":\"Shop\",\"item\":\"https:\\\/\\\/www.cosmetics-ebene.com\\\/shop\\\/\"},{\"@type\":\"ListItem\",\"position\":3,\"name\":\"CBL Lait Eclaircissant Rouge 500 ml\"}]},{\"@type\":\"WebSite\",\"@id\":\"https:\\\/\\\/www.cosmetics-ebene.com\\\/en\\\/#website\",\"url\":\"https:\\\/\\\/www.cosmetics-ebene.com\\\/en\\\/\",\"name\":\"Sessi\",\"description\":\"Produits de beaut\u00e9 pour peau noires et m\u00e9tiss\u00e9\",\"publisher\":{\"@id\":\"https:\\\/\\\/www.cosmetics-ebene.com\\\/en\\\/#organization\"},\"potentialAction\":[{\"@type\":\"SearchAction\",\"target\":{\"@type\":\"EntryPoint\",\"urlTemplate\":\"https:\\\/\\\/www.cosmetics-ebene.com\\\/en\\\/?s={search_term_string}\"},\"query-input\":{\"@type\":\"PropertyValueSpecification\",\"valueRequired\":true,\"valueName\":\"search_term_string\"}}],\"inLanguage\":\"en-US\"},{\"@type\":\"Organization\",\"@id\":\"https:\\\/\\\/www.cosmetics-ebene.com\\\/en\\\/#organization\",\"name\":\"Sessi\",\"url\":\"https:\\\/\\\/www.cosmetics-ebene.com\\\/en\\\/\",\"logo\":{\"@type\":\"ImageObject\",\"inLanguage\":\"en-US\",\"@id\":\"https:\\\/\\\/www.cosmetics-ebene.com\\\/en\\\/#\\\/schema\\\/logo\\\/image\\\/\",\"url\":\"https:\\\/\\\/www.cosmetics-ebene.com\\\/wp-content\\\/uploads\\\/2024\\\/09\\\/cosmetics-ebene-logo-1-e1727351533275.png\",\"contentUrl\":\"https:\\\/\\\/www.cosmetics-ebene.com\\\/wp-content\\\/uploads\\\/2024\\\/09\\\/cosmetics-ebene-logo-1-e1727351533275.png\",\"width\":350,\"height\":69,\"caption\":\"Sessi\"},\"image\":{\"@id\":\"https:\\\/\\\/www.cosmetics-ebene.com\\\/en\\\/#\\\/schema\\\/logo\\\/image\\\/\"}}]}<\/script>\n<!-- \/ Yoast SEO plugin. -->","yoast_head_json":{"title":"CBL Lait Eclaircissant Rouge 500 ml - Sessi","robots":{"index":"index","follow":"follow","max-snippet":"max-snippet:-1","max-image-preview":"max-image-preview:large","max-video-preview":"max-video-preview:-1"},"canonical":"https:\/\/www.cosmetics-ebene.com\/en\/product\/cbl-lait-eclaircissant-rouge-500-ml\/","og_locale":"en_US","og_type":"article","og_title":"CBL Lait Eclaircissant Rouge 500 ml - Sessi","og_description":"\u00c9labor\u00e9 par des pharmaciens, le lait \u00e9claircissant CBL a \u00e9t\u00e9 con\u00e7u pour r\u00e9pondre aux exigences particuli\u00e8res de la Beaut\u00e9 Africaine.Sa formule originale,\u00a0sans hydroquinone, sans parabens et non test\u00e9e sur les animaux, \u00a0favorise l\u2019\u00e9claircissement de la peau.La concentration importante de produits \u00e0 effet \u00e9claircissant garantit un r\u00e9sultat performant, un teint clair et lumineux.","og_url":"https:\/\/www.cosmetics-ebene.com\/en\/product\/cbl-lait-eclaircissant-rouge-500-ml\/","og_site_name":"Sessi","article_modified_time":"2026-03-27T15:34:30+00:00","og_image":[{"width":1200,"height":1800,"url":"https:\/\/www.cosmetics-ebene.com\/wp-content\/uploads\/2024\/09\/653.jpg","type":"image\/jpeg"}],"twitter_card":"summary_large_image","twitter_misc":{"Est. reading time":"1 minute"},"schema":{"@context":"https:\/\/schema.org","@graph":[{"@type":"WebPage","@id":"https:\/\/www.cosmetics-ebene.com\/en\/product\/cbl-lait-eclaircissant-rouge-500-ml\/","url":"https:\/\/www.cosmetics-ebene.com\/en\/product\/cbl-lait-eclaircissant-rouge-500-ml\/","name":"CBL Lait Eclaircissant Rouge 500 ml - Sessi","isPartOf":{"@id":"https:\/\/www.cosmetics-ebene.com\/en\/#website"},"primaryImageOfPage":{"@id":"https:\/\/www.cosmetics-ebene.com\/en\/product\/cbl-lait-eclaircissant-rouge-500-ml\/#primaryimage"},"image":{"@id":"https:\/\/www.cosmetics-ebene.com\/en\/product\/cbl-lait-eclaircissant-rouge-500-ml\/#primaryimage"},"thumbnailUrl":"https:\/\/www.cosmetics-ebene.com\/wp-content\/uploads\/2024\/09\/653.jpg","datePublished":"2019-05-06T15:20:42+00:00","dateModified":"2026-03-27T15:34:30+00:00","breadcrumb":{"@id":"https:\/\/www.cosmetics-ebene.com\/en\/product\/cbl-lait-eclaircissant-rouge-500-ml\/#breadcrumb"},"inLanguage":"en-US","potentialAction":[{"@type":"ReadAction","target":["https:\/\/www.cosmetics-ebene.com\/en\/product\/cbl-lait-eclaircissant-rouge-500-ml\/"]}]},{"@type":"ImageObject","inLanguage":"en-US","@id":"https:\/\/www.cosmetics-ebene.com\/en\/product\/cbl-lait-eclaircissant-rouge-500-ml\/#primaryimage","url":"https:\/\/www.cosmetics-ebene.com\/wp-content\/uploads\/2024\/09\/653.jpg","contentUrl":"https:\/\/www.cosmetics-ebene.com\/wp-content\/uploads\/2024\/09\/653.jpg","width":1200,"height":1800,"caption":"CBL Lait Eclaircissant Rouge 500 ml"},{"@type":"BreadcrumbList","@id":"https:\/\/www.cosmetics-ebene.com\/en\/product\/cbl-lait-eclaircissant-rouge-500-ml\/#breadcrumb","itemListElement":[{"@type":"ListItem","position":1,"name":"Home","item":"https:\/\/www.cosmetics-ebene.com\/en\/"},{"@type":"ListItem","position":2,"name":"Shop","item":"https:\/\/www.cosmetics-ebene.com\/shop\/"},{"@type":"ListItem","position":3,"name":"CBL Lait Eclaircissant Rouge 500 ml"}]},{"@type":"WebSite","@id":"https:\/\/www.cosmetics-ebene.com\/en\/#website","url":"https:\/\/www.cosmetics-ebene.com\/en\/","name":"Sessi","description":"Produits de beaut\u00e9 pour peau noires et m\u00e9tiss\u00e9","publisher":{"@id":"https:\/\/www.cosmetics-ebene.com\/en\/#organization"},"potentialAction":[{"@type":"SearchAction","target":{"@type":"EntryPoint","urlTemplate":"https:\/\/www.cosmetics-ebene.com\/en\/?s={search_term_string}"},"query-input":{"@type":"PropertyValueSpecification","valueRequired":true,"valueName":"search_term_string"}}],"inLanguage":"en-US"},{"@type":"Organization","@id":"https:\/\/www.cosmetics-ebene.com\/en\/#organization","name":"Sessi","url":"https:\/\/www.cosmetics-ebene.com\/en\/","logo":{"@type":"ImageObject","inLanguage":"en-US","@id":"https:\/\/www.cosmetics-ebene.com\/en\/#\/schema\/logo\/image\/","url":"https:\/\/www.cosmetics-ebene.com\/wp-content\/uploads\/2024\/09\/cosmetics-ebene-logo-1-e1727351533275.png","contentUrl":"https:\/\/www.cosmetics-ebene.com\/wp-content\/uploads\/2024\/09\/cosmetics-ebene-logo-1-e1727351533275.png","width":350,"height":69,"caption":"Sessi"},"image":{"@id":"https:\/\/www.cosmetics-ebene.com\/en\/#\/schema\/logo\/image\/"}}]}},"_links":{"self":[{"href":"https:\/\/www.cosmetics-ebene.com\/en\/wp-json\/wp\/v2\/product\/10164","targetHints":{"allow":["GET"]}}],"collection":[{"href":"https:\/\/www.cosmetics-ebene.com\/en\/wp-json\/wp\/v2\/product"}],"about":[{"href":"https:\/\/www.cosmetics-ebene.com\/en\/wp-json\/wp\/v2\/types\/product"}],"replies":[{"embeddable":true,"href":"https:\/\/www.cosmetics-ebene.com\/en\/wp-json\/wp\/v2\/comments?post=10164"}],"version-history":[{"count":0,"href":"https:\/\/www.cosmetics-ebene.com\/en\/wp-json\/wp\/v2\/product\/10164\/revisions"}],"wp:featuredmedia":[{"embeddable":true,"href":"https:\/\/www.cosmetics-ebene.com\/en\/wp-json\/wp\/v2\/media\/10162"}],"wp:attachment":[{"href":"https:\/\/www.cosmetics-ebene.com\/en\/wp-json\/wp\/v2\/media?parent=10164"}],"wp:term":[{"taxonomy":"product_brand","embeddable":true,"href":"https:\/\/www.cosmetics-ebene.com\/en\/wp-json\/wp\/v2\/product_brand?post=10164"},{"taxonomy":"product_cat","embeddable":true,"href":"https:\/\/www.cosmetics-ebene.com\/en\/wp-json\/wp\/v2\/product_cat?post=10164"},{"taxonomy":"product_tag","embeddable":true,"href":"https:\/\/www.cosmetics-ebene.com\/en\/wp-json\/wp\/v2\/product_tag?post=10164"}],"curies":[{"name":"wp","href":"https:\/\/api.w.org\/{rel}","templated":true}]}}