{"id":10170,"date":"2019-05-07T15:00:28","date_gmt":"2019-05-07T15:00:28","guid":{"rendered":"https:\/\/preprod.cosmetics-ebene.com\/?product=dh7-gel-douche-bebe-senteurs-peche-et-abricot"},"modified":"2022-01-18T13:25:51","modified_gmt":"2022-01-18T13:25:51","slug":"dh7-gel-douche-bebe-senteurs-peche-et-abricot","status":"publish","type":"product","link":"https:\/\/www.cosmetics-ebene.com\/en\/product\/dh7-gel-douche-bebe-senteurs-peche-et-abricot\/","title":{"rendered":"DH7 Apricot &#038; Peach Baby Shower Gel"},"content":{"rendered":"<ul>\n<li>\n<h2><img decoding=\"async\" src=\"https:\/\/www.cosmetics-ebene.com\/wp-content\/uploads\/content\/icon1.jpg\" alt=\"\" height=\"73\" width=\"69\" \/>\u00c9labor\u00e9 et mis au point par des\u00a0scientifiques.\u00a0<\/h2>\n<\/li>\n<\/ul>\n<p>Ce gel douche adapt\u00e9 pour les b\u00e9b\u00e9s vous permettra de laver les cheveux et le corps de votre enfant efficacement tout en respectant sa peau d\u00e9licate. Ses notes fruit\u00e9es d\u2019abricot et de p\u00eache feront de la toilette, un moment de plaisir pour votre enfant. Ce gel douche 2 en 1 est id\u00e9al pour l\u2019hygi\u00e8ne de votre b\u00e9b\u00e9 au quotidien. Il a \u00e9t\u00e9 test\u00e9 sur peaux sensibles sous contr\u00f4le dermatologique.<\/p>\n<ul>\n<li>\n<h2><img decoding=\"async\" src=\"https:\/\/www.cosmetics-ebene.com\/wp-content\/uploads\/content\/icon2.jpg\" alt=\"\" height=\"73\" width=\"69\" \/><strong>Conseils d\u2019utilisations :<\/strong><\/h2>\n<p>A\u00a0utiliser\u00a0une ou deux fois par jour lors de votre douche. \u00c9viter le contact avec les yeux. En cas d\u2019irritation cessez l\u2019usage. Ne pas utiliser chez les enfants de moins de 12 ans. Usage externe uniquement\u00a0<\/p>\n<ul>\n<li>\n<h2><img decoding=\"async\" src=\"https:\/\/www.cosmetics-ebene.com\/wp-content\/uploads\/content\/icon3.jpg\" alt=\"\" height=\"73\" width=\"69\" \/><strong>Composition :\u00a0<\/strong><\/h2>\n<\/li>\n<\/ul>\n<\/li>\n<li>\n<p>\u00a0AQUA, DISODIUM COCOAMPHODIACETATE, SODIUM CHLORIDE, PEG-150 PENTAERYTHRITYL TETRASTEARATE, SODIUM GLYCOLATE, GLYCERIN, PPG-2 HYDROXYETHYL COCAMIDE, CITRIC ACID, PARFUM, PPG-1-PEG-9 LAURYL GLYCOL ETHER, COCAMIDOPROPYL HYDROXYSULTAINE, SODIUM BENZOATE, POTASSIUM SORBATE, ALPHA-GLUCAN OLIGOSACCHARIDE, CALENDULA OFFICINALIS FLOWER EXTRACT, ANTHEMIS NOBILIS FLOWER EXTRACT, PROPYLENE GLYCOL, CI 15985, CI 14700<\/p>\n<\/li>\n<\/ul>\n","protected":false},"excerpt":{"rendered":"<p>Ce gel douche adapt\u00e9 pour les b\u00e9b\u00e9s vous permettra de laver les cheveux et le corps de votre enfant efficacement tout en respectant sa peau d\u00e9licate. Ses notes fruit\u00e9es d\u2019abricot et de p\u00eache feront de la toilette, un moment de plaisir pour votre enfant. Ce gel douche 2 en 1 est id\u00e9al pour l\u2019hygi\u00e8ne de votre b\u00e9b\u00e9 au quotidien. Il a \u00e9t\u00e9 test\u00e9 sur peaux sensibles sous contr\u00f4le dermatologique.<\/p>\n","protected":false},"featured_media":19629,"comment_status":"open","ping_status":"closed","template":"","meta":[],"product_brand":[261],"product_cat":[352,330,332,384],"product_tag":[],"class_list":{"0":"post-10170","1":"product","2":"type-product","3":"status-publish","4":"has-post-thumbnail","6":"product_brand-dh7","7":"product_cat-babies-and-kids","8":"product_cat-dh7-baby","9":"product_cat-dh7-shower-gel","10":"product_cat-shampoo-creme-en","11":"pa_je-suis-un-enfant-en","12":"pa_une-marque-dh7-en","13":"pa_une-solution-pour-corps-solution-pour-le-bain-en","16":"instock","17":"taxable","18":"shipping-taxable","19":"purchasable","20":"product-type-simple"},"yoast_head":"<!-- This site is optimized with the Yoast SEO plugin v27.3 - https:\/\/yoast.com\/product\/yoast-seo-wordpress\/ -->\n<title>DH7 Apricot &amp; Peach Baby Shower Gel - Sessi<\/title>\n<meta name=\"robots\" content=\"index, follow, max-snippet:-1, max-image-preview:large, max-video-preview:-1\" \/>\n<link rel=\"canonical\" href=\"https:\/\/www.cosmetics-ebene.com\/en\/product\/dh7-gel-douche-bebe-senteurs-peche-et-abricot\/\" \/>\n<meta property=\"og:locale\" content=\"en_US\" \/>\n<meta property=\"og:type\" content=\"article\" \/>\n<meta property=\"og:title\" content=\"DH7 Apricot &amp; Peach Baby Shower Gel - Sessi\" \/>\n<meta property=\"og:description\" content=\"Ce gel douche adapt\u00e9 pour les b\u00e9b\u00e9s vous permettra de laver les cheveux et le corps de votre enfant efficacement tout en respectant sa peau d\u00e9licate. Ses notes fruit\u00e9es d\u2019abricot et de p\u00eache feront de la toilette, un moment de plaisir pour votre enfant. Ce gel douche 2 en 1 est id\u00e9al pour l\u2019hygi\u00e8ne de votre b\u00e9b\u00e9 au quotidien. Il a \u00e9t\u00e9 test\u00e9 sur peaux sensibles sous contr\u00f4le dermatologique.\" \/>\n<meta property=\"og:url\" content=\"https:\/\/www.cosmetics-ebene.com\/en\/product\/dh7-gel-douche-bebe-senteurs-peche-et-abricot\/\" \/>\n<meta property=\"og:site_name\" content=\"Sessi\" \/>\n<meta property=\"article:modified_time\" content=\"2022-01-18T13:25:51+00:00\" \/>\n<meta property=\"og:image\" content=\"https:\/\/www.cosmetics-ebene.com\/wp-content\/uploads\/2019\/05\/DH7-Bebe-1.jpg\" \/>\n\t<meta property=\"og:image:width\" content=\"1080\" \/>\n\t<meta property=\"og:image:height\" content=\"1500\" \/>\n\t<meta property=\"og:image:type\" content=\"image\/jpeg\" \/>\n<meta name=\"twitter:card\" content=\"summary_large_image\" \/>\n<meta name=\"twitter:label1\" content=\"Est. reading time\" \/>\n\t<meta name=\"twitter:data1\" content=\"1 minute\" \/>\n<script type=\"application\/ld+json\" class=\"yoast-schema-graph\">{\"@context\":\"https:\\\/\\\/schema.org\",\"@graph\":[{\"@type\":\"WebPage\",\"@id\":\"https:\\\/\\\/www.cosmetics-ebene.com\\\/en\\\/product\\\/dh7-gel-douche-bebe-senteurs-peche-et-abricot\\\/\",\"url\":\"https:\\\/\\\/www.cosmetics-ebene.com\\\/en\\\/product\\\/dh7-gel-douche-bebe-senteurs-peche-et-abricot\\\/\",\"name\":\"DH7 Apricot & Peach Baby Shower Gel - Sessi\",\"isPartOf\":{\"@id\":\"https:\\\/\\\/www.cosmetics-ebene.com\\\/en\\\/#website\"},\"primaryImageOfPage\":{\"@id\":\"https:\\\/\\\/www.cosmetics-ebene.com\\\/en\\\/product\\\/dh7-gel-douche-bebe-senteurs-peche-et-abricot\\\/#primaryimage\"},\"image\":{\"@id\":\"https:\\\/\\\/www.cosmetics-ebene.com\\\/en\\\/product\\\/dh7-gel-douche-bebe-senteurs-peche-et-abricot\\\/#primaryimage\"},\"thumbnailUrl\":\"https:\\\/\\\/www.cosmetics-ebene.com\\\/wp-content\\\/uploads\\\/2019\\\/05\\\/DH7-Bebe-1.jpg\",\"datePublished\":\"2019-05-07T15:00:28+00:00\",\"dateModified\":\"2022-01-18T13:25:51+00:00\",\"breadcrumb\":{\"@id\":\"https:\\\/\\\/www.cosmetics-ebene.com\\\/en\\\/product\\\/dh7-gel-douche-bebe-senteurs-peche-et-abricot\\\/#breadcrumb\"},\"inLanguage\":\"en-US\",\"potentialAction\":[{\"@type\":\"ReadAction\",\"target\":[\"https:\\\/\\\/www.cosmetics-ebene.com\\\/en\\\/product\\\/dh7-gel-douche-bebe-senteurs-peche-et-abricot\\\/\"]}]},{\"@type\":\"ImageObject\",\"inLanguage\":\"en-US\",\"@id\":\"https:\\\/\\\/www.cosmetics-ebene.com\\\/en\\\/product\\\/dh7-gel-douche-bebe-senteurs-peche-et-abricot\\\/#primaryimage\",\"url\":\"https:\\\/\\\/www.cosmetics-ebene.com\\\/wp-content\\\/uploads\\\/2019\\\/05\\\/DH7-Bebe-1.jpg\",\"contentUrl\":\"https:\\\/\\\/www.cosmetics-ebene.com\\\/wp-content\\\/uploads\\\/2019\\\/05\\\/DH7-Bebe-1.jpg\",\"width\":1080,\"height\":1500},{\"@type\":\"BreadcrumbList\",\"@id\":\"https:\\\/\\\/www.cosmetics-ebene.com\\\/en\\\/product\\\/dh7-gel-douche-bebe-senteurs-peche-et-abricot\\\/#breadcrumb\",\"itemListElement\":[{\"@type\":\"ListItem\",\"position\":1,\"name\":\"Home\",\"item\":\"https:\\\/\\\/www.cosmetics-ebene.com\\\/en\\\/\"},{\"@type\":\"ListItem\",\"position\":2,\"name\":\"Shop\",\"item\":\"https:\\\/\\\/www.cosmetics-ebene.com\\\/shop\\\/\"},{\"@type\":\"ListItem\",\"position\":3,\"name\":\"DH7 Apricot &#038; Peach Baby Shower Gel\"}]},{\"@type\":\"WebSite\",\"@id\":\"https:\\\/\\\/www.cosmetics-ebene.com\\\/en\\\/#website\",\"url\":\"https:\\\/\\\/www.cosmetics-ebene.com\\\/en\\\/\",\"name\":\"Sessi\",\"description\":\"Produits de beaut\u00e9 pour peau noires et m\u00e9tiss\u00e9\",\"publisher\":{\"@id\":\"https:\\\/\\\/www.cosmetics-ebene.com\\\/en\\\/#organization\"},\"potentialAction\":[{\"@type\":\"SearchAction\",\"target\":{\"@type\":\"EntryPoint\",\"urlTemplate\":\"https:\\\/\\\/www.cosmetics-ebene.com\\\/en\\\/?s={search_term_string}\"},\"query-input\":{\"@type\":\"PropertyValueSpecification\",\"valueRequired\":true,\"valueName\":\"search_term_string\"}}],\"inLanguage\":\"en-US\"},{\"@type\":\"Organization\",\"@id\":\"https:\\\/\\\/www.cosmetics-ebene.com\\\/en\\\/#organization\",\"name\":\"Sessi\",\"url\":\"https:\\\/\\\/www.cosmetics-ebene.com\\\/en\\\/\",\"logo\":{\"@type\":\"ImageObject\",\"inLanguage\":\"en-US\",\"@id\":\"https:\\\/\\\/www.cosmetics-ebene.com\\\/en\\\/#\\\/schema\\\/logo\\\/image\\\/\",\"url\":\"https:\\\/\\\/www.cosmetics-ebene.com\\\/wp-content\\\/uploads\\\/2024\\\/09\\\/cosmetics-ebene-logo-1-e1727351533275.png\",\"contentUrl\":\"https:\\\/\\\/www.cosmetics-ebene.com\\\/wp-content\\\/uploads\\\/2024\\\/09\\\/cosmetics-ebene-logo-1-e1727351533275.png\",\"width\":350,\"height\":69,\"caption\":\"Sessi\"},\"image\":{\"@id\":\"https:\\\/\\\/www.cosmetics-ebene.com\\\/en\\\/#\\\/schema\\\/logo\\\/image\\\/\"}}]}<\/script>\n<!-- \/ Yoast SEO plugin. -->","yoast_head_json":{"title":"DH7 Apricot & Peach Baby Shower Gel - Sessi","robots":{"index":"index","follow":"follow","max-snippet":"max-snippet:-1","max-image-preview":"max-image-preview:large","max-video-preview":"max-video-preview:-1"},"canonical":"https:\/\/www.cosmetics-ebene.com\/en\/product\/dh7-gel-douche-bebe-senteurs-peche-et-abricot\/","og_locale":"en_US","og_type":"article","og_title":"DH7 Apricot & Peach Baby Shower Gel - Sessi","og_description":"Ce gel douche adapt\u00e9 pour les b\u00e9b\u00e9s vous permettra de laver les cheveux et le corps de votre enfant efficacement tout en respectant sa peau d\u00e9licate. Ses notes fruit\u00e9es d\u2019abricot et de p\u00eache feront de la toilette, un moment de plaisir pour votre enfant. Ce gel douche 2 en 1 est id\u00e9al pour l\u2019hygi\u00e8ne de votre b\u00e9b\u00e9 au quotidien. Il a \u00e9t\u00e9 test\u00e9 sur peaux sensibles sous contr\u00f4le dermatologique.","og_url":"https:\/\/www.cosmetics-ebene.com\/en\/product\/dh7-gel-douche-bebe-senteurs-peche-et-abricot\/","og_site_name":"Sessi","article_modified_time":"2022-01-18T13:25:51+00:00","og_image":[{"width":1080,"height":1500,"url":"https:\/\/www.cosmetics-ebene.com\/wp-content\/uploads\/2019\/05\/DH7-Bebe-1.jpg","type":"image\/jpeg"}],"twitter_card":"summary_large_image","twitter_misc":{"Est. reading time":"1 minute"},"schema":{"@context":"https:\/\/schema.org","@graph":[{"@type":"WebPage","@id":"https:\/\/www.cosmetics-ebene.com\/en\/product\/dh7-gel-douche-bebe-senteurs-peche-et-abricot\/","url":"https:\/\/www.cosmetics-ebene.com\/en\/product\/dh7-gel-douche-bebe-senteurs-peche-et-abricot\/","name":"DH7 Apricot & Peach Baby Shower Gel - Sessi","isPartOf":{"@id":"https:\/\/www.cosmetics-ebene.com\/en\/#website"},"primaryImageOfPage":{"@id":"https:\/\/www.cosmetics-ebene.com\/en\/product\/dh7-gel-douche-bebe-senteurs-peche-et-abricot\/#primaryimage"},"image":{"@id":"https:\/\/www.cosmetics-ebene.com\/en\/product\/dh7-gel-douche-bebe-senteurs-peche-et-abricot\/#primaryimage"},"thumbnailUrl":"https:\/\/www.cosmetics-ebene.com\/wp-content\/uploads\/2019\/05\/DH7-Bebe-1.jpg","datePublished":"2019-05-07T15:00:28+00:00","dateModified":"2022-01-18T13:25:51+00:00","breadcrumb":{"@id":"https:\/\/www.cosmetics-ebene.com\/en\/product\/dh7-gel-douche-bebe-senteurs-peche-et-abricot\/#breadcrumb"},"inLanguage":"en-US","potentialAction":[{"@type":"ReadAction","target":["https:\/\/www.cosmetics-ebene.com\/en\/product\/dh7-gel-douche-bebe-senteurs-peche-et-abricot\/"]}]},{"@type":"ImageObject","inLanguage":"en-US","@id":"https:\/\/www.cosmetics-ebene.com\/en\/product\/dh7-gel-douche-bebe-senteurs-peche-et-abricot\/#primaryimage","url":"https:\/\/www.cosmetics-ebene.com\/wp-content\/uploads\/2019\/05\/DH7-Bebe-1.jpg","contentUrl":"https:\/\/www.cosmetics-ebene.com\/wp-content\/uploads\/2019\/05\/DH7-Bebe-1.jpg","width":1080,"height":1500},{"@type":"BreadcrumbList","@id":"https:\/\/www.cosmetics-ebene.com\/en\/product\/dh7-gel-douche-bebe-senteurs-peche-et-abricot\/#breadcrumb","itemListElement":[{"@type":"ListItem","position":1,"name":"Home","item":"https:\/\/www.cosmetics-ebene.com\/en\/"},{"@type":"ListItem","position":2,"name":"Shop","item":"https:\/\/www.cosmetics-ebene.com\/shop\/"},{"@type":"ListItem","position":3,"name":"DH7 Apricot &#038; Peach Baby Shower Gel"}]},{"@type":"WebSite","@id":"https:\/\/www.cosmetics-ebene.com\/en\/#website","url":"https:\/\/www.cosmetics-ebene.com\/en\/","name":"Sessi","description":"Produits de beaut\u00e9 pour peau noires et m\u00e9tiss\u00e9","publisher":{"@id":"https:\/\/www.cosmetics-ebene.com\/en\/#organization"},"potentialAction":[{"@type":"SearchAction","target":{"@type":"EntryPoint","urlTemplate":"https:\/\/www.cosmetics-ebene.com\/en\/?s={search_term_string}"},"query-input":{"@type":"PropertyValueSpecification","valueRequired":true,"valueName":"search_term_string"}}],"inLanguage":"en-US"},{"@type":"Organization","@id":"https:\/\/www.cosmetics-ebene.com\/en\/#organization","name":"Sessi","url":"https:\/\/www.cosmetics-ebene.com\/en\/","logo":{"@type":"ImageObject","inLanguage":"en-US","@id":"https:\/\/www.cosmetics-ebene.com\/en\/#\/schema\/logo\/image\/","url":"https:\/\/www.cosmetics-ebene.com\/wp-content\/uploads\/2024\/09\/cosmetics-ebene-logo-1-e1727351533275.png","contentUrl":"https:\/\/www.cosmetics-ebene.com\/wp-content\/uploads\/2024\/09\/cosmetics-ebene-logo-1-e1727351533275.png","width":350,"height":69,"caption":"Sessi"},"image":{"@id":"https:\/\/www.cosmetics-ebene.com\/en\/#\/schema\/logo\/image\/"}}]}},"_links":{"self":[{"href":"https:\/\/www.cosmetics-ebene.com\/en\/wp-json\/wp\/v2\/product\/10170","targetHints":{"allow":["GET"]}}],"collection":[{"href":"https:\/\/www.cosmetics-ebene.com\/en\/wp-json\/wp\/v2\/product"}],"about":[{"href":"https:\/\/www.cosmetics-ebene.com\/en\/wp-json\/wp\/v2\/types\/product"}],"replies":[{"embeddable":true,"href":"https:\/\/www.cosmetics-ebene.com\/en\/wp-json\/wp\/v2\/comments?post=10170"}],"version-history":[{"count":0,"href":"https:\/\/www.cosmetics-ebene.com\/en\/wp-json\/wp\/v2\/product\/10170\/revisions"}],"wp:featuredmedia":[{"embeddable":true,"href":"https:\/\/www.cosmetics-ebene.com\/en\/wp-json\/wp\/v2\/media\/19629"}],"wp:attachment":[{"href":"https:\/\/www.cosmetics-ebene.com\/en\/wp-json\/wp\/v2\/media?parent=10170"}],"wp:term":[{"taxonomy":"product_brand","embeddable":true,"href":"https:\/\/www.cosmetics-ebene.com\/en\/wp-json\/wp\/v2\/product_brand?post=10170"},{"taxonomy":"product_cat","embeddable":true,"href":"https:\/\/www.cosmetics-ebene.com\/en\/wp-json\/wp\/v2\/product_cat?post=10170"},{"taxonomy":"product_tag","embeddable":true,"href":"https:\/\/www.cosmetics-ebene.com\/en\/wp-json\/wp\/v2\/product_tag?post=10170"}],"curies":[{"name":"wp","href":"https:\/\/api.w.org\/{rel}","templated":true}]}}