{"id":10206,"date":"2019-07-16T12:38:27","date_gmt":"2019-07-16T12:38:27","guid":{"rendered":"https:\/\/preprod.cosmetics-ebene.com\/?product=first-lady-savon-papaye"},"modified":"2025-05-29T04:09:35","modified_gmt":"2025-05-29T04:09:35","slug":"first-lady-savon-papaye","status":"publish","type":"product","link":"https:\/\/www.cosmetics-ebene.com\/en\/product\/first-lady-savon-papaye\/","title":{"rendered":"First Lady Papaya Soap"},"content":{"rendered":"<p>First Lady Papaya Soap cleans your skin deeply and makes your skin brighter than it used to be by removing all the death skin.\u00a0<\/p><\/p>\n","protected":false},"excerpt":{"rendered":"<p>First Lady Papaya Soap cleans your skin deeply and makes your skin brighter than it used to be by removing all the death skin.\u00a0<\/p>\n","protected":false},"featured_media":10204,"comment_status":"open","ping_status":"closed","template":"","meta":[],"product_brand":[279],"product_cat":[360,358,336,396],"product_tag":[],"class_list":{"0":"post-10206","1":"product","2":"type-product","3":"status-publish","4":"has-post-thumbnail","6":"product_brand-first-lady","7":"product_cat-body-care","8":"product_cat-face-care","9":"product_cat-first-lady-en","10":"product_cat-gel-douche-savon-pour-homme","11":"pa_je-suis-toutes-categories-confondues-en","12":"pa_un-produit-pour-la-toilette-en","13":"pa_une-marque-first-lady-en","14":"pa_une-solution-pour-corps-solution-pour-le-bain-en","17":"instock","18":"taxable","19":"shipping-taxable","20":"purchasable","21":"product-type-simple"},"yoast_head":"<!-- This site is optimized with the Yoast SEO plugin v27.3 - https:\/\/yoast.com\/product\/yoast-seo-wordpress\/ -->\n<title>First Lady Papaya Soap - Sessi<\/title>\n<meta name=\"robots\" content=\"index, follow, max-snippet:-1, max-image-preview:large, max-video-preview:-1\" \/>\n<link rel=\"canonical\" href=\"https:\/\/www.cosmetics-ebene.com\/en\/product\/first-lady-savon-papaye\/\" \/>\n<meta property=\"og:locale\" content=\"en_US\" \/>\n<meta property=\"og:type\" content=\"article\" \/>\n<meta property=\"og:title\" content=\"First Lady Papaya Soap - Sessi\" \/>\n<meta property=\"og:description\" content=\"First Lady Papaya Soap cleans your skin deeply and makes your skin brighter than it used to be by removing all the death skin.\u00a0\" \/>\n<meta property=\"og:url\" content=\"https:\/\/www.cosmetics-ebene.com\/en\/product\/first-lady-savon-papaye\/\" \/>\n<meta property=\"og:site_name\" content=\"Sessi\" \/>\n<meta property=\"article:modified_time\" content=\"2025-05-29T04:09:35+00:00\" \/>\n<meta property=\"og:image\" content=\"https:\/\/www.cosmetics-ebene.com\/wp-content\/uploads\/2024\/09\/559.jpg\" \/>\n\t<meta property=\"og:image:width\" content=\"500\" \/>\n\t<meta property=\"og:image:height\" content=\"343\" \/>\n\t<meta property=\"og:image:type\" content=\"image\/jpeg\" \/>\n<meta name=\"twitter:card\" content=\"summary_large_image\" \/>\n<script type=\"application\/ld+json\" class=\"yoast-schema-graph\">{\"@context\":\"https:\\\/\\\/schema.org\",\"@graph\":[{\"@type\":\"WebPage\",\"@id\":\"https:\\\/\\\/www.cosmetics-ebene.com\\\/en\\\/product\\\/first-lady-savon-papaye\\\/\",\"url\":\"https:\\\/\\\/www.cosmetics-ebene.com\\\/en\\\/product\\\/first-lady-savon-papaye\\\/\",\"name\":\"First Lady Papaya Soap - Sessi\",\"isPartOf\":{\"@id\":\"https:\\\/\\\/www.cosmetics-ebene.com\\\/en\\\/#website\"},\"primaryImageOfPage\":{\"@id\":\"https:\\\/\\\/www.cosmetics-ebene.com\\\/en\\\/product\\\/first-lady-savon-papaye\\\/#primaryimage\"},\"image\":{\"@id\":\"https:\\\/\\\/www.cosmetics-ebene.com\\\/en\\\/product\\\/first-lady-savon-papaye\\\/#primaryimage\"},\"thumbnailUrl\":\"https:\\\/\\\/www.cosmetics-ebene.com\\\/wp-content\\\/uploads\\\/2024\\\/09\\\/559.jpg\",\"datePublished\":\"2019-07-16T12:38:27+00:00\",\"dateModified\":\"2025-05-29T04:09:35+00:00\",\"breadcrumb\":{\"@id\":\"https:\\\/\\\/www.cosmetics-ebene.com\\\/en\\\/product\\\/first-lady-savon-papaye\\\/#breadcrumb\"},\"inLanguage\":\"en-US\",\"potentialAction\":[{\"@type\":\"ReadAction\",\"target\":[\"https:\\\/\\\/www.cosmetics-ebene.com\\\/en\\\/product\\\/first-lady-savon-papaye\\\/\"]}]},{\"@type\":\"ImageObject\",\"inLanguage\":\"en-US\",\"@id\":\"https:\\\/\\\/www.cosmetics-ebene.com\\\/en\\\/product\\\/first-lady-savon-papaye\\\/#primaryimage\",\"url\":\"https:\\\/\\\/www.cosmetics-ebene.com\\\/wp-content\\\/uploads\\\/2024\\\/09\\\/559.jpg\",\"contentUrl\":\"https:\\\/\\\/www.cosmetics-ebene.com\\\/wp-content\\\/uploads\\\/2024\\\/09\\\/559.jpg\",\"width\":500,\"height\":343,\"caption\":\"First Lady Savon Papaye\"},{\"@type\":\"BreadcrumbList\",\"@id\":\"https:\\\/\\\/www.cosmetics-ebene.com\\\/en\\\/product\\\/first-lady-savon-papaye\\\/#breadcrumb\",\"itemListElement\":[{\"@type\":\"ListItem\",\"position\":1,\"name\":\"Home\",\"item\":\"https:\\\/\\\/www.cosmetics-ebene.com\\\/en\\\/\"},{\"@type\":\"ListItem\",\"position\":2,\"name\":\"Shop\",\"item\":\"https:\\\/\\\/www.cosmetics-ebene.com\\\/shop\\\/\"},{\"@type\":\"ListItem\",\"position\":3,\"name\":\"First Lady Papaya Soap\"}]},{\"@type\":\"WebSite\",\"@id\":\"https:\\\/\\\/www.cosmetics-ebene.com\\\/en\\\/#website\",\"url\":\"https:\\\/\\\/www.cosmetics-ebene.com\\\/en\\\/\",\"name\":\"Sessi\",\"description\":\"Produits de beaut\u00e9 pour peau noires et m\u00e9tiss\u00e9\",\"publisher\":{\"@id\":\"https:\\\/\\\/www.cosmetics-ebene.com\\\/en\\\/#organization\"},\"potentialAction\":[{\"@type\":\"SearchAction\",\"target\":{\"@type\":\"EntryPoint\",\"urlTemplate\":\"https:\\\/\\\/www.cosmetics-ebene.com\\\/en\\\/?s={search_term_string}\"},\"query-input\":{\"@type\":\"PropertyValueSpecification\",\"valueRequired\":true,\"valueName\":\"search_term_string\"}}],\"inLanguage\":\"en-US\"},{\"@type\":\"Organization\",\"@id\":\"https:\\\/\\\/www.cosmetics-ebene.com\\\/en\\\/#organization\",\"name\":\"Sessi\",\"url\":\"https:\\\/\\\/www.cosmetics-ebene.com\\\/en\\\/\",\"logo\":{\"@type\":\"ImageObject\",\"inLanguage\":\"en-US\",\"@id\":\"https:\\\/\\\/www.cosmetics-ebene.com\\\/en\\\/#\\\/schema\\\/logo\\\/image\\\/\",\"url\":\"https:\\\/\\\/www.cosmetics-ebene.com\\\/wp-content\\\/uploads\\\/2024\\\/09\\\/cosmetics-ebene-logo-1-e1727351533275.png\",\"contentUrl\":\"https:\\\/\\\/www.cosmetics-ebene.com\\\/wp-content\\\/uploads\\\/2024\\\/09\\\/cosmetics-ebene-logo-1-e1727351533275.png\",\"width\":350,\"height\":69,\"caption\":\"Sessi\"},\"image\":{\"@id\":\"https:\\\/\\\/www.cosmetics-ebene.com\\\/en\\\/#\\\/schema\\\/logo\\\/image\\\/\"}}]}<\/script>\n<!-- \/ Yoast SEO plugin. -->","yoast_head_json":{"title":"First Lady Papaya Soap - Sessi","robots":{"index":"index","follow":"follow","max-snippet":"max-snippet:-1","max-image-preview":"max-image-preview:large","max-video-preview":"max-video-preview:-1"},"canonical":"https:\/\/www.cosmetics-ebene.com\/en\/product\/first-lady-savon-papaye\/","og_locale":"en_US","og_type":"article","og_title":"First Lady Papaya Soap - Sessi","og_description":"First Lady Papaya Soap cleans your skin deeply and makes your skin brighter than it used to be by removing all the death skin.\u00a0","og_url":"https:\/\/www.cosmetics-ebene.com\/en\/product\/first-lady-savon-papaye\/","og_site_name":"Sessi","article_modified_time":"2025-05-29T04:09:35+00:00","og_image":[{"width":500,"height":343,"url":"https:\/\/www.cosmetics-ebene.com\/wp-content\/uploads\/2024\/09\/559.jpg","type":"image\/jpeg"}],"twitter_card":"summary_large_image","schema":{"@context":"https:\/\/schema.org","@graph":[{"@type":"WebPage","@id":"https:\/\/www.cosmetics-ebene.com\/en\/product\/first-lady-savon-papaye\/","url":"https:\/\/www.cosmetics-ebene.com\/en\/product\/first-lady-savon-papaye\/","name":"First Lady Papaya Soap - Sessi","isPartOf":{"@id":"https:\/\/www.cosmetics-ebene.com\/en\/#website"},"primaryImageOfPage":{"@id":"https:\/\/www.cosmetics-ebene.com\/en\/product\/first-lady-savon-papaye\/#primaryimage"},"image":{"@id":"https:\/\/www.cosmetics-ebene.com\/en\/product\/first-lady-savon-papaye\/#primaryimage"},"thumbnailUrl":"https:\/\/www.cosmetics-ebene.com\/wp-content\/uploads\/2024\/09\/559.jpg","datePublished":"2019-07-16T12:38:27+00:00","dateModified":"2025-05-29T04:09:35+00:00","breadcrumb":{"@id":"https:\/\/www.cosmetics-ebene.com\/en\/product\/first-lady-savon-papaye\/#breadcrumb"},"inLanguage":"en-US","potentialAction":[{"@type":"ReadAction","target":["https:\/\/www.cosmetics-ebene.com\/en\/product\/first-lady-savon-papaye\/"]}]},{"@type":"ImageObject","inLanguage":"en-US","@id":"https:\/\/www.cosmetics-ebene.com\/en\/product\/first-lady-savon-papaye\/#primaryimage","url":"https:\/\/www.cosmetics-ebene.com\/wp-content\/uploads\/2024\/09\/559.jpg","contentUrl":"https:\/\/www.cosmetics-ebene.com\/wp-content\/uploads\/2024\/09\/559.jpg","width":500,"height":343,"caption":"First Lady Savon Papaye"},{"@type":"BreadcrumbList","@id":"https:\/\/www.cosmetics-ebene.com\/en\/product\/first-lady-savon-papaye\/#breadcrumb","itemListElement":[{"@type":"ListItem","position":1,"name":"Home","item":"https:\/\/www.cosmetics-ebene.com\/en\/"},{"@type":"ListItem","position":2,"name":"Shop","item":"https:\/\/www.cosmetics-ebene.com\/shop\/"},{"@type":"ListItem","position":3,"name":"First Lady Papaya Soap"}]},{"@type":"WebSite","@id":"https:\/\/www.cosmetics-ebene.com\/en\/#website","url":"https:\/\/www.cosmetics-ebene.com\/en\/","name":"Sessi","description":"Produits de beaut\u00e9 pour peau noires et m\u00e9tiss\u00e9","publisher":{"@id":"https:\/\/www.cosmetics-ebene.com\/en\/#organization"},"potentialAction":[{"@type":"SearchAction","target":{"@type":"EntryPoint","urlTemplate":"https:\/\/www.cosmetics-ebene.com\/en\/?s={search_term_string}"},"query-input":{"@type":"PropertyValueSpecification","valueRequired":true,"valueName":"search_term_string"}}],"inLanguage":"en-US"},{"@type":"Organization","@id":"https:\/\/www.cosmetics-ebene.com\/en\/#organization","name":"Sessi","url":"https:\/\/www.cosmetics-ebene.com\/en\/","logo":{"@type":"ImageObject","inLanguage":"en-US","@id":"https:\/\/www.cosmetics-ebene.com\/en\/#\/schema\/logo\/image\/","url":"https:\/\/www.cosmetics-ebene.com\/wp-content\/uploads\/2024\/09\/cosmetics-ebene-logo-1-e1727351533275.png","contentUrl":"https:\/\/www.cosmetics-ebene.com\/wp-content\/uploads\/2024\/09\/cosmetics-ebene-logo-1-e1727351533275.png","width":350,"height":69,"caption":"Sessi"},"image":{"@id":"https:\/\/www.cosmetics-ebene.com\/en\/#\/schema\/logo\/image\/"}}]}},"_links":{"self":[{"href":"https:\/\/www.cosmetics-ebene.com\/en\/wp-json\/wp\/v2\/product\/10206","targetHints":{"allow":["GET"]}}],"collection":[{"href":"https:\/\/www.cosmetics-ebene.com\/en\/wp-json\/wp\/v2\/product"}],"about":[{"href":"https:\/\/www.cosmetics-ebene.com\/en\/wp-json\/wp\/v2\/types\/product"}],"replies":[{"embeddable":true,"href":"https:\/\/www.cosmetics-ebene.com\/en\/wp-json\/wp\/v2\/comments?post=10206"}],"version-history":[{"count":0,"href":"https:\/\/www.cosmetics-ebene.com\/en\/wp-json\/wp\/v2\/product\/10206\/revisions"}],"wp:featuredmedia":[{"embeddable":true,"href":"https:\/\/www.cosmetics-ebene.com\/en\/wp-json\/wp\/v2\/media\/10204"}],"wp:attachment":[{"href":"https:\/\/www.cosmetics-ebene.com\/en\/wp-json\/wp\/v2\/media?parent=10206"}],"wp:term":[{"taxonomy":"product_brand","embeddable":true,"href":"https:\/\/www.cosmetics-ebene.com\/en\/wp-json\/wp\/v2\/product_brand?post=10206"},{"taxonomy":"product_cat","embeddable":true,"href":"https:\/\/www.cosmetics-ebene.com\/en\/wp-json\/wp\/v2\/product_cat?post=10206"},{"taxonomy":"product_tag","embeddable":true,"href":"https:\/\/www.cosmetics-ebene.com\/en\/wp-json\/wp\/v2\/product_tag?post=10206"}],"curies":[{"name":"wp","href":"https:\/\/api.w.org\/{rel}","templated":true}]}}