{"id":10266,"date":"2020-08-19T11:41:01","date_gmt":"2020-08-19T11:41:01","guid":{"rendered":"https:\/\/preprod.cosmetics-ebene.com\/?product=dh7-creme-carotte-eclairissante"},"modified":"2025-07-09T19:26:37","modified_gmt":"2025-07-09T19:26:37","slug":"dh7-creme-carotte-eclairissante","status":"publish","type":"product","link":"https:\/\/www.cosmetics-ebene.com\/en\/product\/dh7-creme-carotte-eclairissante\/","title":{"rendered":"DH7 Lightening Carrot Cream 50 ml"},"content":{"rendered":"<ul>\n<li>\n<h2><img decoding=\"async\" src=\"https:\/\/www.cosmetics-ebene.com\/wp-content\/uploads\/content\/icon1.jpg\" alt=\"\" height=\"73\" width=\"69\" \/>\u00c9labor\u00e9 et mis au point par des\u00a0scientifiques.<\/h2>\n<p>La Cr\u00e8me Eclairicssante Carotte DH7 donne \u00e0 votre peau un aspect doux satin\u00e9 et lumineux. Il \u00e9claircit votre visage en lui donnant un aspect doux, satin\u00e9 et lumineux. Il permet \u00e0 votre visage de retrouver une peau parfaite tout en l&#8217;hydratant et la nourrissant. Cette cr\u00e8me est id\u00e9ale pour hydrater votre visage tout au long de la journ\u00e9e.\u00a0<\/p>\n<\/li>\n<li>\n<h2><img decoding=\"async\" src=\"https:\/\/www.cosmetics-ebene.com\/wp-content\/uploads\/content\/icon2.jpg\" alt=\"\" height=\"73\" width=\"69\" \/><span>Conseils d\u2019utilisations :<\/span><\/h2>\n<p>A appliquer une ou deux fois par jour sur votre corps apr\u00e8s avoir pris votre douche. \u00c9viter le contact avec les yeux. En cas d\u2019irritation cessez l\u2019usage. Ne pas utiliser chez les enfants de moins de 12 ans. Usage externe uniquement<\/p>\n<h2><img decoding=\"async\" src=\"https:\/\/www.cosmetics-ebene.com\/wp-content\/uploads\/content\/icon3.jpg\" alt=\"\" height=\"73\" width=\"69\" \/><span>Composition :<\/span><\/h2>\n<\/li>\n<li>\n<p>Aqua, Paraffinum Liquidum (Mineral Oil), Polyacrylamide, C13-14 Isoparaffin, Laureth-7, Caprylic\/Capric Triglyceride, Diacetyl Boldine, Glycerin, Cetearyl Alcohol, Ceteareth-33 , Phenoxyethanol, Parfum (Fragrance), Ethylhexylglycerin, Lactic Acid, Helianthus Annuus (Sunflower) Seed Oil, Isopropyl Myristate, Daucus Carota Sativa (Carrot) Seed Oil, Daucus Carota Sativa (Carrot) Root Extract, Arachis Hypogaea (Peanut) Oil, Beta-Carotene, CI 15985, CI 47005, CI 19140, citronellol, coumarin, alpha-isomethyl ionone, linalool, hydroxyisohexyl 3-cyclohexene carboxaldehyde.<\/p>\n<\/li>\n<\/ul>\n","protected":false},"excerpt":{"rendered":"<p>\u00c9labor\u00e9 et mis au point par des\u00a0scientifiques. La Cr\u00e8me Eclairicssante Carotte DH7 donne \u00e0 votre peau un aspect doux satin\u00e9 et lumineux. Il \u00e9claircit votre visage en lui donnant un aspect doux, satin\u00e9 et lumineux. Il permet \u00e0 votre visage de retrouver une peau parfaite tout en l&#8217;hydratant et la nourrissant. Cette cr\u00e8me est id\u00e9ale &hellip; <a href=\"https:\/\/www.cosmetics-ebene.com\/en\/product\/dh7-creme-carotte-eclairissante\/\" class=\"more-link\">Continue reading <span class=\"screen-reader-text\">DH7 Lightening Carrot Cream 50 ml<\/span><\/a><\/p>\n","protected":false},"featured_media":10264,"comment_status":"open","ping_status":"closed","template":"","meta":[],"product_brand":[261],"product_cat":[318,366],"product_tag":[],"class_list":{"0":"post-10266","1":"product","2":"type-product","3":"status-publish","4":"has-post-thumbnail","6":"product_brand-dh7","7":"product_cat-dh7-carrot","8":"product_cat-lightening-and-anti-spot","9":"pa_je-suis-une-femme-en","10":"pa_un-produit-pour-le-visage-en","11":"pa_une-marque-dh7-en","12":"pa_une-solution-pour-visage-soin-eclaircissant-anti-taches-en","15":"instock","16":"taxable","17":"shipping-taxable","18":"purchasable","19":"product-type-simple"},"yoast_head":"<!-- This site is optimized with the Yoast SEO plugin v27.3 - https:\/\/yoast.com\/product\/yoast-seo-wordpress\/ -->\n<title>DH7 Lightening Carrot Cream 50 ml - Sessi<\/title>\n<meta name=\"robots\" content=\"index, follow, max-snippet:-1, max-image-preview:large, max-video-preview:-1\" \/>\n<link rel=\"canonical\" href=\"https:\/\/www.cosmetics-ebene.com\/en\/product\/dh7-creme-carotte-eclairissante\/\" \/>\n<meta property=\"og:locale\" content=\"en_US\" \/>\n<meta property=\"og:type\" content=\"article\" \/>\n<meta property=\"og:title\" content=\"DH7 Lightening Carrot Cream 50 ml - Sessi\" \/>\n<meta property=\"og:description\" content=\"\u00c9labor\u00e9 et mis au point par des\u00a0scientifiques. La Cr\u00e8me Eclairicssante Carotte DH7 donne \u00e0 votre peau un aspect doux satin\u00e9 et lumineux. Il \u00e9claircit votre visage en lui donnant un aspect doux, satin\u00e9 et lumineux. Il permet \u00e0 votre visage de retrouver une peau parfaite tout en l&#8217;hydratant et la nourrissant. Cette cr\u00e8me est id\u00e9ale &hellip; Continue reading DH7 Lightening Carrot Cream 50 ml\" \/>\n<meta property=\"og:url\" content=\"https:\/\/www.cosmetics-ebene.com\/en\/product\/dh7-creme-carotte-eclairissante\/\" \/>\n<meta property=\"og:site_name\" content=\"Sessi\" \/>\n<meta property=\"article:modified_time\" content=\"2025-07-09T19:26:37+00:00\" \/>\n<meta property=\"og:image\" content=\"https:\/\/www.cosmetics-ebene.com\/wp-content\/uploads\/2024\/09\/581.jpg\" \/>\n\t<meta property=\"og:image:width\" content=\"1080\" \/>\n\t<meta property=\"og:image:height\" content=\"1080\" \/>\n\t<meta property=\"og:image:type\" content=\"image\/jpeg\" \/>\n<meta name=\"twitter:card\" content=\"summary_large_image\" \/>\n<meta name=\"twitter:label1\" content=\"Est. reading time\" \/>\n\t<meta name=\"twitter:data1\" content=\"1 minute\" \/>\n<script type=\"application\/ld+json\" class=\"yoast-schema-graph\">{\"@context\":\"https:\\\/\\\/schema.org\",\"@graph\":[{\"@type\":\"WebPage\",\"@id\":\"https:\\\/\\\/www.cosmetics-ebene.com\\\/en\\\/product\\\/dh7-creme-carotte-eclairissante\\\/\",\"url\":\"https:\\\/\\\/www.cosmetics-ebene.com\\\/en\\\/product\\\/dh7-creme-carotte-eclairissante\\\/\",\"name\":\"DH7 Lightening Carrot Cream 50 ml - Sessi\",\"isPartOf\":{\"@id\":\"https:\\\/\\\/www.cosmetics-ebene.com\\\/en\\\/#website\"},\"primaryImageOfPage\":{\"@id\":\"https:\\\/\\\/www.cosmetics-ebene.com\\\/en\\\/product\\\/dh7-creme-carotte-eclairissante\\\/#primaryimage\"},\"image\":{\"@id\":\"https:\\\/\\\/www.cosmetics-ebene.com\\\/en\\\/product\\\/dh7-creme-carotte-eclairissante\\\/#primaryimage\"},\"thumbnailUrl\":\"https:\\\/\\\/www.cosmetics-ebene.com\\\/wp-content\\\/uploads\\\/2024\\\/09\\\/581.jpg\",\"datePublished\":\"2020-08-19T11:41:01+00:00\",\"dateModified\":\"2025-07-09T19:26:37+00:00\",\"breadcrumb\":{\"@id\":\"https:\\\/\\\/www.cosmetics-ebene.com\\\/en\\\/product\\\/dh7-creme-carotte-eclairissante\\\/#breadcrumb\"},\"inLanguage\":\"en-US\",\"potentialAction\":[{\"@type\":\"ReadAction\",\"target\":[\"https:\\\/\\\/www.cosmetics-ebene.com\\\/en\\\/product\\\/dh7-creme-carotte-eclairissante\\\/\"]}]},{\"@type\":\"ImageObject\",\"inLanguage\":\"en-US\",\"@id\":\"https:\\\/\\\/www.cosmetics-ebene.com\\\/en\\\/product\\\/dh7-creme-carotte-eclairissante\\\/#primaryimage\",\"url\":\"https:\\\/\\\/www.cosmetics-ebene.com\\\/wp-content\\\/uploads\\\/2024\\\/09\\\/581.jpg\",\"contentUrl\":\"https:\\\/\\\/www.cosmetics-ebene.com\\\/wp-content\\\/uploads\\\/2024\\\/09\\\/581.jpg\",\"width\":1080,\"height\":1080,\"caption\":\"DH7 Cr\u00e8me Carotte Eclairissante\"},{\"@type\":\"BreadcrumbList\",\"@id\":\"https:\\\/\\\/www.cosmetics-ebene.com\\\/en\\\/product\\\/dh7-creme-carotte-eclairissante\\\/#breadcrumb\",\"itemListElement\":[{\"@type\":\"ListItem\",\"position\":1,\"name\":\"Home\",\"item\":\"https:\\\/\\\/www.cosmetics-ebene.com\\\/en\\\/\"},{\"@type\":\"ListItem\",\"position\":2,\"name\":\"Shop\",\"item\":\"https:\\\/\\\/www.cosmetics-ebene.com\\\/shop\\\/\"},{\"@type\":\"ListItem\",\"position\":3,\"name\":\"DH7 Lightening Carrot Cream 50 ml\"}]},{\"@type\":\"WebSite\",\"@id\":\"https:\\\/\\\/www.cosmetics-ebene.com\\\/en\\\/#website\",\"url\":\"https:\\\/\\\/www.cosmetics-ebene.com\\\/en\\\/\",\"name\":\"Sessi\",\"description\":\"Produits de beaut\u00e9 pour peau noires et m\u00e9tiss\u00e9\",\"publisher\":{\"@id\":\"https:\\\/\\\/www.cosmetics-ebene.com\\\/en\\\/#organization\"},\"potentialAction\":[{\"@type\":\"SearchAction\",\"target\":{\"@type\":\"EntryPoint\",\"urlTemplate\":\"https:\\\/\\\/www.cosmetics-ebene.com\\\/en\\\/?s={search_term_string}\"},\"query-input\":{\"@type\":\"PropertyValueSpecification\",\"valueRequired\":true,\"valueName\":\"search_term_string\"}}],\"inLanguage\":\"en-US\"},{\"@type\":\"Organization\",\"@id\":\"https:\\\/\\\/www.cosmetics-ebene.com\\\/en\\\/#organization\",\"name\":\"Sessi\",\"url\":\"https:\\\/\\\/www.cosmetics-ebene.com\\\/en\\\/\",\"logo\":{\"@type\":\"ImageObject\",\"inLanguage\":\"en-US\",\"@id\":\"https:\\\/\\\/www.cosmetics-ebene.com\\\/en\\\/#\\\/schema\\\/logo\\\/image\\\/\",\"url\":\"https:\\\/\\\/www.cosmetics-ebene.com\\\/wp-content\\\/uploads\\\/2024\\\/09\\\/cosmetics-ebene-logo-1-e1727351533275.png\",\"contentUrl\":\"https:\\\/\\\/www.cosmetics-ebene.com\\\/wp-content\\\/uploads\\\/2024\\\/09\\\/cosmetics-ebene-logo-1-e1727351533275.png\",\"width\":350,\"height\":69,\"caption\":\"Sessi\"},\"image\":{\"@id\":\"https:\\\/\\\/www.cosmetics-ebene.com\\\/en\\\/#\\\/schema\\\/logo\\\/image\\\/\"}}]}<\/script>\n<!-- \/ Yoast SEO plugin. -->","yoast_head_json":{"title":"DH7 Lightening Carrot Cream 50 ml - Sessi","robots":{"index":"index","follow":"follow","max-snippet":"max-snippet:-1","max-image-preview":"max-image-preview:large","max-video-preview":"max-video-preview:-1"},"canonical":"https:\/\/www.cosmetics-ebene.com\/en\/product\/dh7-creme-carotte-eclairissante\/","og_locale":"en_US","og_type":"article","og_title":"DH7 Lightening Carrot Cream 50 ml - Sessi","og_description":"\u00c9labor\u00e9 et mis au point par des\u00a0scientifiques. La Cr\u00e8me Eclairicssante Carotte DH7 donne \u00e0 votre peau un aspect doux satin\u00e9 et lumineux. Il \u00e9claircit votre visage en lui donnant un aspect doux, satin\u00e9 et lumineux. Il permet \u00e0 votre visage de retrouver une peau parfaite tout en l&#8217;hydratant et la nourrissant. Cette cr\u00e8me est id\u00e9ale &hellip; Continue reading DH7 Lightening Carrot Cream 50 ml","og_url":"https:\/\/www.cosmetics-ebene.com\/en\/product\/dh7-creme-carotte-eclairissante\/","og_site_name":"Sessi","article_modified_time":"2025-07-09T19:26:37+00:00","og_image":[{"width":1080,"height":1080,"url":"https:\/\/www.cosmetics-ebene.com\/wp-content\/uploads\/2024\/09\/581.jpg","type":"image\/jpeg"}],"twitter_card":"summary_large_image","twitter_misc":{"Est. reading time":"1 minute"},"schema":{"@context":"https:\/\/schema.org","@graph":[{"@type":"WebPage","@id":"https:\/\/www.cosmetics-ebene.com\/en\/product\/dh7-creme-carotte-eclairissante\/","url":"https:\/\/www.cosmetics-ebene.com\/en\/product\/dh7-creme-carotte-eclairissante\/","name":"DH7 Lightening Carrot Cream 50 ml - Sessi","isPartOf":{"@id":"https:\/\/www.cosmetics-ebene.com\/en\/#website"},"primaryImageOfPage":{"@id":"https:\/\/www.cosmetics-ebene.com\/en\/product\/dh7-creme-carotte-eclairissante\/#primaryimage"},"image":{"@id":"https:\/\/www.cosmetics-ebene.com\/en\/product\/dh7-creme-carotte-eclairissante\/#primaryimage"},"thumbnailUrl":"https:\/\/www.cosmetics-ebene.com\/wp-content\/uploads\/2024\/09\/581.jpg","datePublished":"2020-08-19T11:41:01+00:00","dateModified":"2025-07-09T19:26:37+00:00","breadcrumb":{"@id":"https:\/\/www.cosmetics-ebene.com\/en\/product\/dh7-creme-carotte-eclairissante\/#breadcrumb"},"inLanguage":"en-US","potentialAction":[{"@type":"ReadAction","target":["https:\/\/www.cosmetics-ebene.com\/en\/product\/dh7-creme-carotte-eclairissante\/"]}]},{"@type":"ImageObject","inLanguage":"en-US","@id":"https:\/\/www.cosmetics-ebene.com\/en\/product\/dh7-creme-carotte-eclairissante\/#primaryimage","url":"https:\/\/www.cosmetics-ebene.com\/wp-content\/uploads\/2024\/09\/581.jpg","contentUrl":"https:\/\/www.cosmetics-ebene.com\/wp-content\/uploads\/2024\/09\/581.jpg","width":1080,"height":1080,"caption":"DH7 Cr\u00e8me Carotte Eclairissante"},{"@type":"BreadcrumbList","@id":"https:\/\/www.cosmetics-ebene.com\/en\/product\/dh7-creme-carotte-eclairissante\/#breadcrumb","itemListElement":[{"@type":"ListItem","position":1,"name":"Home","item":"https:\/\/www.cosmetics-ebene.com\/en\/"},{"@type":"ListItem","position":2,"name":"Shop","item":"https:\/\/www.cosmetics-ebene.com\/shop\/"},{"@type":"ListItem","position":3,"name":"DH7 Lightening Carrot Cream 50 ml"}]},{"@type":"WebSite","@id":"https:\/\/www.cosmetics-ebene.com\/en\/#website","url":"https:\/\/www.cosmetics-ebene.com\/en\/","name":"Sessi","description":"Produits de beaut\u00e9 pour peau noires et m\u00e9tiss\u00e9","publisher":{"@id":"https:\/\/www.cosmetics-ebene.com\/en\/#organization"},"potentialAction":[{"@type":"SearchAction","target":{"@type":"EntryPoint","urlTemplate":"https:\/\/www.cosmetics-ebene.com\/en\/?s={search_term_string}"},"query-input":{"@type":"PropertyValueSpecification","valueRequired":true,"valueName":"search_term_string"}}],"inLanguage":"en-US"},{"@type":"Organization","@id":"https:\/\/www.cosmetics-ebene.com\/en\/#organization","name":"Sessi","url":"https:\/\/www.cosmetics-ebene.com\/en\/","logo":{"@type":"ImageObject","inLanguage":"en-US","@id":"https:\/\/www.cosmetics-ebene.com\/en\/#\/schema\/logo\/image\/","url":"https:\/\/www.cosmetics-ebene.com\/wp-content\/uploads\/2024\/09\/cosmetics-ebene-logo-1-e1727351533275.png","contentUrl":"https:\/\/www.cosmetics-ebene.com\/wp-content\/uploads\/2024\/09\/cosmetics-ebene-logo-1-e1727351533275.png","width":350,"height":69,"caption":"Sessi"},"image":{"@id":"https:\/\/www.cosmetics-ebene.com\/en\/#\/schema\/logo\/image\/"}}]}},"_links":{"self":[{"href":"https:\/\/www.cosmetics-ebene.com\/en\/wp-json\/wp\/v2\/product\/10266","targetHints":{"allow":["GET"]}}],"collection":[{"href":"https:\/\/www.cosmetics-ebene.com\/en\/wp-json\/wp\/v2\/product"}],"about":[{"href":"https:\/\/www.cosmetics-ebene.com\/en\/wp-json\/wp\/v2\/types\/product"}],"replies":[{"embeddable":true,"href":"https:\/\/www.cosmetics-ebene.com\/en\/wp-json\/wp\/v2\/comments?post=10266"}],"version-history":[{"count":0,"href":"https:\/\/www.cosmetics-ebene.com\/en\/wp-json\/wp\/v2\/product\/10266\/revisions"}],"wp:featuredmedia":[{"embeddable":true,"href":"https:\/\/www.cosmetics-ebene.com\/en\/wp-json\/wp\/v2\/media\/10264"}],"wp:attachment":[{"href":"https:\/\/www.cosmetics-ebene.com\/en\/wp-json\/wp\/v2\/media?parent=10266"}],"wp:term":[{"taxonomy":"product_brand","embeddable":true,"href":"https:\/\/www.cosmetics-ebene.com\/en\/wp-json\/wp\/v2\/product_brand?post=10266"},{"taxonomy":"product_cat","embeddable":true,"href":"https:\/\/www.cosmetics-ebene.com\/en\/wp-json\/wp\/v2\/product_cat?post=10266"},{"taxonomy":"product_tag","embeddable":true,"href":"https:\/\/www.cosmetics-ebene.com\/en\/wp-json\/wp\/v2\/product_tag?post=10266"}],"curies":[{"name":"wp","href":"https:\/\/api.w.org\/{rel}","templated":true}]}}