{"id":10310,"date":"2020-09-11T13:44:39","date_gmt":"2020-09-11T13:44:39","guid":{"rendered":"https:\/\/preprod.cosmetics-ebene.com\/?product=eva-grace-lotion-capillaire-extreme-croissance-125-ml"},"modified":"2025-02-27T11:23:21","modified_gmt":"2025-02-27T11:23:21","slug":"eva-grace-lotion-capillaire-extreme-croissance-125-ml","status":"publish","type":"product","link":"https:\/\/www.cosmetics-ebene.com\/en\/product\/eva-grace-lotion-capillaire-extreme-croissance-125-ml\/","title":{"rendered":"EVA GRACE Lotion Capillaire Extr\u00eame Croissance 125 ml"},"content":{"rendered":"<ul>\n<li>\n<h2><img decoding=\"async\" src=\"https:\/\/www.cosmetics-ebene.com\/wp-content\/uploads\/content\/icon1.jpg\" alt=\"\" height=\"73\" width=\"69\" \/>\u00c9labor\u00e9 et mis au point par des sp\u00e9cialistes du cheveu<\/h2>\n<h4>La sp\u00e9cificit\u00e9 de la lotion capillaire pour cheveux \u00e9pais EXTREME CROISSANCE r\u00e9sulte de la combinaison des meilleurs actifs naturels s\u00e9lectionn\u00e9s avec soin pour le bien de vos cheveux. L\u2019association de l\u2019HUILE DE CAMPHRE et du MENTHOL \u00e0\u00a0\u00a0d\u2019autres actifs naturels stimule la croissance des cheveux, renforce la racine, rend vos cheveux plus brillants et pr\u00e9vient la perte des cheveux.\u00a0<\/h4>\n<h2><img decoding=\"async\" src=\"https:\/\/www.cosmetics-ebene.com\/wp-content\/uploads\/content\/icon2.jpg\" alt=\"\" height=\"73\" width=\"69\" \/>Conseils d\u2019utilisations :<\/h2>\n<p>Utiliser la 1 \u00e0 2 fois par\u00a0jour sur le cuir chevelu en massant bien la zone. \u00c9viter le contact avec les yeux. En cas d\u2019irritation cessez l\u2019usage. Ne pas utiliser chez les enfants de moins de 12 ans. Usage externe uniquement<\/p>\n<h2><img decoding=\"async\" src=\"https:\/\/www.cosmetics-ebene.com\/wp-content\/uploads\/content\/icon3.jpg\" alt=\"\" height=\"73\" width=\"69\" \/>Composition :<\/h2>\n<\/li>\n<\/ul>\n<p><span lang=\"en-us\" xml:lang=\"en-us\">GLYCERIN, METHYL SALICYLATE, CAMPHOR, MENTHOL, APIGENIN, OLEANOLIC ACID, BIOTINOYL TRIPEPTIDE-1, ALCOHOL DENAT., PANTHENYL ETHYL ETHER, MILK PROTEIN, LACTOSE, INOSITOL, ACETYL CYSTEINE, ACETYL METHIONINE, SODIUM CITRATE CL 42051<\/span><\/p>\n","protected":false},"excerpt":{"rendered":"<p>La sp\u00e9cificit\u00e9 de la lotion capillaire pour cheveux \u00e9pais EXTREME CROISSANCE r\u00e9sulte de la combinaison des meilleurs actifs naturels s\u00e9lectionn\u00e9s avec soin pour le bien de vos cheveux. L\u2019association de l\u2019HUILE DE CAMPHRE et du MENTHOL \u00e0\u00a0\u00a0d\u2019autres actifs naturels stimule la croissance des cheveux, renforce la racine, rend vos cheveux plus brillants et pr\u00e9vient la perte des cheveux.\u00a0<\/p>\n","protected":false},"featured_media":10306,"comment_status":"open","ping_status":"closed","template":"","meta":[],"product_brand":[287],"product_cat":[406,348,386],"product_tag":[],"class_list":{"0":"post-10310","1":"product","2":"type-product","3":"status-publish","4":"has-post-thumbnail","6":"product_brand-eva-grace","7":"product_cat-eva-grace-en","8":"product_cat-hair","9":"product_cat-traitement-soins-capillaire-en","10":"pa_je-suis-toutes-categories-confondues-en","11":"pa_un-produit-pour-les-cheveux-en","12":"pa_une-marque-evagrace-en","13":"pa_une-solution-pour-cheveux-jai-les-cheveux-abimes-et-cassants-en","16":"instock","17":"taxable","18":"shipping-taxable","19":"purchasable","20":"product-type-simple"},"yoast_head":"<!-- This site is optimized with the Yoast SEO plugin v27.3 - https:\/\/yoast.com\/product\/yoast-seo-wordpress\/ -->\n<title>EVA GRACE Lotion Capillaire Extr\u00eame Croissance 125 ml - Sessi<\/title>\n<meta name=\"robots\" content=\"index, follow, max-snippet:-1, max-image-preview:large, max-video-preview:-1\" \/>\n<link rel=\"canonical\" href=\"https:\/\/www.cosmetics-ebene.com\/en\/product\/eva-grace-lotion-capillaire-extreme-croissance-125-ml\/\" \/>\n<meta property=\"og:locale\" content=\"en_US\" \/>\n<meta property=\"og:type\" content=\"article\" \/>\n<meta property=\"og:title\" content=\"EVA GRACE Lotion Capillaire Extr\u00eame Croissance 125 ml - Sessi\" \/>\n<meta property=\"og:description\" content=\"La sp\u00e9cificit\u00e9 de la lotion capillaire pour cheveux \u00e9pais EXTREME CROISSANCE r\u00e9sulte de la combinaison des meilleurs actifs naturels s\u00e9lectionn\u00e9s avec soin pour le bien de vos cheveux. L\u2019association de l\u2019HUILE DE CAMPHRE et du MENTHOL \u00e0\u00a0\u00a0d\u2019autres actifs naturels stimule la croissance des cheveux, renforce la racine, rend vos cheveux plus brillants et pr\u00e9vient la perte des cheveux.\u00a0\" \/>\n<meta property=\"og:url\" content=\"https:\/\/www.cosmetics-ebene.com\/en\/product\/eva-grace-lotion-capillaire-extreme-croissance-125-ml\/\" \/>\n<meta property=\"og:site_name\" content=\"Sessi\" \/>\n<meta property=\"article:modified_time\" content=\"2025-02-27T11:23:21+00:00\" \/>\n<meta property=\"og:image\" content=\"https:\/\/www.cosmetics-ebene.com\/wp-content\/uploads\/2024\/09\/669.jpg\" \/>\n\t<meta property=\"og:image:width\" content=\"459\" \/>\n\t<meta property=\"og:image:height\" content=\"823\" \/>\n\t<meta property=\"og:image:type\" content=\"image\/jpeg\" \/>\n<meta name=\"twitter:card\" content=\"summary_large_image\" \/>\n<meta name=\"twitter:label1\" content=\"Est. reading time\" \/>\n\t<meta name=\"twitter:data1\" content=\"1 minute\" \/>\n<script type=\"application\/ld+json\" class=\"yoast-schema-graph\">{\"@context\":\"https:\\\/\\\/schema.org\",\"@graph\":[{\"@type\":\"WebPage\",\"@id\":\"https:\\\/\\\/www.cosmetics-ebene.com\\\/en\\\/product\\\/eva-grace-lotion-capillaire-extreme-croissance-125-ml\\\/\",\"url\":\"https:\\\/\\\/www.cosmetics-ebene.com\\\/en\\\/product\\\/eva-grace-lotion-capillaire-extreme-croissance-125-ml\\\/\",\"name\":\"EVA GRACE Lotion Capillaire Extr\u00eame Croissance 125 ml - Sessi\",\"isPartOf\":{\"@id\":\"https:\\\/\\\/www.cosmetics-ebene.com\\\/en\\\/#website\"},\"primaryImageOfPage\":{\"@id\":\"https:\\\/\\\/www.cosmetics-ebene.com\\\/en\\\/product\\\/eva-grace-lotion-capillaire-extreme-croissance-125-ml\\\/#primaryimage\"},\"image\":{\"@id\":\"https:\\\/\\\/www.cosmetics-ebene.com\\\/en\\\/product\\\/eva-grace-lotion-capillaire-extreme-croissance-125-ml\\\/#primaryimage\"},\"thumbnailUrl\":\"https:\\\/\\\/www.cosmetics-ebene.com\\\/wp-content\\\/uploads\\\/2024\\\/09\\\/669.jpg\",\"datePublished\":\"2020-09-11T13:44:39+00:00\",\"dateModified\":\"2025-02-27T11:23:21+00:00\",\"breadcrumb\":{\"@id\":\"https:\\\/\\\/www.cosmetics-ebene.com\\\/en\\\/product\\\/eva-grace-lotion-capillaire-extreme-croissance-125-ml\\\/#breadcrumb\"},\"inLanguage\":\"en-US\",\"potentialAction\":[{\"@type\":\"ReadAction\",\"target\":[\"https:\\\/\\\/www.cosmetics-ebene.com\\\/en\\\/product\\\/eva-grace-lotion-capillaire-extreme-croissance-125-ml\\\/\"]}]},{\"@type\":\"ImageObject\",\"inLanguage\":\"en-US\",\"@id\":\"https:\\\/\\\/www.cosmetics-ebene.com\\\/en\\\/product\\\/eva-grace-lotion-capillaire-extreme-croissance-125-ml\\\/#primaryimage\",\"url\":\"https:\\\/\\\/www.cosmetics-ebene.com\\\/wp-content\\\/uploads\\\/2024\\\/09\\\/669.jpg\",\"contentUrl\":\"https:\\\/\\\/www.cosmetics-ebene.com\\\/wp-content\\\/uploads\\\/2024\\\/09\\\/669.jpg\",\"width\":459,\"height\":823,\"caption\":\"EVA GRACE Lotion Capillaire Extr\u00eame Croissance 125 ml\"},{\"@type\":\"BreadcrumbList\",\"@id\":\"https:\\\/\\\/www.cosmetics-ebene.com\\\/en\\\/product\\\/eva-grace-lotion-capillaire-extreme-croissance-125-ml\\\/#breadcrumb\",\"itemListElement\":[{\"@type\":\"ListItem\",\"position\":1,\"name\":\"Home\",\"item\":\"https:\\\/\\\/www.cosmetics-ebene.com\\\/en\\\/\"},{\"@type\":\"ListItem\",\"position\":2,\"name\":\"Shop\",\"item\":\"https:\\\/\\\/www.cosmetics-ebene.com\\\/shop\\\/\"},{\"@type\":\"ListItem\",\"position\":3,\"name\":\"EVA GRACE Lotion Capillaire Extr\u00eame Croissance 125 ml\"}]},{\"@type\":\"WebSite\",\"@id\":\"https:\\\/\\\/www.cosmetics-ebene.com\\\/en\\\/#website\",\"url\":\"https:\\\/\\\/www.cosmetics-ebene.com\\\/en\\\/\",\"name\":\"Sessi\",\"description\":\"Produits de beaut\u00e9 pour peau noires et m\u00e9tiss\u00e9\",\"publisher\":{\"@id\":\"https:\\\/\\\/www.cosmetics-ebene.com\\\/en\\\/#organization\"},\"potentialAction\":[{\"@type\":\"SearchAction\",\"target\":{\"@type\":\"EntryPoint\",\"urlTemplate\":\"https:\\\/\\\/www.cosmetics-ebene.com\\\/en\\\/?s={search_term_string}\"},\"query-input\":{\"@type\":\"PropertyValueSpecification\",\"valueRequired\":true,\"valueName\":\"search_term_string\"}}],\"inLanguage\":\"en-US\"},{\"@type\":\"Organization\",\"@id\":\"https:\\\/\\\/www.cosmetics-ebene.com\\\/en\\\/#organization\",\"name\":\"Sessi\",\"url\":\"https:\\\/\\\/www.cosmetics-ebene.com\\\/en\\\/\",\"logo\":{\"@type\":\"ImageObject\",\"inLanguage\":\"en-US\",\"@id\":\"https:\\\/\\\/www.cosmetics-ebene.com\\\/en\\\/#\\\/schema\\\/logo\\\/image\\\/\",\"url\":\"https:\\\/\\\/www.cosmetics-ebene.com\\\/wp-content\\\/uploads\\\/2024\\\/09\\\/cosmetics-ebene-logo-1-e1727351533275.png\",\"contentUrl\":\"https:\\\/\\\/www.cosmetics-ebene.com\\\/wp-content\\\/uploads\\\/2024\\\/09\\\/cosmetics-ebene-logo-1-e1727351533275.png\",\"width\":350,\"height\":69,\"caption\":\"Sessi\"},\"image\":{\"@id\":\"https:\\\/\\\/www.cosmetics-ebene.com\\\/en\\\/#\\\/schema\\\/logo\\\/image\\\/\"}}]}<\/script>\n<!-- \/ Yoast SEO plugin. -->","yoast_head_json":{"title":"EVA GRACE Lotion Capillaire Extr\u00eame Croissance 125 ml - Sessi","robots":{"index":"index","follow":"follow","max-snippet":"max-snippet:-1","max-image-preview":"max-image-preview:large","max-video-preview":"max-video-preview:-1"},"canonical":"https:\/\/www.cosmetics-ebene.com\/en\/product\/eva-grace-lotion-capillaire-extreme-croissance-125-ml\/","og_locale":"en_US","og_type":"article","og_title":"EVA GRACE Lotion Capillaire Extr\u00eame Croissance 125 ml - Sessi","og_description":"La sp\u00e9cificit\u00e9 de la lotion capillaire pour cheveux \u00e9pais EXTREME CROISSANCE r\u00e9sulte de la combinaison des meilleurs actifs naturels s\u00e9lectionn\u00e9s avec soin pour le bien de vos cheveux. L\u2019association de l\u2019HUILE DE CAMPHRE et du MENTHOL \u00e0\u00a0\u00a0d\u2019autres actifs naturels stimule la croissance des cheveux, renforce la racine, rend vos cheveux plus brillants et pr\u00e9vient la perte des cheveux.\u00a0","og_url":"https:\/\/www.cosmetics-ebene.com\/en\/product\/eva-grace-lotion-capillaire-extreme-croissance-125-ml\/","og_site_name":"Sessi","article_modified_time":"2025-02-27T11:23:21+00:00","og_image":[{"width":459,"height":823,"url":"https:\/\/www.cosmetics-ebene.com\/wp-content\/uploads\/2024\/09\/669.jpg","type":"image\/jpeg"}],"twitter_card":"summary_large_image","twitter_misc":{"Est. reading time":"1 minute"},"schema":{"@context":"https:\/\/schema.org","@graph":[{"@type":"WebPage","@id":"https:\/\/www.cosmetics-ebene.com\/en\/product\/eva-grace-lotion-capillaire-extreme-croissance-125-ml\/","url":"https:\/\/www.cosmetics-ebene.com\/en\/product\/eva-grace-lotion-capillaire-extreme-croissance-125-ml\/","name":"EVA GRACE Lotion Capillaire Extr\u00eame Croissance 125 ml - Sessi","isPartOf":{"@id":"https:\/\/www.cosmetics-ebene.com\/en\/#website"},"primaryImageOfPage":{"@id":"https:\/\/www.cosmetics-ebene.com\/en\/product\/eva-grace-lotion-capillaire-extreme-croissance-125-ml\/#primaryimage"},"image":{"@id":"https:\/\/www.cosmetics-ebene.com\/en\/product\/eva-grace-lotion-capillaire-extreme-croissance-125-ml\/#primaryimage"},"thumbnailUrl":"https:\/\/www.cosmetics-ebene.com\/wp-content\/uploads\/2024\/09\/669.jpg","datePublished":"2020-09-11T13:44:39+00:00","dateModified":"2025-02-27T11:23:21+00:00","breadcrumb":{"@id":"https:\/\/www.cosmetics-ebene.com\/en\/product\/eva-grace-lotion-capillaire-extreme-croissance-125-ml\/#breadcrumb"},"inLanguage":"en-US","potentialAction":[{"@type":"ReadAction","target":["https:\/\/www.cosmetics-ebene.com\/en\/product\/eva-grace-lotion-capillaire-extreme-croissance-125-ml\/"]}]},{"@type":"ImageObject","inLanguage":"en-US","@id":"https:\/\/www.cosmetics-ebene.com\/en\/product\/eva-grace-lotion-capillaire-extreme-croissance-125-ml\/#primaryimage","url":"https:\/\/www.cosmetics-ebene.com\/wp-content\/uploads\/2024\/09\/669.jpg","contentUrl":"https:\/\/www.cosmetics-ebene.com\/wp-content\/uploads\/2024\/09\/669.jpg","width":459,"height":823,"caption":"EVA GRACE Lotion Capillaire Extr\u00eame Croissance 125 ml"},{"@type":"BreadcrumbList","@id":"https:\/\/www.cosmetics-ebene.com\/en\/product\/eva-grace-lotion-capillaire-extreme-croissance-125-ml\/#breadcrumb","itemListElement":[{"@type":"ListItem","position":1,"name":"Home","item":"https:\/\/www.cosmetics-ebene.com\/en\/"},{"@type":"ListItem","position":2,"name":"Shop","item":"https:\/\/www.cosmetics-ebene.com\/shop\/"},{"@type":"ListItem","position":3,"name":"EVA GRACE Lotion Capillaire Extr\u00eame Croissance 125 ml"}]},{"@type":"WebSite","@id":"https:\/\/www.cosmetics-ebene.com\/en\/#website","url":"https:\/\/www.cosmetics-ebene.com\/en\/","name":"Sessi","description":"Produits de beaut\u00e9 pour peau noires et m\u00e9tiss\u00e9","publisher":{"@id":"https:\/\/www.cosmetics-ebene.com\/en\/#organization"},"potentialAction":[{"@type":"SearchAction","target":{"@type":"EntryPoint","urlTemplate":"https:\/\/www.cosmetics-ebene.com\/en\/?s={search_term_string}"},"query-input":{"@type":"PropertyValueSpecification","valueRequired":true,"valueName":"search_term_string"}}],"inLanguage":"en-US"},{"@type":"Organization","@id":"https:\/\/www.cosmetics-ebene.com\/en\/#organization","name":"Sessi","url":"https:\/\/www.cosmetics-ebene.com\/en\/","logo":{"@type":"ImageObject","inLanguage":"en-US","@id":"https:\/\/www.cosmetics-ebene.com\/en\/#\/schema\/logo\/image\/","url":"https:\/\/www.cosmetics-ebene.com\/wp-content\/uploads\/2024\/09\/cosmetics-ebene-logo-1-e1727351533275.png","contentUrl":"https:\/\/www.cosmetics-ebene.com\/wp-content\/uploads\/2024\/09\/cosmetics-ebene-logo-1-e1727351533275.png","width":350,"height":69,"caption":"Sessi"},"image":{"@id":"https:\/\/www.cosmetics-ebene.com\/en\/#\/schema\/logo\/image\/"}}]}},"_links":{"self":[{"href":"https:\/\/www.cosmetics-ebene.com\/en\/wp-json\/wp\/v2\/product\/10310","targetHints":{"allow":["GET"]}}],"collection":[{"href":"https:\/\/www.cosmetics-ebene.com\/en\/wp-json\/wp\/v2\/product"}],"about":[{"href":"https:\/\/www.cosmetics-ebene.com\/en\/wp-json\/wp\/v2\/types\/product"}],"replies":[{"embeddable":true,"href":"https:\/\/www.cosmetics-ebene.com\/en\/wp-json\/wp\/v2\/comments?post=10310"}],"version-history":[{"count":0,"href":"https:\/\/www.cosmetics-ebene.com\/en\/wp-json\/wp\/v2\/product\/10310\/revisions"}],"wp:featuredmedia":[{"embeddable":true,"href":"https:\/\/www.cosmetics-ebene.com\/en\/wp-json\/wp\/v2\/media\/10306"}],"wp:attachment":[{"href":"https:\/\/www.cosmetics-ebene.com\/en\/wp-json\/wp\/v2\/media?parent=10310"}],"wp:term":[{"taxonomy":"product_brand","embeddable":true,"href":"https:\/\/www.cosmetics-ebene.com\/en\/wp-json\/wp\/v2\/product_brand?post=10310"},{"taxonomy":"product_cat","embeddable":true,"href":"https:\/\/www.cosmetics-ebene.com\/en\/wp-json\/wp\/v2\/product_cat?post=10310"},{"taxonomy":"product_tag","embeddable":true,"href":"https:\/\/www.cosmetics-ebene.com\/en\/wp-json\/wp\/v2\/product_tag?post=10310"}],"curies":[{"name":"wp","href":"https:\/\/api.w.org\/{rel}","templated":true}]}}