{"id":10330,"date":"2020-09-11T14:30:07","date_gmt":"2020-09-11T14:30:07","guid":{"rendered":"https:\/\/preprod.cosmetics-ebene.com\/?product=eva-grace-creme-sans-rincage"},"modified":"2025-02-26T02:50:45","modified_gmt":"2025-02-26T02:50:45","slug":"eva-grace-creme-sans-rincage","status":"publish","type":"product","link":"https:\/\/www.cosmetics-ebene.com\/en\/product\/eva-grace-creme-sans-rincage\/","title":{"rendered":"EVA GRACE Leave in Conditioner"},"content":{"rendered":"<ul>\n<li>\n<h2><img decoding=\"async\" src=\"https:\/\/www.cosmetics-ebene.com\/wp-content\/uploads\/content\/icon1.jpg\" alt=\"\" height=\"73\" width=\"69\" \/>\u00c9labor\u00e9 et mis au point par des sp\u00e9cialistes du cheveu<\/h2>\n<h4><span>Cette cr\u00e8me\u00a0<\/span>r\u00e9paratrice sans rin\u00e7age a \u00e9t\u00e9 con\u00e7ue pour vous aider \u00e0 d\u00e9finir et \u00e0 magnifier vos boucles. A base d\u2019ALOE VERA cette cr\u00e8me non collant hydrate vos cheveux tout en vous permettant de les coiffer comme vous le d\u00e9sirez.\u00a0<\/h4>\n<h2><img decoding=\"async\" src=\"https:\/\/www.cosmetics-ebene.com\/wp-content\/uploads\/content\/icon2.jpg\" alt=\"\" height=\"73\" width=\"69\" \/>Conseils d\u2019utilisations :<\/h2>\n<p><span>Cette cr\u00e8me r\u00e9paratrice sans rin\u00e7age a \u00e9t\u00e9 con\u00e7ue pour r\u00e9pondre aux besoins des cheveux naturels, teints et d\u00e9fris\u00e9s mais aussi \u00e0 ceux des cheveux ondul\u00e9s et boucl\u00e9s. Cette cr\u00e8me fortifie vos cheveux abim\u00e9s tout en r\u00e9duisant leur casse et en les hydratant sur la dur\u00e9e. L\u2019association du BEURRE DE KARITE, de la KERATINE et de la VITAMINE A permet de donner \u00e0 vos cheveux ceux dont ils ont besoin pour retrouver leur souplesse et leur solidit\u00e9, le parfait alli\u00e9 pour les cheveux secs et d\u00e9shydrat\u00e9s.\u00a0<\/span><\/p>\n<h2><img decoding=\"async\" src=\"https:\/\/www.cosmetics-ebene.com\/wp-content\/uploads\/content\/icon3.jpg\" alt=\"\" height=\"73\" width=\"69\" \/>Composition :<\/h2>\n<\/li>\n<\/ul>\n<p><span lang=\"en-us\" xml:lang=\"en-us\">Aqua, helianthus annuus seed oil, cetearyl alcohol and ceteareth-33, cetrimonium chloride, butyrospermum parkii, hydrolyzed keratin, lanolin, hyaluronic acid, aloe barbadensis juice extract, isopropyl palmitate (and) isostearyl isostearate (and) octyldodecanol (and) octyldodecyl myristate, guar hydroxypropyltrimonium chloride, isopropyl palmitate, tocopherol, linoleic acid (and) linolenic acid, retinyl palmitate,\u00a0 phenoxyethanol (and) chlorphenesin (and) caprylyl glycol, coumarin, p-t-butyl-alpha-methylhydrocinnamic aldehyde, 3 and 4-(4-hydroxy-4-methylpentyl)-3-cyclohexene-1-carboxaldehyde, alpha-iso-methylionone 12, linalool<\/span><\/p>\n","protected":false},"excerpt":{"rendered":"<p>Cette cr\u00e8me r\u00e9paratrice sans rin\u00e7age a \u00e9t\u00e9 con\u00e7ue pour vous aider \u00e0 r\u00e9parer vos cheveux abim\u00e9s. A base d\u2019ALOE VERA cette cr\u00e8me non collant hydrate vos cheveux tout en vous permettant de les coiffer comme vous le d\u00e9sirez.\u00a0<\/p>\n","protected":false},"featured_media":10326,"comment_status":"open","ping_status":"closed","template":"","meta":[],"product_brand":[287],"product_cat":[406,348,384,386],"product_tag":[],"class_list":{"0":"post-10330","1":"product","2":"type-product","3":"status-publish","4":"has-post-thumbnail","6":"product_brand-eva-grace","7":"product_cat-eva-grace-en","8":"product_cat-hair","9":"product_cat-shampoo-creme-en","10":"product_cat-traitement-soins-capillaire-en","13":"instock","14":"taxable","15":"shipping-taxable","16":"purchasable","17":"product-type-simple"},"yoast_head":"<!-- This site is optimized with the Yoast SEO plugin v27.3 - https:\/\/yoast.com\/product\/yoast-seo-wordpress\/ -->\n<title>EVA GRACE Leave in Conditioner - Sessi<\/title>\n<meta name=\"robots\" content=\"index, follow, max-snippet:-1, max-image-preview:large, max-video-preview:-1\" \/>\n<link rel=\"canonical\" href=\"https:\/\/www.cosmetics-ebene.com\/en\/product\/eva-grace-creme-sans-rincage\/\" \/>\n<meta property=\"og:locale\" content=\"en_US\" \/>\n<meta property=\"og:type\" content=\"article\" \/>\n<meta property=\"og:title\" content=\"EVA GRACE Leave in Conditioner - Sessi\" \/>\n<meta property=\"og:description\" content=\"Cette cr\u00e8me r\u00e9paratrice sans rin\u00e7age a \u00e9t\u00e9 con\u00e7ue pour vous aider \u00e0 r\u00e9parer vos cheveux abim\u00e9s. A base d\u2019ALOE VERA cette cr\u00e8me non collant hydrate vos cheveux tout en vous permettant de les coiffer comme vous le d\u00e9sirez.\u00a0\" \/>\n<meta property=\"og:url\" content=\"https:\/\/www.cosmetics-ebene.com\/en\/product\/eva-grace-creme-sans-rincage\/\" \/>\n<meta property=\"og:site_name\" content=\"Sessi\" \/>\n<meta property=\"article:modified_time\" content=\"2025-02-26T02:50:45+00:00\" \/>\n<meta property=\"og:image\" content=\"https:\/\/www.cosmetics-ebene.com\/wp-content\/uploads\/2024\/09\/666.jpg\" \/>\n\t<meta property=\"og:image:width\" content=\"1200\" \/>\n\t<meta property=\"og:image:height\" content=\"1800\" \/>\n\t<meta property=\"og:image:type\" content=\"image\/jpeg\" \/>\n<meta name=\"twitter:card\" content=\"summary_large_image\" \/>\n<meta name=\"twitter:label1\" content=\"Est. reading time\" \/>\n\t<meta name=\"twitter:data1\" content=\"1 minute\" \/>\n<script type=\"application\/ld+json\" class=\"yoast-schema-graph\">{\"@context\":\"https:\\\/\\\/schema.org\",\"@graph\":[{\"@type\":\"WebPage\",\"@id\":\"https:\\\/\\\/www.cosmetics-ebene.com\\\/en\\\/product\\\/eva-grace-creme-sans-rincage\\\/\",\"url\":\"https:\\\/\\\/www.cosmetics-ebene.com\\\/en\\\/product\\\/eva-grace-creme-sans-rincage\\\/\",\"name\":\"EVA GRACE Leave in Conditioner - Sessi\",\"isPartOf\":{\"@id\":\"https:\\\/\\\/www.cosmetics-ebene.com\\\/en\\\/#website\"},\"primaryImageOfPage\":{\"@id\":\"https:\\\/\\\/www.cosmetics-ebene.com\\\/en\\\/product\\\/eva-grace-creme-sans-rincage\\\/#primaryimage\"},\"image\":{\"@id\":\"https:\\\/\\\/www.cosmetics-ebene.com\\\/en\\\/product\\\/eva-grace-creme-sans-rincage\\\/#primaryimage\"},\"thumbnailUrl\":\"https:\\\/\\\/www.cosmetics-ebene.com\\\/wp-content\\\/uploads\\\/2024\\\/09\\\/666.jpg\",\"datePublished\":\"2020-09-11T14:30:07+00:00\",\"dateModified\":\"2025-02-26T02:50:45+00:00\",\"breadcrumb\":{\"@id\":\"https:\\\/\\\/www.cosmetics-ebene.com\\\/en\\\/product\\\/eva-grace-creme-sans-rincage\\\/#breadcrumb\"},\"inLanguage\":\"en-US\",\"potentialAction\":[{\"@type\":\"ReadAction\",\"target\":[\"https:\\\/\\\/www.cosmetics-ebene.com\\\/en\\\/product\\\/eva-grace-creme-sans-rincage\\\/\"]}]},{\"@type\":\"ImageObject\",\"inLanguage\":\"en-US\",\"@id\":\"https:\\\/\\\/www.cosmetics-ebene.com\\\/en\\\/product\\\/eva-grace-creme-sans-rincage\\\/#primaryimage\",\"url\":\"https:\\\/\\\/www.cosmetics-ebene.com\\\/wp-content\\\/uploads\\\/2024\\\/09\\\/666.jpg\",\"contentUrl\":\"https:\\\/\\\/www.cosmetics-ebene.com\\\/wp-content\\\/uploads\\\/2024\\\/09\\\/666.jpg\",\"width\":1200,\"height\":1800,\"caption\":\"EVA GRACE Cr\u00e8me Sans Rin\u00e7age\"},{\"@type\":\"BreadcrumbList\",\"@id\":\"https:\\\/\\\/www.cosmetics-ebene.com\\\/en\\\/product\\\/eva-grace-creme-sans-rincage\\\/#breadcrumb\",\"itemListElement\":[{\"@type\":\"ListItem\",\"position\":1,\"name\":\"Home\",\"item\":\"https:\\\/\\\/www.cosmetics-ebene.com\\\/en\\\/\"},{\"@type\":\"ListItem\",\"position\":2,\"name\":\"Shop\",\"item\":\"https:\\\/\\\/www.cosmetics-ebene.com\\\/shop\\\/\"},{\"@type\":\"ListItem\",\"position\":3,\"name\":\"EVA GRACE Leave in Conditioner\"}]},{\"@type\":\"WebSite\",\"@id\":\"https:\\\/\\\/www.cosmetics-ebene.com\\\/en\\\/#website\",\"url\":\"https:\\\/\\\/www.cosmetics-ebene.com\\\/en\\\/\",\"name\":\"Sessi\",\"description\":\"Produits de beaut\u00e9 pour peau noires et m\u00e9tiss\u00e9\",\"publisher\":{\"@id\":\"https:\\\/\\\/www.cosmetics-ebene.com\\\/en\\\/#organization\"},\"potentialAction\":[{\"@type\":\"SearchAction\",\"target\":{\"@type\":\"EntryPoint\",\"urlTemplate\":\"https:\\\/\\\/www.cosmetics-ebene.com\\\/en\\\/?s={search_term_string}\"},\"query-input\":{\"@type\":\"PropertyValueSpecification\",\"valueRequired\":true,\"valueName\":\"search_term_string\"}}],\"inLanguage\":\"en-US\"},{\"@type\":\"Organization\",\"@id\":\"https:\\\/\\\/www.cosmetics-ebene.com\\\/en\\\/#organization\",\"name\":\"Sessi\",\"url\":\"https:\\\/\\\/www.cosmetics-ebene.com\\\/en\\\/\",\"logo\":{\"@type\":\"ImageObject\",\"inLanguage\":\"en-US\",\"@id\":\"https:\\\/\\\/www.cosmetics-ebene.com\\\/en\\\/#\\\/schema\\\/logo\\\/image\\\/\",\"url\":\"https:\\\/\\\/www.cosmetics-ebene.com\\\/wp-content\\\/uploads\\\/2024\\\/09\\\/cosmetics-ebene-logo-1-e1727351533275.png\",\"contentUrl\":\"https:\\\/\\\/www.cosmetics-ebene.com\\\/wp-content\\\/uploads\\\/2024\\\/09\\\/cosmetics-ebene-logo-1-e1727351533275.png\",\"width\":350,\"height\":69,\"caption\":\"Sessi\"},\"image\":{\"@id\":\"https:\\\/\\\/www.cosmetics-ebene.com\\\/en\\\/#\\\/schema\\\/logo\\\/image\\\/\"}}]}<\/script>\n<!-- \/ Yoast SEO plugin. -->","yoast_head_json":{"title":"EVA GRACE Leave in Conditioner - Sessi","robots":{"index":"index","follow":"follow","max-snippet":"max-snippet:-1","max-image-preview":"max-image-preview:large","max-video-preview":"max-video-preview:-1"},"canonical":"https:\/\/www.cosmetics-ebene.com\/en\/product\/eva-grace-creme-sans-rincage\/","og_locale":"en_US","og_type":"article","og_title":"EVA GRACE Leave in Conditioner - Sessi","og_description":"Cette cr\u00e8me r\u00e9paratrice sans rin\u00e7age a \u00e9t\u00e9 con\u00e7ue pour vous aider \u00e0 r\u00e9parer vos cheveux abim\u00e9s. A base d\u2019ALOE VERA cette cr\u00e8me non collant hydrate vos cheveux tout en vous permettant de les coiffer comme vous le d\u00e9sirez.\u00a0","og_url":"https:\/\/www.cosmetics-ebene.com\/en\/product\/eva-grace-creme-sans-rincage\/","og_site_name":"Sessi","article_modified_time":"2025-02-26T02:50:45+00:00","og_image":[{"width":1200,"height":1800,"url":"https:\/\/www.cosmetics-ebene.com\/wp-content\/uploads\/2024\/09\/666.jpg","type":"image\/jpeg"}],"twitter_card":"summary_large_image","twitter_misc":{"Est. reading time":"1 minute"},"schema":{"@context":"https:\/\/schema.org","@graph":[{"@type":"WebPage","@id":"https:\/\/www.cosmetics-ebene.com\/en\/product\/eva-grace-creme-sans-rincage\/","url":"https:\/\/www.cosmetics-ebene.com\/en\/product\/eva-grace-creme-sans-rincage\/","name":"EVA GRACE Leave in Conditioner - Sessi","isPartOf":{"@id":"https:\/\/www.cosmetics-ebene.com\/en\/#website"},"primaryImageOfPage":{"@id":"https:\/\/www.cosmetics-ebene.com\/en\/product\/eva-grace-creme-sans-rincage\/#primaryimage"},"image":{"@id":"https:\/\/www.cosmetics-ebene.com\/en\/product\/eva-grace-creme-sans-rincage\/#primaryimage"},"thumbnailUrl":"https:\/\/www.cosmetics-ebene.com\/wp-content\/uploads\/2024\/09\/666.jpg","datePublished":"2020-09-11T14:30:07+00:00","dateModified":"2025-02-26T02:50:45+00:00","breadcrumb":{"@id":"https:\/\/www.cosmetics-ebene.com\/en\/product\/eva-grace-creme-sans-rincage\/#breadcrumb"},"inLanguage":"en-US","potentialAction":[{"@type":"ReadAction","target":["https:\/\/www.cosmetics-ebene.com\/en\/product\/eva-grace-creme-sans-rincage\/"]}]},{"@type":"ImageObject","inLanguage":"en-US","@id":"https:\/\/www.cosmetics-ebene.com\/en\/product\/eva-grace-creme-sans-rincage\/#primaryimage","url":"https:\/\/www.cosmetics-ebene.com\/wp-content\/uploads\/2024\/09\/666.jpg","contentUrl":"https:\/\/www.cosmetics-ebene.com\/wp-content\/uploads\/2024\/09\/666.jpg","width":1200,"height":1800,"caption":"EVA GRACE Cr\u00e8me Sans Rin\u00e7age"},{"@type":"BreadcrumbList","@id":"https:\/\/www.cosmetics-ebene.com\/en\/product\/eva-grace-creme-sans-rincage\/#breadcrumb","itemListElement":[{"@type":"ListItem","position":1,"name":"Home","item":"https:\/\/www.cosmetics-ebene.com\/en\/"},{"@type":"ListItem","position":2,"name":"Shop","item":"https:\/\/www.cosmetics-ebene.com\/shop\/"},{"@type":"ListItem","position":3,"name":"EVA GRACE Leave in Conditioner"}]},{"@type":"WebSite","@id":"https:\/\/www.cosmetics-ebene.com\/en\/#website","url":"https:\/\/www.cosmetics-ebene.com\/en\/","name":"Sessi","description":"Produits de beaut\u00e9 pour peau noires et m\u00e9tiss\u00e9","publisher":{"@id":"https:\/\/www.cosmetics-ebene.com\/en\/#organization"},"potentialAction":[{"@type":"SearchAction","target":{"@type":"EntryPoint","urlTemplate":"https:\/\/www.cosmetics-ebene.com\/en\/?s={search_term_string}"},"query-input":{"@type":"PropertyValueSpecification","valueRequired":true,"valueName":"search_term_string"}}],"inLanguage":"en-US"},{"@type":"Organization","@id":"https:\/\/www.cosmetics-ebene.com\/en\/#organization","name":"Sessi","url":"https:\/\/www.cosmetics-ebene.com\/en\/","logo":{"@type":"ImageObject","inLanguage":"en-US","@id":"https:\/\/www.cosmetics-ebene.com\/en\/#\/schema\/logo\/image\/","url":"https:\/\/www.cosmetics-ebene.com\/wp-content\/uploads\/2024\/09\/cosmetics-ebene-logo-1-e1727351533275.png","contentUrl":"https:\/\/www.cosmetics-ebene.com\/wp-content\/uploads\/2024\/09\/cosmetics-ebene-logo-1-e1727351533275.png","width":350,"height":69,"caption":"Sessi"},"image":{"@id":"https:\/\/www.cosmetics-ebene.com\/en\/#\/schema\/logo\/image\/"}}]}},"_links":{"self":[{"href":"https:\/\/www.cosmetics-ebene.com\/en\/wp-json\/wp\/v2\/product\/10330","targetHints":{"allow":["GET"]}}],"collection":[{"href":"https:\/\/www.cosmetics-ebene.com\/en\/wp-json\/wp\/v2\/product"}],"about":[{"href":"https:\/\/www.cosmetics-ebene.com\/en\/wp-json\/wp\/v2\/types\/product"}],"replies":[{"embeddable":true,"href":"https:\/\/www.cosmetics-ebene.com\/en\/wp-json\/wp\/v2\/comments?post=10330"}],"version-history":[{"count":0,"href":"https:\/\/www.cosmetics-ebene.com\/en\/wp-json\/wp\/v2\/product\/10330\/revisions"}],"wp:featuredmedia":[{"embeddable":true,"href":"https:\/\/www.cosmetics-ebene.com\/en\/wp-json\/wp\/v2\/media\/10326"}],"wp:attachment":[{"href":"https:\/\/www.cosmetics-ebene.com\/en\/wp-json\/wp\/v2\/media?parent=10330"}],"wp:term":[{"taxonomy":"product_brand","embeddable":true,"href":"https:\/\/www.cosmetics-ebene.com\/en\/wp-json\/wp\/v2\/product_brand?post=10330"},{"taxonomy":"product_cat","embeddable":true,"href":"https:\/\/www.cosmetics-ebene.com\/en\/wp-json\/wp\/v2\/product_cat?post=10330"},{"taxonomy":"product_tag","embeddable":true,"href":"https:\/\/www.cosmetics-ebene.com\/en\/wp-json\/wp\/v2\/product_tag?post=10330"}],"curies":[{"name":"wp","href":"https:\/\/api.w.org\/{rel}","templated":true}]}}