{"id":10350,"date":"2020-09-18T15:58:58","date_gmt":"2020-09-18T15:58:58","guid":{"rendered":"https:\/\/preprod.cosmetics-ebene.com\/?product=eva-grace-apres-shampooing-adoucissant-et-fortifiant-400-ml"},"modified":"2025-05-24T04:40:51","modified_gmt":"2025-05-24T04:40:51","slug":"eva-grace-apres-shampooing-adoucissant-et-fortifiant-400-ml","status":"publish","type":"product","link":"https:\/\/www.cosmetics-ebene.com\/en\/product\/eva-grace-apres-shampooing-adoucissant-et-fortifiant-400-ml\/","title":{"rendered":"EVA GRACE Softener &#038; Strengthener Conditioner 400 ml"},"content":{"rendered":"<ul>\n<li>\n<h2><img decoding=\"async\" src=\"https:\/\/www.cosmetics-ebene.com\/wp-content\/uploads\/content\/icon1.jpg\" alt=\"\" height=\"73\" width=\"69\" \/>Designed by cosmetics experts<\/h2>\n<p><span>This conditioner has been made to answer natural, dyed and relaxed hair needs but also those of curly and wavy hair.<\/span><\/p>\n<p><span>This conditioner softens your hair thanks <span>to<\/span> the presence of ALOE VERA. Moreover it nourishes your hair deeply from the roots to the ends thanks to the SHEA BUTTER action. The JOJOBA OIL will strengthen your hair to prevent their breakage. <\/span><\/p>\n<p><span>Lastly, in order they be bright, the Keratin will help your hair regain their natural brightness. <\/span><\/p>\n<h2><img decoding=\"async\" src=\"https:\/\/www.cosmetics-ebene.com\/wp-content\/uploads\/content\/icon2.jpg\" alt=\"\" height=\"73\" width=\"69\" \/>How to use it\u00a0:<\/h2>\n<p><span>Apply on wet hair and massage gently your hair from the roots to the ends. Then rinse thoroughly with water. For an optimal result associate this conditioner with the other products of the range: ALOE VERA SOFTENER &amp; STRENGTHENER.<\/span><\/p>\n<h2><img decoding=\"async\" src=\"https:\/\/www.cosmetics-ebene.com\/wp-content\/uploads\/content\/icon3.jpg\" alt=\"\" height=\"73\" width=\"69\" \/>Composition :<\/h2>\n<\/li>\n<\/ul>\n<p><span lang=\"en-us\" xml:lang=\"en-us\">AQUA,\u00a0SODIUM LAUROYL METHYL ISETHIONATE, GLYCERIN,COCAMIDOPROPYL BETAINE,\u00a0HYDROLYZED KERATIN, ALOE BARBADENSIS JUICE EXTRACT, HYDROLYZED COLLAGEN, HYDROLYZED SILK,\u00a0POLYQUATERNIUM-39, PHENOXYETHANOL (AND) CHLORPHENESIN (AND) CAPRYLYL GLYCOL,COUMARIN,\u00a0P-T-BUTYL-ALPHA-METHYLHYDROCINNAMIC ALDEHYDE<\/span><\/p>\n","protected":false},"excerpt":{"rendered":"<p>Designed by cosmetics experts This conditioner has been made to answer natural, dyed and relaxed hair needs but also those of curly and wavy hair. This conditioner softens your hair thanks to the presence of ALOE VERA. Moreover it nourishes your hair deeply from the roots to the ends thanks to the SHEA BUTTER action. &hellip; <a href=\"https:\/\/www.cosmetics-ebene.com\/en\/product\/eva-grace-apres-shampooing-adoucissant-et-fortifiant-400-ml\/\" class=\"more-link\">Continue reading <span class=\"screen-reader-text\">EVA GRACE Softener &#038; Strengthener Conditioner 400 ml<\/span><\/a><\/p>\n","protected":false},"featured_media":10346,"comment_status":"open","ping_status":"closed","template":"","meta":[],"product_brand":[],"product_cat":[352,406,348,384],"product_tag":[],"class_list":{"0":"post-10350","1":"product","2":"type-product","3":"status-publish","4":"has-post-thumbnail","6":"product_cat-babies-and-kids","7":"product_cat-eva-grace-en","8":"product_cat-hair","9":"product_cat-shampoo-creme-en","10":"pa_je-suis-toutes-categories-confondues-en","11":"pa_un-produit-pour-les-cheveux-en","12":"pa_une-marque-evagrace-en","13":"pa_une-solution-pour-cheveux-jai-les-cheveux-abimes-et-cassants-en","16":"instock","17":"taxable","18":"shipping-taxable","19":"purchasable","20":"product-type-simple"},"yoast_head":"<!-- This site is optimized with the Yoast SEO plugin v27.3 - https:\/\/yoast.com\/product\/yoast-seo-wordpress\/ -->\n<title>EVA GRACE Softener &amp; Strengthener Conditioner 400 ml - Sessi<\/title>\n<meta name=\"robots\" content=\"index, follow, max-snippet:-1, max-image-preview:large, max-video-preview:-1\" \/>\n<link rel=\"canonical\" href=\"https:\/\/www.cosmetics-ebene.com\/en\/product\/eva-grace-apres-shampooing-adoucissant-et-fortifiant-400-ml\/\" \/>\n<meta property=\"og:locale\" content=\"en_US\" \/>\n<meta property=\"og:type\" content=\"article\" \/>\n<meta property=\"og:title\" content=\"EVA GRACE Softener &amp; Strengthener Conditioner 400 ml - Sessi\" \/>\n<meta property=\"og:description\" content=\"Designed by cosmetics experts This conditioner has been made to answer natural, dyed and relaxed hair needs but also those of curly and wavy hair. This conditioner softens your hair thanks to the presence of ALOE VERA. Moreover it nourishes your hair deeply from the roots to the ends thanks to the SHEA BUTTER action. &hellip; Continue reading EVA GRACE Softener &#038; Strengthener Conditioner 400 ml\" \/>\n<meta property=\"og:url\" content=\"https:\/\/www.cosmetics-ebene.com\/en\/product\/eva-grace-apres-shampooing-adoucissant-et-fortifiant-400-ml\/\" \/>\n<meta property=\"og:site_name\" content=\"Sessi\" \/>\n<meta property=\"article:modified_time\" content=\"2025-05-24T04:40:51+00:00\" \/>\n<meta property=\"og:image\" content=\"https:\/\/www.cosmetics-ebene.com\/wp-content\/uploads\/2024\/09\/671.jpg\" \/>\n\t<meta property=\"og:image:width\" content=\"445\" \/>\n\t<meta property=\"og:image:height\" content=\"833\" \/>\n\t<meta property=\"og:image:type\" content=\"image\/jpeg\" \/>\n<meta name=\"twitter:card\" content=\"summary_large_image\" \/>\n<meta name=\"twitter:label1\" content=\"Est. reading time\" \/>\n\t<meta name=\"twitter:data1\" content=\"1 minute\" \/>\n<script type=\"application\/ld+json\" class=\"yoast-schema-graph\">{\"@context\":\"https:\\\/\\\/schema.org\",\"@graph\":[{\"@type\":\"WebPage\",\"@id\":\"https:\\\/\\\/www.cosmetics-ebene.com\\\/en\\\/product\\\/eva-grace-apres-shampooing-adoucissant-et-fortifiant-400-ml\\\/\",\"url\":\"https:\\\/\\\/www.cosmetics-ebene.com\\\/en\\\/product\\\/eva-grace-apres-shampooing-adoucissant-et-fortifiant-400-ml\\\/\",\"name\":\"EVA GRACE Softener & Strengthener Conditioner 400 ml - Sessi\",\"isPartOf\":{\"@id\":\"https:\\\/\\\/www.cosmetics-ebene.com\\\/en\\\/#website\"},\"primaryImageOfPage\":{\"@id\":\"https:\\\/\\\/www.cosmetics-ebene.com\\\/en\\\/product\\\/eva-grace-apres-shampooing-adoucissant-et-fortifiant-400-ml\\\/#primaryimage\"},\"image\":{\"@id\":\"https:\\\/\\\/www.cosmetics-ebene.com\\\/en\\\/product\\\/eva-grace-apres-shampooing-adoucissant-et-fortifiant-400-ml\\\/#primaryimage\"},\"thumbnailUrl\":\"https:\\\/\\\/www.cosmetics-ebene.com\\\/wp-content\\\/uploads\\\/2024\\\/09\\\/671.jpg\",\"datePublished\":\"2020-09-18T15:58:58+00:00\",\"dateModified\":\"2025-05-24T04:40:51+00:00\",\"breadcrumb\":{\"@id\":\"https:\\\/\\\/www.cosmetics-ebene.com\\\/en\\\/product\\\/eva-grace-apres-shampooing-adoucissant-et-fortifiant-400-ml\\\/#breadcrumb\"},\"inLanguage\":\"en-US\",\"potentialAction\":[{\"@type\":\"ReadAction\",\"target\":[\"https:\\\/\\\/www.cosmetics-ebene.com\\\/en\\\/product\\\/eva-grace-apres-shampooing-adoucissant-et-fortifiant-400-ml\\\/\"]}]},{\"@type\":\"ImageObject\",\"inLanguage\":\"en-US\",\"@id\":\"https:\\\/\\\/www.cosmetics-ebene.com\\\/en\\\/product\\\/eva-grace-apres-shampooing-adoucissant-et-fortifiant-400-ml\\\/#primaryimage\",\"url\":\"https:\\\/\\\/www.cosmetics-ebene.com\\\/wp-content\\\/uploads\\\/2024\\\/09\\\/671.jpg\",\"contentUrl\":\"https:\\\/\\\/www.cosmetics-ebene.com\\\/wp-content\\\/uploads\\\/2024\\\/09\\\/671.jpg\",\"width\":445,\"height\":833,\"caption\":\"EVA GRACE Apr\u00e8s-Shampooing Adoucissant et Fortifiant 400 ml\"},{\"@type\":\"BreadcrumbList\",\"@id\":\"https:\\\/\\\/www.cosmetics-ebene.com\\\/en\\\/product\\\/eva-grace-apres-shampooing-adoucissant-et-fortifiant-400-ml\\\/#breadcrumb\",\"itemListElement\":[{\"@type\":\"ListItem\",\"position\":1,\"name\":\"Home\",\"item\":\"https:\\\/\\\/www.cosmetics-ebene.com\\\/en\\\/\"},{\"@type\":\"ListItem\",\"position\":2,\"name\":\"Shop\",\"item\":\"https:\\\/\\\/www.cosmetics-ebene.com\\\/shop\\\/\"},{\"@type\":\"ListItem\",\"position\":3,\"name\":\"EVA GRACE Softener &#038; Strengthener Conditioner 400 ml\"}]},{\"@type\":\"WebSite\",\"@id\":\"https:\\\/\\\/www.cosmetics-ebene.com\\\/en\\\/#website\",\"url\":\"https:\\\/\\\/www.cosmetics-ebene.com\\\/en\\\/\",\"name\":\"Sessi\",\"description\":\"Produits de beaut\u00e9 pour peau noires et m\u00e9tiss\u00e9\",\"publisher\":{\"@id\":\"https:\\\/\\\/www.cosmetics-ebene.com\\\/en\\\/#organization\"},\"potentialAction\":[{\"@type\":\"SearchAction\",\"target\":{\"@type\":\"EntryPoint\",\"urlTemplate\":\"https:\\\/\\\/www.cosmetics-ebene.com\\\/en\\\/?s={search_term_string}\"},\"query-input\":{\"@type\":\"PropertyValueSpecification\",\"valueRequired\":true,\"valueName\":\"search_term_string\"}}],\"inLanguage\":\"en-US\"},{\"@type\":\"Organization\",\"@id\":\"https:\\\/\\\/www.cosmetics-ebene.com\\\/en\\\/#organization\",\"name\":\"Sessi\",\"url\":\"https:\\\/\\\/www.cosmetics-ebene.com\\\/en\\\/\",\"logo\":{\"@type\":\"ImageObject\",\"inLanguage\":\"en-US\",\"@id\":\"https:\\\/\\\/www.cosmetics-ebene.com\\\/en\\\/#\\\/schema\\\/logo\\\/image\\\/\",\"url\":\"https:\\\/\\\/www.cosmetics-ebene.com\\\/wp-content\\\/uploads\\\/2024\\\/09\\\/cosmetics-ebene-logo-1-e1727351533275.png\",\"contentUrl\":\"https:\\\/\\\/www.cosmetics-ebene.com\\\/wp-content\\\/uploads\\\/2024\\\/09\\\/cosmetics-ebene-logo-1-e1727351533275.png\",\"width\":350,\"height\":69,\"caption\":\"Sessi\"},\"image\":{\"@id\":\"https:\\\/\\\/www.cosmetics-ebene.com\\\/en\\\/#\\\/schema\\\/logo\\\/image\\\/\"}}]}<\/script>\n<!-- \/ Yoast SEO plugin. -->","yoast_head_json":{"title":"EVA GRACE Softener & Strengthener Conditioner 400 ml - Sessi","robots":{"index":"index","follow":"follow","max-snippet":"max-snippet:-1","max-image-preview":"max-image-preview:large","max-video-preview":"max-video-preview:-1"},"canonical":"https:\/\/www.cosmetics-ebene.com\/en\/product\/eva-grace-apres-shampooing-adoucissant-et-fortifiant-400-ml\/","og_locale":"en_US","og_type":"article","og_title":"EVA GRACE Softener & Strengthener Conditioner 400 ml - Sessi","og_description":"Designed by cosmetics experts This conditioner has been made to answer natural, dyed and relaxed hair needs but also those of curly and wavy hair. This conditioner softens your hair thanks to the presence of ALOE VERA. Moreover it nourishes your hair deeply from the roots to the ends thanks to the SHEA BUTTER action. &hellip; Continue reading EVA GRACE Softener &#038; Strengthener Conditioner 400 ml","og_url":"https:\/\/www.cosmetics-ebene.com\/en\/product\/eva-grace-apres-shampooing-adoucissant-et-fortifiant-400-ml\/","og_site_name":"Sessi","article_modified_time":"2025-05-24T04:40:51+00:00","og_image":[{"width":445,"height":833,"url":"https:\/\/www.cosmetics-ebene.com\/wp-content\/uploads\/2024\/09\/671.jpg","type":"image\/jpeg"}],"twitter_card":"summary_large_image","twitter_misc":{"Est. reading time":"1 minute"},"schema":{"@context":"https:\/\/schema.org","@graph":[{"@type":"WebPage","@id":"https:\/\/www.cosmetics-ebene.com\/en\/product\/eva-grace-apres-shampooing-adoucissant-et-fortifiant-400-ml\/","url":"https:\/\/www.cosmetics-ebene.com\/en\/product\/eva-grace-apres-shampooing-adoucissant-et-fortifiant-400-ml\/","name":"EVA GRACE Softener & Strengthener Conditioner 400 ml - Sessi","isPartOf":{"@id":"https:\/\/www.cosmetics-ebene.com\/en\/#website"},"primaryImageOfPage":{"@id":"https:\/\/www.cosmetics-ebene.com\/en\/product\/eva-grace-apres-shampooing-adoucissant-et-fortifiant-400-ml\/#primaryimage"},"image":{"@id":"https:\/\/www.cosmetics-ebene.com\/en\/product\/eva-grace-apres-shampooing-adoucissant-et-fortifiant-400-ml\/#primaryimage"},"thumbnailUrl":"https:\/\/www.cosmetics-ebene.com\/wp-content\/uploads\/2024\/09\/671.jpg","datePublished":"2020-09-18T15:58:58+00:00","dateModified":"2025-05-24T04:40:51+00:00","breadcrumb":{"@id":"https:\/\/www.cosmetics-ebene.com\/en\/product\/eva-grace-apres-shampooing-adoucissant-et-fortifiant-400-ml\/#breadcrumb"},"inLanguage":"en-US","potentialAction":[{"@type":"ReadAction","target":["https:\/\/www.cosmetics-ebene.com\/en\/product\/eva-grace-apres-shampooing-adoucissant-et-fortifiant-400-ml\/"]}]},{"@type":"ImageObject","inLanguage":"en-US","@id":"https:\/\/www.cosmetics-ebene.com\/en\/product\/eva-grace-apres-shampooing-adoucissant-et-fortifiant-400-ml\/#primaryimage","url":"https:\/\/www.cosmetics-ebene.com\/wp-content\/uploads\/2024\/09\/671.jpg","contentUrl":"https:\/\/www.cosmetics-ebene.com\/wp-content\/uploads\/2024\/09\/671.jpg","width":445,"height":833,"caption":"EVA GRACE Apr\u00e8s-Shampooing Adoucissant et Fortifiant 400 ml"},{"@type":"BreadcrumbList","@id":"https:\/\/www.cosmetics-ebene.com\/en\/product\/eva-grace-apres-shampooing-adoucissant-et-fortifiant-400-ml\/#breadcrumb","itemListElement":[{"@type":"ListItem","position":1,"name":"Home","item":"https:\/\/www.cosmetics-ebene.com\/en\/"},{"@type":"ListItem","position":2,"name":"Shop","item":"https:\/\/www.cosmetics-ebene.com\/shop\/"},{"@type":"ListItem","position":3,"name":"EVA GRACE Softener &#038; Strengthener Conditioner 400 ml"}]},{"@type":"WebSite","@id":"https:\/\/www.cosmetics-ebene.com\/en\/#website","url":"https:\/\/www.cosmetics-ebene.com\/en\/","name":"Sessi","description":"Produits de beaut\u00e9 pour peau noires et m\u00e9tiss\u00e9","publisher":{"@id":"https:\/\/www.cosmetics-ebene.com\/en\/#organization"},"potentialAction":[{"@type":"SearchAction","target":{"@type":"EntryPoint","urlTemplate":"https:\/\/www.cosmetics-ebene.com\/en\/?s={search_term_string}"},"query-input":{"@type":"PropertyValueSpecification","valueRequired":true,"valueName":"search_term_string"}}],"inLanguage":"en-US"},{"@type":"Organization","@id":"https:\/\/www.cosmetics-ebene.com\/en\/#organization","name":"Sessi","url":"https:\/\/www.cosmetics-ebene.com\/en\/","logo":{"@type":"ImageObject","inLanguage":"en-US","@id":"https:\/\/www.cosmetics-ebene.com\/en\/#\/schema\/logo\/image\/","url":"https:\/\/www.cosmetics-ebene.com\/wp-content\/uploads\/2024\/09\/cosmetics-ebene-logo-1-e1727351533275.png","contentUrl":"https:\/\/www.cosmetics-ebene.com\/wp-content\/uploads\/2024\/09\/cosmetics-ebene-logo-1-e1727351533275.png","width":350,"height":69,"caption":"Sessi"},"image":{"@id":"https:\/\/www.cosmetics-ebene.com\/en\/#\/schema\/logo\/image\/"}}]}},"_links":{"self":[{"href":"https:\/\/www.cosmetics-ebene.com\/en\/wp-json\/wp\/v2\/product\/10350","targetHints":{"allow":["GET"]}}],"collection":[{"href":"https:\/\/www.cosmetics-ebene.com\/en\/wp-json\/wp\/v2\/product"}],"about":[{"href":"https:\/\/www.cosmetics-ebene.com\/en\/wp-json\/wp\/v2\/types\/product"}],"replies":[{"embeddable":true,"href":"https:\/\/www.cosmetics-ebene.com\/en\/wp-json\/wp\/v2\/comments?post=10350"}],"version-history":[{"count":0,"href":"https:\/\/www.cosmetics-ebene.com\/en\/wp-json\/wp\/v2\/product\/10350\/revisions"}],"wp:featuredmedia":[{"embeddable":true,"href":"https:\/\/www.cosmetics-ebene.com\/en\/wp-json\/wp\/v2\/media\/10346"}],"wp:attachment":[{"href":"https:\/\/www.cosmetics-ebene.com\/en\/wp-json\/wp\/v2\/media?parent=10350"}],"wp:term":[{"taxonomy":"product_brand","embeddable":true,"href":"https:\/\/www.cosmetics-ebene.com\/en\/wp-json\/wp\/v2\/product_brand?post=10350"},{"taxonomy":"product_cat","embeddable":true,"href":"https:\/\/www.cosmetics-ebene.com\/en\/wp-json\/wp\/v2\/product_cat?post=10350"},{"taxonomy":"product_tag","embeddable":true,"href":"https:\/\/www.cosmetics-ebene.com\/en\/wp-json\/wp\/v2\/product_tag?post=10350"}],"curies":[{"name":"wp","href":"https:\/\/api.w.org\/{rel}","templated":true}]}}