{"id":10360,"date":"2020-09-18T16:11:03","date_gmt":"2020-09-18T16:11:03","guid":{"rendered":"https:\/\/preprod.cosmetics-ebene.com\/?product=eva-grace-demelant-sans-rincage-adoucissante-et-fortifiante-400-ml"},"modified":"2025-02-25T18:08:38","modified_gmt":"2025-02-25T18:08:38","slug":"eva-grace-demelant-sans-rincage-adoucissante-et-fortifiante-400-ml","status":"publish","type":"product","link":"https:\/\/www.cosmetics-ebene.com\/en\/product\/eva-grace-demelant-sans-rincage-adoucissante-et-fortifiante-400-ml\/","title":{"rendered":"EVA GRACE Softener &#038; Strengthen Leave-in Detangler 400 ml"},"content":{"rendered":"<ul>\n<li>\n<h2><img decoding=\"async\" src=\"https:\/\/www.cosmetics-ebene.com\/wp-content\/uploads\/content\/icon1.jpg\" alt=\"\" height=\"73\" width=\"69\" \/>Designed by cosmetics experts<\/h2>\n<p><span>This leave-in detangler has been made to answer natural, dyed and relaxed hair needs but also those of curly and wavy hair. Based on Aloe Vera, this leave-in detangler detangles easily your hair while reducing their breakage. Thanks to combination between SHE BUTTER, ARGAN OIL and COCONUT OIL this leave-in detangler gives your hair what they need to regain their softness and their smoothness. <span>\u00a0<\/span><\/span><\/p>\n<h2><img decoding=\"async\" src=\"https:\/\/www.cosmetics-ebene.com\/wp-content\/uploads\/content\/icon2.jpg\" alt=\"\" height=\"73\" width=\"69\" \/>How to use it\u00a0:<\/h2>\n<p><span>Apply on wet or dry hair and massage gently your hair from the roots to the ends. For an optimal result associate this leave-in conditioner with the other products of the range: ALOE VERA SOFTENER &amp; STRENGTHENER.<\/span><\/p>\n<h2><img decoding=\"async\" src=\"https:\/\/www.cosmetics-ebene.com\/wp-content\/uploads\/content\/icon3.jpg\" alt=\"\" height=\"73\" width=\"69\" \/>Composition :<\/h2>\n<\/li>\n<\/ul>\n<p><span>AQUA, CETEARYL ALCOHOL AND CETEARTEH-33, CETRIMONIUM CHLORIDE HELIANTHUS ANNUUS SEED OIL, GLYCERIN ISOPROPYL PALMITATE (AND) ISOSTEARYL ISOSTEARATE (AND) OCTYLDODECANOL (AND) OCTYLDODECYL MYRISTATE, GOSSYPIUM HERBACEUM SEED OIL, HYDROLYZED KERATIN,\u00a0 BUTYROSPERMUM PARKII BUTTER, MACADAMIA TERNIFOLIA SEED OIL, COCOS NUCIFERA FRUIT EXTRACT, CHAMOMILLA RECUTITA FLOWER EXTRACT, ALOE BARBADENSIS LEAF EXTRACT, CAMELLIA SINENSIS LEAF EXTRACT, CINNAMOMUM ZEYLANICUM BARK EXTRACT, ACORUS CALAMUS ROOT EXTRACT, COMMIPHORA MYRRHA RESIN EXTRACT, OLEA EUROPAEA FRUIT OIL, ARGANIA SPINOSA KERNEL OIL, LECITHIN, POLYGLYCERYL-3 DIISOSTEARATE, GUAR HYDROXYPROPYLTRIMONIUM CHLORIDE, FRAGRANCE,\u00a0 ISOPROPYLPALMITATE AND TOCOPHEROL AND LINOLEIC ACID AND LINOLENIC ACID AND RETINYL PALMITATE, PHENOXYETHANOL (AND) CHLORPHENESIN (AND) CAPRYLYL GLYCOL, COUMARIN, P-T-BUTYL-ALPHA-METHYLHYDROCINNAMIC ALDEHYDE, 3 AND 4-(4-HYDROXY-4-METHYLPENTYL)-3-CYCLOHEXENE-1-CARBOXALDEHYDE, ALPHA-ISO-METHYLIONONE 12, LINALOOL.<\/span><\/p>\n","protected":false},"excerpt":{"rendered":"<p>Designed by cosmetics experts This leave-in detangler has been made to answer natural, dyed and relaxed hair needs but also those of curly and wavy hair. Based on Aloe Vera, this leave-in detangler detangles easily your hair while reducing their breakage. Thanks to combination between SHE BUTTER, ARGAN OIL and COCONUT OIL this leave-in detangler &hellip; <a href=\"https:\/\/www.cosmetics-ebene.com\/en\/product\/eva-grace-demelant-sans-rincage-adoucissante-et-fortifiante-400-ml\/\" class=\"more-link\">Continue reading <span class=\"screen-reader-text\">EVA GRACE Softener &#038; Strengthen Leave-in Detangler 400 ml<\/span><\/a><\/p>\n","protected":false},"featured_media":10356,"comment_status":"open","ping_status":"closed","template":"","meta":[],"product_brand":[287],"product_cat":[352,406,348,384,386],"product_tag":[],"class_list":{"0":"post-10360","1":"product","2":"type-product","3":"status-publish","4":"has-post-thumbnail","6":"product_brand-eva-grace","7":"product_cat-babies-and-kids","8":"product_cat-eva-grace-en","9":"product_cat-hair","10":"product_cat-shampoo-creme-en","11":"product_cat-traitement-soins-capillaire-en","12":"pa_je-suis-toutes-categories-confondues-en","13":"pa_un-produit-pour-les-cheveux-en","14":"pa_une-marque-evagrace-en","15":"pa_une-solution-pour-cheveux-jai-les-cheveux-abimes-et-cassants-en","18":"instock","19":"taxable","20":"shipping-taxable","21":"purchasable","22":"product-type-simple"},"yoast_head":"<!-- This site is optimized with the Yoast SEO plugin v27.3 - https:\/\/yoast.com\/product\/yoast-seo-wordpress\/ -->\n<title>EVA GRACE Softener &amp; Strengthen Leave-in Detangler 400 ml - Sessi<\/title>\n<meta name=\"robots\" content=\"index, follow, max-snippet:-1, max-image-preview:large, max-video-preview:-1\" \/>\n<link rel=\"canonical\" href=\"https:\/\/www.cosmetics-ebene.com\/en\/product\/eva-grace-demelant-sans-rincage-adoucissante-et-fortifiante-400-ml\/\" \/>\n<meta property=\"og:locale\" content=\"en_US\" \/>\n<meta property=\"og:type\" content=\"article\" \/>\n<meta property=\"og:title\" content=\"EVA GRACE Softener &amp; Strengthen Leave-in Detangler 400 ml - Sessi\" \/>\n<meta property=\"og:description\" content=\"Designed by cosmetics experts This leave-in detangler has been made to answer natural, dyed and relaxed hair needs but also those of curly and wavy hair. Based on Aloe Vera, this leave-in detangler detangles easily your hair while reducing their breakage. Thanks to combination between SHE BUTTER, ARGAN OIL and COCONUT OIL this leave-in detangler &hellip; Continue reading EVA GRACE Softener &#038; Strengthen Leave-in Detangler 400 ml\" \/>\n<meta property=\"og:url\" content=\"https:\/\/www.cosmetics-ebene.com\/en\/product\/eva-grace-demelant-sans-rincage-adoucissante-et-fortifiante-400-ml\/\" \/>\n<meta property=\"og:site_name\" content=\"Sessi\" \/>\n<meta property=\"article:modified_time\" content=\"2025-02-25T18:08:38+00:00\" \/>\n<meta property=\"og:image\" content=\"https:\/\/www.cosmetics-ebene.com\/wp-content\/uploads\/2024\/09\/670.jpg\" \/>\n\t<meta property=\"og:image:width\" content=\"499\" \/>\n\t<meta property=\"og:image:height\" content=\"841\" \/>\n\t<meta property=\"og:image:type\" content=\"image\/jpeg\" \/>\n<meta name=\"twitter:card\" content=\"summary_large_image\" \/>\n<meta name=\"twitter:label1\" content=\"Est. reading time\" \/>\n\t<meta name=\"twitter:data1\" content=\"1 minute\" \/>\n<script type=\"application\/ld+json\" class=\"yoast-schema-graph\">{\"@context\":\"https:\\\/\\\/schema.org\",\"@graph\":[{\"@type\":\"WebPage\",\"@id\":\"https:\\\/\\\/www.cosmetics-ebene.com\\\/en\\\/product\\\/eva-grace-demelant-sans-rincage-adoucissante-et-fortifiante-400-ml\\\/\",\"url\":\"https:\\\/\\\/www.cosmetics-ebene.com\\\/en\\\/product\\\/eva-grace-demelant-sans-rincage-adoucissante-et-fortifiante-400-ml\\\/\",\"name\":\"EVA GRACE Softener & Strengthen Leave-in Detangler 400 ml - Sessi\",\"isPartOf\":{\"@id\":\"https:\\\/\\\/www.cosmetics-ebene.com\\\/en\\\/#website\"},\"primaryImageOfPage\":{\"@id\":\"https:\\\/\\\/www.cosmetics-ebene.com\\\/en\\\/product\\\/eva-grace-demelant-sans-rincage-adoucissante-et-fortifiante-400-ml\\\/#primaryimage\"},\"image\":{\"@id\":\"https:\\\/\\\/www.cosmetics-ebene.com\\\/en\\\/product\\\/eva-grace-demelant-sans-rincage-adoucissante-et-fortifiante-400-ml\\\/#primaryimage\"},\"thumbnailUrl\":\"https:\\\/\\\/www.cosmetics-ebene.com\\\/wp-content\\\/uploads\\\/2024\\\/09\\\/670.jpg\",\"datePublished\":\"2020-09-18T16:11:03+00:00\",\"dateModified\":\"2025-02-25T18:08:38+00:00\",\"breadcrumb\":{\"@id\":\"https:\\\/\\\/www.cosmetics-ebene.com\\\/en\\\/product\\\/eva-grace-demelant-sans-rincage-adoucissante-et-fortifiante-400-ml\\\/#breadcrumb\"},\"inLanguage\":\"en-US\",\"potentialAction\":[{\"@type\":\"ReadAction\",\"target\":[\"https:\\\/\\\/www.cosmetics-ebene.com\\\/en\\\/product\\\/eva-grace-demelant-sans-rincage-adoucissante-et-fortifiante-400-ml\\\/\"]}]},{\"@type\":\"ImageObject\",\"inLanguage\":\"en-US\",\"@id\":\"https:\\\/\\\/www.cosmetics-ebene.com\\\/en\\\/product\\\/eva-grace-demelant-sans-rincage-adoucissante-et-fortifiante-400-ml\\\/#primaryimage\",\"url\":\"https:\\\/\\\/www.cosmetics-ebene.com\\\/wp-content\\\/uploads\\\/2024\\\/09\\\/670.jpg\",\"contentUrl\":\"https:\\\/\\\/www.cosmetics-ebene.com\\\/wp-content\\\/uploads\\\/2024\\\/09\\\/670.jpg\",\"width\":499,\"height\":841,\"caption\":\"EVA GRACE DEMELANT SANS RINCAGE Adoucissante et Fortifiante 400 ml\"},{\"@type\":\"BreadcrumbList\",\"@id\":\"https:\\\/\\\/www.cosmetics-ebene.com\\\/en\\\/product\\\/eva-grace-demelant-sans-rincage-adoucissante-et-fortifiante-400-ml\\\/#breadcrumb\",\"itemListElement\":[{\"@type\":\"ListItem\",\"position\":1,\"name\":\"Home\",\"item\":\"https:\\\/\\\/www.cosmetics-ebene.com\\\/en\\\/\"},{\"@type\":\"ListItem\",\"position\":2,\"name\":\"Shop\",\"item\":\"https:\\\/\\\/www.cosmetics-ebene.com\\\/shop\\\/\"},{\"@type\":\"ListItem\",\"position\":3,\"name\":\"EVA GRACE Softener &#038; Strengthen Leave-in Detangler 400 ml\"}]},{\"@type\":\"WebSite\",\"@id\":\"https:\\\/\\\/www.cosmetics-ebene.com\\\/en\\\/#website\",\"url\":\"https:\\\/\\\/www.cosmetics-ebene.com\\\/en\\\/\",\"name\":\"Sessi\",\"description\":\"Produits de beaut\u00e9 pour peau noires et m\u00e9tiss\u00e9\",\"publisher\":{\"@id\":\"https:\\\/\\\/www.cosmetics-ebene.com\\\/en\\\/#organization\"},\"potentialAction\":[{\"@type\":\"SearchAction\",\"target\":{\"@type\":\"EntryPoint\",\"urlTemplate\":\"https:\\\/\\\/www.cosmetics-ebene.com\\\/en\\\/?s={search_term_string}\"},\"query-input\":{\"@type\":\"PropertyValueSpecification\",\"valueRequired\":true,\"valueName\":\"search_term_string\"}}],\"inLanguage\":\"en-US\"},{\"@type\":\"Organization\",\"@id\":\"https:\\\/\\\/www.cosmetics-ebene.com\\\/en\\\/#organization\",\"name\":\"Sessi\",\"url\":\"https:\\\/\\\/www.cosmetics-ebene.com\\\/en\\\/\",\"logo\":{\"@type\":\"ImageObject\",\"inLanguage\":\"en-US\",\"@id\":\"https:\\\/\\\/www.cosmetics-ebene.com\\\/en\\\/#\\\/schema\\\/logo\\\/image\\\/\",\"url\":\"https:\\\/\\\/www.cosmetics-ebene.com\\\/wp-content\\\/uploads\\\/2024\\\/09\\\/cosmetics-ebene-logo-1-e1727351533275.png\",\"contentUrl\":\"https:\\\/\\\/www.cosmetics-ebene.com\\\/wp-content\\\/uploads\\\/2024\\\/09\\\/cosmetics-ebene-logo-1-e1727351533275.png\",\"width\":350,\"height\":69,\"caption\":\"Sessi\"},\"image\":{\"@id\":\"https:\\\/\\\/www.cosmetics-ebene.com\\\/en\\\/#\\\/schema\\\/logo\\\/image\\\/\"}}]}<\/script>\n<!-- \/ Yoast SEO plugin. -->","yoast_head_json":{"title":"EVA GRACE Softener & Strengthen Leave-in Detangler 400 ml - Sessi","robots":{"index":"index","follow":"follow","max-snippet":"max-snippet:-1","max-image-preview":"max-image-preview:large","max-video-preview":"max-video-preview:-1"},"canonical":"https:\/\/www.cosmetics-ebene.com\/en\/product\/eva-grace-demelant-sans-rincage-adoucissante-et-fortifiante-400-ml\/","og_locale":"en_US","og_type":"article","og_title":"EVA GRACE Softener & Strengthen Leave-in Detangler 400 ml - Sessi","og_description":"Designed by cosmetics experts This leave-in detangler has been made to answer natural, dyed and relaxed hair needs but also those of curly and wavy hair. Based on Aloe Vera, this leave-in detangler detangles easily your hair while reducing their breakage. Thanks to combination between SHE BUTTER, ARGAN OIL and COCONUT OIL this leave-in detangler &hellip; Continue reading EVA GRACE Softener &#038; Strengthen Leave-in Detangler 400 ml","og_url":"https:\/\/www.cosmetics-ebene.com\/en\/product\/eva-grace-demelant-sans-rincage-adoucissante-et-fortifiante-400-ml\/","og_site_name":"Sessi","article_modified_time":"2025-02-25T18:08:38+00:00","og_image":[{"width":499,"height":841,"url":"https:\/\/www.cosmetics-ebene.com\/wp-content\/uploads\/2024\/09\/670.jpg","type":"image\/jpeg"}],"twitter_card":"summary_large_image","twitter_misc":{"Est. reading time":"1 minute"},"schema":{"@context":"https:\/\/schema.org","@graph":[{"@type":"WebPage","@id":"https:\/\/www.cosmetics-ebene.com\/en\/product\/eva-grace-demelant-sans-rincage-adoucissante-et-fortifiante-400-ml\/","url":"https:\/\/www.cosmetics-ebene.com\/en\/product\/eva-grace-demelant-sans-rincage-adoucissante-et-fortifiante-400-ml\/","name":"EVA GRACE Softener & Strengthen Leave-in Detangler 400 ml - Sessi","isPartOf":{"@id":"https:\/\/www.cosmetics-ebene.com\/en\/#website"},"primaryImageOfPage":{"@id":"https:\/\/www.cosmetics-ebene.com\/en\/product\/eva-grace-demelant-sans-rincage-adoucissante-et-fortifiante-400-ml\/#primaryimage"},"image":{"@id":"https:\/\/www.cosmetics-ebene.com\/en\/product\/eva-grace-demelant-sans-rincage-adoucissante-et-fortifiante-400-ml\/#primaryimage"},"thumbnailUrl":"https:\/\/www.cosmetics-ebene.com\/wp-content\/uploads\/2024\/09\/670.jpg","datePublished":"2020-09-18T16:11:03+00:00","dateModified":"2025-02-25T18:08:38+00:00","breadcrumb":{"@id":"https:\/\/www.cosmetics-ebene.com\/en\/product\/eva-grace-demelant-sans-rincage-adoucissante-et-fortifiante-400-ml\/#breadcrumb"},"inLanguage":"en-US","potentialAction":[{"@type":"ReadAction","target":["https:\/\/www.cosmetics-ebene.com\/en\/product\/eva-grace-demelant-sans-rincage-adoucissante-et-fortifiante-400-ml\/"]}]},{"@type":"ImageObject","inLanguage":"en-US","@id":"https:\/\/www.cosmetics-ebene.com\/en\/product\/eva-grace-demelant-sans-rincage-adoucissante-et-fortifiante-400-ml\/#primaryimage","url":"https:\/\/www.cosmetics-ebene.com\/wp-content\/uploads\/2024\/09\/670.jpg","contentUrl":"https:\/\/www.cosmetics-ebene.com\/wp-content\/uploads\/2024\/09\/670.jpg","width":499,"height":841,"caption":"EVA GRACE DEMELANT SANS RINCAGE Adoucissante et Fortifiante 400 ml"},{"@type":"BreadcrumbList","@id":"https:\/\/www.cosmetics-ebene.com\/en\/product\/eva-grace-demelant-sans-rincage-adoucissante-et-fortifiante-400-ml\/#breadcrumb","itemListElement":[{"@type":"ListItem","position":1,"name":"Home","item":"https:\/\/www.cosmetics-ebene.com\/en\/"},{"@type":"ListItem","position":2,"name":"Shop","item":"https:\/\/www.cosmetics-ebene.com\/shop\/"},{"@type":"ListItem","position":3,"name":"EVA GRACE Softener &#038; Strengthen Leave-in Detangler 400 ml"}]},{"@type":"WebSite","@id":"https:\/\/www.cosmetics-ebene.com\/en\/#website","url":"https:\/\/www.cosmetics-ebene.com\/en\/","name":"Sessi","description":"Produits de beaut\u00e9 pour peau noires et m\u00e9tiss\u00e9","publisher":{"@id":"https:\/\/www.cosmetics-ebene.com\/en\/#organization"},"potentialAction":[{"@type":"SearchAction","target":{"@type":"EntryPoint","urlTemplate":"https:\/\/www.cosmetics-ebene.com\/en\/?s={search_term_string}"},"query-input":{"@type":"PropertyValueSpecification","valueRequired":true,"valueName":"search_term_string"}}],"inLanguage":"en-US"},{"@type":"Organization","@id":"https:\/\/www.cosmetics-ebene.com\/en\/#organization","name":"Sessi","url":"https:\/\/www.cosmetics-ebene.com\/en\/","logo":{"@type":"ImageObject","inLanguage":"en-US","@id":"https:\/\/www.cosmetics-ebene.com\/en\/#\/schema\/logo\/image\/","url":"https:\/\/www.cosmetics-ebene.com\/wp-content\/uploads\/2024\/09\/cosmetics-ebene-logo-1-e1727351533275.png","contentUrl":"https:\/\/www.cosmetics-ebene.com\/wp-content\/uploads\/2024\/09\/cosmetics-ebene-logo-1-e1727351533275.png","width":350,"height":69,"caption":"Sessi"},"image":{"@id":"https:\/\/www.cosmetics-ebene.com\/en\/#\/schema\/logo\/image\/"}}]}},"_links":{"self":[{"href":"https:\/\/www.cosmetics-ebene.com\/en\/wp-json\/wp\/v2\/product\/10360","targetHints":{"allow":["GET"]}}],"collection":[{"href":"https:\/\/www.cosmetics-ebene.com\/en\/wp-json\/wp\/v2\/product"}],"about":[{"href":"https:\/\/www.cosmetics-ebene.com\/en\/wp-json\/wp\/v2\/types\/product"}],"replies":[{"embeddable":true,"href":"https:\/\/www.cosmetics-ebene.com\/en\/wp-json\/wp\/v2\/comments?post=10360"}],"version-history":[{"count":0,"href":"https:\/\/www.cosmetics-ebene.com\/en\/wp-json\/wp\/v2\/product\/10360\/revisions"}],"wp:featuredmedia":[{"embeddable":true,"href":"https:\/\/www.cosmetics-ebene.com\/en\/wp-json\/wp\/v2\/media\/10356"}],"wp:attachment":[{"href":"https:\/\/www.cosmetics-ebene.com\/en\/wp-json\/wp\/v2\/media?parent=10360"}],"wp:term":[{"taxonomy":"product_brand","embeddable":true,"href":"https:\/\/www.cosmetics-ebene.com\/en\/wp-json\/wp\/v2\/product_brand?post=10360"},{"taxonomy":"product_cat","embeddable":true,"href":"https:\/\/www.cosmetics-ebene.com\/en\/wp-json\/wp\/v2\/product_cat?post=10360"},{"taxonomy":"product_tag","embeddable":true,"href":"https:\/\/www.cosmetics-ebene.com\/en\/wp-json\/wp\/v2\/product_tag?post=10360"}],"curies":[{"name":"wp","href":"https:\/\/api.w.org\/{rel}","templated":true}]}}