{"id":10368,"date":"2021-01-27T17:09:38","date_gmt":"2021-01-27T17:09:38","guid":{"rendered":"https:\/\/preprod.cosmetics-ebene.com\/?product=lait-bleu-cbl-aux-acides-de-fruits-500ml"},"modified":"2026-03-21T20:06:34","modified_gmt":"2026-03-21T20:06:34","slug":"lait-bleu-cbl-aux-acides-de-fruits-500ml","status":"publish","type":"product","link":"https:\/\/www.cosmetics-ebene.com\/en\/product\/lait-bleu-cbl-aux-acides-de-fruits-500ml\/","title":{"rendered":"Lait bleu CBL aux Acides de Fruits 500ml"},"content":{"rendered":"<h2><img decoding=\"async\" src=\"https:\/\/www.cosmetics-ebene.com\/wp-content\/uploads\/content\/icon1.jpg\" alt=\"\" height=\"73\" width=\"69\" \/><span>\u00c9labor\u00e9 et mis au point par des pharmaciens.<\/span><\/h2>\n<p>Elabor\u00e9 et mis au point par des pharmaciens ce lait est con\u00e7u pour r\u00e9pondre aux exigences sp\u00e9cifiques de la Beaut\u00e9 noire, m\u00e2tes et m\u00e9tiss\u00e9es. Une formulation sp\u00e9cialement con\u00e7ue avec des acides de fruits d\u00e9licatement s\u00e9lectionn\u00e9s. Cette formule originale et unique favorise l\u2019\u00e9claircissement de la peau gr\u00e2ce \u00e0 la pr\u00e9sence des acides de fruits.<\/p>\n<p>La conjugaison du m\u00e9lange des acides de fruits avec l\u2019apport d\u2019un actif \u00e9claircissant (environ 4%) qui est issu de plantes garantit un r\u00e9sultat exceptionnel : un teint clair, uni et splendide. La pr\u00e9sence de plusieurs huiles essentielles s\u00e9lectionn\u00e9es pour leurs performances hydrate la couche corn\u00e9e de la peau tout en la nourrissant et en l\u2019adoucissant.<\/p>\n<p>Appliquer une ou deux fois par jour sur la peau apr\u00e8s la douche ou bain en utilisant le CBL savon ou le CBL gel douche, en \u00e9vitant le contact avec les yeux<\/p>\n<p>Pr\u00e9caution d\u2019emploi : En cas d\u2019irritations, cesser l\u2019usage. Ne pas utiliser sur des enfants de moins de 12 ans<\/p>\n<h2><img decoding=\"async\" src=\"https:\/\/www.cosmetics-ebene.com\/wp-content\/uploads\/content\/icon2.jpg\" alt=\"\" height=\"73\" width=\"69\" \/><span>Conseils d\u2019utilisations :<\/span><\/h2>\n<p>A appliquer une ou deux fois par jour sur de petites surfaces. \u00c9viter le contact avec les yeux. En cas d\u2019irritation cessez l\u2019usage. Ne pas utiliser chez les enfants de moins de 12 ans. Usage externe uniquement<\/p>\n<h2><img decoding=\"async\" src=\"https:\/\/www.cosmetics-ebene.com\/wp-content\/uploads\/content\/icon3.jpg\" alt=\"\" height=\"73\" width=\"69\" \/><span>Composition :<\/span><\/h2>\n<p>Aqua, Cetearyl Alcohol, Ceteareth-33, Paraffinum Liquidum (Mineral Oil), Stearic Acid, Phenoxyethanol , Parfum (Fragrance), Citric Acid, Ethylhexylglycerin, Lactic Acid, Glycolic Acid, Triethanolamine, Glycerin, Glycyrrhiza Glabra (Licorice) Root, Extract, Salicylic Acid, Passiflora Edulis Extract, Citrus Limon (Lemon) Extract, Sodium Sulfite, Disodium Edta,Citronellol, Coumarin, Alpha-Isomethyl Ionone, Linalool, Hydroxyisohexyl 3-Cyclohexene Carboxaldehyde.<\/p>\n<h2><span style=\"color:#b70f0f;\"><img loading=\"lazy\" decoding=\"async\" src=\"https:\/\/www.cosmetics-ebene.com\/wp-content\/uploads\/content\/icon4b.jpg\" alt=\"\" height=\"73\" width=\"69\" \/><strong>Vid\u00e9o de pr\u00e9sentation CBL<\/strong><\/span><\/h2>\n<\/p>\n<\/p>\n<p><video width=\"300\" height=\"150\" controls=\"\"><source src=\"\/img\/cms\/CBL%20HDF%20.mp4\" type=\"video\/mp4\"><\/source><\/video><\/p>\n","protected":false},"excerpt":{"rendered":"<p>\u00c9labor\u00e9 par des pharmaciens, le lait CBL aux acides de fruits a \u00e9t\u00e9 con\u00e7u pour r\u00e9pondre aux exigences particuli\u00e8res de la peau noire.Sa formule originale,\u00a0sans hydroquinone, sans parabens et non test\u00e9e sur les animaux, \u00a0favorise l\u2019\u00e9claircissement de la peau.La concentration importante de produits \u00e0 effet \u00e9claircissant garantit un r\u00e9sultat performant, un teint clair et lumineux.<\/p>\n","protected":false},"featured_media":10366,"comment_status":"open","ping_status":"closed","template":"","meta":[],"product_brand":[271,272],"product_cat":[360,400,402,404],"product_tag":[],"class_list":{"0":"post-10368","1":"product","2":"type-product","3":"status-publish","4":"has-post-thumbnail","6":"product_brand-cbl","8":"product_cat-body-care","9":"product_cat-cbl-en","10":"product_cat-cbl-en1726628130","11":"product_cat-cbl-en1726628133","14":"instock","15":"taxable","16":"shipping-taxable","17":"purchasable","18":"product-type-simple"},"yoast_head":"<!-- This site is optimized with the Yoast SEO plugin v27.3 - https:\/\/yoast.com\/product\/yoast-seo-wordpress\/ -->\n<title>Lait bleu CBL aux Acides de Fruits 500ml - Sessi<\/title>\n<meta name=\"robots\" content=\"index, follow, max-snippet:-1, max-image-preview:large, max-video-preview:-1\" \/>\n<link rel=\"canonical\" href=\"https:\/\/www.cosmetics-ebene.com\/en\/product\/lait-bleu-cbl-aux-acides-de-fruits-500ml\/\" \/>\n<meta property=\"og:locale\" content=\"en_US\" \/>\n<meta property=\"og:type\" content=\"article\" \/>\n<meta property=\"og:title\" content=\"Lait bleu CBL aux Acides de Fruits 500ml - Sessi\" \/>\n<meta property=\"og:description\" content=\"\u00c9labor\u00e9 par des pharmaciens, le lait CBL aux acides de fruits a \u00e9t\u00e9 con\u00e7u pour r\u00e9pondre aux exigences particuli\u00e8res de la peau noire.Sa formule originale,\u00a0sans hydroquinone, sans parabens et non test\u00e9e sur les animaux, \u00a0favorise l\u2019\u00e9claircissement de la peau.La concentration importante de produits \u00e0 effet \u00e9claircissant garantit un r\u00e9sultat performant, un teint clair et lumineux.\" \/>\n<meta property=\"og:url\" content=\"https:\/\/www.cosmetics-ebene.com\/en\/product\/lait-bleu-cbl-aux-acides-de-fruits-500ml\/\" \/>\n<meta property=\"og:site_name\" content=\"Sessi\" \/>\n<meta property=\"article:modified_time\" content=\"2026-03-21T20:06:34+00:00\" \/>\n<meta property=\"og:image\" content=\"https:\/\/www.cosmetics-ebene.com\/wp-content\/uploads\/2024\/09\/652.jpg\" \/>\n\t<meta property=\"og:image:width\" content=\"1200\" \/>\n\t<meta property=\"og:image:height\" content=\"1800\" \/>\n\t<meta property=\"og:image:type\" content=\"image\/jpeg\" \/>\n<meta name=\"twitter:card\" content=\"summary_large_image\" \/>\n<meta name=\"twitter:label1\" content=\"Est. reading time\" \/>\n\t<meta name=\"twitter:data1\" content=\"1 minute\" \/>\n<script type=\"application\/ld+json\" class=\"yoast-schema-graph\">{\"@context\":\"https:\\\/\\\/schema.org\",\"@graph\":[{\"@type\":\"WebPage\",\"@id\":\"https:\\\/\\\/www.cosmetics-ebene.com\\\/en\\\/product\\\/lait-bleu-cbl-aux-acides-de-fruits-500ml\\\/\",\"url\":\"https:\\\/\\\/www.cosmetics-ebene.com\\\/en\\\/product\\\/lait-bleu-cbl-aux-acides-de-fruits-500ml\\\/\",\"name\":\"Lait bleu CBL aux Acides de Fruits 500ml - Sessi\",\"isPartOf\":{\"@id\":\"https:\\\/\\\/www.cosmetics-ebene.com\\\/en\\\/#website\"},\"primaryImageOfPage\":{\"@id\":\"https:\\\/\\\/www.cosmetics-ebene.com\\\/en\\\/product\\\/lait-bleu-cbl-aux-acides-de-fruits-500ml\\\/#primaryimage\"},\"image\":{\"@id\":\"https:\\\/\\\/www.cosmetics-ebene.com\\\/en\\\/product\\\/lait-bleu-cbl-aux-acides-de-fruits-500ml\\\/#primaryimage\"},\"thumbnailUrl\":\"https:\\\/\\\/www.cosmetics-ebene.com\\\/wp-content\\\/uploads\\\/2024\\\/09\\\/652.jpg\",\"datePublished\":\"2021-01-27T17:09:38+00:00\",\"dateModified\":\"2026-03-21T20:06:34+00:00\",\"breadcrumb\":{\"@id\":\"https:\\\/\\\/www.cosmetics-ebene.com\\\/en\\\/product\\\/lait-bleu-cbl-aux-acides-de-fruits-500ml\\\/#breadcrumb\"},\"inLanguage\":\"en-US\",\"potentialAction\":[{\"@type\":\"ReadAction\",\"target\":[\"https:\\\/\\\/www.cosmetics-ebene.com\\\/en\\\/product\\\/lait-bleu-cbl-aux-acides-de-fruits-500ml\\\/\"]}]},{\"@type\":\"ImageObject\",\"inLanguage\":\"en-US\",\"@id\":\"https:\\\/\\\/www.cosmetics-ebene.com\\\/en\\\/product\\\/lait-bleu-cbl-aux-acides-de-fruits-500ml\\\/#primaryimage\",\"url\":\"https:\\\/\\\/www.cosmetics-ebene.com\\\/wp-content\\\/uploads\\\/2024\\\/09\\\/652.jpg\",\"contentUrl\":\"https:\\\/\\\/www.cosmetics-ebene.com\\\/wp-content\\\/uploads\\\/2024\\\/09\\\/652.jpg\",\"width\":1200,\"height\":1800,\"caption\":\"Lait bleu CBL aux Acides de Fruits 500ml\"},{\"@type\":\"BreadcrumbList\",\"@id\":\"https:\\\/\\\/www.cosmetics-ebene.com\\\/en\\\/product\\\/lait-bleu-cbl-aux-acides-de-fruits-500ml\\\/#breadcrumb\",\"itemListElement\":[{\"@type\":\"ListItem\",\"position\":1,\"name\":\"Home\",\"item\":\"https:\\\/\\\/www.cosmetics-ebene.com\\\/en\\\/\"},{\"@type\":\"ListItem\",\"position\":2,\"name\":\"Shop\",\"item\":\"https:\\\/\\\/www.cosmetics-ebene.com\\\/shop\\\/\"},{\"@type\":\"ListItem\",\"position\":3,\"name\":\"Lait bleu CBL aux Acides de Fruits 500ml\"}]},{\"@type\":\"WebSite\",\"@id\":\"https:\\\/\\\/www.cosmetics-ebene.com\\\/en\\\/#website\",\"url\":\"https:\\\/\\\/www.cosmetics-ebene.com\\\/en\\\/\",\"name\":\"Sessi\",\"description\":\"Produits de beaut\u00e9 pour peau noires et m\u00e9tiss\u00e9\",\"publisher\":{\"@id\":\"https:\\\/\\\/www.cosmetics-ebene.com\\\/en\\\/#organization\"},\"potentialAction\":[{\"@type\":\"SearchAction\",\"target\":{\"@type\":\"EntryPoint\",\"urlTemplate\":\"https:\\\/\\\/www.cosmetics-ebene.com\\\/en\\\/?s={search_term_string}\"},\"query-input\":{\"@type\":\"PropertyValueSpecification\",\"valueRequired\":true,\"valueName\":\"search_term_string\"}}],\"inLanguage\":\"en-US\"},{\"@type\":\"Organization\",\"@id\":\"https:\\\/\\\/www.cosmetics-ebene.com\\\/en\\\/#organization\",\"name\":\"Sessi\",\"url\":\"https:\\\/\\\/www.cosmetics-ebene.com\\\/en\\\/\",\"logo\":{\"@type\":\"ImageObject\",\"inLanguage\":\"en-US\",\"@id\":\"https:\\\/\\\/www.cosmetics-ebene.com\\\/en\\\/#\\\/schema\\\/logo\\\/image\\\/\",\"url\":\"https:\\\/\\\/www.cosmetics-ebene.com\\\/wp-content\\\/uploads\\\/2024\\\/09\\\/cosmetics-ebene-logo-1-e1727351533275.png\",\"contentUrl\":\"https:\\\/\\\/www.cosmetics-ebene.com\\\/wp-content\\\/uploads\\\/2024\\\/09\\\/cosmetics-ebene-logo-1-e1727351533275.png\",\"width\":350,\"height\":69,\"caption\":\"Sessi\"},\"image\":{\"@id\":\"https:\\\/\\\/www.cosmetics-ebene.com\\\/en\\\/#\\\/schema\\\/logo\\\/image\\\/\"}}]}<\/script>\n<!-- \/ Yoast SEO plugin. -->","yoast_head_json":{"title":"Lait bleu CBL aux Acides de Fruits 500ml - Sessi","robots":{"index":"index","follow":"follow","max-snippet":"max-snippet:-1","max-image-preview":"max-image-preview:large","max-video-preview":"max-video-preview:-1"},"canonical":"https:\/\/www.cosmetics-ebene.com\/en\/product\/lait-bleu-cbl-aux-acides-de-fruits-500ml\/","og_locale":"en_US","og_type":"article","og_title":"Lait bleu CBL aux Acides de Fruits 500ml - Sessi","og_description":"\u00c9labor\u00e9 par des pharmaciens, le lait CBL aux acides de fruits a \u00e9t\u00e9 con\u00e7u pour r\u00e9pondre aux exigences particuli\u00e8res de la peau noire.Sa formule originale,\u00a0sans hydroquinone, sans parabens et non test\u00e9e sur les animaux, \u00a0favorise l\u2019\u00e9claircissement de la peau.La concentration importante de produits \u00e0 effet \u00e9claircissant garantit un r\u00e9sultat performant, un teint clair et lumineux.","og_url":"https:\/\/www.cosmetics-ebene.com\/en\/product\/lait-bleu-cbl-aux-acides-de-fruits-500ml\/","og_site_name":"Sessi","article_modified_time":"2026-03-21T20:06:34+00:00","og_image":[{"width":1200,"height":1800,"url":"https:\/\/www.cosmetics-ebene.com\/wp-content\/uploads\/2024\/09\/652.jpg","type":"image\/jpeg"}],"twitter_card":"summary_large_image","twitter_misc":{"Est. reading time":"1 minute"},"schema":{"@context":"https:\/\/schema.org","@graph":[{"@type":"WebPage","@id":"https:\/\/www.cosmetics-ebene.com\/en\/product\/lait-bleu-cbl-aux-acides-de-fruits-500ml\/","url":"https:\/\/www.cosmetics-ebene.com\/en\/product\/lait-bleu-cbl-aux-acides-de-fruits-500ml\/","name":"Lait bleu CBL aux Acides de Fruits 500ml - Sessi","isPartOf":{"@id":"https:\/\/www.cosmetics-ebene.com\/en\/#website"},"primaryImageOfPage":{"@id":"https:\/\/www.cosmetics-ebene.com\/en\/product\/lait-bleu-cbl-aux-acides-de-fruits-500ml\/#primaryimage"},"image":{"@id":"https:\/\/www.cosmetics-ebene.com\/en\/product\/lait-bleu-cbl-aux-acides-de-fruits-500ml\/#primaryimage"},"thumbnailUrl":"https:\/\/www.cosmetics-ebene.com\/wp-content\/uploads\/2024\/09\/652.jpg","datePublished":"2021-01-27T17:09:38+00:00","dateModified":"2026-03-21T20:06:34+00:00","breadcrumb":{"@id":"https:\/\/www.cosmetics-ebene.com\/en\/product\/lait-bleu-cbl-aux-acides-de-fruits-500ml\/#breadcrumb"},"inLanguage":"en-US","potentialAction":[{"@type":"ReadAction","target":["https:\/\/www.cosmetics-ebene.com\/en\/product\/lait-bleu-cbl-aux-acides-de-fruits-500ml\/"]}]},{"@type":"ImageObject","inLanguage":"en-US","@id":"https:\/\/www.cosmetics-ebene.com\/en\/product\/lait-bleu-cbl-aux-acides-de-fruits-500ml\/#primaryimage","url":"https:\/\/www.cosmetics-ebene.com\/wp-content\/uploads\/2024\/09\/652.jpg","contentUrl":"https:\/\/www.cosmetics-ebene.com\/wp-content\/uploads\/2024\/09\/652.jpg","width":1200,"height":1800,"caption":"Lait bleu CBL aux Acides de Fruits 500ml"},{"@type":"BreadcrumbList","@id":"https:\/\/www.cosmetics-ebene.com\/en\/product\/lait-bleu-cbl-aux-acides-de-fruits-500ml\/#breadcrumb","itemListElement":[{"@type":"ListItem","position":1,"name":"Home","item":"https:\/\/www.cosmetics-ebene.com\/en\/"},{"@type":"ListItem","position":2,"name":"Shop","item":"https:\/\/www.cosmetics-ebene.com\/shop\/"},{"@type":"ListItem","position":3,"name":"Lait bleu CBL aux Acides de Fruits 500ml"}]},{"@type":"WebSite","@id":"https:\/\/www.cosmetics-ebene.com\/en\/#website","url":"https:\/\/www.cosmetics-ebene.com\/en\/","name":"Sessi","description":"Produits de beaut\u00e9 pour peau noires et m\u00e9tiss\u00e9","publisher":{"@id":"https:\/\/www.cosmetics-ebene.com\/en\/#organization"},"potentialAction":[{"@type":"SearchAction","target":{"@type":"EntryPoint","urlTemplate":"https:\/\/www.cosmetics-ebene.com\/en\/?s={search_term_string}"},"query-input":{"@type":"PropertyValueSpecification","valueRequired":true,"valueName":"search_term_string"}}],"inLanguage":"en-US"},{"@type":"Organization","@id":"https:\/\/www.cosmetics-ebene.com\/en\/#organization","name":"Sessi","url":"https:\/\/www.cosmetics-ebene.com\/en\/","logo":{"@type":"ImageObject","inLanguage":"en-US","@id":"https:\/\/www.cosmetics-ebene.com\/en\/#\/schema\/logo\/image\/","url":"https:\/\/www.cosmetics-ebene.com\/wp-content\/uploads\/2024\/09\/cosmetics-ebene-logo-1-e1727351533275.png","contentUrl":"https:\/\/www.cosmetics-ebene.com\/wp-content\/uploads\/2024\/09\/cosmetics-ebene-logo-1-e1727351533275.png","width":350,"height":69,"caption":"Sessi"},"image":{"@id":"https:\/\/www.cosmetics-ebene.com\/en\/#\/schema\/logo\/image\/"}}]}},"_links":{"self":[{"href":"https:\/\/www.cosmetics-ebene.com\/en\/wp-json\/wp\/v2\/product\/10368","targetHints":{"allow":["GET"]}}],"collection":[{"href":"https:\/\/www.cosmetics-ebene.com\/en\/wp-json\/wp\/v2\/product"}],"about":[{"href":"https:\/\/www.cosmetics-ebene.com\/en\/wp-json\/wp\/v2\/types\/product"}],"replies":[{"embeddable":true,"href":"https:\/\/www.cosmetics-ebene.com\/en\/wp-json\/wp\/v2\/comments?post=10368"}],"version-history":[{"count":0,"href":"https:\/\/www.cosmetics-ebene.com\/en\/wp-json\/wp\/v2\/product\/10368\/revisions"}],"wp:featuredmedia":[{"embeddable":true,"href":"https:\/\/www.cosmetics-ebene.com\/en\/wp-json\/wp\/v2\/media\/10366"}],"wp:attachment":[{"href":"https:\/\/www.cosmetics-ebene.com\/en\/wp-json\/wp\/v2\/media?parent=10368"}],"wp:term":[{"taxonomy":"product_brand","embeddable":true,"href":"https:\/\/www.cosmetics-ebene.com\/en\/wp-json\/wp\/v2\/product_brand?post=10368"},{"taxonomy":"product_cat","embeddable":true,"href":"https:\/\/www.cosmetics-ebene.com\/en\/wp-json\/wp\/v2\/product_cat?post=10368"},{"taxonomy":"product_tag","embeddable":true,"href":"https:\/\/www.cosmetics-ebene.com\/en\/wp-json\/wp\/v2\/product_tag?post=10368"}],"curies":[{"name":"wp","href":"https:\/\/api.w.org\/{rel}","templated":true}]}}