{"id":10388,"date":"2021-07-05T12:07:26","date_gmt":"2021-07-05T12:07:26","guid":{"rendered":"https:\/\/preprod.cosmetics-ebene.com\/?product=audran-huile-de-karite-100-naturelle-200-ml"},"modified":"2022-04-08T10:18:15","modified_gmt":"2022-04-08T10:18:15","slug":"audran-huile-de-karite-100-naturelle-200-ml","status":"publish","type":"product","link":"https:\/\/www.cosmetics-ebene.com\/en\/product\/audran-huile-de-karite-100-naturelle-200-ml\/","title":{"rendered":"Audran Shea Oil 100% Natural 200 ml"},"content":{"rendered":"<ul>\n<li>\n<h2><img decoding=\"async\" src=\"https:\/\/www.cosmetics-ebene.com\/wp-content\/uploads\/content\/icon1.jpg\" alt=\"\" height=\"73\" width=\"69\" \/><span>\u00c9labor\u00e9 et mis au point par des sp\u00e9cialistes en cosm\u00e9tologie<\/span><\/h2>\n<h4>AUDRAN huile de Karit\u00e9 est r\u00e9put\u00e9 pour ses vertus nourrissantes, apaisantes et calmantes sur les peaux tr\u00e8s fragiles ou irrit\u00e9es. AUDRAN huile de Karit\u00e9 est un concentr\u00e9 des actifs du beurre de karit\u00e9. Elle est compos\u00e9e d\u2019acides gras essentiels et est tr\u00e8s riches en vitamines A et E. Particuli\u00e8rement recommand\u00e9e pour hydrater, nourrir, adoucir et tonifier la peau. De plus, elle assouplit et restructure la peau en profondeur. Elle convient \u00e0 toute la famille. AUDRAN huile de Karit\u00e9 prot\u00e8ge la peau des agressions ext\u00e9rieures et elle est particuli\u00e8rement recommand\u00e9e pour les b\u00e9b\u00e9s et les jeunes enfants, notamment pour le massage de b\u00e9b\u00e9. AUDRAN huile de Karit\u00e9 hydrate et nourri<\/h4>\n<h2><img decoding=\"async\" src=\"https:\/\/www.cosmetics-ebene.com\/wp-content\/uploads\/content\/icon2.jpg\" alt=\"\" height=\"73\" width=\"69\" \/><span>Conseils d\u2019utilisations :<\/span><\/h2>\n<p>Utiliser la 1 \u00e0 2 fois par\u00a0jour sur la peau. \u00c9viter le contact avec les yeux. En cas d\u2019irritation cessez l\u2019usage. Usage externe uniquement<\/p>\n<h2><img decoding=\"async\" src=\"https:\/\/www.cosmetics-ebene.com\/wp-content\/uploads\/content\/icon3.jpg\" alt=\"\" height=\"73\" width=\"69\" \/><span>Composition :<\/span><\/h2>\n<\/li>\n<\/ul>\n<p>Helianthus Annuus (Sunflower) Seed Oil, Butyrospermun Parkii (Shea) Oil, Coumarin, Eugenol, Alpha-isomethyl Ionone, G\u00e9raniol, Hydroxycitronellal, Linaloo<\/p>\n","protected":false},"excerpt":{"rendered":"<p>\u00c9labor\u00e9 et mis au point par des sp\u00e9cialistes en cosm\u00e9tologie AUDRAN huile de Karit\u00e9 est r\u00e9put\u00e9 pour ses vertus nourrissantes, apaisantes et calmantes sur les peaux tr\u00e8s fragiles ou irrit\u00e9es. AUDRAN huile de Karit\u00e9 est un concentr\u00e9 des actifs du beurre de karit\u00e9. Elle est compos\u00e9e d\u2019acides gras essentiels et est tr\u00e8s riches en vitamines &hellip; <a href=\"https:\/\/www.cosmetics-ebene.com\/en\/product\/audran-huile-de-karite-100-naturelle-200-ml\/\" class=\"more-link\">Continue reading <span class=\"screen-reader-text\">Audran Shea Oil 100% Natural 200 ml<\/span><\/a><\/p>\n","protected":false},"featured_media":10386,"comment_status":"open","ping_status":"closed","template":"","meta":[],"product_brand":[],"product_cat":[304,352,386],"product_tag":[],"class_list":{"0":"post-10388","1":"product","2":"type-product","3":"status-publish","4":"has-post-thumbnail","6":"product_cat-audran-en","7":"product_cat-babies-and-kids","8":"product_cat-traitement-soins-capillaire-en","11":"instock","12":"taxable","13":"shipping-taxable","14":"purchasable","15":"product-type-simple"},"yoast_head":"<!-- This site is optimized with the Yoast SEO plugin v27.3 - https:\/\/yoast.com\/product\/yoast-seo-wordpress\/ -->\n<title>Audran Shea Oil 100% Natural 200 ml - Sessi<\/title>\n<meta name=\"robots\" content=\"index, follow, max-snippet:-1, max-image-preview:large, max-video-preview:-1\" \/>\n<link rel=\"canonical\" href=\"https:\/\/www.cosmetics-ebene.com\/en\/product\/audran-huile-de-karite-100-naturelle-200-ml\/\" \/>\n<meta property=\"og:locale\" content=\"en_US\" \/>\n<meta property=\"og:type\" content=\"article\" \/>\n<meta property=\"og:title\" content=\"Audran Shea Oil 100% Natural 200 ml - Sessi\" \/>\n<meta property=\"og:description\" content=\"\u00c9labor\u00e9 et mis au point par des sp\u00e9cialistes en cosm\u00e9tologie AUDRAN huile de Karit\u00e9 est r\u00e9put\u00e9 pour ses vertus nourrissantes, apaisantes et calmantes sur les peaux tr\u00e8s fragiles ou irrit\u00e9es. AUDRAN huile de Karit\u00e9 est un concentr\u00e9 des actifs du beurre de karit\u00e9. Elle est compos\u00e9e d\u2019acides gras essentiels et est tr\u00e8s riches en vitamines &hellip; Continue reading Audran Shea Oil 100% Natural 200 ml\" \/>\n<meta property=\"og:url\" content=\"https:\/\/www.cosmetics-ebene.com\/en\/product\/audran-huile-de-karite-100-naturelle-200-ml\/\" \/>\n<meta property=\"og:site_name\" content=\"Sessi\" \/>\n<meta property=\"article:modified_time\" content=\"2022-04-08T10:18:15+00:00\" \/>\n<meta property=\"og:image\" content=\"https:\/\/www.cosmetics-ebene.com\/wp-content\/uploads\/2024\/09\/635.jpg\" \/>\n\t<meta property=\"og:image:width\" content=\"1200\" \/>\n\t<meta property=\"og:image:height\" content=\"1800\" \/>\n\t<meta property=\"og:image:type\" content=\"image\/jpeg\" \/>\n<meta name=\"twitter:card\" content=\"summary_large_image\" \/>\n<meta name=\"twitter:label1\" content=\"Est. reading time\" \/>\n\t<meta name=\"twitter:data1\" content=\"1 minute\" \/>\n<script type=\"application\/ld+json\" class=\"yoast-schema-graph\">{\"@context\":\"https:\\\/\\\/schema.org\",\"@graph\":[{\"@type\":\"WebPage\",\"@id\":\"https:\\\/\\\/www.cosmetics-ebene.com\\\/en\\\/product\\\/audran-huile-de-karite-100-naturelle-200-ml\\\/\",\"url\":\"https:\\\/\\\/www.cosmetics-ebene.com\\\/en\\\/product\\\/audran-huile-de-karite-100-naturelle-200-ml\\\/\",\"name\":\"Audran Shea Oil 100% Natural 200 ml - Sessi\",\"isPartOf\":{\"@id\":\"https:\\\/\\\/www.cosmetics-ebene.com\\\/en\\\/#website\"},\"primaryImageOfPage\":{\"@id\":\"https:\\\/\\\/www.cosmetics-ebene.com\\\/en\\\/product\\\/audran-huile-de-karite-100-naturelle-200-ml\\\/#primaryimage\"},\"image\":{\"@id\":\"https:\\\/\\\/www.cosmetics-ebene.com\\\/en\\\/product\\\/audran-huile-de-karite-100-naturelle-200-ml\\\/#primaryimage\"},\"thumbnailUrl\":\"https:\\\/\\\/www.cosmetics-ebene.com\\\/wp-content\\\/uploads\\\/2024\\\/09\\\/635.jpg\",\"datePublished\":\"2021-07-05T12:07:26+00:00\",\"dateModified\":\"2022-04-08T10:18:15+00:00\",\"breadcrumb\":{\"@id\":\"https:\\\/\\\/www.cosmetics-ebene.com\\\/en\\\/product\\\/audran-huile-de-karite-100-naturelle-200-ml\\\/#breadcrumb\"},\"inLanguage\":\"en-US\",\"potentialAction\":[{\"@type\":\"ReadAction\",\"target\":[\"https:\\\/\\\/www.cosmetics-ebene.com\\\/en\\\/product\\\/audran-huile-de-karite-100-naturelle-200-ml\\\/\"]}]},{\"@type\":\"ImageObject\",\"inLanguage\":\"en-US\",\"@id\":\"https:\\\/\\\/www.cosmetics-ebene.com\\\/en\\\/product\\\/audran-huile-de-karite-100-naturelle-200-ml\\\/#primaryimage\",\"url\":\"https:\\\/\\\/www.cosmetics-ebene.com\\\/wp-content\\\/uploads\\\/2024\\\/09\\\/635.jpg\",\"contentUrl\":\"https:\\\/\\\/www.cosmetics-ebene.com\\\/wp-content\\\/uploads\\\/2024\\\/09\\\/635.jpg\",\"width\":1200,\"height\":1800,\"caption\":\"Audran Huile de Karit\u00e9 100% Naturelle 200 ml\"},{\"@type\":\"BreadcrumbList\",\"@id\":\"https:\\\/\\\/www.cosmetics-ebene.com\\\/en\\\/product\\\/audran-huile-de-karite-100-naturelle-200-ml\\\/#breadcrumb\",\"itemListElement\":[{\"@type\":\"ListItem\",\"position\":1,\"name\":\"Home\",\"item\":\"https:\\\/\\\/www.cosmetics-ebene.com\\\/en\\\/\"},{\"@type\":\"ListItem\",\"position\":2,\"name\":\"Shop\",\"item\":\"https:\\\/\\\/www.cosmetics-ebene.com\\\/shop\\\/\"},{\"@type\":\"ListItem\",\"position\":3,\"name\":\"Audran Shea Oil 100% Natural 200 ml\"}]},{\"@type\":\"WebSite\",\"@id\":\"https:\\\/\\\/www.cosmetics-ebene.com\\\/en\\\/#website\",\"url\":\"https:\\\/\\\/www.cosmetics-ebene.com\\\/en\\\/\",\"name\":\"Sessi\",\"description\":\"Produits de beaut\u00e9 pour peau noires et m\u00e9tiss\u00e9\",\"publisher\":{\"@id\":\"https:\\\/\\\/www.cosmetics-ebene.com\\\/en\\\/#organization\"},\"potentialAction\":[{\"@type\":\"SearchAction\",\"target\":{\"@type\":\"EntryPoint\",\"urlTemplate\":\"https:\\\/\\\/www.cosmetics-ebene.com\\\/en\\\/?s={search_term_string}\"},\"query-input\":{\"@type\":\"PropertyValueSpecification\",\"valueRequired\":true,\"valueName\":\"search_term_string\"}}],\"inLanguage\":\"en-US\"},{\"@type\":\"Organization\",\"@id\":\"https:\\\/\\\/www.cosmetics-ebene.com\\\/en\\\/#organization\",\"name\":\"Sessi\",\"url\":\"https:\\\/\\\/www.cosmetics-ebene.com\\\/en\\\/\",\"logo\":{\"@type\":\"ImageObject\",\"inLanguage\":\"en-US\",\"@id\":\"https:\\\/\\\/www.cosmetics-ebene.com\\\/en\\\/#\\\/schema\\\/logo\\\/image\\\/\",\"url\":\"https:\\\/\\\/www.cosmetics-ebene.com\\\/wp-content\\\/uploads\\\/2024\\\/09\\\/cosmetics-ebene-logo-1-e1727351533275.png\",\"contentUrl\":\"https:\\\/\\\/www.cosmetics-ebene.com\\\/wp-content\\\/uploads\\\/2024\\\/09\\\/cosmetics-ebene-logo-1-e1727351533275.png\",\"width\":350,\"height\":69,\"caption\":\"Sessi\"},\"image\":{\"@id\":\"https:\\\/\\\/www.cosmetics-ebene.com\\\/en\\\/#\\\/schema\\\/logo\\\/image\\\/\"}}]}<\/script>\n<!-- \/ Yoast SEO plugin. -->","yoast_head_json":{"title":"Audran Shea Oil 100% Natural 200 ml - Sessi","robots":{"index":"index","follow":"follow","max-snippet":"max-snippet:-1","max-image-preview":"max-image-preview:large","max-video-preview":"max-video-preview:-1"},"canonical":"https:\/\/www.cosmetics-ebene.com\/en\/product\/audran-huile-de-karite-100-naturelle-200-ml\/","og_locale":"en_US","og_type":"article","og_title":"Audran Shea Oil 100% Natural 200 ml - Sessi","og_description":"\u00c9labor\u00e9 et mis au point par des sp\u00e9cialistes en cosm\u00e9tologie AUDRAN huile de Karit\u00e9 est r\u00e9put\u00e9 pour ses vertus nourrissantes, apaisantes et calmantes sur les peaux tr\u00e8s fragiles ou irrit\u00e9es. AUDRAN huile de Karit\u00e9 est un concentr\u00e9 des actifs du beurre de karit\u00e9. Elle est compos\u00e9e d\u2019acides gras essentiels et est tr\u00e8s riches en vitamines &hellip; Continue reading Audran Shea Oil 100% Natural 200 ml","og_url":"https:\/\/www.cosmetics-ebene.com\/en\/product\/audran-huile-de-karite-100-naturelle-200-ml\/","og_site_name":"Sessi","article_modified_time":"2022-04-08T10:18:15+00:00","og_image":[{"width":1200,"height":1800,"url":"https:\/\/www.cosmetics-ebene.com\/wp-content\/uploads\/2024\/09\/635.jpg","type":"image\/jpeg"}],"twitter_card":"summary_large_image","twitter_misc":{"Est. reading time":"1 minute"},"schema":{"@context":"https:\/\/schema.org","@graph":[{"@type":"WebPage","@id":"https:\/\/www.cosmetics-ebene.com\/en\/product\/audran-huile-de-karite-100-naturelle-200-ml\/","url":"https:\/\/www.cosmetics-ebene.com\/en\/product\/audran-huile-de-karite-100-naturelle-200-ml\/","name":"Audran Shea Oil 100% Natural 200 ml - Sessi","isPartOf":{"@id":"https:\/\/www.cosmetics-ebene.com\/en\/#website"},"primaryImageOfPage":{"@id":"https:\/\/www.cosmetics-ebene.com\/en\/product\/audran-huile-de-karite-100-naturelle-200-ml\/#primaryimage"},"image":{"@id":"https:\/\/www.cosmetics-ebene.com\/en\/product\/audran-huile-de-karite-100-naturelle-200-ml\/#primaryimage"},"thumbnailUrl":"https:\/\/www.cosmetics-ebene.com\/wp-content\/uploads\/2024\/09\/635.jpg","datePublished":"2021-07-05T12:07:26+00:00","dateModified":"2022-04-08T10:18:15+00:00","breadcrumb":{"@id":"https:\/\/www.cosmetics-ebene.com\/en\/product\/audran-huile-de-karite-100-naturelle-200-ml\/#breadcrumb"},"inLanguage":"en-US","potentialAction":[{"@type":"ReadAction","target":["https:\/\/www.cosmetics-ebene.com\/en\/product\/audran-huile-de-karite-100-naturelle-200-ml\/"]}]},{"@type":"ImageObject","inLanguage":"en-US","@id":"https:\/\/www.cosmetics-ebene.com\/en\/product\/audran-huile-de-karite-100-naturelle-200-ml\/#primaryimage","url":"https:\/\/www.cosmetics-ebene.com\/wp-content\/uploads\/2024\/09\/635.jpg","contentUrl":"https:\/\/www.cosmetics-ebene.com\/wp-content\/uploads\/2024\/09\/635.jpg","width":1200,"height":1800,"caption":"Audran Huile de Karit\u00e9 100% Naturelle 200 ml"},{"@type":"BreadcrumbList","@id":"https:\/\/www.cosmetics-ebene.com\/en\/product\/audran-huile-de-karite-100-naturelle-200-ml\/#breadcrumb","itemListElement":[{"@type":"ListItem","position":1,"name":"Home","item":"https:\/\/www.cosmetics-ebene.com\/en\/"},{"@type":"ListItem","position":2,"name":"Shop","item":"https:\/\/www.cosmetics-ebene.com\/shop\/"},{"@type":"ListItem","position":3,"name":"Audran Shea Oil 100% Natural 200 ml"}]},{"@type":"WebSite","@id":"https:\/\/www.cosmetics-ebene.com\/en\/#website","url":"https:\/\/www.cosmetics-ebene.com\/en\/","name":"Sessi","description":"Produits de beaut\u00e9 pour peau noires et m\u00e9tiss\u00e9","publisher":{"@id":"https:\/\/www.cosmetics-ebene.com\/en\/#organization"},"potentialAction":[{"@type":"SearchAction","target":{"@type":"EntryPoint","urlTemplate":"https:\/\/www.cosmetics-ebene.com\/en\/?s={search_term_string}"},"query-input":{"@type":"PropertyValueSpecification","valueRequired":true,"valueName":"search_term_string"}}],"inLanguage":"en-US"},{"@type":"Organization","@id":"https:\/\/www.cosmetics-ebene.com\/en\/#organization","name":"Sessi","url":"https:\/\/www.cosmetics-ebene.com\/en\/","logo":{"@type":"ImageObject","inLanguage":"en-US","@id":"https:\/\/www.cosmetics-ebene.com\/en\/#\/schema\/logo\/image\/","url":"https:\/\/www.cosmetics-ebene.com\/wp-content\/uploads\/2024\/09\/cosmetics-ebene-logo-1-e1727351533275.png","contentUrl":"https:\/\/www.cosmetics-ebene.com\/wp-content\/uploads\/2024\/09\/cosmetics-ebene-logo-1-e1727351533275.png","width":350,"height":69,"caption":"Sessi"},"image":{"@id":"https:\/\/www.cosmetics-ebene.com\/en\/#\/schema\/logo\/image\/"}}]}},"_links":{"self":[{"href":"https:\/\/www.cosmetics-ebene.com\/en\/wp-json\/wp\/v2\/product\/10388","targetHints":{"allow":["GET"]}}],"collection":[{"href":"https:\/\/www.cosmetics-ebene.com\/en\/wp-json\/wp\/v2\/product"}],"about":[{"href":"https:\/\/www.cosmetics-ebene.com\/en\/wp-json\/wp\/v2\/types\/product"}],"replies":[{"embeddable":true,"href":"https:\/\/www.cosmetics-ebene.com\/en\/wp-json\/wp\/v2\/comments?post=10388"}],"version-history":[{"count":0,"href":"https:\/\/www.cosmetics-ebene.com\/en\/wp-json\/wp\/v2\/product\/10388\/revisions"}],"wp:featuredmedia":[{"embeddable":true,"href":"https:\/\/www.cosmetics-ebene.com\/en\/wp-json\/wp\/v2\/media\/10386"}],"wp:attachment":[{"href":"https:\/\/www.cosmetics-ebene.com\/en\/wp-json\/wp\/v2\/media?parent=10388"}],"wp:term":[{"taxonomy":"product_brand","embeddable":true,"href":"https:\/\/www.cosmetics-ebene.com\/en\/wp-json\/wp\/v2\/product_brand?post=10388"},{"taxonomy":"product_cat","embeddable":true,"href":"https:\/\/www.cosmetics-ebene.com\/en\/wp-json\/wp\/v2\/product_cat?post=10388"},{"taxonomy":"product_tag","embeddable":true,"href":"https:\/\/www.cosmetics-ebene.com\/en\/wp-json\/wp\/v2\/product_tag?post=10388"}],"curies":[{"name":"wp","href":"https:\/\/api.w.org\/{rel}","templated":true}]}}