{"id":10406,"date":"2021-07-05T12:18:26","date_gmt":"2021-07-05T12:18:26","guid":{"rendered":"https:\/\/preprod.cosmetics-ebene.com\/?product=audran-huile-donagre-eclaircissant-200-ml"},"modified":"2025-05-29T07:08:16","modified_gmt":"2025-05-29T07:08:16","slug":"audran-huile-donagre-eclaircissant-200-ml","status":"publish","type":"product","link":"https:\/\/www.cosmetics-ebene.com\/en\/product\/audran-huile-donagre-eclaircissant-200-ml\/","title":{"rendered":"Audran Lightening Primrose Oil 200 ml"},"content":{"rendered":"<ul>\n<li>\n<h2><img decoding=\"async\" src=\"https:\/\/www.cosmetics-ebene.com\/wp-content\/uploads\/content\/icon1.jpg\" alt=\"\" height=\"73\" width=\"69\" \/>\u00c9labor\u00e9 et mis au point par des sp\u00e9cialistes en cosm\u00e9tologie<\/h2>\n<h4>Notre \u00e9quipe de recherche a su tirer le meilleur de l\u2019huile d\u2019Onagre pour \u00e9laborer AUDRAN huile D\u2019Onagre \u00e9claircissante. L\u2019Onagre est utilis\u00e9 depuis des si\u00e8cles par les Am\u00e9rindiens pour ses propri\u00e9t\u00e9s exceptionnelles pour la peau et notamment pour sa propri\u00e9t\u00e9 anti-\u00e2ge. Notre huile est particuli\u00e8rement b\u00e9n\u00e9fique pour les peaux fatigu\u00e9es, dess\u00e9ch\u00e9es ou en souffrance, gr\u00e2ce \u00e0 la pr\u00e9sence d\u2019Om\u00e9ga 6 et aux acide gras essentiels. De plus, afin d\u2019\u00e9claircir la peau efficacement, nous avons\u00a0s\u00e9lectionn\u00e9 avec attention un actif \u00e9claircissant.<\/h4>\n<\/li>\n<\/ul>\n<ul>\n<li>\n<h4><\/h4>\n<h2><img decoding=\"async\" src=\"https:\/\/www.cosmetics-ebene.com\/wp-content\/uploads\/content\/icon2.jpg\" alt=\"\" height=\"73\" width=\"69\" \/>Conseils d\u2019utilisations :<\/h2>\n<p>Utiliser la 1 \u00e0 2 fois par jour sur la peau et dans les cheveux. \u00c9viter le contact avec les yeux. En cas d\u2019irritation cessez l\u2019usage. Ne pas utiliser chez les enfants de moins de 12 ans. Usage externe uniquement<\/p>\n<h2><img decoding=\"async\" src=\"https:\/\/www.cosmetics-ebene.com\/wp-content\/uploads\/content\/icon3.jpg\" alt=\"\" height=\"73\" width=\"69\" \/>Composition :<\/h2>\n<\/li>\n<\/ul>\n<p>Helianthus Annuus (Sunflower) Seed Oil, Oenothera Biennis (Evening Primrose) Oil, Coumarin, Eugenol, Alpha-isomethyl Ionone, G\u00e9raniol, Hydroxycitronellal, Linalool.<\/p>\n","protected":false},"excerpt":{"rendered":"<p>\u00c9labor\u00e9 et mis au point par des sp\u00e9cialistes en cosm\u00e9tologie Notre \u00e9quipe de recherche a su tirer le meilleur de l\u2019huile d\u2019Onagre pour \u00e9laborer AUDRAN huile D\u2019Onagre \u00e9claircissante. L\u2019Onagre est utilis\u00e9 depuis des si\u00e8cles par les Am\u00e9rindiens pour ses propri\u00e9t\u00e9s exceptionnelles pour la peau et notamment pour sa propri\u00e9t\u00e9 anti-\u00e2ge. Notre huile est particuli\u00e8rement b\u00e9n\u00e9fique &hellip; <a href=\"https:\/\/www.cosmetics-ebene.com\/en\/product\/audran-huile-donagre-eclaircissant-200-ml\/\" class=\"more-link\">Continue reading <span class=\"screen-reader-text\">Audran Lightening Primrose Oil 200 ml<\/span><\/a><\/p>\n","protected":false},"featured_media":10404,"comment_status":"open","ping_status":"closed","template":"","meta":[],"product_brand":[],"product_cat":[304,352,386],"product_tag":[],"class_list":{"0":"post-10406","1":"product","2":"type-product","3":"status-publish","4":"has-post-thumbnail","6":"product_cat-audran-en","7":"product_cat-babies-and-kids","8":"product_cat-traitement-soins-capillaire-en","11":"instock","12":"taxable","13":"shipping-taxable","14":"purchasable","15":"product-type-simple"},"yoast_head":"<!-- This site is optimized with the Yoast SEO plugin v27.3 - https:\/\/yoast.com\/product\/yoast-seo-wordpress\/ -->\n<title>Audran Lightening Primrose Oil 200 ml - Sessi<\/title>\n<meta name=\"robots\" content=\"index, follow, max-snippet:-1, max-image-preview:large, max-video-preview:-1\" \/>\n<link rel=\"canonical\" href=\"https:\/\/www.cosmetics-ebene.com\/en\/product\/audran-huile-donagre-eclaircissant-200-ml\/\" \/>\n<meta property=\"og:locale\" content=\"en_US\" \/>\n<meta property=\"og:type\" content=\"article\" \/>\n<meta property=\"og:title\" content=\"Audran Lightening Primrose Oil 200 ml - Sessi\" \/>\n<meta property=\"og:description\" content=\"\u00c9labor\u00e9 et mis au point par des sp\u00e9cialistes en cosm\u00e9tologie Notre \u00e9quipe de recherche a su tirer le meilleur de l\u2019huile d\u2019Onagre pour \u00e9laborer AUDRAN huile D\u2019Onagre \u00e9claircissante. L\u2019Onagre est utilis\u00e9 depuis des si\u00e8cles par les Am\u00e9rindiens pour ses propri\u00e9t\u00e9s exceptionnelles pour la peau et notamment pour sa propri\u00e9t\u00e9 anti-\u00e2ge. Notre huile est particuli\u00e8rement b\u00e9n\u00e9fique &hellip; Continue reading Audran Lightening Primrose Oil 200 ml\" \/>\n<meta property=\"og:url\" content=\"https:\/\/www.cosmetics-ebene.com\/en\/product\/audran-huile-donagre-eclaircissant-200-ml\/\" \/>\n<meta property=\"og:site_name\" content=\"Sessi\" \/>\n<meta property=\"article:modified_time\" content=\"2025-05-29T07:08:16+00:00\" \/>\n<meta property=\"og:image\" content=\"https:\/\/www.cosmetics-ebene.com\/wp-content\/uploads\/2024\/09\/642.jpg\" \/>\n\t<meta property=\"og:image:width\" content=\"1200\" \/>\n\t<meta property=\"og:image:height\" content=\"1800\" \/>\n\t<meta property=\"og:image:type\" content=\"image\/jpeg\" \/>\n<meta name=\"twitter:card\" content=\"summary_large_image\" \/>\n<meta name=\"twitter:label1\" content=\"Est. reading time\" \/>\n\t<meta name=\"twitter:data1\" content=\"1 minute\" \/>\n<script type=\"application\/ld+json\" class=\"yoast-schema-graph\">{\"@context\":\"https:\\\/\\\/schema.org\",\"@graph\":[{\"@type\":\"WebPage\",\"@id\":\"https:\\\/\\\/www.cosmetics-ebene.com\\\/en\\\/product\\\/audran-huile-donagre-eclaircissant-200-ml\\\/\",\"url\":\"https:\\\/\\\/www.cosmetics-ebene.com\\\/en\\\/product\\\/audran-huile-donagre-eclaircissant-200-ml\\\/\",\"name\":\"Audran Lightening Primrose Oil 200 ml - Sessi\",\"isPartOf\":{\"@id\":\"https:\\\/\\\/www.cosmetics-ebene.com\\\/en\\\/#website\"},\"primaryImageOfPage\":{\"@id\":\"https:\\\/\\\/www.cosmetics-ebene.com\\\/en\\\/product\\\/audran-huile-donagre-eclaircissant-200-ml\\\/#primaryimage\"},\"image\":{\"@id\":\"https:\\\/\\\/www.cosmetics-ebene.com\\\/en\\\/product\\\/audran-huile-donagre-eclaircissant-200-ml\\\/#primaryimage\"},\"thumbnailUrl\":\"https:\\\/\\\/www.cosmetics-ebene.com\\\/wp-content\\\/uploads\\\/2024\\\/09\\\/642.jpg\",\"datePublished\":\"2021-07-05T12:18:26+00:00\",\"dateModified\":\"2025-05-29T07:08:16+00:00\",\"breadcrumb\":{\"@id\":\"https:\\\/\\\/www.cosmetics-ebene.com\\\/en\\\/product\\\/audran-huile-donagre-eclaircissant-200-ml\\\/#breadcrumb\"},\"inLanguage\":\"en-US\",\"potentialAction\":[{\"@type\":\"ReadAction\",\"target\":[\"https:\\\/\\\/www.cosmetics-ebene.com\\\/en\\\/product\\\/audran-huile-donagre-eclaircissant-200-ml\\\/\"]}]},{\"@type\":\"ImageObject\",\"inLanguage\":\"en-US\",\"@id\":\"https:\\\/\\\/www.cosmetics-ebene.com\\\/en\\\/product\\\/audran-huile-donagre-eclaircissant-200-ml\\\/#primaryimage\",\"url\":\"https:\\\/\\\/www.cosmetics-ebene.com\\\/wp-content\\\/uploads\\\/2024\\\/09\\\/642.jpg\",\"contentUrl\":\"https:\\\/\\\/www.cosmetics-ebene.com\\\/wp-content\\\/uploads\\\/2024\\\/09\\\/642.jpg\",\"width\":1200,\"height\":1800,\"caption\":\"Audran Huile d\u2019Onagre Eclaircissant 200 ml\"},{\"@type\":\"BreadcrumbList\",\"@id\":\"https:\\\/\\\/www.cosmetics-ebene.com\\\/en\\\/product\\\/audran-huile-donagre-eclaircissant-200-ml\\\/#breadcrumb\",\"itemListElement\":[{\"@type\":\"ListItem\",\"position\":1,\"name\":\"Home\",\"item\":\"https:\\\/\\\/www.cosmetics-ebene.com\\\/en\\\/\"},{\"@type\":\"ListItem\",\"position\":2,\"name\":\"Shop\",\"item\":\"https:\\\/\\\/www.cosmetics-ebene.com\\\/shop\\\/\"},{\"@type\":\"ListItem\",\"position\":3,\"name\":\"Audran Lightening Primrose Oil 200 ml\"}]},{\"@type\":\"WebSite\",\"@id\":\"https:\\\/\\\/www.cosmetics-ebene.com\\\/en\\\/#website\",\"url\":\"https:\\\/\\\/www.cosmetics-ebene.com\\\/en\\\/\",\"name\":\"Sessi\",\"description\":\"Produits de beaut\u00e9 pour peau noires et m\u00e9tiss\u00e9\",\"publisher\":{\"@id\":\"https:\\\/\\\/www.cosmetics-ebene.com\\\/en\\\/#organization\"},\"potentialAction\":[{\"@type\":\"SearchAction\",\"target\":{\"@type\":\"EntryPoint\",\"urlTemplate\":\"https:\\\/\\\/www.cosmetics-ebene.com\\\/en\\\/?s={search_term_string}\"},\"query-input\":{\"@type\":\"PropertyValueSpecification\",\"valueRequired\":true,\"valueName\":\"search_term_string\"}}],\"inLanguage\":\"en-US\"},{\"@type\":\"Organization\",\"@id\":\"https:\\\/\\\/www.cosmetics-ebene.com\\\/en\\\/#organization\",\"name\":\"Sessi\",\"url\":\"https:\\\/\\\/www.cosmetics-ebene.com\\\/en\\\/\",\"logo\":{\"@type\":\"ImageObject\",\"inLanguage\":\"en-US\",\"@id\":\"https:\\\/\\\/www.cosmetics-ebene.com\\\/en\\\/#\\\/schema\\\/logo\\\/image\\\/\",\"url\":\"https:\\\/\\\/www.cosmetics-ebene.com\\\/wp-content\\\/uploads\\\/2024\\\/09\\\/cosmetics-ebene-logo-1-e1727351533275.png\",\"contentUrl\":\"https:\\\/\\\/www.cosmetics-ebene.com\\\/wp-content\\\/uploads\\\/2024\\\/09\\\/cosmetics-ebene-logo-1-e1727351533275.png\",\"width\":350,\"height\":69,\"caption\":\"Sessi\"},\"image\":{\"@id\":\"https:\\\/\\\/www.cosmetics-ebene.com\\\/en\\\/#\\\/schema\\\/logo\\\/image\\\/\"}}]}<\/script>\n<!-- \/ Yoast SEO plugin. -->","yoast_head_json":{"title":"Audran Lightening Primrose Oil 200 ml - Sessi","robots":{"index":"index","follow":"follow","max-snippet":"max-snippet:-1","max-image-preview":"max-image-preview:large","max-video-preview":"max-video-preview:-1"},"canonical":"https:\/\/www.cosmetics-ebene.com\/en\/product\/audran-huile-donagre-eclaircissant-200-ml\/","og_locale":"en_US","og_type":"article","og_title":"Audran Lightening Primrose Oil 200 ml - Sessi","og_description":"\u00c9labor\u00e9 et mis au point par des sp\u00e9cialistes en cosm\u00e9tologie Notre \u00e9quipe de recherche a su tirer le meilleur de l\u2019huile d\u2019Onagre pour \u00e9laborer AUDRAN huile D\u2019Onagre \u00e9claircissante. L\u2019Onagre est utilis\u00e9 depuis des si\u00e8cles par les Am\u00e9rindiens pour ses propri\u00e9t\u00e9s exceptionnelles pour la peau et notamment pour sa propri\u00e9t\u00e9 anti-\u00e2ge. Notre huile est particuli\u00e8rement b\u00e9n\u00e9fique &hellip; Continue reading Audran Lightening Primrose Oil 200 ml","og_url":"https:\/\/www.cosmetics-ebene.com\/en\/product\/audran-huile-donagre-eclaircissant-200-ml\/","og_site_name":"Sessi","article_modified_time":"2025-05-29T07:08:16+00:00","og_image":[{"width":1200,"height":1800,"url":"https:\/\/www.cosmetics-ebene.com\/wp-content\/uploads\/2024\/09\/642.jpg","type":"image\/jpeg"}],"twitter_card":"summary_large_image","twitter_misc":{"Est. reading time":"1 minute"},"schema":{"@context":"https:\/\/schema.org","@graph":[{"@type":"WebPage","@id":"https:\/\/www.cosmetics-ebene.com\/en\/product\/audran-huile-donagre-eclaircissant-200-ml\/","url":"https:\/\/www.cosmetics-ebene.com\/en\/product\/audran-huile-donagre-eclaircissant-200-ml\/","name":"Audran Lightening Primrose Oil 200 ml - Sessi","isPartOf":{"@id":"https:\/\/www.cosmetics-ebene.com\/en\/#website"},"primaryImageOfPage":{"@id":"https:\/\/www.cosmetics-ebene.com\/en\/product\/audran-huile-donagre-eclaircissant-200-ml\/#primaryimage"},"image":{"@id":"https:\/\/www.cosmetics-ebene.com\/en\/product\/audran-huile-donagre-eclaircissant-200-ml\/#primaryimage"},"thumbnailUrl":"https:\/\/www.cosmetics-ebene.com\/wp-content\/uploads\/2024\/09\/642.jpg","datePublished":"2021-07-05T12:18:26+00:00","dateModified":"2025-05-29T07:08:16+00:00","breadcrumb":{"@id":"https:\/\/www.cosmetics-ebene.com\/en\/product\/audran-huile-donagre-eclaircissant-200-ml\/#breadcrumb"},"inLanguage":"en-US","potentialAction":[{"@type":"ReadAction","target":["https:\/\/www.cosmetics-ebene.com\/en\/product\/audran-huile-donagre-eclaircissant-200-ml\/"]}]},{"@type":"ImageObject","inLanguage":"en-US","@id":"https:\/\/www.cosmetics-ebene.com\/en\/product\/audran-huile-donagre-eclaircissant-200-ml\/#primaryimage","url":"https:\/\/www.cosmetics-ebene.com\/wp-content\/uploads\/2024\/09\/642.jpg","contentUrl":"https:\/\/www.cosmetics-ebene.com\/wp-content\/uploads\/2024\/09\/642.jpg","width":1200,"height":1800,"caption":"Audran Huile d\u2019Onagre Eclaircissant 200 ml"},{"@type":"BreadcrumbList","@id":"https:\/\/www.cosmetics-ebene.com\/en\/product\/audran-huile-donagre-eclaircissant-200-ml\/#breadcrumb","itemListElement":[{"@type":"ListItem","position":1,"name":"Home","item":"https:\/\/www.cosmetics-ebene.com\/en\/"},{"@type":"ListItem","position":2,"name":"Shop","item":"https:\/\/www.cosmetics-ebene.com\/shop\/"},{"@type":"ListItem","position":3,"name":"Audran Lightening Primrose Oil 200 ml"}]},{"@type":"WebSite","@id":"https:\/\/www.cosmetics-ebene.com\/en\/#website","url":"https:\/\/www.cosmetics-ebene.com\/en\/","name":"Sessi","description":"Produits de beaut\u00e9 pour peau noires et m\u00e9tiss\u00e9","publisher":{"@id":"https:\/\/www.cosmetics-ebene.com\/en\/#organization"},"potentialAction":[{"@type":"SearchAction","target":{"@type":"EntryPoint","urlTemplate":"https:\/\/www.cosmetics-ebene.com\/en\/?s={search_term_string}"},"query-input":{"@type":"PropertyValueSpecification","valueRequired":true,"valueName":"search_term_string"}}],"inLanguage":"en-US"},{"@type":"Organization","@id":"https:\/\/www.cosmetics-ebene.com\/en\/#organization","name":"Sessi","url":"https:\/\/www.cosmetics-ebene.com\/en\/","logo":{"@type":"ImageObject","inLanguage":"en-US","@id":"https:\/\/www.cosmetics-ebene.com\/en\/#\/schema\/logo\/image\/","url":"https:\/\/www.cosmetics-ebene.com\/wp-content\/uploads\/2024\/09\/cosmetics-ebene-logo-1-e1727351533275.png","contentUrl":"https:\/\/www.cosmetics-ebene.com\/wp-content\/uploads\/2024\/09\/cosmetics-ebene-logo-1-e1727351533275.png","width":350,"height":69,"caption":"Sessi"},"image":{"@id":"https:\/\/www.cosmetics-ebene.com\/en\/#\/schema\/logo\/image\/"}}]}},"_links":{"self":[{"href":"https:\/\/www.cosmetics-ebene.com\/en\/wp-json\/wp\/v2\/product\/10406","targetHints":{"allow":["GET"]}}],"collection":[{"href":"https:\/\/www.cosmetics-ebene.com\/en\/wp-json\/wp\/v2\/product"}],"about":[{"href":"https:\/\/www.cosmetics-ebene.com\/en\/wp-json\/wp\/v2\/types\/product"}],"replies":[{"embeddable":true,"href":"https:\/\/www.cosmetics-ebene.com\/en\/wp-json\/wp\/v2\/comments?post=10406"}],"version-history":[{"count":0,"href":"https:\/\/www.cosmetics-ebene.com\/en\/wp-json\/wp\/v2\/product\/10406\/revisions"}],"wp:featuredmedia":[{"embeddable":true,"href":"https:\/\/www.cosmetics-ebene.com\/en\/wp-json\/wp\/v2\/media\/10404"}],"wp:attachment":[{"href":"https:\/\/www.cosmetics-ebene.com\/en\/wp-json\/wp\/v2\/media?parent=10406"}],"wp:term":[{"taxonomy":"product_brand","embeddable":true,"href":"https:\/\/www.cosmetics-ebene.com\/en\/wp-json\/wp\/v2\/product_brand?post=10406"},{"taxonomy":"product_cat","embeddable":true,"href":"https:\/\/www.cosmetics-ebene.com\/en\/wp-json\/wp\/v2\/product_cat?post=10406"},{"taxonomy":"product_tag","embeddable":true,"href":"https:\/\/www.cosmetics-ebene.com\/en\/wp-json\/wp\/v2\/product_tag?post=10406"}],"curies":[{"name":"wp","href":"https:\/\/api.w.org\/{rel}","templated":true}]}}