{"id":10412,"date":"2021-07-05T12:23:14","date_gmt":"2021-07-05T12:23:14","guid":{"rendered":"https:\/\/preprod.cosmetics-ebene.com\/?product=audran-glycerine-eclaircissante-a-leau-de-rose-200-ml"},"modified":"2022-04-08T10:29:47","modified_gmt":"2022-04-08T10:29:47","slug":"audran-glycerine-eclaircissante-a-leau-de-rose-200-ml","status":"publish","type":"product","link":"https:\/\/www.cosmetics-ebene.com\/en\/product\/audran-glycerine-eclaircissante-a-leau-de-rose-200-ml\/","title":{"rendered":"Audran Lightening Glycerin with Rose Water 200 ml"},"content":{"rendered":"<ul>\n<li>\n<h2><img decoding=\"async\" src=\"https:\/\/www.cosmetics-ebene.com\/wp-content\/uploads\/content\/icon1.jpg\" alt=\"\" height=\"73\" width=\"69\" \/>\u00c9labor\u00e9 et mis au point par des sp\u00e9cialistes en cosm\u00e9tologie<\/h2>\n<h4>AUDRAN a mis au point une glyc\u00e9rine \u00e9claircissante in\u00e9dite \u00e0 l\u2019eau de Rose. L\u2019eau de Rose est depuis toujours utilis\u00e9e pour ses vertus r\u00e9g\u00e9n\u00e9rantes et antibact\u00e9riennes, en l\u2019associant \u00e0 une glyc\u00e9rine rigoureusement s\u00e9lectionn\u00e9e et \u00e0 un actif \u00e9claircissant naturel on obtient la merveilleuse glyc\u00e9rine \u00e9claircissante AUDRAN \u00e0 l\u2019eau de Rose. AUDRAN glyc\u00e9rine \u00e9claircissante \u00e0 l\u2019eau de Rose riche en antioxydant contribuera \u00e0 repousser le vieillissement de votre peau et \u00e0 illuminer votre teint. Elle lissera et revitalisera votre peau tout en r\u00e9duisant les rides et les ridules de votre visage.<\/h4>\n<\/li>\n<\/ul>\n<ul>\n<li>\n<h4><\/h4>\n<h2><img decoding=\"async\" src=\"https:\/\/www.cosmetics-ebene.com\/wp-content\/uploads\/content\/icon2.jpg\" alt=\"\" height=\"73\" width=\"69\" \/>Conseils d\u2019utilisations :<\/h2>\n<p>Utiliser la 1 \u00e0 2 fois par jour sur la peau et dans les cheveux. \u00c9viter le contact avec les yeux. En cas d\u2019irritation cessez l\u2019usage. Ne pas utiliser chez les enfants de moins de 12 ans. Usage externe uniquement<\/p>\n<h2><img decoding=\"async\" src=\"https:\/\/www.cosmetics-ebene.com\/wp-content\/uploads\/content\/icon3.jpg\" alt=\"\" height=\"73\" width=\"69\" \/>Composition :<\/h2>\n<\/li>\n<\/ul>\n<p>\u00a0Glycerin, Propylene Glycol, Cabbage Rose (Rosa Centifolia) Water, Aqua (Water), Propylene Glycol, Morus Alba (Mulberry) Leaf Extract, Citrus Limonum (Lemon) Fruit Extract, Potassium Sorbate, Sodium Benzoate, Phenoxyethanol, Parfum (Fragrance), Ethylhexylglycerin, Coumarin, Eugenol, Alpha-isomethyl Ionone, G\u00e9raniol, Hydroxycitronellal, Linalool.<\/p>\n","protected":false},"excerpt":{"rendered":"<p>\u00c9labor\u00e9 et mis au point par des sp\u00e9cialistes en cosm\u00e9tologie AUDRAN a mis au point une glyc\u00e9rine \u00e9claircissante in\u00e9dite \u00e0 l\u2019eau de Rose. L\u2019eau de Rose est depuis toujours utilis\u00e9e pour ses vertus r\u00e9g\u00e9n\u00e9rantes et antibact\u00e9riennes, en l\u2019associant \u00e0 une glyc\u00e9rine rigoureusement s\u00e9lectionn\u00e9e et \u00e0 un actif \u00e9claircissant naturel on obtient la merveilleuse glyc\u00e9rine \u00e9claircissante &hellip; <a href=\"https:\/\/www.cosmetics-ebene.com\/en\/product\/audran-glycerine-eclaircissante-a-leau-de-rose-200-ml\/\" class=\"more-link\">Continue reading <span class=\"screen-reader-text\">Audran Lightening Glycerin with Rose Water 200 ml<\/span><\/a><\/p>\n","protected":false},"featured_media":10410,"comment_status":"open","ping_status":"closed","template":"","meta":[],"product_brand":[],"product_cat":[304],"product_tag":[],"class_list":{"0":"post-10412","1":"product","2":"type-product","3":"status-publish","4":"has-post-thumbnail","6":"product_cat-audran-en","9":"instock","10":"taxable","11":"shipping-taxable","12":"purchasable","13":"product-type-simple"},"yoast_head":"<!-- This site is optimized with the Yoast SEO plugin v27.3 - https:\/\/yoast.com\/product\/yoast-seo-wordpress\/ -->\n<title>Audran Lightening Glycerin with Rose Water 200 ml - Sessi<\/title>\n<meta name=\"robots\" content=\"index, follow, max-snippet:-1, max-image-preview:large, max-video-preview:-1\" \/>\n<link rel=\"canonical\" href=\"https:\/\/www.cosmetics-ebene.com\/en\/product\/audran-glycerine-eclaircissante-a-leau-de-rose-200-ml\/\" \/>\n<meta property=\"og:locale\" content=\"en_US\" \/>\n<meta property=\"og:type\" content=\"article\" \/>\n<meta property=\"og:title\" content=\"Audran Lightening Glycerin with Rose Water 200 ml - Sessi\" \/>\n<meta property=\"og:description\" content=\"\u00c9labor\u00e9 et mis au point par des sp\u00e9cialistes en cosm\u00e9tologie AUDRAN a mis au point une glyc\u00e9rine \u00e9claircissante in\u00e9dite \u00e0 l\u2019eau de Rose. L\u2019eau de Rose est depuis toujours utilis\u00e9e pour ses vertus r\u00e9g\u00e9n\u00e9rantes et antibact\u00e9riennes, en l\u2019associant \u00e0 une glyc\u00e9rine rigoureusement s\u00e9lectionn\u00e9e et \u00e0 un actif \u00e9claircissant naturel on obtient la merveilleuse glyc\u00e9rine \u00e9claircissante &hellip; Continue reading Audran Lightening Glycerin with Rose Water 200 ml\" \/>\n<meta property=\"og:url\" content=\"https:\/\/www.cosmetics-ebene.com\/en\/product\/audran-glycerine-eclaircissante-a-leau-de-rose-200-ml\/\" \/>\n<meta property=\"og:site_name\" content=\"Sessi\" \/>\n<meta property=\"article:modified_time\" content=\"2022-04-08T10:29:47+00:00\" \/>\n<meta property=\"og:image\" content=\"https:\/\/www.cosmetics-ebene.com\/wp-content\/uploads\/2024\/09\/643.jpg\" \/>\n\t<meta property=\"og:image:width\" content=\"1200\" \/>\n\t<meta property=\"og:image:height\" content=\"1800\" \/>\n\t<meta property=\"og:image:type\" content=\"image\/jpeg\" \/>\n<meta name=\"twitter:card\" content=\"summary_large_image\" \/>\n<meta name=\"twitter:label1\" content=\"Est. reading time\" \/>\n\t<meta name=\"twitter:data1\" content=\"1 minute\" \/>\n<script type=\"application\/ld+json\" class=\"yoast-schema-graph\">{\"@context\":\"https:\\\/\\\/schema.org\",\"@graph\":[{\"@type\":\"WebPage\",\"@id\":\"https:\\\/\\\/www.cosmetics-ebene.com\\\/en\\\/product\\\/audran-glycerine-eclaircissante-a-leau-de-rose-200-ml\\\/\",\"url\":\"https:\\\/\\\/www.cosmetics-ebene.com\\\/en\\\/product\\\/audran-glycerine-eclaircissante-a-leau-de-rose-200-ml\\\/\",\"name\":\"Audran Lightening Glycerin with Rose Water 200 ml - Sessi\",\"isPartOf\":{\"@id\":\"https:\\\/\\\/www.cosmetics-ebene.com\\\/en\\\/#website\"},\"primaryImageOfPage\":{\"@id\":\"https:\\\/\\\/www.cosmetics-ebene.com\\\/en\\\/product\\\/audran-glycerine-eclaircissante-a-leau-de-rose-200-ml\\\/#primaryimage\"},\"image\":{\"@id\":\"https:\\\/\\\/www.cosmetics-ebene.com\\\/en\\\/product\\\/audran-glycerine-eclaircissante-a-leau-de-rose-200-ml\\\/#primaryimage\"},\"thumbnailUrl\":\"https:\\\/\\\/www.cosmetics-ebene.com\\\/wp-content\\\/uploads\\\/2024\\\/09\\\/643.jpg\",\"datePublished\":\"2021-07-05T12:23:14+00:00\",\"dateModified\":\"2022-04-08T10:29:47+00:00\",\"breadcrumb\":{\"@id\":\"https:\\\/\\\/www.cosmetics-ebene.com\\\/en\\\/product\\\/audran-glycerine-eclaircissante-a-leau-de-rose-200-ml\\\/#breadcrumb\"},\"inLanguage\":\"en-US\",\"potentialAction\":[{\"@type\":\"ReadAction\",\"target\":[\"https:\\\/\\\/www.cosmetics-ebene.com\\\/en\\\/product\\\/audran-glycerine-eclaircissante-a-leau-de-rose-200-ml\\\/\"]}]},{\"@type\":\"ImageObject\",\"inLanguage\":\"en-US\",\"@id\":\"https:\\\/\\\/www.cosmetics-ebene.com\\\/en\\\/product\\\/audran-glycerine-eclaircissante-a-leau-de-rose-200-ml\\\/#primaryimage\",\"url\":\"https:\\\/\\\/www.cosmetics-ebene.com\\\/wp-content\\\/uploads\\\/2024\\\/09\\\/643.jpg\",\"contentUrl\":\"https:\\\/\\\/www.cosmetics-ebene.com\\\/wp-content\\\/uploads\\\/2024\\\/09\\\/643.jpg\",\"width\":1200,\"height\":1800,\"caption\":\"Audran Glyc\u00e9rine \u00c9CLAIRCISSANTE \u00c0 L\u2019EAU DE ROSE 200 ml\"},{\"@type\":\"BreadcrumbList\",\"@id\":\"https:\\\/\\\/www.cosmetics-ebene.com\\\/en\\\/product\\\/audran-glycerine-eclaircissante-a-leau-de-rose-200-ml\\\/#breadcrumb\",\"itemListElement\":[{\"@type\":\"ListItem\",\"position\":1,\"name\":\"Home\",\"item\":\"https:\\\/\\\/www.cosmetics-ebene.com\\\/en\\\/\"},{\"@type\":\"ListItem\",\"position\":2,\"name\":\"Shop\",\"item\":\"https:\\\/\\\/www.cosmetics-ebene.com\\\/shop\\\/\"},{\"@type\":\"ListItem\",\"position\":3,\"name\":\"Audran Lightening Glycerin with Rose Water 200 ml\"}]},{\"@type\":\"WebSite\",\"@id\":\"https:\\\/\\\/www.cosmetics-ebene.com\\\/en\\\/#website\",\"url\":\"https:\\\/\\\/www.cosmetics-ebene.com\\\/en\\\/\",\"name\":\"Sessi\",\"description\":\"Produits de beaut\u00e9 pour peau noires et m\u00e9tiss\u00e9\",\"publisher\":{\"@id\":\"https:\\\/\\\/www.cosmetics-ebene.com\\\/en\\\/#organization\"},\"potentialAction\":[{\"@type\":\"SearchAction\",\"target\":{\"@type\":\"EntryPoint\",\"urlTemplate\":\"https:\\\/\\\/www.cosmetics-ebene.com\\\/en\\\/?s={search_term_string}\"},\"query-input\":{\"@type\":\"PropertyValueSpecification\",\"valueRequired\":true,\"valueName\":\"search_term_string\"}}],\"inLanguage\":\"en-US\"},{\"@type\":\"Organization\",\"@id\":\"https:\\\/\\\/www.cosmetics-ebene.com\\\/en\\\/#organization\",\"name\":\"Sessi\",\"url\":\"https:\\\/\\\/www.cosmetics-ebene.com\\\/en\\\/\",\"logo\":{\"@type\":\"ImageObject\",\"inLanguage\":\"en-US\",\"@id\":\"https:\\\/\\\/www.cosmetics-ebene.com\\\/en\\\/#\\\/schema\\\/logo\\\/image\\\/\",\"url\":\"https:\\\/\\\/www.cosmetics-ebene.com\\\/wp-content\\\/uploads\\\/2024\\\/09\\\/cosmetics-ebene-logo-1-e1727351533275.png\",\"contentUrl\":\"https:\\\/\\\/www.cosmetics-ebene.com\\\/wp-content\\\/uploads\\\/2024\\\/09\\\/cosmetics-ebene-logo-1-e1727351533275.png\",\"width\":350,\"height\":69,\"caption\":\"Sessi\"},\"image\":{\"@id\":\"https:\\\/\\\/www.cosmetics-ebene.com\\\/en\\\/#\\\/schema\\\/logo\\\/image\\\/\"}}]}<\/script>\n<!-- \/ Yoast SEO plugin. -->","yoast_head_json":{"title":"Audran Lightening Glycerin with Rose Water 200 ml - Sessi","robots":{"index":"index","follow":"follow","max-snippet":"max-snippet:-1","max-image-preview":"max-image-preview:large","max-video-preview":"max-video-preview:-1"},"canonical":"https:\/\/www.cosmetics-ebene.com\/en\/product\/audran-glycerine-eclaircissante-a-leau-de-rose-200-ml\/","og_locale":"en_US","og_type":"article","og_title":"Audran Lightening Glycerin with Rose Water 200 ml - Sessi","og_description":"\u00c9labor\u00e9 et mis au point par des sp\u00e9cialistes en cosm\u00e9tologie AUDRAN a mis au point une glyc\u00e9rine \u00e9claircissante in\u00e9dite \u00e0 l\u2019eau de Rose. L\u2019eau de Rose est depuis toujours utilis\u00e9e pour ses vertus r\u00e9g\u00e9n\u00e9rantes et antibact\u00e9riennes, en l\u2019associant \u00e0 une glyc\u00e9rine rigoureusement s\u00e9lectionn\u00e9e et \u00e0 un actif \u00e9claircissant naturel on obtient la merveilleuse glyc\u00e9rine \u00e9claircissante &hellip; Continue reading Audran Lightening Glycerin with Rose Water 200 ml","og_url":"https:\/\/www.cosmetics-ebene.com\/en\/product\/audran-glycerine-eclaircissante-a-leau-de-rose-200-ml\/","og_site_name":"Sessi","article_modified_time":"2022-04-08T10:29:47+00:00","og_image":[{"width":1200,"height":1800,"url":"https:\/\/www.cosmetics-ebene.com\/wp-content\/uploads\/2024\/09\/643.jpg","type":"image\/jpeg"}],"twitter_card":"summary_large_image","twitter_misc":{"Est. reading time":"1 minute"},"schema":{"@context":"https:\/\/schema.org","@graph":[{"@type":"WebPage","@id":"https:\/\/www.cosmetics-ebene.com\/en\/product\/audran-glycerine-eclaircissante-a-leau-de-rose-200-ml\/","url":"https:\/\/www.cosmetics-ebene.com\/en\/product\/audran-glycerine-eclaircissante-a-leau-de-rose-200-ml\/","name":"Audran Lightening Glycerin with Rose Water 200 ml - Sessi","isPartOf":{"@id":"https:\/\/www.cosmetics-ebene.com\/en\/#website"},"primaryImageOfPage":{"@id":"https:\/\/www.cosmetics-ebene.com\/en\/product\/audran-glycerine-eclaircissante-a-leau-de-rose-200-ml\/#primaryimage"},"image":{"@id":"https:\/\/www.cosmetics-ebene.com\/en\/product\/audran-glycerine-eclaircissante-a-leau-de-rose-200-ml\/#primaryimage"},"thumbnailUrl":"https:\/\/www.cosmetics-ebene.com\/wp-content\/uploads\/2024\/09\/643.jpg","datePublished":"2021-07-05T12:23:14+00:00","dateModified":"2022-04-08T10:29:47+00:00","breadcrumb":{"@id":"https:\/\/www.cosmetics-ebene.com\/en\/product\/audran-glycerine-eclaircissante-a-leau-de-rose-200-ml\/#breadcrumb"},"inLanguage":"en-US","potentialAction":[{"@type":"ReadAction","target":["https:\/\/www.cosmetics-ebene.com\/en\/product\/audran-glycerine-eclaircissante-a-leau-de-rose-200-ml\/"]}]},{"@type":"ImageObject","inLanguage":"en-US","@id":"https:\/\/www.cosmetics-ebene.com\/en\/product\/audran-glycerine-eclaircissante-a-leau-de-rose-200-ml\/#primaryimage","url":"https:\/\/www.cosmetics-ebene.com\/wp-content\/uploads\/2024\/09\/643.jpg","contentUrl":"https:\/\/www.cosmetics-ebene.com\/wp-content\/uploads\/2024\/09\/643.jpg","width":1200,"height":1800,"caption":"Audran Glyc\u00e9rine \u00c9CLAIRCISSANTE \u00c0 L\u2019EAU DE ROSE 200 ml"},{"@type":"BreadcrumbList","@id":"https:\/\/www.cosmetics-ebene.com\/en\/product\/audran-glycerine-eclaircissante-a-leau-de-rose-200-ml\/#breadcrumb","itemListElement":[{"@type":"ListItem","position":1,"name":"Home","item":"https:\/\/www.cosmetics-ebene.com\/en\/"},{"@type":"ListItem","position":2,"name":"Shop","item":"https:\/\/www.cosmetics-ebene.com\/shop\/"},{"@type":"ListItem","position":3,"name":"Audran Lightening Glycerin with Rose Water 200 ml"}]},{"@type":"WebSite","@id":"https:\/\/www.cosmetics-ebene.com\/en\/#website","url":"https:\/\/www.cosmetics-ebene.com\/en\/","name":"Sessi","description":"Produits de beaut\u00e9 pour peau noires et m\u00e9tiss\u00e9","publisher":{"@id":"https:\/\/www.cosmetics-ebene.com\/en\/#organization"},"potentialAction":[{"@type":"SearchAction","target":{"@type":"EntryPoint","urlTemplate":"https:\/\/www.cosmetics-ebene.com\/en\/?s={search_term_string}"},"query-input":{"@type":"PropertyValueSpecification","valueRequired":true,"valueName":"search_term_string"}}],"inLanguage":"en-US"},{"@type":"Organization","@id":"https:\/\/www.cosmetics-ebene.com\/en\/#organization","name":"Sessi","url":"https:\/\/www.cosmetics-ebene.com\/en\/","logo":{"@type":"ImageObject","inLanguage":"en-US","@id":"https:\/\/www.cosmetics-ebene.com\/en\/#\/schema\/logo\/image\/","url":"https:\/\/www.cosmetics-ebene.com\/wp-content\/uploads\/2024\/09\/cosmetics-ebene-logo-1-e1727351533275.png","contentUrl":"https:\/\/www.cosmetics-ebene.com\/wp-content\/uploads\/2024\/09\/cosmetics-ebene-logo-1-e1727351533275.png","width":350,"height":69,"caption":"Sessi"},"image":{"@id":"https:\/\/www.cosmetics-ebene.com\/en\/#\/schema\/logo\/image\/"}}]}},"_links":{"self":[{"href":"https:\/\/www.cosmetics-ebene.com\/en\/wp-json\/wp\/v2\/product\/10412","targetHints":{"allow":["GET"]}}],"collection":[{"href":"https:\/\/www.cosmetics-ebene.com\/en\/wp-json\/wp\/v2\/product"}],"about":[{"href":"https:\/\/www.cosmetics-ebene.com\/en\/wp-json\/wp\/v2\/types\/product"}],"replies":[{"embeddable":true,"href":"https:\/\/www.cosmetics-ebene.com\/en\/wp-json\/wp\/v2\/comments?post=10412"}],"version-history":[{"count":0,"href":"https:\/\/www.cosmetics-ebene.com\/en\/wp-json\/wp\/v2\/product\/10412\/revisions"}],"wp:featuredmedia":[{"embeddable":true,"href":"https:\/\/www.cosmetics-ebene.com\/en\/wp-json\/wp\/v2\/media\/10410"}],"wp:attachment":[{"href":"https:\/\/www.cosmetics-ebene.com\/en\/wp-json\/wp\/v2\/media?parent=10412"}],"wp:term":[{"taxonomy":"product_brand","embeddable":true,"href":"https:\/\/www.cosmetics-ebene.com\/en\/wp-json\/wp\/v2\/product_brand?post=10412"},{"taxonomy":"product_cat","embeddable":true,"href":"https:\/\/www.cosmetics-ebene.com\/en\/wp-json\/wp\/v2\/product_cat?post=10412"},{"taxonomy":"product_tag","embeddable":true,"href":"https:\/\/www.cosmetics-ebene.com\/en\/wp-json\/wp\/v2\/product_tag?post=10412"}],"curies":[{"name":"wp","href":"https:\/\/api.w.org\/{rel}","templated":true}]}}