{"id":10448,"date":"2022-04-08T12:39:55","date_gmt":"2022-04-08T12:39:55","guid":{"rendered":"https:\/\/preprod.cosmetics-ebene.com\/?product=uniclair-lait-royal-clarifiant-au-curcuma"},"modified":"2024-07-11T13:03:28","modified_gmt":"2024-07-11T13:03:28","slug":"uniclair-lait-royal-clarifiant-au-curcuma","status":"publish","type":"product","link":"https:\/\/www.cosmetics-ebene.com\/en\/product\/uniclair-lait-royal-clarifiant-au-curcuma\/","title":{"rendered":"UniClair Lait Royal Clarifiant au Curcuma"},"content":{"rendered":"<h2><img decoding=\"async\" src=\"https:\/\/www.cosmetics-ebene.com\/wp-content\/uploads\/content\/icon1.jpg\" alt=\"\" height=\"73\" width=\"69\" \/><span>\u00c9labor\u00e9 et mis au point par des sp\u00e9cialistes en cosm\u00e9tologie.<\/span><\/h2>\n<p>Ce lait unique r\u00e9sulte de l\u2019utilisation de l\u2019huile de Curcuma d\u00e9licatement choisie, elle lutte efficacement contre l\u2019acn\u00e9 en r\u00e9gulant la production de s\u00e9bum. De plus elle pr\u00e9vient le vieillissement de la peau gr\u00e2ce \u00e0 ses multiples propri\u00e9t\u00e9s antioxydantes, attenue l\u2019hyperpigmentation de la peau et elle am\u00e9liore le teint de la peau. Le lait Clarifiant UNI CLAIR ROYAL \u00e0 l\u2019huile de CURCUMA, avec l\u2019apport de vitamine C et la vitamine E et d\u2019un actif \u00e9claircissant, illumine et hydrate votre peau en lui donnant un \u00e9clat UNIQUE<\/p>\n<h2><img decoding=\"async\" src=\"https:\/\/www.cosmetics-ebene.com\/wp-content\/uploads\/content\/icon2.jpg\" alt=\"\" height=\"73\" width=\"69\" \/><span>Conseils d\u2019utilisations :<\/span><\/h2>\n<p>A appliquer une ou deux fois par jour sur l&#8217;ensemble de votre corps. \u00c9viter le contact avec les yeux. En cas d\u2019irritation cessez l\u2019usage. Ne pas utiliser chez les enfants de moins de 12 ans. Usage externe uniquement<\/p>\n<h2><img decoding=\"async\" src=\"https:\/\/www.cosmetics-ebene.com\/wp-content\/uploads\/content\/icon3.jpg\" alt=\"\" height=\"73\" width=\"69\" \/><span>Composition :<\/span><\/h2>\n<h5>Aqua (Water), Isopropyl Myristate, Caprylic, Capric Triglyceride, Diacetyl Boldine, Glycerin, Cetearyl Alcohol, Ceteareth-33, Butyrospermum Parkii (Shea Butter), Polyacrylamide, C13-14 Isoparaffin, Laureth-7, Cyclopentasiloxane, Cyclohexasiloxane, Phenoxyethanol, Parfum (Fragrance), Tetrasodium EDTA, Kojic Dipalmitate, Curcuma Longa Root Extract, Tocopheryl Acetate, Alcohol, Hydrogenated Phosphatidylcholine, Magnesium Ascorbyl Phosphate, Helianthus Annuus (Sunflower) Seed Oil, Arctostaphylos Uva Ursi (Bearberry) Leaf Extract, Citrus Limonum (Lemon) Fruit Extract, Glycyrrhiza Glabra (Licorice) Root Extract, Ethylhexylglycerin, Lactic Acid, Amyl cinnamal, Benzyl Salicylate, Citronellol, Coumarin, Eugenol, Alpha-isomethyl Ionone, G\u00e9raniol, Linalool.<\/h5>\n","protected":false},"excerpt":{"rendered":"<p>\u00c9labor\u00e9 et mis au point par des sp\u00e9cialistes en cosm\u00e9tologie. Ce lait unique r\u00e9sulte de l\u2019utilisation de l\u2019huile de Curcuma d\u00e9licatement choisie, elle lutte efficacement contre l\u2019acn\u00e9 en r\u00e9gulant la production de s\u00e9bum. De plus elle pr\u00e9vient le vieillissement de la peau gr\u00e2ce \u00e0 ses multiples propri\u00e9t\u00e9s antioxydantes, attenue l\u2019hyperpigmentation de la peau et elle &hellip; <a href=\"https:\/\/www.cosmetics-ebene.com\/en\/product\/uniclair-lait-royal-clarifiant-au-curcuma\/\" class=\"more-link\">Continue reading <span class=\"screen-reader-text\">UniClair Lait Royal Clarifiant au Curcuma<\/span><\/a><\/p>\n","protected":false},"featured_media":10446,"comment_status":"open","ping_status":"closed","template":"","meta":[],"product_brand":[],"product_cat":[374,306,412],"product_tag":[],"class_list":{"0":"post-10448","1":"product","2":"type-product","3":"status-publish","4":"has-post-thumbnail","6":"product_cat-lightening-and-clarifying","7":"product_cat-uniclair-en","8":"product_cat-vente-flash-en","11":"instock","12":"taxable","13":"shipping-taxable","14":"purchasable","15":"product-type-simple"},"yoast_head":"<!-- This site is optimized with the Yoast SEO plugin v27.3 - https:\/\/yoast.com\/product\/yoast-seo-wordpress\/ -->\n<title>UniClair Lait Royal Clarifiant au Curcuma - Sessi<\/title>\n<meta name=\"robots\" content=\"index, follow, max-snippet:-1, max-image-preview:large, max-video-preview:-1\" \/>\n<link rel=\"canonical\" href=\"https:\/\/www.cosmetics-ebene.com\/en\/product\/uniclair-lait-royal-clarifiant-au-curcuma\/\" \/>\n<meta property=\"og:locale\" content=\"en_US\" \/>\n<meta property=\"og:type\" content=\"article\" \/>\n<meta property=\"og:title\" content=\"UniClair Lait Royal Clarifiant au Curcuma - Sessi\" \/>\n<meta property=\"og:description\" content=\"\u00c9labor\u00e9 et mis au point par des sp\u00e9cialistes en cosm\u00e9tologie. Ce lait unique r\u00e9sulte de l\u2019utilisation de l\u2019huile de Curcuma d\u00e9licatement choisie, elle lutte efficacement contre l\u2019acn\u00e9 en r\u00e9gulant la production de s\u00e9bum. De plus elle pr\u00e9vient le vieillissement de la peau gr\u00e2ce \u00e0 ses multiples propri\u00e9t\u00e9s antioxydantes, attenue l\u2019hyperpigmentation de la peau et elle &hellip; Continue reading UniClair Lait Royal Clarifiant au Curcuma\" \/>\n<meta property=\"og:url\" content=\"https:\/\/www.cosmetics-ebene.com\/en\/product\/uniclair-lait-royal-clarifiant-au-curcuma\/\" \/>\n<meta property=\"og:site_name\" content=\"Sessi\" \/>\n<meta property=\"article:modified_time\" content=\"2024-07-11T13:03:28+00:00\" \/>\n<meta property=\"og:image\" content=\"https:\/\/www.cosmetics-ebene.com\/wp-content\/uploads\/2024\/09\/673.jpg\" \/>\n\t<meta property=\"og:image:width\" content=\"474\" \/>\n\t<meta property=\"og:image:height\" content=\"678\" \/>\n\t<meta property=\"og:image:type\" content=\"image\/jpeg\" \/>\n<meta name=\"twitter:card\" content=\"summary_large_image\" \/>\n<meta name=\"twitter:label1\" content=\"Est. reading time\" \/>\n\t<meta name=\"twitter:data1\" content=\"1 minute\" \/>\n<script type=\"application\/ld+json\" class=\"yoast-schema-graph\">{\"@context\":\"https:\\\/\\\/schema.org\",\"@graph\":[{\"@type\":\"WebPage\",\"@id\":\"https:\\\/\\\/www.cosmetics-ebene.com\\\/en\\\/product\\\/uniclair-lait-royal-clarifiant-au-curcuma\\\/\",\"url\":\"https:\\\/\\\/www.cosmetics-ebene.com\\\/en\\\/product\\\/uniclair-lait-royal-clarifiant-au-curcuma\\\/\",\"name\":\"UniClair Lait Royal Clarifiant au Curcuma - Sessi\",\"isPartOf\":{\"@id\":\"https:\\\/\\\/www.cosmetics-ebene.com\\\/en\\\/#website\"},\"primaryImageOfPage\":{\"@id\":\"https:\\\/\\\/www.cosmetics-ebene.com\\\/en\\\/product\\\/uniclair-lait-royal-clarifiant-au-curcuma\\\/#primaryimage\"},\"image\":{\"@id\":\"https:\\\/\\\/www.cosmetics-ebene.com\\\/en\\\/product\\\/uniclair-lait-royal-clarifiant-au-curcuma\\\/#primaryimage\"},\"thumbnailUrl\":\"https:\\\/\\\/www.cosmetics-ebene.com\\\/wp-content\\\/uploads\\\/2024\\\/09\\\/673.jpg\",\"datePublished\":\"2022-04-08T12:39:55+00:00\",\"dateModified\":\"2024-07-11T13:03:28+00:00\",\"breadcrumb\":{\"@id\":\"https:\\\/\\\/www.cosmetics-ebene.com\\\/en\\\/product\\\/uniclair-lait-royal-clarifiant-au-curcuma\\\/#breadcrumb\"},\"inLanguage\":\"en-US\",\"potentialAction\":[{\"@type\":\"ReadAction\",\"target\":[\"https:\\\/\\\/www.cosmetics-ebene.com\\\/en\\\/product\\\/uniclair-lait-royal-clarifiant-au-curcuma\\\/\"]}]},{\"@type\":\"ImageObject\",\"inLanguage\":\"en-US\",\"@id\":\"https:\\\/\\\/www.cosmetics-ebene.com\\\/en\\\/product\\\/uniclair-lait-royal-clarifiant-au-curcuma\\\/#primaryimage\",\"url\":\"https:\\\/\\\/www.cosmetics-ebene.com\\\/wp-content\\\/uploads\\\/2024\\\/09\\\/673.jpg\",\"contentUrl\":\"https:\\\/\\\/www.cosmetics-ebene.com\\\/wp-content\\\/uploads\\\/2024\\\/09\\\/673.jpg\",\"width\":474,\"height\":678,\"caption\":\"UniClair Lait Royal Clarifiant au Curcuma\"},{\"@type\":\"BreadcrumbList\",\"@id\":\"https:\\\/\\\/www.cosmetics-ebene.com\\\/en\\\/product\\\/uniclair-lait-royal-clarifiant-au-curcuma\\\/#breadcrumb\",\"itemListElement\":[{\"@type\":\"ListItem\",\"position\":1,\"name\":\"Home\",\"item\":\"https:\\\/\\\/www.cosmetics-ebene.com\\\/en\\\/\"},{\"@type\":\"ListItem\",\"position\":2,\"name\":\"Shop\",\"item\":\"https:\\\/\\\/www.cosmetics-ebene.com\\\/shop\\\/\"},{\"@type\":\"ListItem\",\"position\":3,\"name\":\"UniClair Lait Royal Clarifiant au Curcuma\"}]},{\"@type\":\"WebSite\",\"@id\":\"https:\\\/\\\/www.cosmetics-ebene.com\\\/en\\\/#website\",\"url\":\"https:\\\/\\\/www.cosmetics-ebene.com\\\/en\\\/\",\"name\":\"Sessi\",\"description\":\"Produits de beaut\u00e9 pour peau noires et m\u00e9tiss\u00e9\",\"publisher\":{\"@id\":\"https:\\\/\\\/www.cosmetics-ebene.com\\\/en\\\/#organization\"},\"potentialAction\":[{\"@type\":\"SearchAction\",\"target\":{\"@type\":\"EntryPoint\",\"urlTemplate\":\"https:\\\/\\\/www.cosmetics-ebene.com\\\/en\\\/?s={search_term_string}\"},\"query-input\":{\"@type\":\"PropertyValueSpecification\",\"valueRequired\":true,\"valueName\":\"search_term_string\"}}],\"inLanguage\":\"en-US\"},{\"@type\":\"Organization\",\"@id\":\"https:\\\/\\\/www.cosmetics-ebene.com\\\/en\\\/#organization\",\"name\":\"Sessi\",\"url\":\"https:\\\/\\\/www.cosmetics-ebene.com\\\/en\\\/\",\"logo\":{\"@type\":\"ImageObject\",\"inLanguage\":\"en-US\",\"@id\":\"https:\\\/\\\/www.cosmetics-ebene.com\\\/en\\\/#\\\/schema\\\/logo\\\/image\\\/\",\"url\":\"https:\\\/\\\/www.cosmetics-ebene.com\\\/wp-content\\\/uploads\\\/2024\\\/09\\\/cosmetics-ebene-logo-1-e1727351533275.png\",\"contentUrl\":\"https:\\\/\\\/www.cosmetics-ebene.com\\\/wp-content\\\/uploads\\\/2024\\\/09\\\/cosmetics-ebene-logo-1-e1727351533275.png\",\"width\":350,\"height\":69,\"caption\":\"Sessi\"},\"image\":{\"@id\":\"https:\\\/\\\/www.cosmetics-ebene.com\\\/en\\\/#\\\/schema\\\/logo\\\/image\\\/\"}}]}<\/script>\n<!-- \/ Yoast SEO plugin. -->","yoast_head_json":{"title":"UniClair Lait Royal Clarifiant au Curcuma - Sessi","robots":{"index":"index","follow":"follow","max-snippet":"max-snippet:-1","max-image-preview":"max-image-preview:large","max-video-preview":"max-video-preview:-1"},"canonical":"https:\/\/www.cosmetics-ebene.com\/en\/product\/uniclair-lait-royal-clarifiant-au-curcuma\/","og_locale":"en_US","og_type":"article","og_title":"UniClair Lait Royal Clarifiant au Curcuma - Sessi","og_description":"\u00c9labor\u00e9 et mis au point par des sp\u00e9cialistes en cosm\u00e9tologie. Ce lait unique r\u00e9sulte de l\u2019utilisation de l\u2019huile de Curcuma d\u00e9licatement choisie, elle lutte efficacement contre l\u2019acn\u00e9 en r\u00e9gulant la production de s\u00e9bum. De plus elle pr\u00e9vient le vieillissement de la peau gr\u00e2ce \u00e0 ses multiples propri\u00e9t\u00e9s antioxydantes, attenue l\u2019hyperpigmentation de la peau et elle &hellip; Continue reading UniClair Lait Royal Clarifiant au Curcuma","og_url":"https:\/\/www.cosmetics-ebene.com\/en\/product\/uniclair-lait-royal-clarifiant-au-curcuma\/","og_site_name":"Sessi","article_modified_time":"2024-07-11T13:03:28+00:00","og_image":[{"width":474,"height":678,"url":"https:\/\/www.cosmetics-ebene.com\/wp-content\/uploads\/2024\/09\/673.jpg","type":"image\/jpeg"}],"twitter_card":"summary_large_image","twitter_misc":{"Est. reading time":"1 minute"},"schema":{"@context":"https:\/\/schema.org","@graph":[{"@type":"WebPage","@id":"https:\/\/www.cosmetics-ebene.com\/en\/product\/uniclair-lait-royal-clarifiant-au-curcuma\/","url":"https:\/\/www.cosmetics-ebene.com\/en\/product\/uniclair-lait-royal-clarifiant-au-curcuma\/","name":"UniClair Lait Royal Clarifiant au Curcuma - Sessi","isPartOf":{"@id":"https:\/\/www.cosmetics-ebene.com\/en\/#website"},"primaryImageOfPage":{"@id":"https:\/\/www.cosmetics-ebene.com\/en\/product\/uniclair-lait-royal-clarifiant-au-curcuma\/#primaryimage"},"image":{"@id":"https:\/\/www.cosmetics-ebene.com\/en\/product\/uniclair-lait-royal-clarifiant-au-curcuma\/#primaryimage"},"thumbnailUrl":"https:\/\/www.cosmetics-ebene.com\/wp-content\/uploads\/2024\/09\/673.jpg","datePublished":"2022-04-08T12:39:55+00:00","dateModified":"2024-07-11T13:03:28+00:00","breadcrumb":{"@id":"https:\/\/www.cosmetics-ebene.com\/en\/product\/uniclair-lait-royal-clarifiant-au-curcuma\/#breadcrumb"},"inLanguage":"en-US","potentialAction":[{"@type":"ReadAction","target":["https:\/\/www.cosmetics-ebene.com\/en\/product\/uniclair-lait-royal-clarifiant-au-curcuma\/"]}]},{"@type":"ImageObject","inLanguage":"en-US","@id":"https:\/\/www.cosmetics-ebene.com\/en\/product\/uniclair-lait-royal-clarifiant-au-curcuma\/#primaryimage","url":"https:\/\/www.cosmetics-ebene.com\/wp-content\/uploads\/2024\/09\/673.jpg","contentUrl":"https:\/\/www.cosmetics-ebene.com\/wp-content\/uploads\/2024\/09\/673.jpg","width":474,"height":678,"caption":"UniClair Lait Royal Clarifiant au Curcuma"},{"@type":"BreadcrumbList","@id":"https:\/\/www.cosmetics-ebene.com\/en\/product\/uniclair-lait-royal-clarifiant-au-curcuma\/#breadcrumb","itemListElement":[{"@type":"ListItem","position":1,"name":"Home","item":"https:\/\/www.cosmetics-ebene.com\/en\/"},{"@type":"ListItem","position":2,"name":"Shop","item":"https:\/\/www.cosmetics-ebene.com\/shop\/"},{"@type":"ListItem","position":3,"name":"UniClair Lait Royal Clarifiant au Curcuma"}]},{"@type":"WebSite","@id":"https:\/\/www.cosmetics-ebene.com\/en\/#website","url":"https:\/\/www.cosmetics-ebene.com\/en\/","name":"Sessi","description":"Produits de beaut\u00e9 pour peau noires et m\u00e9tiss\u00e9","publisher":{"@id":"https:\/\/www.cosmetics-ebene.com\/en\/#organization"},"potentialAction":[{"@type":"SearchAction","target":{"@type":"EntryPoint","urlTemplate":"https:\/\/www.cosmetics-ebene.com\/en\/?s={search_term_string}"},"query-input":{"@type":"PropertyValueSpecification","valueRequired":true,"valueName":"search_term_string"}}],"inLanguage":"en-US"},{"@type":"Organization","@id":"https:\/\/www.cosmetics-ebene.com\/en\/#organization","name":"Sessi","url":"https:\/\/www.cosmetics-ebene.com\/en\/","logo":{"@type":"ImageObject","inLanguage":"en-US","@id":"https:\/\/www.cosmetics-ebene.com\/en\/#\/schema\/logo\/image\/","url":"https:\/\/www.cosmetics-ebene.com\/wp-content\/uploads\/2024\/09\/cosmetics-ebene-logo-1-e1727351533275.png","contentUrl":"https:\/\/www.cosmetics-ebene.com\/wp-content\/uploads\/2024\/09\/cosmetics-ebene-logo-1-e1727351533275.png","width":350,"height":69,"caption":"Sessi"},"image":{"@id":"https:\/\/www.cosmetics-ebene.com\/en\/#\/schema\/logo\/image\/"}}]}},"_links":{"self":[{"href":"https:\/\/www.cosmetics-ebene.com\/en\/wp-json\/wp\/v2\/product\/10448","targetHints":{"allow":["GET"]}}],"collection":[{"href":"https:\/\/www.cosmetics-ebene.com\/en\/wp-json\/wp\/v2\/product"}],"about":[{"href":"https:\/\/www.cosmetics-ebene.com\/en\/wp-json\/wp\/v2\/types\/product"}],"replies":[{"embeddable":true,"href":"https:\/\/www.cosmetics-ebene.com\/en\/wp-json\/wp\/v2\/comments?post=10448"}],"version-history":[{"count":0,"href":"https:\/\/www.cosmetics-ebene.com\/en\/wp-json\/wp\/v2\/product\/10448\/revisions"}],"wp:featuredmedia":[{"embeddable":true,"href":"https:\/\/www.cosmetics-ebene.com\/en\/wp-json\/wp\/v2\/media\/10446"}],"wp:attachment":[{"href":"https:\/\/www.cosmetics-ebene.com\/en\/wp-json\/wp\/v2\/media?parent=10448"}],"wp:term":[{"taxonomy":"product_brand","embeddable":true,"href":"https:\/\/www.cosmetics-ebene.com\/en\/wp-json\/wp\/v2\/product_brand?post=10448"},{"taxonomy":"product_cat","embeddable":true,"href":"https:\/\/www.cosmetics-ebene.com\/en\/wp-json\/wp\/v2\/product_cat?post=10448"},{"taxonomy":"product_tag","embeddable":true,"href":"https:\/\/www.cosmetics-ebene.com\/en\/wp-json\/wp\/v2\/product_tag?post=10448"}],"curies":[{"name":"wp","href":"https:\/\/api.w.org\/{rel}","templated":true}]}}