{"id":10454,"date":"2022-06-03T15:37:48","date_gmt":"2022-06-03T15:37:48","guid":{"rendered":"https:\/\/preprod.cosmetics-ebene.com\/?product=white-sublime-lait-corporel-clarifiant-a-l-huile-de-coco"},"modified":"2024-08-09T18:04:13","modified_gmt":"2024-08-09T18:04:13","slug":"white-sublime-lait-corporel-clarifiant-a-l-huile-de-coco","status":"publish","type":"product","link":"https:\/\/www.cosmetics-ebene.com\/en\/product\/white-sublime-lait-corporel-clarifiant-a-l-huile-de-coco\/","title":{"rendered":"White Sublime Clarifying Body lotion  With  Coconut oil  And Vegalight"},"content":{"rendered":"<p>For the pleasure of a completed care our research team finalized the WHITE SUBLIME range with coconut oil extract. This range reveals you its clarifying body lotion, this lotion with coconut oil extract is an asset for your beauty. These actives strictly chosen, will clarify your skin thanks to a revolutionary active developed by our team in order to give you a radiant complexion: VEGALIGHT. Moreover the coconut oil being rich in fatty acids, this lotion is ultra-nourishing and moisturizing*. The coconut oil having a strong softening power, it is ideal for the care of the dry and damaged skins that lack elasticity.<\/p>\n<p>Thanks to a daily use of this lotion your skin is regenerated and its elasticity improved.<\/p>\n<p>Result:<\/p>\n<p>The skin is moisturized*, cleared, toned and pleasantly perfumed.<\/p>\n<p>Use:<\/p>\n<p>Apply a sufficient amount of this lotion on the dry areas of your body every day.<\/p>\n<p>For a better efficiency use the others products of the range WHITE SUBLIME with Coconut oil extract: the serum and the cream for the face<\/p>\n<\/p>\n<p>Aqua( water), Cocos nucifera oil, Glycerin, Ceto stearyl alcohol, Cyclopentasiloxane, Cetyl alcohol, Glyceryl stearate, Kojic acid dipalmitate, Cyclohexasiloxane, Diacetyl Boldine, Octacdecenedioic acid, Bisabolol, PEG-75 stearate, Steareth-20, Hydroxyethyl acrylate\/sodium acryloyldimethyl taurate copolymer, Polyacrylate cross-polymer-6, Sorbitan isostearate, Polysorbate 60, Glycolic acid, Glycyrrhiza glabra extract, Morus alba extract, Phenoxyethanol, Parfum, BHT, Alpha-iso methylionone, Coumarin, Limonene, Eugenol, Geraniol, Hydroxycitronellal, Linalool, Citral<\/p>\n","protected":false},"excerpt":{"rendered":"<p>For the pleasure of a completed care our research team finalized the WHITE SUBLIME range with coconut oil extract. This range reveals you its clarifying body lotion, this lotion with coconut oil extract is an asset for your beauty. These actives strictly chosen, will clarify your skin thanks to a revolutionary active developed by our &hellip; <a href=\"https:\/\/www.cosmetics-ebene.com\/en\/product\/white-sublime-lait-corporel-clarifiant-a-l-huile-de-coco\/\" class=\"more-link\">Continue reading <span class=\"screen-reader-text\">White Sublime Clarifying Body lotion  With  Coconut oil  And Vegalight<\/span><\/a><\/p>\n","protected":false},"featured_media":17811,"comment_status":"open","ping_status":"closed","template":"","meta":[],"product_brand":[],"product_cat":[412,410],"product_tag":[],"class_list":{"0":"post-10454","1":"product","2":"type-product","3":"status-publish","4":"has-post-thumbnail","6":"product_cat-vente-flash-en","7":"product_cat-white-sublime-en","10":"instock","11":"taxable","12":"shipping-taxable","13":"purchasable","14":"product-type-simple"},"yoast_head":"<!-- This site is optimized with the Yoast SEO plugin v27.3 - https:\/\/yoast.com\/product\/yoast-seo-wordpress\/ -->\n<title>White Sublime Clarifying Body lotion With Coconut oil And Vegalight - Sessi<\/title>\n<meta name=\"robots\" content=\"index, follow, max-snippet:-1, max-image-preview:large, max-video-preview:-1\" \/>\n<link rel=\"canonical\" href=\"https:\/\/www.cosmetics-ebene.com\/en\/product\/white-sublime-lait-corporel-clarifiant-a-l-huile-de-coco\/\" \/>\n<meta property=\"og:locale\" content=\"en_US\" \/>\n<meta property=\"og:type\" content=\"article\" \/>\n<meta property=\"og:title\" content=\"White Sublime Clarifying Body lotion With Coconut oil And Vegalight - Sessi\" \/>\n<meta property=\"og:description\" content=\"For the pleasure of a completed care our research team finalized the WHITE SUBLIME range with coconut oil extract. This range reveals you its clarifying body lotion, this lotion with coconut oil extract is an asset for your beauty. These actives strictly chosen, will clarify your skin thanks to a revolutionary active developed by our &hellip; Continue reading White Sublime Clarifying Body lotion With Coconut oil And Vegalight\" \/>\n<meta property=\"og:url\" content=\"https:\/\/www.cosmetics-ebene.com\/en\/product\/white-sublime-lait-corporel-clarifiant-a-l-huile-de-coco\/\" \/>\n<meta property=\"og:site_name\" content=\"Sessi\" \/>\n<meta property=\"article:modified_time\" content=\"2024-08-09T18:04:13+00:00\" \/>\n<meta property=\"og:image\" content=\"https:\/\/www.cosmetics-ebene.com\/wp-content\/uploads\/2024\/09\/WS_Clarifiant_Fond-Rose.png\" \/>\n\t<meta property=\"og:image:width\" content=\"974\" \/>\n\t<meta property=\"og:image:height\" content=\"972\" \/>\n\t<meta property=\"og:image:type\" content=\"image\/png\" \/>\n<meta name=\"twitter:card\" content=\"summary_large_image\" \/>\n<meta name=\"twitter:label1\" content=\"Est. reading time\" \/>\n\t<meta name=\"twitter:data1\" content=\"1 minute\" \/>\n<script type=\"application\/ld+json\" class=\"yoast-schema-graph\">{\"@context\":\"https:\\\/\\\/schema.org\",\"@graph\":[{\"@type\":\"WebPage\",\"@id\":\"https:\\\/\\\/www.cosmetics-ebene.com\\\/en\\\/product\\\/white-sublime-lait-corporel-clarifiant-a-l-huile-de-coco\\\/\",\"url\":\"https:\\\/\\\/www.cosmetics-ebene.com\\\/en\\\/product\\\/white-sublime-lait-corporel-clarifiant-a-l-huile-de-coco\\\/\",\"name\":\"White Sublime Clarifying Body lotion With Coconut oil And Vegalight - Sessi\",\"isPartOf\":{\"@id\":\"https:\\\/\\\/www.cosmetics-ebene.com\\\/en\\\/#website\"},\"primaryImageOfPage\":{\"@id\":\"https:\\\/\\\/www.cosmetics-ebene.com\\\/en\\\/product\\\/white-sublime-lait-corporel-clarifiant-a-l-huile-de-coco\\\/#primaryimage\"},\"image\":{\"@id\":\"https:\\\/\\\/www.cosmetics-ebene.com\\\/en\\\/product\\\/white-sublime-lait-corporel-clarifiant-a-l-huile-de-coco\\\/#primaryimage\"},\"thumbnailUrl\":\"https:\\\/\\\/www.cosmetics-ebene.com\\\/wp-content\\\/uploads\\\/2024\\\/09\\\/WS_Clarifiant_Fond-Rose.png\",\"datePublished\":\"2022-06-03T15:37:48+00:00\",\"dateModified\":\"2024-08-09T18:04:13+00:00\",\"breadcrumb\":{\"@id\":\"https:\\\/\\\/www.cosmetics-ebene.com\\\/en\\\/product\\\/white-sublime-lait-corporel-clarifiant-a-l-huile-de-coco\\\/#breadcrumb\"},\"inLanguage\":\"en-US\",\"potentialAction\":[{\"@type\":\"ReadAction\",\"target\":[\"https:\\\/\\\/www.cosmetics-ebene.com\\\/en\\\/product\\\/white-sublime-lait-corporel-clarifiant-a-l-huile-de-coco\\\/\"]}]},{\"@type\":\"ImageObject\",\"inLanguage\":\"en-US\",\"@id\":\"https:\\\/\\\/www.cosmetics-ebene.com\\\/en\\\/product\\\/white-sublime-lait-corporel-clarifiant-a-l-huile-de-coco\\\/#primaryimage\",\"url\":\"https:\\\/\\\/www.cosmetics-ebene.com\\\/wp-content\\\/uploads\\\/2024\\\/09\\\/WS_Clarifiant_Fond-Rose.png\",\"contentUrl\":\"https:\\\/\\\/www.cosmetics-ebene.com\\\/wp-content\\\/uploads\\\/2024\\\/09\\\/WS_Clarifiant_Fond-Rose.png\",\"width\":974,\"height\":972},{\"@type\":\"BreadcrumbList\",\"@id\":\"https:\\\/\\\/www.cosmetics-ebene.com\\\/en\\\/product\\\/white-sublime-lait-corporel-clarifiant-a-l-huile-de-coco\\\/#breadcrumb\",\"itemListElement\":[{\"@type\":\"ListItem\",\"position\":1,\"name\":\"Home\",\"item\":\"https:\\\/\\\/www.cosmetics-ebene.com\\\/en\\\/\"},{\"@type\":\"ListItem\",\"position\":2,\"name\":\"Shop\",\"item\":\"https:\\\/\\\/www.cosmetics-ebene.com\\\/shop\\\/\"},{\"@type\":\"ListItem\",\"position\":3,\"name\":\"White Sublime Clarifying Body lotion With Coconut oil And Vegalight\"}]},{\"@type\":\"WebSite\",\"@id\":\"https:\\\/\\\/www.cosmetics-ebene.com\\\/en\\\/#website\",\"url\":\"https:\\\/\\\/www.cosmetics-ebene.com\\\/en\\\/\",\"name\":\"Sessi\",\"description\":\"Produits de beaut\u00e9 pour peau noires et m\u00e9tiss\u00e9\",\"publisher\":{\"@id\":\"https:\\\/\\\/www.cosmetics-ebene.com\\\/en\\\/#organization\"},\"potentialAction\":[{\"@type\":\"SearchAction\",\"target\":{\"@type\":\"EntryPoint\",\"urlTemplate\":\"https:\\\/\\\/www.cosmetics-ebene.com\\\/en\\\/?s={search_term_string}\"},\"query-input\":{\"@type\":\"PropertyValueSpecification\",\"valueRequired\":true,\"valueName\":\"search_term_string\"}}],\"inLanguage\":\"en-US\"},{\"@type\":\"Organization\",\"@id\":\"https:\\\/\\\/www.cosmetics-ebene.com\\\/en\\\/#organization\",\"name\":\"Sessi\",\"url\":\"https:\\\/\\\/www.cosmetics-ebene.com\\\/en\\\/\",\"logo\":{\"@type\":\"ImageObject\",\"inLanguage\":\"en-US\",\"@id\":\"https:\\\/\\\/www.cosmetics-ebene.com\\\/en\\\/#\\\/schema\\\/logo\\\/image\\\/\",\"url\":\"https:\\\/\\\/www.cosmetics-ebene.com\\\/wp-content\\\/uploads\\\/2024\\\/09\\\/cosmetics-ebene-logo-1-e1727351533275.png\",\"contentUrl\":\"https:\\\/\\\/www.cosmetics-ebene.com\\\/wp-content\\\/uploads\\\/2024\\\/09\\\/cosmetics-ebene-logo-1-e1727351533275.png\",\"width\":350,\"height\":69,\"caption\":\"Sessi\"},\"image\":{\"@id\":\"https:\\\/\\\/www.cosmetics-ebene.com\\\/en\\\/#\\\/schema\\\/logo\\\/image\\\/\"}}]}<\/script>\n<!-- \/ Yoast SEO plugin. -->","yoast_head_json":{"title":"White Sublime Clarifying Body lotion With Coconut oil And Vegalight - Sessi","robots":{"index":"index","follow":"follow","max-snippet":"max-snippet:-1","max-image-preview":"max-image-preview:large","max-video-preview":"max-video-preview:-1"},"canonical":"https:\/\/www.cosmetics-ebene.com\/en\/product\/white-sublime-lait-corporel-clarifiant-a-l-huile-de-coco\/","og_locale":"en_US","og_type":"article","og_title":"White Sublime Clarifying Body lotion With Coconut oil And Vegalight - Sessi","og_description":"For the pleasure of a completed care our research team finalized the WHITE SUBLIME range with coconut oil extract. This range reveals you its clarifying body lotion, this lotion with coconut oil extract is an asset for your beauty. These actives strictly chosen, will clarify your skin thanks to a revolutionary active developed by our &hellip; Continue reading White Sublime Clarifying Body lotion With Coconut oil And Vegalight","og_url":"https:\/\/www.cosmetics-ebene.com\/en\/product\/white-sublime-lait-corporel-clarifiant-a-l-huile-de-coco\/","og_site_name":"Sessi","article_modified_time":"2024-08-09T18:04:13+00:00","og_image":[{"width":974,"height":972,"url":"https:\/\/www.cosmetics-ebene.com\/wp-content\/uploads\/2024\/09\/WS_Clarifiant_Fond-Rose.png","type":"image\/png"}],"twitter_card":"summary_large_image","twitter_misc":{"Est. reading time":"1 minute"},"schema":{"@context":"https:\/\/schema.org","@graph":[{"@type":"WebPage","@id":"https:\/\/www.cosmetics-ebene.com\/en\/product\/white-sublime-lait-corporel-clarifiant-a-l-huile-de-coco\/","url":"https:\/\/www.cosmetics-ebene.com\/en\/product\/white-sublime-lait-corporel-clarifiant-a-l-huile-de-coco\/","name":"White Sublime Clarifying Body lotion With Coconut oil And Vegalight - Sessi","isPartOf":{"@id":"https:\/\/www.cosmetics-ebene.com\/en\/#website"},"primaryImageOfPage":{"@id":"https:\/\/www.cosmetics-ebene.com\/en\/product\/white-sublime-lait-corporel-clarifiant-a-l-huile-de-coco\/#primaryimage"},"image":{"@id":"https:\/\/www.cosmetics-ebene.com\/en\/product\/white-sublime-lait-corporel-clarifiant-a-l-huile-de-coco\/#primaryimage"},"thumbnailUrl":"https:\/\/www.cosmetics-ebene.com\/wp-content\/uploads\/2024\/09\/WS_Clarifiant_Fond-Rose.png","datePublished":"2022-06-03T15:37:48+00:00","dateModified":"2024-08-09T18:04:13+00:00","breadcrumb":{"@id":"https:\/\/www.cosmetics-ebene.com\/en\/product\/white-sublime-lait-corporel-clarifiant-a-l-huile-de-coco\/#breadcrumb"},"inLanguage":"en-US","potentialAction":[{"@type":"ReadAction","target":["https:\/\/www.cosmetics-ebene.com\/en\/product\/white-sublime-lait-corporel-clarifiant-a-l-huile-de-coco\/"]}]},{"@type":"ImageObject","inLanguage":"en-US","@id":"https:\/\/www.cosmetics-ebene.com\/en\/product\/white-sublime-lait-corporel-clarifiant-a-l-huile-de-coco\/#primaryimage","url":"https:\/\/www.cosmetics-ebene.com\/wp-content\/uploads\/2024\/09\/WS_Clarifiant_Fond-Rose.png","contentUrl":"https:\/\/www.cosmetics-ebene.com\/wp-content\/uploads\/2024\/09\/WS_Clarifiant_Fond-Rose.png","width":974,"height":972},{"@type":"BreadcrumbList","@id":"https:\/\/www.cosmetics-ebene.com\/en\/product\/white-sublime-lait-corporel-clarifiant-a-l-huile-de-coco\/#breadcrumb","itemListElement":[{"@type":"ListItem","position":1,"name":"Home","item":"https:\/\/www.cosmetics-ebene.com\/en\/"},{"@type":"ListItem","position":2,"name":"Shop","item":"https:\/\/www.cosmetics-ebene.com\/shop\/"},{"@type":"ListItem","position":3,"name":"White Sublime Clarifying Body lotion With Coconut oil And Vegalight"}]},{"@type":"WebSite","@id":"https:\/\/www.cosmetics-ebene.com\/en\/#website","url":"https:\/\/www.cosmetics-ebene.com\/en\/","name":"Sessi","description":"Produits de beaut\u00e9 pour peau noires et m\u00e9tiss\u00e9","publisher":{"@id":"https:\/\/www.cosmetics-ebene.com\/en\/#organization"},"potentialAction":[{"@type":"SearchAction","target":{"@type":"EntryPoint","urlTemplate":"https:\/\/www.cosmetics-ebene.com\/en\/?s={search_term_string}"},"query-input":{"@type":"PropertyValueSpecification","valueRequired":true,"valueName":"search_term_string"}}],"inLanguage":"en-US"},{"@type":"Organization","@id":"https:\/\/www.cosmetics-ebene.com\/en\/#organization","name":"Sessi","url":"https:\/\/www.cosmetics-ebene.com\/en\/","logo":{"@type":"ImageObject","inLanguage":"en-US","@id":"https:\/\/www.cosmetics-ebene.com\/en\/#\/schema\/logo\/image\/","url":"https:\/\/www.cosmetics-ebene.com\/wp-content\/uploads\/2024\/09\/cosmetics-ebene-logo-1-e1727351533275.png","contentUrl":"https:\/\/www.cosmetics-ebene.com\/wp-content\/uploads\/2024\/09\/cosmetics-ebene-logo-1-e1727351533275.png","width":350,"height":69,"caption":"Sessi"},"image":{"@id":"https:\/\/www.cosmetics-ebene.com\/en\/#\/schema\/logo\/image\/"}}]}},"_links":{"self":[{"href":"https:\/\/www.cosmetics-ebene.com\/en\/wp-json\/wp\/v2\/product\/10454","targetHints":{"allow":["GET"]}}],"collection":[{"href":"https:\/\/www.cosmetics-ebene.com\/en\/wp-json\/wp\/v2\/product"}],"about":[{"href":"https:\/\/www.cosmetics-ebene.com\/en\/wp-json\/wp\/v2\/types\/product"}],"replies":[{"embeddable":true,"href":"https:\/\/www.cosmetics-ebene.com\/en\/wp-json\/wp\/v2\/comments?post=10454"}],"version-history":[{"count":0,"href":"https:\/\/www.cosmetics-ebene.com\/en\/wp-json\/wp\/v2\/product\/10454\/revisions"}],"wp:featuredmedia":[{"embeddable":true,"href":"https:\/\/www.cosmetics-ebene.com\/en\/wp-json\/wp\/v2\/media\/17811"}],"wp:attachment":[{"href":"https:\/\/www.cosmetics-ebene.com\/en\/wp-json\/wp\/v2\/media?parent=10454"}],"wp:term":[{"taxonomy":"product_brand","embeddable":true,"href":"https:\/\/www.cosmetics-ebene.com\/en\/wp-json\/wp\/v2\/product_brand?post=10454"},{"taxonomy":"product_cat","embeddable":true,"href":"https:\/\/www.cosmetics-ebene.com\/en\/wp-json\/wp\/v2\/product_cat?post=10454"},{"taxonomy":"product_tag","embeddable":true,"href":"https:\/\/www.cosmetics-ebene.com\/en\/wp-json\/wp\/v2\/product_tag?post=10454"}],"curies":[{"name":"wp","href":"https:\/\/api.w.org\/{rel}","templated":true}]}}