{"id":10466,"date":"2022-06-03T16:42:32","date_gmt":"2022-06-03T16:42:32","guid":{"rendered":"https:\/\/preprod.cosmetics-ebene.com\/?product=white-sublime-lait-eclaircissant-a-base-de-vitaclear-perfect-d-huile-dargan-et-dhuile-de-carotte-500-ml"},"modified":"2026-04-04T10:36:09","modified_gmt":"2026-04-04T10:36:09","slug":"white-sublime-lait-eclaircissant-a-base-de-vitaclear-perfect-d-huile-dargan-et-dhuile-de-carotte-500-ml","status":"publish","type":"product","link":"https:\/\/www.cosmetics-ebene.com\/en\/product\/white-sublime-lait-eclaircissant-a-base-de-vitaclear-perfect-d-huile-dargan-et-dhuile-de-carotte-500-ml\/","title":{"rendered":"White Sublime Strong  Lightening Body Lotion made with VITACLEAR PERFECT, Argan oil &#038; Carrot oil Extract 500 ml"},"content":{"rendered":"<p>The beauty body milk WHITE SUBLIME is the result of our laboratory research runs by ethnic skins specialists. Its unique formula is made with argan oil which has amazing features, indeed this oil has an incredible moisturizing features. This argan oil is combined to carrot oil extract, which thanks to is carotene contribution, is very good to the skin. In order that you take benefits from a very effective lightening product, our research team used an original active: VITACLEAR PERFECT. With this active you will have a perfect lightening of your body and even your marks. The presence of a solar filter assures you an impeccable action against your sebum secretion issues, acne or premature aging of your skin.<\/p>\n<\/p>\n<p>RESULT:<\/p>\n<p>You got a smooth and glowing skin<\/p>\n<p>USE:<\/p>\n<p>We advices you to use WHITE SUBLIME beauty milk with argan oil and carrot oil extract, after your shower or your bath, with the shower gel WHITE SUBLIME once to twice a day on all your body and more specifically on the part of your skin with flaws. For a flawless result use all the rage WHITE SUBLIME with argan and carrot oil such as the cream and the serum specifically for your face.<\/p>\n<p>Ingr\u00e9dients<\/p>\n<p>Aqua(water), Argania spinosa oil, Daucus carota oil, Glycerin, Ceto stearyl alcohol, Cyclopentasiloxane, Cetyl alcohol, Glyceryl stearate, Kojic acid dipalmitate, Cyclohexasiloxane, Diacetyl Boldine, Octadecenedioic acid, PEG-75 stearate, Steareth-20, Hydroxyethyl acrylate\/sodium acryloyldimethyl taurate copolymer, Polyacrylate cross-polymer-6, Sorbitan isostearate, Polysorbate 60, Glycolic acid, Glycyrrhiza glabra extract, Morus alba extract, Bisabolol, Phenoxyethanol, Parfum, BHT, Alpha-iso methylionone, Coumarin, Limonene, Eugenol, Geraniol, Hydroxycitronellal, Linalool, Citral<\/p>\n","protected":false},"excerpt":{"rendered":"<p>The beauty body milk WHITE SUBLIME is the result of our laboratory research runs by ethnic skins specialists. Its unique formula is made with argan oil which has amazing features, indeed this oil has an incredible moisturizing features. This argan oil is combined to carrot oil extract, which thanks to is carotene contribution, is very &hellip; <a href=\"https:\/\/www.cosmetics-ebene.com\/en\/product\/white-sublime-lait-eclaircissant-a-base-de-vitaclear-perfect-d-huile-dargan-et-dhuile-de-carotte-500-ml\/\" class=\"more-link\">Continue reading <span class=\"screen-reader-text\">White Sublime Strong  Lightening Body Lotion made with VITACLEAR PERFECT, Argan oil &#038; Carrot oil Extract 500 ml<\/span><\/a><\/p>\n","protected":false},"featured_media":17817,"comment_status":"open","ping_status":"closed","template":"","meta":[],"product_brand":[],"product_cat":[410],"product_tag":[],"class_list":{"0":"post-10466","1":"product","2":"type-product","3":"status-publish","4":"has-post-thumbnail","6":"product_cat-white-sublime-en","9":"instock","10":"taxable","11":"shipping-taxable","12":"purchasable","13":"product-type-simple"},"yoast_head":"<!-- This site is optimized with the Yoast SEO plugin v27.3 - https:\/\/yoast.com\/product\/yoast-seo-wordpress\/ -->\n<title>White Sublime Strong Lightening Body Lotion made with VITACLEAR PERFECT, Argan oil &amp; Carrot oil Extract 500 ml - Sessi<\/title>\n<meta name=\"robots\" content=\"index, follow, max-snippet:-1, max-image-preview:large, max-video-preview:-1\" \/>\n<link rel=\"canonical\" href=\"https:\/\/www.cosmetics-ebene.com\/en\/product\/white-sublime-lait-eclaircissant-a-base-de-vitaclear-perfect-d-huile-dargan-et-dhuile-de-carotte-500-ml\/\" \/>\n<meta property=\"og:locale\" content=\"en_US\" \/>\n<meta property=\"og:type\" content=\"article\" \/>\n<meta property=\"og:title\" content=\"White Sublime Strong Lightening Body Lotion made with VITACLEAR PERFECT, Argan oil &amp; Carrot oil Extract 500 ml - Sessi\" \/>\n<meta property=\"og:description\" content=\"The beauty body milk WHITE SUBLIME is the result of our laboratory research runs by ethnic skins specialists. Its unique formula is made with argan oil which has amazing features, indeed this oil has an incredible moisturizing features. This argan oil is combined to carrot oil extract, which thanks to is carotene contribution, is very &hellip; Continue reading White Sublime Strong Lightening Body Lotion made with VITACLEAR PERFECT, Argan oil &#038; Carrot oil Extract 500 ml\" \/>\n<meta property=\"og:url\" content=\"https:\/\/www.cosmetics-ebene.com\/en\/product\/white-sublime-lait-eclaircissant-a-base-de-vitaclear-perfect-d-huile-dargan-et-dhuile-de-carotte-500-ml\/\" \/>\n<meta property=\"og:site_name\" content=\"Sessi\" \/>\n<meta property=\"article:modified_time\" content=\"2026-04-04T10:36:09+00:00\" \/>\n<meta property=\"og:image\" content=\"https:\/\/www.cosmetics-ebene.com\/wp-content\/uploads\/2022\/06\/WS_Eclaircisssant_Fort_Fond-Rose.png\" \/>\n\t<meta property=\"og:image:width\" content=\"974\" \/>\n\t<meta property=\"og:image:height\" content=\"972\" \/>\n\t<meta property=\"og:image:type\" content=\"image\/png\" \/>\n<meta name=\"twitter:card\" content=\"summary_large_image\" \/>\n<meta name=\"twitter:label1\" content=\"Est. reading time\" \/>\n\t<meta name=\"twitter:data1\" content=\"1 minute\" \/>\n<script type=\"application\/ld+json\" class=\"yoast-schema-graph\">{\"@context\":\"https:\\\/\\\/schema.org\",\"@graph\":[{\"@type\":\"WebPage\",\"@id\":\"https:\\\/\\\/www.cosmetics-ebene.com\\\/en\\\/product\\\/white-sublime-lait-eclaircissant-a-base-de-vitaclear-perfect-d-huile-dargan-et-dhuile-de-carotte-500-ml\\\/\",\"url\":\"https:\\\/\\\/www.cosmetics-ebene.com\\\/en\\\/product\\\/white-sublime-lait-eclaircissant-a-base-de-vitaclear-perfect-d-huile-dargan-et-dhuile-de-carotte-500-ml\\\/\",\"name\":\"White Sublime Strong Lightening Body Lotion made with VITACLEAR PERFECT, Argan oil & Carrot oil Extract 500 ml - Sessi\",\"isPartOf\":{\"@id\":\"https:\\\/\\\/www.cosmetics-ebene.com\\\/en\\\/#website\"},\"primaryImageOfPage\":{\"@id\":\"https:\\\/\\\/www.cosmetics-ebene.com\\\/en\\\/product\\\/white-sublime-lait-eclaircissant-a-base-de-vitaclear-perfect-d-huile-dargan-et-dhuile-de-carotte-500-ml\\\/#primaryimage\"},\"image\":{\"@id\":\"https:\\\/\\\/www.cosmetics-ebene.com\\\/en\\\/product\\\/white-sublime-lait-eclaircissant-a-base-de-vitaclear-perfect-d-huile-dargan-et-dhuile-de-carotte-500-ml\\\/#primaryimage\"},\"thumbnailUrl\":\"https:\\\/\\\/www.cosmetics-ebene.com\\\/wp-content\\\/uploads\\\/2022\\\/06\\\/WS_Eclaircisssant_Fort_Fond-Rose.png\",\"datePublished\":\"2022-06-03T16:42:32+00:00\",\"dateModified\":\"2026-04-04T10:36:09+00:00\",\"breadcrumb\":{\"@id\":\"https:\\\/\\\/www.cosmetics-ebene.com\\\/en\\\/product\\\/white-sublime-lait-eclaircissant-a-base-de-vitaclear-perfect-d-huile-dargan-et-dhuile-de-carotte-500-ml\\\/#breadcrumb\"},\"inLanguage\":\"en-US\",\"potentialAction\":[{\"@type\":\"ReadAction\",\"target\":[\"https:\\\/\\\/www.cosmetics-ebene.com\\\/en\\\/product\\\/white-sublime-lait-eclaircissant-a-base-de-vitaclear-perfect-d-huile-dargan-et-dhuile-de-carotte-500-ml\\\/\"]}]},{\"@type\":\"ImageObject\",\"inLanguage\":\"en-US\",\"@id\":\"https:\\\/\\\/www.cosmetics-ebene.com\\\/en\\\/product\\\/white-sublime-lait-eclaircissant-a-base-de-vitaclear-perfect-d-huile-dargan-et-dhuile-de-carotte-500-ml\\\/#primaryimage\",\"url\":\"https:\\\/\\\/www.cosmetics-ebene.com\\\/wp-content\\\/uploads\\\/2022\\\/06\\\/WS_Eclaircisssant_Fort_Fond-Rose.png\",\"contentUrl\":\"https:\\\/\\\/www.cosmetics-ebene.com\\\/wp-content\\\/uploads\\\/2022\\\/06\\\/WS_Eclaircisssant_Fort_Fond-Rose.png\",\"width\":974,\"height\":972,\"caption\":\"White Sublime Strong Lightening Body Lotion made with VITACLEAR PERFECT, Argan oil & Carrot Oil Extract 500 ml\"},{\"@type\":\"BreadcrumbList\",\"@id\":\"https:\\\/\\\/www.cosmetics-ebene.com\\\/en\\\/product\\\/white-sublime-lait-eclaircissant-a-base-de-vitaclear-perfect-d-huile-dargan-et-dhuile-de-carotte-500-ml\\\/#breadcrumb\",\"itemListElement\":[{\"@type\":\"ListItem\",\"position\":1,\"name\":\"Home\",\"item\":\"https:\\\/\\\/www.cosmetics-ebene.com\\\/en\\\/\"},{\"@type\":\"ListItem\",\"position\":2,\"name\":\"Shop\",\"item\":\"https:\\\/\\\/www.cosmetics-ebene.com\\\/shop\\\/\"},{\"@type\":\"ListItem\",\"position\":3,\"name\":\"White Sublime Strong Lightening Body Lotion made with VITACLEAR PERFECT, Argan oil &#038; Carrot oil Extract 500 ml\"}]},{\"@type\":\"WebSite\",\"@id\":\"https:\\\/\\\/www.cosmetics-ebene.com\\\/en\\\/#website\",\"url\":\"https:\\\/\\\/www.cosmetics-ebene.com\\\/en\\\/\",\"name\":\"Sessi\",\"description\":\"Produits de beaut\u00e9 pour peau noires et m\u00e9tiss\u00e9\",\"publisher\":{\"@id\":\"https:\\\/\\\/www.cosmetics-ebene.com\\\/en\\\/#organization\"},\"potentialAction\":[{\"@type\":\"SearchAction\",\"target\":{\"@type\":\"EntryPoint\",\"urlTemplate\":\"https:\\\/\\\/www.cosmetics-ebene.com\\\/en\\\/?s={search_term_string}\"},\"query-input\":{\"@type\":\"PropertyValueSpecification\",\"valueRequired\":true,\"valueName\":\"search_term_string\"}}],\"inLanguage\":\"en-US\"},{\"@type\":\"Organization\",\"@id\":\"https:\\\/\\\/www.cosmetics-ebene.com\\\/en\\\/#organization\",\"name\":\"Sessi\",\"url\":\"https:\\\/\\\/www.cosmetics-ebene.com\\\/en\\\/\",\"logo\":{\"@type\":\"ImageObject\",\"inLanguage\":\"en-US\",\"@id\":\"https:\\\/\\\/www.cosmetics-ebene.com\\\/en\\\/#\\\/schema\\\/logo\\\/image\\\/\",\"url\":\"https:\\\/\\\/www.cosmetics-ebene.com\\\/wp-content\\\/uploads\\\/2024\\\/09\\\/cosmetics-ebene-logo-1-e1727351533275.png\",\"contentUrl\":\"https:\\\/\\\/www.cosmetics-ebene.com\\\/wp-content\\\/uploads\\\/2024\\\/09\\\/cosmetics-ebene-logo-1-e1727351533275.png\",\"width\":350,\"height\":69,\"caption\":\"Sessi\"},\"image\":{\"@id\":\"https:\\\/\\\/www.cosmetics-ebene.com\\\/en\\\/#\\\/schema\\\/logo\\\/image\\\/\"}}]}<\/script>\n<!-- \/ Yoast SEO plugin. -->","yoast_head_json":{"title":"White Sublime Strong Lightening Body Lotion made with VITACLEAR PERFECT, Argan oil & Carrot oil Extract 500 ml - Sessi","robots":{"index":"index","follow":"follow","max-snippet":"max-snippet:-1","max-image-preview":"max-image-preview:large","max-video-preview":"max-video-preview:-1"},"canonical":"https:\/\/www.cosmetics-ebene.com\/en\/product\/white-sublime-lait-eclaircissant-a-base-de-vitaclear-perfect-d-huile-dargan-et-dhuile-de-carotte-500-ml\/","og_locale":"en_US","og_type":"article","og_title":"White Sublime Strong Lightening Body Lotion made with VITACLEAR PERFECT, Argan oil & Carrot oil Extract 500 ml - Sessi","og_description":"The beauty body milk WHITE SUBLIME is the result of our laboratory research runs by ethnic skins specialists. Its unique formula is made with argan oil which has amazing features, indeed this oil has an incredible moisturizing features. This argan oil is combined to carrot oil extract, which thanks to is carotene contribution, is very &hellip; Continue reading White Sublime Strong Lightening Body Lotion made with VITACLEAR PERFECT, Argan oil &#038; Carrot oil Extract 500 ml","og_url":"https:\/\/www.cosmetics-ebene.com\/en\/product\/white-sublime-lait-eclaircissant-a-base-de-vitaclear-perfect-d-huile-dargan-et-dhuile-de-carotte-500-ml\/","og_site_name":"Sessi","article_modified_time":"2026-04-04T10:36:09+00:00","og_image":[{"width":974,"height":972,"url":"https:\/\/www.cosmetics-ebene.com\/wp-content\/uploads\/2022\/06\/WS_Eclaircisssant_Fort_Fond-Rose.png","type":"image\/png"}],"twitter_card":"summary_large_image","twitter_misc":{"Est. reading time":"1 minute"},"schema":{"@context":"https:\/\/schema.org","@graph":[{"@type":"WebPage","@id":"https:\/\/www.cosmetics-ebene.com\/en\/product\/white-sublime-lait-eclaircissant-a-base-de-vitaclear-perfect-d-huile-dargan-et-dhuile-de-carotte-500-ml\/","url":"https:\/\/www.cosmetics-ebene.com\/en\/product\/white-sublime-lait-eclaircissant-a-base-de-vitaclear-perfect-d-huile-dargan-et-dhuile-de-carotte-500-ml\/","name":"White Sublime Strong Lightening Body Lotion made with VITACLEAR PERFECT, Argan oil & Carrot oil Extract 500 ml - Sessi","isPartOf":{"@id":"https:\/\/www.cosmetics-ebene.com\/en\/#website"},"primaryImageOfPage":{"@id":"https:\/\/www.cosmetics-ebene.com\/en\/product\/white-sublime-lait-eclaircissant-a-base-de-vitaclear-perfect-d-huile-dargan-et-dhuile-de-carotte-500-ml\/#primaryimage"},"image":{"@id":"https:\/\/www.cosmetics-ebene.com\/en\/product\/white-sublime-lait-eclaircissant-a-base-de-vitaclear-perfect-d-huile-dargan-et-dhuile-de-carotte-500-ml\/#primaryimage"},"thumbnailUrl":"https:\/\/www.cosmetics-ebene.com\/wp-content\/uploads\/2022\/06\/WS_Eclaircisssant_Fort_Fond-Rose.png","datePublished":"2022-06-03T16:42:32+00:00","dateModified":"2026-04-04T10:36:09+00:00","breadcrumb":{"@id":"https:\/\/www.cosmetics-ebene.com\/en\/product\/white-sublime-lait-eclaircissant-a-base-de-vitaclear-perfect-d-huile-dargan-et-dhuile-de-carotte-500-ml\/#breadcrumb"},"inLanguage":"en-US","potentialAction":[{"@type":"ReadAction","target":["https:\/\/www.cosmetics-ebene.com\/en\/product\/white-sublime-lait-eclaircissant-a-base-de-vitaclear-perfect-d-huile-dargan-et-dhuile-de-carotte-500-ml\/"]}]},{"@type":"ImageObject","inLanguage":"en-US","@id":"https:\/\/www.cosmetics-ebene.com\/en\/product\/white-sublime-lait-eclaircissant-a-base-de-vitaclear-perfect-d-huile-dargan-et-dhuile-de-carotte-500-ml\/#primaryimage","url":"https:\/\/www.cosmetics-ebene.com\/wp-content\/uploads\/2022\/06\/WS_Eclaircisssant_Fort_Fond-Rose.png","contentUrl":"https:\/\/www.cosmetics-ebene.com\/wp-content\/uploads\/2022\/06\/WS_Eclaircisssant_Fort_Fond-Rose.png","width":974,"height":972,"caption":"White Sublime Strong Lightening Body Lotion made with VITACLEAR PERFECT, Argan oil & Carrot Oil Extract 500 ml"},{"@type":"BreadcrumbList","@id":"https:\/\/www.cosmetics-ebene.com\/en\/product\/white-sublime-lait-eclaircissant-a-base-de-vitaclear-perfect-d-huile-dargan-et-dhuile-de-carotte-500-ml\/#breadcrumb","itemListElement":[{"@type":"ListItem","position":1,"name":"Home","item":"https:\/\/www.cosmetics-ebene.com\/en\/"},{"@type":"ListItem","position":2,"name":"Shop","item":"https:\/\/www.cosmetics-ebene.com\/shop\/"},{"@type":"ListItem","position":3,"name":"White Sublime Strong Lightening Body Lotion made with VITACLEAR PERFECT, Argan oil &#038; Carrot oil Extract 500 ml"}]},{"@type":"WebSite","@id":"https:\/\/www.cosmetics-ebene.com\/en\/#website","url":"https:\/\/www.cosmetics-ebene.com\/en\/","name":"Sessi","description":"Produits de beaut\u00e9 pour peau noires et m\u00e9tiss\u00e9","publisher":{"@id":"https:\/\/www.cosmetics-ebene.com\/en\/#organization"},"potentialAction":[{"@type":"SearchAction","target":{"@type":"EntryPoint","urlTemplate":"https:\/\/www.cosmetics-ebene.com\/en\/?s={search_term_string}"},"query-input":{"@type":"PropertyValueSpecification","valueRequired":true,"valueName":"search_term_string"}}],"inLanguage":"en-US"},{"@type":"Organization","@id":"https:\/\/www.cosmetics-ebene.com\/en\/#organization","name":"Sessi","url":"https:\/\/www.cosmetics-ebene.com\/en\/","logo":{"@type":"ImageObject","inLanguage":"en-US","@id":"https:\/\/www.cosmetics-ebene.com\/en\/#\/schema\/logo\/image\/","url":"https:\/\/www.cosmetics-ebene.com\/wp-content\/uploads\/2024\/09\/cosmetics-ebene-logo-1-e1727351533275.png","contentUrl":"https:\/\/www.cosmetics-ebene.com\/wp-content\/uploads\/2024\/09\/cosmetics-ebene-logo-1-e1727351533275.png","width":350,"height":69,"caption":"Sessi"},"image":{"@id":"https:\/\/www.cosmetics-ebene.com\/en\/#\/schema\/logo\/image\/"}}]}},"_links":{"self":[{"href":"https:\/\/www.cosmetics-ebene.com\/en\/wp-json\/wp\/v2\/product\/10466","targetHints":{"allow":["GET"]}}],"collection":[{"href":"https:\/\/www.cosmetics-ebene.com\/en\/wp-json\/wp\/v2\/product"}],"about":[{"href":"https:\/\/www.cosmetics-ebene.com\/en\/wp-json\/wp\/v2\/types\/product"}],"replies":[{"embeddable":true,"href":"https:\/\/www.cosmetics-ebene.com\/en\/wp-json\/wp\/v2\/comments?post=10466"}],"version-history":[{"count":0,"href":"https:\/\/www.cosmetics-ebene.com\/en\/wp-json\/wp\/v2\/product\/10466\/revisions"}],"wp:featuredmedia":[{"embeddable":true,"href":"https:\/\/www.cosmetics-ebene.com\/en\/wp-json\/wp\/v2\/media\/17817"}],"wp:attachment":[{"href":"https:\/\/www.cosmetics-ebene.com\/en\/wp-json\/wp\/v2\/media?parent=10466"}],"wp:term":[{"taxonomy":"product_brand","embeddable":true,"href":"https:\/\/www.cosmetics-ebene.com\/en\/wp-json\/wp\/v2\/product_brand?post=10466"},{"taxonomy":"product_cat","embeddable":true,"href":"https:\/\/www.cosmetics-ebene.com\/en\/wp-json\/wp\/v2\/product_cat?post=10466"},{"taxonomy":"product_tag","embeddable":true,"href":"https:\/\/www.cosmetics-ebene.com\/en\/wp-json\/wp\/v2\/product_tag?post=10466"}],"curies":[{"name":"wp","href":"https:\/\/api.w.org\/{rel}","templated":true}]}}