{"id":10472,"date":"2022-06-03T17:17:13","date_gmt":"2022-06-03T17:17:13","guid":{"rendered":"https:\/\/preprod.cosmetics-ebene.com\/?product=white-sublime-lait-eclaircissant-parfait-a-base-dorganiclear-de-bave-descargot-et-de-venin-de-serpent-500-ml"},"modified":"2025-05-28T15:51:48","modified_gmt":"2025-05-28T15:51:48","slug":"white-sublime-lait-eclaircissant-parfait-a-base-dorganiclear-de-bave-descargot-et-de-venin-de-serpent-500-ml","status":"publish","type":"product","link":"https:\/\/www.cosmetics-ebene.com\/en\/product\/white-sublime-lait-eclaircissant-parfait-a-base-dorganiclear-de-bave-descargot-et-de-venin-de-serpent-500-ml\/","title":{"rendered":"White Sublime Perfect Lightening Body Lotion  With ORGANICLEAR,  Snail slime and Snake Venom 500 ml"},"content":{"rendered":"<p>After years of research, our laboratory managed to create WHITE SUBLIME Lightening Body Milk with SNAIL SLIME and SNAKE VENOM. The perfect balance has been found between the lightening actives and the lightening active ORGANICLEAR developed by our team.<\/p>\n<p>The presence of snake slime, for its numerous properties such as its regenerating power and it action against skin imperfections, is one of the assets of the body milk. More over snake venom will soften and bring well-being to your skin. Intake of Vitamins A and E will help your skin to fight its premature ageing.<\/p>\n<p>WHITE SUBLIME body lotion with Snail Slime, Snake Venom and ORGANICLEAR provides your skin a perfect, fast and even lightening.<\/p>\n<\/p>\n<p>Result:<\/p>\n<p>You will have a lighter, a brighter and a more supple skin<\/p>\n<p>USE:<\/p>\n<p>We advise you to use this BODY MILK WHITE SUBLIME after your bath or your shower once or twice a day.<\/p>\n<p>More over for a perfect result use the whole WHITE SUBLIME PERFECT range, including the cream, the serum and the soap specifically for your body and your face.<\/p>\n<\/p>\n<p>Ingr\u00e9dients<\/p>\n<p>Aqua, Argania spinosa oil, Glycerin, Ceto stearyl alcohol, Cyclopentasiloxane, Cetyl alcohol, Glyceryl stearate, Kojic acid dipalmitate, Dipeptide Diaminobutyroyl Benzylamide Diacetate(Venin de serpent), Cyclohexasiloxane, Diacetyl Boldine, Octadecenedioic acid, Bisabolol, PEG-75 stearate, Steareth-20, Hydroxyethyl acrylate\/sodium acryloyldimethyl taurate copolymer, Snail secretion filtrate, Polyacrylate cross-polymer-6, Sorbitan isostearate, Polysorbate 60, Glycolic acid, Glycyrrhiza glabra extract, Morus alba extract, Phenoxyethanol, Parfum, BHT, Alpha-iso methylionone, Coumarin, Limonene, Eugenol, Geraniol, Hydroxycitronellal, Linalool, Citral<\/p>\n","protected":false},"excerpt":{"rendered":"<p>After years of research, our laboratory managed to create WHITE SUBLIME Lightening Body Milk with SNAIL SLIME and SNAKE VENOM. The perfect balance has been found between the lightening actives and the lightening active ORGANICLEAR developed by our team. The presence of snake slime, for its numerous properties such as its regenerating power and it &hellip; <a href=\"https:\/\/www.cosmetics-ebene.com\/en\/product\/white-sublime-lait-eclaircissant-parfait-a-base-dorganiclear-de-bave-descargot-et-de-venin-de-serpent-500-ml\/\" class=\"more-link\">Continue reading <span class=\"screen-reader-text\">White Sublime Perfect Lightening Body Lotion  With ORGANICLEAR,  Snail slime and Snake Venom 500 ml<\/span><\/a><\/p>\n","protected":false},"featured_media":17820,"comment_status":"open","ping_status":"closed","template":"","meta":[],"product_brand":[],"product_cat":[410],"product_tag":[],"class_list":{"0":"post-10472","1":"product","2":"type-product","3":"status-publish","4":"has-post-thumbnail","6":"product_cat-white-sublime-en","9":"instock","10":"taxable","11":"shipping-taxable","12":"purchasable","13":"product-type-simple"},"yoast_head":"<!-- This site is optimized with the Yoast SEO plugin v27.3 - https:\/\/yoast.com\/product\/yoast-seo-wordpress\/ -->\n<title>White Sublime Perfect Lightening Body Lotion With ORGANICLEAR, Snail slime and Snake Venom 500 ml - Sessi<\/title>\n<meta name=\"robots\" content=\"index, follow, max-snippet:-1, max-image-preview:large, max-video-preview:-1\" \/>\n<link rel=\"canonical\" href=\"https:\/\/www.cosmetics-ebene.com\/en\/product\/white-sublime-lait-eclaircissant-parfait-a-base-dorganiclear-de-bave-descargot-et-de-venin-de-serpent-500-ml\/\" \/>\n<meta property=\"og:locale\" content=\"en_US\" \/>\n<meta property=\"og:type\" content=\"article\" \/>\n<meta property=\"og:title\" content=\"White Sublime Perfect Lightening Body Lotion With ORGANICLEAR, Snail slime and Snake Venom 500 ml - Sessi\" \/>\n<meta property=\"og:description\" content=\"After years of research, our laboratory managed to create WHITE SUBLIME Lightening Body Milk with SNAIL SLIME and SNAKE VENOM. The perfect balance has been found between the lightening actives and the lightening active ORGANICLEAR developed by our team. The presence of snake slime, for its numerous properties such as its regenerating power and it &hellip; Continue reading White Sublime Perfect Lightening Body Lotion With ORGANICLEAR, Snail slime and Snake Venom 500 ml\" \/>\n<meta property=\"og:url\" content=\"https:\/\/www.cosmetics-ebene.com\/en\/product\/white-sublime-lait-eclaircissant-parfait-a-base-dorganiclear-de-bave-descargot-et-de-venin-de-serpent-500-ml\/\" \/>\n<meta property=\"og:site_name\" content=\"Sessi\" \/>\n<meta property=\"article:modified_time\" content=\"2025-05-28T15:51:48+00:00\" \/>\n<meta property=\"og:image\" content=\"https:\/\/www.cosmetics-ebene.com\/wp-content\/uploads\/2022\/06\/WS_Puissant_Fond-Rose.png\" \/>\n\t<meta property=\"og:image:width\" content=\"974\" \/>\n\t<meta property=\"og:image:height\" content=\"972\" \/>\n\t<meta property=\"og:image:type\" content=\"image\/png\" \/>\n<meta name=\"twitter:card\" content=\"summary_large_image\" \/>\n<meta name=\"twitter:label1\" content=\"Est. reading time\" \/>\n\t<meta name=\"twitter:data1\" content=\"1 minute\" \/>\n<script type=\"application\/ld+json\" class=\"yoast-schema-graph\">{\"@context\":\"https:\\\/\\\/schema.org\",\"@graph\":[{\"@type\":\"WebPage\",\"@id\":\"https:\\\/\\\/www.cosmetics-ebene.com\\\/en\\\/product\\\/white-sublime-lait-eclaircissant-parfait-a-base-dorganiclear-de-bave-descargot-et-de-venin-de-serpent-500-ml\\\/\",\"url\":\"https:\\\/\\\/www.cosmetics-ebene.com\\\/en\\\/product\\\/white-sublime-lait-eclaircissant-parfait-a-base-dorganiclear-de-bave-descargot-et-de-venin-de-serpent-500-ml\\\/\",\"name\":\"White Sublime Perfect Lightening Body Lotion With ORGANICLEAR, Snail slime and Snake Venom 500 ml - Sessi\",\"isPartOf\":{\"@id\":\"https:\\\/\\\/www.cosmetics-ebene.com\\\/en\\\/#website\"},\"primaryImageOfPage\":{\"@id\":\"https:\\\/\\\/www.cosmetics-ebene.com\\\/en\\\/product\\\/white-sublime-lait-eclaircissant-parfait-a-base-dorganiclear-de-bave-descargot-et-de-venin-de-serpent-500-ml\\\/#primaryimage\"},\"image\":{\"@id\":\"https:\\\/\\\/www.cosmetics-ebene.com\\\/en\\\/product\\\/white-sublime-lait-eclaircissant-parfait-a-base-dorganiclear-de-bave-descargot-et-de-venin-de-serpent-500-ml\\\/#primaryimage\"},\"thumbnailUrl\":\"https:\\\/\\\/www.cosmetics-ebene.com\\\/wp-content\\\/uploads\\\/2022\\\/06\\\/WS_Puissant_Fond-Rose.png\",\"datePublished\":\"2022-06-03T17:17:13+00:00\",\"dateModified\":\"2025-05-28T15:51:48+00:00\",\"breadcrumb\":{\"@id\":\"https:\\\/\\\/www.cosmetics-ebene.com\\\/en\\\/product\\\/white-sublime-lait-eclaircissant-parfait-a-base-dorganiclear-de-bave-descargot-et-de-venin-de-serpent-500-ml\\\/#breadcrumb\"},\"inLanguage\":\"en-US\",\"potentialAction\":[{\"@type\":\"ReadAction\",\"target\":[\"https:\\\/\\\/www.cosmetics-ebene.com\\\/en\\\/product\\\/white-sublime-lait-eclaircissant-parfait-a-base-dorganiclear-de-bave-descargot-et-de-venin-de-serpent-500-ml\\\/\"]}]},{\"@type\":\"ImageObject\",\"inLanguage\":\"en-US\",\"@id\":\"https:\\\/\\\/www.cosmetics-ebene.com\\\/en\\\/product\\\/white-sublime-lait-eclaircissant-parfait-a-base-dorganiclear-de-bave-descargot-et-de-venin-de-serpent-500-ml\\\/#primaryimage\",\"url\":\"https:\\\/\\\/www.cosmetics-ebene.com\\\/wp-content\\\/uploads\\\/2022\\\/06\\\/WS_Puissant_Fond-Rose.png\",\"contentUrl\":\"https:\\\/\\\/www.cosmetics-ebene.com\\\/wp-content\\\/uploads\\\/2022\\\/06\\\/WS_Puissant_Fond-Rose.png\",\"width\":974,\"height\":972,\"caption\":\"White Sublime Lait Eclaircissant Parfait \u00e0 base d\u2019ORGANICLEAR, de Bave d\u2019escargot et de Venin de Serpent 500 ml\"},{\"@type\":\"BreadcrumbList\",\"@id\":\"https:\\\/\\\/www.cosmetics-ebene.com\\\/en\\\/product\\\/white-sublime-lait-eclaircissant-parfait-a-base-dorganiclear-de-bave-descargot-et-de-venin-de-serpent-500-ml\\\/#breadcrumb\",\"itemListElement\":[{\"@type\":\"ListItem\",\"position\":1,\"name\":\"Home\",\"item\":\"https:\\\/\\\/www.cosmetics-ebene.com\\\/en\\\/\"},{\"@type\":\"ListItem\",\"position\":2,\"name\":\"Shop\",\"item\":\"https:\\\/\\\/www.cosmetics-ebene.com\\\/shop\\\/\"},{\"@type\":\"ListItem\",\"position\":3,\"name\":\"White Sublime Perfect Lightening Body Lotion With ORGANICLEAR, Snail slime and Snake Venom 500 ml\"}]},{\"@type\":\"WebSite\",\"@id\":\"https:\\\/\\\/www.cosmetics-ebene.com\\\/en\\\/#website\",\"url\":\"https:\\\/\\\/www.cosmetics-ebene.com\\\/en\\\/\",\"name\":\"Sessi\",\"description\":\"Produits de beaut\u00e9 pour peau noires et m\u00e9tiss\u00e9\",\"publisher\":{\"@id\":\"https:\\\/\\\/www.cosmetics-ebene.com\\\/en\\\/#organization\"},\"potentialAction\":[{\"@type\":\"SearchAction\",\"target\":{\"@type\":\"EntryPoint\",\"urlTemplate\":\"https:\\\/\\\/www.cosmetics-ebene.com\\\/en\\\/?s={search_term_string}\"},\"query-input\":{\"@type\":\"PropertyValueSpecification\",\"valueRequired\":true,\"valueName\":\"search_term_string\"}}],\"inLanguage\":\"en-US\"},{\"@type\":\"Organization\",\"@id\":\"https:\\\/\\\/www.cosmetics-ebene.com\\\/en\\\/#organization\",\"name\":\"Sessi\",\"url\":\"https:\\\/\\\/www.cosmetics-ebene.com\\\/en\\\/\",\"logo\":{\"@type\":\"ImageObject\",\"inLanguage\":\"en-US\",\"@id\":\"https:\\\/\\\/www.cosmetics-ebene.com\\\/en\\\/#\\\/schema\\\/logo\\\/image\\\/\",\"url\":\"https:\\\/\\\/www.cosmetics-ebene.com\\\/wp-content\\\/uploads\\\/2024\\\/09\\\/cosmetics-ebene-logo-1-e1727351533275.png\",\"contentUrl\":\"https:\\\/\\\/www.cosmetics-ebene.com\\\/wp-content\\\/uploads\\\/2024\\\/09\\\/cosmetics-ebene-logo-1-e1727351533275.png\",\"width\":350,\"height\":69,\"caption\":\"Sessi\"},\"image\":{\"@id\":\"https:\\\/\\\/www.cosmetics-ebene.com\\\/en\\\/#\\\/schema\\\/logo\\\/image\\\/\"}}]}<\/script>\n<!-- \/ Yoast SEO plugin. -->","yoast_head_json":{"title":"White Sublime Perfect Lightening Body Lotion With ORGANICLEAR, Snail slime and Snake Venom 500 ml - Sessi","robots":{"index":"index","follow":"follow","max-snippet":"max-snippet:-1","max-image-preview":"max-image-preview:large","max-video-preview":"max-video-preview:-1"},"canonical":"https:\/\/www.cosmetics-ebene.com\/en\/product\/white-sublime-lait-eclaircissant-parfait-a-base-dorganiclear-de-bave-descargot-et-de-venin-de-serpent-500-ml\/","og_locale":"en_US","og_type":"article","og_title":"White Sublime Perfect Lightening Body Lotion With ORGANICLEAR, Snail slime and Snake Venom 500 ml - Sessi","og_description":"After years of research, our laboratory managed to create WHITE SUBLIME Lightening Body Milk with SNAIL SLIME and SNAKE VENOM. The perfect balance has been found between the lightening actives and the lightening active ORGANICLEAR developed by our team. The presence of snake slime, for its numerous properties such as its regenerating power and it &hellip; Continue reading White Sublime Perfect Lightening Body Lotion With ORGANICLEAR, Snail slime and Snake Venom 500 ml","og_url":"https:\/\/www.cosmetics-ebene.com\/en\/product\/white-sublime-lait-eclaircissant-parfait-a-base-dorganiclear-de-bave-descargot-et-de-venin-de-serpent-500-ml\/","og_site_name":"Sessi","article_modified_time":"2025-05-28T15:51:48+00:00","og_image":[{"width":974,"height":972,"url":"https:\/\/www.cosmetics-ebene.com\/wp-content\/uploads\/2022\/06\/WS_Puissant_Fond-Rose.png","type":"image\/png"}],"twitter_card":"summary_large_image","twitter_misc":{"Est. reading time":"1 minute"},"schema":{"@context":"https:\/\/schema.org","@graph":[{"@type":"WebPage","@id":"https:\/\/www.cosmetics-ebene.com\/en\/product\/white-sublime-lait-eclaircissant-parfait-a-base-dorganiclear-de-bave-descargot-et-de-venin-de-serpent-500-ml\/","url":"https:\/\/www.cosmetics-ebene.com\/en\/product\/white-sublime-lait-eclaircissant-parfait-a-base-dorganiclear-de-bave-descargot-et-de-venin-de-serpent-500-ml\/","name":"White Sublime Perfect Lightening Body Lotion With ORGANICLEAR, Snail slime and Snake Venom 500 ml - Sessi","isPartOf":{"@id":"https:\/\/www.cosmetics-ebene.com\/en\/#website"},"primaryImageOfPage":{"@id":"https:\/\/www.cosmetics-ebene.com\/en\/product\/white-sublime-lait-eclaircissant-parfait-a-base-dorganiclear-de-bave-descargot-et-de-venin-de-serpent-500-ml\/#primaryimage"},"image":{"@id":"https:\/\/www.cosmetics-ebene.com\/en\/product\/white-sublime-lait-eclaircissant-parfait-a-base-dorganiclear-de-bave-descargot-et-de-venin-de-serpent-500-ml\/#primaryimage"},"thumbnailUrl":"https:\/\/www.cosmetics-ebene.com\/wp-content\/uploads\/2022\/06\/WS_Puissant_Fond-Rose.png","datePublished":"2022-06-03T17:17:13+00:00","dateModified":"2025-05-28T15:51:48+00:00","breadcrumb":{"@id":"https:\/\/www.cosmetics-ebene.com\/en\/product\/white-sublime-lait-eclaircissant-parfait-a-base-dorganiclear-de-bave-descargot-et-de-venin-de-serpent-500-ml\/#breadcrumb"},"inLanguage":"en-US","potentialAction":[{"@type":"ReadAction","target":["https:\/\/www.cosmetics-ebene.com\/en\/product\/white-sublime-lait-eclaircissant-parfait-a-base-dorganiclear-de-bave-descargot-et-de-venin-de-serpent-500-ml\/"]}]},{"@type":"ImageObject","inLanguage":"en-US","@id":"https:\/\/www.cosmetics-ebene.com\/en\/product\/white-sublime-lait-eclaircissant-parfait-a-base-dorganiclear-de-bave-descargot-et-de-venin-de-serpent-500-ml\/#primaryimage","url":"https:\/\/www.cosmetics-ebene.com\/wp-content\/uploads\/2022\/06\/WS_Puissant_Fond-Rose.png","contentUrl":"https:\/\/www.cosmetics-ebene.com\/wp-content\/uploads\/2022\/06\/WS_Puissant_Fond-Rose.png","width":974,"height":972,"caption":"White Sublime Lait Eclaircissant Parfait \u00e0 base d\u2019ORGANICLEAR, de Bave d\u2019escargot et de Venin de Serpent 500 ml"},{"@type":"BreadcrumbList","@id":"https:\/\/www.cosmetics-ebene.com\/en\/product\/white-sublime-lait-eclaircissant-parfait-a-base-dorganiclear-de-bave-descargot-et-de-venin-de-serpent-500-ml\/#breadcrumb","itemListElement":[{"@type":"ListItem","position":1,"name":"Home","item":"https:\/\/www.cosmetics-ebene.com\/en\/"},{"@type":"ListItem","position":2,"name":"Shop","item":"https:\/\/www.cosmetics-ebene.com\/shop\/"},{"@type":"ListItem","position":3,"name":"White Sublime Perfect Lightening Body Lotion With ORGANICLEAR, Snail slime and Snake Venom 500 ml"}]},{"@type":"WebSite","@id":"https:\/\/www.cosmetics-ebene.com\/en\/#website","url":"https:\/\/www.cosmetics-ebene.com\/en\/","name":"Sessi","description":"Produits de beaut\u00e9 pour peau noires et m\u00e9tiss\u00e9","publisher":{"@id":"https:\/\/www.cosmetics-ebene.com\/en\/#organization"},"potentialAction":[{"@type":"SearchAction","target":{"@type":"EntryPoint","urlTemplate":"https:\/\/www.cosmetics-ebene.com\/en\/?s={search_term_string}"},"query-input":{"@type":"PropertyValueSpecification","valueRequired":true,"valueName":"search_term_string"}}],"inLanguage":"en-US"},{"@type":"Organization","@id":"https:\/\/www.cosmetics-ebene.com\/en\/#organization","name":"Sessi","url":"https:\/\/www.cosmetics-ebene.com\/en\/","logo":{"@type":"ImageObject","inLanguage":"en-US","@id":"https:\/\/www.cosmetics-ebene.com\/en\/#\/schema\/logo\/image\/","url":"https:\/\/www.cosmetics-ebene.com\/wp-content\/uploads\/2024\/09\/cosmetics-ebene-logo-1-e1727351533275.png","contentUrl":"https:\/\/www.cosmetics-ebene.com\/wp-content\/uploads\/2024\/09\/cosmetics-ebene-logo-1-e1727351533275.png","width":350,"height":69,"caption":"Sessi"},"image":{"@id":"https:\/\/www.cosmetics-ebene.com\/en\/#\/schema\/logo\/image\/"}}]}},"_links":{"self":[{"href":"https:\/\/www.cosmetics-ebene.com\/en\/wp-json\/wp\/v2\/product\/10472","targetHints":{"allow":["GET"]}}],"collection":[{"href":"https:\/\/www.cosmetics-ebene.com\/en\/wp-json\/wp\/v2\/product"}],"about":[{"href":"https:\/\/www.cosmetics-ebene.com\/en\/wp-json\/wp\/v2\/types\/product"}],"replies":[{"embeddable":true,"href":"https:\/\/www.cosmetics-ebene.com\/en\/wp-json\/wp\/v2\/comments?post=10472"}],"version-history":[{"count":0,"href":"https:\/\/www.cosmetics-ebene.com\/en\/wp-json\/wp\/v2\/product\/10472\/revisions"}],"wp:featuredmedia":[{"embeddable":true,"href":"https:\/\/www.cosmetics-ebene.com\/en\/wp-json\/wp\/v2\/media\/17820"}],"wp:attachment":[{"href":"https:\/\/www.cosmetics-ebene.com\/en\/wp-json\/wp\/v2\/media?parent=10472"}],"wp:term":[{"taxonomy":"product_brand","embeddable":true,"href":"https:\/\/www.cosmetics-ebene.com\/en\/wp-json\/wp\/v2\/product_brand?post=10472"},{"taxonomy":"product_cat","embeddable":true,"href":"https:\/\/www.cosmetics-ebene.com\/en\/wp-json\/wp\/v2\/product_cat?post=10472"},{"taxonomy":"product_tag","embeddable":true,"href":"https:\/\/www.cosmetics-ebene.com\/en\/wp-json\/wp\/v2\/product_tag?post=10472"}],"curies":[{"name":"wp","href":"https:\/\/api.w.org\/{rel}","templated":true}]}}