{"id":10490,"date":"2023-04-21T15:01:35","date_gmt":"2023-04-21T15:01:35","guid":{"rendered":"https:\/\/preprod.cosmetics-ebene.com\/?product=envi-a2-vitamine-e"},"modified":"2024-08-28T15:15:55","modified_gmt":"2024-08-28T15:15:55","slug":"envi-a2-vitamine-e","status":"publish","type":"product","link":"https:\/\/www.cosmetics-ebene.com\/en\/product\/envi-a2-vitamine-e\/","title":{"rendered":"Envi A2 Vitamine E"},"content":{"rendered":"<p>Afin de r\u00e9pondre au besoin de notre client\u00e8le nous avons mis en bouteille de la Vitamine E \u00e0 usage cutan\u00e9e.<\/p>\n<p>La vitamine E est un hydratant puissant, de plus elle permet de lutter contre l&#8217;apparition des rides gr\u00e2ce \u00e0 son action contre le vieillissement cutan\u00e9. Antioxydante, elle prot\u00e8ge la peau des dommages irr\u00e9versibles engendr\u00e9s par la pr\u00e9sence des radicaux libres.<\/p>\n<p>Elle est efficace pour pr\u00e9venir les taches brunes et permet \u00e0 la peau de retrouver l\u2019\u00e9lasticit\u00e9 de son \u00e9piderme.<\/p>\n<\/p>\n<p>Utilisation : A utiliser quotidiennement apr\u00e8s votre bain ou votre douche pour une parfaite hydratation et une protection de l\u2019\u00e9piderme. Associez ce produit aux autres produits de la gamme ENVI-A2 pour d\u00e9cupler ses effets.<\/p>\n<p>Produit \u00e0 usage externe. Eviter le contact avec les yeux et les muqueuses, en cas de contact rincer abondamment \u00e0 l\u2019eau.<\/p>\n","protected":false},"excerpt":{"rendered":"<p>La vitamine E est un hydratant puissant, de plus elle permet de lutter contre l&#8217;apparition des rides gr\u00e2ce \u00e0 son action contre le vieillissement cutan\u00e9. Antioxydante, elle prot\u00e8ge la peau des dommages irr\u00e9versibles engendr\u00e9s par la pr\u00e9sence des radicaux libres.Elle est efficace pour pr\u00e9venir les taches brunes et permet \u00e0 la peau de retrouver l\u2019\u00e9lasticit\u00e9 de son \u00e9piderme.<\/p>\n","protected":false},"featured_media":10488,"comment_status":"open","ping_status":"closed","template":"","meta":[],"product_brand":[],"product_cat":[298],"product_tag":[],"class_list":{"0":"post-10490","1":"product","2":"type-product","3":"status-publish","4":"has-post-thumbnail","6":"product_cat-envia2-en","9":"instock","10":"taxable","11":"shipping-taxable","12":"purchasable","13":"product-type-simple"},"yoast_head":"<!-- This site is optimized with the Yoast SEO plugin v27.3 - https:\/\/yoast.com\/product\/yoast-seo-wordpress\/ -->\n<title>Envi A2 Vitamine E - Sessi<\/title>\n<meta name=\"robots\" content=\"index, follow, max-snippet:-1, max-image-preview:large, max-video-preview:-1\" \/>\n<link rel=\"canonical\" href=\"https:\/\/www.cosmetics-ebene.com\/en\/product\/envi-a2-vitamine-e\/\" \/>\n<meta property=\"og:locale\" content=\"en_US\" \/>\n<meta property=\"og:type\" content=\"article\" \/>\n<meta property=\"og:title\" content=\"Envi A2 Vitamine E - Sessi\" \/>\n<meta property=\"og:description\" content=\"La vitamine E est un hydratant puissant, de plus elle permet de lutter contre l&#039;apparition des rides gr\u00e2ce \u00e0 son action contre le vieillissement cutan\u00e9. Antioxydante, elle prot\u00e8ge la peau des dommages irr\u00e9versibles engendr\u00e9s par la pr\u00e9sence des radicaux libres.Elle est efficace pour pr\u00e9venir les taches brunes et permet \u00e0 la peau de retrouver l\u2019\u00e9lasticit\u00e9 de son \u00e9piderme.\" \/>\n<meta property=\"og:url\" content=\"https:\/\/www.cosmetics-ebene.com\/en\/product\/envi-a2-vitamine-e\/\" \/>\n<meta property=\"og:site_name\" content=\"Sessi\" \/>\n<meta property=\"article:modified_time\" content=\"2024-08-28T15:15:55+00:00\" \/>\n<meta property=\"og:image\" content=\"https:\/\/www.cosmetics-ebene.com\/wp-content\/uploads\/2024\/09\/704.jpg\" \/>\n\t<meta property=\"og:image:width\" content=\"695\" \/>\n\t<meta property=\"og:image:height\" content=\"887\" \/>\n\t<meta property=\"og:image:type\" content=\"image\/jpeg\" \/>\n<meta name=\"twitter:card\" content=\"summary_large_image\" \/>\n<meta name=\"twitter:label1\" content=\"Est. reading time\" \/>\n\t<meta name=\"twitter:data1\" content=\"1 minute\" \/>\n<script type=\"application\/ld+json\" class=\"yoast-schema-graph\">{\"@context\":\"https:\\\/\\\/schema.org\",\"@graph\":[{\"@type\":\"WebPage\",\"@id\":\"https:\\\/\\\/www.cosmetics-ebene.com\\\/en\\\/product\\\/envi-a2-vitamine-e\\\/\",\"url\":\"https:\\\/\\\/www.cosmetics-ebene.com\\\/en\\\/product\\\/envi-a2-vitamine-e\\\/\",\"name\":\"Envi A2 Vitamine E - Sessi\",\"isPartOf\":{\"@id\":\"https:\\\/\\\/www.cosmetics-ebene.com\\\/en\\\/#website\"},\"primaryImageOfPage\":{\"@id\":\"https:\\\/\\\/www.cosmetics-ebene.com\\\/en\\\/product\\\/envi-a2-vitamine-e\\\/#primaryimage\"},\"image\":{\"@id\":\"https:\\\/\\\/www.cosmetics-ebene.com\\\/en\\\/product\\\/envi-a2-vitamine-e\\\/#primaryimage\"},\"thumbnailUrl\":\"https:\\\/\\\/www.cosmetics-ebene.com\\\/wp-content\\\/uploads\\\/2024\\\/09\\\/704.jpg\",\"datePublished\":\"2023-04-21T15:01:35+00:00\",\"dateModified\":\"2024-08-28T15:15:55+00:00\",\"breadcrumb\":{\"@id\":\"https:\\\/\\\/www.cosmetics-ebene.com\\\/en\\\/product\\\/envi-a2-vitamine-e\\\/#breadcrumb\"},\"inLanguage\":\"en-US\",\"potentialAction\":[{\"@type\":\"ReadAction\",\"target\":[\"https:\\\/\\\/www.cosmetics-ebene.com\\\/en\\\/product\\\/envi-a2-vitamine-e\\\/\"]}]},{\"@type\":\"ImageObject\",\"inLanguage\":\"en-US\",\"@id\":\"https:\\\/\\\/www.cosmetics-ebene.com\\\/en\\\/product\\\/envi-a2-vitamine-e\\\/#primaryimage\",\"url\":\"https:\\\/\\\/www.cosmetics-ebene.com\\\/wp-content\\\/uploads\\\/2024\\\/09\\\/704.jpg\",\"contentUrl\":\"https:\\\/\\\/www.cosmetics-ebene.com\\\/wp-content\\\/uploads\\\/2024\\\/09\\\/704.jpg\",\"width\":695,\"height\":887,\"caption\":\"Envi A2 Vitamine E\"},{\"@type\":\"BreadcrumbList\",\"@id\":\"https:\\\/\\\/www.cosmetics-ebene.com\\\/en\\\/product\\\/envi-a2-vitamine-e\\\/#breadcrumb\",\"itemListElement\":[{\"@type\":\"ListItem\",\"position\":1,\"name\":\"Home\",\"item\":\"https:\\\/\\\/www.cosmetics-ebene.com\\\/en\\\/\"},{\"@type\":\"ListItem\",\"position\":2,\"name\":\"Shop\",\"item\":\"https:\\\/\\\/www.cosmetics-ebene.com\\\/shop\\\/\"},{\"@type\":\"ListItem\",\"position\":3,\"name\":\"Envi A2 Vitamine E\"}]},{\"@type\":\"WebSite\",\"@id\":\"https:\\\/\\\/www.cosmetics-ebene.com\\\/en\\\/#website\",\"url\":\"https:\\\/\\\/www.cosmetics-ebene.com\\\/en\\\/\",\"name\":\"Sessi\",\"description\":\"Produits de beaut\u00e9 pour peau noires et m\u00e9tiss\u00e9\",\"publisher\":{\"@id\":\"https:\\\/\\\/www.cosmetics-ebene.com\\\/en\\\/#organization\"},\"potentialAction\":[{\"@type\":\"SearchAction\",\"target\":{\"@type\":\"EntryPoint\",\"urlTemplate\":\"https:\\\/\\\/www.cosmetics-ebene.com\\\/en\\\/?s={search_term_string}\"},\"query-input\":{\"@type\":\"PropertyValueSpecification\",\"valueRequired\":true,\"valueName\":\"search_term_string\"}}],\"inLanguage\":\"en-US\"},{\"@type\":\"Organization\",\"@id\":\"https:\\\/\\\/www.cosmetics-ebene.com\\\/en\\\/#organization\",\"name\":\"Sessi\",\"url\":\"https:\\\/\\\/www.cosmetics-ebene.com\\\/en\\\/\",\"logo\":{\"@type\":\"ImageObject\",\"inLanguage\":\"en-US\",\"@id\":\"https:\\\/\\\/www.cosmetics-ebene.com\\\/en\\\/#\\\/schema\\\/logo\\\/image\\\/\",\"url\":\"https:\\\/\\\/www.cosmetics-ebene.com\\\/wp-content\\\/uploads\\\/2024\\\/09\\\/cosmetics-ebene-logo-1-e1727351533275.png\",\"contentUrl\":\"https:\\\/\\\/www.cosmetics-ebene.com\\\/wp-content\\\/uploads\\\/2024\\\/09\\\/cosmetics-ebene-logo-1-e1727351533275.png\",\"width\":350,\"height\":69,\"caption\":\"Sessi\"},\"image\":{\"@id\":\"https:\\\/\\\/www.cosmetics-ebene.com\\\/en\\\/#\\\/schema\\\/logo\\\/image\\\/\"}}]}<\/script>\n<!-- \/ Yoast SEO plugin. -->","yoast_head_json":{"title":"Envi A2 Vitamine E - Sessi","robots":{"index":"index","follow":"follow","max-snippet":"max-snippet:-1","max-image-preview":"max-image-preview:large","max-video-preview":"max-video-preview:-1"},"canonical":"https:\/\/www.cosmetics-ebene.com\/en\/product\/envi-a2-vitamine-e\/","og_locale":"en_US","og_type":"article","og_title":"Envi A2 Vitamine E - Sessi","og_description":"La vitamine E est un hydratant puissant, de plus elle permet de lutter contre l'apparition des rides gr\u00e2ce \u00e0 son action contre le vieillissement cutan\u00e9. Antioxydante, elle prot\u00e8ge la peau des dommages irr\u00e9versibles engendr\u00e9s par la pr\u00e9sence des radicaux libres.Elle est efficace pour pr\u00e9venir les taches brunes et permet \u00e0 la peau de retrouver l\u2019\u00e9lasticit\u00e9 de son \u00e9piderme.","og_url":"https:\/\/www.cosmetics-ebene.com\/en\/product\/envi-a2-vitamine-e\/","og_site_name":"Sessi","article_modified_time":"2024-08-28T15:15:55+00:00","og_image":[{"width":695,"height":887,"url":"https:\/\/www.cosmetics-ebene.com\/wp-content\/uploads\/2024\/09\/704.jpg","type":"image\/jpeg"}],"twitter_card":"summary_large_image","twitter_misc":{"Est. reading time":"1 minute"},"schema":{"@context":"https:\/\/schema.org","@graph":[{"@type":"WebPage","@id":"https:\/\/www.cosmetics-ebene.com\/en\/product\/envi-a2-vitamine-e\/","url":"https:\/\/www.cosmetics-ebene.com\/en\/product\/envi-a2-vitamine-e\/","name":"Envi A2 Vitamine E - Sessi","isPartOf":{"@id":"https:\/\/www.cosmetics-ebene.com\/en\/#website"},"primaryImageOfPage":{"@id":"https:\/\/www.cosmetics-ebene.com\/en\/product\/envi-a2-vitamine-e\/#primaryimage"},"image":{"@id":"https:\/\/www.cosmetics-ebene.com\/en\/product\/envi-a2-vitamine-e\/#primaryimage"},"thumbnailUrl":"https:\/\/www.cosmetics-ebene.com\/wp-content\/uploads\/2024\/09\/704.jpg","datePublished":"2023-04-21T15:01:35+00:00","dateModified":"2024-08-28T15:15:55+00:00","breadcrumb":{"@id":"https:\/\/www.cosmetics-ebene.com\/en\/product\/envi-a2-vitamine-e\/#breadcrumb"},"inLanguage":"en-US","potentialAction":[{"@type":"ReadAction","target":["https:\/\/www.cosmetics-ebene.com\/en\/product\/envi-a2-vitamine-e\/"]}]},{"@type":"ImageObject","inLanguage":"en-US","@id":"https:\/\/www.cosmetics-ebene.com\/en\/product\/envi-a2-vitamine-e\/#primaryimage","url":"https:\/\/www.cosmetics-ebene.com\/wp-content\/uploads\/2024\/09\/704.jpg","contentUrl":"https:\/\/www.cosmetics-ebene.com\/wp-content\/uploads\/2024\/09\/704.jpg","width":695,"height":887,"caption":"Envi A2 Vitamine E"},{"@type":"BreadcrumbList","@id":"https:\/\/www.cosmetics-ebene.com\/en\/product\/envi-a2-vitamine-e\/#breadcrumb","itemListElement":[{"@type":"ListItem","position":1,"name":"Home","item":"https:\/\/www.cosmetics-ebene.com\/en\/"},{"@type":"ListItem","position":2,"name":"Shop","item":"https:\/\/www.cosmetics-ebene.com\/shop\/"},{"@type":"ListItem","position":3,"name":"Envi A2 Vitamine E"}]},{"@type":"WebSite","@id":"https:\/\/www.cosmetics-ebene.com\/en\/#website","url":"https:\/\/www.cosmetics-ebene.com\/en\/","name":"Sessi","description":"Produits de beaut\u00e9 pour peau noires et m\u00e9tiss\u00e9","publisher":{"@id":"https:\/\/www.cosmetics-ebene.com\/en\/#organization"},"potentialAction":[{"@type":"SearchAction","target":{"@type":"EntryPoint","urlTemplate":"https:\/\/www.cosmetics-ebene.com\/en\/?s={search_term_string}"},"query-input":{"@type":"PropertyValueSpecification","valueRequired":true,"valueName":"search_term_string"}}],"inLanguage":"en-US"},{"@type":"Organization","@id":"https:\/\/www.cosmetics-ebene.com\/en\/#organization","name":"Sessi","url":"https:\/\/www.cosmetics-ebene.com\/en\/","logo":{"@type":"ImageObject","inLanguage":"en-US","@id":"https:\/\/www.cosmetics-ebene.com\/en\/#\/schema\/logo\/image\/","url":"https:\/\/www.cosmetics-ebene.com\/wp-content\/uploads\/2024\/09\/cosmetics-ebene-logo-1-e1727351533275.png","contentUrl":"https:\/\/www.cosmetics-ebene.com\/wp-content\/uploads\/2024\/09\/cosmetics-ebene-logo-1-e1727351533275.png","width":350,"height":69,"caption":"Sessi"},"image":{"@id":"https:\/\/www.cosmetics-ebene.com\/en\/#\/schema\/logo\/image\/"}}]}},"_links":{"self":[{"href":"https:\/\/www.cosmetics-ebene.com\/en\/wp-json\/wp\/v2\/product\/10490","targetHints":{"allow":["GET"]}}],"collection":[{"href":"https:\/\/www.cosmetics-ebene.com\/en\/wp-json\/wp\/v2\/product"}],"about":[{"href":"https:\/\/www.cosmetics-ebene.com\/en\/wp-json\/wp\/v2\/types\/product"}],"replies":[{"embeddable":true,"href":"https:\/\/www.cosmetics-ebene.com\/en\/wp-json\/wp\/v2\/comments?post=10490"}],"version-history":[{"count":0,"href":"https:\/\/www.cosmetics-ebene.com\/en\/wp-json\/wp\/v2\/product\/10490\/revisions"}],"wp:featuredmedia":[{"embeddable":true,"href":"https:\/\/www.cosmetics-ebene.com\/en\/wp-json\/wp\/v2\/media\/10488"}],"wp:attachment":[{"href":"https:\/\/www.cosmetics-ebene.com\/en\/wp-json\/wp\/v2\/media?parent=10490"}],"wp:term":[{"taxonomy":"product_brand","embeddable":true,"href":"https:\/\/www.cosmetics-ebene.com\/en\/wp-json\/wp\/v2\/product_brand?post=10490"},{"taxonomy":"product_cat","embeddable":true,"href":"https:\/\/www.cosmetics-ebene.com\/en\/wp-json\/wp\/v2\/product_cat?post=10490"},{"taxonomy":"product_tag","embeddable":true,"href":"https:\/\/www.cosmetics-ebene.com\/en\/wp-json\/wp\/v2\/product_tag?post=10490"}],"curies":[{"name":"wp","href":"https:\/\/api.w.org\/{rel}","templated":true}]}}