{"id":10520,"date":"2024-08-06T12:07:03","date_gmt":"2024-08-06T12:07:03","guid":{"rendered":"https:\/\/preprod.cosmetics-ebene.com\/?product=lait-rouge-mgc"},"modified":"2026-01-29T10:44:00","modified_gmt":"2026-01-29T10:44:00","slug":"lait-rouge-mgc","status":"publish","type":"product","link":"https:\/\/www.cosmetics-ebene.com\/en\/product\/lait-rouge-mgc\/","title":{"rendered":"Lait Rouge MGC"},"content":{"rendered":"<h2><img decoding=\"async\" src=\"https:\/\/www.cosmetics-ebene.com\/wp-content\/uploads\/content\/icon1.jpg\" alt=\"\" height=\"73\" width=\"69\" \/>\u00c9labor\u00e9 et mis au point par des sp\u00e9cialistes en cosm\u00e9tologie.<\/h2>\n<p>Le lait corporelle \u00e9claircissant MGC rouge est un classique pour une bonne raison, il a \u00e9t\u00e9 cr\u00e9e pour r\u00e9pondre aux probl\u00e8mes d&#8217;hydratation et de nutrition des peaux noires et m\u00e9tiss\u00e9es.\u00a0<\/p>\n<p>Grace \u00e0 une meilleure hydratation des couches sup\u00e9rieures de l\u2019\u00e9piderme. Elle retrouve une belle harmonie et rayonne<\/p>\n<p>\u00a0<\/p>\n<h2><img decoding=\"async\" src=\"https:\/\/www.cosmetics-ebene.com\/wp-content\/uploads\/content\/icon2.jpg\" alt=\"\" height=\"73\" width=\"69\" \/>Conseils d\u2019utilisations :<\/h2>\n<p>A appliquer une \u00e0 deux fois par jour sur le corps apr\u00e8s l&#8217;avoir pr\u00e9alablement lav\u00e9.\u00a0\u00c9viter le contact avec les yeux. En cas d\u2019irritation cessez l\u2019usage. Ne pas utiliser chez les enfants de moins de 12 ans. Usage externe uniquement<\/p>\n<h2><img decoding=\"async\" src=\"https:\/\/www.cosmetics-ebene.com\/wp-content\/uploads\/content\/icon3.jpg\" alt=\"\" height=\"73\" width=\"69\" \/>Composition :<\/h2>\n<p><span>Aqua (water), Paraffinum Liquidum (Mineral Oil), Glycerin, Polyacrylamide, C13-14 Isoparaffin, Laureth-7, Tocopheryl Acetate, Citric Acid, Parfum (Fragrance), Phenoxyethanol, Ethylhexylglycerin, Hydroxycitronellal, Geraniol, Linalool, Eugenol<\/span><\/p>\n","protected":false},"excerpt":{"rendered":"<p>Le lait corporelle \u00e9claircissant MGC rouge est un classique pour une bonne raison, il a \u00e9t\u00e9 cr\u00e9e pour r\u00e9pondre aux probl\u00e8mes d&#8217;hydratation et de nutrition des peaux noires et m\u00e9tiss\u00e9es.\u00a0<br \/>\nGrace \u00e0 une meilleure hydratation des couches sup\u00e9rieures de l\u2019\u00e9piderme. Elle retrouve une belle harmonie et rayonne<\/p>\n","protected":false},"featured_media":17914,"comment_status":"open","ping_status":"closed","template":"","meta":[],"product_brand":[],"product_cat":[414,416],"product_tag":[],"class_list":{"0":"post-10520","1":"product","2":"type-product","3":"status-publish","4":"has-post-thumbnail","6":"product_cat-mgc-en","7":"product_cat-mgc-rouge-en","10":"instock","11":"taxable","12":"shipping-taxable","13":"purchasable","14":"product-type-simple"},"yoast_head":"<!-- This site is optimized with the Yoast SEO plugin v27.3 - https:\/\/yoast.com\/product\/yoast-seo-wordpress\/ -->\n<title>Lait Rouge MGC - Sessi<\/title>\n<meta name=\"robots\" content=\"index, follow, max-snippet:-1, max-image-preview:large, max-video-preview:-1\" \/>\n<link rel=\"canonical\" href=\"https:\/\/www.cosmetics-ebene.com\/en\/product\/lait-rouge-mgc\/\" \/>\n<meta property=\"og:locale\" content=\"en_US\" \/>\n<meta property=\"og:type\" content=\"article\" \/>\n<meta property=\"og:title\" content=\"Lait Rouge MGC - Sessi\" \/>\n<meta property=\"og:description\" content=\"Le lait corporelle \u00e9claircissant MGC rouge est un classique pour une bonne raison, il a \u00e9t\u00e9 cr\u00e9e pour r\u00e9pondre aux probl\u00e8mes d&#039;hydratation et de nutrition des peaux noires et m\u00e9tiss\u00e9es.\u00a0 Grace \u00e0 une meilleure hydratation des couches sup\u00e9rieures de l\u2019\u00e9piderme. Elle retrouve une belle harmonie et rayonne\" \/>\n<meta property=\"og:url\" content=\"https:\/\/www.cosmetics-ebene.com\/en\/product\/lait-rouge-mgc\/\" \/>\n<meta property=\"og:site_name\" content=\"Sessi\" \/>\n<meta property=\"article:modified_time\" content=\"2026-01-29T10:44:00+00:00\" \/>\n<meta property=\"og:image\" content=\"https:\/\/www.cosmetics-ebene.com\/wp-content\/uploads\/2024\/08\/MGC-Lait-Eclaircissant-Rouge-3.png\" \/>\n\t<meta property=\"og:image:width\" content=\"1000\" \/>\n\t<meta property=\"og:image:height\" content=\"1000\" \/>\n\t<meta property=\"og:image:type\" content=\"image\/png\" \/>\n<meta name=\"twitter:card\" content=\"summary_large_image\" \/>\n<meta name=\"twitter:label1\" content=\"Est. reading time\" \/>\n\t<meta name=\"twitter:data1\" content=\"1 minute\" \/>\n<script type=\"application\/ld+json\" class=\"yoast-schema-graph\">{\"@context\":\"https:\\\/\\\/schema.org\",\"@graph\":[{\"@type\":\"WebPage\",\"@id\":\"https:\\\/\\\/www.cosmetics-ebene.com\\\/en\\\/product\\\/lait-rouge-mgc\\\/\",\"url\":\"https:\\\/\\\/www.cosmetics-ebene.com\\\/en\\\/product\\\/lait-rouge-mgc\\\/\",\"name\":\"Lait Rouge MGC - Sessi\",\"isPartOf\":{\"@id\":\"https:\\\/\\\/www.cosmetics-ebene.com\\\/en\\\/#website\"},\"primaryImageOfPage\":{\"@id\":\"https:\\\/\\\/www.cosmetics-ebene.com\\\/en\\\/product\\\/lait-rouge-mgc\\\/#primaryimage\"},\"image\":{\"@id\":\"https:\\\/\\\/www.cosmetics-ebene.com\\\/en\\\/product\\\/lait-rouge-mgc\\\/#primaryimage\"},\"thumbnailUrl\":\"https:\\\/\\\/www.cosmetics-ebene.com\\\/wp-content\\\/uploads\\\/2024\\\/08\\\/MGC-Lait-Eclaircissant-Rouge-3.png\",\"datePublished\":\"2024-08-06T12:07:03+00:00\",\"dateModified\":\"2026-01-29T10:44:00+00:00\",\"breadcrumb\":{\"@id\":\"https:\\\/\\\/www.cosmetics-ebene.com\\\/en\\\/product\\\/lait-rouge-mgc\\\/#breadcrumb\"},\"inLanguage\":\"en-US\",\"potentialAction\":[{\"@type\":\"ReadAction\",\"target\":[\"https:\\\/\\\/www.cosmetics-ebene.com\\\/en\\\/product\\\/lait-rouge-mgc\\\/\"]}]},{\"@type\":\"ImageObject\",\"inLanguage\":\"en-US\",\"@id\":\"https:\\\/\\\/www.cosmetics-ebene.com\\\/en\\\/product\\\/lait-rouge-mgc\\\/#primaryimage\",\"url\":\"https:\\\/\\\/www.cosmetics-ebene.com\\\/wp-content\\\/uploads\\\/2024\\\/08\\\/MGC-Lait-Eclaircissant-Rouge-3.png\",\"contentUrl\":\"https:\\\/\\\/www.cosmetics-ebene.com\\\/wp-content\\\/uploads\\\/2024\\\/08\\\/MGC-Lait-Eclaircissant-Rouge-3.png\",\"width\":1000,\"height\":1000},{\"@type\":\"BreadcrumbList\",\"@id\":\"https:\\\/\\\/www.cosmetics-ebene.com\\\/en\\\/product\\\/lait-rouge-mgc\\\/#breadcrumb\",\"itemListElement\":[{\"@type\":\"ListItem\",\"position\":1,\"name\":\"Home\",\"item\":\"https:\\\/\\\/www.cosmetics-ebene.com\\\/en\\\/\"},{\"@type\":\"ListItem\",\"position\":2,\"name\":\"Shop\",\"item\":\"https:\\\/\\\/www.cosmetics-ebene.com\\\/shop\\\/\"},{\"@type\":\"ListItem\",\"position\":3,\"name\":\"Lait Rouge MGC\"}]},{\"@type\":\"WebSite\",\"@id\":\"https:\\\/\\\/www.cosmetics-ebene.com\\\/en\\\/#website\",\"url\":\"https:\\\/\\\/www.cosmetics-ebene.com\\\/en\\\/\",\"name\":\"Sessi\",\"description\":\"Produits de beaut\u00e9 pour peau noires et m\u00e9tiss\u00e9\",\"publisher\":{\"@id\":\"https:\\\/\\\/www.cosmetics-ebene.com\\\/en\\\/#organization\"},\"potentialAction\":[{\"@type\":\"SearchAction\",\"target\":{\"@type\":\"EntryPoint\",\"urlTemplate\":\"https:\\\/\\\/www.cosmetics-ebene.com\\\/en\\\/?s={search_term_string}\"},\"query-input\":{\"@type\":\"PropertyValueSpecification\",\"valueRequired\":true,\"valueName\":\"search_term_string\"}}],\"inLanguage\":\"en-US\"},{\"@type\":\"Organization\",\"@id\":\"https:\\\/\\\/www.cosmetics-ebene.com\\\/en\\\/#organization\",\"name\":\"Sessi\",\"url\":\"https:\\\/\\\/www.cosmetics-ebene.com\\\/en\\\/\",\"logo\":{\"@type\":\"ImageObject\",\"inLanguage\":\"en-US\",\"@id\":\"https:\\\/\\\/www.cosmetics-ebene.com\\\/en\\\/#\\\/schema\\\/logo\\\/image\\\/\",\"url\":\"https:\\\/\\\/www.cosmetics-ebene.com\\\/wp-content\\\/uploads\\\/2024\\\/09\\\/cosmetics-ebene-logo-1-e1727351533275.png\",\"contentUrl\":\"https:\\\/\\\/www.cosmetics-ebene.com\\\/wp-content\\\/uploads\\\/2024\\\/09\\\/cosmetics-ebene-logo-1-e1727351533275.png\",\"width\":350,\"height\":69,\"caption\":\"Sessi\"},\"image\":{\"@id\":\"https:\\\/\\\/www.cosmetics-ebene.com\\\/en\\\/#\\\/schema\\\/logo\\\/image\\\/\"}}]}<\/script>\n<!-- \/ Yoast SEO plugin. -->","yoast_head_json":{"title":"Lait Rouge MGC - Sessi","robots":{"index":"index","follow":"follow","max-snippet":"max-snippet:-1","max-image-preview":"max-image-preview:large","max-video-preview":"max-video-preview:-1"},"canonical":"https:\/\/www.cosmetics-ebene.com\/en\/product\/lait-rouge-mgc\/","og_locale":"en_US","og_type":"article","og_title":"Lait Rouge MGC - Sessi","og_description":"Le lait corporelle \u00e9claircissant MGC rouge est un classique pour une bonne raison, il a \u00e9t\u00e9 cr\u00e9e pour r\u00e9pondre aux probl\u00e8mes d'hydratation et de nutrition des peaux noires et m\u00e9tiss\u00e9es.\u00a0 Grace \u00e0 une meilleure hydratation des couches sup\u00e9rieures de l\u2019\u00e9piderme. Elle retrouve une belle harmonie et rayonne","og_url":"https:\/\/www.cosmetics-ebene.com\/en\/product\/lait-rouge-mgc\/","og_site_name":"Sessi","article_modified_time":"2026-01-29T10:44:00+00:00","og_image":[{"width":1000,"height":1000,"url":"https:\/\/www.cosmetics-ebene.com\/wp-content\/uploads\/2024\/08\/MGC-Lait-Eclaircissant-Rouge-3.png","type":"image\/png"}],"twitter_card":"summary_large_image","twitter_misc":{"Est. reading time":"1 minute"},"schema":{"@context":"https:\/\/schema.org","@graph":[{"@type":"WebPage","@id":"https:\/\/www.cosmetics-ebene.com\/en\/product\/lait-rouge-mgc\/","url":"https:\/\/www.cosmetics-ebene.com\/en\/product\/lait-rouge-mgc\/","name":"Lait Rouge MGC - Sessi","isPartOf":{"@id":"https:\/\/www.cosmetics-ebene.com\/en\/#website"},"primaryImageOfPage":{"@id":"https:\/\/www.cosmetics-ebene.com\/en\/product\/lait-rouge-mgc\/#primaryimage"},"image":{"@id":"https:\/\/www.cosmetics-ebene.com\/en\/product\/lait-rouge-mgc\/#primaryimage"},"thumbnailUrl":"https:\/\/www.cosmetics-ebene.com\/wp-content\/uploads\/2024\/08\/MGC-Lait-Eclaircissant-Rouge-3.png","datePublished":"2024-08-06T12:07:03+00:00","dateModified":"2026-01-29T10:44:00+00:00","breadcrumb":{"@id":"https:\/\/www.cosmetics-ebene.com\/en\/product\/lait-rouge-mgc\/#breadcrumb"},"inLanguage":"en-US","potentialAction":[{"@type":"ReadAction","target":["https:\/\/www.cosmetics-ebene.com\/en\/product\/lait-rouge-mgc\/"]}]},{"@type":"ImageObject","inLanguage":"en-US","@id":"https:\/\/www.cosmetics-ebene.com\/en\/product\/lait-rouge-mgc\/#primaryimage","url":"https:\/\/www.cosmetics-ebene.com\/wp-content\/uploads\/2024\/08\/MGC-Lait-Eclaircissant-Rouge-3.png","contentUrl":"https:\/\/www.cosmetics-ebene.com\/wp-content\/uploads\/2024\/08\/MGC-Lait-Eclaircissant-Rouge-3.png","width":1000,"height":1000},{"@type":"BreadcrumbList","@id":"https:\/\/www.cosmetics-ebene.com\/en\/product\/lait-rouge-mgc\/#breadcrumb","itemListElement":[{"@type":"ListItem","position":1,"name":"Home","item":"https:\/\/www.cosmetics-ebene.com\/en\/"},{"@type":"ListItem","position":2,"name":"Shop","item":"https:\/\/www.cosmetics-ebene.com\/shop\/"},{"@type":"ListItem","position":3,"name":"Lait Rouge MGC"}]},{"@type":"WebSite","@id":"https:\/\/www.cosmetics-ebene.com\/en\/#website","url":"https:\/\/www.cosmetics-ebene.com\/en\/","name":"Sessi","description":"Produits de beaut\u00e9 pour peau noires et m\u00e9tiss\u00e9","publisher":{"@id":"https:\/\/www.cosmetics-ebene.com\/en\/#organization"},"potentialAction":[{"@type":"SearchAction","target":{"@type":"EntryPoint","urlTemplate":"https:\/\/www.cosmetics-ebene.com\/en\/?s={search_term_string}"},"query-input":{"@type":"PropertyValueSpecification","valueRequired":true,"valueName":"search_term_string"}}],"inLanguage":"en-US"},{"@type":"Organization","@id":"https:\/\/www.cosmetics-ebene.com\/en\/#organization","name":"Sessi","url":"https:\/\/www.cosmetics-ebene.com\/en\/","logo":{"@type":"ImageObject","inLanguage":"en-US","@id":"https:\/\/www.cosmetics-ebene.com\/en\/#\/schema\/logo\/image\/","url":"https:\/\/www.cosmetics-ebene.com\/wp-content\/uploads\/2024\/09\/cosmetics-ebene-logo-1-e1727351533275.png","contentUrl":"https:\/\/www.cosmetics-ebene.com\/wp-content\/uploads\/2024\/09\/cosmetics-ebene-logo-1-e1727351533275.png","width":350,"height":69,"caption":"Sessi"},"image":{"@id":"https:\/\/www.cosmetics-ebene.com\/en\/#\/schema\/logo\/image\/"}}]}},"_links":{"self":[{"href":"https:\/\/www.cosmetics-ebene.com\/en\/wp-json\/wp\/v2\/product\/10520","targetHints":{"allow":["GET"]}}],"collection":[{"href":"https:\/\/www.cosmetics-ebene.com\/en\/wp-json\/wp\/v2\/product"}],"about":[{"href":"https:\/\/www.cosmetics-ebene.com\/en\/wp-json\/wp\/v2\/types\/product"}],"replies":[{"embeddable":true,"href":"https:\/\/www.cosmetics-ebene.com\/en\/wp-json\/wp\/v2\/comments?post=10520"}],"version-history":[{"count":0,"href":"https:\/\/www.cosmetics-ebene.com\/en\/wp-json\/wp\/v2\/product\/10520\/revisions"}],"wp:featuredmedia":[{"embeddable":true,"href":"https:\/\/www.cosmetics-ebene.com\/en\/wp-json\/wp\/v2\/media\/17914"}],"wp:attachment":[{"href":"https:\/\/www.cosmetics-ebene.com\/en\/wp-json\/wp\/v2\/media?parent=10520"}],"wp:term":[{"taxonomy":"product_brand","embeddable":true,"href":"https:\/\/www.cosmetics-ebene.com\/en\/wp-json\/wp\/v2\/product_brand?post=10520"},{"taxonomy":"product_cat","embeddable":true,"href":"https:\/\/www.cosmetics-ebene.com\/en\/wp-json\/wp\/v2\/product_cat?post=10520"},{"taxonomy":"product_tag","embeddable":true,"href":"https:\/\/www.cosmetics-ebene.com\/en\/wp-json\/wp\/v2\/product_tag?post=10520"}],"curies":[{"name":"wp","href":"https:\/\/api.w.org\/{rel}","templated":true}]}}