{"id":10526,"date":"2024-08-10T13:11:59","date_gmt":"2024-08-10T13:11:59","guid":{"rendered":"https:\/\/preprod.cosmetics-ebene.com\/?product=mgc-lait-eclaircissant-a-la-carotte"},"modified":"2026-01-29T10:43:59","modified_gmt":"2026-01-29T10:43:59","slug":"mgc-lait-eclaircissant-a-la-carotte","status":"publish","type":"product","link":"https:\/\/www.cosmetics-ebene.com\/en\/product\/mgc-lait-eclaircissant-a-la-carotte\/","title":{"rendered":"MGC Lait Eclaircissant \u00e0 la Carotte"},"content":{"rendered":"<h2><img decoding=\"async\" src=\"https:\/\/www.cosmetics-ebene.com\/wp-content\/uploads\/content\/icon1.jpg\" alt=\"\" height=\"73\" width=\"69\" \/>\u00c9labor\u00e9 et mis au point par des sp\u00e9cialistes en cosm\u00e9tologie.<\/h2>\n<p>MGC Lait de beaut\u00e9 CAROTTE \u00e9claircissant est d\u2019une efficacit\u00e9 EXTREME. Il vous procure des r\u00e9sultats exceptionnels car les actifs utilis\u00e9s sont s\u00e9lectionn\u00e9s avec pr\u00e9caution gr\u00e2ce \u00e0 notre laboratoire de recherche. La formule r\u00e9sulte de l\u2019association d\u2019extraits de plantes et d\u2019huile pr\u00e9cieuse de CAROTTE. Ce lait clarifie votre teint d\u2019une mani\u00e8re unique et apporte une parfaite hydratation des couches sup\u00e9rieures de l\u2019\u00e9piderme. Ce lait est la solution id\u00e9ale contre les radicaux libres qui engendrent le vieillissement pr\u00e9coce de la peau gr\u00e2ce \u00e0 la pr\u00e9sence des vitamines pr\u00e9sentes.<\/p>\n<p>\u00a0<\/p>\n<h2><img decoding=\"async\" src=\"https:\/\/www.cosmetics-ebene.com\/wp-content\/uploads\/content\/icon2.jpg\" alt=\"\" height=\"73\" width=\"69\" \/>Conseils d\u2019utilisations :<\/h2>\n<p>A appliquer une \u00e0 deux fois par jour sur le corps apr\u00e8s l&#8217;avoir pr\u00e9alablement lav\u00e9.\u00a0\u00c9viter le contact avec les yeux. En cas d\u2019irritation cessez l\u2019usage. Ne pas utiliser chez les enfants de moins de 12 ans. Usage externe uniquement<\/p>\n<h2><img decoding=\"async\" src=\"https:\/\/www.cosmetics-ebene.com\/wp-content\/uploads\/content\/icon3.jpg\" alt=\"\" height=\"73\" width=\"69\" \/>Composition :<\/h2>\n<p>Aqua (water), Paraffinum Liquidum (Mineral Oil), Sodium Lactate, Glycerin, Butyrospermum Parkii (Shea Butter) Oil, Cetearyl Alcohol, Glyceryl Stearate, PEG-100 Stearate, Xanthan Gum, Daucus Carota Sativa (Carrot) Root Extract, Helianthus Annuus (Sunflower) Seed Oil, Parfum (Fragrance), Phenoxyethanol, Ethylhexylglycerin, Citric Acid, Lactic Acid, Tocopheryl Acetate, Tetrasodium EDTA, CI 15985, CI 47005, CI 19140, Hydroxycitronellal, Geraniol, Linalool, Eugenol<\/p>\n<h2><\/h2>\n","protected":false},"excerpt":{"rendered":"<p>MGC Lait de beaut\u00e9 CAROTTE \u00e9claircissant est d\u2019une efficacit\u00e9 EXTREME. Il vous procure des r\u00e9sultats exceptionnels car les actifs utilis\u00e9s sont s\u00e9lectionn\u00e9s avec pr\u00e9caution gr\u00e2ce \u00e0 notre laboratoire de recherche. La formule r\u00e9sulte de l\u2019association d\u2019extraits de plantes et d\u2019huile pr\u00e9cieuse de CAROTTE.\u00a0<\/p>\n","protected":false},"featured_media":17916,"comment_status":"open","ping_status":"closed","template":"","meta":[],"product_brand":[],"product_cat":[414],"product_tag":[],"class_list":{"0":"post-10526","1":"product","2":"type-product","3":"status-publish","4":"has-post-thumbnail","6":"product_cat-mgc-en","9":"instock","10":"taxable","11":"shipping-taxable","12":"purchasable","13":"product-type-simple"},"yoast_head":"<!-- This site is optimized with the Yoast SEO plugin v27.3 - https:\/\/yoast.com\/product\/yoast-seo-wordpress\/ -->\n<title>MGC Lait Eclaircissant \u00e0 la Carotte - Sessi<\/title>\n<meta name=\"robots\" content=\"index, follow, max-snippet:-1, max-image-preview:large, max-video-preview:-1\" \/>\n<link rel=\"canonical\" href=\"https:\/\/www.cosmetics-ebene.com\/en\/product\/mgc-lait-eclaircissant-a-la-carotte\/\" \/>\n<meta property=\"og:locale\" content=\"en_US\" \/>\n<meta property=\"og:type\" content=\"article\" \/>\n<meta property=\"og:title\" content=\"MGC Lait Eclaircissant \u00e0 la Carotte - Sessi\" \/>\n<meta property=\"og:description\" content=\"MGC Lait de beaut\u00e9 CAROTTE \u00e9claircissant est d\u2019une efficacit\u00e9 EXTREME. Il vous procure des r\u00e9sultats exceptionnels car les actifs utilis\u00e9s sont s\u00e9lectionn\u00e9s avec pr\u00e9caution gr\u00e2ce \u00e0 notre laboratoire de recherche. La formule r\u00e9sulte de l\u2019association d\u2019extraits de plantes et d\u2019huile pr\u00e9cieuse de CAROTTE.\u00a0\" \/>\n<meta property=\"og:url\" content=\"https:\/\/www.cosmetics-ebene.com\/en\/product\/mgc-lait-eclaircissant-a-la-carotte\/\" \/>\n<meta property=\"og:site_name\" content=\"Sessi\" \/>\n<meta property=\"article:modified_time\" content=\"2026-01-29T10:43:59+00:00\" \/>\n<meta property=\"og:image\" content=\"https:\/\/www.cosmetics-ebene.com\/wp-content\/uploads\/2024\/08\/MGC-Lait-Eclaircissant-Orange-1.png\" \/>\n\t<meta property=\"og:image:width\" content=\"1000\" \/>\n\t<meta property=\"og:image:height\" content=\"1000\" \/>\n\t<meta property=\"og:image:type\" content=\"image\/png\" \/>\n<meta name=\"twitter:card\" content=\"summary_large_image\" \/>\n<meta name=\"twitter:label1\" content=\"Est. reading time\" \/>\n\t<meta name=\"twitter:data1\" content=\"1 minute\" \/>\n<script type=\"application\/ld+json\" class=\"yoast-schema-graph\">{\"@context\":\"https:\\\/\\\/schema.org\",\"@graph\":[{\"@type\":\"WebPage\",\"@id\":\"https:\\\/\\\/www.cosmetics-ebene.com\\\/en\\\/product\\\/mgc-lait-eclaircissant-a-la-carotte\\\/\",\"url\":\"https:\\\/\\\/www.cosmetics-ebene.com\\\/en\\\/product\\\/mgc-lait-eclaircissant-a-la-carotte\\\/\",\"name\":\"MGC Lait Eclaircissant \u00e0 la Carotte - Sessi\",\"isPartOf\":{\"@id\":\"https:\\\/\\\/www.cosmetics-ebene.com\\\/en\\\/#website\"},\"primaryImageOfPage\":{\"@id\":\"https:\\\/\\\/www.cosmetics-ebene.com\\\/en\\\/product\\\/mgc-lait-eclaircissant-a-la-carotte\\\/#primaryimage\"},\"image\":{\"@id\":\"https:\\\/\\\/www.cosmetics-ebene.com\\\/en\\\/product\\\/mgc-lait-eclaircissant-a-la-carotte\\\/#primaryimage\"},\"thumbnailUrl\":\"https:\\\/\\\/www.cosmetics-ebene.com\\\/wp-content\\\/uploads\\\/2024\\\/08\\\/MGC-Lait-Eclaircissant-Orange-1.png\",\"datePublished\":\"2024-08-10T13:11:59+00:00\",\"dateModified\":\"2026-01-29T10:43:59+00:00\",\"breadcrumb\":{\"@id\":\"https:\\\/\\\/www.cosmetics-ebene.com\\\/en\\\/product\\\/mgc-lait-eclaircissant-a-la-carotte\\\/#breadcrumb\"},\"inLanguage\":\"en-US\",\"potentialAction\":[{\"@type\":\"ReadAction\",\"target\":[\"https:\\\/\\\/www.cosmetics-ebene.com\\\/en\\\/product\\\/mgc-lait-eclaircissant-a-la-carotte\\\/\"]}]},{\"@type\":\"ImageObject\",\"inLanguage\":\"en-US\",\"@id\":\"https:\\\/\\\/www.cosmetics-ebene.com\\\/en\\\/product\\\/mgc-lait-eclaircissant-a-la-carotte\\\/#primaryimage\",\"url\":\"https:\\\/\\\/www.cosmetics-ebene.com\\\/wp-content\\\/uploads\\\/2024\\\/08\\\/MGC-Lait-Eclaircissant-Orange-1.png\",\"contentUrl\":\"https:\\\/\\\/www.cosmetics-ebene.com\\\/wp-content\\\/uploads\\\/2024\\\/08\\\/MGC-Lait-Eclaircissant-Orange-1.png\",\"width\":1000,\"height\":1000},{\"@type\":\"BreadcrumbList\",\"@id\":\"https:\\\/\\\/www.cosmetics-ebene.com\\\/en\\\/product\\\/mgc-lait-eclaircissant-a-la-carotte\\\/#breadcrumb\",\"itemListElement\":[{\"@type\":\"ListItem\",\"position\":1,\"name\":\"Home\",\"item\":\"https:\\\/\\\/www.cosmetics-ebene.com\\\/en\\\/\"},{\"@type\":\"ListItem\",\"position\":2,\"name\":\"Shop\",\"item\":\"https:\\\/\\\/www.cosmetics-ebene.com\\\/shop\\\/\"},{\"@type\":\"ListItem\",\"position\":3,\"name\":\"MGC Lait Eclaircissant \u00e0 la Carotte\"}]},{\"@type\":\"WebSite\",\"@id\":\"https:\\\/\\\/www.cosmetics-ebene.com\\\/en\\\/#website\",\"url\":\"https:\\\/\\\/www.cosmetics-ebene.com\\\/en\\\/\",\"name\":\"Sessi\",\"description\":\"Produits de beaut\u00e9 pour peau noires et m\u00e9tiss\u00e9\",\"publisher\":{\"@id\":\"https:\\\/\\\/www.cosmetics-ebene.com\\\/en\\\/#organization\"},\"potentialAction\":[{\"@type\":\"SearchAction\",\"target\":{\"@type\":\"EntryPoint\",\"urlTemplate\":\"https:\\\/\\\/www.cosmetics-ebene.com\\\/en\\\/?s={search_term_string}\"},\"query-input\":{\"@type\":\"PropertyValueSpecification\",\"valueRequired\":true,\"valueName\":\"search_term_string\"}}],\"inLanguage\":\"en-US\"},{\"@type\":\"Organization\",\"@id\":\"https:\\\/\\\/www.cosmetics-ebene.com\\\/en\\\/#organization\",\"name\":\"Sessi\",\"url\":\"https:\\\/\\\/www.cosmetics-ebene.com\\\/en\\\/\",\"logo\":{\"@type\":\"ImageObject\",\"inLanguage\":\"en-US\",\"@id\":\"https:\\\/\\\/www.cosmetics-ebene.com\\\/en\\\/#\\\/schema\\\/logo\\\/image\\\/\",\"url\":\"https:\\\/\\\/www.cosmetics-ebene.com\\\/wp-content\\\/uploads\\\/2024\\\/09\\\/cosmetics-ebene-logo-1-e1727351533275.png\",\"contentUrl\":\"https:\\\/\\\/www.cosmetics-ebene.com\\\/wp-content\\\/uploads\\\/2024\\\/09\\\/cosmetics-ebene-logo-1-e1727351533275.png\",\"width\":350,\"height\":69,\"caption\":\"Sessi\"},\"image\":{\"@id\":\"https:\\\/\\\/www.cosmetics-ebene.com\\\/en\\\/#\\\/schema\\\/logo\\\/image\\\/\"}}]}<\/script>\n<!-- \/ Yoast SEO plugin. -->","yoast_head_json":{"title":"MGC Lait Eclaircissant \u00e0 la Carotte - Sessi","robots":{"index":"index","follow":"follow","max-snippet":"max-snippet:-1","max-image-preview":"max-image-preview:large","max-video-preview":"max-video-preview:-1"},"canonical":"https:\/\/www.cosmetics-ebene.com\/en\/product\/mgc-lait-eclaircissant-a-la-carotte\/","og_locale":"en_US","og_type":"article","og_title":"MGC Lait Eclaircissant \u00e0 la Carotte - Sessi","og_description":"MGC Lait de beaut\u00e9 CAROTTE \u00e9claircissant est d\u2019une efficacit\u00e9 EXTREME. Il vous procure des r\u00e9sultats exceptionnels car les actifs utilis\u00e9s sont s\u00e9lectionn\u00e9s avec pr\u00e9caution gr\u00e2ce \u00e0 notre laboratoire de recherche. La formule r\u00e9sulte de l\u2019association d\u2019extraits de plantes et d\u2019huile pr\u00e9cieuse de CAROTTE.\u00a0","og_url":"https:\/\/www.cosmetics-ebene.com\/en\/product\/mgc-lait-eclaircissant-a-la-carotte\/","og_site_name":"Sessi","article_modified_time":"2026-01-29T10:43:59+00:00","og_image":[{"width":1000,"height":1000,"url":"https:\/\/www.cosmetics-ebene.com\/wp-content\/uploads\/2024\/08\/MGC-Lait-Eclaircissant-Orange-1.png","type":"image\/png"}],"twitter_card":"summary_large_image","twitter_misc":{"Est. reading time":"1 minute"},"schema":{"@context":"https:\/\/schema.org","@graph":[{"@type":"WebPage","@id":"https:\/\/www.cosmetics-ebene.com\/en\/product\/mgc-lait-eclaircissant-a-la-carotte\/","url":"https:\/\/www.cosmetics-ebene.com\/en\/product\/mgc-lait-eclaircissant-a-la-carotte\/","name":"MGC Lait Eclaircissant \u00e0 la Carotte - Sessi","isPartOf":{"@id":"https:\/\/www.cosmetics-ebene.com\/en\/#website"},"primaryImageOfPage":{"@id":"https:\/\/www.cosmetics-ebene.com\/en\/product\/mgc-lait-eclaircissant-a-la-carotte\/#primaryimage"},"image":{"@id":"https:\/\/www.cosmetics-ebene.com\/en\/product\/mgc-lait-eclaircissant-a-la-carotte\/#primaryimage"},"thumbnailUrl":"https:\/\/www.cosmetics-ebene.com\/wp-content\/uploads\/2024\/08\/MGC-Lait-Eclaircissant-Orange-1.png","datePublished":"2024-08-10T13:11:59+00:00","dateModified":"2026-01-29T10:43:59+00:00","breadcrumb":{"@id":"https:\/\/www.cosmetics-ebene.com\/en\/product\/mgc-lait-eclaircissant-a-la-carotte\/#breadcrumb"},"inLanguage":"en-US","potentialAction":[{"@type":"ReadAction","target":["https:\/\/www.cosmetics-ebene.com\/en\/product\/mgc-lait-eclaircissant-a-la-carotte\/"]}]},{"@type":"ImageObject","inLanguage":"en-US","@id":"https:\/\/www.cosmetics-ebene.com\/en\/product\/mgc-lait-eclaircissant-a-la-carotte\/#primaryimage","url":"https:\/\/www.cosmetics-ebene.com\/wp-content\/uploads\/2024\/08\/MGC-Lait-Eclaircissant-Orange-1.png","contentUrl":"https:\/\/www.cosmetics-ebene.com\/wp-content\/uploads\/2024\/08\/MGC-Lait-Eclaircissant-Orange-1.png","width":1000,"height":1000},{"@type":"BreadcrumbList","@id":"https:\/\/www.cosmetics-ebene.com\/en\/product\/mgc-lait-eclaircissant-a-la-carotte\/#breadcrumb","itemListElement":[{"@type":"ListItem","position":1,"name":"Home","item":"https:\/\/www.cosmetics-ebene.com\/en\/"},{"@type":"ListItem","position":2,"name":"Shop","item":"https:\/\/www.cosmetics-ebene.com\/shop\/"},{"@type":"ListItem","position":3,"name":"MGC Lait Eclaircissant \u00e0 la Carotte"}]},{"@type":"WebSite","@id":"https:\/\/www.cosmetics-ebene.com\/en\/#website","url":"https:\/\/www.cosmetics-ebene.com\/en\/","name":"Sessi","description":"Produits de beaut\u00e9 pour peau noires et m\u00e9tiss\u00e9","publisher":{"@id":"https:\/\/www.cosmetics-ebene.com\/en\/#organization"},"potentialAction":[{"@type":"SearchAction","target":{"@type":"EntryPoint","urlTemplate":"https:\/\/www.cosmetics-ebene.com\/en\/?s={search_term_string}"},"query-input":{"@type":"PropertyValueSpecification","valueRequired":true,"valueName":"search_term_string"}}],"inLanguage":"en-US"},{"@type":"Organization","@id":"https:\/\/www.cosmetics-ebene.com\/en\/#organization","name":"Sessi","url":"https:\/\/www.cosmetics-ebene.com\/en\/","logo":{"@type":"ImageObject","inLanguage":"en-US","@id":"https:\/\/www.cosmetics-ebene.com\/en\/#\/schema\/logo\/image\/","url":"https:\/\/www.cosmetics-ebene.com\/wp-content\/uploads\/2024\/09\/cosmetics-ebene-logo-1-e1727351533275.png","contentUrl":"https:\/\/www.cosmetics-ebene.com\/wp-content\/uploads\/2024\/09\/cosmetics-ebene-logo-1-e1727351533275.png","width":350,"height":69,"caption":"Sessi"},"image":{"@id":"https:\/\/www.cosmetics-ebene.com\/en\/#\/schema\/logo\/image\/"}}]}},"_links":{"self":[{"href":"https:\/\/www.cosmetics-ebene.com\/en\/wp-json\/wp\/v2\/product\/10526","targetHints":{"allow":["GET"]}}],"collection":[{"href":"https:\/\/www.cosmetics-ebene.com\/en\/wp-json\/wp\/v2\/product"}],"about":[{"href":"https:\/\/www.cosmetics-ebene.com\/en\/wp-json\/wp\/v2\/types\/product"}],"replies":[{"embeddable":true,"href":"https:\/\/www.cosmetics-ebene.com\/en\/wp-json\/wp\/v2\/comments?post=10526"}],"version-history":[{"count":0,"href":"https:\/\/www.cosmetics-ebene.com\/en\/wp-json\/wp\/v2\/product\/10526\/revisions"}],"wp:featuredmedia":[{"embeddable":true,"href":"https:\/\/www.cosmetics-ebene.com\/en\/wp-json\/wp\/v2\/media\/17916"}],"wp:attachment":[{"href":"https:\/\/www.cosmetics-ebene.com\/en\/wp-json\/wp\/v2\/media?parent=10526"}],"wp:term":[{"taxonomy":"product_brand","embeddable":true,"href":"https:\/\/www.cosmetics-ebene.com\/en\/wp-json\/wp\/v2\/product_brand?post=10526"},{"taxonomy":"product_cat","embeddable":true,"href":"https:\/\/www.cosmetics-ebene.com\/en\/wp-json\/wp\/v2\/product_cat?post=10526"},{"taxonomy":"product_tag","embeddable":true,"href":"https:\/\/www.cosmetics-ebene.com\/en\/wp-json\/wp\/v2\/product_tag?post=10526"}],"curies":[{"name":"wp","href":"https:\/\/api.w.org\/{rel}","templated":true}]}}