{"id":20124,"date":"2025-03-28T15:42:45","date_gmt":"2025-03-28T15:42:45","guid":{"rendered":"https:\/\/www.cosmetics-ebene.com\/?post_type=product&#038;p=20124"},"modified":"2026-02-25T10:24:20","modified_gmt":"2026-02-25T10:24:20","slug":"dh7-carotte-gamme-complete","status":"publish","type":"product","link":"https:\/\/www.cosmetics-ebene.com\/en\/product\/dh7-carotte-gamme-complete\/","title":{"rendered":"DH7 Carotte Gamme Compl\u00e8te"},"content":{"rendered":"<div class=\"title_product hidden-sm-down\">\n<h1 class=\"h1\">Coffret DH7 Carotte<\/h1>\n<\/div>\n<div class=\"__reviews\">\n<div class=\"_reviews\"><strong>La totalit\u00e9 de la gamme DH7 Carotte dans un coffret !<\/strong><\/div>\n<\/div>\n<div class=\"product-information\">\n<div id=\"product-description-short-2330\" class=\"product-description\">\n<div id=\"short_description_content\" class=\"rte align_justify\">\n<p><strong>B\u00e9n\u00e9ficiez de 10% de r\u00e9duction imm\u00e9diate<\/strong><\/p>\n<p>Action \u00e9claircissante et unifiante en toute s\u00e9curit\u00e9.<br \/>\n<strong>Ce que contient notre coffret :<\/strong><\/p>\n<ul>\n<li><strong><em>Un lait \u00e9claircissant<\/em><\/strong><\/li>\n<li>Un savon \u00e0 la carotte \u00e9claircissant et gommant<\/li>\n<li>Une cr\u00e8me visage \u00e0 la carotte<\/li>\n<li>Un gel cr\u00e8me visage \u00e0 la carotte<\/li>\n<li>Une huile \u00e0 la carotte<\/li>\n<\/ul>\n<\/div>\n<\/div>\n<\/div>\n","protected":false},"excerpt":{"rendered":"<div class=\"title_product hidden-sm-down\">\n<h1 class=\"h1\">Coffret Anti Taches<\/h1>\n<\/div>\n<div class=\"__reviews\">\n<div class=\"_reviews\"><\/div>\n<\/div>\n<div class=\"price_product\"><\/div>\n<div class=\"product-information\">\n<div id=\"product-description-short-2330\" class=\"product-description\">\n<div id=\"short_description_content\" class=\"rte align_justify\">\n<p><strong>L\u2019essentiel de la gamme Anti taches dans un coffret !<br \/>\n<\/strong><strong>B\u00e9n\u00e9ficiez de 10% de r\u00e9duction imm\u00e9diate<\/strong><\/p>\n<p>Action \u00e9claircissante et unifiante en toute s\u00e9curit\u00e9.<\/p>\n<p>&nbsp;<\/p>\n<ul>\n<li><strong><em>Un lait \u00e9claircissant<\/em><\/strong><\/li>\n<li>Un savon \u00e0 la carotte \u00e9claircissant et gommant<\/li>\n<li>Une cr\u00e8me visage \u00e0 la carotte<\/li>\n<li>Un gel cr\u00e8me visage \u00e0 la carotte<\/li>\n<li>Une huile \u00e0 la carotte<\/li>\n<\/ul>\n<\/div>\n<\/div>\n<\/div>\n","protected":false},"featured_media":20146,"comment_status":"open","ping_status":"closed","template":"","meta":[],"product_brand":[261,262,555],"product_cat":[317,553],"product_tag":[],"class_list":{"0":"post-20124","1":"product","2":"type-product","3":"status-publish","4":"has-post-thumbnail","6":"product_brand-dh7","8":"product_brand-nos-coffrets","9":"product_cat-dh7-carotte","10":"product_cat-nos-coffrets","13":"instock","14":"sale","15":"taxable","16":"shipping-taxable","17":"purchasable","18":"product-type-simple"},"yoast_head":"<!-- This site is optimized with the Yoast SEO plugin v27.3 - https:\/\/yoast.com\/product\/yoast-seo-wordpress\/ -->\n<title>DH7 Carotte Gamme Compl\u00e8te - Sessi<\/title>\n<meta name=\"description\" content=\"La totalit\u00e9 de la gamme DH7 Carotte dans un coffret !B\u00e9n\u00e9ficiez de 10% de r\u00e9duction imm\u00e9diate Action \u00e9claircissante et unifiante en toute s\u00e9curit\u00e9.\" \/>\n<meta name=\"robots\" content=\"index, follow, max-snippet:-1, max-image-preview:large, max-video-preview:-1\" \/>\n<link rel=\"canonical\" href=\"https:\/\/www.cosmetics-ebene.com\/en\/product\/dh7-carotte-gamme-complete\/\" \/>\n<meta property=\"og:locale\" content=\"en_US\" \/>\n<meta property=\"og:type\" content=\"article\" \/>\n<meta property=\"og:title\" content=\"DH7 Carotte Gamme Compl\u00e8te - Sessi\" \/>\n<meta property=\"og:description\" content=\"La totalit\u00e9 de la gamme DH7 Carotte dans un coffret !B\u00e9n\u00e9ficiez de 10% de r\u00e9duction imm\u00e9diate Action \u00e9claircissante et unifiante en toute s\u00e9curit\u00e9.\" \/>\n<meta property=\"og:url\" content=\"https:\/\/www.cosmetics-ebene.com\/en\/product\/dh7-carotte-gamme-complete\/\" \/>\n<meta property=\"og:site_name\" content=\"Sessi\" \/>\n<meta property=\"article:modified_time\" content=\"2026-02-25T10:24:20+00:00\" \/>\n<meta property=\"og:image\" content=\"https:\/\/www.cosmetics-ebene.com\/wp-content\/uploads\/2025\/03\/Design-sans-titre-53.png\" \/>\n\t<meta property=\"og:image:width\" content=\"1500\" \/>\n\t<meta property=\"og:image:height\" content=\"1500\" \/>\n\t<meta property=\"og:image:type\" content=\"image\/png\" \/>\n<meta name=\"twitter:card\" content=\"summary_large_image\" \/>\n<meta name=\"twitter:label1\" content=\"Est. reading time\" \/>\n\t<meta name=\"twitter:data1\" content=\"1 minute\" \/>\n<script type=\"application\/ld+json\" class=\"yoast-schema-graph\">{\"@context\":\"https:\\\/\\\/schema.org\",\"@graph\":[{\"@type\":\"WebPage\",\"@id\":\"https:\\\/\\\/www.cosmetics-ebene.com\\\/en\\\/product\\\/dh7-carotte-gamme-complete\\\/\",\"url\":\"https:\\\/\\\/www.cosmetics-ebene.com\\\/en\\\/product\\\/dh7-carotte-gamme-complete\\\/\",\"name\":\"DH7 Carotte Gamme Compl\u00e8te - Sessi\",\"isPartOf\":{\"@id\":\"https:\\\/\\\/www.cosmetics-ebene.com\\\/en\\\/#website\"},\"primaryImageOfPage\":{\"@id\":\"https:\\\/\\\/www.cosmetics-ebene.com\\\/en\\\/product\\\/dh7-carotte-gamme-complete\\\/#primaryimage\"},\"image\":{\"@id\":\"https:\\\/\\\/www.cosmetics-ebene.com\\\/en\\\/product\\\/dh7-carotte-gamme-complete\\\/#primaryimage\"},\"thumbnailUrl\":\"https:\\\/\\\/www.cosmetics-ebene.com\\\/wp-content\\\/uploads\\\/2025\\\/03\\\/Design-sans-titre-53.png\",\"datePublished\":\"2025-03-28T15:42:45+00:00\",\"dateModified\":\"2026-02-25T10:24:20+00:00\",\"description\":\"La totalit\u00e9 de la gamme DH7 Carotte dans un coffret !B\u00e9n\u00e9ficiez de 10% de r\u00e9duction imm\u00e9diate Action \u00e9claircissante et unifiante en toute s\u00e9curit\u00e9.\",\"breadcrumb\":{\"@id\":\"https:\\\/\\\/www.cosmetics-ebene.com\\\/en\\\/product\\\/dh7-carotte-gamme-complete\\\/#breadcrumb\"},\"inLanguage\":\"en-US\",\"potentialAction\":[{\"@type\":\"ReadAction\",\"target\":[\"https:\\\/\\\/www.cosmetics-ebene.com\\\/en\\\/product\\\/dh7-carotte-gamme-complete\\\/\"]}]},{\"@type\":\"ImageObject\",\"inLanguage\":\"en-US\",\"@id\":\"https:\\\/\\\/www.cosmetics-ebene.com\\\/en\\\/product\\\/dh7-carotte-gamme-complete\\\/#primaryimage\",\"url\":\"https:\\\/\\\/www.cosmetics-ebene.com\\\/wp-content\\\/uploads\\\/2025\\\/03\\\/Design-sans-titre-53.png\",\"contentUrl\":\"https:\\\/\\\/www.cosmetics-ebene.com\\\/wp-content\\\/uploads\\\/2025\\\/03\\\/Design-sans-titre-53.png\",\"width\":1500,\"height\":1500},{\"@type\":\"BreadcrumbList\",\"@id\":\"https:\\\/\\\/www.cosmetics-ebene.com\\\/en\\\/product\\\/dh7-carotte-gamme-complete\\\/#breadcrumb\",\"itemListElement\":[{\"@type\":\"ListItem\",\"position\":1,\"name\":\"Home\",\"item\":\"https:\\\/\\\/www.cosmetics-ebene.com\\\/en\\\/\"},{\"@type\":\"ListItem\",\"position\":2,\"name\":\"Shop\",\"item\":\"https:\\\/\\\/www.cosmetics-ebene.com\\\/shop\\\/\"},{\"@type\":\"ListItem\",\"position\":3,\"name\":\"DH7 Carotte Gamme Compl\u00e8te\"}]},{\"@type\":\"WebSite\",\"@id\":\"https:\\\/\\\/www.cosmetics-ebene.com\\\/en\\\/#website\",\"url\":\"https:\\\/\\\/www.cosmetics-ebene.com\\\/en\\\/\",\"name\":\"Sessi\",\"description\":\"Produits de beaut\u00e9 pour peau noires et m\u00e9tiss\u00e9\",\"publisher\":{\"@id\":\"https:\\\/\\\/www.cosmetics-ebene.com\\\/en\\\/#organization\"},\"potentialAction\":[{\"@type\":\"SearchAction\",\"target\":{\"@type\":\"EntryPoint\",\"urlTemplate\":\"https:\\\/\\\/www.cosmetics-ebene.com\\\/en\\\/?s={search_term_string}\"},\"query-input\":{\"@type\":\"PropertyValueSpecification\",\"valueRequired\":true,\"valueName\":\"search_term_string\"}}],\"inLanguage\":\"en-US\"},{\"@type\":\"Organization\",\"@id\":\"https:\\\/\\\/www.cosmetics-ebene.com\\\/en\\\/#organization\",\"name\":\"Sessi\",\"url\":\"https:\\\/\\\/www.cosmetics-ebene.com\\\/en\\\/\",\"logo\":{\"@type\":\"ImageObject\",\"inLanguage\":\"en-US\",\"@id\":\"https:\\\/\\\/www.cosmetics-ebene.com\\\/en\\\/#\\\/schema\\\/logo\\\/image\\\/\",\"url\":\"https:\\\/\\\/www.cosmetics-ebene.com\\\/wp-content\\\/uploads\\\/2024\\\/09\\\/cosmetics-ebene-logo-1-e1727351533275.png\",\"contentUrl\":\"https:\\\/\\\/www.cosmetics-ebene.com\\\/wp-content\\\/uploads\\\/2024\\\/09\\\/cosmetics-ebene-logo-1-e1727351533275.png\",\"width\":350,\"height\":69,\"caption\":\"Sessi\"},\"image\":{\"@id\":\"https:\\\/\\\/www.cosmetics-ebene.com\\\/en\\\/#\\\/schema\\\/logo\\\/image\\\/\"}}]}<\/script>\n<!-- \/ Yoast SEO plugin. -->","yoast_head_json":{"title":"DH7 Carotte Gamme Compl\u00e8te - Sessi","description":"La totalit\u00e9 de la gamme DH7 Carotte dans un coffret !B\u00e9n\u00e9ficiez de 10% de r\u00e9duction imm\u00e9diate Action \u00e9claircissante et unifiante en toute s\u00e9curit\u00e9.","robots":{"index":"index","follow":"follow","max-snippet":"max-snippet:-1","max-image-preview":"max-image-preview:large","max-video-preview":"max-video-preview:-1"},"canonical":"https:\/\/www.cosmetics-ebene.com\/en\/product\/dh7-carotte-gamme-complete\/","og_locale":"en_US","og_type":"article","og_title":"DH7 Carotte Gamme Compl\u00e8te - Sessi","og_description":"La totalit\u00e9 de la gamme DH7 Carotte dans un coffret !B\u00e9n\u00e9ficiez de 10% de r\u00e9duction imm\u00e9diate Action \u00e9claircissante et unifiante en toute s\u00e9curit\u00e9.","og_url":"https:\/\/www.cosmetics-ebene.com\/en\/product\/dh7-carotte-gamme-complete\/","og_site_name":"Sessi","article_modified_time":"2026-02-25T10:24:20+00:00","og_image":[{"width":1500,"height":1500,"url":"https:\/\/www.cosmetics-ebene.com\/wp-content\/uploads\/2025\/03\/Design-sans-titre-53.png","type":"image\/png"}],"twitter_card":"summary_large_image","twitter_misc":{"Est. reading time":"1 minute"},"schema":{"@context":"https:\/\/schema.org","@graph":[{"@type":"WebPage","@id":"https:\/\/www.cosmetics-ebene.com\/en\/product\/dh7-carotte-gamme-complete\/","url":"https:\/\/www.cosmetics-ebene.com\/en\/product\/dh7-carotte-gamme-complete\/","name":"DH7 Carotte Gamme Compl\u00e8te - Sessi","isPartOf":{"@id":"https:\/\/www.cosmetics-ebene.com\/en\/#website"},"primaryImageOfPage":{"@id":"https:\/\/www.cosmetics-ebene.com\/en\/product\/dh7-carotte-gamme-complete\/#primaryimage"},"image":{"@id":"https:\/\/www.cosmetics-ebene.com\/en\/product\/dh7-carotte-gamme-complete\/#primaryimage"},"thumbnailUrl":"https:\/\/www.cosmetics-ebene.com\/wp-content\/uploads\/2025\/03\/Design-sans-titre-53.png","datePublished":"2025-03-28T15:42:45+00:00","dateModified":"2026-02-25T10:24:20+00:00","description":"La totalit\u00e9 de la gamme DH7 Carotte dans un coffret !B\u00e9n\u00e9ficiez de 10% de r\u00e9duction imm\u00e9diate Action \u00e9claircissante et unifiante en toute s\u00e9curit\u00e9.","breadcrumb":{"@id":"https:\/\/www.cosmetics-ebene.com\/en\/product\/dh7-carotte-gamme-complete\/#breadcrumb"},"inLanguage":"en-US","potentialAction":[{"@type":"ReadAction","target":["https:\/\/www.cosmetics-ebene.com\/en\/product\/dh7-carotte-gamme-complete\/"]}]},{"@type":"ImageObject","inLanguage":"en-US","@id":"https:\/\/www.cosmetics-ebene.com\/en\/product\/dh7-carotte-gamme-complete\/#primaryimage","url":"https:\/\/www.cosmetics-ebene.com\/wp-content\/uploads\/2025\/03\/Design-sans-titre-53.png","contentUrl":"https:\/\/www.cosmetics-ebene.com\/wp-content\/uploads\/2025\/03\/Design-sans-titre-53.png","width":1500,"height":1500},{"@type":"BreadcrumbList","@id":"https:\/\/www.cosmetics-ebene.com\/en\/product\/dh7-carotte-gamme-complete\/#breadcrumb","itemListElement":[{"@type":"ListItem","position":1,"name":"Home","item":"https:\/\/www.cosmetics-ebene.com\/en\/"},{"@type":"ListItem","position":2,"name":"Shop","item":"https:\/\/www.cosmetics-ebene.com\/shop\/"},{"@type":"ListItem","position":3,"name":"DH7 Carotte Gamme Compl\u00e8te"}]},{"@type":"WebSite","@id":"https:\/\/www.cosmetics-ebene.com\/en\/#website","url":"https:\/\/www.cosmetics-ebene.com\/en\/","name":"Sessi","description":"Produits de beaut\u00e9 pour peau noires et m\u00e9tiss\u00e9","publisher":{"@id":"https:\/\/www.cosmetics-ebene.com\/en\/#organization"},"potentialAction":[{"@type":"SearchAction","target":{"@type":"EntryPoint","urlTemplate":"https:\/\/www.cosmetics-ebene.com\/en\/?s={search_term_string}"},"query-input":{"@type":"PropertyValueSpecification","valueRequired":true,"valueName":"search_term_string"}}],"inLanguage":"en-US"},{"@type":"Organization","@id":"https:\/\/www.cosmetics-ebene.com\/en\/#organization","name":"Sessi","url":"https:\/\/www.cosmetics-ebene.com\/en\/","logo":{"@type":"ImageObject","inLanguage":"en-US","@id":"https:\/\/www.cosmetics-ebene.com\/en\/#\/schema\/logo\/image\/","url":"https:\/\/www.cosmetics-ebene.com\/wp-content\/uploads\/2024\/09\/cosmetics-ebene-logo-1-e1727351533275.png","contentUrl":"https:\/\/www.cosmetics-ebene.com\/wp-content\/uploads\/2024\/09\/cosmetics-ebene-logo-1-e1727351533275.png","width":350,"height":69,"caption":"Sessi"},"image":{"@id":"https:\/\/www.cosmetics-ebene.com\/en\/#\/schema\/logo\/image\/"}}]}},"_links":{"self":[{"href":"https:\/\/www.cosmetics-ebene.com\/en\/wp-json\/wp\/v2\/product\/20124","targetHints":{"allow":["GET"]}}],"collection":[{"href":"https:\/\/www.cosmetics-ebene.com\/en\/wp-json\/wp\/v2\/product"}],"about":[{"href":"https:\/\/www.cosmetics-ebene.com\/en\/wp-json\/wp\/v2\/types\/product"}],"replies":[{"embeddable":true,"href":"https:\/\/www.cosmetics-ebene.com\/en\/wp-json\/wp\/v2\/comments?post=20124"}],"version-history":[{"count":3,"href":"https:\/\/www.cosmetics-ebene.com\/en\/wp-json\/wp\/v2\/product\/20124\/revisions"}],"predecessor-version":[{"id":22029,"href":"https:\/\/www.cosmetics-ebene.com\/en\/wp-json\/wp\/v2\/product\/20124\/revisions\/22029"}],"wp:featuredmedia":[{"embeddable":true,"href":"https:\/\/www.cosmetics-ebene.com\/en\/wp-json\/wp\/v2\/media\/20146"}],"wp:attachment":[{"href":"https:\/\/www.cosmetics-ebene.com\/en\/wp-json\/wp\/v2\/media?parent=20124"}],"wp:term":[{"taxonomy":"product_brand","embeddable":true,"href":"https:\/\/www.cosmetics-ebene.com\/en\/wp-json\/wp\/v2\/product_brand?post=20124"},{"taxonomy":"product_cat","embeddable":true,"href":"https:\/\/www.cosmetics-ebene.com\/en\/wp-json\/wp\/v2\/product_cat?post=20124"},{"taxonomy":"product_tag","embeddable":true,"href":"https:\/\/www.cosmetics-ebene.com\/en\/wp-json\/wp\/v2\/product_tag?post=20124"}],"curies":[{"name":"wp","href":"https:\/\/api.w.org\/{rel}","templated":true}]}}