{"id":20167,"date":"2025-03-31T10:43:40","date_gmt":"2025-03-31T10:43:40","guid":{"rendered":"https:\/\/www.cosmetics-ebene.com\/?post_type=product&#038;p=20167"},"modified":"2026-02-04T11:18:01","modified_gmt":"2026-02-04T11:18:01","slug":"cbl-gamme-verte-complete","status":"publish","type":"product","link":"https:\/\/www.cosmetics-ebene.com\/en\/product\/cbl-gamme-verte-complete\/","title":{"rendered":"CBL Gamme Verte Compl\u00e8te"},"content":{"rendered":"<div class=\"title_product hidden-sm-down\">\n<h1 class=\"h1\">Coffret CBL Vert<\/h1>\n<\/div>\n<div class=\"__reviews\">\n<div class=\"_reviews\"><strong>La totalit\u00e9 de la gamme CBL Vert dans un coffret !<\/strong><\/div>\n<\/div>\n<div class=\"product-information\">\n<div id=\"product-description-short-2330\" class=\"product-description\">\n<div id=\"short_description_content\" class=\"rte align_justify\">\n<p><strong>B\u00e9n\u00e9ficiez de 10% de r\u00e9duction imm\u00e9diate<\/strong><\/p>\n<p>Action \u00e9claircissante et unifiante en toute s\u00e9curit\u00e9.<\/p>\n<p><strong>Ce que contient notre coffret :<\/strong><\/p>\n<ul>\n<li><strong><em>Un lait \u00e9claircissant<\/em><\/strong><\/li>\n<li>Un savon \u00e9claircissant<\/li>\n<li>Une cr\u00e8me visage aux liposomes<\/li>\n<li>Un gommage \u00e9claircissant<\/li>\n<li>Une glyc\u00e9rine pure<\/li>\n<li>Un masque purifiant \u00e9claircissant<\/li>\n<\/ul>\n<\/div>\n<\/div>\n<\/div>\n","protected":false},"excerpt":{"rendered":"<div class=\"title_product hidden-sm-down\">\n<h1 class=\"h1\">Coffret CBL Vert<\/h1>\n<\/div>\n<div class=\"__reviews\">\n<div class=\"_reviews\"><strong>La totalit\u00e9 de la gamme CBL Vert dans un coffret !<\/strong><\/div>\n<\/div>\n<div class=\"product-information\">\n<div id=\"product-description-short-2330\" class=\"product-description\">\n<div id=\"short_description_content\" class=\"rte align_justify\">\n<p><strong>B\u00e9n\u00e9ficiez de 10% de r\u00e9duction imm\u00e9diate<\/strong><\/p>\n<p>Action \u00e9claircissante et unifiante en toute s\u00e9curit\u00e9.<\/p>\n<p><strong>Ce que contient notre coffret :<\/strong><\/p>\n<ul>\n<li><strong><em>Un lait \u00e9claircissant<\/em><\/strong><\/li>\n<li>Un savon \u00e9claircissant<\/li>\n<li>Une cr\u00e8me visage aux liposomes<\/li>\n<li>Un gommage \u00e9claircissant<\/li>\n<li>Une glyc\u00e9rine pure<\/li>\n<li>Un masque purifiant \u00e9claircissant<\/li>\n<\/ul>\n<\/div>\n<\/div>\n<\/div>\n","protected":false},"featured_media":20168,"comment_status":"open","ping_status":"closed","template":"","meta":[],"product_brand":[271,272,555],"product_cat":[399,401,403,553],"product_tag":[],"class_list":{"0":"post-20167","1":"product","2":"type-product","3":"status-publish","4":"has-post-thumbnail","6":"product_brand-cbl","8":"product_brand-nos-coffrets","9":"product_cat-cbl","10":"product_cat-cbl-fr","11":"product_cat-cbl-fr1726628132","12":"product_cat-nos-coffrets","15":"instock","16":"sale","17":"taxable","18":"shipping-taxable","19":"purchasable","20":"product-type-simple"},"yoast_head":"<!-- This site is optimized with the Yoast SEO plugin v27.3 - https:\/\/yoast.com\/product\/yoast-seo-wordpress\/ -->\n<title>CBL Gamme Verte Compl\u00e8te - Sessi<\/title>\n<meta name=\"description\" content=\"La totalit\u00e9 de la gamme CBL Vert dans un coffret !B\u00e9n\u00e9ficiez de 10% de r\u00e9duction imm\u00e9diate, Action \u00e9claircissante et unifiante en toute s\u00e9curit\u00e9.\" \/>\n<meta name=\"robots\" content=\"index, follow, max-snippet:-1, max-image-preview:large, max-video-preview:-1\" \/>\n<link rel=\"canonical\" href=\"https:\/\/www.cosmetics-ebene.com\/en\/product\/cbl-gamme-verte-complete\/\" \/>\n<meta property=\"og:locale\" content=\"en_US\" \/>\n<meta property=\"og:type\" content=\"article\" \/>\n<meta property=\"og:title\" content=\"CBL Gamme Verte Compl\u00e8te - Sessi\" \/>\n<meta property=\"og:description\" content=\"La totalit\u00e9 de la gamme CBL Vert dans un coffret !B\u00e9n\u00e9ficiez de 10% de r\u00e9duction imm\u00e9diate, Action \u00e9claircissante et unifiante en toute s\u00e9curit\u00e9.\" \/>\n<meta property=\"og:url\" content=\"https:\/\/www.cosmetics-ebene.com\/en\/product\/cbl-gamme-verte-complete\/\" \/>\n<meta property=\"og:site_name\" content=\"Sessi\" \/>\n<meta property=\"article:modified_time\" content=\"2026-02-04T11:18:01+00:00\" \/>\n<meta property=\"og:image\" content=\"https:\/\/www.cosmetics-ebene.com\/wp-content\/uploads\/2025\/03\/Design-sans-titre-56.png\" \/>\n\t<meta property=\"og:image:width\" content=\"1500\" \/>\n\t<meta property=\"og:image:height\" content=\"1500\" \/>\n\t<meta property=\"og:image:type\" content=\"image\/png\" \/>\n<meta name=\"twitter:card\" content=\"summary_large_image\" \/>\n<meta name=\"twitter:label1\" content=\"Est. reading time\" \/>\n\t<meta name=\"twitter:data1\" content=\"1 minute\" \/>\n<script type=\"application\/ld+json\" class=\"yoast-schema-graph\">{\"@context\":\"https:\\\/\\\/schema.org\",\"@graph\":[{\"@type\":\"WebPage\",\"@id\":\"https:\\\/\\\/www.cosmetics-ebene.com\\\/en\\\/product\\\/cbl-gamme-verte-complete\\\/\",\"url\":\"https:\\\/\\\/www.cosmetics-ebene.com\\\/en\\\/product\\\/cbl-gamme-verte-complete\\\/\",\"name\":\"CBL Gamme Verte Compl\u00e8te - Sessi\",\"isPartOf\":{\"@id\":\"https:\\\/\\\/www.cosmetics-ebene.com\\\/en\\\/#website\"},\"primaryImageOfPage\":{\"@id\":\"https:\\\/\\\/www.cosmetics-ebene.com\\\/en\\\/product\\\/cbl-gamme-verte-complete\\\/#primaryimage\"},\"image\":{\"@id\":\"https:\\\/\\\/www.cosmetics-ebene.com\\\/en\\\/product\\\/cbl-gamme-verte-complete\\\/#primaryimage\"},\"thumbnailUrl\":\"https:\\\/\\\/www.cosmetics-ebene.com\\\/wp-content\\\/uploads\\\/2025\\\/03\\\/Design-sans-titre-56.png\",\"datePublished\":\"2025-03-31T10:43:40+00:00\",\"dateModified\":\"2026-02-04T11:18:01+00:00\",\"description\":\"La totalit\u00e9 de la gamme CBL Vert dans un coffret !B\u00e9n\u00e9ficiez de 10% de r\u00e9duction imm\u00e9diate, Action \u00e9claircissante et unifiante en toute s\u00e9curit\u00e9.\",\"breadcrumb\":{\"@id\":\"https:\\\/\\\/www.cosmetics-ebene.com\\\/en\\\/product\\\/cbl-gamme-verte-complete\\\/#breadcrumb\"},\"inLanguage\":\"en-US\",\"potentialAction\":[{\"@type\":\"ReadAction\",\"target\":[\"https:\\\/\\\/www.cosmetics-ebene.com\\\/en\\\/product\\\/cbl-gamme-verte-complete\\\/\"]}]},{\"@type\":\"ImageObject\",\"inLanguage\":\"en-US\",\"@id\":\"https:\\\/\\\/www.cosmetics-ebene.com\\\/en\\\/product\\\/cbl-gamme-verte-complete\\\/#primaryimage\",\"url\":\"https:\\\/\\\/www.cosmetics-ebene.com\\\/wp-content\\\/uploads\\\/2025\\\/03\\\/Design-sans-titre-56.png\",\"contentUrl\":\"https:\\\/\\\/www.cosmetics-ebene.com\\\/wp-content\\\/uploads\\\/2025\\\/03\\\/Design-sans-titre-56.png\",\"width\":1500,\"height\":1500},{\"@type\":\"BreadcrumbList\",\"@id\":\"https:\\\/\\\/www.cosmetics-ebene.com\\\/en\\\/product\\\/cbl-gamme-verte-complete\\\/#breadcrumb\",\"itemListElement\":[{\"@type\":\"ListItem\",\"position\":1,\"name\":\"Home\",\"item\":\"https:\\\/\\\/www.cosmetics-ebene.com\\\/en\\\/\"},{\"@type\":\"ListItem\",\"position\":2,\"name\":\"Shop\",\"item\":\"https:\\\/\\\/www.cosmetics-ebene.com\\\/shop\\\/\"},{\"@type\":\"ListItem\",\"position\":3,\"name\":\"CBL Gamme Verte Compl\u00e8te\"}]},{\"@type\":\"WebSite\",\"@id\":\"https:\\\/\\\/www.cosmetics-ebene.com\\\/en\\\/#website\",\"url\":\"https:\\\/\\\/www.cosmetics-ebene.com\\\/en\\\/\",\"name\":\"Sessi\",\"description\":\"Produits de beaut\u00e9 pour peau noires et m\u00e9tiss\u00e9\",\"publisher\":{\"@id\":\"https:\\\/\\\/www.cosmetics-ebene.com\\\/en\\\/#organization\"},\"potentialAction\":[{\"@type\":\"SearchAction\",\"target\":{\"@type\":\"EntryPoint\",\"urlTemplate\":\"https:\\\/\\\/www.cosmetics-ebene.com\\\/en\\\/?s={search_term_string}\"},\"query-input\":{\"@type\":\"PropertyValueSpecification\",\"valueRequired\":true,\"valueName\":\"search_term_string\"}}],\"inLanguage\":\"en-US\"},{\"@type\":\"Organization\",\"@id\":\"https:\\\/\\\/www.cosmetics-ebene.com\\\/en\\\/#organization\",\"name\":\"Sessi\",\"url\":\"https:\\\/\\\/www.cosmetics-ebene.com\\\/en\\\/\",\"logo\":{\"@type\":\"ImageObject\",\"inLanguage\":\"en-US\",\"@id\":\"https:\\\/\\\/www.cosmetics-ebene.com\\\/en\\\/#\\\/schema\\\/logo\\\/image\\\/\",\"url\":\"https:\\\/\\\/www.cosmetics-ebene.com\\\/wp-content\\\/uploads\\\/2024\\\/09\\\/cosmetics-ebene-logo-1-e1727351533275.png\",\"contentUrl\":\"https:\\\/\\\/www.cosmetics-ebene.com\\\/wp-content\\\/uploads\\\/2024\\\/09\\\/cosmetics-ebene-logo-1-e1727351533275.png\",\"width\":350,\"height\":69,\"caption\":\"Sessi\"},\"image\":{\"@id\":\"https:\\\/\\\/www.cosmetics-ebene.com\\\/en\\\/#\\\/schema\\\/logo\\\/image\\\/\"}}]}<\/script>\n<!-- \/ Yoast SEO plugin. -->","yoast_head_json":{"title":"CBL Gamme Verte Compl\u00e8te - Sessi","description":"La totalit\u00e9 de la gamme CBL Vert dans un coffret !B\u00e9n\u00e9ficiez de 10% de r\u00e9duction imm\u00e9diate, Action \u00e9claircissante et unifiante en toute s\u00e9curit\u00e9.","robots":{"index":"index","follow":"follow","max-snippet":"max-snippet:-1","max-image-preview":"max-image-preview:large","max-video-preview":"max-video-preview:-1"},"canonical":"https:\/\/www.cosmetics-ebene.com\/en\/product\/cbl-gamme-verte-complete\/","og_locale":"en_US","og_type":"article","og_title":"CBL Gamme Verte Compl\u00e8te - Sessi","og_description":"La totalit\u00e9 de la gamme CBL Vert dans un coffret !B\u00e9n\u00e9ficiez de 10% de r\u00e9duction imm\u00e9diate, Action \u00e9claircissante et unifiante en toute s\u00e9curit\u00e9.","og_url":"https:\/\/www.cosmetics-ebene.com\/en\/product\/cbl-gamme-verte-complete\/","og_site_name":"Sessi","article_modified_time":"2026-02-04T11:18:01+00:00","og_image":[{"width":1500,"height":1500,"url":"https:\/\/www.cosmetics-ebene.com\/wp-content\/uploads\/2025\/03\/Design-sans-titre-56.png","type":"image\/png"}],"twitter_card":"summary_large_image","twitter_misc":{"Est. reading time":"1 minute"},"schema":{"@context":"https:\/\/schema.org","@graph":[{"@type":"WebPage","@id":"https:\/\/www.cosmetics-ebene.com\/en\/product\/cbl-gamme-verte-complete\/","url":"https:\/\/www.cosmetics-ebene.com\/en\/product\/cbl-gamme-verte-complete\/","name":"CBL Gamme Verte Compl\u00e8te - Sessi","isPartOf":{"@id":"https:\/\/www.cosmetics-ebene.com\/en\/#website"},"primaryImageOfPage":{"@id":"https:\/\/www.cosmetics-ebene.com\/en\/product\/cbl-gamme-verte-complete\/#primaryimage"},"image":{"@id":"https:\/\/www.cosmetics-ebene.com\/en\/product\/cbl-gamme-verte-complete\/#primaryimage"},"thumbnailUrl":"https:\/\/www.cosmetics-ebene.com\/wp-content\/uploads\/2025\/03\/Design-sans-titre-56.png","datePublished":"2025-03-31T10:43:40+00:00","dateModified":"2026-02-04T11:18:01+00:00","description":"La totalit\u00e9 de la gamme CBL Vert dans un coffret !B\u00e9n\u00e9ficiez de 10% de r\u00e9duction imm\u00e9diate, Action \u00e9claircissante et unifiante en toute s\u00e9curit\u00e9.","breadcrumb":{"@id":"https:\/\/www.cosmetics-ebene.com\/en\/product\/cbl-gamme-verte-complete\/#breadcrumb"},"inLanguage":"en-US","potentialAction":[{"@type":"ReadAction","target":["https:\/\/www.cosmetics-ebene.com\/en\/product\/cbl-gamme-verte-complete\/"]}]},{"@type":"ImageObject","inLanguage":"en-US","@id":"https:\/\/www.cosmetics-ebene.com\/en\/product\/cbl-gamme-verte-complete\/#primaryimage","url":"https:\/\/www.cosmetics-ebene.com\/wp-content\/uploads\/2025\/03\/Design-sans-titre-56.png","contentUrl":"https:\/\/www.cosmetics-ebene.com\/wp-content\/uploads\/2025\/03\/Design-sans-titre-56.png","width":1500,"height":1500},{"@type":"BreadcrumbList","@id":"https:\/\/www.cosmetics-ebene.com\/en\/product\/cbl-gamme-verte-complete\/#breadcrumb","itemListElement":[{"@type":"ListItem","position":1,"name":"Home","item":"https:\/\/www.cosmetics-ebene.com\/en\/"},{"@type":"ListItem","position":2,"name":"Shop","item":"https:\/\/www.cosmetics-ebene.com\/shop\/"},{"@type":"ListItem","position":3,"name":"CBL Gamme Verte Compl\u00e8te"}]},{"@type":"WebSite","@id":"https:\/\/www.cosmetics-ebene.com\/en\/#website","url":"https:\/\/www.cosmetics-ebene.com\/en\/","name":"Sessi","description":"Produits de beaut\u00e9 pour peau noires et m\u00e9tiss\u00e9","publisher":{"@id":"https:\/\/www.cosmetics-ebene.com\/en\/#organization"},"potentialAction":[{"@type":"SearchAction","target":{"@type":"EntryPoint","urlTemplate":"https:\/\/www.cosmetics-ebene.com\/en\/?s={search_term_string}"},"query-input":{"@type":"PropertyValueSpecification","valueRequired":true,"valueName":"search_term_string"}}],"inLanguage":"en-US"},{"@type":"Organization","@id":"https:\/\/www.cosmetics-ebene.com\/en\/#organization","name":"Sessi","url":"https:\/\/www.cosmetics-ebene.com\/en\/","logo":{"@type":"ImageObject","inLanguage":"en-US","@id":"https:\/\/www.cosmetics-ebene.com\/en\/#\/schema\/logo\/image\/","url":"https:\/\/www.cosmetics-ebene.com\/wp-content\/uploads\/2024\/09\/cosmetics-ebene-logo-1-e1727351533275.png","contentUrl":"https:\/\/www.cosmetics-ebene.com\/wp-content\/uploads\/2024\/09\/cosmetics-ebene-logo-1-e1727351533275.png","width":350,"height":69,"caption":"Sessi"},"image":{"@id":"https:\/\/www.cosmetics-ebene.com\/en\/#\/schema\/logo\/image\/"}}]}},"_links":{"self":[{"href":"https:\/\/www.cosmetics-ebene.com\/en\/wp-json\/wp\/v2\/product\/20167","targetHints":{"allow":["GET"]}}],"collection":[{"href":"https:\/\/www.cosmetics-ebene.com\/en\/wp-json\/wp\/v2\/product"}],"about":[{"href":"https:\/\/www.cosmetics-ebene.com\/en\/wp-json\/wp\/v2\/types\/product"}],"replies":[{"embeddable":true,"href":"https:\/\/www.cosmetics-ebene.com\/en\/wp-json\/wp\/v2\/comments?post=20167"}],"version-history":[{"count":2,"href":"https:\/\/www.cosmetics-ebene.com\/en\/wp-json\/wp\/v2\/product\/20167\/revisions"}],"predecessor-version":[{"id":21924,"href":"https:\/\/www.cosmetics-ebene.com\/en\/wp-json\/wp\/v2\/product\/20167\/revisions\/21924"}],"wp:featuredmedia":[{"embeddable":true,"href":"https:\/\/www.cosmetics-ebene.com\/en\/wp-json\/wp\/v2\/media\/20168"}],"wp:attachment":[{"href":"https:\/\/www.cosmetics-ebene.com\/en\/wp-json\/wp\/v2\/media?parent=20167"}],"wp:term":[{"taxonomy":"product_brand","embeddable":true,"href":"https:\/\/www.cosmetics-ebene.com\/en\/wp-json\/wp\/v2\/product_brand?post=20167"},{"taxonomy":"product_cat","embeddable":true,"href":"https:\/\/www.cosmetics-ebene.com\/en\/wp-json\/wp\/v2\/product_cat?post=20167"},{"taxonomy":"product_tag","embeddable":true,"href":"https:\/\/www.cosmetics-ebene.com\/en\/wp-json\/wp\/v2\/product_tag?post=20167"}],"curies":[{"name":"wp","href":"https:\/\/api.w.org\/{rel}","templated":true}]}}