{"id":20244,"date":"2025-04-09T10:07:08","date_gmt":"2025-04-09T10:07:08","guid":{"rendered":"https:\/\/www.cosmetics-ebene.com\/?post_type=product&#038;p=20244"},"modified":"2025-04-09T10:12:49","modified_gmt":"2025-04-09T10:12:49","slug":"coffret-boostez-la-densite-de-vos-cheveux","status":"publish","type":"product","link":"https:\/\/www.cosmetics-ebene.com\/en\/product\/coffret-boostez-la-densite-de-vos-cheveux\/","title":{"rendered":"Coffret boostez la densit\u00e9 de vos cheveux"},"content":{"rendered":"<p>Afin de booster la densit\u00e9 de votre chevelure nous vous recommandons\u00a0 les 4 produits suivants:<\/p>\n<p>-Eva Grace Lotion Croissance Extr\u00eame afin de permettre \u00e0 votre chevelure de croitre et d&#8217;emp\u00eacher la chute des cheveux<\/p>\n<p>-Dermo Evolution Traitement Capillaire Bambou pour stimuler la pousse de vos cheveux \u00e0 l\u2019aide des 10 ampoules<\/p>\n<p>-Audran Huile Naturelle Baobab pour hydrate et nourrit en prot\u00e9geant les fibres capillaires pour que vos cheveux retrouvent leur tonicit\u00e9<\/p>\n<p>-Eva Grace Shampoo pour une chevelure dense mais douce<\/p>\n","protected":false},"excerpt":{"rendered":"<p>Afin de booster la densit\u00e9 de votre chevelure nous vous recommandons\u00a0 les 4 produits suivants:<\/p>\n<p>-Eva Grace Lotion Croissance Extr\u00eame afin de permettre \u00e0 votre chevelure de croitre et d&#8217;emp\u00eacher la chute des cheveux<\/p>\n<p>-Dermo Evolution Traitement Capillaire Bambou pour stimuler la pousse de vos cheveux \u00e0 l\u2019aide des 10 ampoules<\/p>\n<p>-Audran Huile Naturelle Baobab pour hydrate et nourrit en prot\u00e9geant les fibres capillaires pour que vos cheveux retrouvent leur tonicit\u00e9<\/p>\n<p>-Eva Grace Shampoo pour une chevelure dense mais douce<\/p>\n","protected":false},"featured_media":20245,"comment_status":"open","ping_status":"closed","template":"","meta":[],"product_brand":[555],"product_cat":[347,553,385],"product_tag":[],"class_list":{"0":"post-20244","1":"product","2":"type-product","3":"status-publish","4":"has-post-thumbnail","6":"product_brand-nos-coffrets","7":"product_cat-cheveux","8":"product_cat-nos-coffrets","9":"product_cat-traitement-soins-capillaire","12":"instock","13":"taxable","14":"shipping-taxable","15":"purchasable","16":"product-type-simple"},"yoast_head":"<!-- This site is optimized with the Yoast SEO plugin v27.3 - https:\/\/yoast.com\/product\/yoast-seo-wordpress\/ -->\n<title>Coffret boostez la densit\u00e9 de vos cheveux - Sessi<\/title>\n<meta name=\"description\" content=\"Afin de booster la densit\u00e9 de votre chevelure nous vous recommandons\u00a0 les 4 produits suivants:-Eva Grace Lotion Croissance Extr\u00eame afin de permettre \u00e0 votre chevelure de croitre et d&#039;emp\u00eacher la chute des cheveux-Dermo Evolution Traitement Capillaire Bambou pour stimuler la pousse de vos cheveux \u00e0 l\u2019aide des 10 ampoules-Audran Huile Naturelle Baobab pour hydrate et nourrit en prot\u00e9geant les fibres capillaires pour que vos cheveux retrouvent leur tonicit\u00e9\u00a0-Eva Grace Shampoo pour une chevelure dense mais douce\" \/>\n<meta name=\"robots\" content=\"index, follow, max-snippet:-1, max-image-preview:large, max-video-preview:-1\" \/>\n<link rel=\"canonical\" href=\"https:\/\/www.cosmetics-ebene.com\/en\/product\/coffret-boostez-la-densite-de-vos-cheveux\/\" \/>\n<meta property=\"og:locale\" content=\"en_US\" \/>\n<meta property=\"og:type\" content=\"article\" \/>\n<meta property=\"og:title\" content=\"Coffret boostez la densit\u00e9 de vos cheveux - Sessi\" \/>\n<meta property=\"og:description\" content=\"Afin de booster la densit\u00e9 de votre chevelure nous vous recommandons\u00a0 les 4 produits suivants:-Eva Grace Lotion Croissance Extr\u00eame afin de permettre \u00e0 votre chevelure de croitre et d&#039;emp\u00eacher la chute des cheveux-Dermo Evolution Traitement Capillaire Bambou pour stimuler la pousse de vos cheveux \u00e0 l\u2019aide des 10 ampoules-Audran Huile Naturelle Baobab pour hydrate et nourrit en prot\u00e9geant les fibres capillaires pour que vos cheveux retrouvent leur tonicit\u00e9\u00a0-Eva Grace Shampoo pour une chevelure dense mais douce\" \/>\n<meta property=\"og:url\" content=\"https:\/\/www.cosmetics-ebene.com\/en\/product\/coffret-boostez-la-densite-de-vos-cheveux\/\" \/>\n<meta property=\"og:site_name\" content=\"Sessi\" \/>\n<meta property=\"article:modified_time\" content=\"2025-04-09T10:12:49+00:00\" \/>\n<meta property=\"og:image\" content=\"https:\/\/www.cosmetics-ebene.com\/wp-content\/uploads\/2025\/04\/Coffret-Boostez-la-densite-de-vos-cheveux-2.png\" \/>\n\t<meta property=\"og:image:width\" content=\"1500\" \/>\n\t<meta property=\"og:image:height\" content=\"1080\" \/>\n\t<meta property=\"og:image:type\" content=\"image\/png\" \/>\n<meta name=\"twitter:card\" content=\"summary_large_image\" \/>\n<meta name=\"twitter:label1\" content=\"Est. reading time\" \/>\n\t<meta name=\"twitter:data1\" content=\"1 minute\" \/>\n<script type=\"application\/ld+json\" class=\"yoast-schema-graph\">{\"@context\":\"https:\\\/\\\/schema.org\",\"@graph\":[{\"@type\":\"WebPage\",\"@id\":\"https:\\\/\\\/www.cosmetics-ebene.com\\\/en\\\/product\\\/coffret-boostez-la-densite-de-vos-cheveux\\\/\",\"url\":\"https:\\\/\\\/www.cosmetics-ebene.com\\\/en\\\/product\\\/coffret-boostez-la-densite-de-vos-cheveux\\\/\",\"name\":\"Coffret boostez la densit\u00e9 de vos cheveux - Sessi\",\"isPartOf\":{\"@id\":\"https:\\\/\\\/www.cosmetics-ebene.com\\\/en\\\/#website\"},\"primaryImageOfPage\":{\"@id\":\"https:\\\/\\\/www.cosmetics-ebene.com\\\/en\\\/product\\\/coffret-boostez-la-densite-de-vos-cheveux\\\/#primaryimage\"},\"image\":{\"@id\":\"https:\\\/\\\/www.cosmetics-ebene.com\\\/en\\\/product\\\/coffret-boostez-la-densite-de-vos-cheveux\\\/#primaryimage\"},\"thumbnailUrl\":\"https:\\\/\\\/www.cosmetics-ebene.com\\\/wp-content\\\/uploads\\\/2025\\\/04\\\/Coffret-Boostez-la-densite-de-vos-cheveux-2.png\",\"datePublished\":\"2025-04-09T10:07:08+00:00\",\"dateModified\":\"2025-04-09T10:12:49+00:00\",\"description\":\"Afin de booster la densit\u00e9 de votre chevelure nous vous recommandons\u00a0 les 4 produits suivants:-Eva Grace Lotion Croissance Extr\u00eame afin de permettre \u00e0 votre chevelure de croitre et d'emp\u00eacher la chute des cheveux-Dermo Evolution Traitement Capillaire Bambou pour stimuler la pousse de vos cheveux \u00e0 l\u2019aide des 10 ampoules-Audran Huile Naturelle Baobab pour hydrate et nourrit en prot\u00e9geant les fibres capillaires pour que vos cheveux retrouvent leur tonicit\u00e9\u00a0-Eva Grace Shampoo pour une chevelure dense mais douce\",\"breadcrumb\":{\"@id\":\"https:\\\/\\\/www.cosmetics-ebene.com\\\/en\\\/product\\\/coffret-boostez-la-densite-de-vos-cheveux\\\/#breadcrumb\"},\"inLanguage\":\"en-US\",\"potentialAction\":[{\"@type\":\"ReadAction\",\"target\":[\"https:\\\/\\\/www.cosmetics-ebene.com\\\/en\\\/product\\\/coffret-boostez-la-densite-de-vos-cheveux\\\/\"]}]},{\"@type\":\"ImageObject\",\"inLanguage\":\"en-US\",\"@id\":\"https:\\\/\\\/www.cosmetics-ebene.com\\\/en\\\/product\\\/coffret-boostez-la-densite-de-vos-cheveux\\\/#primaryimage\",\"url\":\"https:\\\/\\\/www.cosmetics-ebene.com\\\/wp-content\\\/uploads\\\/2025\\\/04\\\/Coffret-Boostez-la-densite-de-vos-cheveux-2.png\",\"contentUrl\":\"https:\\\/\\\/www.cosmetics-ebene.com\\\/wp-content\\\/uploads\\\/2025\\\/04\\\/Coffret-Boostez-la-densite-de-vos-cheveux-2.png\",\"width\":1500,\"height\":1080},{\"@type\":\"BreadcrumbList\",\"@id\":\"https:\\\/\\\/www.cosmetics-ebene.com\\\/en\\\/product\\\/coffret-boostez-la-densite-de-vos-cheveux\\\/#breadcrumb\",\"itemListElement\":[{\"@type\":\"ListItem\",\"position\":1,\"name\":\"Home\",\"item\":\"https:\\\/\\\/www.cosmetics-ebene.com\\\/en\\\/\"},{\"@type\":\"ListItem\",\"position\":2,\"name\":\"Shop\",\"item\":\"https:\\\/\\\/www.cosmetics-ebene.com\\\/shop\\\/\"},{\"@type\":\"ListItem\",\"position\":3,\"name\":\"Coffret boostez la densit\u00e9 de vos cheveux\"}]},{\"@type\":\"WebSite\",\"@id\":\"https:\\\/\\\/www.cosmetics-ebene.com\\\/en\\\/#website\",\"url\":\"https:\\\/\\\/www.cosmetics-ebene.com\\\/en\\\/\",\"name\":\"Sessi\",\"description\":\"Produits de beaut\u00e9 pour peau noires et m\u00e9tiss\u00e9\",\"publisher\":{\"@id\":\"https:\\\/\\\/www.cosmetics-ebene.com\\\/en\\\/#organization\"},\"potentialAction\":[{\"@type\":\"SearchAction\",\"target\":{\"@type\":\"EntryPoint\",\"urlTemplate\":\"https:\\\/\\\/www.cosmetics-ebene.com\\\/en\\\/?s={search_term_string}\"},\"query-input\":{\"@type\":\"PropertyValueSpecification\",\"valueRequired\":true,\"valueName\":\"search_term_string\"}}],\"inLanguage\":\"en-US\"},{\"@type\":\"Organization\",\"@id\":\"https:\\\/\\\/www.cosmetics-ebene.com\\\/en\\\/#organization\",\"name\":\"Sessi\",\"url\":\"https:\\\/\\\/www.cosmetics-ebene.com\\\/en\\\/\",\"logo\":{\"@type\":\"ImageObject\",\"inLanguage\":\"en-US\",\"@id\":\"https:\\\/\\\/www.cosmetics-ebene.com\\\/en\\\/#\\\/schema\\\/logo\\\/image\\\/\",\"url\":\"https:\\\/\\\/www.cosmetics-ebene.com\\\/wp-content\\\/uploads\\\/2024\\\/09\\\/cosmetics-ebene-logo-1-e1727351533275.png\",\"contentUrl\":\"https:\\\/\\\/www.cosmetics-ebene.com\\\/wp-content\\\/uploads\\\/2024\\\/09\\\/cosmetics-ebene-logo-1-e1727351533275.png\",\"width\":350,\"height\":69,\"caption\":\"Sessi\"},\"image\":{\"@id\":\"https:\\\/\\\/www.cosmetics-ebene.com\\\/en\\\/#\\\/schema\\\/logo\\\/image\\\/\"}}]}<\/script>\n<!-- \/ Yoast SEO plugin. -->","yoast_head_json":{"title":"Coffret boostez la densit\u00e9 de vos cheveux - Sessi","description":"Afin de booster la densit\u00e9 de votre chevelure nous vous recommandons\u00a0 les 4 produits suivants:-Eva Grace Lotion Croissance Extr\u00eame afin de permettre \u00e0 votre chevelure de croitre et d'emp\u00eacher la chute des cheveux-Dermo Evolution Traitement Capillaire Bambou pour stimuler la pousse de vos cheveux \u00e0 l\u2019aide des 10 ampoules-Audran Huile Naturelle Baobab pour hydrate et nourrit en prot\u00e9geant les fibres capillaires pour que vos cheveux retrouvent leur tonicit\u00e9\u00a0-Eva Grace Shampoo pour une chevelure dense mais douce","robots":{"index":"index","follow":"follow","max-snippet":"max-snippet:-1","max-image-preview":"max-image-preview:large","max-video-preview":"max-video-preview:-1"},"canonical":"https:\/\/www.cosmetics-ebene.com\/en\/product\/coffret-boostez-la-densite-de-vos-cheveux\/","og_locale":"en_US","og_type":"article","og_title":"Coffret boostez la densit\u00e9 de vos cheveux - Sessi","og_description":"Afin de booster la densit\u00e9 de votre chevelure nous vous recommandons\u00a0 les 4 produits suivants:-Eva Grace Lotion Croissance Extr\u00eame afin de permettre \u00e0 votre chevelure de croitre et d'emp\u00eacher la chute des cheveux-Dermo Evolution Traitement Capillaire Bambou pour stimuler la pousse de vos cheveux \u00e0 l\u2019aide des 10 ampoules-Audran Huile Naturelle Baobab pour hydrate et nourrit en prot\u00e9geant les fibres capillaires pour que vos cheveux retrouvent leur tonicit\u00e9\u00a0-Eva Grace Shampoo pour une chevelure dense mais douce","og_url":"https:\/\/www.cosmetics-ebene.com\/en\/product\/coffret-boostez-la-densite-de-vos-cheveux\/","og_site_name":"Sessi","article_modified_time":"2025-04-09T10:12:49+00:00","og_image":[{"width":1500,"height":1080,"url":"https:\/\/www.cosmetics-ebene.com\/wp-content\/uploads\/2025\/04\/Coffret-Boostez-la-densite-de-vos-cheveux-2.png","type":"image\/png"}],"twitter_card":"summary_large_image","twitter_misc":{"Est. reading time":"1 minute"},"schema":{"@context":"https:\/\/schema.org","@graph":[{"@type":"WebPage","@id":"https:\/\/www.cosmetics-ebene.com\/en\/product\/coffret-boostez-la-densite-de-vos-cheveux\/","url":"https:\/\/www.cosmetics-ebene.com\/en\/product\/coffret-boostez-la-densite-de-vos-cheveux\/","name":"Coffret boostez la densit\u00e9 de vos cheveux - Sessi","isPartOf":{"@id":"https:\/\/www.cosmetics-ebene.com\/en\/#website"},"primaryImageOfPage":{"@id":"https:\/\/www.cosmetics-ebene.com\/en\/product\/coffret-boostez-la-densite-de-vos-cheveux\/#primaryimage"},"image":{"@id":"https:\/\/www.cosmetics-ebene.com\/en\/product\/coffret-boostez-la-densite-de-vos-cheveux\/#primaryimage"},"thumbnailUrl":"https:\/\/www.cosmetics-ebene.com\/wp-content\/uploads\/2025\/04\/Coffret-Boostez-la-densite-de-vos-cheveux-2.png","datePublished":"2025-04-09T10:07:08+00:00","dateModified":"2025-04-09T10:12:49+00:00","description":"Afin de booster la densit\u00e9 de votre chevelure nous vous recommandons\u00a0 les 4 produits suivants:-Eva Grace Lotion Croissance Extr\u00eame afin de permettre \u00e0 votre chevelure de croitre et d'emp\u00eacher la chute des cheveux-Dermo Evolution Traitement Capillaire Bambou pour stimuler la pousse de vos cheveux \u00e0 l\u2019aide des 10 ampoules-Audran Huile Naturelle Baobab pour hydrate et nourrit en prot\u00e9geant les fibres capillaires pour que vos cheveux retrouvent leur tonicit\u00e9\u00a0-Eva Grace Shampoo pour une chevelure dense mais douce","breadcrumb":{"@id":"https:\/\/www.cosmetics-ebene.com\/en\/product\/coffret-boostez-la-densite-de-vos-cheveux\/#breadcrumb"},"inLanguage":"en-US","potentialAction":[{"@type":"ReadAction","target":["https:\/\/www.cosmetics-ebene.com\/en\/product\/coffret-boostez-la-densite-de-vos-cheveux\/"]}]},{"@type":"ImageObject","inLanguage":"en-US","@id":"https:\/\/www.cosmetics-ebene.com\/en\/product\/coffret-boostez-la-densite-de-vos-cheveux\/#primaryimage","url":"https:\/\/www.cosmetics-ebene.com\/wp-content\/uploads\/2025\/04\/Coffret-Boostez-la-densite-de-vos-cheveux-2.png","contentUrl":"https:\/\/www.cosmetics-ebene.com\/wp-content\/uploads\/2025\/04\/Coffret-Boostez-la-densite-de-vos-cheveux-2.png","width":1500,"height":1080},{"@type":"BreadcrumbList","@id":"https:\/\/www.cosmetics-ebene.com\/en\/product\/coffret-boostez-la-densite-de-vos-cheveux\/#breadcrumb","itemListElement":[{"@type":"ListItem","position":1,"name":"Home","item":"https:\/\/www.cosmetics-ebene.com\/en\/"},{"@type":"ListItem","position":2,"name":"Shop","item":"https:\/\/www.cosmetics-ebene.com\/shop\/"},{"@type":"ListItem","position":3,"name":"Coffret boostez la densit\u00e9 de vos cheveux"}]},{"@type":"WebSite","@id":"https:\/\/www.cosmetics-ebene.com\/en\/#website","url":"https:\/\/www.cosmetics-ebene.com\/en\/","name":"Sessi","description":"Produits de beaut\u00e9 pour peau noires et m\u00e9tiss\u00e9","publisher":{"@id":"https:\/\/www.cosmetics-ebene.com\/en\/#organization"},"potentialAction":[{"@type":"SearchAction","target":{"@type":"EntryPoint","urlTemplate":"https:\/\/www.cosmetics-ebene.com\/en\/?s={search_term_string}"},"query-input":{"@type":"PropertyValueSpecification","valueRequired":true,"valueName":"search_term_string"}}],"inLanguage":"en-US"},{"@type":"Organization","@id":"https:\/\/www.cosmetics-ebene.com\/en\/#organization","name":"Sessi","url":"https:\/\/www.cosmetics-ebene.com\/en\/","logo":{"@type":"ImageObject","inLanguage":"en-US","@id":"https:\/\/www.cosmetics-ebene.com\/en\/#\/schema\/logo\/image\/","url":"https:\/\/www.cosmetics-ebene.com\/wp-content\/uploads\/2024\/09\/cosmetics-ebene-logo-1-e1727351533275.png","contentUrl":"https:\/\/www.cosmetics-ebene.com\/wp-content\/uploads\/2024\/09\/cosmetics-ebene-logo-1-e1727351533275.png","width":350,"height":69,"caption":"Sessi"},"image":{"@id":"https:\/\/www.cosmetics-ebene.com\/en\/#\/schema\/logo\/image\/"}}]}},"_links":{"self":[{"href":"https:\/\/www.cosmetics-ebene.com\/en\/wp-json\/wp\/v2\/product\/20244","targetHints":{"allow":["GET"]}}],"collection":[{"href":"https:\/\/www.cosmetics-ebene.com\/en\/wp-json\/wp\/v2\/product"}],"about":[{"href":"https:\/\/www.cosmetics-ebene.com\/en\/wp-json\/wp\/v2\/types\/product"}],"replies":[{"embeddable":true,"href":"https:\/\/www.cosmetics-ebene.com\/en\/wp-json\/wp\/v2\/comments?post=20244"}],"version-history":[{"count":2,"href":"https:\/\/www.cosmetics-ebene.com\/en\/wp-json\/wp\/v2\/product\/20244\/revisions"}],"predecessor-version":[{"id":20249,"href":"https:\/\/www.cosmetics-ebene.com\/en\/wp-json\/wp\/v2\/product\/20244\/revisions\/20249"}],"wp:featuredmedia":[{"embeddable":true,"href":"https:\/\/www.cosmetics-ebene.com\/en\/wp-json\/wp\/v2\/media\/20245"}],"wp:attachment":[{"href":"https:\/\/www.cosmetics-ebene.com\/en\/wp-json\/wp\/v2\/media?parent=20244"}],"wp:term":[{"taxonomy":"product_brand","embeddable":true,"href":"https:\/\/www.cosmetics-ebene.com\/en\/wp-json\/wp\/v2\/product_brand?post=20244"},{"taxonomy":"product_cat","embeddable":true,"href":"https:\/\/www.cosmetics-ebene.com\/en\/wp-json\/wp\/v2\/product_cat?post=20244"},{"taxonomy":"product_tag","embeddable":true,"href":"https:\/\/www.cosmetics-ebene.com\/en\/wp-json\/wp\/v2\/product_tag?post=20244"}],"curies":[{"name":"wp","href":"https:\/\/api.w.org\/{rel}","templated":true}]}}