{"id":20299,"date":"2025-04-15T08:55:12","date_gmt":"2025-04-15T08:55:12","guid":{"rendered":"https:\/\/www.cosmetics-ebene.com\/?post_type=product&#038;p=20299"},"modified":"2025-07-25T13:40:21","modified_gmt":"2025-07-25T13:40:21","slug":"cbl-gel-douche-pour-toute-la-famille-750-ml","status":"publish","type":"product","link":"https:\/\/www.cosmetics-ebene.com\/en\/product\/cbl-gel-douche-pour-toute-la-famille-750-ml\/","title":{"rendered":"CBL Gel Douche pour toute la famille 750 ml"},"content":{"rendered":"<p>La peau \u00e9tant particuli\u00e8rement d\u00e9licate utiliser du gel douche permet de nettoyer la peau d\u00e9licatement et en profondeur. La formule de ce gel douche \u00e0 base d\u2019Huile d\u2019Amande Douce prot\u00e8ge les peaux les plus s\u00e8ches et les plus sensibles de toute la famille sans piquer les yeux. Sur peau humide appliquer le gel douche en frottant doucement ce qui g\u00e9n\u00e9rera une mousse onctueuse et parfum\u00e9e. Dites au revoir \u00e0 la s\u00e8cheresse cutan\u00e9e.<\/p>\n<p>Utilisation\u00a0: Appliquez sur peau humide (visage et corps), obtenez un mousse onctueuse en frottant puis rincez \u00e0 l\u2019eau. Ne pique pas les yeux et convient parfaitement aux peaux sensibles et s\u00e8ches. <\/p>\n","protected":false},"excerpt":{"rendered":"<p>La peau \u00e9tant particuli\u00e8rement d\u00e9licate utiliser du gel douche permet de nettoyer la peau d\u00e9licatement et en profondeur. La formule de ce gel douche \u00e0 base d\u2019Huile d\u2019Amande Douce prot\u00e8ge les peaux les plus s\u00e8ches et les plus sensibles de toute la famille sans piquer les yeux. Sur peau humide appliquer le gel douche en frottant doucement ce qui g\u00e9n\u00e9rera une mousse onctueuse et parfum\u00e9e. Dites au revoir \u00e0 la s\u00e8cheresse cutan\u00e9e.<\/p>\n<p>Utilisation\u00a0: Appliquez sur peau humide (visage et corps), obtenez un mousse onctueuse en frottant puis rincez \u00e0 l\u2019eau. Ne pique pas les yeux et convient parfaitement aux peaux sensibles et s\u00e8ches.<\/p>\n","protected":false},"featured_media":20300,"comment_status":"open","ping_status":"closed","template":"","meta":[],"product_brand":[271,272],"product_cat":[399,401,403,379],"product_tag":[],"class_list":{"0":"post-20299","1":"product","2":"type-product","3":"status-publish","4":"has-post-thumbnail","6":"product_brand-cbl","8":"product_cat-cbl","9":"product_cat-cbl-fr","10":"product_cat-cbl-fr1726628132","11":"product_cat-gel-douche-bain-savon","14":"instock","15":"taxable","16":"shipping-taxable","17":"purchasable","18":"product-type-simple"},"yoast_head":"<!-- This site is optimized with the Yoast SEO plugin v27.3 - https:\/\/yoast.com\/product\/yoast-seo-wordpress\/ -->\n<title>CBL Gel Douche pour toute la famille 750 ml - Sessi<\/title>\n<meta name=\"description\" content=\"La peau \u00e9tant particuli\u00e8rement d\u00e9licate utiliser du gel douche permet de nettoyer la peau d\u00e9licatement et en profondeur. La formule de ce gel douche \u00e0 base d\u2019Huile d\u2019Amande Douce prot\u00e8ge les peaux les plus s\u00e8ches et les plus sensibles de toute la famille sans piquer les yeux. Sur peau humide appliquer le gel douche en frottant doucement ce qui g\u00e9n\u00e9rera une mousse onctueuse et parfum\u00e9e. Dites au revoir \u00e0 la s\u00e8cheresse cutan\u00e9e. Utilisation : Appliquez sur peau humide (visage et corps), obtenez un mousse onctueuse en frottant puis rincez \u00e0 l\u2019eau. Ne pique pas les yeux et convient parfaitement aux peaux sensibles et s\u00e8ches.\" \/>\n<meta name=\"robots\" content=\"index, follow, max-snippet:-1, max-image-preview:large, max-video-preview:-1\" \/>\n<link rel=\"canonical\" href=\"https:\/\/www.cosmetics-ebene.com\/en\/product\/cbl-gel-douche-pour-toute-la-famille-750-ml\/\" \/>\n<meta property=\"og:locale\" content=\"en_US\" \/>\n<meta property=\"og:type\" content=\"article\" \/>\n<meta property=\"og:title\" content=\"CBL Gel Douche pour toute la famille 750 ml - Sessi\" \/>\n<meta property=\"og:description\" content=\"La peau \u00e9tant particuli\u00e8rement d\u00e9licate utiliser du gel douche permet de nettoyer la peau d\u00e9licatement et en profondeur. La formule de ce gel douche \u00e0 base d\u2019Huile d\u2019Amande Douce prot\u00e8ge les peaux les plus s\u00e8ches et les plus sensibles de toute la famille sans piquer les yeux. Sur peau humide appliquer le gel douche en frottant doucement ce qui g\u00e9n\u00e9rera une mousse onctueuse et parfum\u00e9e. Dites au revoir \u00e0 la s\u00e8cheresse cutan\u00e9e. Utilisation : Appliquez sur peau humide (visage et corps), obtenez un mousse onctueuse en frottant puis rincez \u00e0 l\u2019eau. Ne pique pas les yeux et convient parfaitement aux peaux sensibles et s\u00e8ches.\" \/>\n<meta property=\"og:url\" content=\"https:\/\/www.cosmetics-ebene.com\/en\/product\/cbl-gel-douche-pour-toute-la-famille-750-ml\/\" \/>\n<meta property=\"og:site_name\" content=\"Sessi\" \/>\n<meta property=\"article:modified_time\" content=\"2025-07-25T13:40:21+00:00\" \/>\n<meta property=\"og:image\" content=\"https:\/\/www.cosmetics-ebene.com\/wp-content\/uploads\/2025\/04\/Design-sans-titre-61.png\" \/>\n\t<meta property=\"og:image:width\" content=\"1080\" \/>\n\t<meta property=\"og:image:height\" content=\"1500\" \/>\n\t<meta property=\"og:image:type\" content=\"image\/png\" \/>\n<meta name=\"twitter:card\" content=\"summary_large_image\" \/>\n<meta name=\"twitter:label1\" content=\"Est. reading time\" \/>\n\t<meta name=\"twitter:data1\" content=\"1 minute\" \/>\n<script type=\"application\/ld+json\" class=\"yoast-schema-graph\">{\"@context\":\"https:\\\/\\\/schema.org\",\"@graph\":[{\"@type\":\"WebPage\",\"@id\":\"https:\\\/\\\/www.cosmetics-ebene.com\\\/en\\\/product\\\/cbl-gel-douche-pour-toute-la-famille-750-ml\\\/\",\"url\":\"https:\\\/\\\/www.cosmetics-ebene.com\\\/en\\\/product\\\/cbl-gel-douche-pour-toute-la-famille-750-ml\\\/\",\"name\":\"CBL Gel Douche pour toute la famille 750 ml - Sessi\",\"isPartOf\":{\"@id\":\"https:\\\/\\\/www.cosmetics-ebene.com\\\/en\\\/#website\"},\"primaryImageOfPage\":{\"@id\":\"https:\\\/\\\/www.cosmetics-ebene.com\\\/en\\\/product\\\/cbl-gel-douche-pour-toute-la-famille-750-ml\\\/#primaryimage\"},\"image\":{\"@id\":\"https:\\\/\\\/www.cosmetics-ebene.com\\\/en\\\/product\\\/cbl-gel-douche-pour-toute-la-famille-750-ml\\\/#primaryimage\"},\"thumbnailUrl\":\"https:\\\/\\\/www.cosmetics-ebene.com\\\/wp-content\\\/uploads\\\/2025\\\/04\\\/Design-sans-titre-61.png\",\"datePublished\":\"2025-04-15T08:55:12+00:00\",\"dateModified\":\"2025-07-25T13:40:21+00:00\",\"description\":\"La peau \u00e9tant particuli\u00e8rement d\u00e9licate utiliser du gel douche permet de nettoyer la peau d\u00e9licatement et en profondeur. La formule de ce gel douche \u00e0 base d\u2019Huile d\u2019Amande Douce prot\u00e8ge les peaux les plus s\u00e8ches et les plus sensibles de toute la famille sans piquer les yeux. Sur peau humide appliquer le gel douche en frottant doucement ce qui g\u00e9n\u00e9rera une mousse onctueuse et parfum\u00e9e. Dites au revoir \u00e0 la s\u00e8cheresse cutan\u00e9e. Utilisation : Appliquez sur peau humide (visage et corps), obtenez un mousse onctueuse en frottant puis rincez \u00e0 l\u2019eau. Ne pique pas les yeux et convient parfaitement aux peaux sensibles et s\u00e8ches.\",\"breadcrumb\":{\"@id\":\"https:\\\/\\\/www.cosmetics-ebene.com\\\/en\\\/product\\\/cbl-gel-douche-pour-toute-la-famille-750-ml\\\/#breadcrumb\"},\"inLanguage\":\"en-US\",\"potentialAction\":[{\"@type\":\"ReadAction\",\"target\":[\"https:\\\/\\\/www.cosmetics-ebene.com\\\/en\\\/product\\\/cbl-gel-douche-pour-toute-la-famille-750-ml\\\/\"]}]},{\"@type\":\"ImageObject\",\"inLanguage\":\"en-US\",\"@id\":\"https:\\\/\\\/www.cosmetics-ebene.com\\\/en\\\/product\\\/cbl-gel-douche-pour-toute-la-famille-750-ml\\\/#primaryimage\",\"url\":\"https:\\\/\\\/www.cosmetics-ebene.com\\\/wp-content\\\/uploads\\\/2025\\\/04\\\/Design-sans-titre-61.png\",\"contentUrl\":\"https:\\\/\\\/www.cosmetics-ebene.com\\\/wp-content\\\/uploads\\\/2025\\\/04\\\/Design-sans-titre-61.png\",\"width\":1080,\"height\":1500},{\"@type\":\"BreadcrumbList\",\"@id\":\"https:\\\/\\\/www.cosmetics-ebene.com\\\/en\\\/product\\\/cbl-gel-douche-pour-toute-la-famille-750-ml\\\/#breadcrumb\",\"itemListElement\":[{\"@type\":\"ListItem\",\"position\":1,\"name\":\"Home\",\"item\":\"https:\\\/\\\/www.cosmetics-ebene.com\\\/en\\\/\"},{\"@type\":\"ListItem\",\"position\":2,\"name\":\"Shop\",\"item\":\"https:\\\/\\\/www.cosmetics-ebene.com\\\/shop\\\/\"},{\"@type\":\"ListItem\",\"position\":3,\"name\":\"CBL Gel Douche pour toute la famille 750 ml\"}]},{\"@type\":\"WebSite\",\"@id\":\"https:\\\/\\\/www.cosmetics-ebene.com\\\/en\\\/#website\",\"url\":\"https:\\\/\\\/www.cosmetics-ebene.com\\\/en\\\/\",\"name\":\"Sessi\",\"description\":\"Produits de beaut\u00e9 pour peau noires et m\u00e9tiss\u00e9\",\"publisher\":{\"@id\":\"https:\\\/\\\/www.cosmetics-ebene.com\\\/en\\\/#organization\"},\"potentialAction\":[{\"@type\":\"SearchAction\",\"target\":{\"@type\":\"EntryPoint\",\"urlTemplate\":\"https:\\\/\\\/www.cosmetics-ebene.com\\\/en\\\/?s={search_term_string}\"},\"query-input\":{\"@type\":\"PropertyValueSpecification\",\"valueRequired\":true,\"valueName\":\"search_term_string\"}}],\"inLanguage\":\"en-US\"},{\"@type\":\"Organization\",\"@id\":\"https:\\\/\\\/www.cosmetics-ebene.com\\\/en\\\/#organization\",\"name\":\"Sessi\",\"url\":\"https:\\\/\\\/www.cosmetics-ebene.com\\\/en\\\/\",\"logo\":{\"@type\":\"ImageObject\",\"inLanguage\":\"en-US\",\"@id\":\"https:\\\/\\\/www.cosmetics-ebene.com\\\/en\\\/#\\\/schema\\\/logo\\\/image\\\/\",\"url\":\"https:\\\/\\\/www.cosmetics-ebene.com\\\/wp-content\\\/uploads\\\/2024\\\/09\\\/cosmetics-ebene-logo-1-e1727351533275.png\",\"contentUrl\":\"https:\\\/\\\/www.cosmetics-ebene.com\\\/wp-content\\\/uploads\\\/2024\\\/09\\\/cosmetics-ebene-logo-1-e1727351533275.png\",\"width\":350,\"height\":69,\"caption\":\"Sessi\"},\"image\":{\"@id\":\"https:\\\/\\\/www.cosmetics-ebene.com\\\/en\\\/#\\\/schema\\\/logo\\\/image\\\/\"}}]}<\/script>\n<!-- \/ Yoast SEO plugin. -->","yoast_head_json":{"title":"CBL Gel Douche pour toute la famille 750 ml - Sessi","description":"La peau \u00e9tant particuli\u00e8rement d\u00e9licate utiliser du gel douche permet de nettoyer la peau d\u00e9licatement et en profondeur. La formule de ce gel douche \u00e0 base d\u2019Huile d\u2019Amande Douce prot\u00e8ge les peaux les plus s\u00e8ches et les plus sensibles de toute la famille sans piquer les yeux. Sur peau humide appliquer le gel douche en frottant doucement ce qui g\u00e9n\u00e9rera une mousse onctueuse et parfum\u00e9e. Dites au revoir \u00e0 la s\u00e8cheresse cutan\u00e9e. Utilisation : Appliquez sur peau humide (visage et corps), obtenez un mousse onctueuse en frottant puis rincez \u00e0 l\u2019eau. Ne pique pas les yeux et convient parfaitement aux peaux sensibles et s\u00e8ches.","robots":{"index":"index","follow":"follow","max-snippet":"max-snippet:-1","max-image-preview":"max-image-preview:large","max-video-preview":"max-video-preview:-1"},"canonical":"https:\/\/www.cosmetics-ebene.com\/en\/product\/cbl-gel-douche-pour-toute-la-famille-750-ml\/","og_locale":"en_US","og_type":"article","og_title":"CBL Gel Douche pour toute la famille 750 ml - Sessi","og_description":"La peau \u00e9tant particuli\u00e8rement d\u00e9licate utiliser du gel douche permet de nettoyer la peau d\u00e9licatement et en profondeur. La formule de ce gel douche \u00e0 base d\u2019Huile d\u2019Amande Douce prot\u00e8ge les peaux les plus s\u00e8ches et les plus sensibles de toute la famille sans piquer les yeux. Sur peau humide appliquer le gel douche en frottant doucement ce qui g\u00e9n\u00e9rera une mousse onctueuse et parfum\u00e9e. Dites au revoir \u00e0 la s\u00e8cheresse cutan\u00e9e. Utilisation : Appliquez sur peau humide (visage et corps), obtenez un mousse onctueuse en frottant puis rincez \u00e0 l\u2019eau. Ne pique pas les yeux et convient parfaitement aux peaux sensibles et s\u00e8ches.","og_url":"https:\/\/www.cosmetics-ebene.com\/en\/product\/cbl-gel-douche-pour-toute-la-famille-750-ml\/","og_site_name":"Sessi","article_modified_time":"2025-07-25T13:40:21+00:00","og_image":[{"width":1080,"height":1500,"url":"https:\/\/www.cosmetics-ebene.com\/wp-content\/uploads\/2025\/04\/Design-sans-titre-61.png","type":"image\/png"}],"twitter_card":"summary_large_image","twitter_misc":{"Est. reading time":"1 minute"},"schema":{"@context":"https:\/\/schema.org","@graph":[{"@type":"WebPage","@id":"https:\/\/www.cosmetics-ebene.com\/en\/product\/cbl-gel-douche-pour-toute-la-famille-750-ml\/","url":"https:\/\/www.cosmetics-ebene.com\/en\/product\/cbl-gel-douche-pour-toute-la-famille-750-ml\/","name":"CBL Gel Douche pour toute la famille 750 ml - Sessi","isPartOf":{"@id":"https:\/\/www.cosmetics-ebene.com\/en\/#website"},"primaryImageOfPage":{"@id":"https:\/\/www.cosmetics-ebene.com\/en\/product\/cbl-gel-douche-pour-toute-la-famille-750-ml\/#primaryimage"},"image":{"@id":"https:\/\/www.cosmetics-ebene.com\/en\/product\/cbl-gel-douche-pour-toute-la-famille-750-ml\/#primaryimage"},"thumbnailUrl":"https:\/\/www.cosmetics-ebene.com\/wp-content\/uploads\/2025\/04\/Design-sans-titre-61.png","datePublished":"2025-04-15T08:55:12+00:00","dateModified":"2025-07-25T13:40:21+00:00","description":"La peau \u00e9tant particuli\u00e8rement d\u00e9licate utiliser du gel douche permet de nettoyer la peau d\u00e9licatement et en profondeur. La formule de ce gel douche \u00e0 base d\u2019Huile d\u2019Amande Douce prot\u00e8ge les peaux les plus s\u00e8ches et les plus sensibles de toute la famille sans piquer les yeux. Sur peau humide appliquer le gel douche en frottant doucement ce qui g\u00e9n\u00e9rera une mousse onctueuse et parfum\u00e9e. Dites au revoir \u00e0 la s\u00e8cheresse cutan\u00e9e. Utilisation : Appliquez sur peau humide (visage et corps), obtenez un mousse onctueuse en frottant puis rincez \u00e0 l\u2019eau. Ne pique pas les yeux et convient parfaitement aux peaux sensibles et s\u00e8ches.","breadcrumb":{"@id":"https:\/\/www.cosmetics-ebene.com\/en\/product\/cbl-gel-douche-pour-toute-la-famille-750-ml\/#breadcrumb"},"inLanguage":"en-US","potentialAction":[{"@type":"ReadAction","target":["https:\/\/www.cosmetics-ebene.com\/en\/product\/cbl-gel-douche-pour-toute-la-famille-750-ml\/"]}]},{"@type":"ImageObject","inLanguage":"en-US","@id":"https:\/\/www.cosmetics-ebene.com\/en\/product\/cbl-gel-douche-pour-toute-la-famille-750-ml\/#primaryimage","url":"https:\/\/www.cosmetics-ebene.com\/wp-content\/uploads\/2025\/04\/Design-sans-titre-61.png","contentUrl":"https:\/\/www.cosmetics-ebene.com\/wp-content\/uploads\/2025\/04\/Design-sans-titre-61.png","width":1080,"height":1500},{"@type":"BreadcrumbList","@id":"https:\/\/www.cosmetics-ebene.com\/en\/product\/cbl-gel-douche-pour-toute-la-famille-750-ml\/#breadcrumb","itemListElement":[{"@type":"ListItem","position":1,"name":"Home","item":"https:\/\/www.cosmetics-ebene.com\/en\/"},{"@type":"ListItem","position":2,"name":"Shop","item":"https:\/\/www.cosmetics-ebene.com\/shop\/"},{"@type":"ListItem","position":3,"name":"CBL Gel Douche pour toute la famille 750 ml"}]},{"@type":"WebSite","@id":"https:\/\/www.cosmetics-ebene.com\/en\/#website","url":"https:\/\/www.cosmetics-ebene.com\/en\/","name":"Sessi","description":"Produits de beaut\u00e9 pour peau noires et m\u00e9tiss\u00e9","publisher":{"@id":"https:\/\/www.cosmetics-ebene.com\/en\/#organization"},"potentialAction":[{"@type":"SearchAction","target":{"@type":"EntryPoint","urlTemplate":"https:\/\/www.cosmetics-ebene.com\/en\/?s={search_term_string}"},"query-input":{"@type":"PropertyValueSpecification","valueRequired":true,"valueName":"search_term_string"}}],"inLanguage":"en-US"},{"@type":"Organization","@id":"https:\/\/www.cosmetics-ebene.com\/en\/#organization","name":"Sessi","url":"https:\/\/www.cosmetics-ebene.com\/en\/","logo":{"@type":"ImageObject","inLanguage":"en-US","@id":"https:\/\/www.cosmetics-ebene.com\/en\/#\/schema\/logo\/image\/","url":"https:\/\/www.cosmetics-ebene.com\/wp-content\/uploads\/2024\/09\/cosmetics-ebene-logo-1-e1727351533275.png","contentUrl":"https:\/\/www.cosmetics-ebene.com\/wp-content\/uploads\/2024\/09\/cosmetics-ebene-logo-1-e1727351533275.png","width":350,"height":69,"caption":"Sessi"},"image":{"@id":"https:\/\/www.cosmetics-ebene.com\/en\/#\/schema\/logo\/image\/"}}]}},"_links":{"self":[{"href":"https:\/\/www.cosmetics-ebene.com\/en\/wp-json\/wp\/v2\/product\/20299","targetHints":{"allow":["GET"]}}],"collection":[{"href":"https:\/\/www.cosmetics-ebene.com\/en\/wp-json\/wp\/v2\/product"}],"about":[{"href":"https:\/\/www.cosmetics-ebene.com\/en\/wp-json\/wp\/v2\/types\/product"}],"replies":[{"embeddable":true,"href":"https:\/\/www.cosmetics-ebene.com\/en\/wp-json\/wp\/v2\/comments?post=20299"}],"version-history":[{"count":2,"href":"https:\/\/www.cosmetics-ebene.com\/en\/wp-json\/wp\/v2\/product\/20299\/revisions"}],"predecessor-version":[{"id":20307,"href":"https:\/\/www.cosmetics-ebene.com\/en\/wp-json\/wp\/v2\/product\/20299\/revisions\/20307"}],"wp:featuredmedia":[{"embeddable":true,"href":"https:\/\/www.cosmetics-ebene.com\/en\/wp-json\/wp\/v2\/media\/20300"}],"wp:attachment":[{"href":"https:\/\/www.cosmetics-ebene.com\/en\/wp-json\/wp\/v2\/media?parent=20299"}],"wp:term":[{"taxonomy":"product_brand","embeddable":true,"href":"https:\/\/www.cosmetics-ebene.com\/en\/wp-json\/wp\/v2\/product_brand?post=20299"},{"taxonomy":"product_cat","embeddable":true,"href":"https:\/\/www.cosmetics-ebene.com\/en\/wp-json\/wp\/v2\/product_cat?post=20299"},{"taxonomy":"product_tag","embeddable":true,"href":"https:\/\/www.cosmetics-ebene.com\/en\/wp-json\/wp\/v2\/product_tag?post=20299"}],"curies":[{"name":"wp","href":"https:\/\/api.w.org\/{rel}","templated":true}]}}