{"id":8508,"date":"2013-11-15T09:39:01","date_gmt":"2013-11-15T09:39:01","guid":{"rendered":"https:\/\/preprod.cosmetics-ebene.com\/?product=huile-eclaircissante-aux-pepins-de-raisins"},"modified":"2020-08-10T11:29:15","modified_gmt":"2020-08-10T11:29:15","slug":"huile-eclaircissante-aux-pepins-de-raisins","status":"publish","type":"product","link":"https:\/\/www.cosmetics-ebene.com\/en\/product\/huile-eclaircissante-aux-pepins-de-raisins\/","title":{"rendered":"Huile \u00e9claircissante aux p\u00e9pins de Raisins"},"content":{"rendered":"<p>L&#8217;huile \u00e9claircissante aux p\u00e9pins de Raisins DermoEvolution procure \u00e0 votre peau la vitalit\u00e9 et une belle luminosit\u00e9. <\/p>\n<p>Liste INCI : Helianthus, Annuus seed oil, Vitis Vinifera seed oil, Caprylic\/Capric Triglyceride, Diacetyl Boldine, Parfum, Rosmarinus Officinalis extract, Benzyl Benzoate, Benzyl Salicylate, Citral, Citronellol, Limonene, Eugenol, Alpha-Isomethyl Ionone, Geraniol, Hexyl Cinnamal, Hydroxycitronellal, Butylphenyl<\/p>\n","protected":false},"excerpt":{"rendered":"<p>DermoEvolution Huile aux p\u00e9pins de raisins rend votre peau douce<\/p>\n","protected":false},"featured_media":8506,"comment_status":"open","ping_status":"closed","template":"","meta":[],"product_brand":[269],"product_cat":[346,302,374,350],"product_tag":[],"class_list":{"0":"post-8508","1":"product","2":"type-product","3":"status-publish","4":"has-post-thumbnail","6":"product_brand-dermoevolution","7":"product_cat-body-care-and-face-care","8":"product_cat-dermoevolution-en","9":"product_cat-lightening-and-clarifying","10":"product_cat-men","11":"pa_je-suis-une-femme-en","12":"pa_un-produit-pour-le-corps-en","13":"pa_une-marque-dermoevolution-en","14":"pa_une-solution-pour-corps-lait-eclaircissant-pour-peau-terne-et-sombre-en","17":"instock","18":"taxable","19":"shipping-taxable","20":"purchasable","21":"product-type-simple"},"yoast_head":"<!-- This site is optimized with the Yoast SEO plugin v27.3 - https:\/\/yoast.com\/product\/yoast-seo-wordpress\/ -->\n<title>DermoEvolution Huile \u00e9claircissante aux p\u00e9pins de raisins<\/title>\n<meta name=\"description\" content=\"L&#039; Huile \u00e9claircissante aux p\u00e9pins de Raisins hydrate et \u00e9claircit la peau tout en l&#039;adoucissant et en la lissant\" \/>\n<meta name=\"robots\" content=\"index, follow, max-snippet:-1, max-image-preview:large, max-video-preview:-1\" \/>\n<link rel=\"canonical\" href=\"https:\/\/www.cosmetics-ebene.com\/en\/product\/huile-eclaircissante-aux-pepins-de-raisins\/\" \/>\n<meta property=\"og:locale\" content=\"en_US\" \/>\n<meta property=\"og:type\" content=\"article\" \/>\n<meta property=\"og:title\" content=\"DermoEvolution Huile \u00e9claircissante aux p\u00e9pins de raisins\" \/>\n<meta property=\"og:description\" content=\"L&#039; Huile \u00e9claircissante aux p\u00e9pins de Raisins hydrate et \u00e9claircit la peau tout en l&#039;adoucissant et en la lissant\" \/>\n<meta property=\"og:url\" content=\"https:\/\/www.cosmetics-ebene.com\/en\/product\/huile-eclaircissante-aux-pepins-de-raisins\/\" \/>\n<meta property=\"og:site_name\" content=\"Sessi\" \/>\n<meta property=\"article:modified_time\" content=\"2020-08-10T11:29:15+00:00\" \/>\n<meta property=\"og:image\" content=\"https:\/\/www.cosmetics-ebene.com\/wp-content\/uploads\/2024\/09\/112-scaled.jpg\" \/>\n\t<meta property=\"og:image:width\" content=\"1707\" \/>\n\t<meta property=\"og:image:height\" content=\"2560\" \/>\n\t<meta property=\"og:image:type\" content=\"image\/jpeg\" \/>\n<meta name=\"twitter:card\" content=\"summary_large_image\" \/>\n<script type=\"application\/ld+json\" class=\"yoast-schema-graph\">{\"@context\":\"https:\\\/\\\/schema.org\",\"@graph\":[{\"@type\":\"WebPage\",\"@id\":\"https:\\\/\\\/www.cosmetics-ebene.com\\\/en\\\/product\\\/huile-eclaircissante-aux-pepins-de-raisins\\\/\",\"url\":\"https:\\\/\\\/www.cosmetics-ebene.com\\\/en\\\/product\\\/huile-eclaircissante-aux-pepins-de-raisins\\\/\",\"name\":\"DermoEvolution Huile \u00e9claircissante aux p\u00e9pins de raisins\",\"isPartOf\":{\"@id\":\"https:\\\/\\\/www.cosmetics-ebene.com\\\/en\\\/#website\"},\"primaryImageOfPage\":{\"@id\":\"https:\\\/\\\/www.cosmetics-ebene.com\\\/en\\\/product\\\/huile-eclaircissante-aux-pepins-de-raisins\\\/#primaryimage\"},\"image\":{\"@id\":\"https:\\\/\\\/www.cosmetics-ebene.com\\\/en\\\/product\\\/huile-eclaircissante-aux-pepins-de-raisins\\\/#primaryimage\"},\"thumbnailUrl\":\"https:\\\/\\\/www.cosmetics-ebene.com\\\/wp-content\\\/uploads\\\/2024\\\/09\\\/112-scaled.jpg\",\"datePublished\":\"2013-11-15T09:39:01+00:00\",\"dateModified\":\"2020-08-10T11:29:15+00:00\",\"description\":\"L' Huile \u00e9claircissante aux p\u00e9pins de Raisins hydrate et \u00e9claircit la peau tout en l'adoucissant et en la lissant\",\"breadcrumb\":{\"@id\":\"https:\\\/\\\/www.cosmetics-ebene.com\\\/en\\\/product\\\/huile-eclaircissante-aux-pepins-de-raisins\\\/#breadcrumb\"},\"inLanguage\":\"en-US\",\"potentialAction\":[{\"@type\":\"ReadAction\",\"target\":[\"https:\\\/\\\/www.cosmetics-ebene.com\\\/en\\\/product\\\/huile-eclaircissante-aux-pepins-de-raisins\\\/\"]}]},{\"@type\":\"ImageObject\",\"inLanguage\":\"en-US\",\"@id\":\"https:\\\/\\\/www.cosmetics-ebene.com\\\/en\\\/product\\\/huile-eclaircissante-aux-pepins-de-raisins\\\/#primaryimage\",\"url\":\"https:\\\/\\\/www.cosmetics-ebene.com\\\/wp-content\\\/uploads\\\/2024\\\/09\\\/112-scaled.jpg\",\"contentUrl\":\"https:\\\/\\\/www.cosmetics-ebene.com\\\/wp-content\\\/uploads\\\/2024\\\/09\\\/112-scaled.jpg\",\"width\":1707,\"height\":2560,\"caption\":\"Huile \u00e9claircissante aux p\u00e9pins de Raisins\"},{\"@type\":\"BreadcrumbList\",\"@id\":\"https:\\\/\\\/www.cosmetics-ebene.com\\\/en\\\/product\\\/huile-eclaircissante-aux-pepins-de-raisins\\\/#breadcrumb\",\"itemListElement\":[{\"@type\":\"ListItem\",\"position\":1,\"name\":\"Home\",\"item\":\"https:\\\/\\\/www.cosmetics-ebene.com\\\/en\\\/\"},{\"@type\":\"ListItem\",\"position\":2,\"name\":\"Shop\",\"item\":\"https:\\\/\\\/www.cosmetics-ebene.com\\\/shop\\\/\"},{\"@type\":\"ListItem\",\"position\":3,\"name\":\"Huile \u00e9claircissante aux p\u00e9pins de Raisins\"}]},{\"@type\":\"WebSite\",\"@id\":\"https:\\\/\\\/www.cosmetics-ebene.com\\\/en\\\/#website\",\"url\":\"https:\\\/\\\/www.cosmetics-ebene.com\\\/en\\\/\",\"name\":\"Sessi\",\"description\":\"Produits de beaut\u00e9 pour peau noires et m\u00e9tiss\u00e9\",\"publisher\":{\"@id\":\"https:\\\/\\\/www.cosmetics-ebene.com\\\/en\\\/#organization\"},\"potentialAction\":[{\"@type\":\"SearchAction\",\"target\":{\"@type\":\"EntryPoint\",\"urlTemplate\":\"https:\\\/\\\/www.cosmetics-ebene.com\\\/en\\\/?s={search_term_string}\"},\"query-input\":{\"@type\":\"PropertyValueSpecification\",\"valueRequired\":true,\"valueName\":\"search_term_string\"}}],\"inLanguage\":\"en-US\"},{\"@type\":\"Organization\",\"@id\":\"https:\\\/\\\/www.cosmetics-ebene.com\\\/en\\\/#organization\",\"name\":\"Sessi\",\"url\":\"https:\\\/\\\/www.cosmetics-ebene.com\\\/en\\\/\",\"logo\":{\"@type\":\"ImageObject\",\"inLanguage\":\"en-US\",\"@id\":\"https:\\\/\\\/www.cosmetics-ebene.com\\\/en\\\/#\\\/schema\\\/logo\\\/image\\\/\",\"url\":\"https:\\\/\\\/www.cosmetics-ebene.com\\\/wp-content\\\/uploads\\\/2024\\\/09\\\/cosmetics-ebene-logo-1-e1727351533275.png\",\"contentUrl\":\"https:\\\/\\\/www.cosmetics-ebene.com\\\/wp-content\\\/uploads\\\/2024\\\/09\\\/cosmetics-ebene-logo-1-e1727351533275.png\",\"width\":350,\"height\":69,\"caption\":\"Sessi\"},\"image\":{\"@id\":\"https:\\\/\\\/www.cosmetics-ebene.com\\\/en\\\/#\\\/schema\\\/logo\\\/image\\\/\"}}]}<\/script>\n<!-- \/ Yoast SEO plugin. -->","yoast_head_json":{"title":"DermoEvolution Huile \u00e9claircissante aux p\u00e9pins de raisins","description":"L' Huile \u00e9claircissante aux p\u00e9pins de Raisins hydrate et \u00e9claircit la peau tout en l'adoucissant et en la lissant","robots":{"index":"index","follow":"follow","max-snippet":"max-snippet:-1","max-image-preview":"max-image-preview:large","max-video-preview":"max-video-preview:-1"},"canonical":"https:\/\/www.cosmetics-ebene.com\/en\/product\/huile-eclaircissante-aux-pepins-de-raisins\/","og_locale":"en_US","og_type":"article","og_title":"DermoEvolution Huile \u00e9claircissante aux p\u00e9pins de raisins","og_description":"L' Huile \u00e9claircissante aux p\u00e9pins de Raisins hydrate et \u00e9claircit la peau tout en l'adoucissant et en la lissant","og_url":"https:\/\/www.cosmetics-ebene.com\/en\/product\/huile-eclaircissante-aux-pepins-de-raisins\/","og_site_name":"Sessi","article_modified_time":"2020-08-10T11:29:15+00:00","og_image":[{"width":1707,"height":2560,"url":"https:\/\/www.cosmetics-ebene.com\/wp-content\/uploads\/2024\/09\/112-scaled.jpg","type":"image\/jpeg"}],"twitter_card":"summary_large_image","schema":{"@context":"https:\/\/schema.org","@graph":[{"@type":"WebPage","@id":"https:\/\/www.cosmetics-ebene.com\/en\/product\/huile-eclaircissante-aux-pepins-de-raisins\/","url":"https:\/\/www.cosmetics-ebene.com\/en\/product\/huile-eclaircissante-aux-pepins-de-raisins\/","name":"DermoEvolution Huile \u00e9claircissante aux p\u00e9pins de raisins","isPartOf":{"@id":"https:\/\/www.cosmetics-ebene.com\/en\/#website"},"primaryImageOfPage":{"@id":"https:\/\/www.cosmetics-ebene.com\/en\/product\/huile-eclaircissante-aux-pepins-de-raisins\/#primaryimage"},"image":{"@id":"https:\/\/www.cosmetics-ebene.com\/en\/product\/huile-eclaircissante-aux-pepins-de-raisins\/#primaryimage"},"thumbnailUrl":"https:\/\/www.cosmetics-ebene.com\/wp-content\/uploads\/2024\/09\/112-scaled.jpg","datePublished":"2013-11-15T09:39:01+00:00","dateModified":"2020-08-10T11:29:15+00:00","description":"L' Huile \u00e9claircissante aux p\u00e9pins de Raisins hydrate et \u00e9claircit la peau tout en l'adoucissant et en la lissant","breadcrumb":{"@id":"https:\/\/www.cosmetics-ebene.com\/en\/product\/huile-eclaircissante-aux-pepins-de-raisins\/#breadcrumb"},"inLanguage":"en-US","potentialAction":[{"@type":"ReadAction","target":["https:\/\/www.cosmetics-ebene.com\/en\/product\/huile-eclaircissante-aux-pepins-de-raisins\/"]}]},{"@type":"ImageObject","inLanguage":"en-US","@id":"https:\/\/www.cosmetics-ebene.com\/en\/product\/huile-eclaircissante-aux-pepins-de-raisins\/#primaryimage","url":"https:\/\/www.cosmetics-ebene.com\/wp-content\/uploads\/2024\/09\/112-scaled.jpg","contentUrl":"https:\/\/www.cosmetics-ebene.com\/wp-content\/uploads\/2024\/09\/112-scaled.jpg","width":1707,"height":2560,"caption":"Huile \u00e9claircissante aux p\u00e9pins de Raisins"},{"@type":"BreadcrumbList","@id":"https:\/\/www.cosmetics-ebene.com\/en\/product\/huile-eclaircissante-aux-pepins-de-raisins\/#breadcrumb","itemListElement":[{"@type":"ListItem","position":1,"name":"Home","item":"https:\/\/www.cosmetics-ebene.com\/en\/"},{"@type":"ListItem","position":2,"name":"Shop","item":"https:\/\/www.cosmetics-ebene.com\/shop\/"},{"@type":"ListItem","position":3,"name":"Huile \u00e9claircissante aux p\u00e9pins de Raisins"}]},{"@type":"WebSite","@id":"https:\/\/www.cosmetics-ebene.com\/en\/#website","url":"https:\/\/www.cosmetics-ebene.com\/en\/","name":"Sessi","description":"Produits de beaut\u00e9 pour peau noires et m\u00e9tiss\u00e9","publisher":{"@id":"https:\/\/www.cosmetics-ebene.com\/en\/#organization"},"potentialAction":[{"@type":"SearchAction","target":{"@type":"EntryPoint","urlTemplate":"https:\/\/www.cosmetics-ebene.com\/en\/?s={search_term_string}"},"query-input":{"@type":"PropertyValueSpecification","valueRequired":true,"valueName":"search_term_string"}}],"inLanguage":"en-US"},{"@type":"Organization","@id":"https:\/\/www.cosmetics-ebene.com\/en\/#organization","name":"Sessi","url":"https:\/\/www.cosmetics-ebene.com\/en\/","logo":{"@type":"ImageObject","inLanguage":"en-US","@id":"https:\/\/www.cosmetics-ebene.com\/en\/#\/schema\/logo\/image\/","url":"https:\/\/www.cosmetics-ebene.com\/wp-content\/uploads\/2024\/09\/cosmetics-ebene-logo-1-e1727351533275.png","contentUrl":"https:\/\/www.cosmetics-ebene.com\/wp-content\/uploads\/2024\/09\/cosmetics-ebene-logo-1-e1727351533275.png","width":350,"height":69,"caption":"Sessi"},"image":{"@id":"https:\/\/www.cosmetics-ebene.com\/en\/#\/schema\/logo\/image\/"}}]}},"_links":{"self":[{"href":"https:\/\/www.cosmetics-ebene.com\/en\/wp-json\/wp\/v2\/product\/8508","targetHints":{"allow":["GET"]}}],"collection":[{"href":"https:\/\/www.cosmetics-ebene.com\/en\/wp-json\/wp\/v2\/product"}],"about":[{"href":"https:\/\/www.cosmetics-ebene.com\/en\/wp-json\/wp\/v2\/types\/product"}],"replies":[{"embeddable":true,"href":"https:\/\/www.cosmetics-ebene.com\/en\/wp-json\/wp\/v2\/comments?post=8508"}],"version-history":[{"count":0,"href":"https:\/\/www.cosmetics-ebene.com\/en\/wp-json\/wp\/v2\/product\/8508\/revisions"}],"wp:featuredmedia":[{"embeddable":true,"href":"https:\/\/www.cosmetics-ebene.com\/en\/wp-json\/wp\/v2\/media\/8506"}],"wp:attachment":[{"href":"https:\/\/www.cosmetics-ebene.com\/en\/wp-json\/wp\/v2\/media?parent=8508"}],"wp:term":[{"taxonomy":"product_brand","embeddable":true,"href":"https:\/\/www.cosmetics-ebene.com\/en\/wp-json\/wp\/v2\/product_brand?post=8508"},{"taxonomy":"product_cat","embeddable":true,"href":"https:\/\/www.cosmetics-ebene.com\/en\/wp-json\/wp\/v2\/product_cat?post=8508"},{"taxonomy":"product_tag","embeddable":true,"href":"https:\/\/www.cosmetics-ebene.com\/en\/wp-json\/wp\/v2\/product_tag?post=8508"}],"curies":[{"name":"wp","href":"https:\/\/api.w.org\/{rel}","templated":true}]}}