{"id":8544,"date":"2013-11-15T09:39:01","date_gmt":"2013-11-15T09:39:01","guid":{"rendered":"https:\/\/preprod.cosmetics-ebene.com\/?product=lait-marron-eclaircissant-a-l-huile-de-rosier-muscat"},"modified":"2020-08-10T11:50:53","modified_gmt":"2020-08-10T11:50:53","slug":"lait-marron-eclaircissant-a-l-huile-de-rosier-muscat","status":"publish","type":"product","link":"https:\/\/www.cosmetics-ebene.com\/en\/product\/lait-marron-eclaircissant-a-l-huile-de-rosier-muscat\/","title":{"rendered":"DermoEvolution Lightening Body Lotion with Rose Hip Oil 500ml"},"content":{"rendered":"<p>DermoEvolution Lightening Body Lotion with Rose Hip Oil moisturizes and lightens your skin.<\/p>\n<p>Liste INCI : Aqua, Paraffinum Liquidum, Glycerine, Cetearyl Alcohol, Cetearyl Alcohol (and) Ceteh-20 Phosphate (and) Dicetyl Phosphate, Ceteareth-22 Phosphate, Lactic Acid, Rose Hip Oil, Imidazolinyl Urea, Parfum, Methylparaben, Ethylparaben, Citronellol, Linalol, Lyral, Cinnamal<\/p>\n","protected":false},"excerpt":{"rendered":"<p>DermoEvolution Lightening Body Lotion with Rose Hip Oil moisturizes and lightens your skin.<\/p>\n","protected":false},"featured_media":19716,"comment_status":"open","ping_status":"closed","template":"","meta":[],"product_brand":[270],"product_cat":[360,346,302,374,376],"product_tag":[],"class_list":{"0":"post-8544","1":"product","2":"type-product","3":"status-publish","4":"has-post-thumbnail","6":"product_brand-dermoevolution","7":"product_cat-body-care","8":"product_cat-body-care-and-face-care","9":"product_cat-dermoevolution-en","10":"product_cat-lightening-and-clarifying","11":"product_cat-moisturizing-lotion-and-scrub","12":"pa_une-marque-dermoevolution-en","15":"instock","16":"taxable","17":"shipping-taxable","18":"purchasable","19":"product-type-simple"},"yoast_head":"<!-- This site is optimized with the Yoast SEO plugin v27.3 - https:\/\/yoast.com\/product\/yoast-seo-wordpress\/ -->\n<title>DermoEvolution lait \u00e9claircissant \u00e0 l&#039;huile de Rosier Muscat<\/title>\n<meta name=\"description\" content=\"DermoEvolution Lait multi \u00e9claircissant aux AHA et \u00e0 l&#039;huile de Rosier Muscat hydratant pour tous types de peaux\" \/>\n<meta name=\"robots\" content=\"index, follow, max-snippet:-1, max-image-preview:large, max-video-preview:-1\" \/>\n<link rel=\"canonical\" href=\"https:\/\/www.cosmetics-ebene.com\/en\/product\/lait-marron-eclaircissant-a-l-huile-de-rosier-muscat\/\" \/>\n<meta property=\"og:locale\" content=\"en_US\" \/>\n<meta property=\"og:type\" content=\"article\" \/>\n<meta property=\"og:title\" content=\"DermoEvolution lait \u00e9claircissant \u00e0 l&#039;huile de Rosier Muscat\" \/>\n<meta property=\"og:description\" content=\"DermoEvolution Lait multi \u00e9claircissant aux AHA et \u00e0 l&#039;huile de Rosier Muscat hydratant pour tous types de peaux\" \/>\n<meta property=\"og:url\" content=\"https:\/\/www.cosmetics-ebene.com\/en\/product\/lait-marron-eclaircissant-a-l-huile-de-rosier-muscat\/\" \/>\n<meta property=\"og:site_name\" content=\"Sessi\" \/>\n<meta property=\"article:modified_time\" content=\"2020-08-10T11:50:53+00:00\" \/>\n<meta property=\"og:image\" content=\"https:\/\/www.cosmetics-ebene.com\/wp-content\/uploads\/2013\/11\/Dermo-Lait-Marron-Site.jpg\" \/>\n\t<meta property=\"og:image:width\" content=\"1080\" \/>\n\t<meta property=\"og:image:height\" content=\"1500\" \/>\n\t<meta property=\"og:image:type\" content=\"image\/jpeg\" \/>\n<meta name=\"twitter:card\" content=\"summary_large_image\" \/>\n<script type=\"application\/ld+json\" class=\"yoast-schema-graph\">{\"@context\":\"https:\\\/\\\/schema.org\",\"@graph\":[{\"@type\":\"WebPage\",\"@id\":\"https:\\\/\\\/www.cosmetics-ebene.com\\\/en\\\/product\\\/lait-marron-eclaircissant-a-l-huile-de-rosier-muscat\\\/\",\"url\":\"https:\\\/\\\/www.cosmetics-ebene.com\\\/en\\\/product\\\/lait-marron-eclaircissant-a-l-huile-de-rosier-muscat\\\/\",\"name\":\"DermoEvolution lait \u00e9claircissant \u00e0 l'huile de Rosier Muscat\",\"isPartOf\":{\"@id\":\"https:\\\/\\\/www.cosmetics-ebene.com\\\/en\\\/#website\"},\"primaryImageOfPage\":{\"@id\":\"https:\\\/\\\/www.cosmetics-ebene.com\\\/en\\\/product\\\/lait-marron-eclaircissant-a-l-huile-de-rosier-muscat\\\/#primaryimage\"},\"image\":{\"@id\":\"https:\\\/\\\/www.cosmetics-ebene.com\\\/en\\\/product\\\/lait-marron-eclaircissant-a-l-huile-de-rosier-muscat\\\/#primaryimage\"},\"thumbnailUrl\":\"https:\\\/\\\/www.cosmetics-ebene.com\\\/wp-content\\\/uploads\\\/2013\\\/11\\\/Dermo-Lait-Marron-Site.jpg\",\"datePublished\":\"2013-11-15T09:39:01+00:00\",\"dateModified\":\"2020-08-10T11:50:53+00:00\",\"description\":\"DermoEvolution Lait multi \u00e9claircissant aux AHA et \u00e0 l'huile de Rosier Muscat hydratant pour tous types de peaux\",\"breadcrumb\":{\"@id\":\"https:\\\/\\\/www.cosmetics-ebene.com\\\/en\\\/product\\\/lait-marron-eclaircissant-a-l-huile-de-rosier-muscat\\\/#breadcrumb\"},\"inLanguage\":\"en-US\",\"potentialAction\":[{\"@type\":\"ReadAction\",\"target\":[\"https:\\\/\\\/www.cosmetics-ebene.com\\\/en\\\/product\\\/lait-marron-eclaircissant-a-l-huile-de-rosier-muscat\\\/\"]}]},{\"@type\":\"ImageObject\",\"inLanguage\":\"en-US\",\"@id\":\"https:\\\/\\\/www.cosmetics-ebene.com\\\/en\\\/product\\\/lait-marron-eclaircissant-a-l-huile-de-rosier-muscat\\\/#primaryimage\",\"url\":\"https:\\\/\\\/www.cosmetics-ebene.com\\\/wp-content\\\/uploads\\\/2013\\\/11\\\/Dermo-Lait-Marron-Site.jpg\",\"contentUrl\":\"https:\\\/\\\/www.cosmetics-ebene.com\\\/wp-content\\\/uploads\\\/2013\\\/11\\\/Dermo-Lait-Marron-Site.jpg\",\"width\":1080,\"height\":1500},{\"@type\":\"BreadcrumbList\",\"@id\":\"https:\\\/\\\/www.cosmetics-ebene.com\\\/en\\\/product\\\/lait-marron-eclaircissant-a-l-huile-de-rosier-muscat\\\/#breadcrumb\",\"itemListElement\":[{\"@type\":\"ListItem\",\"position\":1,\"name\":\"Home\",\"item\":\"https:\\\/\\\/www.cosmetics-ebene.com\\\/en\\\/\"},{\"@type\":\"ListItem\",\"position\":2,\"name\":\"Shop\",\"item\":\"https:\\\/\\\/www.cosmetics-ebene.com\\\/shop\\\/\"},{\"@type\":\"ListItem\",\"position\":3,\"name\":\"DermoEvolution Lightening Body Lotion with Rose Hip Oil 500ml\"}]},{\"@type\":\"WebSite\",\"@id\":\"https:\\\/\\\/www.cosmetics-ebene.com\\\/en\\\/#website\",\"url\":\"https:\\\/\\\/www.cosmetics-ebene.com\\\/en\\\/\",\"name\":\"Sessi\",\"description\":\"Produits de beaut\u00e9 pour peau noires et m\u00e9tiss\u00e9\",\"publisher\":{\"@id\":\"https:\\\/\\\/www.cosmetics-ebene.com\\\/en\\\/#organization\"},\"potentialAction\":[{\"@type\":\"SearchAction\",\"target\":{\"@type\":\"EntryPoint\",\"urlTemplate\":\"https:\\\/\\\/www.cosmetics-ebene.com\\\/en\\\/?s={search_term_string}\"},\"query-input\":{\"@type\":\"PropertyValueSpecification\",\"valueRequired\":true,\"valueName\":\"search_term_string\"}}],\"inLanguage\":\"en-US\"},{\"@type\":\"Organization\",\"@id\":\"https:\\\/\\\/www.cosmetics-ebene.com\\\/en\\\/#organization\",\"name\":\"Sessi\",\"url\":\"https:\\\/\\\/www.cosmetics-ebene.com\\\/en\\\/\",\"logo\":{\"@type\":\"ImageObject\",\"inLanguage\":\"en-US\",\"@id\":\"https:\\\/\\\/www.cosmetics-ebene.com\\\/en\\\/#\\\/schema\\\/logo\\\/image\\\/\",\"url\":\"https:\\\/\\\/www.cosmetics-ebene.com\\\/wp-content\\\/uploads\\\/2024\\\/09\\\/cosmetics-ebene-logo-1-e1727351533275.png\",\"contentUrl\":\"https:\\\/\\\/www.cosmetics-ebene.com\\\/wp-content\\\/uploads\\\/2024\\\/09\\\/cosmetics-ebene-logo-1-e1727351533275.png\",\"width\":350,\"height\":69,\"caption\":\"Sessi\"},\"image\":{\"@id\":\"https:\\\/\\\/www.cosmetics-ebene.com\\\/en\\\/#\\\/schema\\\/logo\\\/image\\\/\"}}]}<\/script>\n<!-- \/ Yoast SEO plugin. -->","yoast_head_json":{"title":"DermoEvolution lait \u00e9claircissant \u00e0 l'huile de Rosier Muscat","description":"DermoEvolution Lait multi \u00e9claircissant aux AHA et \u00e0 l'huile de Rosier Muscat hydratant pour tous types de peaux","robots":{"index":"index","follow":"follow","max-snippet":"max-snippet:-1","max-image-preview":"max-image-preview:large","max-video-preview":"max-video-preview:-1"},"canonical":"https:\/\/www.cosmetics-ebene.com\/en\/product\/lait-marron-eclaircissant-a-l-huile-de-rosier-muscat\/","og_locale":"en_US","og_type":"article","og_title":"DermoEvolution lait \u00e9claircissant \u00e0 l'huile de Rosier Muscat","og_description":"DermoEvolution Lait multi \u00e9claircissant aux AHA et \u00e0 l'huile de Rosier Muscat hydratant pour tous types de peaux","og_url":"https:\/\/www.cosmetics-ebene.com\/en\/product\/lait-marron-eclaircissant-a-l-huile-de-rosier-muscat\/","og_site_name":"Sessi","article_modified_time":"2020-08-10T11:50:53+00:00","og_image":[{"width":1080,"height":1500,"url":"https:\/\/www.cosmetics-ebene.com\/wp-content\/uploads\/2013\/11\/Dermo-Lait-Marron-Site.jpg","type":"image\/jpeg"}],"twitter_card":"summary_large_image","schema":{"@context":"https:\/\/schema.org","@graph":[{"@type":"WebPage","@id":"https:\/\/www.cosmetics-ebene.com\/en\/product\/lait-marron-eclaircissant-a-l-huile-de-rosier-muscat\/","url":"https:\/\/www.cosmetics-ebene.com\/en\/product\/lait-marron-eclaircissant-a-l-huile-de-rosier-muscat\/","name":"DermoEvolution lait \u00e9claircissant \u00e0 l'huile de Rosier Muscat","isPartOf":{"@id":"https:\/\/www.cosmetics-ebene.com\/en\/#website"},"primaryImageOfPage":{"@id":"https:\/\/www.cosmetics-ebene.com\/en\/product\/lait-marron-eclaircissant-a-l-huile-de-rosier-muscat\/#primaryimage"},"image":{"@id":"https:\/\/www.cosmetics-ebene.com\/en\/product\/lait-marron-eclaircissant-a-l-huile-de-rosier-muscat\/#primaryimage"},"thumbnailUrl":"https:\/\/www.cosmetics-ebene.com\/wp-content\/uploads\/2013\/11\/Dermo-Lait-Marron-Site.jpg","datePublished":"2013-11-15T09:39:01+00:00","dateModified":"2020-08-10T11:50:53+00:00","description":"DermoEvolution Lait multi \u00e9claircissant aux AHA et \u00e0 l'huile de Rosier Muscat hydratant pour tous types de peaux","breadcrumb":{"@id":"https:\/\/www.cosmetics-ebene.com\/en\/product\/lait-marron-eclaircissant-a-l-huile-de-rosier-muscat\/#breadcrumb"},"inLanguage":"en-US","potentialAction":[{"@type":"ReadAction","target":["https:\/\/www.cosmetics-ebene.com\/en\/product\/lait-marron-eclaircissant-a-l-huile-de-rosier-muscat\/"]}]},{"@type":"ImageObject","inLanguage":"en-US","@id":"https:\/\/www.cosmetics-ebene.com\/en\/product\/lait-marron-eclaircissant-a-l-huile-de-rosier-muscat\/#primaryimage","url":"https:\/\/www.cosmetics-ebene.com\/wp-content\/uploads\/2013\/11\/Dermo-Lait-Marron-Site.jpg","contentUrl":"https:\/\/www.cosmetics-ebene.com\/wp-content\/uploads\/2013\/11\/Dermo-Lait-Marron-Site.jpg","width":1080,"height":1500},{"@type":"BreadcrumbList","@id":"https:\/\/www.cosmetics-ebene.com\/en\/product\/lait-marron-eclaircissant-a-l-huile-de-rosier-muscat\/#breadcrumb","itemListElement":[{"@type":"ListItem","position":1,"name":"Home","item":"https:\/\/www.cosmetics-ebene.com\/en\/"},{"@type":"ListItem","position":2,"name":"Shop","item":"https:\/\/www.cosmetics-ebene.com\/shop\/"},{"@type":"ListItem","position":3,"name":"DermoEvolution Lightening Body Lotion with Rose Hip Oil 500ml"}]},{"@type":"WebSite","@id":"https:\/\/www.cosmetics-ebene.com\/en\/#website","url":"https:\/\/www.cosmetics-ebene.com\/en\/","name":"Sessi","description":"Produits de beaut\u00e9 pour peau noires et m\u00e9tiss\u00e9","publisher":{"@id":"https:\/\/www.cosmetics-ebene.com\/en\/#organization"},"potentialAction":[{"@type":"SearchAction","target":{"@type":"EntryPoint","urlTemplate":"https:\/\/www.cosmetics-ebene.com\/en\/?s={search_term_string}"},"query-input":{"@type":"PropertyValueSpecification","valueRequired":true,"valueName":"search_term_string"}}],"inLanguage":"en-US"},{"@type":"Organization","@id":"https:\/\/www.cosmetics-ebene.com\/en\/#organization","name":"Sessi","url":"https:\/\/www.cosmetics-ebene.com\/en\/","logo":{"@type":"ImageObject","inLanguage":"en-US","@id":"https:\/\/www.cosmetics-ebene.com\/en\/#\/schema\/logo\/image\/","url":"https:\/\/www.cosmetics-ebene.com\/wp-content\/uploads\/2024\/09\/cosmetics-ebene-logo-1-e1727351533275.png","contentUrl":"https:\/\/www.cosmetics-ebene.com\/wp-content\/uploads\/2024\/09\/cosmetics-ebene-logo-1-e1727351533275.png","width":350,"height":69,"caption":"Sessi"},"image":{"@id":"https:\/\/www.cosmetics-ebene.com\/en\/#\/schema\/logo\/image\/"}}]}},"_links":{"self":[{"href":"https:\/\/www.cosmetics-ebene.com\/en\/wp-json\/wp\/v2\/product\/8544","targetHints":{"allow":["GET"]}}],"collection":[{"href":"https:\/\/www.cosmetics-ebene.com\/en\/wp-json\/wp\/v2\/product"}],"about":[{"href":"https:\/\/www.cosmetics-ebene.com\/en\/wp-json\/wp\/v2\/types\/product"}],"replies":[{"embeddable":true,"href":"https:\/\/www.cosmetics-ebene.com\/en\/wp-json\/wp\/v2\/comments?post=8544"}],"version-history":[{"count":0,"href":"https:\/\/www.cosmetics-ebene.com\/en\/wp-json\/wp\/v2\/product\/8544\/revisions"}],"wp:featuredmedia":[{"embeddable":true,"href":"https:\/\/www.cosmetics-ebene.com\/en\/wp-json\/wp\/v2\/media\/19716"}],"wp:attachment":[{"href":"https:\/\/www.cosmetics-ebene.com\/en\/wp-json\/wp\/v2\/media?parent=8544"}],"wp:term":[{"taxonomy":"product_brand","embeddable":true,"href":"https:\/\/www.cosmetics-ebene.com\/en\/wp-json\/wp\/v2\/product_brand?post=8544"},{"taxonomy":"product_cat","embeddable":true,"href":"https:\/\/www.cosmetics-ebene.com\/en\/wp-json\/wp\/v2\/product_cat?post=8544"},{"taxonomy":"product_tag","embeddable":true,"href":"https:\/\/www.cosmetics-ebene.com\/en\/wp-json\/wp\/v2\/product_tag?post=8544"}],"curies":[{"name":"wp","href":"https:\/\/api.w.org\/{rel}","templated":true}]}}