{"id":8562,"date":"2013-11-15T09:39:01","date_gmt":"2013-11-15T09:39:01","guid":{"rendered":"https:\/\/preprod.cosmetics-ebene.com\/?product=savon-creme-aux-noyaux-d-abricot"},"modified":"2024-07-11T12:50:47","modified_gmt":"2024-07-11T12:50:47","slug":"savon-creme-aux-noyaux-d-abricot","status":"publish","type":"product","link":"https:\/\/www.cosmetics-ebene.com\/en\/product\/savon-creme-aux-noyaux-d-abricot\/","title":{"rendered":"DermoEvolution Lightening Creamy Soap with Apricot Seeds 200g"},"content":{"rendered":"<p>DermoEvolution Lightening Creamy Soap with Apricot Seeds lightens gently your skin, takes care of the black spots and the dead skins.\u00a0<\/p>\n<p>Liste INCI : Sodium Palmate, Sodium Palm Kernelate, Aqua, Sodium Lauryl Sulfate, Parfum, Prunus Armeniaca seed powder, Argania Spinosa Kernel oil, Glycerin, Sodium Chloride, CI 77891 (Titanium Dioxyde), Tetrasodium EDTA, Tetrasodium Etidronate, Butylene Glycol, Morus Alba root extract, Mulberry root extract,<\/p>\n","protected":false},"excerpt":{"rendered":"<p>DermoEvolution Lightening Creamy Soap with Apricot Seeds lightens gently your skin, takes care of the black spots and the dead skins.\u00a0<\/p>\n","protected":false},"featured_media":8560,"comment_status":"open","ping_status":"closed","template":"","meta":[],"product_brand":[270],"product_cat":[360,346,302,344,358,380,382,412],"product_tag":[],"class_list":{"0":"post-8562","1":"product","2":"type-product","3":"status-publish","4":"has-post-thumbnail","6":"product_brand-dermoevolution","7":"product_cat-body-care","8":"product_cat-body-care-and-face-care","9":"product_cat-dermoevolution-en","10":"product_cat-discount","11":"product_cat-face-care","12":"product_cat-shower-gel-and-soap","13":"product_cat-soap","14":"product_cat-vente-flash-en","15":"pa_je-suis-toutes-categories-confondues-en","16":"pa_un-produit-pour-la-toilette-en","17":"pa_une-marque-dermoevolution-en","18":"pa_une-solution-pour-corps-solution-pour-le-bain-en","21":"instock","22":"sale","23":"taxable","24":"shipping-taxable","25":"purchasable","26":"product-type-simple"},"yoast_head":"<!-- This site is optimized with the Yoast SEO plugin v27.3 - https:\/\/yoast.com\/product\/yoast-seo-wordpress\/ -->\n<title>DermoEvolution savon aux noyaux d&#039;abricot<\/title>\n<meta name=\"description\" content=\"DermoEvolution Savon cr\u00e8me aux noyaux d&#039;Abricot pour un \u00e9claircissement raffin\u00e9 du visage et du corps. Deplus il redonnera \u00e0 votre peau un \u00e9clat de jeune\" \/>\n<meta name=\"robots\" content=\"index, follow, max-snippet:-1, max-image-preview:large, max-video-preview:-1\" \/>\n<link rel=\"canonical\" href=\"https:\/\/www.cosmetics-ebene.com\/en\/product\/savon-creme-aux-noyaux-d-abricot\/\" \/>\n<meta property=\"og:locale\" content=\"en_US\" \/>\n<meta property=\"og:type\" content=\"article\" \/>\n<meta property=\"og:title\" content=\"DermoEvolution savon aux noyaux d&#039;abricot\" \/>\n<meta property=\"og:description\" content=\"DermoEvolution Savon cr\u00e8me aux noyaux d&#039;Abricot pour un \u00e9claircissement raffin\u00e9 du visage et du corps. Deplus il redonnera \u00e0 votre peau un \u00e9clat de jeune\" \/>\n<meta property=\"og:url\" content=\"https:\/\/www.cosmetics-ebene.com\/en\/product\/savon-creme-aux-noyaux-d-abricot\/\" \/>\n<meta property=\"og:site_name\" content=\"Sessi\" \/>\n<meta property=\"article:modified_time\" content=\"2024-07-11T12:50:47+00:00\" \/>\n<meta property=\"og:image\" content=\"https:\/\/www.cosmetics-ebene.com\/wp-content\/uploads\/2024\/09\/163.jpg\" \/>\n\t<meta property=\"og:image:width\" content=\"918\" \/>\n\t<meta property=\"og:image:height\" content=\"735\" \/>\n\t<meta property=\"og:image:type\" content=\"image\/jpeg\" \/>\n<meta name=\"twitter:card\" content=\"summary_large_image\" \/>\n<script type=\"application\/ld+json\" class=\"yoast-schema-graph\">{\"@context\":\"https:\\\/\\\/schema.org\",\"@graph\":[{\"@type\":\"WebPage\",\"@id\":\"https:\\\/\\\/www.cosmetics-ebene.com\\\/en\\\/product\\\/savon-creme-aux-noyaux-d-abricot\\\/\",\"url\":\"https:\\\/\\\/www.cosmetics-ebene.com\\\/en\\\/product\\\/savon-creme-aux-noyaux-d-abricot\\\/\",\"name\":\"DermoEvolution savon aux noyaux d'abricot\",\"isPartOf\":{\"@id\":\"https:\\\/\\\/www.cosmetics-ebene.com\\\/en\\\/#website\"},\"primaryImageOfPage\":{\"@id\":\"https:\\\/\\\/www.cosmetics-ebene.com\\\/en\\\/product\\\/savon-creme-aux-noyaux-d-abricot\\\/#primaryimage\"},\"image\":{\"@id\":\"https:\\\/\\\/www.cosmetics-ebene.com\\\/en\\\/product\\\/savon-creme-aux-noyaux-d-abricot\\\/#primaryimage\"},\"thumbnailUrl\":\"https:\\\/\\\/www.cosmetics-ebene.com\\\/wp-content\\\/uploads\\\/2024\\\/09\\\/163.jpg\",\"datePublished\":\"2013-11-15T09:39:01+00:00\",\"dateModified\":\"2024-07-11T12:50:47+00:00\",\"description\":\"DermoEvolution Savon cr\u00e8me aux noyaux d'Abricot pour un \u00e9claircissement raffin\u00e9 du visage et du corps. Deplus il redonnera \u00e0 votre peau un \u00e9clat de jeune\",\"breadcrumb\":{\"@id\":\"https:\\\/\\\/www.cosmetics-ebene.com\\\/en\\\/product\\\/savon-creme-aux-noyaux-d-abricot\\\/#breadcrumb\"},\"inLanguage\":\"en-US\",\"potentialAction\":[{\"@type\":\"ReadAction\",\"target\":[\"https:\\\/\\\/www.cosmetics-ebene.com\\\/en\\\/product\\\/savon-creme-aux-noyaux-d-abricot\\\/\"]}]},{\"@type\":\"ImageObject\",\"inLanguage\":\"en-US\",\"@id\":\"https:\\\/\\\/www.cosmetics-ebene.com\\\/en\\\/product\\\/savon-creme-aux-noyaux-d-abricot\\\/#primaryimage\",\"url\":\"https:\\\/\\\/www.cosmetics-ebene.com\\\/wp-content\\\/uploads\\\/2024\\\/09\\\/163.jpg\",\"contentUrl\":\"https:\\\/\\\/www.cosmetics-ebene.com\\\/wp-content\\\/uploads\\\/2024\\\/09\\\/163.jpg\",\"width\":918,\"height\":735,\"caption\":\"Savon cr\u00e9me aux noyaux d' Abricot\"},{\"@type\":\"BreadcrumbList\",\"@id\":\"https:\\\/\\\/www.cosmetics-ebene.com\\\/en\\\/product\\\/savon-creme-aux-noyaux-d-abricot\\\/#breadcrumb\",\"itemListElement\":[{\"@type\":\"ListItem\",\"position\":1,\"name\":\"Home\",\"item\":\"https:\\\/\\\/www.cosmetics-ebene.com\\\/en\\\/\"},{\"@type\":\"ListItem\",\"position\":2,\"name\":\"Shop\",\"item\":\"https:\\\/\\\/www.cosmetics-ebene.com\\\/shop\\\/\"},{\"@type\":\"ListItem\",\"position\":3,\"name\":\"DermoEvolution Lightening Creamy Soap with Apricot Seeds 200g\"}]},{\"@type\":\"WebSite\",\"@id\":\"https:\\\/\\\/www.cosmetics-ebene.com\\\/en\\\/#website\",\"url\":\"https:\\\/\\\/www.cosmetics-ebene.com\\\/en\\\/\",\"name\":\"Sessi\",\"description\":\"Produits de beaut\u00e9 pour peau noires et m\u00e9tiss\u00e9\",\"publisher\":{\"@id\":\"https:\\\/\\\/www.cosmetics-ebene.com\\\/en\\\/#organization\"},\"potentialAction\":[{\"@type\":\"SearchAction\",\"target\":{\"@type\":\"EntryPoint\",\"urlTemplate\":\"https:\\\/\\\/www.cosmetics-ebene.com\\\/en\\\/?s={search_term_string}\"},\"query-input\":{\"@type\":\"PropertyValueSpecification\",\"valueRequired\":true,\"valueName\":\"search_term_string\"}}],\"inLanguage\":\"en-US\"},{\"@type\":\"Organization\",\"@id\":\"https:\\\/\\\/www.cosmetics-ebene.com\\\/en\\\/#organization\",\"name\":\"Sessi\",\"url\":\"https:\\\/\\\/www.cosmetics-ebene.com\\\/en\\\/\",\"logo\":{\"@type\":\"ImageObject\",\"inLanguage\":\"en-US\",\"@id\":\"https:\\\/\\\/www.cosmetics-ebene.com\\\/en\\\/#\\\/schema\\\/logo\\\/image\\\/\",\"url\":\"https:\\\/\\\/www.cosmetics-ebene.com\\\/wp-content\\\/uploads\\\/2024\\\/09\\\/cosmetics-ebene-logo-1-e1727351533275.png\",\"contentUrl\":\"https:\\\/\\\/www.cosmetics-ebene.com\\\/wp-content\\\/uploads\\\/2024\\\/09\\\/cosmetics-ebene-logo-1-e1727351533275.png\",\"width\":350,\"height\":69,\"caption\":\"Sessi\"},\"image\":{\"@id\":\"https:\\\/\\\/www.cosmetics-ebene.com\\\/en\\\/#\\\/schema\\\/logo\\\/image\\\/\"}}]}<\/script>\n<!-- \/ Yoast SEO plugin. -->","yoast_head_json":{"title":"DermoEvolution savon aux noyaux d'abricot","description":"DermoEvolution Savon cr\u00e8me aux noyaux d'Abricot pour un \u00e9claircissement raffin\u00e9 du visage et du corps. Deplus il redonnera \u00e0 votre peau un \u00e9clat de jeune","robots":{"index":"index","follow":"follow","max-snippet":"max-snippet:-1","max-image-preview":"max-image-preview:large","max-video-preview":"max-video-preview:-1"},"canonical":"https:\/\/www.cosmetics-ebene.com\/en\/product\/savon-creme-aux-noyaux-d-abricot\/","og_locale":"en_US","og_type":"article","og_title":"DermoEvolution savon aux noyaux d'abricot","og_description":"DermoEvolution Savon cr\u00e8me aux noyaux d'Abricot pour un \u00e9claircissement raffin\u00e9 du visage et du corps. Deplus il redonnera \u00e0 votre peau un \u00e9clat de jeune","og_url":"https:\/\/www.cosmetics-ebene.com\/en\/product\/savon-creme-aux-noyaux-d-abricot\/","og_site_name":"Sessi","article_modified_time":"2024-07-11T12:50:47+00:00","og_image":[{"width":918,"height":735,"url":"https:\/\/www.cosmetics-ebene.com\/wp-content\/uploads\/2024\/09\/163.jpg","type":"image\/jpeg"}],"twitter_card":"summary_large_image","schema":{"@context":"https:\/\/schema.org","@graph":[{"@type":"WebPage","@id":"https:\/\/www.cosmetics-ebene.com\/en\/product\/savon-creme-aux-noyaux-d-abricot\/","url":"https:\/\/www.cosmetics-ebene.com\/en\/product\/savon-creme-aux-noyaux-d-abricot\/","name":"DermoEvolution savon aux noyaux d'abricot","isPartOf":{"@id":"https:\/\/www.cosmetics-ebene.com\/en\/#website"},"primaryImageOfPage":{"@id":"https:\/\/www.cosmetics-ebene.com\/en\/product\/savon-creme-aux-noyaux-d-abricot\/#primaryimage"},"image":{"@id":"https:\/\/www.cosmetics-ebene.com\/en\/product\/savon-creme-aux-noyaux-d-abricot\/#primaryimage"},"thumbnailUrl":"https:\/\/www.cosmetics-ebene.com\/wp-content\/uploads\/2024\/09\/163.jpg","datePublished":"2013-11-15T09:39:01+00:00","dateModified":"2024-07-11T12:50:47+00:00","description":"DermoEvolution Savon cr\u00e8me aux noyaux d'Abricot pour un \u00e9claircissement raffin\u00e9 du visage et du corps. Deplus il redonnera \u00e0 votre peau un \u00e9clat de jeune","breadcrumb":{"@id":"https:\/\/www.cosmetics-ebene.com\/en\/product\/savon-creme-aux-noyaux-d-abricot\/#breadcrumb"},"inLanguage":"en-US","potentialAction":[{"@type":"ReadAction","target":["https:\/\/www.cosmetics-ebene.com\/en\/product\/savon-creme-aux-noyaux-d-abricot\/"]}]},{"@type":"ImageObject","inLanguage":"en-US","@id":"https:\/\/www.cosmetics-ebene.com\/en\/product\/savon-creme-aux-noyaux-d-abricot\/#primaryimage","url":"https:\/\/www.cosmetics-ebene.com\/wp-content\/uploads\/2024\/09\/163.jpg","contentUrl":"https:\/\/www.cosmetics-ebene.com\/wp-content\/uploads\/2024\/09\/163.jpg","width":918,"height":735,"caption":"Savon cr\u00e9me aux noyaux d' Abricot"},{"@type":"BreadcrumbList","@id":"https:\/\/www.cosmetics-ebene.com\/en\/product\/savon-creme-aux-noyaux-d-abricot\/#breadcrumb","itemListElement":[{"@type":"ListItem","position":1,"name":"Home","item":"https:\/\/www.cosmetics-ebene.com\/en\/"},{"@type":"ListItem","position":2,"name":"Shop","item":"https:\/\/www.cosmetics-ebene.com\/shop\/"},{"@type":"ListItem","position":3,"name":"DermoEvolution Lightening Creamy Soap with Apricot Seeds 200g"}]},{"@type":"WebSite","@id":"https:\/\/www.cosmetics-ebene.com\/en\/#website","url":"https:\/\/www.cosmetics-ebene.com\/en\/","name":"Sessi","description":"Produits de beaut\u00e9 pour peau noires et m\u00e9tiss\u00e9","publisher":{"@id":"https:\/\/www.cosmetics-ebene.com\/en\/#organization"},"potentialAction":[{"@type":"SearchAction","target":{"@type":"EntryPoint","urlTemplate":"https:\/\/www.cosmetics-ebene.com\/en\/?s={search_term_string}"},"query-input":{"@type":"PropertyValueSpecification","valueRequired":true,"valueName":"search_term_string"}}],"inLanguage":"en-US"},{"@type":"Organization","@id":"https:\/\/www.cosmetics-ebene.com\/en\/#organization","name":"Sessi","url":"https:\/\/www.cosmetics-ebene.com\/en\/","logo":{"@type":"ImageObject","inLanguage":"en-US","@id":"https:\/\/www.cosmetics-ebene.com\/en\/#\/schema\/logo\/image\/","url":"https:\/\/www.cosmetics-ebene.com\/wp-content\/uploads\/2024\/09\/cosmetics-ebene-logo-1-e1727351533275.png","contentUrl":"https:\/\/www.cosmetics-ebene.com\/wp-content\/uploads\/2024\/09\/cosmetics-ebene-logo-1-e1727351533275.png","width":350,"height":69,"caption":"Sessi"},"image":{"@id":"https:\/\/www.cosmetics-ebene.com\/en\/#\/schema\/logo\/image\/"}}]}},"_links":{"self":[{"href":"https:\/\/www.cosmetics-ebene.com\/en\/wp-json\/wp\/v2\/product\/8562","targetHints":{"allow":["GET"]}}],"collection":[{"href":"https:\/\/www.cosmetics-ebene.com\/en\/wp-json\/wp\/v2\/product"}],"about":[{"href":"https:\/\/www.cosmetics-ebene.com\/en\/wp-json\/wp\/v2\/types\/product"}],"replies":[{"embeddable":true,"href":"https:\/\/www.cosmetics-ebene.com\/en\/wp-json\/wp\/v2\/comments?post=8562"}],"version-history":[{"count":1,"href":"https:\/\/www.cosmetics-ebene.com\/en\/wp-json\/wp\/v2\/product\/8562\/revisions"}],"predecessor-version":[{"id":17961,"href":"https:\/\/www.cosmetics-ebene.com\/en\/wp-json\/wp\/v2\/product\/8562\/revisions\/17961"}],"wp:featuredmedia":[{"embeddable":true,"href":"https:\/\/www.cosmetics-ebene.com\/en\/wp-json\/wp\/v2\/media\/8560"}],"wp:attachment":[{"href":"https:\/\/www.cosmetics-ebene.com\/en\/wp-json\/wp\/v2\/media?parent=8562"}],"wp:term":[{"taxonomy":"product_brand","embeddable":true,"href":"https:\/\/www.cosmetics-ebene.com\/en\/wp-json\/wp\/v2\/product_brand?post=8562"},{"taxonomy":"product_cat","embeddable":true,"href":"https:\/\/www.cosmetics-ebene.com\/en\/wp-json\/wp\/v2\/product_cat?post=8562"},{"taxonomy":"product_tag","embeddable":true,"href":"https:\/\/www.cosmetics-ebene.com\/en\/wp-json\/wp\/v2\/product_tag?post=8562"}],"curies":[{"name":"wp","href":"https:\/\/api.w.org\/{rel}","templated":true}]}}