{"id":8582,"date":"2013-11-15T09:39:01","date_gmt":"2013-11-15T09:39:01","guid":{"rendered":"https:\/\/preprod.cosmetics-ebene.com\/?product=creme-eclaircissante-liposome"},"modified":"2026-02-04T10:37:48","modified_gmt":"2026-02-04T10:37:48","slug":"creme-eclaircissante-liposome","status":"publish","type":"product","link":"https:\/\/www.cosmetics-ebene.com\/en\/product\/creme-eclaircissante-liposome\/","title":{"rendered":"DH7 Lightening cream with Vitamin C Liposomes"},"content":{"rendered":"<p>Liste INCI : Aqua, Glyceryl Stearate, Propylene Glycol, Cetearyl Alcohol, Triethanolamine, Mineral oil, Kojic Acid, Stearic Acid, Dimethicone, Sunflower seed oil Carrot oil, Tocopheryl Acetate, Ethylhexyl Methhoxycinnamate, Ethylhexyl Salicylate, Benzophenone-3, Fragrance, Ascorbic Acid, Methylparaben, Salicylic<\/p>\n","protected":false},"excerpt":{"rendered":"<p>DH7 Lightening cream with Vitamin C Liposomes lightens uniformly your complexion and leave your skin glowing.<\/p>\n","protected":false},"featured_media":8578,"comment_status":"open","ping_status":"closed","template":"","meta":[],"product_brand":[262],"product_cat":[346,294,310,358,366,350,370,412],"product_tag":[],"class_list":{"0":"post-8582","1":"product","2":"type-product","3":"status-publish","4":"has-post-thumbnail","6":"product_brand-dh7","7":"product_cat-body-care-and-face-care","8":"product_cat-dh7-en","9":"product_cat-dh7-red","10":"product_cat-face-care","11":"product_cat-lightening-and-anti-spot","12":"product_cat-men","13":"product_cat-targeted-care","14":"product_cat-vente-flash-en","15":"pa_un-produit-pour-le-visage-en","16":"pa_une-marque-dh7-en","17":"pa_une-solution-pour-visage-soin-eclaircissant-anti-taches-en","20":"instock","21":"taxable","22":"shipping-taxable","23":"purchasable","24":"product-type-simple"},"yoast_head":"<!-- This site is optimized with the Yoast SEO plugin v27.3 - https:\/\/yoast.com\/product\/yoast-seo-wordpress\/ -->\n<title>DH7 cr\u00e8me \u00e9claircissant liposomes<\/title>\n<meta name=\"description\" content=\"DH7 Cr\u00e8me \u00e9claircissante aux Liposomes de vitamine C La cr\u00e9me DH7 \u00e9claircissante aux Liposomes \u00e9claircit uniform\u00e9ment votre teint et laisse la peau \u00e9clatante\" \/>\n<meta name=\"robots\" content=\"index, follow, max-snippet:-1, max-image-preview:large, max-video-preview:-1\" \/>\n<link rel=\"canonical\" href=\"https:\/\/www.cosmetics-ebene.com\/en\/product\/creme-eclaircissante-liposome\/\" \/>\n<meta property=\"og:locale\" content=\"en_US\" \/>\n<meta property=\"og:type\" content=\"article\" \/>\n<meta property=\"og:title\" content=\"DH7 cr\u00e8me \u00e9claircissant liposomes\" \/>\n<meta property=\"og:description\" content=\"DH7 Cr\u00e8me \u00e9claircissante aux Liposomes de vitamine C La cr\u00e9me DH7 \u00e9claircissante aux Liposomes \u00e9claircit uniform\u00e9ment votre teint et laisse la peau \u00e9clatante\" \/>\n<meta property=\"og:url\" content=\"https:\/\/www.cosmetics-ebene.com\/en\/product\/creme-eclaircissante-liposome\/\" \/>\n<meta property=\"og:site_name\" content=\"Sessi\" \/>\n<meta property=\"article:modified_time\" content=\"2026-02-04T10:37:48+00:00\" \/>\n<meta property=\"og:image\" content=\"https:\/\/www.cosmetics-ebene.com\/wp-content\/uploads\/2024\/09\/421.jpg\" \/>\n\t<meta property=\"og:image:width\" content=\"242\" \/>\n\t<meta property=\"og:image:height\" content=\"606\" \/>\n\t<meta property=\"og:image:type\" content=\"image\/jpeg\" \/>\n<meta name=\"twitter:card\" content=\"summary_large_image\" \/>\n<script type=\"application\/ld+json\" class=\"yoast-schema-graph\">{\"@context\":\"https:\\\/\\\/schema.org\",\"@graph\":[{\"@type\":\"WebPage\",\"@id\":\"https:\\\/\\\/www.cosmetics-ebene.com\\\/en\\\/product\\\/creme-eclaircissante-liposome\\\/\",\"url\":\"https:\\\/\\\/www.cosmetics-ebene.com\\\/en\\\/product\\\/creme-eclaircissante-liposome\\\/\",\"name\":\"DH7 cr\u00e8me \u00e9claircissant liposomes\",\"isPartOf\":{\"@id\":\"https:\\\/\\\/www.cosmetics-ebene.com\\\/en\\\/#website\"},\"primaryImageOfPage\":{\"@id\":\"https:\\\/\\\/www.cosmetics-ebene.com\\\/en\\\/product\\\/creme-eclaircissante-liposome\\\/#primaryimage\"},\"image\":{\"@id\":\"https:\\\/\\\/www.cosmetics-ebene.com\\\/en\\\/product\\\/creme-eclaircissante-liposome\\\/#primaryimage\"},\"thumbnailUrl\":\"https:\\\/\\\/www.cosmetics-ebene.com\\\/wp-content\\\/uploads\\\/2024\\\/09\\\/421.jpg\",\"datePublished\":\"2013-11-15T09:39:01+00:00\",\"dateModified\":\"2026-02-04T10:37:48+00:00\",\"description\":\"DH7 Cr\u00e8me \u00e9claircissante aux Liposomes de vitamine C La cr\u00e9me DH7 \u00e9claircissante aux Liposomes \u00e9claircit uniform\u00e9ment votre teint et laisse la peau \u00e9clatante\",\"breadcrumb\":{\"@id\":\"https:\\\/\\\/www.cosmetics-ebene.com\\\/en\\\/product\\\/creme-eclaircissante-liposome\\\/#breadcrumb\"},\"inLanguage\":\"en-US\",\"potentialAction\":[{\"@type\":\"ReadAction\",\"target\":[\"https:\\\/\\\/www.cosmetics-ebene.com\\\/en\\\/product\\\/creme-eclaircissante-liposome\\\/\"]}]},{\"@type\":\"ImageObject\",\"inLanguage\":\"en-US\",\"@id\":\"https:\\\/\\\/www.cosmetics-ebene.com\\\/en\\\/product\\\/creme-eclaircissante-liposome\\\/#primaryimage\",\"url\":\"https:\\\/\\\/www.cosmetics-ebene.com\\\/wp-content\\\/uploads\\\/2024\\\/09\\\/421.jpg\",\"contentUrl\":\"https:\\\/\\\/www.cosmetics-ebene.com\\\/wp-content\\\/uploads\\\/2024\\\/09\\\/421.jpg\",\"width\":242,\"height\":606,\"caption\":\"Cr\u00e8me \u00e9claircissante Liposome\"},{\"@type\":\"BreadcrumbList\",\"@id\":\"https:\\\/\\\/www.cosmetics-ebene.com\\\/en\\\/product\\\/creme-eclaircissante-liposome\\\/#breadcrumb\",\"itemListElement\":[{\"@type\":\"ListItem\",\"position\":1,\"name\":\"Home\",\"item\":\"https:\\\/\\\/www.cosmetics-ebene.com\\\/en\\\/\"},{\"@type\":\"ListItem\",\"position\":2,\"name\":\"Shop\",\"item\":\"https:\\\/\\\/www.cosmetics-ebene.com\\\/shop\\\/\"},{\"@type\":\"ListItem\",\"position\":3,\"name\":\"DH7 Lightening cream with Vitamin C Liposomes\"}]},{\"@type\":\"WebSite\",\"@id\":\"https:\\\/\\\/www.cosmetics-ebene.com\\\/en\\\/#website\",\"url\":\"https:\\\/\\\/www.cosmetics-ebene.com\\\/en\\\/\",\"name\":\"Sessi\",\"description\":\"Produits de beaut\u00e9 pour peau noires et m\u00e9tiss\u00e9\",\"publisher\":{\"@id\":\"https:\\\/\\\/www.cosmetics-ebene.com\\\/en\\\/#organization\"},\"potentialAction\":[{\"@type\":\"SearchAction\",\"target\":{\"@type\":\"EntryPoint\",\"urlTemplate\":\"https:\\\/\\\/www.cosmetics-ebene.com\\\/en\\\/?s={search_term_string}\"},\"query-input\":{\"@type\":\"PropertyValueSpecification\",\"valueRequired\":true,\"valueName\":\"search_term_string\"}}],\"inLanguage\":\"en-US\"},{\"@type\":\"Organization\",\"@id\":\"https:\\\/\\\/www.cosmetics-ebene.com\\\/en\\\/#organization\",\"name\":\"Sessi\",\"url\":\"https:\\\/\\\/www.cosmetics-ebene.com\\\/en\\\/\",\"logo\":{\"@type\":\"ImageObject\",\"inLanguage\":\"en-US\",\"@id\":\"https:\\\/\\\/www.cosmetics-ebene.com\\\/en\\\/#\\\/schema\\\/logo\\\/image\\\/\",\"url\":\"https:\\\/\\\/www.cosmetics-ebene.com\\\/wp-content\\\/uploads\\\/2024\\\/09\\\/cosmetics-ebene-logo-1-e1727351533275.png\",\"contentUrl\":\"https:\\\/\\\/www.cosmetics-ebene.com\\\/wp-content\\\/uploads\\\/2024\\\/09\\\/cosmetics-ebene-logo-1-e1727351533275.png\",\"width\":350,\"height\":69,\"caption\":\"Sessi\"},\"image\":{\"@id\":\"https:\\\/\\\/www.cosmetics-ebene.com\\\/en\\\/#\\\/schema\\\/logo\\\/image\\\/\"}}]}<\/script>\n<!-- \/ Yoast SEO plugin. -->","yoast_head_json":{"title":"DH7 cr\u00e8me \u00e9claircissant liposomes","description":"DH7 Cr\u00e8me \u00e9claircissante aux Liposomes de vitamine C La cr\u00e9me DH7 \u00e9claircissante aux Liposomes \u00e9claircit uniform\u00e9ment votre teint et laisse la peau \u00e9clatante","robots":{"index":"index","follow":"follow","max-snippet":"max-snippet:-1","max-image-preview":"max-image-preview:large","max-video-preview":"max-video-preview:-1"},"canonical":"https:\/\/www.cosmetics-ebene.com\/en\/product\/creme-eclaircissante-liposome\/","og_locale":"en_US","og_type":"article","og_title":"DH7 cr\u00e8me \u00e9claircissant liposomes","og_description":"DH7 Cr\u00e8me \u00e9claircissante aux Liposomes de vitamine C La cr\u00e9me DH7 \u00e9claircissante aux Liposomes \u00e9claircit uniform\u00e9ment votre teint et laisse la peau \u00e9clatante","og_url":"https:\/\/www.cosmetics-ebene.com\/en\/product\/creme-eclaircissante-liposome\/","og_site_name":"Sessi","article_modified_time":"2026-02-04T10:37:48+00:00","og_image":[{"width":242,"height":606,"url":"https:\/\/www.cosmetics-ebene.com\/wp-content\/uploads\/2024\/09\/421.jpg","type":"image\/jpeg"}],"twitter_card":"summary_large_image","schema":{"@context":"https:\/\/schema.org","@graph":[{"@type":"WebPage","@id":"https:\/\/www.cosmetics-ebene.com\/en\/product\/creme-eclaircissante-liposome\/","url":"https:\/\/www.cosmetics-ebene.com\/en\/product\/creme-eclaircissante-liposome\/","name":"DH7 cr\u00e8me \u00e9claircissant liposomes","isPartOf":{"@id":"https:\/\/www.cosmetics-ebene.com\/en\/#website"},"primaryImageOfPage":{"@id":"https:\/\/www.cosmetics-ebene.com\/en\/product\/creme-eclaircissante-liposome\/#primaryimage"},"image":{"@id":"https:\/\/www.cosmetics-ebene.com\/en\/product\/creme-eclaircissante-liposome\/#primaryimage"},"thumbnailUrl":"https:\/\/www.cosmetics-ebene.com\/wp-content\/uploads\/2024\/09\/421.jpg","datePublished":"2013-11-15T09:39:01+00:00","dateModified":"2026-02-04T10:37:48+00:00","description":"DH7 Cr\u00e8me \u00e9claircissante aux Liposomes de vitamine C La cr\u00e9me DH7 \u00e9claircissante aux Liposomes \u00e9claircit uniform\u00e9ment votre teint et laisse la peau \u00e9clatante","breadcrumb":{"@id":"https:\/\/www.cosmetics-ebene.com\/en\/product\/creme-eclaircissante-liposome\/#breadcrumb"},"inLanguage":"en-US","potentialAction":[{"@type":"ReadAction","target":["https:\/\/www.cosmetics-ebene.com\/en\/product\/creme-eclaircissante-liposome\/"]}]},{"@type":"ImageObject","inLanguage":"en-US","@id":"https:\/\/www.cosmetics-ebene.com\/en\/product\/creme-eclaircissante-liposome\/#primaryimage","url":"https:\/\/www.cosmetics-ebene.com\/wp-content\/uploads\/2024\/09\/421.jpg","contentUrl":"https:\/\/www.cosmetics-ebene.com\/wp-content\/uploads\/2024\/09\/421.jpg","width":242,"height":606,"caption":"Cr\u00e8me \u00e9claircissante Liposome"},{"@type":"BreadcrumbList","@id":"https:\/\/www.cosmetics-ebene.com\/en\/product\/creme-eclaircissante-liposome\/#breadcrumb","itemListElement":[{"@type":"ListItem","position":1,"name":"Home","item":"https:\/\/www.cosmetics-ebene.com\/en\/"},{"@type":"ListItem","position":2,"name":"Shop","item":"https:\/\/www.cosmetics-ebene.com\/shop\/"},{"@type":"ListItem","position":3,"name":"DH7 Lightening cream with Vitamin C Liposomes"}]},{"@type":"WebSite","@id":"https:\/\/www.cosmetics-ebene.com\/en\/#website","url":"https:\/\/www.cosmetics-ebene.com\/en\/","name":"Sessi","description":"Produits de beaut\u00e9 pour peau noires et m\u00e9tiss\u00e9","publisher":{"@id":"https:\/\/www.cosmetics-ebene.com\/en\/#organization"},"potentialAction":[{"@type":"SearchAction","target":{"@type":"EntryPoint","urlTemplate":"https:\/\/www.cosmetics-ebene.com\/en\/?s={search_term_string}"},"query-input":{"@type":"PropertyValueSpecification","valueRequired":true,"valueName":"search_term_string"}}],"inLanguage":"en-US"},{"@type":"Organization","@id":"https:\/\/www.cosmetics-ebene.com\/en\/#organization","name":"Sessi","url":"https:\/\/www.cosmetics-ebene.com\/en\/","logo":{"@type":"ImageObject","inLanguage":"en-US","@id":"https:\/\/www.cosmetics-ebene.com\/en\/#\/schema\/logo\/image\/","url":"https:\/\/www.cosmetics-ebene.com\/wp-content\/uploads\/2024\/09\/cosmetics-ebene-logo-1-e1727351533275.png","contentUrl":"https:\/\/www.cosmetics-ebene.com\/wp-content\/uploads\/2024\/09\/cosmetics-ebene-logo-1-e1727351533275.png","width":350,"height":69,"caption":"Sessi"},"image":{"@id":"https:\/\/www.cosmetics-ebene.com\/en\/#\/schema\/logo\/image\/"}}]}},"_links":{"self":[{"href":"https:\/\/www.cosmetics-ebene.com\/en\/wp-json\/wp\/v2\/product\/8582","targetHints":{"allow":["GET"]}}],"collection":[{"href":"https:\/\/www.cosmetics-ebene.com\/en\/wp-json\/wp\/v2\/product"}],"about":[{"href":"https:\/\/www.cosmetics-ebene.com\/en\/wp-json\/wp\/v2\/types\/product"}],"replies":[{"embeddable":true,"href":"https:\/\/www.cosmetics-ebene.com\/en\/wp-json\/wp\/v2\/comments?post=8582"}],"version-history":[{"count":0,"href":"https:\/\/www.cosmetics-ebene.com\/en\/wp-json\/wp\/v2\/product\/8582\/revisions"}],"wp:featuredmedia":[{"embeddable":true,"href":"https:\/\/www.cosmetics-ebene.com\/en\/wp-json\/wp\/v2\/media\/8578"}],"wp:attachment":[{"href":"https:\/\/www.cosmetics-ebene.com\/en\/wp-json\/wp\/v2\/media?parent=8582"}],"wp:term":[{"taxonomy":"product_brand","embeddable":true,"href":"https:\/\/www.cosmetics-ebene.com\/en\/wp-json\/wp\/v2\/product_brand?post=8582"},{"taxonomy":"product_cat","embeddable":true,"href":"https:\/\/www.cosmetics-ebene.com\/en\/wp-json\/wp\/v2\/product_cat?post=8582"},{"taxonomy":"product_tag","embeddable":true,"href":"https:\/\/www.cosmetics-ebene.com\/en\/wp-json\/wp\/v2\/product_tag?post=8582"}],"curies":[{"name":"wp","href":"https:\/\/api.w.org\/{rel}","templated":true}]}}