{"id":8742,"date":"2013-11-15T09:39:01","date_gmt":"2013-11-15T09:39:01","guid":{"rendered":"https:\/\/preprod.cosmetics-ebene.com\/?product=savon-carotte-gommant-et-eclaircissant"},"modified":"2026-02-28T12:09:30","modified_gmt":"2026-02-28T12:09:30","slug":"savon-carotte-gommant-et-eclaircissant","status":"publish","type":"product","link":"https:\/\/www.cosmetics-ebene.com\/en\/product\/savon-carotte-gommant-et-eclaircissant\/","title":{"rendered":"DH7 Lightening and Exfoliating Soap with Carrot 250 g"},"content":{"rendered":"<p>DH7 Lightening and Exfoliating Soap with Carrot cleans efficiently your skin and makes it brighter.<\/p>\n<p>Moreover it exfoliates your skin removing dead skins from your body.<\/p>\n<p>Liste INCI : Sodium Palmate, Sodium Palm Kernelate, Aqua, Sodium Lauryl Sulfate, Glycerin, Parfum, Glycine Soja Oil, Daucus Carota Sativa Root extract, Beta Carotene, Methyl Gluceth 20, Olea Europaea Seed Powder, Sodium chloride, Ascorbic Acid, Trichlocarban, Tetrasodium EDTA, Tetrasodium Etidronate,<\/p>\n","protected":false},"excerpt":{"rendered":"<p>DH7 Lightening and Exfoliating Soap with Carrot cleans efficiently your skin and makes it brighter.<br \/>\nMoreover it exfoliates your skin removing dead skins from your body.<\/p>\n","protected":false},"featured_media":19942,"comment_status":"open","ping_status":"closed","template":"","meta":[],"product_brand":[262],"product_cat":[360,346,294,318,358,350,380,382],"product_tag":[],"class_list":{"0":"post-8742","1":"product","2":"type-product","3":"status-publish","4":"has-post-thumbnail","6":"product_brand-dh7","7":"product_cat-body-care","8":"product_cat-body-care-and-face-care","9":"product_cat-dh7-en","10":"product_cat-dh7-carrot","11":"product_cat-face-care","12":"product_cat-men","13":"product_cat-shower-gel-and-soap","14":"product_cat-soap","15":"pa_un-produit-pour-la-toilette-en","16":"pa_une-marque-dh7-en","17":"pa_une-solution-pour-corps-solution-pour-le-bain-en","20":"instock","21":"taxable","22":"shipping-taxable","23":"purchasable","24":"product-type-simple"},"yoast_head":"<!-- This site is optimized with the Yoast SEO plugin v27.3 - https:\/\/yoast.com\/product\/yoast-seo-wordpress\/ -->\n<title>DH7 savon carotte gommant et \u00e9claircissant<\/title>\n<meta name=\"description\" content=\"Le savon Carotte gommant \u00e9claircissant DH7 gomme soigneusement la peau et les couches superficielles de l&#039;\u00e9piderme\" \/>\n<meta name=\"robots\" content=\"index, follow, max-snippet:-1, max-image-preview:large, max-video-preview:-1\" \/>\n<link rel=\"canonical\" href=\"https:\/\/www.cosmetics-ebene.com\/en\/product\/savon-carotte-gommant-et-eclaircissant\/\" \/>\n<meta property=\"og:locale\" content=\"en_US\" \/>\n<meta property=\"og:type\" content=\"article\" \/>\n<meta property=\"og:title\" content=\"DH7 savon carotte gommant et \u00e9claircissant\" \/>\n<meta property=\"og:description\" content=\"Le savon Carotte gommant \u00e9claircissant DH7 gomme soigneusement la peau et les couches superficielles de l&#039;\u00e9piderme\" \/>\n<meta property=\"og:url\" content=\"https:\/\/www.cosmetics-ebene.com\/en\/product\/savon-carotte-gommant-et-eclaircissant\/\" \/>\n<meta property=\"og:site_name\" content=\"Sessi\" \/>\n<meta property=\"article:modified_time\" content=\"2026-02-28T12:09:30+00:00\" \/>\n<meta property=\"og:image\" content=\"https:\/\/www.cosmetics-ebene.com\/wp-content\/uploads\/2013\/11\/Design-sans-titre-38.png\" \/>\n\t<meta property=\"og:image:width\" content=\"1080\" \/>\n\t<meta property=\"og:image:height\" content=\"1500\" \/>\n\t<meta property=\"og:image:type\" content=\"image\/png\" \/>\n<meta name=\"twitter:card\" content=\"summary_large_image\" \/>\n<script type=\"application\/ld+json\" class=\"yoast-schema-graph\">{\"@context\":\"https:\\\/\\\/schema.org\",\"@graph\":[{\"@type\":\"WebPage\",\"@id\":\"https:\\\/\\\/www.cosmetics-ebene.com\\\/en\\\/product\\\/savon-carotte-gommant-et-eclaircissant\\\/\",\"url\":\"https:\\\/\\\/www.cosmetics-ebene.com\\\/en\\\/product\\\/savon-carotte-gommant-et-eclaircissant\\\/\",\"name\":\"DH7 savon carotte gommant et \u00e9claircissant\",\"isPartOf\":{\"@id\":\"https:\\\/\\\/www.cosmetics-ebene.com\\\/en\\\/#website\"},\"primaryImageOfPage\":{\"@id\":\"https:\\\/\\\/www.cosmetics-ebene.com\\\/en\\\/product\\\/savon-carotte-gommant-et-eclaircissant\\\/#primaryimage\"},\"image\":{\"@id\":\"https:\\\/\\\/www.cosmetics-ebene.com\\\/en\\\/product\\\/savon-carotte-gommant-et-eclaircissant\\\/#primaryimage\"},\"thumbnailUrl\":\"https:\\\/\\\/www.cosmetics-ebene.com\\\/wp-content\\\/uploads\\\/2013\\\/11\\\/Design-sans-titre-38.png\",\"datePublished\":\"2013-11-15T09:39:01+00:00\",\"dateModified\":\"2026-02-28T12:09:30+00:00\",\"description\":\"Le savon Carotte gommant \u00e9claircissant DH7 gomme soigneusement la peau et les couches superficielles de l'\u00e9piderme\",\"breadcrumb\":{\"@id\":\"https:\\\/\\\/www.cosmetics-ebene.com\\\/en\\\/product\\\/savon-carotte-gommant-et-eclaircissant\\\/#breadcrumb\"},\"inLanguage\":\"en-US\",\"potentialAction\":[{\"@type\":\"ReadAction\",\"target\":[\"https:\\\/\\\/www.cosmetics-ebene.com\\\/en\\\/product\\\/savon-carotte-gommant-et-eclaircissant\\\/\"]}]},{\"@type\":\"ImageObject\",\"inLanguage\":\"en-US\",\"@id\":\"https:\\\/\\\/www.cosmetics-ebene.com\\\/en\\\/product\\\/savon-carotte-gommant-et-eclaircissant\\\/#primaryimage\",\"url\":\"https:\\\/\\\/www.cosmetics-ebene.com\\\/wp-content\\\/uploads\\\/2013\\\/11\\\/Design-sans-titre-38.png\",\"contentUrl\":\"https:\\\/\\\/www.cosmetics-ebene.com\\\/wp-content\\\/uploads\\\/2013\\\/11\\\/Design-sans-titre-38.png\",\"width\":1080,\"height\":1500},{\"@type\":\"BreadcrumbList\",\"@id\":\"https:\\\/\\\/www.cosmetics-ebene.com\\\/en\\\/product\\\/savon-carotte-gommant-et-eclaircissant\\\/#breadcrumb\",\"itemListElement\":[{\"@type\":\"ListItem\",\"position\":1,\"name\":\"Home\",\"item\":\"https:\\\/\\\/www.cosmetics-ebene.com\\\/en\\\/\"},{\"@type\":\"ListItem\",\"position\":2,\"name\":\"Shop\",\"item\":\"https:\\\/\\\/www.cosmetics-ebene.com\\\/shop\\\/\"},{\"@type\":\"ListItem\",\"position\":3,\"name\":\"DH7 Lightening and Exfoliating Soap with Carrot 250 g\"}]},{\"@type\":\"WebSite\",\"@id\":\"https:\\\/\\\/www.cosmetics-ebene.com\\\/en\\\/#website\",\"url\":\"https:\\\/\\\/www.cosmetics-ebene.com\\\/en\\\/\",\"name\":\"Sessi\",\"description\":\"Produits de beaut\u00e9 pour peau noires et m\u00e9tiss\u00e9\",\"publisher\":{\"@id\":\"https:\\\/\\\/www.cosmetics-ebene.com\\\/en\\\/#organization\"},\"potentialAction\":[{\"@type\":\"SearchAction\",\"target\":{\"@type\":\"EntryPoint\",\"urlTemplate\":\"https:\\\/\\\/www.cosmetics-ebene.com\\\/en\\\/?s={search_term_string}\"},\"query-input\":{\"@type\":\"PropertyValueSpecification\",\"valueRequired\":true,\"valueName\":\"search_term_string\"}}],\"inLanguage\":\"en-US\"},{\"@type\":\"Organization\",\"@id\":\"https:\\\/\\\/www.cosmetics-ebene.com\\\/en\\\/#organization\",\"name\":\"Sessi\",\"url\":\"https:\\\/\\\/www.cosmetics-ebene.com\\\/en\\\/\",\"logo\":{\"@type\":\"ImageObject\",\"inLanguage\":\"en-US\",\"@id\":\"https:\\\/\\\/www.cosmetics-ebene.com\\\/en\\\/#\\\/schema\\\/logo\\\/image\\\/\",\"url\":\"https:\\\/\\\/www.cosmetics-ebene.com\\\/wp-content\\\/uploads\\\/2024\\\/09\\\/cosmetics-ebene-logo-1-e1727351533275.png\",\"contentUrl\":\"https:\\\/\\\/www.cosmetics-ebene.com\\\/wp-content\\\/uploads\\\/2024\\\/09\\\/cosmetics-ebene-logo-1-e1727351533275.png\",\"width\":350,\"height\":69,\"caption\":\"Sessi\"},\"image\":{\"@id\":\"https:\\\/\\\/www.cosmetics-ebene.com\\\/en\\\/#\\\/schema\\\/logo\\\/image\\\/\"}}]}<\/script>\n<!-- \/ Yoast SEO plugin. -->","yoast_head_json":{"title":"DH7 savon carotte gommant et \u00e9claircissant","description":"Le savon Carotte gommant \u00e9claircissant DH7 gomme soigneusement la peau et les couches superficielles de l'\u00e9piderme","robots":{"index":"index","follow":"follow","max-snippet":"max-snippet:-1","max-image-preview":"max-image-preview:large","max-video-preview":"max-video-preview:-1"},"canonical":"https:\/\/www.cosmetics-ebene.com\/en\/product\/savon-carotte-gommant-et-eclaircissant\/","og_locale":"en_US","og_type":"article","og_title":"DH7 savon carotte gommant et \u00e9claircissant","og_description":"Le savon Carotte gommant \u00e9claircissant DH7 gomme soigneusement la peau et les couches superficielles de l'\u00e9piderme","og_url":"https:\/\/www.cosmetics-ebene.com\/en\/product\/savon-carotte-gommant-et-eclaircissant\/","og_site_name":"Sessi","article_modified_time":"2026-02-28T12:09:30+00:00","og_image":[{"width":1080,"height":1500,"url":"https:\/\/www.cosmetics-ebene.com\/wp-content\/uploads\/2013\/11\/Design-sans-titre-38.png","type":"image\/png"}],"twitter_card":"summary_large_image","schema":{"@context":"https:\/\/schema.org","@graph":[{"@type":"WebPage","@id":"https:\/\/www.cosmetics-ebene.com\/en\/product\/savon-carotte-gommant-et-eclaircissant\/","url":"https:\/\/www.cosmetics-ebene.com\/en\/product\/savon-carotte-gommant-et-eclaircissant\/","name":"DH7 savon carotte gommant et \u00e9claircissant","isPartOf":{"@id":"https:\/\/www.cosmetics-ebene.com\/en\/#website"},"primaryImageOfPage":{"@id":"https:\/\/www.cosmetics-ebene.com\/en\/product\/savon-carotte-gommant-et-eclaircissant\/#primaryimage"},"image":{"@id":"https:\/\/www.cosmetics-ebene.com\/en\/product\/savon-carotte-gommant-et-eclaircissant\/#primaryimage"},"thumbnailUrl":"https:\/\/www.cosmetics-ebene.com\/wp-content\/uploads\/2013\/11\/Design-sans-titre-38.png","datePublished":"2013-11-15T09:39:01+00:00","dateModified":"2026-02-28T12:09:30+00:00","description":"Le savon Carotte gommant \u00e9claircissant DH7 gomme soigneusement la peau et les couches superficielles de l'\u00e9piderme","breadcrumb":{"@id":"https:\/\/www.cosmetics-ebene.com\/en\/product\/savon-carotte-gommant-et-eclaircissant\/#breadcrumb"},"inLanguage":"en-US","potentialAction":[{"@type":"ReadAction","target":["https:\/\/www.cosmetics-ebene.com\/en\/product\/savon-carotte-gommant-et-eclaircissant\/"]}]},{"@type":"ImageObject","inLanguage":"en-US","@id":"https:\/\/www.cosmetics-ebene.com\/en\/product\/savon-carotte-gommant-et-eclaircissant\/#primaryimage","url":"https:\/\/www.cosmetics-ebene.com\/wp-content\/uploads\/2013\/11\/Design-sans-titre-38.png","contentUrl":"https:\/\/www.cosmetics-ebene.com\/wp-content\/uploads\/2013\/11\/Design-sans-titre-38.png","width":1080,"height":1500},{"@type":"BreadcrumbList","@id":"https:\/\/www.cosmetics-ebene.com\/en\/product\/savon-carotte-gommant-et-eclaircissant\/#breadcrumb","itemListElement":[{"@type":"ListItem","position":1,"name":"Home","item":"https:\/\/www.cosmetics-ebene.com\/en\/"},{"@type":"ListItem","position":2,"name":"Shop","item":"https:\/\/www.cosmetics-ebene.com\/shop\/"},{"@type":"ListItem","position":3,"name":"DH7 Lightening and Exfoliating Soap with Carrot 250 g"}]},{"@type":"WebSite","@id":"https:\/\/www.cosmetics-ebene.com\/en\/#website","url":"https:\/\/www.cosmetics-ebene.com\/en\/","name":"Sessi","description":"Produits de beaut\u00e9 pour peau noires et m\u00e9tiss\u00e9","publisher":{"@id":"https:\/\/www.cosmetics-ebene.com\/en\/#organization"},"potentialAction":[{"@type":"SearchAction","target":{"@type":"EntryPoint","urlTemplate":"https:\/\/www.cosmetics-ebene.com\/en\/?s={search_term_string}"},"query-input":{"@type":"PropertyValueSpecification","valueRequired":true,"valueName":"search_term_string"}}],"inLanguage":"en-US"},{"@type":"Organization","@id":"https:\/\/www.cosmetics-ebene.com\/en\/#organization","name":"Sessi","url":"https:\/\/www.cosmetics-ebene.com\/en\/","logo":{"@type":"ImageObject","inLanguage":"en-US","@id":"https:\/\/www.cosmetics-ebene.com\/en\/#\/schema\/logo\/image\/","url":"https:\/\/www.cosmetics-ebene.com\/wp-content\/uploads\/2024\/09\/cosmetics-ebene-logo-1-e1727351533275.png","contentUrl":"https:\/\/www.cosmetics-ebene.com\/wp-content\/uploads\/2024\/09\/cosmetics-ebene-logo-1-e1727351533275.png","width":350,"height":69,"caption":"Sessi"},"image":{"@id":"https:\/\/www.cosmetics-ebene.com\/en\/#\/schema\/logo\/image\/"}}]}},"_links":{"self":[{"href":"https:\/\/www.cosmetics-ebene.com\/en\/wp-json\/wp\/v2\/product\/8742","targetHints":{"allow":["GET"]}}],"collection":[{"href":"https:\/\/www.cosmetics-ebene.com\/en\/wp-json\/wp\/v2\/product"}],"about":[{"href":"https:\/\/www.cosmetics-ebene.com\/en\/wp-json\/wp\/v2\/types\/product"}],"replies":[{"embeddable":true,"href":"https:\/\/www.cosmetics-ebene.com\/en\/wp-json\/wp\/v2\/comments?post=8742"}],"version-history":[{"count":0,"href":"https:\/\/www.cosmetics-ebene.com\/en\/wp-json\/wp\/v2\/product\/8742\/revisions"}],"wp:featuredmedia":[{"embeddable":true,"href":"https:\/\/www.cosmetics-ebene.com\/en\/wp-json\/wp\/v2\/media\/19942"}],"wp:attachment":[{"href":"https:\/\/www.cosmetics-ebene.com\/en\/wp-json\/wp\/v2\/media?parent=8742"}],"wp:term":[{"taxonomy":"product_brand","embeddable":true,"href":"https:\/\/www.cosmetics-ebene.com\/en\/wp-json\/wp\/v2\/product_brand?post=8742"},{"taxonomy":"product_cat","embeddable":true,"href":"https:\/\/www.cosmetics-ebene.com\/en\/wp-json\/wp\/v2\/product_cat?post=8742"},{"taxonomy":"product_tag","embeddable":true,"href":"https:\/\/www.cosmetics-ebene.com\/en\/wp-json\/wp\/v2\/product_tag?post=8742"}],"curies":[{"name":"wp","href":"https:\/\/api.w.org\/{rel}","templated":true}]}}