{"id":8894,"date":"2013-11-15T09:39:01","date_gmt":"2013-11-15T09:39:01","guid":{"rendered":"https:\/\/preprod.cosmetics-ebene.com\/?product=creme-a-l-eau-de-rose"},"modified":"2021-02-09T17:39:11","modified_gmt":"2021-02-09T17:39:11","slug":"creme-a-l-eau-de-rose","status":"publish","type":"product","link":"https:\/\/www.cosmetics-ebene.com\/en\/product\/creme-a-l-eau-de-rose\/","title":{"rendered":"DH7 Rose Water Moisturizng Cream 250ml"},"content":{"rendered":"<p>DH7 Rose Water Moisturizng Cream will provide your skin freshness and hydration.\u00a0<\/p>\n<p>Liste INCI : Aqua, Simmondsia Chinensis oil, PEG-100 Stearate\/Glyceryl Stearate, Stearic Acid, Rose Hip oil, Butyrospernum Parkii, Glycerine, Dimethicone, Octyl Methanamate, Rosa Canina, Tocopherol Acetate, Xanthan Gum, Parfum, Diazolidinyl Urea, Methyl Paraben, Propyl Paraben, Linalol, Alcool Phenylethylique<\/p>\n","protected":false},"excerpt":{"rendered":"<p>DH7 Rose Water Moisturizng Cream 250ml<\/p>\n","protected":false},"featured_media":8892,"comment_status":"open","ping_status":"closed","template":"","meta":[],"product_brand":[261],"product_cat":[360,346,368,294,312,350,376],"product_tag":[],"class_list":{"0":"post-8894","1":"product","2":"type-product","3":"status-publish","4":"has-post-thumbnail","6":"product_brand-dh7","7":"product_cat-body-care","8":"product_cat-body-care-and-face-care","9":"product_cat-cream-serum-glycerin-and-moisturizing-lotion","10":"product_cat-dh7-en","11":"product_cat-dh7-blue","12":"product_cat-men","13":"product_cat-moisturizing-lotion-and-scrub","14":"pa_je-suis-toutes-categories-confondues-en","15":"pa_un-produit-pour-le-corps-en","16":"pa_une-marque-dh7-en","17":"pa_une-solution-pour-corps-lait-hydratant-pour-peau-seche-en","20":"instock","21":"taxable","22":"shipping-taxable","23":"purchasable","24":"product-type-simple"},"yoast_head":"<!-- This site is optimized with the Yoast SEO plugin v27.3 - https:\/\/yoast.com\/product\/yoast-seo-wordpress\/ -->\n<title>DH7 cr\u00e8me \u00e0 l&#039;eau de rose<\/title>\n<meta name=\"description\" content=\"La cr\u00e8me de luxe DH7 \u00e0 l&#039; eau de Rose apporte \u00e0 votre peau douceur, uniformit\u00e9 du teint et fraicheur\" \/>\n<meta name=\"robots\" content=\"index, follow, max-snippet:-1, max-image-preview:large, max-video-preview:-1\" \/>\n<link rel=\"canonical\" href=\"https:\/\/www.cosmetics-ebene.com\/en\/product\/creme-a-l-eau-de-rose\/\" \/>\n<meta property=\"og:locale\" content=\"en_US\" \/>\n<meta property=\"og:type\" content=\"article\" \/>\n<meta property=\"og:title\" content=\"DH7 cr\u00e8me \u00e0 l&#039;eau de rose\" \/>\n<meta property=\"og:description\" content=\"La cr\u00e8me de luxe DH7 \u00e0 l&#039; eau de Rose apporte \u00e0 votre peau douceur, uniformit\u00e9 du teint et fraicheur\" \/>\n<meta property=\"og:url\" content=\"https:\/\/www.cosmetics-ebene.com\/en\/product\/creme-a-l-eau-de-rose\/\" \/>\n<meta property=\"og:site_name\" content=\"Sessi\" \/>\n<meta property=\"article:modified_time\" content=\"2021-02-09T17:39:11+00:00\" \/>\n<meta property=\"og:image\" content=\"https:\/\/www.cosmetics-ebene.com\/wp-content\/uploads\/2024\/09\/133-scaled.jpg\" \/>\n\t<meta property=\"og:image:width\" content=\"2560\" \/>\n\t<meta property=\"og:image:height\" content=\"1707\" \/>\n\t<meta property=\"og:image:type\" content=\"image\/jpeg\" \/>\n<meta name=\"twitter:card\" content=\"summary_large_image\" \/>\n<script type=\"application\/ld+json\" class=\"yoast-schema-graph\">{\"@context\":\"https:\\\/\\\/schema.org\",\"@graph\":[{\"@type\":\"WebPage\",\"@id\":\"https:\\\/\\\/www.cosmetics-ebene.com\\\/en\\\/product\\\/creme-a-l-eau-de-rose\\\/\",\"url\":\"https:\\\/\\\/www.cosmetics-ebene.com\\\/en\\\/product\\\/creme-a-l-eau-de-rose\\\/\",\"name\":\"DH7 cr\u00e8me \u00e0 l'eau de rose\",\"isPartOf\":{\"@id\":\"https:\\\/\\\/www.cosmetics-ebene.com\\\/en\\\/#website\"},\"primaryImageOfPage\":{\"@id\":\"https:\\\/\\\/www.cosmetics-ebene.com\\\/en\\\/product\\\/creme-a-l-eau-de-rose\\\/#primaryimage\"},\"image\":{\"@id\":\"https:\\\/\\\/www.cosmetics-ebene.com\\\/en\\\/product\\\/creme-a-l-eau-de-rose\\\/#primaryimage\"},\"thumbnailUrl\":\"https:\\\/\\\/www.cosmetics-ebene.com\\\/wp-content\\\/uploads\\\/2024\\\/09\\\/133-scaled.jpg\",\"datePublished\":\"2013-11-15T09:39:01+00:00\",\"dateModified\":\"2021-02-09T17:39:11+00:00\",\"description\":\"La cr\u00e8me de luxe DH7 \u00e0 l' eau de Rose apporte \u00e0 votre peau douceur, uniformit\u00e9 du teint et fraicheur\",\"breadcrumb\":{\"@id\":\"https:\\\/\\\/www.cosmetics-ebene.com\\\/en\\\/product\\\/creme-a-l-eau-de-rose\\\/#breadcrumb\"},\"inLanguage\":\"en-US\",\"potentialAction\":[{\"@type\":\"ReadAction\",\"target\":[\"https:\\\/\\\/www.cosmetics-ebene.com\\\/en\\\/product\\\/creme-a-l-eau-de-rose\\\/\"]}]},{\"@type\":\"ImageObject\",\"inLanguage\":\"en-US\",\"@id\":\"https:\\\/\\\/www.cosmetics-ebene.com\\\/en\\\/product\\\/creme-a-l-eau-de-rose\\\/#primaryimage\",\"url\":\"https:\\\/\\\/www.cosmetics-ebene.com\\\/wp-content\\\/uploads\\\/2024\\\/09\\\/133-scaled.jpg\",\"contentUrl\":\"https:\\\/\\\/www.cosmetics-ebene.com\\\/wp-content\\\/uploads\\\/2024\\\/09\\\/133-scaled.jpg\",\"width\":2560,\"height\":1707,\"caption\":\"Cr\u00e9me \u00e0 l'eau de Rose\"},{\"@type\":\"BreadcrumbList\",\"@id\":\"https:\\\/\\\/www.cosmetics-ebene.com\\\/en\\\/product\\\/creme-a-l-eau-de-rose\\\/#breadcrumb\",\"itemListElement\":[{\"@type\":\"ListItem\",\"position\":1,\"name\":\"Home\",\"item\":\"https:\\\/\\\/www.cosmetics-ebene.com\\\/en\\\/\"},{\"@type\":\"ListItem\",\"position\":2,\"name\":\"Shop\",\"item\":\"https:\\\/\\\/www.cosmetics-ebene.com\\\/shop\\\/\"},{\"@type\":\"ListItem\",\"position\":3,\"name\":\"DH7 Rose Water Moisturizng Cream 250ml\"}]},{\"@type\":\"WebSite\",\"@id\":\"https:\\\/\\\/www.cosmetics-ebene.com\\\/en\\\/#website\",\"url\":\"https:\\\/\\\/www.cosmetics-ebene.com\\\/en\\\/\",\"name\":\"Sessi\",\"description\":\"Produits de beaut\u00e9 pour peau noires et m\u00e9tiss\u00e9\",\"publisher\":{\"@id\":\"https:\\\/\\\/www.cosmetics-ebene.com\\\/en\\\/#organization\"},\"potentialAction\":[{\"@type\":\"SearchAction\",\"target\":{\"@type\":\"EntryPoint\",\"urlTemplate\":\"https:\\\/\\\/www.cosmetics-ebene.com\\\/en\\\/?s={search_term_string}\"},\"query-input\":{\"@type\":\"PropertyValueSpecification\",\"valueRequired\":true,\"valueName\":\"search_term_string\"}}],\"inLanguage\":\"en-US\"},{\"@type\":\"Organization\",\"@id\":\"https:\\\/\\\/www.cosmetics-ebene.com\\\/en\\\/#organization\",\"name\":\"Sessi\",\"url\":\"https:\\\/\\\/www.cosmetics-ebene.com\\\/en\\\/\",\"logo\":{\"@type\":\"ImageObject\",\"inLanguage\":\"en-US\",\"@id\":\"https:\\\/\\\/www.cosmetics-ebene.com\\\/en\\\/#\\\/schema\\\/logo\\\/image\\\/\",\"url\":\"https:\\\/\\\/www.cosmetics-ebene.com\\\/wp-content\\\/uploads\\\/2024\\\/09\\\/cosmetics-ebene-logo-1-e1727351533275.png\",\"contentUrl\":\"https:\\\/\\\/www.cosmetics-ebene.com\\\/wp-content\\\/uploads\\\/2024\\\/09\\\/cosmetics-ebene-logo-1-e1727351533275.png\",\"width\":350,\"height\":69,\"caption\":\"Sessi\"},\"image\":{\"@id\":\"https:\\\/\\\/www.cosmetics-ebene.com\\\/en\\\/#\\\/schema\\\/logo\\\/image\\\/\"}}]}<\/script>\n<!-- \/ Yoast SEO plugin. -->","yoast_head_json":{"title":"DH7 cr\u00e8me \u00e0 l'eau de rose","description":"La cr\u00e8me de luxe DH7 \u00e0 l' eau de Rose apporte \u00e0 votre peau douceur, uniformit\u00e9 du teint et fraicheur","robots":{"index":"index","follow":"follow","max-snippet":"max-snippet:-1","max-image-preview":"max-image-preview:large","max-video-preview":"max-video-preview:-1"},"canonical":"https:\/\/www.cosmetics-ebene.com\/en\/product\/creme-a-l-eau-de-rose\/","og_locale":"en_US","og_type":"article","og_title":"DH7 cr\u00e8me \u00e0 l'eau de rose","og_description":"La cr\u00e8me de luxe DH7 \u00e0 l' eau de Rose apporte \u00e0 votre peau douceur, uniformit\u00e9 du teint et fraicheur","og_url":"https:\/\/www.cosmetics-ebene.com\/en\/product\/creme-a-l-eau-de-rose\/","og_site_name":"Sessi","article_modified_time":"2021-02-09T17:39:11+00:00","og_image":[{"width":2560,"height":1707,"url":"https:\/\/www.cosmetics-ebene.com\/wp-content\/uploads\/2024\/09\/133-scaled.jpg","type":"image\/jpeg"}],"twitter_card":"summary_large_image","schema":{"@context":"https:\/\/schema.org","@graph":[{"@type":"WebPage","@id":"https:\/\/www.cosmetics-ebene.com\/en\/product\/creme-a-l-eau-de-rose\/","url":"https:\/\/www.cosmetics-ebene.com\/en\/product\/creme-a-l-eau-de-rose\/","name":"DH7 cr\u00e8me \u00e0 l'eau de rose","isPartOf":{"@id":"https:\/\/www.cosmetics-ebene.com\/en\/#website"},"primaryImageOfPage":{"@id":"https:\/\/www.cosmetics-ebene.com\/en\/product\/creme-a-l-eau-de-rose\/#primaryimage"},"image":{"@id":"https:\/\/www.cosmetics-ebene.com\/en\/product\/creme-a-l-eau-de-rose\/#primaryimage"},"thumbnailUrl":"https:\/\/www.cosmetics-ebene.com\/wp-content\/uploads\/2024\/09\/133-scaled.jpg","datePublished":"2013-11-15T09:39:01+00:00","dateModified":"2021-02-09T17:39:11+00:00","description":"La cr\u00e8me de luxe DH7 \u00e0 l' eau de Rose apporte \u00e0 votre peau douceur, uniformit\u00e9 du teint et fraicheur","breadcrumb":{"@id":"https:\/\/www.cosmetics-ebene.com\/en\/product\/creme-a-l-eau-de-rose\/#breadcrumb"},"inLanguage":"en-US","potentialAction":[{"@type":"ReadAction","target":["https:\/\/www.cosmetics-ebene.com\/en\/product\/creme-a-l-eau-de-rose\/"]}]},{"@type":"ImageObject","inLanguage":"en-US","@id":"https:\/\/www.cosmetics-ebene.com\/en\/product\/creme-a-l-eau-de-rose\/#primaryimage","url":"https:\/\/www.cosmetics-ebene.com\/wp-content\/uploads\/2024\/09\/133-scaled.jpg","contentUrl":"https:\/\/www.cosmetics-ebene.com\/wp-content\/uploads\/2024\/09\/133-scaled.jpg","width":2560,"height":1707,"caption":"Cr\u00e9me \u00e0 l'eau de Rose"},{"@type":"BreadcrumbList","@id":"https:\/\/www.cosmetics-ebene.com\/en\/product\/creme-a-l-eau-de-rose\/#breadcrumb","itemListElement":[{"@type":"ListItem","position":1,"name":"Home","item":"https:\/\/www.cosmetics-ebene.com\/en\/"},{"@type":"ListItem","position":2,"name":"Shop","item":"https:\/\/www.cosmetics-ebene.com\/shop\/"},{"@type":"ListItem","position":3,"name":"DH7 Rose Water Moisturizng Cream 250ml"}]},{"@type":"WebSite","@id":"https:\/\/www.cosmetics-ebene.com\/en\/#website","url":"https:\/\/www.cosmetics-ebene.com\/en\/","name":"Sessi","description":"Produits de beaut\u00e9 pour peau noires et m\u00e9tiss\u00e9","publisher":{"@id":"https:\/\/www.cosmetics-ebene.com\/en\/#organization"},"potentialAction":[{"@type":"SearchAction","target":{"@type":"EntryPoint","urlTemplate":"https:\/\/www.cosmetics-ebene.com\/en\/?s={search_term_string}"},"query-input":{"@type":"PropertyValueSpecification","valueRequired":true,"valueName":"search_term_string"}}],"inLanguage":"en-US"},{"@type":"Organization","@id":"https:\/\/www.cosmetics-ebene.com\/en\/#organization","name":"Sessi","url":"https:\/\/www.cosmetics-ebene.com\/en\/","logo":{"@type":"ImageObject","inLanguage":"en-US","@id":"https:\/\/www.cosmetics-ebene.com\/en\/#\/schema\/logo\/image\/","url":"https:\/\/www.cosmetics-ebene.com\/wp-content\/uploads\/2024\/09\/cosmetics-ebene-logo-1-e1727351533275.png","contentUrl":"https:\/\/www.cosmetics-ebene.com\/wp-content\/uploads\/2024\/09\/cosmetics-ebene-logo-1-e1727351533275.png","width":350,"height":69,"caption":"Sessi"},"image":{"@id":"https:\/\/www.cosmetics-ebene.com\/en\/#\/schema\/logo\/image\/"}}]}},"_links":{"self":[{"href":"https:\/\/www.cosmetics-ebene.com\/en\/wp-json\/wp\/v2\/product\/8894","targetHints":{"allow":["GET"]}}],"collection":[{"href":"https:\/\/www.cosmetics-ebene.com\/en\/wp-json\/wp\/v2\/product"}],"about":[{"href":"https:\/\/www.cosmetics-ebene.com\/en\/wp-json\/wp\/v2\/types\/product"}],"replies":[{"embeddable":true,"href":"https:\/\/www.cosmetics-ebene.com\/en\/wp-json\/wp\/v2\/comments?post=8894"}],"version-history":[{"count":0,"href":"https:\/\/www.cosmetics-ebene.com\/en\/wp-json\/wp\/v2\/product\/8894\/revisions"}],"wp:featuredmedia":[{"embeddable":true,"href":"https:\/\/www.cosmetics-ebene.com\/en\/wp-json\/wp\/v2\/media\/8892"}],"wp:attachment":[{"href":"https:\/\/www.cosmetics-ebene.com\/en\/wp-json\/wp\/v2\/media?parent=8894"}],"wp:term":[{"taxonomy":"product_brand","embeddable":true,"href":"https:\/\/www.cosmetics-ebene.com\/en\/wp-json\/wp\/v2\/product_brand?post=8894"},{"taxonomy":"product_cat","embeddable":true,"href":"https:\/\/www.cosmetics-ebene.com\/en\/wp-json\/wp\/v2\/product_cat?post=8894"},{"taxonomy":"product_tag","embeddable":true,"href":"https:\/\/www.cosmetics-ebene.com\/en\/wp-json\/wp\/v2\/product_tag?post=8894"}],"curies":[{"name":"wp","href":"https:\/\/api.w.org\/{rel}","templated":true}]}}