{"id":8912,"date":"2013-11-15T09:39:01","date_gmt":"2013-11-15T09:39:01","guid":{"rendered":"https:\/\/preprod.cosmetics-ebene.com\/?product=lait-sublime-the-vert"},"modified":"2021-02-09T17:39:11","modified_gmt":"2021-02-09T17:39:11","slug":"lait-sublime-the-vert","status":"publish","type":"product","link":"https:\/\/www.cosmetics-ebene.com\/en\/product\/lait-sublime-the-vert\/","title":{"rendered":"DH7 Sublime Body Milk Green Tea 400 ml"},"content":{"rendered":"<p>DH7 Sublime Body Milk Green Tea for sensitive skin<\/p>\n<p>Liste INCI : Aqua, Paraffinum Liquidum, Glycerine, Cetearyl Alcohol, Ceteh-20 Phosphate, Dicetyl Phosphate, Ceteareth-22 Phosphate, Camelia Sinensis, Kojic Acid Dipalmitate, Lactid acid, Benzyl Alcohol, Parfum, Sorbate de Potassium, Benzoate de Potassium, Citronellol, Linalol, Lyral, Cinnamal<\/p>\n","protected":false},"excerpt":{"rendered":"<p>DH7 Sublime Body Milk Green Tea for sensitive skin<\/p>\n","protected":false},"featured_media":8910,"comment_status":"open","ping_status":"closed","template":"","meta":[],"product_brand":[261],"product_cat":[360,346,368,294,316,344,350,376,370,378],"product_tag":[],"class_list":{"0":"post-8912","1":"product","2":"type-product","3":"status-publish","4":"has-post-thumbnail","6":"product_brand-dh7","7":"product_cat-body-care","8":"product_cat-body-care-and-face-care","9":"product_cat-cream-serum-glycerin-and-moisturizing-lotion","10":"product_cat-dh7-en","11":"product_cat-dh7-organic-en","12":"product_cat-discount","13":"product_cat-men","14":"product_cat-moisturizing-lotion-and-scrub","15":"product_cat-targeted-care","16":"product_cat-targeted-care-en","17":"pa_je-suis-toutes-categories-confondues-en","18":"pa_un-produit-pour-le-corps-en","19":"pa_une-marque-dh7-en","20":"pa_une-solution-pour-corps-lait-hydratant-pour-peau-seche-en","23":"instock","24":"taxable","25":"shipping-taxable","26":"purchasable","27":"product-type-simple"},"yoast_head":"<!-- This site is optimized with the Yoast SEO plugin v27.3 - https:\/\/yoast.com\/product\/yoast-seo-wordpress\/ -->\n<title>DH7 sublime th\u00e9 vert<\/title>\n<meta name=\"description\" content=\"Le lait DH7 ORGANIC Th\u00e9 vert assure gr\u00e2ce \u00e0 son principe anti-\u00e2ge une luminosit\u00e9 de votre peau\" \/>\n<meta name=\"robots\" content=\"index, follow, max-snippet:-1, max-image-preview:large, max-video-preview:-1\" \/>\n<link rel=\"canonical\" href=\"https:\/\/www.cosmetics-ebene.com\/en\/product\/lait-sublime-the-vert\/\" \/>\n<meta property=\"og:locale\" content=\"en_US\" \/>\n<meta property=\"og:type\" content=\"article\" \/>\n<meta property=\"og:title\" content=\"DH7 sublime th\u00e9 vert\" \/>\n<meta property=\"og:description\" content=\"Le lait DH7 ORGANIC Th\u00e9 vert assure gr\u00e2ce \u00e0 son principe anti-\u00e2ge une luminosit\u00e9 de votre peau\" \/>\n<meta property=\"og:url\" content=\"https:\/\/www.cosmetics-ebene.com\/en\/product\/lait-sublime-the-vert\/\" \/>\n<meta property=\"og:site_name\" content=\"Sessi\" \/>\n<meta property=\"article:modified_time\" content=\"2021-02-09T17:39:11+00:00\" \/>\n<meta property=\"og:image\" content=\"https:\/\/www.cosmetics-ebene.com\/wp-content\/uploads\/2024\/09\/252-scaled.jpg\" \/>\n\t<meta property=\"og:image:width\" content=\"1707\" \/>\n\t<meta property=\"og:image:height\" content=\"2560\" \/>\n\t<meta property=\"og:image:type\" content=\"image\/jpeg\" \/>\n<meta name=\"twitter:card\" content=\"summary_large_image\" \/>\n<script type=\"application\/ld+json\" class=\"yoast-schema-graph\">{\"@context\":\"https:\\\/\\\/schema.org\",\"@graph\":[{\"@type\":\"WebPage\",\"@id\":\"https:\\\/\\\/www.cosmetics-ebene.com\\\/en\\\/product\\\/lait-sublime-the-vert\\\/\",\"url\":\"https:\\\/\\\/www.cosmetics-ebene.com\\\/en\\\/product\\\/lait-sublime-the-vert\\\/\",\"name\":\"DH7 sublime th\u00e9 vert\",\"isPartOf\":{\"@id\":\"https:\\\/\\\/www.cosmetics-ebene.com\\\/en\\\/#website\"},\"primaryImageOfPage\":{\"@id\":\"https:\\\/\\\/www.cosmetics-ebene.com\\\/en\\\/product\\\/lait-sublime-the-vert\\\/#primaryimage\"},\"image\":{\"@id\":\"https:\\\/\\\/www.cosmetics-ebene.com\\\/en\\\/product\\\/lait-sublime-the-vert\\\/#primaryimage\"},\"thumbnailUrl\":\"https:\\\/\\\/www.cosmetics-ebene.com\\\/wp-content\\\/uploads\\\/2024\\\/09\\\/252-scaled.jpg\",\"datePublished\":\"2013-11-15T09:39:01+00:00\",\"dateModified\":\"2021-02-09T17:39:11+00:00\",\"description\":\"Le lait DH7 ORGANIC Th\u00e9 vert assure gr\u00e2ce \u00e0 son principe anti-\u00e2ge une luminosit\u00e9 de votre peau\",\"breadcrumb\":{\"@id\":\"https:\\\/\\\/www.cosmetics-ebene.com\\\/en\\\/product\\\/lait-sublime-the-vert\\\/#breadcrumb\"},\"inLanguage\":\"en-US\",\"potentialAction\":[{\"@type\":\"ReadAction\",\"target\":[\"https:\\\/\\\/www.cosmetics-ebene.com\\\/en\\\/product\\\/lait-sublime-the-vert\\\/\"]}]},{\"@type\":\"ImageObject\",\"inLanguage\":\"en-US\",\"@id\":\"https:\\\/\\\/www.cosmetics-ebene.com\\\/en\\\/product\\\/lait-sublime-the-vert\\\/#primaryimage\",\"url\":\"https:\\\/\\\/www.cosmetics-ebene.com\\\/wp-content\\\/uploads\\\/2024\\\/09\\\/252-scaled.jpg\",\"contentUrl\":\"https:\\\/\\\/www.cosmetics-ebene.com\\\/wp-content\\\/uploads\\\/2024\\\/09\\\/252-scaled.jpg\",\"width\":1707,\"height\":2560,\"caption\":\"Lait sublime Th\u00e9 vert\"},{\"@type\":\"BreadcrumbList\",\"@id\":\"https:\\\/\\\/www.cosmetics-ebene.com\\\/en\\\/product\\\/lait-sublime-the-vert\\\/#breadcrumb\",\"itemListElement\":[{\"@type\":\"ListItem\",\"position\":1,\"name\":\"Home\",\"item\":\"https:\\\/\\\/www.cosmetics-ebene.com\\\/en\\\/\"},{\"@type\":\"ListItem\",\"position\":2,\"name\":\"Shop\",\"item\":\"https:\\\/\\\/www.cosmetics-ebene.com\\\/shop\\\/\"},{\"@type\":\"ListItem\",\"position\":3,\"name\":\"DH7 Sublime Body Milk Green Tea 400 ml\"}]},{\"@type\":\"WebSite\",\"@id\":\"https:\\\/\\\/www.cosmetics-ebene.com\\\/en\\\/#website\",\"url\":\"https:\\\/\\\/www.cosmetics-ebene.com\\\/en\\\/\",\"name\":\"Sessi\",\"description\":\"Produits de beaut\u00e9 pour peau noires et m\u00e9tiss\u00e9\",\"publisher\":{\"@id\":\"https:\\\/\\\/www.cosmetics-ebene.com\\\/en\\\/#organization\"},\"potentialAction\":[{\"@type\":\"SearchAction\",\"target\":{\"@type\":\"EntryPoint\",\"urlTemplate\":\"https:\\\/\\\/www.cosmetics-ebene.com\\\/en\\\/?s={search_term_string}\"},\"query-input\":{\"@type\":\"PropertyValueSpecification\",\"valueRequired\":true,\"valueName\":\"search_term_string\"}}],\"inLanguage\":\"en-US\"},{\"@type\":\"Organization\",\"@id\":\"https:\\\/\\\/www.cosmetics-ebene.com\\\/en\\\/#organization\",\"name\":\"Sessi\",\"url\":\"https:\\\/\\\/www.cosmetics-ebene.com\\\/en\\\/\",\"logo\":{\"@type\":\"ImageObject\",\"inLanguage\":\"en-US\",\"@id\":\"https:\\\/\\\/www.cosmetics-ebene.com\\\/en\\\/#\\\/schema\\\/logo\\\/image\\\/\",\"url\":\"https:\\\/\\\/www.cosmetics-ebene.com\\\/wp-content\\\/uploads\\\/2024\\\/09\\\/cosmetics-ebene-logo-1-e1727351533275.png\",\"contentUrl\":\"https:\\\/\\\/www.cosmetics-ebene.com\\\/wp-content\\\/uploads\\\/2024\\\/09\\\/cosmetics-ebene-logo-1-e1727351533275.png\",\"width\":350,\"height\":69,\"caption\":\"Sessi\"},\"image\":{\"@id\":\"https:\\\/\\\/www.cosmetics-ebene.com\\\/en\\\/#\\\/schema\\\/logo\\\/image\\\/\"}}]}<\/script>\n<!-- \/ Yoast SEO plugin. -->","yoast_head_json":{"title":"DH7 sublime th\u00e9 vert","description":"Le lait DH7 ORGANIC Th\u00e9 vert assure gr\u00e2ce \u00e0 son principe anti-\u00e2ge une luminosit\u00e9 de votre peau","robots":{"index":"index","follow":"follow","max-snippet":"max-snippet:-1","max-image-preview":"max-image-preview:large","max-video-preview":"max-video-preview:-1"},"canonical":"https:\/\/www.cosmetics-ebene.com\/en\/product\/lait-sublime-the-vert\/","og_locale":"en_US","og_type":"article","og_title":"DH7 sublime th\u00e9 vert","og_description":"Le lait DH7 ORGANIC Th\u00e9 vert assure gr\u00e2ce \u00e0 son principe anti-\u00e2ge une luminosit\u00e9 de votre peau","og_url":"https:\/\/www.cosmetics-ebene.com\/en\/product\/lait-sublime-the-vert\/","og_site_name":"Sessi","article_modified_time":"2021-02-09T17:39:11+00:00","og_image":[{"width":1707,"height":2560,"url":"https:\/\/www.cosmetics-ebene.com\/wp-content\/uploads\/2024\/09\/252-scaled.jpg","type":"image\/jpeg"}],"twitter_card":"summary_large_image","schema":{"@context":"https:\/\/schema.org","@graph":[{"@type":"WebPage","@id":"https:\/\/www.cosmetics-ebene.com\/en\/product\/lait-sublime-the-vert\/","url":"https:\/\/www.cosmetics-ebene.com\/en\/product\/lait-sublime-the-vert\/","name":"DH7 sublime th\u00e9 vert","isPartOf":{"@id":"https:\/\/www.cosmetics-ebene.com\/en\/#website"},"primaryImageOfPage":{"@id":"https:\/\/www.cosmetics-ebene.com\/en\/product\/lait-sublime-the-vert\/#primaryimage"},"image":{"@id":"https:\/\/www.cosmetics-ebene.com\/en\/product\/lait-sublime-the-vert\/#primaryimage"},"thumbnailUrl":"https:\/\/www.cosmetics-ebene.com\/wp-content\/uploads\/2024\/09\/252-scaled.jpg","datePublished":"2013-11-15T09:39:01+00:00","dateModified":"2021-02-09T17:39:11+00:00","description":"Le lait DH7 ORGANIC Th\u00e9 vert assure gr\u00e2ce \u00e0 son principe anti-\u00e2ge une luminosit\u00e9 de votre peau","breadcrumb":{"@id":"https:\/\/www.cosmetics-ebene.com\/en\/product\/lait-sublime-the-vert\/#breadcrumb"},"inLanguage":"en-US","potentialAction":[{"@type":"ReadAction","target":["https:\/\/www.cosmetics-ebene.com\/en\/product\/lait-sublime-the-vert\/"]}]},{"@type":"ImageObject","inLanguage":"en-US","@id":"https:\/\/www.cosmetics-ebene.com\/en\/product\/lait-sublime-the-vert\/#primaryimage","url":"https:\/\/www.cosmetics-ebene.com\/wp-content\/uploads\/2024\/09\/252-scaled.jpg","contentUrl":"https:\/\/www.cosmetics-ebene.com\/wp-content\/uploads\/2024\/09\/252-scaled.jpg","width":1707,"height":2560,"caption":"Lait sublime Th\u00e9 vert"},{"@type":"BreadcrumbList","@id":"https:\/\/www.cosmetics-ebene.com\/en\/product\/lait-sublime-the-vert\/#breadcrumb","itemListElement":[{"@type":"ListItem","position":1,"name":"Home","item":"https:\/\/www.cosmetics-ebene.com\/en\/"},{"@type":"ListItem","position":2,"name":"Shop","item":"https:\/\/www.cosmetics-ebene.com\/shop\/"},{"@type":"ListItem","position":3,"name":"DH7 Sublime Body Milk Green Tea 400 ml"}]},{"@type":"WebSite","@id":"https:\/\/www.cosmetics-ebene.com\/en\/#website","url":"https:\/\/www.cosmetics-ebene.com\/en\/","name":"Sessi","description":"Produits de beaut\u00e9 pour peau noires et m\u00e9tiss\u00e9","publisher":{"@id":"https:\/\/www.cosmetics-ebene.com\/en\/#organization"},"potentialAction":[{"@type":"SearchAction","target":{"@type":"EntryPoint","urlTemplate":"https:\/\/www.cosmetics-ebene.com\/en\/?s={search_term_string}"},"query-input":{"@type":"PropertyValueSpecification","valueRequired":true,"valueName":"search_term_string"}}],"inLanguage":"en-US"},{"@type":"Organization","@id":"https:\/\/www.cosmetics-ebene.com\/en\/#organization","name":"Sessi","url":"https:\/\/www.cosmetics-ebene.com\/en\/","logo":{"@type":"ImageObject","inLanguage":"en-US","@id":"https:\/\/www.cosmetics-ebene.com\/en\/#\/schema\/logo\/image\/","url":"https:\/\/www.cosmetics-ebene.com\/wp-content\/uploads\/2024\/09\/cosmetics-ebene-logo-1-e1727351533275.png","contentUrl":"https:\/\/www.cosmetics-ebene.com\/wp-content\/uploads\/2024\/09\/cosmetics-ebene-logo-1-e1727351533275.png","width":350,"height":69,"caption":"Sessi"},"image":{"@id":"https:\/\/www.cosmetics-ebene.com\/en\/#\/schema\/logo\/image\/"}}]}},"_links":{"self":[{"href":"https:\/\/www.cosmetics-ebene.com\/en\/wp-json\/wp\/v2\/product\/8912","targetHints":{"allow":["GET"]}}],"collection":[{"href":"https:\/\/www.cosmetics-ebene.com\/en\/wp-json\/wp\/v2\/product"}],"about":[{"href":"https:\/\/www.cosmetics-ebene.com\/en\/wp-json\/wp\/v2\/types\/product"}],"replies":[{"embeddable":true,"href":"https:\/\/www.cosmetics-ebene.com\/en\/wp-json\/wp\/v2\/comments?post=8912"}],"version-history":[{"count":0,"href":"https:\/\/www.cosmetics-ebene.com\/en\/wp-json\/wp\/v2\/product\/8912\/revisions"}],"wp:featuredmedia":[{"embeddable":true,"href":"https:\/\/www.cosmetics-ebene.com\/en\/wp-json\/wp\/v2\/media\/8910"}],"wp:attachment":[{"href":"https:\/\/www.cosmetics-ebene.com\/en\/wp-json\/wp\/v2\/media?parent=8912"}],"wp:term":[{"taxonomy":"product_brand","embeddable":true,"href":"https:\/\/www.cosmetics-ebene.com\/en\/wp-json\/wp\/v2\/product_brand?post=8912"},{"taxonomy":"product_cat","embeddable":true,"href":"https:\/\/www.cosmetics-ebene.com\/en\/wp-json\/wp\/v2\/product_cat?post=8912"},{"taxonomy":"product_tag","embeddable":true,"href":"https:\/\/www.cosmetics-ebene.com\/en\/wp-json\/wp\/v2\/product_tag?post=8912"}],"curies":[{"name":"wp","href":"https:\/\/api.w.org\/{rel}","templated":true}]}}