{"id":9104,"date":"2013-11-19T16:02:03","date_gmt":"2013-11-19T16:02:03","guid":{"rendered":"https:\/\/preprod.cosmetics-ebene.com\/?product=savon-creme-anti-microbien-al-huile-decarotte-et-vitaclear"},"modified":"2026-02-04T02:05:48","modified_gmt":"2026-02-04T02:05:48","slug":"savon-creme-anti-microbien-al-huile-decarotte-et-vitaclear","status":"publish","type":"product","link":"https:\/\/www.cosmetics-ebene.com\/en\/product\/savon-creme-anti-microbien-al-huile-decarotte-et-vitaclear\/","title":{"rendered":"DH7 Exfoliating Cream Soap 2 in 1 with antimicrobial agent, carrot oil and VITACLEAR"},"content":{"rendered":"<h2><span><img decoding=\"async\" src=\"https:\/\/www.cosmetics-ebene.com\/wp-content\/uploads\/content\/icon1.jpg\" alt=\"\" height=\"73\" width=\"69\" \/><span style=\"color:#d0121a;\">\u00c9labor\u00e9 et mis au point par des\u00a0scientifiques.<\/span><\/span><\/h2>\n<h2>Le savon 2en1 DH7 Rouge \u00e0 l&#8217;huile de carotte exfolie et \u00e9claircit votre peau. De plus il nettoie votre peau en profondeur et vous d\u00e9barrasse des impuret\u00e9s et des boutons.<\/h2>\n<h2><img decoding=\"async\" src=\"https:\/\/www.cosmetics-ebene.com\/wp-content\/uploads\/content\/icon2.jpg\" alt=\"\" height=\"73\" width=\"69\" \/><span style=\"color:#d0121a;\">Conseils d\u2019utilisations :<\/span><\/h2>\n<h2>A\u00a0utiliser\u00a0une ou deux fois par jour lors de votre douche. \u00c9viter le contact avec les yeux. En cas d\u2019irritation cessez l\u2019usage. Ne pas utiliser chez les enfants de moins de 12 ans. Usage externe uniquement\u00a0<\/h2>\n<h2><img decoding=\"async\" src=\"https:\/\/www.cosmetics-ebene.com\/wp-content\/uploads\/content\/icon3.jpg\" alt=\"\" height=\"73\" width=\"69\" \/><span style=\"color:#d0121a;\">Composition :<\/span><\/h2>\n<\/p>\n<table cellspacing=\"0\" border=\"0\">\n<colgroup width=\"1891\"><\/colgroup>\n<tbody>\n<tr>\n<td height=\"17\" align=\"left\"><span>Sodium Palmate, Sodium Palm Kernelate, Aqua, Glycerin, Parfum, Prunus Armeniaca, Daucus Carota, Ascorbic Acid, Triclocarban, Palm Acid, Sodium Chloride, Palm Kernel Acid, Tetrasodium EDTA, Etidronic Acid, Cetearyl Alcohol (and) Ceteareth-33, Glycerin, Cetyl Alcohol, Stearic Acid, Polysorbate 60<\/span><\/td>\n<\/tr>\n<\/tbody>\n<\/table>\n","protected":false},"excerpt":{"rendered":"<p>The\u00a0DH7\u00a0 exfoliating cream soap 2 in 1, erasing, thanks to antimicrobial agent, to the active ingredient VITACLEAR, its carrot oil which enriches his texture and to the exfoliating apricot kernel insures a perfect hygiene of your skin. It takes care of the black spots and makes your skin more glowing.\u00a0<\/p>\n","protected":false},"featured_media":19945,"comment_status":"open","ping_status":"closed","template":"","meta":[],"product_brand":[261],"product_cat":[346,294,310,358,366,350,380,382,370],"product_tag":[],"class_list":{"0":"post-9104","1":"product","2":"type-product","3":"status-publish","4":"has-post-thumbnail","6":"product_brand-dh7","7":"product_cat-body-care-and-face-care","8":"product_cat-dh7-en","9":"product_cat-dh7-red","10":"product_cat-face-care","11":"product_cat-lightening-and-anti-spot","12":"product_cat-men","13":"product_cat-shower-gel-and-soap","14":"product_cat-soap","15":"product_cat-targeted-care","16":"pa_un-produit-pour-la-toilette-en","17":"pa_une-marque-dh7-en","18":"pa_une-solution-pour-corps-solution-pour-le-bain-en","21":"instock","22":"taxable","23":"shipping-taxable","24":"purchasable","25":"product-type-simple"},"yoast_head":"<!-- This site is optimized with the Yoast SEO plugin v27.3 - https:\/\/yoast.com\/product\/yoast-seo-wordpress\/ -->\n<title>DH7 Savon Cr\u00e8me anti-microbien \u00e9claircissant \u00e0 l&#039;huile de carotte<\/title>\n<meta name=\"description\" content=\"Excellent savon \u00e0 la carotte qui gomme les imperfections de votre peau et l&#039;\u00e9claircit harmonieusement\" \/>\n<meta name=\"robots\" content=\"index, follow, max-snippet:-1, max-image-preview:large, max-video-preview:-1\" \/>\n<link rel=\"canonical\" href=\"https:\/\/www.cosmetics-ebene.com\/en\/product\/savon-creme-anti-microbien-al-huile-decarotte-et-vitaclear\/\" \/>\n<meta property=\"og:locale\" content=\"en_US\" \/>\n<meta property=\"og:type\" content=\"article\" \/>\n<meta property=\"og:title\" content=\"DH7 Savon Cr\u00e8me anti-microbien \u00e9claircissant \u00e0 l&#039;huile de carotte\" \/>\n<meta property=\"og:description\" content=\"Excellent savon \u00e0 la carotte qui gomme les imperfections de votre peau et l&#039;\u00e9claircit harmonieusement\" \/>\n<meta property=\"og:url\" content=\"https:\/\/www.cosmetics-ebene.com\/en\/product\/savon-creme-anti-microbien-al-huile-decarotte-et-vitaclear\/\" \/>\n<meta property=\"og:site_name\" content=\"Sessi\" \/>\n<meta property=\"article:modified_time\" content=\"2026-02-04T02:05:48+00:00\" \/>\n<meta property=\"og:image\" content=\"https:\/\/www.cosmetics-ebene.com\/wp-content\/uploads\/2013\/11\/Design-sans-titre-39.png\" \/>\n\t<meta property=\"og:image:width\" content=\"1080\" \/>\n\t<meta property=\"og:image:height\" content=\"1500\" \/>\n\t<meta property=\"og:image:type\" content=\"image\/png\" \/>\n<meta name=\"twitter:card\" content=\"summary_large_image\" \/>\n<meta name=\"twitter:label1\" content=\"Est. reading time\" \/>\n\t<meta name=\"twitter:data1\" content=\"1 minute\" \/>\n<script type=\"application\/ld+json\" class=\"yoast-schema-graph\">{\"@context\":\"https:\\\/\\\/schema.org\",\"@graph\":[{\"@type\":\"WebPage\",\"@id\":\"https:\\\/\\\/www.cosmetics-ebene.com\\\/en\\\/product\\\/savon-creme-anti-microbien-al-huile-decarotte-et-vitaclear\\\/\",\"url\":\"https:\\\/\\\/www.cosmetics-ebene.com\\\/en\\\/product\\\/savon-creme-anti-microbien-al-huile-decarotte-et-vitaclear\\\/\",\"name\":\"DH7 Savon Cr\u00e8me anti-microbien \u00e9claircissant \u00e0 l'huile de carotte\",\"isPartOf\":{\"@id\":\"https:\\\/\\\/www.cosmetics-ebene.com\\\/en\\\/#website\"},\"primaryImageOfPage\":{\"@id\":\"https:\\\/\\\/www.cosmetics-ebene.com\\\/en\\\/product\\\/savon-creme-anti-microbien-al-huile-decarotte-et-vitaclear\\\/#primaryimage\"},\"image\":{\"@id\":\"https:\\\/\\\/www.cosmetics-ebene.com\\\/en\\\/product\\\/savon-creme-anti-microbien-al-huile-decarotte-et-vitaclear\\\/#primaryimage\"},\"thumbnailUrl\":\"https:\\\/\\\/www.cosmetics-ebene.com\\\/wp-content\\\/uploads\\\/2013\\\/11\\\/Design-sans-titre-39.png\",\"datePublished\":\"2013-11-19T16:02:03+00:00\",\"dateModified\":\"2026-02-04T02:05:48+00:00\",\"description\":\"Excellent savon \u00e0 la carotte qui gomme les imperfections de votre peau et l'\u00e9claircit harmonieusement\",\"breadcrumb\":{\"@id\":\"https:\\\/\\\/www.cosmetics-ebene.com\\\/en\\\/product\\\/savon-creme-anti-microbien-al-huile-decarotte-et-vitaclear\\\/#breadcrumb\"},\"inLanguage\":\"en-US\",\"potentialAction\":[{\"@type\":\"ReadAction\",\"target\":[\"https:\\\/\\\/www.cosmetics-ebene.com\\\/en\\\/product\\\/savon-creme-anti-microbien-al-huile-decarotte-et-vitaclear\\\/\"]}]},{\"@type\":\"ImageObject\",\"inLanguage\":\"en-US\",\"@id\":\"https:\\\/\\\/www.cosmetics-ebene.com\\\/en\\\/product\\\/savon-creme-anti-microbien-al-huile-decarotte-et-vitaclear\\\/#primaryimage\",\"url\":\"https:\\\/\\\/www.cosmetics-ebene.com\\\/wp-content\\\/uploads\\\/2013\\\/11\\\/Design-sans-titre-39.png\",\"contentUrl\":\"https:\\\/\\\/www.cosmetics-ebene.com\\\/wp-content\\\/uploads\\\/2013\\\/11\\\/Design-sans-titre-39.png\",\"width\":1080,\"height\":1500},{\"@type\":\"BreadcrumbList\",\"@id\":\"https:\\\/\\\/www.cosmetics-ebene.com\\\/en\\\/product\\\/savon-creme-anti-microbien-al-huile-decarotte-et-vitaclear\\\/#breadcrumb\",\"itemListElement\":[{\"@type\":\"ListItem\",\"position\":1,\"name\":\"Home\",\"item\":\"https:\\\/\\\/www.cosmetics-ebene.com\\\/en\\\/\"},{\"@type\":\"ListItem\",\"position\":2,\"name\":\"Shop\",\"item\":\"https:\\\/\\\/www.cosmetics-ebene.com\\\/shop\\\/\"},{\"@type\":\"ListItem\",\"position\":3,\"name\":\"DH7 Exfoliating Cream Soap 2 in 1 with antimicrobial agent, carrot oil and VITACLEAR\"}]},{\"@type\":\"WebSite\",\"@id\":\"https:\\\/\\\/www.cosmetics-ebene.com\\\/en\\\/#website\",\"url\":\"https:\\\/\\\/www.cosmetics-ebene.com\\\/en\\\/\",\"name\":\"Sessi\",\"description\":\"Produits de beaut\u00e9 pour peau noires et m\u00e9tiss\u00e9\",\"publisher\":{\"@id\":\"https:\\\/\\\/www.cosmetics-ebene.com\\\/en\\\/#organization\"},\"potentialAction\":[{\"@type\":\"SearchAction\",\"target\":{\"@type\":\"EntryPoint\",\"urlTemplate\":\"https:\\\/\\\/www.cosmetics-ebene.com\\\/en\\\/?s={search_term_string}\"},\"query-input\":{\"@type\":\"PropertyValueSpecification\",\"valueRequired\":true,\"valueName\":\"search_term_string\"}}],\"inLanguage\":\"en-US\"},{\"@type\":\"Organization\",\"@id\":\"https:\\\/\\\/www.cosmetics-ebene.com\\\/en\\\/#organization\",\"name\":\"Sessi\",\"url\":\"https:\\\/\\\/www.cosmetics-ebene.com\\\/en\\\/\",\"logo\":{\"@type\":\"ImageObject\",\"inLanguage\":\"en-US\",\"@id\":\"https:\\\/\\\/www.cosmetics-ebene.com\\\/en\\\/#\\\/schema\\\/logo\\\/image\\\/\",\"url\":\"https:\\\/\\\/www.cosmetics-ebene.com\\\/wp-content\\\/uploads\\\/2024\\\/09\\\/cosmetics-ebene-logo-1-e1727351533275.png\",\"contentUrl\":\"https:\\\/\\\/www.cosmetics-ebene.com\\\/wp-content\\\/uploads\\\/2024\\\/09\\\/cosmetics-ebene-logo-1-e1727351533275.png\",\"width\":350,\"height\":69,\"caption\":\"Sessi\"},\"image\":{\"@id\":\"https:\\\/\\\/www.cosmetics-ebene.com\\\/en\\\/#\\\/schema\\\/logo\\\/image\\\/\"}}]}<\/script>\n<!-- \/ Yoast SEO plugin. -->","yoast_head_json":{"title":"DH7 Savon Cr\u00e8me anti-microbien \u00e9claircissant \u00e0 l'huile de carotte","description":"Excellent savon \u00e0 la carotte qui gomme les imperfections de votre peau et l'\u00e9claircit harmonieusement","robots":{"index":"index","follow":"follow","max-snippet":"max-snippet:-1","max-image-preview":"max-image-preview:large","max-video-preview":"max-video-preview:-1"},"canonical":"https:\/\/www.cosmetics-ebene.com\/en\/product\/savon-creme-anti-microbien-al-huile-decarotte-et-vitaclear\/","og_locale":"en_US","og_type":"article","og_title":"DH7 Savon Cr\u00e8me anti-microbien \u00e9claircissant \u00e0 l'huile de carotte","og_description":"Excellent savon \u00e0 la carotte qui gomme les imperfections de votre peau et l'\u00e9claircit harmonieusement","og_url":"https:\/\/www.cosmetics-ebene.com\/en\/product\/savon-creme-anti-microbien-al-huile-decarotte-et-vitaclear\/","og_site_name":"Sessi","article_modified_time":"2026-02-04T02:05:48+00:00","og_image":[{"width":1080,"height":1500,"url":"https:\/\/www.cosmetics-ebene.com\/wp-content\/uploads\/2013\/11\/Design-sans-titre-39.png","type":"image\/png"}],"twitter_card":"summary_large_image","twitter_misc":{"Est. reading time":"1 minute"},"schema":{"@context":"https:\/\/schema.org","@graph":[{"@type":"WebPage","@id":"https:\/\/www.cosmetics-ebene.com\/en\/product\/savon-creme-anti-microbien-al-huile-decarotte-et-vitaclear\/","url":"https:\/\/www.cosmetics-ebene.com\/en\/product\/savon-creme-anti-microbien-al-huile-decarotte-et-vitaclear\/","name":"DH7 Savon Cr\u00e8me anti-microbien \u00e9claircissant \u00e0 l'huile de carotte","isPartOf":{"@id":"https:\/\/www.cosmetics-ebene.com\/en\/#website"},"primaryImageOfPage":{"@id":"https:\/\/www.cosmetics-ebene.com\/en\/product\/savon-creme-anti-microbien-al-huile-decarotte-et-vitaclear\/#primaryimage"},"image":{"@id":"https:\/\/www.cosmetics-ebene.com\/en\/product\/savon-creme-anti-microbien-al-huile-decarotte-et-vitaclear\/#primaryimage"},"thumbnailUrl":"https:\/\/www.cosmetics-ebene.com\/wp-content\/uploads\/2013\/11\/Design-sans-titre-39.png","datePublished":"2013-11-19T16:02:03+00:00","dateModified":"2026-02-04T02:05:48+00:00","description":"Excellent savon \u00e0 la carotte qui gomme les imperfections de votre peau et l'\u00e9claircit harmonieusement","breadcrumb":{"@id":"https:\/\/www.cosmetics-ebene.com\/en\/product\/savon-creme-anti-microbien-al-huile-decarotte-et-vitaclear\/#breadcrumb"},"inLanguage":"en-US","potentialAction":[{"@type":"ReadAction","target":["https:\/\/www.cosmetics-ebene.com\/en\/product\/savon-creme-anti-microbien-al-huile-decarotte-et-vitaclear\/"]}]},{"@type":"ImageObject","inLanguage":"en-US","@id":"https:\/\/www.cosmetics-ebene.com\/en\/product\/savon-creme-anti-microbien-al-huile-decarotte-et-vitaclear\/#primaryimage","url":"https:\/\/www.cosmetics-ebene.com\/wp-content\/uploads\/2013\/11\/Design-sans-titre-39.png","contentUrl":"https:\/\/www.cosmetics-ebene.com\/wp-content\/uploads\/2013\/11\/Design-sans-titre-39.png","width":1080,"height":1500},{"@type":"BreadcrumbList","@id":"https:\/\/www.cosmetics-ebene.com\/en\/product\/savon-creme-anti-microbien-al-huile-decarotte-et-vitaclear\/#breadcrumb","itemListElement":[{"@type":"ListItem","position":1,"name":"Home","item":"https:\/\/www.cosmetics-ebene.com\/en\/"},{"@type":"ListItem","position":2,"name":"Shop","item":"https:\/\/www.cosmetics-ebene.com\/shop\/"},{"@type":"ListItem","position":3,"name":"DH7 Exfoliating Cream Soap 2 in 1 with antimicrobial agent, carrot oil and VITACLEAR"}]},{"@type":"WebSite","@id":"https:\/\/www.cosmetics-ebene.com\/en\/#website","url":"https:\/\/www.cosmetics-ebene.com\/en\/","name":"Sessi","description":"Produits de beaut\u00e9 pour peau noires et m\u00e9tiss\u00e9","publisher":{"@id":"https:\/\/www.cosmetics-ebene.com\/en\/#organization"},"potentialAction":[{"@type":"SearchAction","target":{"@type":"EntryPoint","urlTemplate":"https:\/\/www.cosmetics-ebene.com\/en\/?s={search_term_string}"},"query-input":{"@type":"PropertyValueSpecification","valueRequired":true,"valueName":"search_term_string"}}],"inLanguage":"en-US"},{"@type":"Organization","@id":"https:\/\/www.cosmetics-ebene.com\/en\/#organization","name":"Sessi","url":"https:\/\/www.cosmetics-ebene.com\/en\/","logo":{"@type":"ImageObject","inLanguage":"en-US","@id":"https:\/\/www.cosmetics-ebene.com\/en\/#\/schema\/logo\/image\/","url":"https:\/\/www.cosmetics-ebene.com\/wp-content\/uploads\/2024\/09\/cosmetics-ebene-logo-1-e1727351533275.png","contentUrl":"https:\/\/www.cosmetics-ebene.com\/wp-content\/uploads\/2024\/09\/cosmetics-ebene-logo-1-e1727351533275.png","width":350,"height":69,"caption":"Sessi"},"image":{"@id":"https:\/\/www.cosmetics-ebene.com\/en\/#\/schema\/logo\/image\/"}}]}},"_links":{"self":[{"href":"https:\/\/www.cosmetics-ebene.com\/en\/wp-json\/wp\/v2\/product\/9104","targetHints":{"allow":["GET"]}}],"collection":[{"href":"https:\/\/www.cosmetics-ebene.com\/en\/wp-json\/wp\/v2\/product"}],"about":[{"href":"https:\/\/www.cosmetics-ebene.com\/en\/wp-json\/wp\/v2\/types\/product"}],"replies":[{"embeddable":true,"href":"https:\/\/www.cosmetics-ebene.com\/en\/wp-json\/wp\/v2\/comments?post=9104"}],"version-history":[{"count":0,"href":"https:\/\/www.cosmetics-ebene.com\/en\/wp-json\/wp\/v2\/product\/9104\/revisions"}],"wp:featuredmedia":[{"embeddable":true,"href":"https:\/\/www.cosmetics-ebene.com\/en\/wp-json\/wp\/v2\/media\/19945"}],"wp:attachment":[{"href":"https:\/\/www.cosmetics-ebene.com\/en\/wp-json\/wp\/v2\/media?parent=9104"}],"wp:term":[{"taxonomy":"product_brand","embeddable":true,"href":"https:\/\/www.cosmetics-ebene.com\/en\/wp-json\/wp\/v2\/product_brand?post=9104"},{"taxonomy":"product_cat","embeddable":true,"href":"https:\/\/www.cosmetics-ebene.com\/en\/wp-json\/wp\/v2\/product_cat?post=9104"},{"taxonomy":"product_tag","embeddable":true,"href":"https:\/\/www.cosmetics-ebene.com\/en\/wp-json\/wp\/v2\/product_tag?post=9104"}],"curies":[{"name":"wp","href":"https:\/\/api.w.org\/{rel}","templated":true}]}}