{"id":9134,"date":"2014-11-10T16:43:49","date_gmt":"2014-11-10T16:43:49","guid":{"rendered":"https:\/\/preprod.cosmetics-ebene.com\/?product=cremeeclaicissanteornikableu"},"modified":"2020-08-10T14:34:48","modified_gmt":"2020-08-10T14:34:48","slug":"cremeeclaicissanteornikableu","status":"publish","type":"product","link":"https:\/\/www.cosmetics-ebene.com\/en\/product\/cremeeclaicissanteornikableu\/","title":{"rendered":"Ornika Tonic Lightening Cream 50ml"},"content":{"rendered":"<ul>\n<li>\n<h2><img decoding=\"async\" src=\"https:\/\/www.cosmetics-ebene.com\/wp-content\/uploads\/content\/icon1.jpg\" alt=\"\" height=\"73\" width=\"69\" \/><span style=\"color:#2c9ffd;\">\u00c9labor\u00e9 et mis au point par des sp\u00e9cialistes en cosm\u00e9tologie.<\/span><\/h2>\n<h4>Ornika cr\u00e8me \u00e9claircissante tonique pour la beaut\u00e9 prot\u00e9ge, tonifie et rafraichit votre peau. Votre peau retrouve une luminosit\u00e9 parfaite. Nous vous conseillons une \u00e0 trois applications par jour par massage doux, la cr\u00e8me rend \u00e0 votre teint son aspect de jeunesse avec sa grande fra\u00eecheur retrouv\u00e9e.\u00a0<\/h4>\n<h2><img decoding=\"async\" src=\"https:\/\/www.cosmetics-ebene.com\/wp-content\/uploads\/content\/icon2.jpg\" alt=\"\" height=\"73\" width=\"69\" \/><span style=\"color:#2c9ffd;\">Conseils d\u2019utilisations :<\/span><\/h2>\n<p>A appliquer\u00a0sur le visage apr\u00e8s avoir pris votre douche.\u00a0\u00c9viter le contact avec les yeux. En cas d\u2019irritation cessez l\u2019usage. Ne pas utiliser chez les enfants de moins de 12 ans. Usage externe uniquement<\/p>\n<h2><img decoding=\"async\" src=\"https:\/\/www.cosmetics-ebene.com\/wp-content\/uploads\/content\/icon3.jpg\" alt=\"\" height=\"73\" width=\"69\" \/><span style=\"color:#2c9ffd;\">Composition :<\/span><\/h2>\n<p>Aqua (Water), Paraffinum Liquidum (Mineral Oil), Cetearyl Alcohol, Glycerin, Kojic Acid Dipalmitate, Caprylic\/Capric Triglycerides, Hexyl Resorcinol, Ethyl Linoleate, Cyclomethicone, Ceteareth-2 Phosphate, Butyrospermum Parkii (Shea Butter), Isopropyl Myristate, Potassium Azeloyl Diglycinate, Propylene Glycol, Glycyrrhiza Glabra (Licorice) Extract, Ceteth20 Phosphate, Dicetyl Phosphate, Tocopheryl Acetate, Parfum (Fragrance), Triethanolamine, Benzyl Alcohol, Tetrasodium EDTA, BHT, Coumarin, Limonene, Alpha-Isomethyl Ionone, Geraniol, Linalool.<\/p>\n<\/li>\n<\/ul>\n","protected":false},"excerpt":{"rendered":"<p>Ornika cr\u00e8me \u00e9claircissante tonique pour la beaut\u00e9 prot\u00e9ge, tonifie et rafraichit votre peau. Votre peau retrouve une luminosit\u00e9 parfaite. Nous vous conseillons une \u00e0 trois applications par jour par massage doux, la cr\u00e8me rend \u00e0 votre teint son aspect de jeunesse avec sa grande fra\u00eecheur retrouv\u00e9e.\u00a0<br \/>\n\u00a0<\/p>\n","protected":false},"featured_media":9132,"comment_status":"open","ping_status":"closed","template":"","meta":[],"product_brand":[273],"product_cat":[346,358,366,350,300,370],"product_tag":[511,510,512,513],"class_list":{"0":"post-9134","1":"product","2":"type-product","3":"status-publish","4":"has-post-thumbnail","6":"product_brand-ornika","7":"product_cat-body-care-and-face-care","8":"product_cat-face-care","9":"product_cat-lightening-and-anti-spot","10":"product_cat-men","11":"product_cat-ornika-en","12":"product_cat-targeted-care","13":"product_tag-creme-eclaircissante-en","14":"product_tag-creme-tonique-en","15":"product_tag-ornika-en","16":"product_tag-ornika-tube-en","17":"pa_un-produit-pour-le-visage-en","18":"pa_une-marque-ornika-en","19":"pa_une-solution-pour-visage-soin-eclaircissant-anti-taches-en","22":"instock","23":"taxable","24":"shipping-taxable","25":"purchasable","26":"product-type-simple"},"yoast_head":"<!-- This site is optimized with the Yoast SEO plugin v27.3 - https:\/\/yoast.com\/product\/yoast-seo-wordpress\/ -->\n<title>Ornika cr\u00e8me \u00e9claircissante tonique<\/title>\n<meta name=\"description\" content=\"Elle prot\u00e8ge, tonifie et rafraichit votre peau. Elle retrouve une luminosit\u00e9 parfaite. Nous vous conseillons une \u00e0 trois applications par jour par massage doux\" \/>\n<meta name=\"robots\" content=\"index, follow, max-snippet:-1, max-image-preview:large, max-video-preview:-1\" \/>\n<link rel=\"canonical\" href=\"https:\/\/www.cosmetics-ebene.com\/en\/product\/cremeeclaicissanteornikableu\/\" \/>\n<meta property=\"og:locale\" content=\"en_US\" \/>\n<meta property=\"og:type\" content=\"article\" \/>\n<meta property=\"og:title\" content=\"Ornika cr\u00e8me \u00e9claircissante tonique\" \/>\n<meta property=\"og:description\" content=\"Elle prot\u00e8ge, tonifie et rafraichit votre peau. Elle retrouve une luminosit\u00e9 parfaite. Nous vous conseillons une \u00e0 trois applications par jour par massage doux\" \/>\n<meta property=\"og:url\" content=\"https:\/\/www.cosmetics-ebene.com\/en\/product\/cremeeclaicissanteornikableu\/\" \/>\n<meta property=\"og:site_name\" content=\"Sessi\" \/>\n<meta property=\"article:modified_time\" content=\"2020-08-10T14:34:48+00:00\" \/>\n<meta property=\"og:image\" content=\"https:\/\/www.cosmetics-ebene.com\/wp-content\/uploads\/2024\/09\/279.jpg\" \/>\n\t<meta property=\"og:image:width\" content=\"397\" \/>\n\t<meta property=\"og:image:height\" content=\"602\" \/>\n\t<meta property=\"og:image:type\" content=\"image\/jpeg\" \/>\n<meta name=\"twitter:card\" content=\"summary_large_image\" \/>\n<meta name=\"twitter:label1\" content=\"Est. reading time\" \/>\n\t<meta name=\"twitter:data1\" content=\"1 minute\" \/>\n<script type=\"application\/ld+json\" class=\"yoast-schema-graph\">{\"@context\":\"https:\\\/\\\/schema.org\",\"@graph\":[{\"@type\":\"WebPage\",\"@id\":\"https:\\\/\\\/www.cosmetics-ebene.com\\\/en\\\/product\\\/cremeeclaicissanteornikableu\\\/\",\"url\":\"https:\\\/\\\/www.cosmetics-ebene.com\\\/en\\\/product\\\/cremeeclaicissanteornikableu\\\/\",\"name\":\"Ornika cr\u00e8me \u00e9claircissante tonique\",\"isPartOf\":{\"@id\":\"https:\\\/\\\/www.cosmetics-ebene.com\\\/en\\\/#website\"},\"primaryImageOfPage\":{\"@id\":\"https:\\\/\\\/www.cosmetics-ebene.com\\\/en\\\/product\\\/cremeeclaicissanteornikableu\\\/#primaryimage\"},\"image\":{\"@id\":\"https:\\\/\\\/www.cosmetics-ebene.com\\\/en\\\/product\\\/cremeeclaicissanteornikableu\\\/#primaryimage\"},\"thumbnailUrl\":\"https:\\\/\\\/www.cosmetics-ebene.com\\\/wp-content\\\/uploads\\\/2024\\\/09\\\/279.jpg\",\"datePublished\":\"2014-11-10T16:43:49+00:00\",\"dateModified\":\"2020-08-10T14:34:48+00:00\",\"description\":\"Elle prot\u00e8ge, tonifie et rafraichit votre peau. Elle retrouve une luminosit\u00e9 parfaite. Nous vous conseillons une \u00e0 trois applications par jour par massage doux\",\"breadcrumb\":{\"@id\":\"https:\\\/\\\/www.cosmetics-ebene.com\\\/en\\\/product\\\/cremeeclaicissanteornikableu\\\/#breadcrumb\"},\"inLanguage\":\"en-US\",\"potentialAction\":[{\"@type\":\"ReadAction\",\"target\":[\"https:\\\/\\\/www.cosmetics-ebene.com\\\/en\\\/product\\\/cremeeclaicissanteornikableu\\\/\"]}]},{\"@type\":\"ImageObject\",\"inLanguage\":\"en-US\",\"@id\":\"https:\\\/\\\/www.cosmetics-ebene.com\\\/en\\\/product\\\/cremeeclaicissanteornikableu\\\/#primaryimage\",\"url\":\"https:\\\/\\\/www.cosmetics-ebene.com\\\/wp-content\\\/uploads\\\/2024\\\/09\\\/279.jpg\",\"contentUrl\":\"https:\\\/\\\/www.cosmetics-ebene.com\\\/wp-content\\\/uploads\\\/2024\\\/09\\\/279.jpg\",\"width\":397,\"height\":602,\"caption\":\"Cr\u00e8me Eclaicissante Tonique\"},{\"@type\":\"BreadcrumbList\",\"@id\":\"https:\\\/\\\/www.cosmetics-ebene.com\\\/en\\\/product\\\/cremeeclaicissanteornikableu\\\/#breadcrumb\",\"itemListElement\":[{\"@type\":\"ListItem\",\"position\":1,\"name\":\"Home\",\"item\":\"https:\\\/\\\/www.cosmetics-ebene.com\\\/en\\\/\"},{\"@type\":\"ListItem\",\"position\":2,\"name\":\"Shop\",\"item\":\"https:\\\/\\\/www.cosmetics-ebene.com\\\/shop\\\/\"},{\"@type\":\"ListItem\",\"position\":3,\"name\":\"Ornika Tonic Lightening Cream 50ml\"}]},{\"@type\":\"WebSite\",\"@id\":\"https:\\\/\\\/www.cosmetics-ebene.com\\\/en\\\/#website\",\"url\":\"https:\\\/\\\/www.cosmetics-ebene.com\\\/en\\\/\",\"name\":\"Sessi\",\"description\":\"Produits de beaut\u00e9 pour peau noires et m\u00e9tiss\u00e9\",\"publisher\":{\"@id\":\"https:\\\/\\\/www.cosmetics-ebene.com\\\/en\\\/#organization\"},\"potentialAction\":[{\"@type\":\"SearchAction\",\"target\":{\"@type\":\"EntryPoint\",\"urlTemplate\":\"https:\\\/\\\/www.cosmetics-ebene.com\\\/en\\\/?s={search_term_string}\"},\"query-input\":{\"@type\":\"PropertyValueSpecification\",\"valueRequired\":true,\"valueName\":\"search_term_string\"}}],\"inLanguage\":\"en-US\"},{\"@type\":\"Organization\",\"@id\":\"https:\\\/\\\/www.cosmetics-ebene.com\\\/en\\\/#organization\",\"name\":\"Sessi\",\"url\":\"https:\\\/\\\/www.cosmetics-ebene.com\\\/en\\\/\",\"logo\":{\"@type\":\"ImageObject\",\"inLanguage\":\"en-US\",\"@id\":\"https:\\\/\\\/www.cosmetics-ebene.com\\\/en\\\/#\\\/schema\\\/logo\\\/image\\\/\",\"url\":\"https:\\\/\\\/www.cosmetics-ebene.com\\\/wp-content\\\/uploads\\\/2024\\\/09\\\/cosmetics-ebene-logo-1-e1727351533275.png\",\"contentUrl\":\"https:\\\/\\\/www.cosmetics-ebene.com\\\/wp-content\\\/uploads\\\/2024\\\/09\\\/cosmetics-ebene-logo-1-e1727351533275.png\",\"width\":350,\"height\":69,\"caption\":\"Sessi\"},\"image\":{\"@id\":\"https:\\\/\\\/www.cosmetics-ebene.com\\\/en\\\/#\\\/schema\\\/logo\\\/image\\\/\"}}]}<\/script>\n<!-- \/ Yoast SEO plugin. -->","yoast_head_json":{"title":"Ornika cr\u00e8me \u00e9claircissante tonique","description":"Elle prot\u00e8ge, tonifie et rafraichit votre peau. Elle retrouve une luminosit\u00e9 parfaite. Nous vous conseillons une \u00e0 trois applications par jour par massage doux","robots":{"index":"index","follow":"follow","max-snippet":"max-snippet:-1","max-image-preview":"max-image-preview:large","max-video-preview":"max-video-preview:-1"},"canonical":"https:\/\/www.cosmetics-ebene.com\/en\/product\/cremeeclaicissanteornikableu\/","og_locale":"en_US","og_type":"article","og_title":"Ornika cr\u00e8me \u00e9claircissante tonique","og_description":"Elle prot\u00e8ge, tonifie et rafraichit votre peau. Elle retrouve une luminosit\u00e9 parfaite. Nous vous conseillons une \u00e0 trois applications par jour par massage doux","og_url":"https:\/\/www.cosmetics-ebene.com\/en\/product\/cremeeclaicissanteornikableu\/","og_site_name":"Sessi","article_modified_time":"2020-08-10T14:34:48+00:00","og_image":[{"width":397,"height":602,"url":"https:\/\/www.cosmetics-ebene.com\/wp-content\/uploads\/2024\/09\/279.jpg","type":"image\/jpeg"}],"twitter_card":"summary_large_image","twitter_misc":{"Est. reading time":"1 minute"},"schema":{"@context":"https:\/\/schema.org","@graph":[{"@type":"WebPage","@id":"https:\/\/www.cosmetics-ebene.com\/en\/product\/cremeeclaicissanteornikableu\/","url":"https:\/\/www.cosmetics-ebene.com\/en\/product\/cremeeclaicissanteornikableu\/","name":"Ornika cr\u00e8me \u00e9claircissante tonique","isPartOf":{"@id":"https:\/\/www.cosmetics-ebene.com\/en\/#website"},"primaryImageOfPage":{"@id":"https:\/\/www.cosmetics-ebene.com\/en\/product\/cremeeclaicissanteornikableu\/#primaryimage"},"image":{"@id":"https:\/\/www.cosmetics-ebene.com\/en\/product\/cremeeclaicissanteornikableu\/#primaryimage"},"thumbnailUrl":"https:\/\/www.cosmetics-ebene.com\/wp-content\/uploads\/2024\/09\/279.jpg","datePublished":"2014-11-10T16:43:49+00:00","dateModified":"2020-08-10T14:34:48+00:00","description":"Elle prot\u00e8ge, tonifie et rafraichit votre peau. Elle retrouve une luminosit\u00e9 parfaite. Nous vous conseillons une \u00e0 trois applications par jour par massage doux","breadcrumb":{"@id":"https:\/\/www.cosmetics-ebene.com\/en\/product\/cremeeclaicissanteornikableu\/#breadcrumb"},"inLanguage":"en-US","potentialAction":[{"@type":"ReadAction","target":["https:\/\/www.cosmetics-ebene.com\/en\/product\/cremeeclaicissanteornikableu\/"]}]},{"@type":"ImageObject","inLanguage":"en-US","@id":"https:\/\/www.cosmetics-ebene.com\/en\/product\/cremeeclaicissanteornikableu\/#primaryimage","url":"https:\/\/www.cosmetics-ebene.com\/wp-content\/uploads\/2024\/09\/279.jpg","contentUrl":"https:\/\/www.cosmetics-ebene.com\/wp-content\/uploads\/2024\/09\/279.jpg","width":397,"height":602,"caption":"Cr\u00e8me Eclaicissante Tonique"},{"@type":"BreadcrumbList","@id":"https:\/\/www.cosmetics-ebene.com\/en\/product\/cremeeclaicissanteornikableu\/#breadcrumb","itemListElement":[{"@type":"ListItem","position":1,"name":"Home","item":"https:\/\/www.cosmetics-ebene.com\/en\/"},{"@type":"ListItem","position":2,"name":"Shop","item":"https:\/\/www.cosmetics-ebene.com\/shop\/"},{"@type":"ListItem","position":3,"name":"Ornika Tonic Lightening Cream 50ml"}]},{"@type":"WebSite","@id":"https:\/\/www.cosmetics-ebene.com\/en\/#website","url":"https:\/\/www.cosmetics-ebene.com\/en\/","name":"Sessi","description":"Produits de beaut\u00e9 pour peau noires et m\u00e9tiss\u00e9","publisher":{"@id":"https:\/\/www.cosmetics-ebene.com\/en\/#organization"},"potentialAction":[{"@type":"SearchAction","target":{"@type":"EntryPoint","urlTemplate":"https:\/\/www.cosmetics-ebene.com\/en\/?s={search_term_string}"},"query-input":{"@type":"PropertyValueSpecification","valueRequired":true,"valueName":"search_term_string"}}],"inLanguage":"en-US"},{"@type":"Organization","@id":"https:\/\/www.cosmetics-ebene.com\/en\/#organization","name":"Sessi","url":"https:\/\/www.cosmetics-ebene.com\/en\/","logo":{"@type":"ImageObject","inLanguage":"en-US","@id":"https:\/\/www.cosmetics-ebene.com\/en\/#\/schema\/logo\/image\/","url":"https:\/\/www.cosmetics-ebene.com\/wp-content\/uploads\/2024\/09\/cosmetics-ebene-logo-1-e1727351533275.png","contentUrl":"https:\/\/www.cosmetics-ebene.com\/wp-content\/uploads\/2024\/09\/cosmetics-ebene-logo-1-e1727351533275.png","width":350,"height":69,"caption":"Sessi"},"image":{"@id":"https:\/\/www.cosmetics-ebene.com\/en\/#\/schema\/logo\/image\/"}}]}},"_links":{"self":[{"href":"https:\/\/www.cosmetics-ebene.com\/en\/wp-json\/wp\/v2\/product\/9134","targetHints":{"allow":["GET"]}}],"collection":[{"href":"https:\/\/www.cosmetics-ebene.com\/en\/wp-json\/wp\/v2\/product"}],"about":[{"href":"https:\/\/www.cosmetics-ebene.com\/en\/wp-json\/wp\/v2\/types\/product"}],"replies":[{"embeddable":true,"href":"https:\/\/www.cosmetics-ebene.com\/en\/wp-json\/wp\/v2\/comments?post=9134"}],"version-history":[{"count":0,"href":"https:\/\/www.cosmetics-ebene.com\/en\/wp-json\/wp\/v2\/product\/9134\/revisions"}],"wp:featuredmedia":[{"embeddable":true,"href":"https:\/\/www.cosmetics-ebene.com\/en\/wp-json\/wp\/v2\/media\/9132"}],"wp:attachment":[{"href":"https:\/\/www.cosmetics-ebene.com\/en\/wp-json\/wp\/v2\/media?parent=9134"}],"wp:term":[{"taxonomy":"product_brand","embeddable":true,"href":"https:\/\/www.cosmetics-ebene.com\/en\/wp-json\/wp\/v2\/product_brand?post=9134"},{"taxonomy":"product_cat","embeddable":true,"href":"https:\/\/www.cosmetics-ebene.com\/en\/wp-json\/wp\/v2\/product_cat?post=9134"},{"taxonomy":"product_tag","embeddable":true,"href":"https:\/\/www.cosmetics-ebene.com\/en\/wp-json\/wp\/v2\/product_tag?post=9134"}],"curies":[{"name":"wp","href":"https:\/\/api.w.org\/{rel}","templated":true}]}}