{"id":9148,"date":"2014-11-10T16:48:14","date_gmt":"2014-11-10T16:48:14","guid":{"rendered":"https:\/\/preprod.cosmetics-ebene.com\/?product=savonexfoliantabricotornikafuchia"},"modified":"2020-08-10T14:36:44","modified_gmt":"2020-08-10T14:36:44","slug":"savonexfoliantabricotornikafuchia","status":"publish","type":"product","link":"https:\/\/www.cosmetics-ebene.com\/en\/product\/savonexfoliantabricotornikafuchia\/","title":{"rendered":"Ornika Exfoliating Soap with Apricot and Complex Specific 200g"},"content":{"rendered":"<p><span style=\"font-family:Arial;font-size:12px;font-style:normal;font-weight:normal;\">ORNIKA Exfoliating Complex Specific Soap offers your skin a\u00a0<span class=\"b5\">sensation<\/span><span class=\"b4\">\u00a0of\u00a0<\/span><span class=\"b5\">freshness. The v<span class=\"b2\">ege<\/span><span class=\"b3\">tab<\/span><span class=\"b4\">le\u00a0<\/span><span class=\"b5\">origin a<\/span><span class=\"b5\">pricot<\/span><span class=\"b4\">\u00a0k<\/span><span class=\"b3\">erne<\/span><span class=\"b2\">l powder clears your skin of all\u00a0<span class=\"b2\">impurities<\/span><span class=\"b1\">\u00a0which are on its surface. Flavonoides that are in the product thanks to its anti-ageing active, this soap gives your skin a second\u00a0<span class=\"b5\">youth. Your skin is cleans, unified and rid off dead cells.<\/span><\/span><\/span><\/span><\/span><\/p>\n<p>\u00a0<\/p>\n<p>Liste INCI: SODIUM PALMATE, SODIUM PALM KERNELATE, AQUA, SODIUM LAURYL SULFATE, COCAMIDOPROPYL BETAINE, PARFUM, NIACINAMIDE, SODIUM CHLORIDE, GLYCERIN, COCO GLUCOSIE, PRUNUS ARMENIACA (APRICOT) SEED POWER, POLYETHYLENE, PROPYLENE GLYCOL, CAPRYLIC\/CAPRIC TRIGLYCERIDES, TETRASODIUM ETIDRONATE, TETRASODIUM EDTA, HEXYLRESORCINOL, ETHYL LINOLEATE, CI 77289, CAMELIA SINENSIS, BENZYL ALCOHOL, LINALOOL, HEXYL CINNAMAL<\/p>\n","protected":false},"excerpt":{"rendered":"<p>Exfoliating Apricot Soap\u00a0<\/p>\n","protected":false},"featured_media":9144,"comment_status":"open","ping_status":"closed","template":"","meta":[],"product_brand":[273],"product_cat":[360,346,358,350,300,380,382],"product_tag":[],"class_list":{"0":"post-9148","1":"product","2":"type-product","3":"status-publish","4":"has-post-thumbnail","6":"product_brand-ornika","7":"product_cat-body-care","8":"product_cat-body-care-and-face-care","9":"product_cat-face-care","10":"product_cat-men","11":"product_cat-ornika-en","12":"product_cat-shower-gel-and-soap","13":"product_cat-soap","14":"pa_un-produit-pour-le-corps-en","15":"pa_une-marque-ornika-en","16":"pa_une-solution-pour-corps-solution-pour-le-bain-en","19":"instock","20":"taxable","21":"shipping-taxable","22":"purchasable","23":"product-type-simple"},"yoast_head":"<!-- This site is optimized with the Yoast SEO plugin v27.3 - https:\/\/yoast.com\/product\/yoast-seo-wordpress\/ -->\n<title>Ornika savon exfoliant \u00e0 l&#039;abricot complex specific<\/title>\n<meta name=\"description\" content=\"Savon ORNIKA Exfoliant Complex Specific offre \u00e0 votre peau une sensation de fra\u00eecheur. La poudre de noyaux d&#039;abricot nettoie votre peau de toutes les impuret\u00e9s\" \/>\n<meta name=\"robots\" content=\"index, follow, max-snippet:-1, max-image-preview:large, max-video-preview:-1\" \/>\n<link rel=\"canonical\" href=\"https:\/\/www.cosmetics-ebene.com\/en\/product\/savonexfoliantabricotornikafuchia\/\" \/>\n<meta property=\"og:locale\" content=\"en_US\" \/>\n<meta property=\"og:type\" content=\"article\" \/>\n<meta property=\"og:title\" content=\"Ornika savon exfoliant \u00e0 l&#039;abricot complex specific\" \/>\n<meta property=\"og:description\" content=\"Savon ORNIKA Exfoliant Complex Specific offre \u00e0 votre peau une sensation de fra\u00eecheur. La poudre de noyaux d&#039;abricot nettoie votre peau de toutes les impuret\u00e9s\" \/>\n<meta property=\"og:url\" content=\"https:\/\/www.cosmetics-ebene.com\/en\/product\/savonexfoliantabricotornikafuchia\/\" \/>\n<meta property=\"og:site_name\" content=\"Sessi\" \/>\n<meta property=\"article:modified_time\" content=\"2020-08-10T14:36:44+00:00\" \/>\n<meta property=\"og:image\" content=\"https:\/\/www.cosmetics-ebene.com\/wp-content\/uploads\/2024\/09\/281.jpg\" \/>\n\t<meta property=\"og:image:width\" content=\"704\" \/>\n\t<meta property=\"og:image:height\" content=\"591\" \/>\n\t<meta property=\"og:image:type\" content=\"image\/jpeg\" \/>\n<meta name=\"twitter:card\" content=\"summary_large_image\" \/>\n<meta name=\"twitter:label1\" content=\"Est. reading time\" \/>\n\t<meta name=\"twitter:data1\" content=\"1 minute\" \/>\n<script type=\"application\/ld+json\" class=\"yoast-schema-graph\">{\"@context\":\"https:\\\/\\\/schema.org\",\"@graph\":[{\"@type\":\"WebPage\",\"@id\":\"https:\\\/\\\/www.cosmetics-ebene.com\\\/en\\\/product\\\/savonexfoliantabricotornikafuchia\\\/\",\"url\":\"https:\\\/\\\/www.cosmetics-ebene.com\\\/en\\\/product\\\/savonexfoliantabricotornikafuchia\\\/\",\"name\":\"Ornika savon exfoliant \u00e0 l'abricot complex specific\",\"isPartOf\":{\"@id\":\"https:\\\/\\\/www.cosmetics-ebene.com\\\/en\\\/#website\"},\"primaryImageOfPage\":{\"@id\":\"https:\\\/\\\/www.cosmetics-ebene.com\\\/en\\\/product\\\/savonexfoliantabricotornikafuchia\\\/#primaryimage\"},\"image\":{\"@id\":\"https:\\\/\\\/www.cosmetics-ebene.com\\\/en\\\/product\\\/savonexfoliantabricotornikafuchia\\\/#primaryimage\"},\"thumbnailUrl\":\"https:\\\/\\\/www.cosmetics-ebene.com\\\/wp-content\\\/uploads\\\/2024\\\/09\\\/281.jpg\",\"datePublished\":\"2014-11-10T16:48:14+00:00\",\"dateModified\":\"2020-08-10T14:36:44+00:00\",\"description\":\"Savon ORNIKA Exfoliant Complex Specific offre \u00e0 votre peau une sensation de fra\u00eecheur. La poudre de noyaux d'abricot nettoie votre peau de toutes les impuret\u00e9s\",\"breadcrumb\":{\"@id\":\"https:\\\/\\\/www.cosmetics-ebene.com\\\/en\\\/product\\\/savonexfoliantabricotornikafuchia\\\/#breadcrumb\"},\"inLanguage\":\"en-US\",\"potentialAction\":[{\"@type\":\"ReadAction\",\"target\":[\"https:\\\/\\\/www.cosmetics-ebene.com\\\/en\\\/product\\\/savonexfoliantabricotornikafuchia\\\/\"]}]},{\"@type\":\"ImageObject\",\"inLanguage\":\"en-US\",\"@id\":\"https:\\\/\\\/www.cosmetics-ebene.com\\\/en\\\/product\\\/savonexfoliantabricotornikafuchia\\\/#primaryimage\",\"url\":\"https:\\\/\\\/www.cosmetics-ebene.com\\\/wp-content\\\/uploads\\\/2024\\\/09\\\/281.jpg\",\"contentUrl\":\"https:\\\/\\\/www.cosmetics-ebene.com\\\/wp-content\\\/uploads\\\/2024\\\/09\\\/281.jpg\",\"width\":704,\"height\":591,\"caption\":\"Savon Exfoliant \u00e0 l'Abricot Complex Specific\"},{\"@type\":\"BreadcrumbList\",\"@id\":\"https:\\\/\\\/www.cosmetics-ebene.com\\\/en\\\/product\\\/savonexfoliantabricotornikafuchia\\\/#breadcrumb\",\"itemListElement\":[{\"@type\":\"ListItem\",\"position\":1,\"name\":\"Home\",\"item\":\"https:\\\/\\\/www.cosmetics-ebene.com\\\/en\\\/\"},{\"@type\":\"ListItem\",\"position\":2,\"name\":\"Shop\",\"item\":\"https:\\\/\\\/www.cosmetics-ebene.com\\\/shop\\\/\"},{\"@type\":\"ListItem\",\"position\":3,\"name\":\"Ornika Exfoliating Soap with Apricot and Complex Specific 200g\"}]},{\"@type\":\"WebSite\",\"@id\":\"https:\\\/\\\/www.cosmetics-ebene.com\\\/en\\\/#website\",\"url\":\"https:\\\/\\\/www.cosmetics-ebene.com\\\/en\\\/\",\"name\":\"Sessi\",\"description\":\"Produits de beaut\u00e9 pour peau noires et m\u00e9tiss\u00e9\",\"publisher\":{\"@id\":\"https:\\\/\\\/www.cosmetics-ebene.com\\\/en\\\/#organization\"},\"potentialAction\":[{\"@type\":\"SearchAction\",\"target\":{\"@type\":\"EntryPoint\",\"urlTemplate\":\"https:\\\/\\\/www.cosmetics-ebene.com\\\/en\\\/?s={search_term_string}\"},\"query-input\":{\"@type\":\"PropertyValueSpecification\",\"valueRequired\":true,\"valueName\":\"search_term_string\"}}],\"inLanguage\":\"en-US\"},{\"@type\":\"Organization\",\"@id\":\"https:\\\/\\\/www.cosmetics-ebene.com\\\/en\\\/#organization\",\"name\":\"Sessi\",\"url\":\"https:\\\/\\\/www.cosmetics-ebene.com\\\/en\\\/\",\"logo\":{\"@type\":\"ImageObject\",\"inLanguage\":\"en-US\",\"@id\":\"https:\\\/\\\/www.cosmetics-ebene.com\\\/en\\\/#\\\/schema\\\/logo\\\/image\\\/\",\"url\":\"https:\\\/\\\/www.cosmetics-ebene.com\\\/wp-content\\\/uploads\\\/2024\\\/09\\\/cosmetics-ebene-logo-1-e1727351533275.png\",\"contentUrl\":\"https:\\\/\\\/www.cosmetics-ebene.com\\\/wp-content\\\/uploads\\\/2024\\\/09\\\/cosmetics-ebene-logo-1-e1727351533275.png\",\"width\":350,\"height\":69,\"caption\":\"Sessi\"},\"image\":{\"@id\":\"https:\\\/\\\/www.cosmetics-ebene.com\\\/en\\\/#\\\/schema\\\/logo\\\/image\\\/\"}}]}<\/script>\n<!-- \/ Yoast SEO plugin. -->","yoast_head_json":{"title":"Ornika savon exfoliant \u00e0 l'abricot complex specific","description":"Savon ORNIKA Exfoliant Complex Specific offre \u00e0 votre peau une sensation de fra\u00eecheur. La poudre de noyaux d'abricot nettoie votre peau de toutes les impuret\u00e9s","robots":{"index":"index","follow":"follow","max-snippet":"max-snippet:-1","max-image-preview":"max-image-preview:large","max-video-preview":"max-video-preview:-1"},"canonical":"https:\/\/www.cosmetics-ebene.com\/en\/product\/savonexfoliantabricotornikafuchia\/","og_locale":"en_US","og_type":"article","og_title":"Ornika savon exfoliant \u00e0 l'abricot complex specific","og_description":"Savon ORNIKA Exfoliant Complex Specific offre \u00e0 votre peau une sensation de fra\u00eecheur. La poudre de noyaux d'abricot nettoie votre peau de toutes les impuret\u00e9s","og_url":"https:\/\/www.cosmetics-ebene.com\/en\/product\/savonexfoliantabricotornikafuchia\/","og_site_name":"Sessi","article_modified_time":"2020-08-10T14:36:44+00:00","og_image":[{"width":704,"height":591,"url":"https:\/\/www.cosmetics-ebene.com\/wp-content\/uploads\/2024\/09\/281.jpg","type":"image\/jpeg"}],"twitter_card":"summary_large_image","twitter_misc":{"Est. reading time":"1 minute"},"schema":{"@context":"https:\/\/schema.org","@graph":[{"@type":"WebPage","@id":"https:\/\/www.cosmetics-ebene.com\/en\/product\/savonexfoliantabricotornikafuchia\/","url":"https:\/\/www.cosmetics-ebene.com\/en\/product\/savonexfoliantabricotornikafuchia\/","name":"Ornika savon exfoliant \u00e0 l'abricot complex specific","isPartOf":{"@id":"https:\/\/www.cosmetics-ebene.com\/en\/#website"},"primaryImageOfPage":{"@id":"https:\/\/www.cosmetics-ebene.com\/en\/product\/savonexfoliantabricotornikafuchia\/#primaryimage"},"image":{"@id":"https:\/\/www.cosmetics-ebene.com\/en\/product\/savonexfoliantabricotornikafuchia\/#primaryimage"},"thumbnailUrl":"https:\/\/www.cosmetics-ebene.com\/wp-content\/uploads\/2024\/09\/281.jpg","datePublished":"2014-11-10T16:48:14+00:00","dateModified":"2020-08-10T14:36:44+00:00","description":"Savon ORNIKA Exfoliant Complex Specific offre \u00e0 votre peau une sensation de fra\u00eecheur. La poudre de noyaux d'abricot nettoie votre peau de toutes les impuret\u00e9s","breadcrumb":{"@id":"https:\/\/www.cosmetics-ebene.com\/en\/product\/savonexfoliantabricotornikafuchia\/#breadcrumb"},"inLanguage":"en-US","potentialAction":[{"@type":"ReadAction","target":["https:\/\/www.cosmetics-ebene.com\/en\/product\/savonexfoliantabricotornikafuchia\/"]}]},{"@type":"ImageObject","inLanguage":"en-US","@id":"https:\/\/www.cosmetics-ebene.com\/en\/product\/savonexfoliantabricotornikafuchia\/#primaryimage","url":"https:\/\/www.cosmetics-ebene.com\/wp-content\/uploads\/2024\/09\/281.jpg","contentUrl":"https:\/\/www.cosmetics-ebene.com\/wp-content\/uploads\/2024\/09\/281.jpg","width":704,"height":591,"caption":"Savon Exfoliant \u00e0 l'Abricot Complex Specific"},{"@type":"BreadcrumbList","@id":"https:\/\/www.cosmetics-ebene.com\/en\/product\/savonexfoliantabricotornikafuchia\/#breadcrumb","itemListElement":[{"@type":"ListItem","position":1,"name":"Home","item":"https:\/\/www.cosmetics-ebene.com\/en\/"},{"@type":"ListItem","position":2,"name":"Shop","item":"https:\/\/www.cosmetics-ebene.com\/shop\/"},{"@type":"ListItem","position":3,"name":"Ornika Exfoliating Soap with Apricot and Complex Specific 200g"}]},{"@type":"WebSite","@id":"https:\/\/www.cosmetics-ebene.com\/en\/#website","url":"https:\/\/www.cosmetics-ebene.com\/en\/","name":"Sessi","description":"Produits de beaut\u00e9 pour peau noires et m\u00e9tiss\u00e9","publisher":{"@id":"https:\/\/www.cosmetics-ebene.com\/en\/#organization"},"potentialAction":[{"@type":"SearchAction","target":{"@type":"EntryPoint","urlTemplate":"https:\/\/www.cosmetics-ebene.com\/en\/?s={search_term_string}"},"query-input":{"@type":"PropertyValueSpecification","valueRequired":true,"valueName":"search_term_string"}}],"inLanguage":"en-US"},{"@type":"Organization","@id":"https:\/\/www.cosmetics-ebene.com\/en\/#organization","name":"Sessi","url":"https:\/\/www.cosmetics-ebene.com\/en\/","logo":{"@type":"ImageObject","inLanguage":"en-US","@id":"https:\/\/www.cosmetics-ebene.com\/en\/#\/schema\/logo\/image\/","url":"https:\/\/www.cosmetics-ebene.com\/wp-content\/uploads\/2024\/09\/cosmetics-ebene-logo-1-e1727351533275.png","contentUrl":"https:\/\/www.cosmetics-ebene.com\/wp-content\/uploads\/2024\/09\/cosmetics-ebene-logo-1-e1727351533275.png","width":350,"height":69,"caption":"Sessi"},"image":{"@id":"https:\/\/www.cosmetics-ebene.com\/en\/#\/schema\/logo\/image\/"}}]}},"_links":{"self":[{"href":"https:\/\/www.cosmetics-ebene.com\/en\/wp-json\/wp\/v2\/product\/9148","targetHints":{"allow":["GET"]}}],"collection":[{"href":"https:\/\/www.cosmetics-ebene.com\/en\/wp-json\/wp\/v2\/product"}],"about":[{"href":"https:\/\/www.cosmetics-ebene.com\/en\/wp-json\/wp\/v2\/types\/product"}],"replies":[{"embeddable":true,"href":"https:\/\/www.cosmetics-ebene.com\/en\/wp-json\/wp\/v2\/comments?post=9148"}],"version-history":[{"count":0,"href":"https:\/\/www.cosmetics-ebene.com\/en\/wp-json\/wp\/v2\/product\/9148\/revisions"}],"wp:featuredmedia":[{"embeddable":true,"href":"https:\/\/www.cosmetics-ebene.com\/en\/wp-json\/wp\/v2\/media\/9144"}],"wp:attachment":[{"href":"https:\/\/www.cosmetics-ebene.com\/en\/wp-json\/wp\/v2\/media?parent=9148"}],"wp:term":[{"taxonomy":"product_brand","embeddable":true,"href":"https:\/\/www.cosmetics-ebene.com\/en\/wp-json\/wp\/v2\/product_brand?post=9148"},{"taxonomy":"product_cat","embeddable":true,"href":"https:\/\/www.cosmetics-ebene.com\/en\/wp-json\/wp\/v2\/product_cat?post=9148"},{"taxonomy":"product_tag","embeddable":true,"href":"https:\/\/www.cosmetics-ebene.com\/en\/wp-json\/wp\/v2\/product_tag?post=9148"}],"curies":[{"name":"wp","href":"https:\/\/api.w.org\/{rel}","templated":true}]}}