{"id":9158,"date":"2014-11-10T16:50:35","date_gmt":"2014-11-10T16:50:35","guid":{"rendered":"https:\/\/preprod.cosmetics-ebene.com\/?product=savoncomplexornikableu"},"modified":"2025-05-25T08:24:57","modified_gmt":"2025-05-25T08:24:57","slug":"savoncomplexornikableu","status":"publish","type":"product","link":"https:\/\/www.cosmetics-ebene.com\/en\/product\/savoncomplexornikableu\/","title":{"rendered":"Ornika Complex + Soap 200g"},"content":{"rendered":"<ul>\n<li>\n<ul>\n<li>\n<ul>\n<li>\n<ul>\n<li>\n<h2><img decoding=\"async\" src=\"https:\/\/www.cosmetics-ebene.com\/wp-content\/uploads\/content\/icon1.jpg\" alt=\"\" height=\"73\" width=\"69\" \/><span style=\"color:#2c9ffd;\">\u00c9labor\u00e9 et mis au point par des\u00a0scientifiques.\u00a0<\/span><\/h2>\n<\/li>\n<\/ul>\n<\/li>\n<li>Le savon Complex + \u00e0 base de Noni avec sa formule Unique vous offrira la possibilit\u00e9 d&#8217;adoucir votre peau. L&#8217;ajout d&#8217;extrait de Noni plante connu depuis des mill\u00e9naires par la population Polyn\u00e9sienne et Hawa\u00efenne \u00a0apporte \u00e0 votre peau des \u00e9l\u00e9ments b\u00e9n\u00e9fiques.<\/li>\n<li>\n<h2><img decoding=\"async\" src=\"https:\/\/www.cosmetics-ebene.com\/wp-content\/uploads\/content\/icon2.jpg\" alt=\"\" height=\"73\" width=\"69\" \/><span style=\"color:#2c9ffd;\">Conseils d\u2019utilisations :<\/span><\/h2>\n<p>A\u00a0utiliser\u00a0une ou deux fois par jour lors de votre douche. \u00c9viter le contact avec les yeux. En cas d\u2019irritation cessez l\u2019usage. Ne pas utiliser chez les enfants de moins de 12 ans. Usage externe uniquement\u00a0<\/p>\n<ul>\n<li>\n<h2><img decoding=\"async\" src=\"https:\/\/www.cosmetics-ebene.com\/wp-content\/uploads\/content\/icon3.jpg\" alt=\"\" height=\"73\" width=\"69\" \/><span style=\"color:#2c9ffd;\">Composition :\u00a0<\/span><\/h2>\n<\/li>\n<\/ul>\n<\/li>\n<\/ul>\n<\/li>\n<\/ul>\n<table>\n<tbody>\n<tr>\n<td>\n<p>Sodium palmate, Sodium palm kernelate, Aqua, Parfum, Sodium chloride, Glycerin, Propylene glycol, Illite, Niacinamide, Caprylic\/Capric triglycerides, Tetrasodium EDTA, Tetrasodium etidronate, Ethyl linolate, Hexylresorcinol, Potassium Sorbate, Morinda Citrifolia extract, Benzyl Salicylate, Hexyl Cinnamal,Linalool<\/p>\n<\/td>\n<\/tr>\n<\/tbody>\n<\/table>\n<\/li>\n<\/ul>\n","protected":false},"excerpt":{"rendered":"<p>Le savon Complex + \u00e0 base de Noni avec sa formule Unique vous offrira la possibilit\u00e9 d&#8217;adoucir votre peau. L&#8217;ajout d&#8217;extrait de Noni plante connu depuis des mill\u00e9naires par la population Polyn\u00e9sienne et Hawa\u00efenne \u00a0apporte \u00e0 votre peau des \u00e9l\u00e9ments b\u00e9n\u00e9fiques.<\/p>\n","protected":false},"featured_media":9154,"comment_status":"open","ping_status":"closed","template":"","meta":[],"product_brand":[273],"product_cat":[360,346,358,350,300,380,382],"product_tag":[],"class_list":{"0":"post-9158","1":"product","2":"type-product","3":"status-publish","4":"has-post-thumbnail","6":"product_brand-ornika","7":"product_cat-body-care","8":"product_cat-body-care-and-face-care","9":"product_cat-face-care","10":"product_cat-men","11":"product_cat-ornika-en","12":"product_cat-shower-gel-and-soap","13":"product_cat-soap","14":"pa_je-suis-toutes-categories-confondues-en","15":"pa_un-produit-pour-la-toilette-en","16":"pa_une-marque-ornika-en","17":"pa_une-solution-pour-corps-solution-pour-le-bain-en","20":"instock","21":"taxable","22":"shipping-taxable","23":"purchasable","24":"product-type-simple"},"yoast_head":"<!-- This site is optimized with the Yoast SEO plugin v27.3 - https:\/\/yoast.com\/product\/yoast-seo-wordpress\/ -->\n<title>Dh7 Organic savon complex +<\/title>\n<meta name=\"description\" content=\"Le savon Complex + \u00e0 base de Noni vous offrira la possibilit\u00e9 d&#039;adoucir votre peau. L&#039;ajout d&#039;extrait de Noni  apporte \u00e0 votre peau des \u00e9l\u00e9ments b\u00e9n\u00e9fiques\" \/>\n<meta name=\"robots\" content=\"index, follow, max-snippet:-1, max-image-preview:large, max-video-preview:-1\" \/>\n<link rel=\"canonical\" href=\"https:\/\/www.cosmetics-ebene.com\/en\/product\/savoncomplexornikableu\/\" \/>\n<meta property=\"og:locale\" content=\"en_US\" \/>\n<meta property=\"og:type\" content=\"article\" \/>\n<meta property=\"og:title\" content=\"Dh7 Organic savon complex +\" \/>\n<meta property=\"og:description\" content=\"Le savon Complex + \u00e0 base de Noni vous offrira la possibilit\u00e9 d&#039;adoucir votre peau. L&#039;ajout d&#039;extrait de Noni  apporte \u00e0 votre peau des \u00e9l\u00e9ments b\u00e9n\u00e9fiques\" \/>\n<meta property=\"og:url\" content=\"https:\/\/www.cosmetics-ebene.com\/en\/product\/savoncomplexornikableu\/\" \/>\n<meta property=\"og:site_name\" content=\"Sessi\" \/>\n<meta property=\"article:modified_time\" content=\"2025-05-25T08:24:57+00:00\" \/>\n<meta property=\"og:image\" content=\"https:\/\/www.cosmetics-ebene.com\/wp-content\/uploads\/2024\/09\/280.jpg\" \/>\n\t<meta property=\"og:image:width\" content=\"797\" \/>\n\t<meta property=\"og:image:height\" content=\"671\" \/>\n\t<meta property=\"og:image:type\" content=\"image\/jpeg\" \/>\n<meta name=\"twitter:card\" content=\"summary_large_image\" \/>\n<meta name=\"twitter:label1\" content=\"Est. reading time\" \/>\n\t<meta name=\"twitter:data1\" content=\"1 minute\" \/>\n<script type=\"application\/ld+json\" class=\"yoast-schema-graph\">{\"@context\":\"https:\\\/\\\/schema.org\",\"@graph\":[{\"@type\":\"WebPage\",\"@id\":\"https:\\\/\\\/www.cosmetics-ebene.com\\\/en\\\/product\\\/savoncomplexornikableu\\\/\",\"url\":\"https:\\\/\\\/www.cosmetics-ebene.com\\\/en\\\/product\\\/savoncomplexornikableu\\\/\",\"name\":\"Dh7 Organic savon complex +\",\"isPartOf\":{\"@id\":\"https:\\\/\\\/www.cosmetics-ebene.com\\\/en\\\/#website\"},\"primaryImageOfPage\":{\"@id\":\"https:\\\/\\\/www.cosmetics-ebene.com\\\/en\\\/product\\\/savoncomplexornikableu\\\/#primaryimage\"},\"image\":{\"@id\":\"https:\\\/\\\/www.cosmetics-ebene.com\\\/en\\\/product\\\/savoncomplexornikableu\\\/#primaryimage\"},\"thumbnailUrl\":\"https:\\\/\\\/www.cosmetics-ebene.com\\\/wp-content\\\/uploads\\\/2024\\\/09\\\/280.jpg\",\"datePublished\":\"2014-11-10T16:50:35+00:00\",\"dateModified\":\"2025-05-25T08:24:57+00:00\",\"description\":\"Le savon Complex + \u00e0 base de Noni vous offrira la possibilit\u00e9 d'adoucir votre peau. L'ajout d'extrait de Noni apporte \u00e0 votre peau des \u00e9l\u00e9ments b\u00e9n\u00e9fiques\",\"breadcrumb\":{\"@id\":\"https:\\\/\\\/www.cosmetics-ebene.com\\\/en\\\/product\\\/savoncomplexornikableu\\\/#breadcrumb\"},\"inLanguage\":\"en-US\",\"potentialAction\":[{\"@type\":\"ReadAction\",\"target\":[\"https:\\\/\\\/www.cosmetics-ebene.com\\\/en\\\/product\\\/savoncomplexornikableu\\\/\"]}]},{\"@type\":\"ImageObject\",\"inLanguage\":\"en-US\",\"@id\":\"https:\\\/\\\/www.cosmetics-ebene.com\\\/en\\\/product\\\/savoncomplexornikableu\\\/#primaryimage\",\"url\":\"https:\\\/\\\/www.cosmetics-ebene.com\\\/wp-content\\\/uploads\\\/2024\\\/09\\\/280.jpg\",\"contentUrl\":\"https:\\\/\\\/www.cosmetics-ebene.com\\\/wp-content\\\/uploads\\\/2024\\\/09\\\/280.jpg\",\"width\":797,\"height\":671,\"caption\":\"Savon Complex +\"},{\"@type\":\"BreadcrumbList\",\"@id\":\"https:\\\/\\\/www.cosmetics-ebene.com\\\/en\\\/product\\\/savoncomplexornikableu\\\/#breadcrumb\",\"itemListElement\":[{\"@type\":\"ListItem\",\"position\":1,\"name\":\"Home\",\"item\":\"https:\\\/\\\/www.cosmetics-ebene.com\\\/en\\\/\"},{\"@type\":\"ListItem\",\"position\":2,\"name\":\"Shop\",\"item\":\"https:\\\/\\\/www.cosmetics-ebene.com\\\/shop\\\/\"},{\"@type\":\"ListItem\",\"position\":3,\"name\":\"Ornika Complex + Soap 200g\"}]},{\"@type\":\"WebSite\",\"@id\":\"https:\\\/\\\/www.cosmetics-ebene.com\\\/en\\\/#website\",\"url\":\"https:\\\/\\\/www.cosmetics-ebene.com\\\/en\\\/\",\"name\":\"Sessi\",\"description\":\"Produits de beaut\u00e9 pour peau noires et m\u00e9tiss\u00e9\",\"publisher\":{\"@id\":\"https:\\\/\\\/www.cosmetics-ebene.com\\\/en\\\/#organization\"},\"potentialAction\":[{\"@type\":\"SearchAction\",\"target\":{\"@type\":\"EntryPoint\",\"urlTemplate\":\"https:\\\/\\\/www.cosmetics-ebene.com\\\/en\\\/?s={search_term_string}\"},\"query-input\":{\"@type\":\"PropertyValueSpecification\",\"valueRequired\":true,\"valueName\":\"search_term_string\"}}],\"inLanguage\":\"en-US\"},{\"@type\":\"Organization\",\"@id\":\"https:\\\/\\\/www.cosmetics-ebene.com\\\/en\\\/#organization\",\"name\":\"Sessi\",\"url\":\"https:\\\/\\\/www.cosmetics-ebene.com\\\/en\\\/\",\"logo\":{\"@type\":\"ImageObject\",\"inLanguage\":\"en-US\",\"@id\":\"https:\\\/\\\/www.cosmetics-ebene.com\\\/en\\\/#\\\/schema\\\/logo\\\/image\\\/\",\"url\":\"https:\\\/\\\/www.cosmetics-ebene.com\\\/wp-content\\\/uploads\\\/2024\\\/09\\\/cosmetics-ebene-logo-1-e1727351533275.png\",\"contentUrl\":\"https:\\\/\\\/www.cosmetics-ebene.com\\\/wp-content\\\/uploads\\\/2024\\\/09\\\/cosmetics-ebene-logo-1-e1727351533275.png\",\"width\":350,\"height\":69,\"caption\":\"Sessi\"},\"image\":{\"@id\":\"https:\\\/\\\/www.cosmetics-ebene.com\\\/en\\\/#\\\/schema\\\/logo\\\/image\\\/\"}}]}<\/script>\n<!-- \/ Yoast SEO plugin. -->","yoast_head_json":{"title":"Dh7 Organic savon complex +","description":"Le savon Complex + \u00e0 base de Noni vous offrira la possibilit\u00e9 d'adoucir votre peau. L'ajout d'extrait de Noni  apporte \u00e0 votre peau des \u00e9l\u00e9ments b\u00e9n\u00e9fiques","robots":{"index":"index","follow":"follow","max-snippet":"max-snippet:-1","max-image-preview":"max-image-preview:large","max-video-preview":"max-video-preview:-1"},"canonical":"https:\/\/www.cosmetics-ebene.com\/en\/product\/savoncomplexornikableu\/","og_locale":"en_US","og_type":"article","og_title":"Dh7 Organic savon complex +","og_description":"Le savon Complex + \u00e0 base de Noni vous offrira la possibilit\u00e9 d'adoucir votre peau. L'ajout d'extrait de Noni  apporte \u00e0 votre peau des \u00e9l\u00e9ments b\u00e9n\u00e9fiques","og_url":"https:\/\/www.cosmetics-ebene.com\/en\/product\/savoncomplexornikableu\/","og_site_name":"Sessi","article_modified_time":"2025-05-25T08:24:57+00:00","og_image":[{"width":797,"height":671,"url":"https:\/\/www.cosmetics-ebene.com\/wp-content\/uploads\/2024\/09\/280.jpg","type":"image\/jpeg"}],"twitter_card":"summary_large_image","twitter_misc":{"Est. reading time":"1 minute"},"schema":{"@context":"https:\/\/schema.org","@graph":[{"@type":"WebPage","@id":"https:\/\/www.cosmetics-ebene.com\/en\/product\/savoncomplexornikableu\/","url":"https:\/\/www.cosmetics-ebene.com\/en\/product\/savoncomplexornikableu\/","name":"Dh7 Organic savon complex +","isPartOf":{"@id":"https:\/\/www.cosmetics-ebene.com\/en\/#website"},"primaryImageOfPage":{"@id":"https:\/\/www.cosmetics-ebene.com\/en\/product\/savoncomplexornikableu\/#primaryimage"},"image":{"@id":"https:\/\/www.cosmetics-ebene.com\/en\/product\/savoncomplexornikableu\/#primaryimage"},"thumbnailUrl":"https:\/\/www.cosmetics-ebene.com\/wp-content\/uploads\/2024\/09\/280.jpg","datePublished":"2014-11-10T16:50:35+00:00","dateModified":"2025-05-25T08:24:57+00:00","description":"Le savon Complex + \u00e0 base de Noni vous offrira la possibilit\u00e9 d'adoucir votre peau. L'ajout d'extrait de Noni apporte \u00e0 votre peau des \u00e9l\u00e9ments b\u00e9n\u00e9fiques","breadcrumb":{"@id":"https:\/\/www.cosmetics-ebene.com\/en\/product\/savoncomplexornikableu\/#breadcrumb"},"inLanguage":"en-US","potentialAction":[{"@type":"ReadAction","target":["https:\/\/www.cosmetics-ebene.com\/en\/product\/savoncomplexornikableu\/"]}]},{"@type":"ImageObject","inLanguage":"en-US","@id":"https:\/\/www.cosmetics-ebene.com\/en\/product\/savoncomplexornikableu\/#primaryimage","url":"https:\/\/www.cosmetics-ebene.com\/wp-content\/uploads\/2024\/09\/280.jpg","contentUrl":"https:\/\/www.cosmetics-ebene.com\/wp-content\/uploads\/2024\/09\/280.jpg","width":797,"height":671,"caption":"Savon Complex +"},{"@type":"BreadcrumbList","@id":"https:\/\/www.cosmetics-ebene.com\/en\/product\/savoncomplexornikableu\/#breadcrumb","itemListElement":[{"@type":"ListItem","position":1,"name":"Home","item":"https:\/\/www.cosmetics-ebene.com\/en\/"},{"@type":"ListItem","position":2,"name":"Shop","item":"https:\/\/www.cosmetics-ebene.com\/shop\/"},{"@type":"ListItem","position":3,"name":"Ornika Complex + Soap 200g"}]},{"@type":"WebSite","@id":"https:\/\/www.cosmetics-ebene.com\/en\/#website","url":"https:\/\/www.cosmetics-ebene.com\/en\/","name":"Sessi","description":"Produits de beaut\u00e9 pour peau noires et m\u00e9tiss\u00e9","publisher":{"@id":"https:\/\/www.cosmetics-ebene.com\/en\/#organization"},"potentialAction":[{"@type":"SearchAction","target":{"@type":"EntryPoint","urlTemplate":"https:\/\/www.cosmetics-ebene.com\/en\/?s={search_term_string}"},"query-input":{"@type":"PropertyValueSpecification","valueRequired":true,"valueName":"search_term_string"}}],"inLanguage":"en-US"},{"@type":"Organization","@id":"https:\/\/www.cosmetics-ebene.com\/en\/#organization","name":"Sessi","url":"https:\/\/www.cosmetics-ebene.com\/en\/","logo":{"@type":"ImageObject","inLanguage":"en-US","@id":"https:\/\/www.cosmetics-ebene.com\/en\/#\/schema\/logo\/image\/","url":"https:\/\/www.cosmetics-ebene.com\/wp-content\/uploads\/2024\/09\/cosmetics-ebene-logo-1-e1727351533275.png","contentUrl":"https:\/\/www.cosmetics-ebene.com\/wp-content\/uploads\/2024\/09\/cosmetics-ebene-logo-1-e1727351533275.png","width":350,"height":69,"caption":"Sessi"},"image":{"@id":"https:\/\/www.cosmetics-ebene.com\/en\/#\/schema\/logo\/image\/"}}]}},"_links":{"self":[{"href":"https:\/\/www.cosmetics-ebene.com\/en\/wp-json\/wp\/v2\/product\/9158","targetHints":{"allow":["GET"]}}],"collection":[{"href":"https:\/\/www.cosmetics-ebene.com\/en\/wp-json\/wp\/v2\/product"}],"about":[{"href":"https:\/\/www.cosmetics-ebene.com\/en\/wp-json\/wp\/v2\/types\/product"}],"replies":[{"embeddable":true,"href":"https:\/\/www.cosmetics-ebene.com\/en\/wp-json\/wp\/v2\/comments?post=9158"}],"version-history":[{"count":0,"href":"https:\/\/www.cosmetics-ebene.com\/en\/wp-json\/wp\/v2\/product\/9158\/revisions"}],"wp:featuredmedia":[{"embeddable":true,"href":"https:\/\/www.cosmetics-ebene.com\/en\/wp-json\/wp\/v2\/media\/9154"}],"wp:attachment":[{"href":"https:\/\/www.cosmetics-ebene.com\/en\/wp-json\/wp\/v2\/media?parent=9158"}],"wp:term":[{"taxonomy":"product_brand","embeddable":true,"href":"https:\/\/www.cosmetics-ebene.com\/en\/wp-json\/wp\/v2\/product_brand?post=9158"},{"taxonomy":"product_cat","embeddable":true,"href":"https:\/\/www.cosmetics-ebene.com\/en\/wp-json\/wp\/v2\/product_cat?post=9158"},{"taxonomy":"product_tag","embeddable":true,"href":"https:\/\/www.cosmetics-ebene.com\/en\/wp-json\/wp\/v2\/product_tag?post=9158"}],"curies":[{"name":"wp","href":"https:\/\/api.w.org\/{rel}","templated":true}]}}