{"id":9208,"date":"2015-03-09T09:46:17","date_gmt":"2015-03-09T09:46:17","guid":{"rendered":"https:\/\/preprod.cosmetics-ebene.com\/?product=ornika-fluide-complex-pour-le-teint-action-anti-taches"},"modified":"2025-05-28T10:13:48","modified_gmt":"2025-05-28T10:13:48","slug":"ornika-fluide-complex-pour-le-teint-action-anti-taches","status":"publish","type":"product","link":"https:\/\/www.cosmetics-ebene.com\/en\/product\/ornika-fluide-complex-pour-le-teint-action-anti-taches\/","title":{"rendered":"Ornika Anti-Spot Beauty Milk  300ml"},"content":{"rendered":"<ul>\n<li>\n<ul>\n<li>\n<h2><img decoding=\"async\" src=\"https:\/\/www.cosmetics-ebene.com\/wp-content\/uploads\/content\/icon1.jpg\" alt=\"\" height=\"73\" width=\"69\" \/><span style=\"color:#2c9ffd;\">\u00c9labor\u00e9 et mis au point par des\u00a0scientifiques.\u00a0<\/span><\/h2>\n<\/li>\n<\/ul>\n<p>La formulation exceptionnelle de cette \u00e9mulsion par notre \u00e9quipe de recherche est issue de la combinaison de plusieurs actifs et de susbstances v\u00e9g\u00e9tales. La formule r\u00e9volutionnaire du lait vous permettra d&#8217;\u00e9liminer les taches presentent sur votre peau tout en l&#8217;hydratant.\u00a0<\/p>\n<ul>\n<li>\n<h2><img decoding=\"async\" src=\"https:\/\/www.cosmetics-ebene.com\/wp-content\/uploads\/content\/icon2.jpg\" alt=\"\" height=\"73\" width=\"69\" \/><span style=\"color:#2c9ffd;\"><strong>Conseils d\u2019utilisations :<\/strong><\/span><\/h2>\n<p>A\u00a0utiliser\u00a0une ou deux fois par jour sur le corps apr\u00e8s avoir pris votre douche. \u00c9viter le contact avec les yeux. En cas d\u2019irritation cessez l\u2019usage. Ne pas utiliser chez les enfants de moins de 12 ans. Usage externe uniquement\u00a0<\/p>\n<\/li>\n<li>\n<h2><img decoding=\"async\" src=\"https:\/\/www.cosmetics-ebene.com\/wp-content\/uploads\/content\/icon3.jpg\" alt=\"\" height=\"73\" width=\"69\" \/><span style=\"color:#2c9ffd;\"><strong>Composition :\u00a0<\/strong><\/span><\/h2>\n<\/li>\n<li>\n<table>\n<tbody>\n<tr>\n<td>\n<p>Sodium palmate, Sodium palm kernelate, Aqua, Parfum, Sodium chloride, Glycerin, Propylene glycol, Illite, Niacinamide, Caprylic\/Capric triglycerides, Tetrasodium EDTA, Tetrasodium etidronate, Ethyl linolate, Hexylresorcinol, Potassium Sorbate, Morinda Citrifolia extract, Benzyl Salicylate, Hexyl Cinnamal,\u00a0Linalool<\/p>\n<\/td>\n<\/tr>\n<\/tbody>\n<\/table>\n<\/li>\n<\/ul>\n<\/li>\n<\/ul>\n","protected":false},"excerpt":{"rendered":"<p>La formulation exceptionnelle de cette \u00e9mulsion par notre \u00e9quipe de recherche est issue de la combinaison de plusieurs actifs et de susbstances v\u00e9g\u00e9tales. La formule r\u00e9volutionnaire du lait vous permettra d&#8217;\u00e9liminer les taches presentent sur votre peau tout en l&#8217;hydratant.\u00a0<\/p>\n","protected":false},"featured_media":9206,"comment_status":"open","ping_status":"closed","template":"","meta":[],"product_brand":[273],"product_cat":[360,346,366,374,350,300],"product_tag":[],"class_list":{"0":"post-9208","1":"product","2":"type-product","3":"status-publish","4":"has-post-thumbnail","6":"product_brand-ornika","7":"product_cat-body-care","8":"product_cat-body-care-and-face-care","9":"product_cat-lightening-and-anti-spot","10":"product_cat-lightening-and-clarifying","11":"product_cat-men","12":"product_cat-ornika-en","13":"pa_un-produit-pour-le-corps-en","14":"pa_une-marque-ornika-en","15":"pa_une-solution-pour-corps-lait-anti-imperfection-et-anti-taches-en","18":"instock","19":"taxable","20":"shipping-taxable","21":"purchasable","22":"product-type-simple"},"yoast_head":"<!-- This site is optimized with the Yoast SEO plugin v27.3 - https:\/\/yoast.com\/product\/yoast-seo-wordpress\/ -->\n<title>Ornika Fluide COMPLEX pour le teint Action Anti-Taches<\/title>\n<meta name=\"description\" content=\"La formule r\u00e9volutionnaire du lait vous permettra d&#039;\u00e9liminer les taches presentent sur votre peau tout en l&#039;hydratant\" \/>\n<meta name=\"robots\" content=\"index, follow, max-snippet:-1, max-image-preview:large, max-video-preview:-1\" \/>\n<link rel=\"canonical\" href=\"https:\/\/www.cosmetics-ebene.com\/en\/product\/ornika-fluide-complex-pour-le-teint-action-anti-taches\/\" \/>\n<meta property=\"og:locale\" content=\"en_US\" \/>\n<meta property=\"og:type\" content=\"article\" \/>\n<meta property=\"og:title\" content=\"Ornika Fluide COMPLEX pour le teint Action Anti-Taches\" \/>\n<meta property=\"og:description\" content=\"La formule r\u00e9volutionnaire du lait vous permettra d&#039;\u00e9liminer les taches presentent sur votre peau tout en l&#039;hydratant\" \/>\n<meta property=\"og:url\" content=\"https:\/\/www.cosmetics-ebene.com\/en\/product\/ornika-fluide-complex-pour-le-teint-action-anti-taches\/\" \/>\n<meta property=\"og:site_name\" content=\"Sessi\" \/>\n<meta property=\"article:modified_time\" content=\"2025-05-28T10:13:48+00:00\" \/>\n<meta property=\"og:image\" content=\"https:\/\/www.cosmetics-ebene.com\/wp-content\/uploads\/2024\/09\/275.jpg\" \/>\n\t<meta property=\"og:image:width\" content=\"831\" \/>\n\t<meta property=\"og:image:height\" content=\"808\" \/>\n\t<meta property=\"og:image:type\" content=\"image\/jpeg\" \/>\n<meta name=\"twitter:card\" content=\"summary_large_image\" \/>\n<meta name=\"twitter:label1\" content=\"Est. reading time\" \/>\n\t<meta name=\"twitter:data1\" content=\"1 minute\" \/>\n<script type=\"application\/ld+json\" class=\"yoast-schema-graph\">{\"@context\":\"https:\\\/\\\/schema.org\",\"@graph\":[{\"@type\":\"WebPage\",\"@id\":\"https:\\\/\\\/www.cosmetics-ebene.com\\\/en\\\/product\\\/ornika-fluide-complex-pour-le-teint-action-anti-taches\\\/\",\"url\":\"https:\\\/\\\/www.cosmetics-ebene.com\\\/en\\\/product\\\/ornika-fluide-complex-pour-le-teint-action-anti-taches\\\/\",\"name\":\"Ornika Fluide COMPLEX pour le teint Action Anti-Taches\",\"isPartOf\":{\"@id\":\"https:\\\/\\\/www.cosmetics-ebene.com\\\/en\\\/#website\"},\"primaryImageOfPage\":{\"@id\":\"https:\\\/\\\/www.cosmetics-ebene.com\\\/en\\\/product\\\/ornika-fluide-complex-pour-le-teint-action-anti-taches\\\/#primaryimage\"},\"image\":{\"@id\":\"https:\\\/\\\/www.cosmetics-ebene.com\\\/en\\\/product\\\/ornika-fluide-complex-pour-le-teint-action-anti-taches\\\/#primaryimage\"},\"thumbnailUrl\":\"https:\\\/\\\/www.cosmetics-ebene.com\\\/wp-content\\\/uploads\\\/2024\\\/09\\\/275.jpg\",\"datePublished\":\"2015-03-09T09:46:17+00:00\",\"dateModified\":\"2025-05-28T10:13:48+00:00\",\"description\":\"La formule r\u00e9volutionnaire du lait vous permettra d'\u00e9liminer les taches presentent sur votre peau tout en l'hydratant\",\"breadcrumb\":{\"@id\":\"https:\\\/\\\/www.cosmetics-ebene.com\\\/en\\\/product\\\/ornika-fluide-complex-pour-le-teint-action-anti-taches\\\/#breadcrumb\"},\"inLanguage\":\"en-US\",\"potentialAction\":[{\"@type\":\"ReadAction\",\"target\":[\"https:\\\/\\\/www.cosmetics-ebene.com\\\/en\\\/product\\\/ornika-fluide-complex-pour-le-teint-action-anti-taches\\\/\"]}]},{\"@type\":\"ImageObject\",\"inLanguage\":\"en-US\",\"@id\":\"https:\\\/\\\/www.cosmetics-ebene.com\\\/en\\\/product\\\/ornika-fluide-complex-pour-le-teint-action-anti-taches\\\/#primaryimage\",\"url\":\"https:\\\/\\\/www.cosmetics-ebene.com\\\/wp-content\\\/uploads\\\/2024\\\/09\\\/275.jpg\",\"contentUrl\":\"https:\\\/\\\/www.cosmetics-ebene.com\\\/wp-content\\\/uploads\\\/2024\\\/09\\\/275.jpg\",\"width\":831,\"height\":808,\"caption\":\"Ornika Fluide COMPLEX pour le teint Action Anti-Taches\"},{\"@type\":\"BreadcrumbList\",\"@id\":\"https:\\\/\\\/www.cosmetics-ebene.com\\\/en\\\/product\\\/ornika-fluide-complex-pour-le-teint-action-anti-taches\\\/#breadcrumb\",\"itemListElement\":[{\"@type\":\"ListItem\",\"position\":1,\"name\":\"Home\",\"item\":\"https:\\\/\\\/www.cosmetics-ebene.com\\\/en\\\/\"},{\"@type\":\"ListItem\",\"position\":2,\"name\":\"Shop\",\"item\":\"https:\\\/\\\/www.cosmetics-ebene.com\\\/shop\\\/\"},{\"@type\":\"ListItem\",\"position\":3,\"name\":\"Ornika Anti-Spot Beauty Milk 300ml\"}]},{\"@type\":\"WebSite\",\"@id\":\"https:\\\/\\\/www.cosmetics-ebene.com\\\/en\\\/#website\",\"url\":\"https:\\\/\\\/www.cosmetics-ebene.com\\\/en\\\/\",\"name\":\"Sessi\",\"description\":\"Produits de beaut\u00e9 pour peau noires et m\u00e9tiss\u00e9\",\"publisher\":{\"@id\":\"https:\\\/\\\/www.cosmetics-ebene.com\\\/en\\\/#organization\"},\"potentialAction\":[{\"@type\":\"SearchAction\",\"target\":{\"@type\":\"EntryPoint\",\"urlTemplate\":\"https:\\\/\\\/www.cosmetics-ebene.com\\\/en\\\/?s={search_term_string}\"},\"query-input\":{\"@type\":\"PropertyValueSpecification\",\"valueRequired\":true,\"valueName\":\"search_term_string\"}}],\"inLanguage\":\"en-US\"},{\"@type\":\"Organization\",\"@id\":\"https:\\\/\\\/www.cosmetics-ebene.com\\\/en\\\/#organization\",\"name\":\"Sessi\",\"url\":\"https:\\\/\\\/www.cosmetics-ebene.com\\\/en\\\/\",\"logo\":{\"@type\":\"ImageObject\",\"inLanguage\":\"en-US\",\"@id\":\"https:\\\/\\\/www.cosmetics-ebene.com\\\/en\\\/#\\\/schema\\\/logo\\\/image\\\/\",\"url\":\"https:\\\/\\\/www.cosmetics-ebene.com\\\/wp-content\\\/uploads\\\/2024\\\/09\\\/cosmetics-ebene-logo-1-e1727351533275.png\",\"contentUrl\":\"https:\\\/\\\/www.cosmetics-ebene.com\\\/wp-content\\\/uploads\\\/2024\\\/09\\\/cosmetics-ebene-logo-1-e1727351533275.png\",\"width\":350,\"height\":69,\"caption\":\"Sessi\"},\"image\":{\"@id\":\"https:\\\/\\\/www.cosmetics-ebene.com\\\/en\\\/#\\\/schema\\\/logo\\\/image\\\/\"}}]}<\/script>\n<!-- \/ Yoast SEO plugin. -->","yoast_head_json":{"title":"Ornika Fluide COMPLEX pour le teint Action Anti-Taches","description":"La formule r\u00e9volutionnaire du lait vous permettra d'\u00e9liminer les taches presentent sur votre peau tout en l'hydratant","robots":{"index":"index","follow":"follow","max-snippet":"max-snippet:-1","max-image-preview":"max-image-preview:large","max-video-preview":"max-video-preview:-1"},"canonical":"https:\/\/www.cosmetics-ebene.com\/en\/product\/ornika-fluide-complex-pour-le-teint-action-anti-taches\/","og_locale":"en_US","og_type":"article","og_title":"Ornika Fluide COMPLEX pour le teint Action Anti-Taches","og_description":"La formule r\u00e9volutionnaire du lait vous permettra d'\u00e9liminer les taches presentent sur votre peau tout en l'hydratant","og_url":"https:\/\/www.cosmetics-ebene.com\/en\/product\/ornika-fluide-complex-pour-le-teint-action-anti-taches\/","og_site_name":"Sessi","article_modified_time":"2025-05-28T10:13:48+00:00","og_image":[{"width":831,"height":808,"url":"https:\/\/www.cosmetics-ebene.com\/wp-content\/uploads\/2024\/09\/275.jpg","type":"image\/jpeg"}],"twitter_card":"summary_large_image","twitter_misc":{"Est. reading time":"1 minute"},"schema":{"@context":"https:\/\/schema.org","@graph":[{"@type":"WebPage","@id":"https:\/\/www.cosmetics-ebene.com\/en\/product\/ornika-fluide-complex-pour-le-teint-action-anti-taches\/","url":"https:\/\/www.cosmetics-ebene.com\/en\/product\/ornika-fluide-complex-pour-le-teint-action-anti-taches\/","name":"Ornika Fluide COMPLEX pour le teint Action Anti-Taches","isPartOf":{"@id":"https:\/\/www.cosmetics-ebene.com\/en\/#website"},"primaryImageOfPage":{"@id":"https:\/\/www.cosmetics-ebene.com\/en\/product\/ornika-fluide-complex-pour-le-teint-action-anti-taches\/#primaryimage"},"image":{"@id":"https:\/\/www.cosmetics-ebene.com\/en\/product\/ornika-fluide-complex-pour-le-teint-action-anti-taches\/#primaryimage"},"thumbnailUrl":"https:\/\/www.cosmetics-ebene.com\/wp-content\/uploads\/2024\/09\/275.jpg","datePublished":"2015-03-09T09:46:17+00:00","dateModified":"2025-05-28T10:13:48+00:00","description":"La formule r\u00e9volutionnaire du lait vous permettra d'\u00e9liminer les taches presentent sur votre peau tout en l'hydratant","breadcrumb":{"@id":"https:\/\/www.cosmetics-ebene.com\/en\/product\/ornika-fluide-complex-pour-le-teint-action-anti-taches\/#breadcrumb"},"inLanguage":"en-US","potentialAction":[{"@type":"ReadAction","target":["https:\/\/www.cosmetics-ebene.com\/en\/product\/ornika-fluide-complex-pour-le-teint-action-anti-taches\/"]}]},{"@type":"ImageObject","inLanguage":"en-US","@id":"https:\/\/www.cosmetics-ebene.com\/en\/product\/ornika-fluide-complex-pour-le-teint-action-anti-taches\/#primaryimage","url":"https:\/\/www.cosmetics-ebene.com\/wp-content\/uploads\/2024\/09\/275.jpg","contentUrl":"https:\/\/www.cosmetics-ebene.com\/wp-content\/uploads\/2024\/09\/275.jpg","width":831,"height":808,"caption":"Ornika Fluide COMPLEX pour le teint Action Anti-Taches"},{"@type":"BreadcrumbList","@id":"https:\/\/www.cosmetics-ebene.com\/en\/product\/ornika-fluide-complex-pour-le-teint-action-anti-taches\/#breadcrumb","itemListElement":[{"@type":"ListItem","position":1,"name":"Home","item":"https:\/\/www.cosmetics-ebene.com\/en\/"},{"@type":"ListItem","position":2,"name":"Shop","item":"https:\/\/www.cosmetics-ebene.com\/shop\/"},{"@type":"ListItem","position":3,"name":"Ornika Anti-Spot Beauty Milk 300ml"}]},{"@type":"WebSite","@id":"https:\/\/www.cosmetics-ebene.com\/en\/#website","url":"https:\/\/www.cosmetics-ebene.com\/en\/","name":"Sessi","description":"Produits de beaut\u00e9 pour peau noires et m\u00e9tiss\u00e9","publisher":{"@id":"https:\/\/www.cosmetics-ebene.com\/en\/#organization"},"potentialAction":[{"@type":"SearchAction","target":{"@type":"EntryPoint","urlTemplate":"https:\/\/www.cosmetics-ebene.com\/en\/?s={search_term_string}"},"query-input":{"@type":"PropertyValueSpecification","valueRequired":true,"valueName":"search_term_string"}}],"inLanguage":"en-US"},{"@type":"Organization","@id":"https:\/\/www.cosmetics-ebene.com\/en\/#organization","name":"Sessi","url":"https:\/\/www.cosmetics-ebene.com\/en\/","logo":{"@type":"ImageObject","inLanguage":"en-US","@id":"https:\/\/www.cosmetics-ebene.com\/en\/#\/schema\/logo\/image\/","url":"https:\/\/www.cosmetics-ebene.com\/wp-content\/uploads\/2024\/09\/cosmetics-ebene-logo-1-e1727351533275.png","contentUrl":"https:\/\/www.cosmetics-ebene.com\/wp-content\/uploads\/2024\/09\/cosmetics-ebene-logo-1-e1727351533275.png","width":350,"height":69,"caption":"Sessi"},"image":{"@id":"https:\/\/www.cosmetics-ebene.com\/en\/#\/schema\/logo\/image\/"}}]}},"_links":{"self":[{"href":"https:\/\/www.cosmetics-ebene.com\/en\/wp-json\/wp\/v2\/product\/9208","targetHints":{"allow":["GET"]}}],"collection":[{"href":"https:\/\/www.cosmetics-ebene.com\/en\/wp-json\/wp\/v2\/product"}],"about":[{"href":"https:\/\/www.cosmetics-ebene.com\/en\/wp-json\/wp\/v2\/types\/product"}],"replies":[{"embeddable":true,"href":"https:\/\/www.cosmetics-ebene.com\/en\/wp-json\/wp\/v2\/comments?post=9208"}],"version-history":[{"count":0,"href":"https:\/\/www.cosmetics-ebene.com\/en\/wp-json\/wp\/v2\/product\/9208\/revisions"}],"wp:featuredmedia":[{"embeddable":true,"href":"https:\/\/www.cosmetics-ebene.com\/en\/wp-json\/wp\/v2\/media\/9206"}],"wp:attachment":[{"href":"https:\/\/www.cosmetics-ebene.com\/en\/wp-json\/wp\/v2\/media?parent=9208"}],"wp:term":[{"taxonomy":"product_brand","embeddable":true,"href":"https:\/\/www.cosmetics-ebene.com\/en\/wp-json\/wp\/v2\/product_brand?post=9208"},{"taxonomy":"product_cat","embeddable":true,"href":"https:\/\/www.cosmetics-ebene.com\/en\/wp-json\/wp\/v2\/product_cat?post=9208"},{"taxonomy":"product_tag","embeddable":true,"href":"https:\/\/www.cosmetics-ebene.com\/en\/wp-json\/wp\/v2\/product_tag?post=9208"}],"curies":[{"name":"wp","href":"https:\/\/api.w.org\/{rel}","templated":true}]}}