{"id":9450,"date":"2016-01-21T20:07:19","date_gmt":"2016-01-21T20:07:19","guid":{"rendered":"https:\/\/preprod.cosmetics-ebene.com\/?product=dh7-gel-douche-clarifiant-aux-oeufs"},"modified":"2026-04-30T16:32:23","modified_gmt":"2026-04-30T16:32:23","slug":"dh7-gel-douche-clarifiant-aux-oeufs","status":"publish","type":"product","link":"https:\/\/www.cosmetics-ebene.com\/en\/product\/dh7-gel-douche-clarifiant-aux-oeufs\/","title":{"rendered":"DH7 Shower Gel Clarifying with Eggs 750 ml"},"content":{"rendered":"<ul>\n<li>\n<ul>\n<li>\n<h2><img decoding=\"async\" src=\"https:\/\/www.cosmetics-ebene.com\/wp-content\/uploads\/content\/icon1.jpg\" alt=\"\" height=\"73\" width=\"69\" \/>\u00c9labor\u00e9 et mis au point par des\u00a0scientifiques.\u00a0<\/h2>\n<\/li>\n<\/ul>\n<p>Le nouveau gel douche\u00a0aux oeufs donne une peau \u00e9clatante gr\u00e2ce \u00e0 l&#8217;association des \u0153ufs et d&#8217;un actif \u00e9claircissant v\u00e9g\u00e9tal. Nettoie en profondeur et donne \u00e0 votre peau un aspect soyeux<\/p>\n<ul>\n<li>\n<h2><img decoding=\"async\" src=\"https:\/\/www.cosmetics-ebene.com\/wp-content\/uploads\/content\/icon2.jpg\" alt=\"\" height=\"73\" width=\"69\" \/><strong>Conseils d\u2019utilisations :<\/strong><\/h2>\n<p>A\u00a0utiliser\u00a0une ou deux fois par jour lors de votre douche. \u00c9viter le contact avec les yeux. En cas d\u2019irritation cessez l\u2019usage. Ne pas utiliser chez les enfants de moins de 12 ans. Usage externe uniquement\u00a0<\/p>\n<ul>\n<li>\n<h2><img decoding=\"async\" src=\"https:\/\/www.cosmetics-ebene.com\/wp-content\/uploads\/content\/icon3.jpg\" alt=\"\" height=\"73\" width=\"69\" \/><strong>Composition :\u00a0<\/strong><\/h2>\n<\/li>\n<\/ul>\n<\/li>\n<li>\n<p>AQUA (WATER), SODIUM LAURETH SULFATE, COCAMIDOPROPYL BETAINE, SODIUM CHLORIDE, COCO-GLUCOSIDE, PARFUM (FRAGRANCE), METHYL GLUCETH-20, GLYCOL DISTEARATE, PEG-200 HYDROGENATED GLYCERYL PALMATE, OVUM POWDER, PEG-7 GLYCERYL COCOATE, BUTYLENE GLYCOL, CITRIC ACID, COCAMIDE MEA, LAURETH-10, MORUS ALBA ROOT EXTRACT, BENZOIC ACID, KOJIC ACID, ARCTOSTAPHYLOS UVA URSI LEAF EXTRACT, GLYCYRRHIZA GLABRA ROOT EXTRACT, SCUTELLARIA BAICALENSIS ROOT EXTRACT, MAGNESIUM NITRATE, MAGNESIUM CHLORIDE, CI 19140, CI 15985, LIMONENE, CITRONELLOL, HEXYL CINNAMAL<\/p>\n<\/li>\n<\/ul>\n<\/li>\n<\/ul>\n","protected":false},"excerpt":{"rendered":"<p>DH7 Shower Gel Clarifying with Eggs is perfect to clarify your complexion and make your skin softer\u00a0<\/p>\n","protected":false},"featured_media":19623,"comment_status":"open","ping_status":"closed","template":"","meta":[],"product_brand":[261],"product_cat":[360,346,332,350,380],"product_tag":[],"class_list":{"0":"post-9450","1":"product","2":"type-product","3":"status-publish","4":"has-post-thumbnail","6":"product_brand-dh7","7":"product_cat-body-care","8":"product_cat-body-care-and-face-care","9":"product_cat-dh7-shower-gel","10":"product_cat-men","11":"product_cat-shower-gel-and-soap","12":"pa_je-suis-toutes-categories-confondues-en","13":"pa_un-produit-pour-la-toilette-en","14":"pa_une-marque-dh7-en","15":"pa_une-solution-pour-corps-solution-pour-le-bain-en","18":"instock","19":"taxable","20":"shipping-taxable","21":"purchasable","22":"product-type-simple"},"yoast_head":"<!-- This site is optimized with the Yoast SEO plugin v27.3 - https:\/\/yoast.com\/product\/yoast-seo-wordpress\/ -->\n<title>DH7 Gel Douche Clarifiant Aux Oeufs<\/title>\n<meta name=\"description\" content=\"Tous les bienfaits des \u0153ufs au service de votre peau r\u00e9unit dans ce gel douche pour que votre peau soit magnifique apr\u00e8s chaque douche\" \/>\n<meta name=\"robots\" content=\"index, follow, max-snippet:-1, max-image-preview:large, max-video-preview:-1\" \/>\n<link rel=\"canonical\" href=\"https:\/\/www.cosmetics-ebene.com\/en\/product\/dh7-gel-douche-clarifiant-aux-oeufs\/\" \/>\n<meta property=\"og:locale\" content=\"en_US\" \/>\n<meta property=\"og:type\" content=\"article\" \/>\n<meta property=\"og:title\" content=\"DH7 Gel Douche Clarifiant Aux Oeufs\" \/>\n<meta property=\"og:description\" content=\"Tous les bienfaits des \u0153ufs au service de votre peau r\u00e9unit dans ce gel douche pour que votre peau soit magnifique apr\u00e8s chaque douche\" \/>\n<meta property=\"og:url\" content=\"https:\/\/www.cosmetics-ebene.com\/en\/product\/dh7-gel-douche-clarifiant-aux-oeufs\/\" \/>\n<meta property=\"og:site_name\" content=\"Sessi\" \/>\n<meta property=\"article:modified_time\" content=\"2026-04-30T16:32:23+00:00\" \/>\n<meta property=\"og:image\" content=\"https:\/\/www.cosmetics-ebene.com\/wp-content\/uploads\/2016\/01\/DH7-Oeufs.jpg\" \/>\n\t<meta property=\"og:image:width\" content=\"1080\" \/>\n\t<meta property=\"og:image:height\" content=\"1500\" \/>\n\t<meta property=\"og:image:type\" content=\"image\/jpeg\" \/>\n<meta name=\"twitter:card\" content=\"summary_large_image\" \/>\n<meta name=\"twitter:label1\" content=\"Est. reading time\" \/>\n\t<meta name=\"twitter:data1\" content=\"1 minute\" \/>\n<script type=\"application\/ld+json\" class=\"yoast-schema-graph\">{\"@context\":\"https:\\\/\\\/schema.org\",\"@graph\":[{\"@type\":\"WebPage\",\"@id\":\"https:\\\/\\\/www.cosmetics-ebene.com\\\/en\\\/product\\\/dh7-gel-douche-clarifiant-aux-oeufs\\\/\",\"url\":\"https:\\\/\\\/www.cosmetics-ebene.com\\\/en\\\/product\\\/dh7-gel-douche-clarifiant-aux-oeufs\\\/\",\"name\":\"DH7 Gel Douche Clarifiant Aux Oeufs\",\"isPartOf\":{\"@id\":\"https:\\\/\\\/www.cosmetics-ebene.com\\\/en\\\/#website\"},\"primaryImageOfPage\":{\"@id\":\"https:\\\/\\\/www.cosmetics-ebene.com\\\/en\\\/product\\\/dh7-gel-douche-clarifiant-aux-oeufs\\\/#primaryimage\"},\"image\":{\"@id\":\"https:\\\/\\\/www.cosmetics-ebene.com\\\/en\\\/product\\\/dh7-gel-douche-clarifiant-aux-oeufs\\\/#primaryimage\"},\"thumbnailUrl\":\"https:\\\/\\\/www.cosmetics-ebene.com\\\/wp-content\\\/uploads\\\/2016\\\/01\\\/DH7-Oeufs.jpg\",\"datePublished\":\"2016-01-21T20:07:19+00:00\",\"dateModified\":\"2026-04-30T16:32:23+00:00\",\"description\":\"Tous les bienfaits des \u0153ufs au service de votre peau r\u00e9unit dans ce gel douche pour que votre peau soit magnifique apr\u00e8s chaque douche\",\"breadcrumb\":{\"@id\":\"https:\\\/\\\/www.cosmetics-ebene.com\\\/en\\\/product\\\/dh7-gel-douche-clarifiant-aux-oeufs\\\/#breadcrumb\"},\"inLanguage\":\"en-US\",\"potentialAction\":[{\"@type\":\"ReadAction\",\"target\":[\"https:\\\/\\\/www.cosmetics-ebene.com\\\/en\\\/product\\\/dh7-gel-douche-clarifiant-aux-oeufs\\\/\"]}]},{\"@type\":\"ImageObject\",\"inLanguage\":\"en-US\",\"@id\":\"https:\\\/\\\/www.cosmetics-ebene.com\\\/en\\\/product\\\/dh7-gel-douche-clarifiant-aux-oeufs\\\/#primaryimage\",\"url\":\"https:\\\/\\\/www.cosmetics-ebene.com\\\/wp-content\\\/uploads\\\/2016\\\/01\\\/DH7-Oeufs.jpg\",\"contentUrl\":\"https:\\\/\\\/www.cosmetics-ebene.com\\\/wp-content\\\/uploads\\\/2016\\\/01\\\/DH7-Oeufs.jpg\",\"width\":1080,\"height\":1500},{\"@type\":\"BreadcrumbList\",\"@id\":\"https:\\\/\\\/www.cosmetics-ebene.com\\\/en\\\/product\\\/dh7-gel-douche-clarifiant-aux-oeufs\\\/#breadcrumb\",\"itemListElement\":[{\"@type\":\"ListItem\",\"position\":1,\"name\":\"Home\",\"item\":\"https:\\\/\\\/www.cosmetics-ebene.com\\\/en\\\/\"},{\"@type\":\"ListItem\",\"position\":2,\"name\":\"Shop\",\"item\":\"https:\\\/\\\/www.cosmetics-ebene.com\\\/shop\\\/\"},{\"@type\":\"ListItem\",\"position\":3,\"name\":\"DH7 Shower Gel Clarifying with Eggs 750 ml\"}]},{\"@type\":\"WebSite\",\"@id\":\"https:\\\/\\\/www.cosmetics-ebene.com\\\/en\\\/#website\",\"url\":\"https:\\\/\\\/www.cosmetics-ebene.com\\\/en\\\/\",\"name\":\"Sessi\",\"description\":\"Produits de beaut\u00e9 pour peau noires et m\u00e9tiss\u00e9\",\"publisher\":{\"@id\":\"https:\\\/\\\/www.cosmetics-ebene.com\\\/en\\\/#organization\"},\"potentialAction\":[{\"@type\":\"SearchAction\",\"target\":{\"@type\":\"EntryPoint\",\"urlTemplate\":\"https:\\\/\\\/www.cosmetics-ebene.com\\\/en\\\/?s={search_term_string}\"},\"query-input\":{\"@type\":\"PropertyValueSpecification\",\"valueRequired\":true,\"valueName\":\"search_term_string\"}}],\"inLanguage\":\"en-US\"},{\"@type\":\"Organization\",\"@id\":\"https:\\\/\\\/www.cosmetics-ebene.com\\\/en\\\/#organization\",\"name\":\"Sessi\",\"url\":\"https:\\\/\\\/www.cosmetics-ebene.com\\\/en\\\/\",\"logo\":{\"@type\":\"ImageObject\",\"inLanguage\":\"en-US\",\"@id\":\"https:\\\/\\\/www.cosmetics-ebene.com\\\/en\\\/#\\\/schema\\\/logo\\\/image\\\/\",\"url\":\"https:\\\/\\\/www.cosmetics-ebene.com\\\/wp-content\\\/uploads\\\/2024\\\/09\\\/cosmetics-ebene-logo-1-e1727351533275.png\",\"contentUrl\":\"https:\\\/\\\/www.cosmetics-ebene.com\\\/wp-content\\\/uploads\\\/2024\\\/09\\\/cosmetics-ebene-logo-1-e1727351533275.png\",\"width\":350,\"height\":69,\"caption\":\"Sessi\"},\"image\":{\"@id\":\"https:\\\/\\\/www.cosmetics-ebene.com\\\/en\\\/#\\\/schema\\\/logo\\\/image\\\/\"}}]}<\/script>\n<!-- \/ Yoast SEO plugin. -->","yoast_head_json":{"title":"DH7 Gel Douche Clarifiant Aux Oeufs","description":"Tous les bienfaits des \u0153ufs au service de votre peau r\u00e9unit dans ce gel douche pour que votre peau soit magnifique apr\u00e8s chaque douche","robots":{"index":"index","follow":"follow","max-snippet":"max-snippet:-1","max-image-preview":"max-image-preview:large","max-video-preview":"max-video-preview:-1"},"canonical":"https:\/\/www.cosmetics-ebene.com\/en\/product\/dh7-gel-douche-clarifiant-aux-oeufs\/","og_locale":"en_US","og_type":"article","og_title":"DH7 Gel Douche Clarifiant Aux Oeufs","og_description":"Tous les bienfaits des \u0153ufs au service de votre peau r\u00e9unit dans ce gel douche pour que votre peau soit magnifique apr\u00e8s chaque douche","og_url":"https:\/\/www.cosmetics-ebene.com\/en\/product\/dh7-gel-douche-clarifiant-aux-oeufs\/","og_site_name":"Sessi","article_modified_time":"2026-04-30T16:32:23+00:00","og_image":[{"width":1080,"height":1500,"url":"https:\/\/www.cosmetics-ebene.com\/wp-content\/uploads\/2016\/01\/DH7-Oeufs.jpg","type":"image\/jpeg"}],"twitter_card":"summary_large_image","twitter_misc":{"Est. reading time":"1 minute"},"schema":{"@context":"https:\/\/schema.org","@graph":[{"@type":"WebPage","@id":"https:\/\/www.cosmetics-ebene.com\/en\/product\/dh7-gel-douche-clarifiant-aux-oeufs\/","url":"https:\/\/www.cosmetics-ebene.com\/en\/product\/dh7-gel-douche-clarifiant-aux-oeufs\/","name":"DH7 Gel Douche Clarifiant Aux Oeufs","isPartOf":{"@id":"https:\/\/www.cosmetics-ebene.com\/en\/#website"},"primaryImageOfPage":{"@id":"https:\/\/www.cosmetics-ebene.com\/en\/product\/dh7-gel-douche-clarifiant-aux-oeufs\/#primaryimage"},"image":{"@id":"https:\/\/www.cosmetics-ebene.com\/en\/product\/dh7-gel-douche-clarifiant-aux-oeufs\/#primaryimage"},"thumbnailUrl":"https:\/\/www.cosmetics-ebene.com\/wp-content\/uploads\/2016\/01\/DH7-Oeufs.jpg","datePublished":"2016-01-21T20:07:19+00:00","dateModified":"2026-04-30T16:32:23+00:00","description":"Tous les bienfaits des \u0153ufs au service de votre peau r\u00e9unit dans ce gel douche pour que votre peau soit magnifique apr\u00e8s chaque douche","breadcrumb":{"@id":"https:\/\/www.cosmetics-ebene.com\/en\/product\/dh7-gel-douche-clarifiant-aux-oeufs\/#breadcrumb"},"inLanguage":"en-US","potentialAction":[{"@type":"ReadAction","target":["https:\/\/www.cosmetics-ebene.com\/en\/product\/dh7-gel-douche-clarifiant-aux-oeufs\/"]}]},{"@type":"ImageObject","inLanguage":"en-US","@id":"https:\/\/www.cosmetics-ebene.com\/en\/product\/dh7-gel-douche-clarifiant-aux-oeufs\/#primaryimage","url":"https:\/\/www.cosmetics-ebene.com\/wp-content\/uploads\/2016\/01\/DH7-Oeufs.jpg","contentUrl":"https:\/\/www.cosmetics-ebene.com\/wp-content\/uploads\/2016\/01\/DH7-Oeufs.jpg","width":1080,"height":1500},{"@type":"BreadcrumbList","@id":"https:\/\/www.cosmetics-ebene.com\/en\/product\/dh7-gel-douche-clarifiant-aux-oeufs\/#breadcrumb","itemListElement":[{"@type":"ListItem","position":1,"name":"Home","item":"https:\/\/www.cosmetics-ebene.com\/en\/"},{"@type":"ListItem","position":2,"name":"Shop","item":"https:\/\/www.cosmetics-ebene.com\/shop\/"},{"@type":"ListItem","position":3,"name":"DH7 Shower Gel Clarifying with Eggs 750 ml"}]},{"@type":"WebSite","@id":"https:\/\/www.cosmetics-ebene.com\/en\/#website","url":"https:\/\/www.cosmetics-ebene.com\/en\/","name":"Sessi","description":"Produits de beaut\u00e9 pour peau noires et m\u00e9tiss\u00e9","publisher":{"@id":"https:\/\/www.cosmetics-ebene.com\/en\/#organization"},"potentialAction":[{"@type":"SearchAction","target":{"@type":"EntryPoint","urlTemplate":"https:\/\/www.cosmetics-ebene.com\/en\/?s={search_term_string}"},"query-input":{"@type":"PropertyValueSpecification","valueRequired":true,"valueName":"search_term_string"}}],"inLanguage":"en-US"},{"@type":"Organization","@id":"https:\/\/www.cosmetics-ebene.com\/en\/#organization","name":"Sessi","url":"https:\/\/www.cosmetics-ebene.com\/en\/","logo":{"@type":"ImageObject","inLanguage":"en-US","@id":"https:\/\/www.cosmetics-ebene.com\/en\/#\/schema\/logo\/image\/","url":"https:\/\/www.cosmetics-ebene.com\/wp-content\/uploads\/2024\/09\/cosmetics-ebene-logo-1-e1727351533275.png","contentUrl":"https:\/\/www.cosmetics-ebene.com\/wp-content\/uploads\/2024\/09\/cosmetics-ebene-logo-1-e1727351533275.png","width":350,"height":69,"caption":"Sessi"},"image":{"@id":"https:\/\/www.cosmetics-ebene.com\/en\/#\/schema\/logo\/image\/"}}]}},"_links":{"self":[{"href":"https:\/\/www.cosmetics-ebene.com\/en\/wp-json\/wp\/v2\/product\/9450","targetHints":{"allow":["GET"]}}],"collection":[{"href":"https:\/\/www.cosmetics-ebene.com\/en\/wp-json\/wp\/v2\/product"}],"about":[{"href":"https:\/\/www.cosmetics-ebene.com\/en\/wp-json\/wp\/v2\/types\/product"}],"replies":[{"embeddable":true,"href":"https:\/\/www.cosmetics-ebene.com\/en\/wp-json\/wp\/v2\/comments?post=9450"}],"version-history":[{"count":0,"href":"https:\/\/www.cosmetics-ebene.com\/en\/wp-json\/wp\/v2\/product\/9450\/revisions"}],"wp:featuredmedia":[{"embeddable":true,"href":"https:\/\/www.cosmetics-ebene.com\/en\/wp-json\/wp\/v2\/media\/19623"}],"wp:attachment":[{"href":"https:\/\/www.cosmetics-ebene.com\/en\/wp-json\/wp\/v2\/media?parent=9450"}],"wp:term":[{"taxonomy":"product_brand","embeddable":true,"href":"https:\/\/www.cosmetics-ebene.com\/en\/wp-json\/wp\/v2\/product_brand?post=9450"},{"taxonomy":"product_cat","embeddable":true,"href":"https:\/\/www.cosmetics-ebene.com\/en\/wp-json\/wp\/v2\/product_cat?post=9450"},{"taxonomy":"product_tag","embeddable":true,"href":"https:\/\/www.cosmetics-ebene.com\/en\/wp-json\/wp\/v2\/product_tag?post=9450"}],"curies":[{"name":"wp","href":"https:\/\/api.w.org\/{rel}","templated":true}]}}