{"id":9462,"date":"2016-01-21T20:12:37","date_gmt":"2016-01-21T20:12:37","guid":{"rendered":"https:\/\/preprod.cosmetics-ebene.com\/?product=lait-anti-vergetures-cocoa-butter-maxitone"},"modified":"2021-02-09T17:39:11","modified_gmt":"2021-02-09T17:39:11","slug":"lait-anti-vergetures-cocoa-butter-maxitone","status":"publish","type":"product","link":"https:\/\/www.cosmetics-ebene.com\/en\/product\/lait-anti-vergetures-cocoa-butter-maxitone\/","title":{"rendered":"DH7 Maxitone Anti Stretch Mark Body Milk with Cocoa Butter 200g"},"content":{"rendered":"<ul>\n<li>\n<h2><img decoding=\"async\" src=\"https:\/\/www.cosmetics-ebene.com\/wp-content\/uploads\/content\/icon1.jpg\" alt=\"\" height=\"73\" width=\"69\" \/><span style=\"color:#d0121a;\"><strong>\u00c9labor\u00e9 et mis au point par des sp\u00e9cialistes en cosm\u00e9tologie.<\/strong><\/span><\/h2>\n<h4>Le Lait Anti-Vergetures DH7 est la solution ad\u00e9quate pour traiter le probl\u00e8me des vergetures. Le lait est formul\u00e9 \u00e0 partir du beurre de cacao, de collag\u00e8ne, de vitamines et sp\u00e9cialement de la vitamine E afin de rendre votre peau souple, hydrat\u00e9e et de traiter les vergetures.\u00a0<\/h4>\n<h2><img decoding=\"async\" src=\"https:\/\/www.cosmetics-ebene.com\/wp-content\/uploads\/content\/icon2.jpg\" alt=\"\" height=\"73\" width=\"69\" \/><span style=\"color:#d0121a;\"><strong>Conseils d\u2019utilisations :<\/strong><\/span><\/h2>\n<p>A appliquer une ou deux fois par jour sur l&#8217;ensemble de votre corps. \u00c9viter le contact avec les yeux. En cas d\u2019irritation cessez l\u2019usage. Ne pas utiliser chez les enfants de moins de 12 ans. Usage externe uniquement<\/p>\n<h2><img decoding=\"async\" src=\"https:\/\/www.cosmetics-ebene.com\/wp-content\/uploads\/content\/icon3.jpg\" alt=\"\" height=\"73\" width=\"69\" \/><span style=\"color:#d0121a;\"><strong>Composition :<\/strong><\/span><\/h2>\n<p><span>Aqua, Theobroma Cacao, Paraffinum Liquidum, Glycerine, Cetearyl Alcohol, Ceteh-20 Phosphate, Ceteareth-22 Phosphate, Butylene Glycol, Darutoside, Centella Asiatica ectract, Tocopherol Acettate, Collagene Soluble, Chlorphenesin, Dicetyle Phosphate, Propylene Glycol, Parfum, Citronellol, Linalol, Lyral,<\/span><\/p>\n<\/li>\n<\/ul>\n","protected":false},"excerpt":{"rendered":"<p>Le Lait Anti-Vergetures DH7 est la solution ad\u00e9quate pour traiter le probl\u00e8me des vergetures. Le lait est formul\u00e9 \u00e0 partir du beurre de cacao, de collag\u00e8ne, de vitamines et sp\u00e9cialement de la vitamine E afin de rendre votre peau souple, hydrat\u00e9e et de traiter les vergetures.\u00a0<\/p>\n","protected":false},"featured_media":9460,"comment_status":"open","ping_status":"closed","template":"","meta":[],"product_brand":[261],"product_cat":[360,346,310,350,376,378],"product_tag":[],"class_list":{"0":"post-9462","1":"product","2":"type-product","3":"status-publish","4":"has-post-thumbnail","6":"product_brand-dh7","7":"product_cat-body-care","8":"product_cat-body-care-and-face-care","9":"product_cat-dh7-red","10":"product_cat-men","11":"product_cat-moisturizing-lotion-and-scrub","12":"product_cat-targeted-care-en","13":"pa_un-produit-pour-le-corps-en","14":"pa_une-marque-dh7-en","15":"pa_une-solution-pour-corps-lait-nourrissant-anti-vergetures-en","18":"instock","19":"taxable","20":"shipping-taxable","21":"purchasable","22":"product-type-simple"},"yoast_head":"<!-- This site is optimized with the Yoast SEO plugin v27.3 - https:\/\/yoast.com\/product\/yoast-seo-wordpress\/ -->\n<title>DH7 lait anti-vergetures cocoa butter<\/title>\n<meta name=\"description\" content=\"Lait Anti-Vergeture DH7 est la solution pour traiter les vergetures. Le lait est formul\u00e9 afin de rendre votre peau souple, hydrat\u00e9e et de traiter les vergetures\" \/>\n<meta name=\"robots\" content=\"index, follow, max-snippet:-1, max-image-preview:large, max-video-preview:-1\" \/>\n<link rel=\"canonical\" href=\"https:\/\/www.cosmetics-ebene.com\/en\/product\/lait-anti-vergetures-cocoa-butter-maxitone\/\" \/>\n<meta property=\"og:locale\" content=\"en_US\" \/>\n<meta property=\"og:type\" content=\"article\" \/>\n<meta property=\"og:title\" content=\"DH7 lait anti-vergetures cocoa butter\" \/>\n<meta property=\"og:description\" content=\"Lait Anti-Vergeture DH7 est la solution pour traiter les vergetures. Le lait est formul\u00e9 afin de rendre votre peau souple, hydrat\u00e9e et de traiter les vergetures\" \/>\n<meta property=\"og:url\" content=\"https:\/\/www.cosmetics-ebene.com\/en\/product\/lait-anti-vergetures-cocoa-butter-maxitone\/\" \/>\n<meta property=\"og:site_name\" content=\"Sessi\" \/>\n<meta property=\"article:modified_time\" content=\"2021-02-09T17:39:11+00:00\" \/>\n<meta property=\"og:image\" content=\"https:\/\/www.cosmetics-ebene.com\/wp-content\/uploads\/2024\/09\/364-scaled.jpg\" \/>\n\t<meta property=\"og:image:width\" content=\"1707\" \/>\n\t<meta property=\"og:image:height\" content=\"2560\" \/>\n\t<meta property=\"og:image:type\" content=\"image\/jpeg\" \/>\n<meta name=\"twitter:card\" content=\"summary_large_image\" \/>\n<meta name=\"twitter:label1\" content=\"Est. reading time\" \/>\n\t<meta name=\"twitter:data1\" content=\"1 minute\" \/>\n<script type=\"application\/ld+json\" class=\"yoast-schema-graph\">{\"@context\":\"https:\\\/\\\/schema.org\",\"@graph\":[{\"@type\":\"WebPage\",\"@id\":\"https:\\\/\\\/www.cosmetics-ebene.com\\\/en\\\/product\\\/lait-anti-vergetures-cocoa-butter-maxitone\\\/\",\"url\":\"https:\\\/\\\/www.cosmetics-ebene.com\\\/en\\\/product\\\/lait-anti-vergetures-cocoa-butter-maxitone\\\/\",\"name\":\"DH7 lait anti-vergetures cocoa butter\",\"isPartOf\":{\"@id\":\"https:\\\/\\\/www.cosmetics-ebene.com\\\/en\\\/#website\"},\"primaryImageOfPage\":{\"@id\":\"https:\\\/\\\/www.cosmetics-ebene.com\\\/en\\\/product\\\/lait-anti-vergetures-cocoa-butter-maxitone\\\/#primaryimage\"},\"image\":{\"@id\":\"https:\\\/\\\/www.cosmetics-ebene.com\\\/en\\\/product\\\/lait-anti-vergetures-cocoa-butter-maxitone\\\/#primaryimage\"},\"thumbnailUrl\":\"https:\\\/\\\/www.cosmetics-ebene.com\\\/wp-content\\\/uploads\\\/2024\\\/09\\\/364-scaled.jpg\",\"datePublished\":\"2016-01-21T20:12:37+00:00\",\"dateModified\":\"2021-02-09T17:39:11+00:00\",\"description\":\"Lait Anti-Vergeture DH7 est la solution pour traiter les vergetures. Le lait est formul\u00e9 afin de rendre votre peau souple, hydrat\u00e9e et de traiter les vergetures\",\"breadcrumb\":{\"@id\":\"https:\\\/\\\/www.cosmetics-ebene.com\\\/en\\\/product\\\/lait-anti-vergetures-cocoa-butter-maxitone\\\/#breadcrumb\"},\"inLanguage\":\"en-US\",\"potentialAction\":[{\"@type\":\"ReadAction\",\"target\":[\"https:\\\/\\\/www.cosmetics-ebene.com\\\/en\\\/product\\\/lait-anti-vergetures-cocoa-butter-maxitone\\\/\"]}]},{\"@type\":\"ImageObject\",\"inLanguage\":\"en-US\",\"@id\":\"https:\\\/\\\/www.cosmetics-ebene.com\\\/en\\\/product\\\/lait-anti-vergetures-cocoa-butter-maxitone\\\/#primaryimage\",\"url\":\"https:\\\/\\\/www.cosmetics-ebene.com\\\/wp-content\\\/uploads\\\/2024\\\/09\\\/364-scaled.jpg\",\"contentUrl\":\"https:\\\/\\\/www.cosmetics-ebene.com\\\/wp-content\\\/uploads\\\/2024\\\/09\\\/364-scaled.jpg\",\"width\":1707,\"height\":2560,\"caption\":\"Anti Vergetures\"},{\"@type\":\"BreadcrumbList\",\"@id\":\"https:\\\/\\\/www.cosmetics-ebene.com\\\/en\\\/product\\\/lait-anti-vergetures-cocoa-butter-maxitone\\\/#breadcrumb\",\"itemListElement\":[{\"@type\":\"ListItem\",\"position\":1,\"name\":\"Home\",\"item\":\"https:\\\/\\\/www.cosmetics-ebene.com\\\/en\\\/\"},{\"@type\":\"ListItem\",\"position\":2,\"name\":\"Shop\",\"item\":\"https:\\\/\\\/www.cosmetics-ebene.com\\\/shop\\\/\"},{\"@type\":\"ListItem\",\"position\":3,\"name\":\"DH7 Maxitone Anti Stretch Mark Body Milk with Cocoa Butter 200g\"}]},{\"@type\":\"WebSite\",\"@id\":\"https:\\\/\\\/www.cosmetics-ebene.com\\\/en\\\/#website\",\"url\":\"https:\\\/\\\/www.cosmetics-ebene.com\\\/en\\\/\",\"name\":\"Sessi\",\"description\":\"Produits de beaut\u00e9 pour peau noires et m\u00e9tiss\u00e9\",\"publisher\":{\"@id\":\"https:\\\/\\\/www.cosmetics-ebene.com\\\/en\\\/#organization\"},\"potentialAction\":[{\"@type\":\"SearchAction\",\"target\":{\"@type\":\"EntryPoint\",\"urlTemplate\":\"https:\\\/\\\/www.cosmetics-ebene.com\\\/en\\\/?s={search_term_string}\"},\"query-input\":{\"@type\":\"PropertyValueSpecification\",\"valueRequired\":true,\"valueName\":\"search_term_string\"}}],\"inLanguage\":\"en-US\"},{\"@type\":\"Organization\",\"@id\":\"https:\\\/\\\/www.cosmetics-ebene.com\\\/en\\\/#organization\",\"name\":\"Sessi\",\"url\":\"https:\\\/\\\/www.cosmetics-ebene.com\\\/en\\\/\",\"logo\":{\"@type\":\"ImageObject\",\"inLanguage\":\"en-US\",\"@id\":\"https:\\\/\\\/www.cosmetics-ebene.com\\\/en\\\/#\\\/schema\\\/logo\\\/image\\\/\",\"url\":\"https:\\\/\\\/www.cosmetics-ebene.com\\\/wp-content\\\/uploads\\\/2024\\\/09\\\/cosmetics-ebene-logo-1-e1727351533275.png\",\"contentUrl\":\"https:\\\/\\\/www.cosmetics-ebene.com\\\/wp-content\\\/uploads\\\/2024\\\/09\\\/cosmetics-ebene-logo-1-e1727351533275.png\",\"width\":350,\"height\":69,\"caption\":\"Sessi\"},\"image\":{\"@id\":\"https:\\\/\\\/www.cosmetics-ebene.com\\\/en\\\/#\\\/schema\\\/logo\\\/image\\\/\"}}]}<\/script>\n<!-- \/ Yoast SEO plugin. -->","yoast_head_json":{"title":"DH7 lait anti-vergetures cocoa butter","description":"Lait Anti-Vergeture DH7 est la solution pour traiter les vergetures. Le lait est formul\u00e9 afin de rendre votre peau souple, hydrat\u00e9e et de traiter les vergetures","robots":{"index":"index","follow":"follow","max-snippet":"max-snippet:-1","max-image-preview":"max-image-preview:large","max-video-preview":"max-video-preview:-1"},"canonical":"https:\/\/www.cosmetics-ebene.com\/en\/product\/lait-anti-vergetures-cocoa-butter-maxitone\/","og_locale":"en_US","og_type":"article","og_title":"DH7 lait anti-vergetures cocoa butter","og_description":"Lait Anti-Vergeture DH7 est la solution pour traiter les vergetures. Le lait est formul\u00e9 afin de rendre votre peau souple, hydrat\u00e9e et de traiter les vergetures","og_url":"https:\/\/www.cosmetics-ebene.com\/en\/product\/lait-anti-vergetures-cocoa-butter-maxitone\/","og_site_name":"Sessi","article_modified_time":"2021-02-09T17:39:11+00:00","og_image":[{"width":1707,"height":2560,"url":"https:\/\/www.cosmetics-ebene.com\/wp-content\/uploads\/2024\/09\/364-scaled.jpg","type":"image\/jpeg"}],"twitter_card":"summary_large_image","twitter_misc":{"Est. reading time":"1 minute"},"schema":{"@context":"https:\/\/schema.org","@graph":[{"@type":"WebPage","@id":"https:\/\/www.cosmetics-ebene.com\/en\/product\/lait-anti-vergetures-cocoa-butter-maxitone\/","url":"https:\/\/www.cosmetics-ebene.com\/en\/product\/lait-anti-vergetures-cocoa-butter-maxitone\/","name":"DH7 lait anti-vergetures cocoa butter","isPartOf":{"@id":"https:\/\/www.cosmetics-ebene.com\/en\/#website"},"primaryImageOfPage":{"@id":"https:\/\/www.cosmetics-ebene.com\/en\/product\/lait-anti-vergetures-cocoa-butter-maxitone\/#primaryimage"},"image":{"@id":"https:\/\/www.cosmetics-ebene.com\/en\/product\/lait-anti-vergetures-cocoa-butter-maxitone\/#primaryimage"},"thumbnailUrl":"https:\/\/www.cosmetics-ebene.com\/wp-content\/uploads\/2024\/09\/364-scaled.jpg","datePublished":"2016-01-21T20:12:37+00:00","dateModified":"2021-02-09T17:39:11+00:00","description":"Lait Anti-Vergeture DH7 est la solution pour traiter les vergetures. Le lait est formul\u00e9 afin de rendre votre peau souple, hydrat\u00e9e et de traiter les vergetures","breadcrumb":{"@id":"https:\/\/www.cosmetics-ebene.com\/en\/product\/lait-anti-vergetures-cocoa-butter-maxitone\/#breadcrumb"},"inLanguage":"en-US","potentialAction":[{"@type":"ReadAction","target":["https:\/\/www.cosmetics-ebene.com\/en\/product\/lait-anti-vergetures-cocoa-butter-maxitone\/"]}]},{"@type":"ImageObject","inLanguage":"en-US","@id":"https:\/\/www.cosmetics-ebene.com\/en\/product\/lait-anti-vergetures-cocoa-butter-maxitone\/#primaryimage","url":"https:\/\/www.cosmetics-ebene.com\/wp-content\/uploads\/2024\/09\/364-scaled.jpg","contentUrl":"https:\/\/www.cosmetics-ebene.com\/wp-content\/uploads\/2024\/09\/364-scaled.jpg","width":1707,"height":2560,"caption":"Anti Vergetures"},{"@type":"BreadcrumbList","@id":"https:\/\/www.cosmetics-ebene.com\/en\/product\/lait-anti-vergetures-cocoa-butter-maxitone\/#breadcrumb","itemListElement":[{"@type":"ListItem","position":1,"name":"Home","item":"https:\/\/www.cosmetics-ebene.com\/en\/"},{"@type":"ListItem","position":2,"name":"Shop","item":"https:\/\/www.cosmetics-ebene.com\/shop\/"},{"@type":"ListItem","position":3,"name":"DH7 Maxitone Anti Stretch Mark Body Milk with Cocoa Butter 200g"}]},{"@type":"WebSite","@id":"https:\/\/www.cosmetics-ebene.com\/en\/#website","url":"https:\/\/www.cosmetics-ebene.com\/en\/","name":"Sessi","description":"Produits de beaut\u00e9 pour peau noires et m\u00e9tiss\u00e9","publisher":{"@id":"https:\/\/www.cosmetics-ebene.com\/en\/#organization"},"potentialAction":[{"@type":"SearchAction","target":{"@type":"EntryPoint","urlTemplate":"https:\/\/www.cosmetics-ebene.com\/en\/?s={search_term_string}"},"query-input":{"@type":"PropertyValueSpecification","valueRequired":true,"valueName":"search_term_string"}}],"inLanguage":"en-US"},{"@type":"Organization","@id":"https:\/\/www.cosmetics-ebene.com\/en\/#organization","name":"Sessi","url":"https:\/\/www.cosmetics-ebene.com\/en\/","logo":{"@type":"ImageObject","inLanguage":"en-US","@id":"https:\/\/www.cosmetics-ebene.com\/en\/#\/schema\/logo\/image\/","url":"https:\/\/www.cosmetics-ebene.com\/wp-content\/uploads\/2024\/09\/cosmetics-ebene-logo-1-e1727351533275.png","contentUrl":"https:\/\/www.cosmetics-ebene.com\/wp-content\/uploads\/2024\/09\/cosmetics-ebene-logo-1-e1727351533275.png","width":350,"height":69,"caption":"Sessi"},"image":{"@id":"https:\/\/www.cosmetics-ebene.com\/en\/#\/schema\/logo\/image\/"}}]}},"_links":{"self":[{"href":"https:\/\/www.cosmetics-ebene.com\/en\/wp-json\/wp\/v2\/product\/9462","targetHints":{"allow":["GET"]}}],"collection":[{"href":"https:\/\/www.cosmetics-ebene.com\/en\/wp-json\/wp\/v2\/product"}],"about":[{"href":"https:\/\/www.cosmetics-ebene.com\/en\/wp-json\/wp\/v2\/types\/product"}],"replies":[{"embeddable":true,"href":"https:\/\/www.cosmetics-ebene.com\/en\/wp-json\/wp\/v2\/comments?post=9462"}],"version-history":[{"count":0,"href":"https:\/\/www.cosmetics-ebene.com\/en\/wp-json\/wp\/v2\/product\/9462\/revisions"}],"wp:featuredmedia":[{"embeddable":true,"href":"https:\/\/www.cosmetics-ebene.com\/en\/wp-json\/wp\/v2\/media\/9460"}],"wp:attachment":[{"href":"https:\/\/www.cosmetics-ebene.com\/en\/wp-json\/wp\/v2\/media?parent=9462"}],"wp:term":[{"taxonomy":"product_brand","embeddable":true,"href":"https:\/\/www.cosmetics-ebene.com\/en\/wp-json\/wp\/v2\/product_brand?post=9462"},{"taxonomy":"product_cat","embeddable":true,"href":"https:\/\/www.cosmetics-ebene.com\/en\/wp-json\/wp\/v2\/product_cat?post=9462"},{"taxonomy":"product_tag","embeddable":true,"href":"https:\/\/www.cosmetics-ebene.com\/en\/wp-json\/wp\/v2\/product_tag?post=9462"}],"curies":[{"name":"wp","href":"https:\/\/api.w.org\/{rel}","templated":true}]}}