{"id":9492,"date":"2016-01-21T20:33:44","date_gmt":"2016-01-21T20:33:44","guid":{"rendered":"https:\/\/preprod.cosmetics-ebene.com\/?product=lait-eclaircissant-a-l-huile-de-jojoba"},"modified":"2020-08-10T15:38:05","modified_gmt":"2020-08-10T15:38:05","slug":"lait-eclaircissant-a-l-huile-de-jojoba","status":"publish","type":"product","link":"https:\/\/www.cosmetics-ebene.com\/en\/product\/lait-eclaircissant-a-l-huile-de-jojoba\/","title":{"rendered":"DermoEvolution Lightening Body Lotion with Jojoba Oil 500ml"},"content":{"rendered":"<h2><img decoding=\"async\" src=\"https:\/\/www.cosmetics-ebene.com\/wp-content\/uploads\/content\/icon1.jpg\" alt=\"\" height=\"73\" width=\"69\" \/><span style=\"color:#d0121a;\"><strong>\u00c9labor\u00e9 et mis au point par des sp\u00e9cialistes en cosm\u00e9tologie.<\/strong><\/span><\/h2>\n<p>Ce lait \u00e9claircit rapidement et nourrit votre peau. Il p\u00e9n\u00e8tre facilement la peau pour une hydratation optimale.<br \/>Il s&#8217;agit d&#8217;un moyen s\u00fbr d&#8217;\u00e9claircir les zones les plus sombres de votre peau<\/p>\n<p>\u00a0<\/p>\n<h2><img decoding=\"async\" src=\"https:\/\/www.cosmetics-ebene.com\/wp-content\/uploads\/content\/icon2.jpg\" alt=\"\" height=\"73\" width=\"69\" \/><span style=\"color:#d0121a;\"><strong>Conseils d\u2019utilisations :<\/strong><\/span><\/h2>\n<p>A appliquer une \u00e0 deux fois par jour sur le corps apr\u00e8s l&#8217;avoir pr\u00e9alablement lav\u00e9.\u00a0\u00c9viter le contact avec les yeux. En cas d\u2019irritation cessez l\u2019usage. Ne pas utiliser chez les enfants de moins de 12 ans. Usage externe uniquement<\/p>\n<h2><img decoding=\"async\" src=\"https:\/\/www.cosmetics-ebene.com\/wp-content\/uploads\/content\/icon3.jpg\" alt=\"\" height=\"73\" width=\"69\" \/><span style=\"color:#d0121a;\"><strong>Composition :<\/strong><\/span><\/h2>\n<p><span>Aqua, Paraffinum Liquidum, Glycerine, Cetearyl Alcohol, Cetearyl Alcohol (and) Ceteh-20 Phosphate (and) Dicetyl Phosphate, Ceteareth-22 Phosphate, Lactic Acid, Simmondsia Chinensis oil, Imidazolidinyl Urea, Parfum, Methylparaben, Ethylparaben, Citronelol, Linalol, Lyral, Cinnamal<\/span><\/p>\n","protected":false},"excerpt":{"rendered":"<p>\u00c9labor\u00e9 et mis au point par des sp\u00e9cialistes en cosm\u00e9tologie. Ce lait \u00e9claircit rapidement et nourrit votre peau. Il p\u00e9n\u00e8tre facilement la peau pour une hydratation optimale.Il s&#8217;agit d&#8217;un moyen s\u00fbr d&#8217;\u00e9claircir les zones les plus sombres de votre peau \u00a0 Conseils d\u2019utilisations : A appliquer une \u00e0 deux fois par jour sur le corps &hellip; <a href=\"https:\/\/www.cosmetics-ebene.com\/en\/product\/lait-eclaircissant-a-l-huile-de-jojoba\/\" class=\"more-link\">Continue reading <span class=\"screen-reader-text\">DermoEvolution Lightening Body Lotion with Jojoba Oil 500ml<\/span><\/a><\/p>\n","protected":false},"featured_media":19710,"comment_status":"open","ping_status":"closed","template":"","meta":[],"product_brand":[269],"product_cat":[360,346,302,374,350],"product_tag":[],"class_list":{"0":"post-9492","1":"product","2":"type-product","3":"status-publish","4":"has-post-thumbnail","6":"product_brand-dermoevolution","7":"product_cat-body-care","8":"product_cat-body-care-and-face-care","9":"product_cat-dermoevolution-en","10":"product_cat-lightening-and-clarifying","11":"product_cat-men","12":"pa_une-marque-dermoevolution-en","15":"instock","16":"taxable","17":"shipping-taxable","18":"purchasable","19":"product-type-simple"},"yoast_head":"<!-- This site is optimized with the Yoast SEO plugin v27.3 - https:\/\/yoast.com\/product\/yoast-seo-wordpress\/ -->\n<title>DermoEvolution Lait \u00e9claircissant \u00e0 l&#039;huile de Jojoba<\/title>\n<meta name=\"description\" content=\"L&#039;huile de Jojoba pr\u00e9sente dans ce lait le rend particuli\u00e8rement agr\u00e9able \u00e0 l&#039;application et donne \u00e0 votre peau ce dont elle a besoin pour son \u00e9claircissement\" \/>\n<meta name=\"robots\" content=\"index, follow, max-snippet:-1, max-image-preview:large, max-video-preview:-1\" \/>\n<link rel=\"canonical\" href=\"https:\/\/www.cosmetics-ebene.com\/en\/product\/lait-eclaircissant-a-l-huile-de-jojoba\/\" \/>\n<meta property=\"og:locale\" content=\"en_US\" \/>\n<meta property=\"og:type\" content=\"article\" \/>\n<meta property=\"og:title\" content=\"DermoEvolution Lait \u00e9claircissant \u00e0 l&#039;huile de Jojoba\" \/>\n<meta property=\"og:description\" content=\"L&#039;huile de Jojoba pr\u00e9sente dans ce lait le rend particuli\u00e8rement agr\u00e9able \u00e0 l&#039;application et donne \u00e0 votre peau ce dont elle a besoin pour son \u00e9claircissement\" \/>\n<meta property=\"og:url\" content=\"https:\/\/www.cosmetics-ebene.com\/en\/product\/lait-eclaircissant-a-l-huile-de-jojoba\/\" \/>\n<meta property=\"og:site_name\" content=\"Sessi\" \/>\n<meta property=\"article:modified_time\" content=\"2020-08-10T15:38:05+00:00\" \/>\n<meta property=\"og:image\" content=\"https:\/\/www.cosmetics-ebene.com\/wp-content\/uploads\/2016\/01\/Dermo-Lait-Rouge-Site-.jpg\" \/>\n\t<meta property=\"og:image:width\" content=\"1080\" \/>\n\t<meta property=\"og:image:height\" content=\"1500\" \/>\n\t<meta property=\"og:image:type\" content=\"image\/jpeg\" \/>\n<meta name=\"twitter:card\" content=\"summary_large_image\" \/>\n<meta name=\"twitter:label1\" content=\"Est. reading time\" \/>\n\t<meta name=\"twitter:data1\" content=\"1 minute\" \/>\n<script type=\"application\/ld+json\" class=\"yoast-schema-graph\">{\"@context\":\"https:\\\/\\\/schema.org\",\"@graph\":[{\"@type\":\"WebPage\",\"@id\":\"https:\\\/\\\/www.cosmetics-ebene.com\\\/en\\\/product\\\/lait-eclaircissant-a-l-huile-de-jojoba\\\/\",\"url\":\"https:\\\/\\\/www.cosmetics-ebene.com\\\/en\\\/product\\\/lait-eclaircissant-a-l-huile-de-jojoba\\\/\",\"name\":\"DermoEvolution Lait \u00e9claircissant \u00e0 l'huile de Jojoba\",\"isPartOf\":{\"@id\":\"https:\\\/\\\/www.cosmetics-ebene.com\\\/en\\\/#website\"},\"primaryImageOfPage\":{\"@id\":\"https:\\\/\\\/www.cosmetics-ebene.com\\\/en\\\/product\\\/lait-eclaircissant-a-l-huile-de-jojoba\\\/#primaryimage\"},\"image\":{\"@id\":\"https:\\\/\\\/www.cosmetics-ebene.com\\\/en\\\/product\\\/lait-eclaircissant-a-l-huile-de-jojoba\\\/#primaryimage\"},\"thumbnailUrl\":\"https:\\\/\\\/www.cosmetics-ebene.com\\\/wp-content\\\/uploads\\\/2016\\\/01\\\/Dermo-Lait-Rouge-Site-.jpg\",\"datePublished\":\"2016-01-21T20:33:44+00:00\",\"dateModified\":\"2020-08-10T15:38:05+00:00\",\"description\":\"L'huile de Jojoba pr\u00e9sente dans ce lait le rend particuli\u00e8rement agr\u00e9able \u00e0 l'application et donne \u00e0 votre peau ce dont elle a besoin pour son \u00e9claircissement\",\"breadcrumb\":{\"@id\":\"https:\\\/\\\/www.cosmetics-ebene.com\\\/en\\\/product\\\/lait-eclaircissant-a-l-huile-de-jojoba\\\/#breadcrumb\"},\"inLanguage\":\"en-US\",\"potentialAction\":[{\"@type\":\"ReadAction\",\"target\":[\"https:\\\/\\\/www.cosmetics-ebene.com\\\/en\\\/product\\\/lait-eclaircissant-a-l-huile-de-jojoba\\\/\"]}]},{\"@type\":\"ImageObject\",\"inLanguage\":\"en-US\",\"@id\":\"https:\\\/\\\/www.cosmetics-ebene.com\\\/en\\\/product\\\/lait-eclaircissant-a-l-huile-de-jojoba\\\/#primaryimage\",\"url\":\"https:\\\/\\\/www.cosmetics-ebene.com\\\/wp-content\\\/uploads\\\/2016\\\/01\\\/Dermo-Lait-Rouge-Site-.jpg\",\"contentUrl\":\"https:\\\/\\\/www.cosmetics-ebene.com\\\/wp-content\\\/uploads\\\/2016\\\/01\\\/Dermo-Lait-Rouge-Site-.jpg\",\"width\":1080,\"height\":1500},{\"@type\":\"BreadcrumbList\",\"@id\":\"https:\\\/\\\/www.cosmetics-ebene.com\\\/en\\\/product\\\/lait-eclaircissant-a-l-huile-de-jojoba\\\/#breadcrumb\",\"itemListElement\":[{\"@type\":\"ListItem\",\"position\":1,\"name\":\"Home\",\"item\":\"https:\\\/\\\/www.cosmetics-ebene.com\\\/en\\\/\"},{\"@type\":\"ListItem\",\"position\":2,\"name\":\"Shop\",\"item\":\"https:\\\/\\\/www.cosmetics-ebene.com\\\/shop\\\/\"},{\"@type\":\"ListItem\",\"position\":3,\"name\":\"DermoEvolution Lightening Body Lotion with Jojoba Oil 500ml\"}]},{\"@type\":\"WebSite\",\"@id\":\"https:\\\/\\\/www.cosmetics-ebene.com\\\/en\\\/#website\",\"url\":\"https:\\\/\\\/www.cosmetics-ebene.com\\\/en\\\/\",\"name\":\"Sessi\",\"description\":\"Produits de beaut\u00e9 pour peau noires et m\u00e9tiss\u00e9\",\"publisher\":{\"@id\":\"https:\\\/\\\/www.cosmetics-ebene.com\\\/en\\\/#organization\"},\"potentialAction\":[{\"@type\":\"SearchAction\",\"target\":{\"@type\":\"EntryPoint\",\"urlTemplate\":\"https:\\\/\\\/www.cosmetics-ebene.com\\\/en\\\/?s={search_term_string}\"},\"query-input\":{\"@type\":\"PropertyValueSpecification\",\"valueRequired\":true,\"valueName\":\"search_term_string\"}}],\"inLanguage\":\"en-US\"},{\"@type\":\"Organization\",\"@id\":\"https:\\\/\\\/www.cosmetics-ebene.com\\\/en\\\/#organization\",\"name\":\"Sessi\",\"url\":\"https:\\\/\\\/www.cosmetics-ebene.com\\\/en\\\/\",\"logo\":{\"@type\":\"ImageObject\",\"inLanguage\":\"en-US\",\"@id\":\"https:\\\/\\\/www.cosmetics-ebene.com\\\/en\\\/#\\\/schema\\\/logo\\\/image\\\/\",\"url\":\"https:\\\/\\\/www.cosmetics-ebene.com\\\/wp-content\\\/uploads\\\/2024\\\/09\\\/cosmetics-ebene-logo-1-e1727351533275.png\",\"contentUrl\":\"https:\\\/\\\/www.cosmetics-ebene.com\\\/wp-content\\\/uploads\\\/2024\\\/09\\\/cosmetics-ebene-logo-1-e1727351533275.png\",\"width\":350,\"height\":69,\"caption\":\"Sessi\"},\"image\":{\"@id\":\"https:\\\/\\\/www.cosmetics-ebene.com\\\/en\\\/#\\\/schema\\\/logo\\\/image\\\/\"}}]}<\/script>\n<!-- \/ Yoast SEO plugin. -->","yoast_head_json":{"title":"DermoEvolution Lait \u00e9claircissant \u00e0 l'huile de Jojoba","description":"L'huile de Jojoba pr\u00e9sente dans ce lait le rend particuli\u00e8rement agr\u00e9able \u00e0 l'application et donne \u00e0 votre peau ce dont elle a besoin pour son \u00e9claircissement","robots":{"index":"index","follow":"follow","max-snippet":"max-snippet:-1","max-image-preview":"max-image-preview:large","max-video-preview":"max-video-preview:-1"},"canonical":"https:\/\/www.cosmetics-ebene.com\/en\/product\/lait-eclaircissant-a-l-huile-de-jojoba\/","og_locale":"en_US","og_type":"article","og_title":"DermoEvolution Lait \u00e9claircissant \u00e0 l'huile de Jojoba","og_description":"L'huile de Jojoba pr\u00e9sente dans ce lait le rend particuli\u00e8rement agr\u00e9able \u00e0 l'application et donne \u00e0 votre peau ce dont elle a besoin pour son \u00e9claircissement","og_url":"https:\/\/www.cosmetics-ebene.com\/en\/product\/lait-eclaircissant-a-l-huile-de-jojoba\/","og_site_name":"Sessi","article_modified_time":"2020-08-10T15:38:05+00:00","og_image":[{"width":1080,"height":1500,"url":"https:\/\/www.cosmetics-ebene.com\/wp-content\/uploads\/2016\/01\/Dermo-Lait-Rouge-Site-.jpg","type":"image\/jpeg"}],"twitter_card":"summary_large_image","twitter_misc":{"Est. reading time":"1 minute"},"schema":{"@context":"https:\/\/schema.org","@graph":[{"@type":"WebPage","@id":"https:\/\/www.cosmetics-ebene.com\/en\/product\/lait-eclaircissant-a-l-huile-de-jojoba\/","url":"https:\/\/www.cosmetics-ebene.com\/en\/product\/lait-eclaircissant-a-l-huile-de-jojoba\/","name":"DermoEvolution Lait \u00e9claircissant \u00e0 l'huile de Jojoba","isPartOf":{"@id":"https:\/\/www.cosmetics-ebene.com\/en\/#website"},"primaryImageOfPage":{"@id":"https:\/\/www.cosmetics-ebene.com\/en\/product\/lait-eclaircissant-a-l-huile-de-jojoba\/#primaryimage"},"image":{"@id":"https:\/\/www.cosmetics-ebene.com\/en\/product\/lait-eclaircissant-a-l-huile-de-jojoba\/#primaryimage"},"thumbnailUrl":"https:\/\/www.cosmetics-ebene.com\/wp-content\/uploads\/2016\/01\/Dermo-Lait-Rouge-Site-.jpg","datePublished":"2016-01-21T20:33:44+00:00","dateModified":"2020-08-10T15:38:05+00:00","description":"L'huile de Jojoba pr\u00e9sente dans ce lait le rend particuli\u00e8rement agr\u00e9able \u00e0 l'application et donne \u00e0 votre peau ce dont elle a besoin pour son \u00e9claircissement","breadcrumb":{"@id":"https:\/\/www.cosmetics-ebene.com\/en\/product\/lait-eclaircissant-a-l-huile-de-jojoba\/#breadcrumb"},"inLanguage":"en-US","potentialAction":[{"@type":"ReadAction","target":["https:\/\/www.cosmetics-ebene.com\/en\/product\/lait-eclaircissant-a-l-huile-de-jojoba\/"]}]},{"@type":"ImageObject","inLanguage":"en-US","@id":"https:\/\/www.cosmetics-ebene.com\/en\/product\/lait-eclaircissant-a-l-huile-de-jojoba\/#primaryimage","url":"https:\/\/www.cosmetics-ebene.com\/wp-content\/uploads\/2016\/01\/Dermo-Lait-Rouge-Site-.jpg","contentUrl":"https:\/\/www.cosmetics-ebene.com\/wp-content\/uploads\/2016\/01\/Dermo-Lait-Rouge-Site-.jpg","width":1080,"height":1500},{"@type":"BreadcrumbList","@id":"https:\/\/www.cosmetics-ebene.com\/en\/product\/lait-eclaircissant-a-l-huile-de-jojoba\/#breadcrumb","itemListElement":[{"@type":"ListItem","position":1,"name":"Home","item":"https:\/\/www.cosmetics-ebene.com\/en\/"},{"@type":"ListItem","position":2,"name":"Shop","item":"https:\/\/www.cosmetics-ebene.com\/shop\/"},{"@type":"ListItem","position":3,"name":"DermoEvolution Lightening Body Lotion with Jojoba Oil 500ml"}]},{"@type":"WebSite","@id":"https:\/\/www.cosmetics-ebene.com\/en\/#website","url":"https:\/\/www.cosmetics-ebene.com\/en\/","name":"Sessi","description":"Produits de beaut\u00e9 pour peau noires et m\u00e9tiss\u00e9","publisher":{"@id":"https:\/\/www.cosmetics-ebene.com\/en\/#organization"},"potentialAction":[{"@type":"SearchAction","target":{"@type":"EntryPoint","urlTemplate":"https:\/\/www.cosmetics-ebene.com\/en\/?s={search_term_string}"},"query-input":{"@type":"PropertyValueSpecification","valueRequired":true,"valueName":"search_term_string"}}],"inLanguage":"en-US"},{"@type":"Organization","@id":"https:\/\/www.cosmetics-ebene.com\/en\/#organization","name":"Sessi","url":"https:\/\/www.cosmetics-ebene.com\/en\/","logo":{"@type":"ImageObject","inLanguage":"en-US","@id":"https:\/\/www.cosmetics-ebene.com\/en\/#\/schema\/logo\/image\/","url":"https:\/\/www.cosmetics-ebene.com\/wp-content\/uploads\/2024\/09\/cosmetics-ebene-logo-1-e1727351533275.png","contentUrl":"https:\/\/www.cosmetics-ebene.com\/wp-content\/uploads\/2024\/09\/cosmetics-ebene-logo-1-e1727351533275.png","width":350,"height":69,"caption":"Sessi"},"image":{"@id":"https:\/\/www.cosmetics-ebene.com\/en\/#\/schema\/logo\/image\/"}}]}},"_links":{"self":[{"href":"https:\/\/www.cosmetics-ebene.com\/en\/wp-json\/wp\/v2\/product\/9492","targetHints":{"allow":["GET"]}}],"collection":[{"href":"https:\/\/www.cosmetics-ebene.com\/en\/wp-json\/wp\/v2\/product"}],"about":[{"href":"https:\/\/www.cosmetics-ebene.com\/en\/wp-json\/wp\/v2\/types\/product"}],"replies":[{"embeddable":true,"href":"https:\/\/www.cosmetics-ebene.com\/en\/wp-json\/wp\/v2\/comments?post=9492"}],"version-history":[{"count":0,"href":"https:\/\/www.cosmetics-ebene.com\/en\/wp-json\/wp\/v2\/product\/9492\/revisions"}],"wp:featuredmedia":[{"embeddable":true,"href":"https:\/\/www.cosmetics-ebene.com\/en\/wp-json\/wp\/v2\/media\/19710"}],"wp:attachment":[{"href":"https:\/\/www.cosmetics-ebene.com\/en\/wp-json\/wp\/v2\/media?parent=9492"}],"wp:term":[{"taxonomy":"product_brand","embeddable":true,"href":"https:\/\/www.cosmetics-ebene.com\/en\/wp-json\/wp\/v2\/product_brand?post=9492"},{"taxonomy":"product_cat","embeddable":true,"href":"https:\/\/www.cosmetics-ebene.com\/en\/wp-json\/wp\/v2\/product_cat?post=9492"},{"taxonomy":"product_tag","embeddable":true,"href":"https:\/\/www.cosmetics-ebene.com\/en\/wp-json\/wp\/v2\/product_tag?post=9492"}],"curies":[{"name":"wp","href":"https:\/\/api.w.org\/{rel}","templated":true}]}}