{"id":9510,"date":"2016-04-29T09:33:31","date_gmt":"2016-04-29T09:33:31","guid":{"rendered":"https:\/\/preprod.cosmetics-ebene.com\/?product=dermoevolution-traitement-capillaire-fortifiant-a-l-huile-de-jojoba"},"modified":"2022-01-18T12:38:10","modified_gmt":"2022-01-18T12:38:10","slug":"dermoevolution-traitement-capillaire-fortifiant-a-l-huile-de-jojoba","status":"publish","type":"product","link":"https:\/\/www.cosmetics-ebene.com\/en\/product\/dermoevolution-traitement-capillaire-fortifiant-a-l-huile-de-jojoba\/","title":{"rendered":"Dermo Evolution Strengthening hair treatment with Jojoba Oil"},"content":{"rendered":"<p>Le Traitement capillaire fortifiant \u00e0 l&#8217;huile de Jojoba DermoEvolution est l&#8217;alli\u00e9 parfait pour les cheveux d\u00e9vitalis\u00e9s et fragiles. Pour ce traitement de 10 jours utiliser le contenu d&#8217;une ampoule sur le cuir chevelu en le massant \u00e0 raison d&#8217;une ampoule par jour.<\/p>\n<p>L&#8217;Utilisation est d&#8217;usage externe\u00a0<\/p>\n","protected":false},"excerpt":{"rendered":"<p>The strengthening hair treatment with Jojoba oil DermoEvolution is the perfect ally for devitalized and brittle hair. For this 10 days treatment use the content of a phial on the scalp bymassaging it at the rate of a phial a day.<br \/>\nExternal use\u00a0<\/p>\n","protected":false},"featured_media":19722,"comment_status":"open","ping_status":"closed","template":"","meta":[],"product_brand":[269],"product_cat":[302,348,386],"product_tag":[],"class_list":{"0":"post-9510","1":"product","2":"type-product","3":"status-publish","4":"has-post-thumbnail","6":"product_brand-dermoevolution","7":"product_cat-dermoevolution-en","8":"product_cat-hair","9":"product_cat-traitement-soins-capillaire-en","10":"pa_une-marque-dermoevolution-en","11":"pa_une-solution-pour-cheveux-mes-cheveux-sont-fins-et-tombent-en","14":"instock","15":"taxable","16":"shipping-taxable","17":"purchasable","18":"product-type-simple"},"yoast_head":"<!-- This site is optimized with the Yoast SEO plugin v27.3 - https:\/\/yoast.com\/product\/yoast-seo-wordpress\/ -->\n<title>DermoEvolution Traitement Capillaire Fortifiant \u00e0 l&#039;Huile de Jojoba<\/title>\n<meta name=\"description\" content=\"Le Traitement capillaire fortifiant \u00e0 l&#039;huile de Jojoba DermoEvolution est l&#039;alli\u00e9 parfait pour les cheveux d\u00e9vitalis\u00e9s et fragiles.\" \/>\n<meta name=\"robots\" content=\"index, follow, max-snippet:-1, max-image-preview:large, max-video-preview:-1\" \/>\n<link rel=\"canonical\" href=\"https:\/\/www.cosmetics-ebene.com\/en\/product\/dermoevolution-traitement-capillaire-fortifiant-a-l-huile-de-jojoba\/\" \/>\n<meta property=\"og:locale\" content=\"en_US\" \/>\n<meta property=\"og:type\" content=\"article\" \/>\n<meta property=\"og:title\" content=\"DermoEvolution Traitement Capillaire Fortifiant \u00e0 l&#039;Huile de Jojoba\" \/>\n<meta property=\"og:description\" content=\"Le Traitement capillaire fortifiant \u00e0 l&#039;huile de Jojoba DermoEvolution est l&#039;alli\u00e9 parfait pour les cheveux d\u00e9vitalis\u00e9s et fragiles.\" \/>\n<meta property=\"og:url\" content=\"https:\/\/www.cosmetics-ebene.com\/en\/product\/dermoevolution-traitement-capillaire-fortifiant-a-l-huile-de-jojoba\/\" \/>\n<meta property=\"og:site_name\" content=\"Sessi\" \/>\n<meta property=\"article:modified_time\" content=\"2022-01-18T12:38:10+00:00\" \/>\n<meta property=\"og:image\" content=\"https:\/\/www.cosmetics-ebene.com\/wp-content\/uploads\/2016\/04\/Dermo-Ampoule-Jojoba-site.jpg\" \/>\n\t<meta property=\"og:image:width\" content=\"1080\" \/>\n\t<meta property=\"og:image:height\" content=\"1500\" \/>\n\t<meta property=\"og:image:type\" content=\"image\/jpeg\" \/>\n<meta name=\"twitter:card\" content=\"summary_large_image\" \/>\n<script type=\"application\/ld+json\" class=\"yoast-schema-graph\">{\"@context\":\"https:\\\/\\\/schema.org\",\"@graph\":[{\"@type\":\"WebPage\",\"@id\":\"https:\\\/\\\/www.cosmetics-ebene.com\\\/en\\\/product\\\/dermoevolution-traitement-capillaire-fortifiant-a-l-huile-de-jojoba\\\/\",\"url\":\"https:\\\/\\\/www.cosmetics-ebene.com\\\/en\\\/product\\\/dermoevolution-traitement-capillaire-fortifiant-a-l-huile-de-jojoba\\\/\",\"name\":\"DermoEvolution Traitement Capillaire Fortifiant \u00e0 l'Huile de Jojoba\",\"isPartOf\":{\"@id\":\"https:\\\/\\\/www.cosmetics-ebene.com\\\/en\\\/#website\"},\"primaryImageOfPage\":{\"@id\":\"https:\\\/\\\/www.cosmetics-ebene.com\\\/en\\\/product\\\/dermoevolution-traitement-capillaire-fortifiant-a-l-huile-de-jojoba\\\/#primaryimage\"},\"image\":{\"@id\":\"https:\\\/\\\/www.cosmetics-ebene.com\\\/en\\\/product\\\/dermoevolution-traitement-capillaire-fortifiant-a-l-huile-de-jojoba\\\/#primaryimage\"},\"thumbnailUrl\":\"https:\\\/\\\/www.cosmetics-ebene.com\\\/wp-content\\\/uploads\\\/2016\\\/04\\\/Dermo-Ampoule-Jojoba-site.jpg\",\"datePublished\":\"2016-04-29T09:33:31+00:00\",\"dateModified\":\"2022-01-18T12:38:10+00:00\",\"description\":\"Le Traitement capillaire fortifiant \u00e0 l'huile de Jojoba DermoEvolution est l'alli\u00e9 parfait pour les cheveux d\u00e9vitalis\u00e9s et fragiles.\",\"breadcrumb\":{\"@id\":\"https:\\\/\\\/www.cosmetics-ebene.com\\\/en\\\/product\\\/dermoevolution-traitement-capillaire-fortifiant-a-l-huile-de-jojoba\\\/#breadcrumb\"},\"inLanguage\":\"en-US\",\"potentialAction\":[{\"@type\":\"ReadAction\",\"target\":[\"https:\\\/\\\/www.cosmetics-ebene.com\\\/en\\\/product\\\/dermoevolution-traitement-capillaire-fortifiant-a-l-huile-de-jojoba\\\/\"]}]},{\"@type\":\"ImageObject\",\"inLanguage\":\"en-US\",\"@id\":\"https:\\\/\\\/www.cosmetics-ebene.com\\\/en\\\/product\\\/dermoevolution-traitement-capillaire-fortifiant-a-l-huile-de-jojoba\\\/#primaryimage\",\"url\":\"https:\\\/\\\/www.cosmetics-ebene.com\\\/wp-content\\\/uploads\\\/2016\\\/04\\\/Dermo-Ampoule-Jojoba-site.jpg\",\"contentUrl\":\"https:\\\/\\\/www.cosmetics-ebene.com\\\/wp-content\\\/uploads\\\/2016\\\/04\\\/Dermo-Ampoule-Jojoba-site.jpg\",\"width\":1080,\"height\":1500},{\"@type\":\"BreadcrumbList\",\"@id\":\"https:\\\/\\\/www.cosmetics-ebene.com\\\/en\\\/product\\\/dermoevolution-traitement-capillaire-fortifiant-a-l-huile-de-jojoba\\\/#breadcrumb\",\"itemListElement\":[{\"@type\":\"ListItem\",\"position\":1,\"name\":\"Home\",\"item\":\"https:\\\/\\\/www.cosmetics-ebene.com\\\/en\\\/\"},{\"@type\":\"ListItem\",\"position\":2,\"name\":\"Shop\",\"item\":\"https:\\\/\\\/www.cosmetics-ebene.com\\\/shop\\\/\"},{\"@type\":\"ListItem\",\"position\":3,\"name\":\"Dermo Evolution Strengthening hair treatment with Jojoba Oil\"}]},{\"@type\":\"WebSite\",\"@id\":\"https:\\\/\\\/www.cosmetics-ebene.com\\\/en\\\/#website\",\"url\":\"https:\\\/\\\/www.cosmetics-ebene.com\\\/en\\\/\",\"name\":\"Sessi\",\"description\":\"Produits de beaut\u00e9 pour peau noires et m\u00e9tiss\u00e9\",\"publisher\":{\"@id\":\"https:\\\/\\\/www.cosmetics-ebene.com\\\/en\\\/#organization\"},\"potentialAction\":[{\"@type\":\"SearchAction\",\"target\":{\"@type\":\"EntryPoint\",\"urlTemplate\":\"https:\\\/\\\/www.cosmetics-ebene.com\\\/en\\\/?s={search_term_string}\"},\"query-input\":{\"@type\":\"PropertyValueSpecification\",\"valueRequired\":true,\"valueName\":\"search_term_string\"}}],\"inLanguage\":\"en-US\"},{\"@type\":\"Organization\",\"@id\":\"https:\\\/\\\/www.cosmetics-ebene.com\\\/en\\\/#organization\",\"name\":\"Sessi\",\"url\":\"https:\\\/\\\/www.cosmetics-ebene.com\\\/en\\\/\",\"logo\":{\"@type\":\"ImageObject\",\"inLanguage\":\"en-US\",\"@id\":\"https:\\\/\\\/www.cosmetics-ebene.com\\\/en\\\/#\\\/schema\\\/logo\\\/image\\\/\",\"url\":\"https:\\\/\\\/www.cosmetics-ebene.com\\\/wp-content\\\/uploads\\\/2024\\\/09\\\/cosmetics-ebene-logo-1-e1727351533275.png\",\"contentUrl\":\"https:\\\/\\\/www.cosmetics-ebene.com\\\/wp-content\\\/uploads\\\/2024\\\/09\\\/cosmetics-ebene-logo-1-e1727351533275.png\",\"width\":350,\"height\":69,\"caption\":\"Sessi\"},\"image\":{\"@id\":\"https:\\\/\\\/www.cosmetics-ebene.com\\\/en\\\/#\\\/schema\\\/logo\\\/image\\\/\"}}]}<\/script>\n<!-- \/ Yoast SEO plugin. -->","yoast_head_json":{"title":"DermoEvolution Traitement Capillaire Fortifiant \u00e0 l'Huile de Jojoba","description":"Le Traitement capillaire fortifiant \u00e0 l'huile de Jojoba DermoEvolution est l'alli\u00e9 parfait pour les cheveux d\u00e9vitalis\u00e9s et fragiles.","robots":{"index":"index","follow":"follow","max-snippet":"max-snippet:-1","max-image-preview":"max-image-preview:large","max-video-preview":"max-video-preview:-1"},"canonical":"https:\/\/www.cosmetics-ebene.com\/en\/product\/dermoevolution-traitement-capillaire-fortifiant-a-l-huile-de-jojoba\/","og_locale":"en_US","og_type":"article","og_title":"DermoEvolution Traitement Capillaire Fortifiant \u00e0 l'Huile de Jojoba","og_description":"Le Traitement capillaire fortifiant \u00e0 l'huile de Jojoba DermoEvolution est l'alli\u00e9 parfait pour les cheveux d\u00e9vitalis\u00e9s et fragiles.","og_url":"https:\/\/www.cosmetics-ebene.com\/en\/product\/dermoevolution-traitement-capillaire-fortifiant-a-l-huile-de-jojoba\/","og_site_name":"Sessi","article_modified_time":"2022-01-18T12:38:10+00:00","og_image":[{"width":1080,"height":1500,"url":"https:\/\/www.cosmetics-ebene.com\/wp-content\/uploads\/2016\/04\/Dermo-Ampoule-Jojoba-site.jpg","type":"image\/jpeg"}],"twitter_card":"summary_large_image","schema":{"@context":"https:\/\/schema.org","@graph":[{"@type":"WebPage","@id":"https:\/\/www.cosmetics-ebene.com\/en\/product\/dermoevolution-traitement-capillaire-fortifiant-a-l-huile-de-jojoba\/","url":"https:\/\/www.cosmetics-ebene.com\/en\/product\/dermoevolution-traitement-capillaire-fortifiant-a-l-huile-de-jojoba\/","name":"DermoEvolution Traitement Capillaire Fortifiant \u00e0 l'Huile de Jojoba","isPartOf":{"@id":"https:\/\/www.cosmetics-ebene.com\/en\/#website"},"primaryImageOfPage":{"@id":"https:\/\/www.cosmetics-ebene.com\/en\/product\/dermoevolution-traitement-capillaire-fortifiant-a-l-huile-de-jojoba\/#primaryimage"},"image":{"@id":"https:\/\/www.cosmetics-ebene.com\/en\/product\/dermoevolution-traitement-capillaire-fortifiant-a-l-huile-de-jojoba\/#primaryimage"},"thumbnailUrl":"https:\/\/www.cosmetics-ebene.com\/wp-content\/uploads\/2016\/04\/Dermo-Ampoule-Jojoba-site.jpg","datePublished":"2016-04-29T09:33:31+00:00","dateModified":"2022-01-18T12:38:10+00:00","description":"Le Traitement capillaire fortifiant \u00e0 l'huile de Jojoba DermoEvolution est l'alli\u00e9 parfait pour les cheveux d\u00e9vitalis\u00e9s et fragiles.","breadcrumb":{"@id":"https:\/\/www.cosmetics-ebene.com\/en\/product\/dermoevolution-traitement-capillaire-fortifiant-a-l-huile-de-jojoba\/#breadcrumb"},"inLanguage":"en-US","potentialAction":[{"@type":"ReadAction","target":["https:\/\/www.cosmetics-ebene.com\/en\/product\/dermoevolution-traitement-capillaire-fortifiant-a-l-huile-de-jojoba\/"]}]},{"@type":"ImageObject","inLanguage":"en-US","@id":"https:\/\/www.cosmetics-ebene.com\/en\/product\/dermoevolution-traitement-capillaire-fortifiant-a-l-huile-de-jojoba\/#primaryimage","url":"https:\/\/www.cosmetics-ebene.com\/wp-content\/uploads\/2016\/04\/Dermo-Ampoule-Jojoba-site.jpg","contentUrl":"https:\/\/www.cosmetics-ebene.com\/wp-content\/uploads\/2016\/04\/Dermo-Ampoule-Jojoba-site.jpg","width":1080,"height":1500},{"@type":"BreadcrumbList","@id":"https:\/\/www.cosmetics-ebene.com\/en\/product\/dermoevolution-traitement-capillaire-fortifiant-a-l-huile-de-jojoba\/#breadcrumb","itemListElement":[{"@type":"ListItem","position":1,"name":"Home","item":"https:\/\/www.cosmetics-ebene.com\/en\/"},{"@type":"ListItem","position":2,"name":"Shop","item":"https:\/\/www.cosmetics-ebene.com\/shop\/"},{"@type":"ListItem","position":3,"name":"Dermo Evolution Strengthening hair treatment with Jojoba Oil"}]},{"@type":"WebSite","@id":"https:\/\/www.cosmetics-ebene.com\/en\/#website","url":"https:\/\/www.cosmetics-ebene.com\/en\/","name":"Sessi","description":"Produits de beaut\u00e9 pour peau noires et m\u00e9tiss\u00e9","publisher":{"@id":"https:\/\/www.cosmetics-ebene.com\/en\/#organization"},"potentialAction":[{"@type":"SearchAction","target":{"@type":"EntryPoint","urlTemplate":"https:\/\/www.cosmetics-ebene.com\/en\/?s={search_term_string}"},"query-input":{"@type":"PropertyValueSpecification","valueRequired":true,"valueName":"search_term_string"}}],"inLanguage":"en-US"},{"@type":"Organization","@id":"https:\/\/www.cosmetics-ebene.com\/en\/#organization","name":"Sessi","url":"https:\/\/www.cosmetics-ebene.com\/en\/","logo":{"@type":"ImageObject","inLanguage":"en-US","@id":"https:\/\/www.cosmetics-ebene.com\/en\/#\/schema\/logo\/image\/","url":"https:\/\/www.cosmetics-ebene.com\/wp-content\/uploads\/2024\/09\/cosmetics-ebene-logo-1-e1727351533275.png","contentUrl":"https:\/\/www.cosmetics-ebene.com\/wp-content\/uploads\/2024\/09\/cosmetics-ebene-logo-1-e1727351533275.png","width":350,"height":69,"caption":"Sessi"},"image":{"@id":"https:\/\/www.cosmetics-ebene.com\/en\/#\/schema\/logo\/image\/"}}]}},"_links":{"self":[{"href":"https:\/\/www.cosmetics-ebene.com\/en\/wp-json\/wp\/v2\/product\/9510","targetHints":{"allow":["GET"]}}],"collection":[{"href":"https:\/\/www.cosmetics-ebene.com\/en\/wp-json\/wp\/v2\/product"}],"about":[{"href":"https:\/\/www.cosmetics-ebene.com\/en\/wp-json\/wp\/v2\/types\/product"}],"replies":[{"embeddable":true,"href":"https:\/\/www.cosmetics-ebene.com\/en\/wp-json\/wp\/v2\/comments?post=9510"}],"version-history":[{"count":0,"href":"https:\/\/www.cosmetics-ebene.com\/en\/wp-json\/wp\/v2\/product\/9510\/revisions"}],"wp:featuredmedia":[{"embeddable":true,"href":"https:\/\/www.cosmetics-ebene.com\/en\/wp-json\/wp\/v2\/media\/19722"}],"wp:attachment":[{"href":"https:\/\/www.cosmetics-ebene.com\/en\/wp-json\/wp\/v2\/media?parent=9510"}],"wp:term":[{"taxonomy":"product_brand","embeddable":true,"href":"https:\/\/www.cosmetics-ebene.com\/en\/wp-json\/wp\/v2\/product_brand?post=9510"},{"taxonomy":"product_cat","embeddable":true,"href":"https:\/\/www.cosmetics-ebene.com\/en\/wp-json\/wp\/v2\/product_cat?post=9510"},{"taxonomy":"product_tag","embeddable":true,"href":"https:\/\/www.cosmetics-ebene.com\/en\/wp-json\/wp\/v2\/product_tag?post=9510"}],"curies":[{"name":"wp","href":"https:\/\/api.w.org\/{rel}","templated":true}]}}