{"id":9516,"date":"2016-04-29T09:43:20","date_gmt":"2016-04-29T09:43:20","guid":{"rendered":"https:\/\/preprod.cosmetics-ebene.com\/?product=traitement-capillaire-nourrissant-a-l-huile-de-karite"},"modified":"2022-01-18T12:48:45","modified_gmt":"2022-01-18T12:48:45","slug":"traitement-capillaire-nourrissant-a-l-huile-de-karite","status":"publish","type":"product","link":"https:\/\/www.cosmetics-ebene.com\/en\/product\/traitement-capillaire-nourrissant-a-l-huile-de-karite\/","title":{"rendered":"DermoEvolution Nourishing Hair Treatment with Shea Oil"},"content":{"rendered":"<ul>\n<li>Traitement capillaire de 10 jours pour nourrir \u00e0 la racine vos cheveux<\/li>\n<li>Aide \u00e0 la pousse des cheveux gr\u00e2ce aux \u00e9l\u00e9ments nutritifs apport\u00e9s par le traitement<\/li>\n<li>A appliquer sur le cuir chevelu<\/li>\n<li>Produit fabriqu\u00e9 en France<\/li>\n<\/ul>\n","protected":false},"excerpt":{"rendered":"<p>The nourishing hair treatment with Shea oil DermoEvolution is perfect for dull and breakable hair. For this 10 days treatment use the content of a phial on the scalp by massaging it at the rate of a phial a day.<br \/>\nExternal use<\/p>\n","protected":false},"featured_media":19725,"comment_status":"open","ping_status":"closed","template":"","meta":[],"product_brand":[269],"product_cat":[302,348,386],"product_tag":[],"class_list":{"0":"post-9516","1":"product","2":"type-product","3":"status-publish","4":"has-post-thumbnail","6":"product_brand-dermoevolution","7":"product_cat-dermoevolution-en","8":"product_cat-hair","9":"product_cat-traitement-soins-capillaire-en","10":"pa_je-suis-toutes-categories-confondues-en","11":"pa_une-marque-dermoevolution-en","12":"pa_une-solution-pour-cheveux-jai-les-cheveux-abimes-et-cassants-en","15":"instock","16":"taxable","17":"shipping-taxable","18":"purchasable","19":"product-type-simple"},"yoast_head":"<!-- This site is optimized with the Yoast SEO plugin v27.3 - https:\/\/yoast.com\/product\/yoast-seo-wordpress\/ -->\n<title>DermoEvolution Traitement Capillaire Nourrissant \u00e0 l&#039;Huile de Karit\u00e9<\/title>\n<meta name=\"description\" content=\"Le traitement capillaire \u00e0 l&#039;huile de Karit\u00e9 DermoEvolution est parfait pour les cheveux ternes et cassants.\" \/>\n<meta name=\"robots\" content=\"index, follow, max-snippet:-1, max-image-preview:large, max-video-preview:-1\" \/>\n<link rel=\"canonical\" href=\"https:\/\/www.cosmetics-ebene.com\/en\/product\/traitement-capillaire-nourrissant-a-l-huile-de-karite\/\" \/>\n<meta property=\"og:locale\" content=\"en_US\" \/>\n<meta property=\"og:type\" content=\"article\" \/>\n<meta property=\"og:title\" content=\"DermoEvolution Traitement Capillaire Nourrissant \u00e0 l&#039;Huile de Karit\u00e9\" \/>\n<meta property=\"og:description\" content=\"Le traitement capillaire \u00e0 l&#039;huile de Karit\u00e9 DermoEvolution est parfait pour les cheveux ternes et cassants.\" \/>\n<meta property=\"og:url\" content=\"https:\/\/www.cosmetics-ebene.com\/en\/product\/traitement-capillaire-nourrissant-a-l-huile-de-karite\/\" \/>\n<meta property=\"og:site_name\" content=\"Sessi\" \/>\n<meta property=\"article:modified_time\" content=\"2022-01-18T12:48:45+00:00\" \/>\n<meta property=\"og:image\" content=\"https:\/\/www.cosmetics-ebene.com\/wp-content\/uploads\/2016\/04\/Dermo-Ampoule-Karite-Site.jpg\" \/>\n\t<meta property=\"og:image:width\" content=\"1080\" \/>\n\t<meta property=\"og:image:height\" content=\"1500\" \/>\n\t<meta property=\"og:image:type\" content=\"image\/jpeg\" \/>\n<meta name=\"twitter:card\" content=\"summary_large_image\" \/>\n<script type=\"application\/ld+json\" class=\"yoast-schema-graph\">{\"@context\":\"https:\\\/\\\/schema.org\",\"@graph\":[{\"@type\":\"WebPage\",\"@id\":\"https:\\\/\\\/www.cosmetics-ebene.com\\\/en\\\/product\\\/traitement-capillaire-nourrissant-a-l-huile-de-karite\\\/\",\"url\":\"https:\\\/\\\/www.cosmetics-ebene.com\\\/en\\\/product\\\/traitement-capillaire-nourrissant-a-l-huile-de-karite\\\/\",\"name\":\"DermoEvolution Traitement Capillaire Nourrissant \u00e0 l'Huile de Karit\u00e9\",\"isPartOf\":{\"@id\":\"https:\\\/\\\/www.cosmetics-ebene.com\\\/en\\\/#website\"},\"primaryImageOfPage\":{\"@id\":\"https:\\\/\\\/www.cosmetics-ebene.com\\\/en\\\/product\\\/traitement-capillaire-nourrissant-a-l-huile-de-karite\\\/#primaryimage\"},\"image\":{\"@id\":\"https:\\\/\\\/www.cosmetics-ebene.com\\\/en\\\/product\\\/traitement-capillaire-nourrissant-a-l-huile-de-karite\\\/#primaryimage\"},\"thumbnailUrl\":\"https:\\\/\\\/www.cosmetics-ebene.com\\\/wp-content\\\/uploads\\\/2016\\\/04\\\/Dermo-Ampoule-Karite-Site.jpg\",\"datePublished\":\"2016-04-29T09:43:20+00:00\",\"dateModified\":\"2022-01-18T12:48:45+00:00\",\"description\":\"Le traitement capillaire \u00e0 l'huile de Karit\u00e9 DermoEvolution est parfait pour les cheveux ternes et cassants.\",\"breadcrumb\":{\"@id\":\"https:\\\/\\\/www.cosmetics-ebene.com\\\/en\\\/product\\\/traitement-capillaire-nourrissant-a-l-huile-de-karite\\\/#breadcrumb\"},\"inLanguage\":\"en-US\",\"potentialAction\":[{\"@type\":\"ReadAction\",\"target\":[\"https:\\\/\\\/www.cosmetics-ebene.com\\\/en\\\/product\\\/traitement-capillaire-nourrissant-a-l-huile-de-karite\\\/\"]}]},{\"@type\":\"ImageObject\",\"inLanguage\":\"en-US\",\"@id\":\"https:\\\/\\\/www.cosmetics-ebene.com\\\/en\\\/product\\\/traitement-capillaire-nourrissant-a-l-huile-de-karite\\\/#primaryimage\",\"url\":\"https:\\\/\\\/www.cosmetics-ebene.com\\\/wp-content\\\/uploads\\\/2016\\\/04\\\/Dermo-Ampoule-Karite-Site.jpg\",\"contentUrl\":\"https:\\\/\\\/www.cosmetics-ebene.com\\\/wp-content\\\/uploads\\\/2016\\\/04\\\/Dermo-Ampoule-Karite-Site.jpg\",\"width\":1080,\"height\":1500},{\"@type\":\"BreadcrumbList\",\"@id\":\"https:\\\/\\\/www.cosmetics-ebene.com\\\/en\\\/product\\\/traitement-capillaire-nourrissant-a-l-huile-de-karite\\\/#breadcrumb\",\"itemListElement\":[{\"@type\":\"ListItem\",\"position\":1,\"name\":\"Home\",\"item\":\"https:\\\/\\\/www.cosmetics-ebene.com\\\/en\\\/\"},{\"@type\":\"ListItem\",\"position\":2,\"name\":\"Shop\",\"item\":\"https:\\\/\\\/www.cosmetics-ebene.com\\\/shop\\\/\"},{\"@type\":\"ListItem\",\"position\":3,\"name\":\"DermoEvolution Nourishing Hair Treatment with Shea Oil\"}]},{\"@type\":\"WebSite\",\"@id\":\"https:\\\/\\\/www.cosmetics-ebene.com\\\/en\\\/#website\",\"url\":\"https:\\\/\\\/www.cosmetics-ebene.com\\\/en\\\/\",\"name\":\"Sessi\",\"description\":\"Produits de beaut\u00e9 pour peau noires et m\u00e9tiss\u00e9\",\"publisher\":{\"@id\":\"https:\\\/\\\/www.cosmetics-ebene.com\\\/en\\\/#organization\"},\"potentialAction\":[{\"@type\":\"SearchAction\",\"target\":{\"@type\":\"EntryPoint\",\"urlTemplate\":\"https:\\\/\\\/www.cosmetics-ebene.com\\\/en\\\/?s={search_term_string}\"},\"query-input\":{\"@type\":\"PropertyValueSpecification\",\"valueRequired\":true,\"valueName\":\"search_term_string\"}}],\"inLanguage\":\"en-US\"},{\"@type\":\"Organization\",\"@id\":\"https:\\\/\\\/www.cosmetics-ebene.com\\\/en\\\/#organization\",\"name\":\"Sessi\",\"url\":\"https:\\\/\\\/www.cosmetics-ebene.com\\\/en\\\/\",\"logo\":{\"@type\":\"ImageObject\",\"inLanguage\":\"en-US\",\"@id\":\"https:\\\/\\\/www.cosmetics-ebene.com\\\/en\\\/#\\\/schema\\\/logo\\\/image\\\/\",\"url\":\"https:\\\/\\\/www.cosmetics-ebene.com\\\/wp-content\\\/uploads\\\/2024\\\/09\\\/cosmetics-ebene-logo-1-e1727351533275.png\",\"contentUrl\":\"https:\\\/\\\/www.cosmetics-ebene.com\\\/wp-content\\\/uploads\\\/2024\\\/09\\\/cosmetics-ebene-logo-1-e1727351533275.png\",\"width\":350,\"height\":69,\"caption\":\"Sessi\"},\"image\":{\"@id\":\"https:\\\/\\\/www.cosmetics-ebene.com\\\/en\\\/#\\\/schema\\\/logo\\\/image\\\/\"}}]}<\/script>\n<!-- \/ Yoast SEO plugin. -->","yoast_head_json":{"title":"DermoEvolution Traitement Capillaire Nourrissant \u00e0 l'Huile de Karit\u00e9","description":"Le traitement capillaire \u00e0 l'huile de Karit\u00e9 DermoEvolution est parfait pour les cheveux ternes et cassants.","robots":{"index":"index","follow":"follow","max-snippet":"max-snippet:-1","max-image-preview":"max-image-preview:large","max-video-preview":"max-video-preview:-1"},"canonical":"https:\/\/www.cosmetics-ebene.com\/en\/product\/traitement-capillaire-nourrissant-a-l-huile-de-karite\/","og_locale":"en_US","og_type":"article","og_title":"DermoEvolution Traitement Capillaire Nourrissant \u00e0 l'Huile de Karit\u00e9","og_description":"Le traitement capillaire \u00e0 l'huile de Karit\u00e9 DermoEvolution est parfait pour les cheveux ternes et cassants.","og_url":"https:\/\/www.cosmetics-ebene.com\/en\/product\/traitement-capillaire-nourrissant-a-l-huile-de-karite\/","og_site_name":"Sessi","article_modified_time":"2022-01-18T12:48:45+00:00","og_image":[{"width":1080,"height":1500,"url":"https:\/\/www.cosmetics-ebene.com\/wp-content\/uploads\/2016\/04\/Dermo-Ampoule-Karite-Site.jpg","type":"image\/jpeg"}],"twitter_card":"summary_large_image","schema":{"@context":"https:\/\/schema.org","@graph":[{"@type":"WebPage","@id":"https:\/\/www.cosmetics-ebene.com\/en\/product\/traitement-capillaire-nourrissant-a-l-huile-de-karite\/","url":"https:\/\/www.cosmetics-ebene.com\/en\/product\/traitement-capillaire-nourrissant-a-l-huile-de-karite\/","name":"DermoEvolution Traitement Capillaire Nourrissant \u00e0 l'Huile de Karit\u00e9","isPartOf":{"@id":"https:\/\/www.cosmetics-ebene.com\/en\/#website"},"primaryImageOfPage":{"@id":"https:\/\/www.cosmetics-ebene.com\/en\/product\/traitement-capillaire-nourrissant-a-l-huile-de-karite\/#primaryimage"},"image":{"@id":"https:\/\/www.cosmetics-ebene.com\/en\/product\/traitement-capillaire-nourrissant-a-l-huile-de-karite\/#primaryimage"},"thumbnailUrl":"https:\/\/www.cosmetics-ebene.com\/wp-content\/uploads\/2016\/04\/Dermo-Ampoule-Karite-Site.jpg","datePublished":"2016-04-29T09:43:20+00:00","dateModified":"2022-01-18T12:48:45+00:00","description":"Le traitement capillaire \u00e0 l'huile de Karit\u00e9 DermoEvolution est parfait pour les cheveux ternes et cassants.","breadcrumb":{"@id":"https:\/\/www.cosmetics-ebene.com\/en\/product\/traitement-capillaire-nourrissant-a-l-huile-de-karite\/#breadcrumb"},"inLanguage":"en-US","potentialAction":[{"@type":"ReadAction","target":["https:\/\/www.cosmetics-ebene.com\/en\/product\/traitement-capillaire-nourrissant-a-l-huile-de-karite\/"]}]},{"@type":"ImageObject","inLanguage":"en-US","@id":"https:\/\/www.cosmetics-ebene.com\/en\/product\/traitement-capillaire-nourrissant-a-l-huile-de-karite\/#primaryimage","url":"https:\/\/www.cosmetics-ebene.com\/wp-content\/uploads\/2016\/04\/Dermo-Ampoule-Karite-Site.jpg","contentUrl":"https:\/\/www.cosmetics-ebene.com\/wp-content\/uploads\/2016\/04\/Dermo-Ampoule-Karite-Site.jpg","width":1080,"height":1500},{"@type":"BreadcrumbList","@id":"https:\/\/www.cosmetics-ebene.com\/en\/product\/traitement-capillaire-nourrissant-a-l-huile-de-karite\/#breadcrumb","itemListElement":[{"@type":"ListItem","position":1,"name":"Home","item":"https:\/\/www.cosmetics-ebene.com\/en\/"},{"@type":"ListItem","position":2,"name":"Shop","item":"https:\/\/www.cosmetics-ebene.com\/shop\/"},{"@type":"ListItem","position":3,"name":"DermoEvolution Nourishing Hair Treatment with Shea Oil"}]},{"@type":"WebSite","@id":"https:\/\/www.cosmetics-ebene.com\/en\/#website","url":"https:\/\/www.cosmetics-ebene.com\/en\/","name":"Sessi","description":"Produits de beaut\u00e9 pour peau noires et m\u00e9tiss\u00e9","publisher":{"@id":"https:\/\/www.cosmetics-ebene.com\/en\/#organization"},"potentialAction":[{"@type":"SearchAction","target":{"@type":"EntryPoint","urlTemplate":"https:\/\/www.cosmetics-ebene.com\/en\/?s={search_term_string}"},"query-input":{"@type":"PropertyValueSpecification","valueRequired":true,"valueName":"search_term_string"}}],"inLanguage":"en-US"},{"@type":"Organization","@id":"https:\/\/www.cosmetics-ebene.com\/en\/#organization","name":"Sessi","url":"https:\/\/www.cosmetics-ebene.com\/en\/","logo":{"@type":"ImageObject","inLanguage":"en-US","@id":"https:\/\/www.cosmetics-ebene.com\/en\/#\/schema\/logo\/image\/","url":"https:\/\/www.cosmetics-ebene.com\/wp-content\/uploads\/2024\/09\/cosmetics-ebene-logo-1-e1727351533275.png","contentUrl":"https:\/\/www.cosmetics-ebene.com\/wp-content\/uploads\/2024\/09\/cosmetics-ebene-logo-1-e1727351533275.png","width":350,"height":69,"caption":"Sessi"},"image":{"@id":"https:\/\/www.cosmetics-ebene.com\/en\/#\/schema\/logo\/image\/"}}]}},"_links":{"self":[{"href":"https:\/\/www.cosmetics-ebene.com\/en\/wp-json\/wp\/v2\/product\/9516","targetHints":{"allow":["GET"]}}],"collection":[{"href":"https:\/\/www.cosmetics-ebene.com\/en\/wp-json\/wp\/v2\/product"}],"about":[{"href":"https:\/\/www.cosmetics-ebene.com\/en\/wp-json\/wp\/v2\/types\/product"}],"replies":[{"embeddable":true,"href":"https:\/\/www.cosmetics-ebene.com\/en\/wp-json\/wp\/v2\/comments?post=9516"}],"version-history":[{"count":0,"href":"https:\/\/www.cosmetics-ebene.com\/en\/wp-json\/wp\/v2\/product\/9516\/revisions"}],"wp:featuredmedia":[{"embeddable":true,"href":"https:\/\/www.cosmetics-ebene.com\/en\/wp-json\/wp\/v2\/media\/19725"}],"wp:attachment":[{"href":"https:\/\/www.cosmetics-ebene.com\/en\/wp-json\/wp\/v2\/media?parent=9516"}],"wp:term":[{"taxonomy":"product_brand","embeddable":true,"href":"https:\/\/www.cosmetics-ebene.com\/en\/wp-json\/wp\/v2\/product_brand?post=9516"},{"taxonomy":"product_cat","embeddable":true,"href":"https:\/\/www.cosmetics-ebene.com\/en\/wp-json\/wp\/v2\/product_cat?post=9516"},{"taxonomy":"product_tag","embeddable":true,"href":"https:\/\/www.cosmetics-ebene.com\/en\/wp-json\/wp\/v2\/product_tag?post=9516"}],"curies":[{"name":"wp","href":"https:\/\/api.w.org\/{rel}","templated":true}]}}