{"id":9734,"date":"2017-03-28T11:28:34","date_gmt":"2017-03-28T11:28:34","guid":{"rendered":"https:\/\/preprod.cosmetics-ebene.com\/?product=ornika-lotion-tonique-coup-d-eclat"},"modified":"2024-07-11T13:02:12","modified_gmt":"2024-07-11T13:02:12","slug":"ornika-lotion-tonique-coup-d-eclat","status":"publish","type":"product","link":"https:\/\/www.cosmetics-ebene.com\/en\/product\/ornika-lotion-tonique-coup-d-eclat\/","title":{"rendered":"Ornika Radiance Boost Micellar Lotion  250ml"},"content":{"rendered":"<ul>\n<li>\n<ul>\n<li>\n<h2><img decoding=\"async\" src=\"https:\/\/www.cosmetics-ebene.com\/wp-content\/uploads\/content\/icon1.jpg\" alt=\"\" height=\"73\" width=\"69\" \/><span style=\"color:#ff00d3;\">\u00c9labor\u00e9 et mis au point par des\u00a0scientifiques.\u00a0<\/span><\/h2>\n<\/li>\n<\/ul>\n<p>La lotion Coup d&#8217;\u00c9clat Ornika est le bon geste pour \u00e9liminer le maquillage, nettoyer les salet\u00e9s et donner un coup d&#8217;\u00e9clat \u00e0 votre visage. Cette lotion enl\u00e8ve le maximum d&#8217;impuret\u00e9s, comme les pigments et le s\u00e9bum en exc\u00e8s sur la surface de la peau.\u00a0<\/p>\n<ul>\n<li>\n<h2><img decoding=\"async\" src=\"https:\/\/www.cosmetics-ebene.com\/wp-content\/uploads\/content\/icon2.jpg\" alt=\"\" height=\"73\" width=\"69\" \/><span style=\"color:#ff008e;\">Conseils d\u2019utilisations :<\/span><\/h2>\n<p>A\u00a0utiliser\u00a0une ou deux fois par jour sur votre visage \u00e0 l&#8217;aide d&#8217;un coton apr\u00e8s avoir pris votre douche. \u00c9viter le contact avec les yeux. En cas d\u2019irritation cessez l\u2019usage. Ne pas utiliser chez les enfants de moins de 12 ans. Usage externe uniquement\u00a0<\/p>\n<\/li>\n<li>\n<h2><img decoding=\"async\" src=\"https:\/\/www.cosmetics-ebene.com\/wp-content\/uploads\/content\/icon3.jpg\" alt=\"\" height=\"73\" width=\"69\" \/><span style=\"color:#ff008e;\">Composition :\u00a0<\/span><\/h2>\n<\/li>\n<\/ul>\n<p>AQUA (WATER), PEG-7 GLYCERYL COCOATE, BUTYLENE GLYCOL, GLYCERIN, POLOXAMER 188, POLYSORBATE-20, ASCORBIC ACID, HEXYLENE GLYCOL, COCO-GLUCOSIDE, CETRIMONIUM CHLORIDE, MORUS ALBA (MULBERRY) ROOT EXTRACT, DISODIUM COCOAMPHODIACETATE, SODIUM HYDROXIDE, PARFUM (FRAGRANCE), KOJIC ACID, DISODIUM EDTA, SODIUM CHLORIDE, GLYCYRRHIZA GLABRA ROOT EXTRACT, ARCTOSTAPHYLOS UVA URSI LEAF EXTRACT, SCUTELLARIA BAICALENSIS ROOT EXTRACT, SODIUM GLYCOLATE<\/p>\n<\/li>\n<\/ul>\n","protected":false},"excerpt":{"rendered":"<p>La lotion Coup d&#8217;\u00c9clat Ornika est le bon geste pour \u00e9liminer le maquillage, nettoyer les salet\u00e9s et donner un coup d&#8217;\u00e9clat \u00e0 votre visage. Cette lotion enl\u00e8ve le maximum d&#8217;impuret\u00e9s, comme les pigments et le s\u00e9bum en exc\u00e8s sur la surface de la peau.\u00a0<\/p>\n","protected":false},"featured_media":19777,"comment_status":"open","ping_status":"closed","template":"","meta":[],"product_brand":[273],"product_cat":[346,364,368,350,300,412],"product_tag":[],"class_list":{"0":"post-9734","1":"product","2":"type-product","3":"status-publish","4":"has-post-thumbnail","6":"product_brand-ornika","7":"product_cat-body-care-and-face-care","8":"product_cat-cleanser-cleansing-lotion","9":"product_cat-cream-serum-glycerin-and-moisturizing-lotion","10":"product_cat-men","11":"product_cat-ornika-en","12":"product_cat-vente-flash-en","13":"pa_une-marque-ornika-en","16":"instock","17":"taxable","18":"shipping-taxable","19":"purchasable","20":"product-type-simple"},"yoast_head":"<!-- This site is optimized with the Yoast SEO plugin v27.3 - https:\/\/yoast.com\/product\/yoast-seo-wordpress\/ -->\n<title>Lotion Tonique Coup d&#039;Eclat<\/title>\n<meta name=\"description\" content=\"Lotion rafra\u00eechissante pour votre peau qui redonne \u00e0 votre peau une beau teint\" \/>\n<meta name=\"robots\" content=\"index, follow, max-snippet:-1, max-image-preview:large, max-video-preview:-1\" \/>\n<link rel=\"canonical\" href=\"https:\/\/www.cosmetics-ebene.com\/en\/product\/ornika-lotion-tonique-coup-d-eclat\/\" \/>\n<meta property=\"og:locale\" content=\"en_US\" \/>\n<meta property=\"og:type\" content=\"article\" \/>\n<meta property=\"og:title\" content=\"Lotion Tonique Coup d&#039;Eclat\" \/>\n<meta property=\"og:description\" content=\"Lotion rafra\u00eechissante pour votre peau qui redonne \u00e0 votre peau une beau teint\" \/>\n<meta property=\"og:url\" content=\"https:\/\/www.cosmetics-ebene.com\/en\/product\/ornika-lotion-tonique-coup-d-eclat\/\" \/>\n<meta property=\"og:site_name\" content=\"Sessi\" \/>\n<meta property=\"article:modified_time\" content=\"2024-07-11T13:02:12+00:00\" \/>\n<meta property=\"og:image\" content=\"https:\/\/www.cosmetics-ebene.com\/wp-content\/uploads\/2017\/03\/Ornika-Lotion-Micellaire-Site.jpg\" \/>\n\t<meta property=\"og:image:width\" content=\"1080\" \/>\n\t<meta property=\"og:image:height\" content=\"1500\" \/>\n\t<meta property=\"og:image:type\" content=\"image\/jpeg\" \/>\n<meta name=\"twitter:card\" content=\"summary_large_image\" \/>\n<meta name=\"twitter:label1\" content=\"Est. reading time\" \/>\n\t<meta name=\"twitter:data1\" content=\"1 minute\" \/>\n<script type=\"application\/ld+json\" class=\"yoast-schema-graph\">{\"@context\":\"https:\\\/\\\/schema.org\",\"@graph\":[{\"@type\":\"WebPage\",\"@id\":\"https:\\\/\\\/www.cosmetics-ebene.com\\\/en\\\/product\\\/ornika-lotion-tonique-coup-d-eclat\\\/\",\"url\":\"https:\\\/\\\/www.cosmetics-ebene.com\\\/en\\\/product\\\/ornika-lotion-tonique-coup-d-eclat\\\/\",\"name\":\"Lotion Tonique Coup d'Eclat\",\"isPartOf\":{\"@id\":\"https:\\\/\\\/www.cosmetics-ebene.com\\\/en\\\/#website\"},\"primaryImageOfPage\":{\"@id\":\"https:\\\/\\\/www.cosmetics-ebene.com\\\/en\\\/product\\\/ornika-lotion-tonique-coup-d-eclat\\\/#primaryimage\"},\"image\":{\"@id\":\"https:\\\/\\\/www.cosmetics-ebene.com\\\/en\\\/product\\\/ornika-lotion-tonique-coup-d-eclat\\\/#primaryimage\"},\"thumbnailUrl\":\"https:\\\/\\\/www.cosmetics-ebene.com\\\/wp-content\\\/uploads\\\/2017\\\/03\\\/Ornika-Lotion-Micellaire-Site.jpg\",\"datePublished\":\"2017-03-28T11:28:34+00:00\",\"dateModified\":\"2024-07-11T13:02:12+00:00\",\"description\":\"Lotion rafra\u00eechissante pour votre peau qui redonne \u00e0 votre peau une beau teint\",\"breadcrumb\":{\"@id\":\"https:\\\/\\\/www.cosmetics-ebene.com\\\/en\\\/product\\\/ornika-lotion-tonique-coup-d-eclat\\\/#breadcrumb\"},\"inLanguage\":\"en-US\",\"potentialAction\":[{\"@type\":\"ReadAction\",\"target\":[\"https:\\\/\\\/www.cosmetics-ebene.com\\\/en\\\/product\\\/ornika-lotion-tonique-coup-d-eclat\\\/\"]}]},{\"@type\":\"ImageObject\",\"inLanguage\":\"en-US\",\"@id\":\"https:\\\/\\\/www.cosmetics-ebene.com\\\/en\\\/product\\\/ornika-lotion-tonique-coup-d-eclat\\\/#primaryimage\",\"url\":\"https:\\\/\\\/www.cosmetics-ebene.com\\\/wp-content\\\/uploads\\\/2017\\\/03\\\/Ornika-Lotion-Micellaire-Site.jpg\",\"contentUrl\":\"https:\\\/\\\/www.cosmetics-ebene.com\\\/wp-content\\\/uploads\\\/2017\\\/03\\\/Ornika-Lotion-Micellaire-Site.jpg\",\"width\":1080,\"height\":1500},{\"@type\":\"BreadcrumbList\",\"@id\":\"https:\\\/\\\/www.cosmetics-ebene.com\\\/en\\\/product\\\/ornika-lotion-tonique-coup-d-eclat\\\/#breadcrumb\",\"itemListElement\":[{\"@type\":\"ListItem\",\"position\":1,\"name\":\"Home\",\"item\":\"https:\\\/\\\/www.cosmetics-ebene.com\\\/en\\\/\"},{\"@type\":\"ListItem\",\"position\":2,\"name\":\"Shop\",\"item\":\"https:\\\/\\\/www.cosmetics-ebene.com\\\/shop\\\/\"},{\"@type\":\"ListItem\",\"position\":3,\"name\":\"Ornika Radiance Boost Micellar Lotion 250ml\"}]},{\"@type\":\"WebSite\",\"@id\":\"https:\\\/\\\/www.cosmetics-ebene.com\\\/en\\\/#website\",\"url\":\"https:\\\/\\\/www.cosmetics-ebene.com\\\/en\\\/\",\"name\":\"Sessi\",\"description\":\"Produits de beaut\u00e9 pour peau noires et m\u00e9tiss\u00e9\",\"publisher\":{\"@id\":\"https:\\\/\\\/www.cosmetics-ebene.com\\\/en\\\/#organization\"},\"potentialAction\":[{\"@type\":\"SearchAction\",\"target\":{\"@type\":\"EntryPoint\",\"urlTemplate\":\"https:\\\/\\\/www.cosmetics-ebene.com\\\/en\\\/?s={search_term_string}\"},\"query-input\":{\"@type\":\"PropertyValueSpecification\",\"valueRequired\":true,\"valueName\":\"search_term_string\"}}],\"inLanguage\":\"en-US\"},{\"@type\":\"Organization\",\"@id\":\"https:\\\/\\\/www.cosmetics-ebene.com\\\/en\\\/#organization\",\"name\":\"Sessi\",\"url\":\"https:\\\/\\\/www.cosmetics-ebene.com\\\/en\\\/\",\"logo\":{\"@type\":\"ImageObject\",\"inLanguage\":\"en-US\",\"@id\":\"https:\\\/\\\/www.cosmetics-ebene.com\\\/en\\\/#\\\/schema\\\/logo\\\/image\\\/\",\"url\":\"https:\\\/\\\/www.cosmetics-ebene.com\\\/wp-content\\\/uploads\\\/2024\\\/09\\\/cosmetics-ebene-logo-1-e1727351533275.png\",\"contentUrl\":\"https:\\\/\\\/www.cosmetics-ebene.com\\\/wp-content\\\/uploads\\\/2024\\\/09\\\/cosmetics-ebene-logo-1-e1727351533275.png\",\"width\":350,\"height\":69,\"caption\":\"Sessi\"},\"image\":{\"@id\":\"https:\\\/\\\/www.cosmetics-ebene.com\\\/en\\\/#\\\/schema\\\/logo\\\/image\\\/\"}}]}<\/script>\n<!-- \/ Yoast SEO plugin. -->","yoast_head_json":{"title":"Lotion Tonique Coup d'Eclat","description":"Lotion rafra\u00eechissante pour votre peau qui redonne \u00e0 votre peau une beau teint","robots":{"index":"index","follow":"follow","max-snippet":"max-snippet:-1","max-image-preview":"max-image-preview:large","max-video-preview":"max-video-preview:-1"},"canonical":"https:\/\/www.cosmetics-ebene.com\/en\/product\/ornika-lotion-tonique-coup-d-eclat\/","og_locale":"en_US","og_type":"article","og_title":"Lotion Tonique Coup d'Eclat","og_description":"Lotion rafra\u00eechissante pour votre peau qui redonne \u00e0 votre peau une beau teint","og_url":"https:\/\/www.cosmetics-ebene.com\/en\/product\/ornika-lotion-tonique-coup-d-eclat\/","og_site_name":"Sessi","article_modified_time":"2024-07-11T13:02:12+00:00","og_image":[{"width":1080,"height":1500,"url":"https:\/\/www.cosmetics-ebene.com\/wp-content\/uploads\/2017\/03\/Ornika-Lotion-Micellaire-Site.jpg","type":"image\/jpeg"}],"twitter_card":"summary_large_image","twitter_misc":{"Est. reading time":"1 minute"},"schema":{"@context":"https:\/\/schema.org","@graph":[{"@type":"WebPage","@id":"https:\/\/www.cosmetics-ebene.com\/en\/product\/ornika-lotion-tonique-coup-d-eclat\/","url":"https:\/\/www.cosmetics-ebene.com\/en\/product\/ornika-lotion-tonique-coup-d-eclat\/","name":"Lotion Tonique Coup d'Eclat","isPartOf":{"@id":"https:\/\/www.cosmetics-ebene.com\/en\/#website"},"primaryImageOfPage":{"@id":"https:\/\/www.cosmetics-ebene.com\/en\/product\/ornika-lotion-tonique-coup-d-eclat\/#primaryimage"},"image":{"@id":"https:\/\/www.cosmetics-ebene.com\/en\/product\/ornika-lotion-tonique-coup-d-eclat\/#primaryimage"},"thumbnailUrl":"https:\/\/www.cosmetics-ebene.com\/wp-content\/uploads\/2017\/03\/Ornika-Lotion-Micellaire-Site.jpg","datePublished":"2017-03-28T11:28:34+00:00","dateModified":"2024-07-11T13:02:12+00:00","description":"Lotion rafra\u00eechissante pour votre peau qui redonne \u00e0 votre peau une beau teint","breadcrumb":{"@id":"https:\/\/www.cosmetics-ebene.com\/en\/product\/ornika-lotion-tonique-coup-d-eclat\/#breadcrumb"},"inLanguage":"en-US","potentialAction":[{"@type":"ReadAction","target":["https:\/\/www.cosmetics-ebene.com\/en\/product\/ornika-lotion-tonique-coup-d-eclat\/"]}]},{"@type":"ImageObject","inLanguage":"en-US","@id":"https:\/\/www.cosmetics-ebene.com\/en\/product\/ornika-lotion-tonique-coup-d-eclat\/#primaryimage","url":"https:\/\/www.cosmetics-ebene.com\/wp-content\/uploads\/2017\/03\/Ornika-Lotion-Micellaire-Site.jpg","contentUrl":"https:\/\/www.cosmetics-ebene.com\/wp-content\/uploads\/2017\/03\/Ornika-Lotion-Micellaire-Site.jpg","width":1080,"height":1500},{"@type":"BreadcrumbList","@id":"https:\/\/www.cosmetics-ebene.com\/en\/product\/ornika-lotion-tonique-coup-d-eclat\/#breadcrumb","itemListElement":[{"@type":"ListItem","position":1,"name":"Home","item":"https:\/\/www.cosmetics-ebene.com\/en\/"},{"@type":"ListItem","position":2,"name":"Shop","item":"https:\/\/www.cosmetics-ebene.com\/shop\/"},{"@type":"ListItem","position":3,"name":"Ornika Radiance Boost Micellar Lotion 250ml"}]},{"@type":"WebSite","@id":"https:\/\/www.cosmetics-ebene.com\/en\/#website","url":"https:\/\/www.cosmetics-ebene.com\/en\/","name":"Sessi","description":"Produits de beaut\u00e9 pour peau noires et m\u00e9tiss\u00e9","publisher":{"@id":"https:\/\/www.cosmetics-ebene.com\/en\/#organization"},"potentialAction":[{"@type":"SearchAction","target":{"@type":"EntryPoint","urlTemplate":"https:\/\/www.cosmetics-ebene.com\/en\/?s={search_term_string}"},"query-input":{"@type":"PropertyValueSpecification","valueRequired":true,"valueName":"search_term_string"}}],"inLanguage":"en-US"},{"@type":"Organization","@id":"https:\/\/www.cosmetics-ebene.com\/en\/#organization","name":"Sessi","url":"https:\/\/www.cosmetics-ebene.com\/en\/","logo":{"@type":"ImageObject","inLanguage":"en-US","@id":"https:\/\/www.cosmetics-ebene.com\/en\/#\/schema\/logo\/image\/","url":"https:\/\/www.cosmetics-ebene.com\/wp-content\/uploads\/2024\/09\/cosmetics-ebene-logo-1-e1727351533275.png","contentUrl":"https:\/\/www.cosmetics-ebene.com\/wp-content\/uploads\/2024\/09\/cosmetics-ebene-logo-1-e1727351533275.png","width":350,"height":69,"caption":"Sessi"},"image":{"@id":"https:\/\/www.cosmetics-ebene.com\/en\/#\/schema\/logo\/image\/"}}]}},"_links":{"self":[{"href":"https:\/\/www.cosmetics-ebene.com\/en\/wp-json\/wp\/v2\/product\/9734","targetHints":{"allow":["GET"]}}],"collection":[{"href":"https:\/\/www.cosmetics-ebene.com\/en\/wp-json\/wp\/v2\/product"}],"about":[{"href":"https:\/\/www.cosmetics-ebene.com\/en\/wp-json\/wp\/v2\/types\/product"}],"replies":[{"embeddable":true,"href":"https:\/\/www.cosmetics-ebene.com\/en\/wp-json\/wp\/v2\/comments?post=9734"}],"version-history":[{"count":0,"href":"https:\/\/www.cosmetics-ebene.com\/en\/wp-json\/wp\/v2\/product\/9734\/revisions"}],"wp:featuredmedia":[{"embeddable":true,"href":"https:\/\/www.cosmetics-ebene.com\/en\/wp-json\/wp\/v2\/media\/19777"}],"wp:attachment":[{"href":"https:\/\/www.cosmetics-ebene.com\/en\/wp-json\/wp\/v2\/media?parent=9734"}],"wp:term":[{"taxonomy":"product_brand","embeddable":true,"href":"https:\/\/www.cosmetics-ebene.com\/en\/wp-json\/wp\/v2\/product_brand?post=9734"},{"taxonomy":"product_cat","embeddable":true,"href":"https:\/\/www.cosmetics-ebene.com\/en\/wp-json\/wp\/v2\/product_cat?post=9734"},{"taxonomy":"product_tag","embeddable":true,"href":"https:\/\/www.cosmetics-ebene.com\/en\/wp-json\/wp\/v2\/product_tag?post=9734"}],"curies":[{"name":"wp","href":"https:\/\/api.w.org\/{rel}","templated":true}]}}