{"id":9794,"date":"2017-07-11T18:30:06","date_gmt":"2017-07-11T18:30:06","guid":{"rendered":"https:\/\/preprod.cosmetics-ebene.com\/?product=first-lady-huile-capillaire-d-olive"},"modified":"2020-08-10T16:03:47","modified_gmt":"2020-08-10T16:03:47","slug":"first-lady-huile-capillaire-d-olive","status":"publish","type":"product","link":"https:\/\/www.cosmetics-ebene.com\/en\/product\/first-lady-huile-capillaire-d-olive\/","title":{"rendered":"First Lady Huile capillaire d&#8217;Olive"},"content":{"rendered":"<p>L&#8217;huile d&#8217;Olive First Lady est excellente pour les cheveux afro r\u00eaches et secs. En appliquant r\u00e9guli\u00e8rement l&#8217;huile d&#8217;Olive First Lady sur vos cheveux vous obtiendrez une chevelure brillante de sant\u00e9. L&#8217;huile capillaire First Lady \u00e0 l&#8217;Olive nourrit vos cheveux en profondeur pour un r\u00e9sultat visible d\u00e8s la premi\u00e8re application.<\/p>\n<h2>Nourrissez et Hydratez vos cheveux cr\u00e9pus r\u00eaches ou secs avec l&#8217;huile d&#8217;Olive First Lady pour une chevelure soyante et brillante de sant\u00e9.<\/h2>\n<p>Pour respecter et entretenir la brillance de vos cheveux cr\u00e9pus, l&#8217;huile d&#8217;Olive First Lady est un r\u00e9v\u00e9lateur d\u2019\u00e9clat. Non gras, il nourrit et restaure l\u2019hydratation des cheveux dess\u00e8ch\u00e9s. Riche en vitamines E et diff\u00e9rents extraits botaniques,\u00a0notre huile d\u2019Olive First Lady redonne vitalit\u00e9 et brillance \u00e0 vos chevelure pour des cheveux plus sains et plus longs.<\/p>\n<\/p>\n<p><strong>Conseil d&#8217;utilisation:<br \/>Appliquez sur cheveux secs ou humides\u00a0 deux fois par semaine. R\u00e8sultat garantie d\u00e8s la premi\u00e8re semaine d&#8217;utilisation. Cette huile est la solution pour tous cheveux Afro cr\u00e9pus ou boucl\u00e9s dess\u00e8ch\u00e9s<\/strong><\/p>\n","protected":false},"excerpt":{"rendered":"<p>Nutrition + Hydratation, c&#8217;est le duo gagnant de l&#8217;huile d&#8217;Olive First Lady pour cheveux afro cr\u00e9pus r\u00eaches ou secs<br \/>\nOffrez vous un bain d&#8217;huile ultra-nourrissant avec l&#8217;huile capillaire First Lady \u00e0 l&#8217;huile d&#8217;olive.<br \/>\nL&#8217;Huile d&#8217;Olive First Lady pour capillaire adoucit naturellement les cheveux r\u00eaches et nourrit les \u00e9cailles fragilis\u00e9s des cheveux.<\/p>\n","protected":false},"featured_media":9792,"comment_status":"open","ping_status":"closed","template":"","meta":[],"product_brand":[279],"product_cat":[336,348,386],"product_tag":[525,526,527],"class_list":{"0":"post-9794","1":"product","2":"type-product","3":"status-publish","4":"has-post-thumbnail","6":"product_brand-first-lady","7":"product_cat-first-lady-en","8":"product_cat-hair","9":"product_cat-traitement-soins-capillaire-en","10":"product_tag-huile-cappilaire-nourrissante-po-en","11":"product_tag-huile-nourrissante-pour-cheveux-en","12":"product_tag-huile-pour-cheveux-secs-en","13":"pa_je-suis-toutes-categories-confondues-en","14":"pa_un-produit-pour-les-cheveux-en","15":"pa_une-marque-first-lady-en","16":"pa_une-solution-pour-cheveux-jai-les-cheveux-secs-et-ternes-en","19":"instock","20":"taxable","21":"shipping-taxable","22":"purchasable","23":"product-type-simple"},"yoast_head":"<!-- This site is optimized with the Yoast SEO plugin v27.3 - https:\/\/yoast.com\/product\/yoast-seo-wordpress\/ -->\n<title>Huile d&#039;Olive First Lady - 50 ml<\/title>\n<meta name=\"description\" content=\"L&#039;huile d&#039;Olive First Lady soin capillaire pour cheveux afro r\u00eaches et secs. C&#039;est une huile nourrissante sp\u00e9ciale pour toute chevelure cr\u00e9pu ou fris\u00e9.\" \/>\n<meta name=\"robots\" content=\"index, follow, max-snippet:-1, max-image-preview:large, max-video-preview:-1\" \/>\n<link rel=\"canonical\" href=\"https:\/\/www.cosmetics-ebene.com\/en\/product\/first-lady-huile-capillaire-d-olive\/\" \/>\n<meta property=\"og:locale\" content=\"en_US\" \/>\n<meta property=\"og:type\" content=\"article\" \/>\n<meta property=\"og:title\" content=\"Huile d&#039;Olive First Lady - 50 ml\" \/>\n<meta property=\"og:description\" content=\"L&#039;huile d&#039;Olive First Lady soin capillaire pour cheveux afro r\u00eaches et secs. C&#039;est une huile nourrissante sp\u00e9ciale pour toute chevelure cr\u00e9pu ou fris\u00e9.\" \/>\n<meta property=\"og:url\" content=\"https:\/\/www.cosmetics-ebene.com\/en\/product\/first-lady-huile-capillaire-d-olive\/\" \/>\n<meta property=\"og:site_name\" content=\"Sessi\" \/>\n<meta property=\"article:modified_time\" content=\"2020-08-10T16:03:47+00:00\" \/>\n<meta property=\"og:image\" content=\"https:\/\/www.cosmetics-ebene.com\/wp-content\/uploads\/2024\/09\/439.jpg\" \/>\n\t<meta property=\"og:image:width\" content=\"797\" \/>\n\t<meta property=\"og:image:height\" content=\"805\" \/>\n\t<meta property=\"og:image:type\" content=\"image\/jpeg\" \/>\n<meta name=\"twitter:card\" content=\"summary_large_image\" \/>\n<meta name=\"twitter:label1\" content=\"Est. reading time\" \/>\n\t<meta name=\"twitter:data1\" content=\"1 minute\" \/>\n<script type=\"application\/ld+json\" class=\"yoast-schema-graph\">{\"@context\":\"https:\\\/\\\/schema.org\",\"@graph\":[{\"@type\":\"WebPage\",\"@id\":\"https:\\\/\\\/www.cosmetics-ebene.com\\\/en\\\/product\\\/first-lady-huile-capillaire-d-olive\\\/\",\"url\":\"https:\\\/\\\/www.cosmetics-ebene.com\\\/en\\\/product\\\/first-lady-huile-capillaire-d-olive\\\/\",\"name\":\"Huile d'Olive First Lady - 50 ml\",\"isPartOf\":{\"@id\":\"https:\\\/\\\/www.cosmetics-ebene.com\\\/en\\\/#website\"},\"primaryImageOfPage\":{\"@id\":\"https:\\\/\\\/www.cosmetics-ebene.com\\\/en\\\/product\\\/first-lady-huile-capillaire-d-olive\\\/#primaryimage\"},\"image\":{\"@id\":\"https:\\\/\\\/www.cosmetics-ebene.com\\\/en\\\/product\\\/first-lady-huile-capillaire-d-olive\\\/#primaryimage\"},\"thumbnailUrl\":\"https:\\\/\\\/www.cosmetics-ebene.com\\\/wp-content\\\/uploads\\\/2024\\\/09\\\/439.jpg\",\"datePublished\":\"2017-07-11T18:30:06+00:00\",\"dateModified\":\"2020-08-10T16:03:47+00:00\",\"description\":\"L'huile d'Olive First Lady soin capillaire pour cheveux afro r\u00eaches et secs. C'est une huile nourrissante sp\u00e9ciale pour toute chevelure cr\u00e9pu ou fris\u00e9.\",\"breadcrumb\":{\"@id\":\"https:\\\/\\\/www.cosmetics-ebene.com\\\/en\\\/product\\\/first-lady-huile-capillaire-d-olive\\\/#breadcrumb\"},\"inLanguage\":\"en-US\",\"potentialAction\":[{\"@type\":\"ReadAction\",\"target\":[\"https:\\\/\\\/www.cosmetics-ebene.com\\\/en\\\/product\\\/first-lady-huile-capillaire-d-olive\\\/\"]}]},{\"@type\":\"ImageObject\",\"inLanguage\":\"en-US\",\"@id\":\"https:\\\/\\\/www.cosmetics-ebene.com\\\/en\\\/product\\\/first-lady-huile-capillaire-d-olive\\\/#primaryimage\",\"url\":\"https:\\\/\\\/www.cosmetics-ebene.com\\\/wp-content\\\/uploads\\\/2024\\\/09\\\/439.jpg\",\"contentUrl\":\"https:\\\/\\\/www.cosmetics-ebene.com\\\/wp-content\\\/uploads\\\/2024\\\/09\\\/439.jpg\",\"width\":797,\"height\":805,\"caption\":\"First Lady Huile capillaire d'Olive\"},{\"@type\":\"BreadcrumbList\",\"@id\":\"https:\\\/\\\/www.cosmetics-ebene.com\\\/en\\\/product\\\/first-lady-huile-capillaire-d-olive\\\/#breadcrumb\",\"itemListElement\":[{\"@type\":\"ListItem\",\"position\":1,\"name\":\"Home\",\"item\":\"https:\\\/\\\/www.cosmetics-ebene.com\\\/en\\\/\"},{\"@type\":\"ListItem\",\"position\":2,\"name\":\"Shop\",\"item\":\"https:\\\/\\\/www.cosmetics-ebene.com\\\/shop\\\/\"},{\"@type\":\"ListItem\",\"position\":3,\"name\":\"First Lady Huile capillaire d&#8217;Olive\"}]},{\"@type\":\"WebSite\",\"@id\":\"https:\\\/\\\/www.cosmetics-ebene.com\\\/en\\\/#website\",\"url\":\"https:\\\/\\\/www.cosmetics-ebene.com\\\/en\\\/\",\"name\":\"Sessi\",\"description\":\"Produits de beaut\u00e9 pour peau noires et m\u00e9tiss\u00e9\",\"publisher\":{\"@id\":\"https:\\\/\\\/www.cosmetics-ebene.com\\\/en\\\/#organization\"},\"potentialAction\":[{\"@type\":\"SearchAction\",\"target\":{\"@type\":\"EntryPoint\",\"urlTemplate\":\"https:\\\/\\\/www.cosmetics-ebene.com\\\/en\\\/?s={search_term_string}\"},\"query-input\":{\"@type\":\"PropertyValueSpecification\",\"valueRequired\":true,\"valueName\":\"search_term_string\"}}],\"inLanguage\":\"en-US\"},{\"@type\":\"Organization\",\"@id\":\"https:\\\/\\\/www.cosmetics-ebene.com\\\/en\\\/#organization\",\"name\":\"Sessi\",\"url\":\"https:\\\/\\\/www.cosmetics-ebene.com\\\/en\\\/\",\"logo\":{\"@type\":\"ImageObject\",\"inLanguage\":\"en-US\",\"@id\":\"https:\\\/\\\/www.cosmetics-ebene.com\\\/en\\\/#\\\/schema\\\/logo\\\/image\\\/\",\"url\":\"https:\\\/\\\/www.cosmetics-ebene.com\\\/wp-content\\\/uploads\\\/2024\\\/09\\\/cosmetics-ebene-logo-1-e1727351533275.png\",\"contentUrl\":\"https:\\\/\\\/www.cosmetics-ebene.com\\\/wp-content\\\/uploads\\\/2024\\\/09\\\/cosmetics-ebene-logo-1-e1727351533275.png\",\"width\":350,\"height\":69,\"caption\":\"Sessi\"},\"image\":{\"@id\":\"https:\\\/\\\/www.cosmetics-ebene.com\\\/en\\\/#\\\/schema\\\/logo\\\/image\\\/\"}}]}<\/script>\n<!-- \/ Yoast SEO plugin. -->","yoast_head_json":{"title":"Huile d'Olive First Lady - 50 ml","description":"L'huile d'Olive First Lady soin capillaire pour cheveux afro r\u00eaches et secs. C'est une huile nourrissante sp\u00e9ciale pour toute chevelure cr\u00e9pu ou fris\u00e9.","robots":{"index":"index","follow":"follow","max-snippet":"max-snippet:-1","max-image-preview":"max-image-preview:large","max-video-preview":"max-video-preview:-1"},"canonical":"https:\/\/www.cosmetics-ebene.com\/en\/product\/first-lady-huile-capillaire-d-olive\/","og_locale":"en_US","og_type":"article","og_title":"Huile d'Olive First Lady - 50 ml","og_description":"L'huile d'Olive First Lady soin capillaire pour cheveux afro r\u00eaches et secs. C'est une huile nourrissante sp\u00e9ciale pour toute chevelure cr\u00e9pu ou fris\u00e9.","og_url":"https:\/\/www.cosmetics-ebene.com\/en\/product\/first-lady-huile-capillaire-d-olive\/","og_site_name":"Sessi","article_modified_time":"2020-08-10T16:03:47+00:00","og_image":[{"width":797,"height":805,"url":"https:\/\/www.cosmetics-ebene.com\/wp-content\/uploads\/2024\/09\/439.jpg","type":"image\/jpeg"}],"twitter_card":"summary_large_image","twitter_misc":{"Est. reading time":"1 minute"},"schema":{"@context":"https:\/\/schema.org","@graph":[{"@type":"WebPage","@id":"https:\/\/www.cosmetics-ebene.com\/en\/product\/first-lady-huile-capillaire-d-olive\/","url":"https:\/\/www.cosmetics-ebene.com\/en\/product\/first-lady-huile-capillaire-d-olive\/","name":"Huile d'Olive First Lady - 50 ml","isPartOf":{"@id":"https:\/\/www.cosmetics-ebene.com\/en\/#website"},"primaryImageOfPage":{"@id":"https:\/\/www.cosmetics-ebene.com\/en\/product\/first-lady-huile-capillaire-d-olive\/#primaryimage"},"image":{"@id":"https:\/\/www.cosmetics-ebene.com\/en\/product\/first-lady-huile-capillaire-d-olive\/#primaryimage"},"thumbnailUrl":"https:\/\/www.cosmetics-ebene.com\/wp-content\/uploads\/2024\/09\/439.jpg","datePublished":"2017-07-11T18:30:06+00:00","dateModified":"2020-08-10T16:03:47+00:00","description":"L'huile d'Olive First Lady soin capillaire pour cheveux afro r\u00eaches et secs. C'est une huile nourrissante sp\u00e9ciale pour toute chevelure cr\u00e9pu ou fris\u00e9.","breadcrumb":{"@id":"https:\/\/www.cosmetics-ebene.com\/en\/product\/first-lady-huile-capillaire-d-olive\/#breadcrumb"},"inLanguage":"en-US","potentialAction":[{"@type":"ReadAction","target":["https:\/\/www.cosmetics-ebene.com\/en\/product\/first-lady-huile-capillaire-d-olive\/"]}]},{"@type":"ImageObject","inLanguage":"en-US","@id":"https:\/\/www.cosmetics-ebene.com\/en\/product\/first-lady-huile-capillaire-d-olive\/#primaryimage","url":"https:\/\/www.cosmetics-ebene.com\/wp-content\/uploads\/2024\/09\/439.jpg","contentUrl":"https:\/\/www.cosmetics-ebene.com\/wp-content\/uploads\/2024\/09\/439.jpg","width":797,"height":805,"caption":"First Lady Huile capillaire d'Olive"},{"@type":"BreadcrumbList","@id":"https:\/\/www.cosmetics-ebene.com\/en\/product\/first-lady-huile-capillaire-d-olive\/#breadcrumb","itemListElement":[{"@type":"ListItem","position":1,"name":"Home","item":"https:\/\/www.cosmetics-ebene.com\/en\/"},{"@type":"ListItem","position":2,"name":"Shop","item":"https:\/\/www.cosmetics-ebene.com\/shop\/"},{"@type":"ListItem","position":3,"name":"First Lady Huile capillaire d&#8217;Olive"}]},{"@type":"WebSite","@id":"https:\/\/www.cosmetics-ebene.com\/en\/#website","url":"https:\/\/www.cosmetics-ebene.com\/en\/","name":"Sessi","description":"Produits de beaut\u00e9 pour peau noires et m\u00e9tiss\u00e9","publisher":{"@id":"https:\/\/www.cosmetics-ebene.com\/en\/#organization"},"potentialAction":[{"@type":"SearchAction","target":{"@type":"EntryPoint","urlTemplate":"https:\/\/www.cosmetics-ebene.com\/en\/?s={search_term_string}"},"query-input":{"@type":"PropertyValueSpecification","valueRequired":true,"valueName":"search_term_string"}}],"inLanguage":"en-US"},{"@type":"Organization","@id":"https:\/\/www.cosmetics-ebene.com\/en\/#organization","name":"Sessi","url":"https:\/\/www.cosmetics-ebene.com\/en\/","logo":{"@type":"ImageObject","inLanguage":"en-US","@id":"https:\/\/www.cosmetics-ebene.com\/en\/#\/schema\/logo\/image\/","url":"https:\/\/www.cosmetics-ebene.com\/wp-content\/uploads\/2024\/09\/cosmetics-ebene-logo-1-e1727351533275.png","contentUrl":"https:\/\/www.cosmetics-ebene.com\/wp-content\/uploads\/2024\/09\/cosmetics-ebene-logo-1-e1727351533275.png","width":350,"height":69,"caption":"Sessi"},"image":{"@id":"https:\/\/www.cosmetics-ebene.com\/en\/#\/schema\/logo\/image\/"}}]}},"_links":{"self":[{"href":"https:\/\/www.cosmetics-ebene.com\/en\/wp-json\/wp\/v2\/product\/9794","targetHints":{"allow":["GET"]}}],"collection":[{"href":"https:\/\/www.cosmetics-ebene.com\/en\/wp-json\/wp\/v2\/product"}],"about":[{"href":"https:\/\/www.cosmetics-ebene.com\/en\/wp-json\/wp\/v2\/types\/product"}],"replies":[{"embeddable":true,"href":"https:\/\/www.cosmetics-ebene.com\/en\/wp-json\/wp\/v2\/comments?post=9794"}],"version-history":[{"count":0,"href":"https:\/\/www.cosmetics-ebene.com\/en\/wp-json\/wp\/v2\/product\/9794\/revisions"}],"wp:featuredmedia":[{"embeddable":true,"href":"https:\/\/www.cosmetics-ebene.com\/en\/wp-json\/wp\/v2\/media\/9792"}],"wp:attachment":[{"href":"https:\/\/www.cosmetics-ebene.com\/en\/wp-json\/wp\/v2\/media?parent=9794"}],"wp:term":[{"taxonomy":"product_brand","embeddable":true,"href":"https:\/\/www.cosmetics-ebene.com\/en\/wp-json\/wp\/v2\/product_brand?post=9794"},{"taxonomy":"product_cat","embeddable":true,"href":"https:\/\/www.cosmetics-ebene.com\/en\/wp-json\/wp\/v2\/product_cat?post=9794"},{"taxonomy":"product_tag","embeddable":true,"href":"https:\/\/www.cosmetics-ebene.com\/en\/wp-json\/wp\/v2\/product_tag?post=9794"}],"curies":[{"name":"wp","href":"https:\/\/api.w.org\/{rel}","templated":true}]}}